{"id":9153,"date":"2025-06-02T19:02:29","date_gmt":"2025-06-02T11:02:29","guid":{"rendered":"https:\/\/www.yunkuntech.com\/?post_type=product&#038;p=9153"},"modified":"2025-06-02T19:08:06","modified_gmt":"2025-06-02T11:08:06","slug":"multi-functional-wireless-ceiling-fan-outdoor-camping-small-fan-led-night-light-tent-fan-with-mosquito-repellent-storage-box","status":"publish","type":"product","link":"https:\/\/www.yunkuntech.com\/pt\/product\/multi-functional-wireless-ceiling-fan-outdoor-camping-small-fan-led-night-light-tent-fan-with-mosquito-repellent-storage-box\/","title":{"rendered":"Ventilador de teto sem fios multifuncional para campismo exterior Ventilador pequeno com luz nocturna LED para tenda com caixa de armazenamento repelente de mosquitos"},"content":{"rendered":"<h1 title=\"Ventilador de teto sem fios multifuncional para campismo exterior Ventilador pequeno com luz nocturna LED para tenda com caixa de armazenamento repelente de mosquitos\">Ventilador de teto sem fios multifuncional para campismo exterior Ventilador pequeno com luz nocturna LED para tenda com caixa de armazenamento repelente de mosquitos<\/h1>\n<h2 id=\"key-attributes\" class=\"id-text-xl id-font-bold\" data-spm-anchor-id=\"a2700.details.0.i83.5dac4eadXeEy0h\">Principais atributos<\/h2>\n<div class=\"\">\n<div class=\"\">\n<div class=\"id-grid id-grid-cols-2 id-border-[0.5px] id-border-[#ddd] id-mt-3\">\n<div class=\"id-grid id-max-h-[68px] id-overflow-hidden id-grid-cols-[2fr_3fr] id-border-b-[0.5px] id-border-[#ddd]\">\n<div class=\"id-text-sm id-p-4 id-bg-[#f8f8f8] id-flex id-items-center\" title=\"servi\u00e7o p\u00f3s-venda prestado\">\n<div class=\"id-line-clamp-2 id-leading-[18px]\">servi\u00e7o p\u00f3s-venda fornecido: Devolu\u00e7\u00e3o e substitui\u00e7\u00e3o<\/div>\n<\/div>\n<\/div>\n<div class=\"id-grid id-max-h-[68px] id-overflow-hidden id-grid-cols-[2fr_3fr] id-border-b-[0.5px] id-border-[#ddd]\">\n<div class=\"id-text-sm id-p-4 id-bg-[#f8f8f8] id-flex id-items-center\" title=\"garantia\">\n<div class=\"id-line-clamp-2 id-leading-[18px]\">garantia\uff1a1 ano<\/div>\n<\/div>\n<\/div>\n<div class=\"id-grid id-max-h-[68px] id-overflow-hidden id-grid-cols-[2fr_3fr] id-border-b-[0.5px] id-border-[#ddd]\">\n<div class=\"id-text-sm id-p-4 id-bg-[#f8f8f8] id-flex id-items-center\" title=\"pot\u00eancia (w)\">\n<div class=\"id-line-clamp-2 id-leading-[18px]\">pot\u00eancia (w)\uff1a5W<\/div>\n<\/div>\n<\/div>\n<div class=\"id-grid id-max-h-[68px] id-overflow-hidden id-grid-cols-[2fr_3fr] id-border-b-[0.5px] id-border-[#ddd]\">\n<div class=\"id-text-sm id-p-4 id-bg-[#f8f8f8] id-flex id-items-center\" title=\"Instala\u00e7\u00e3o\">\n<div class=\"id-line-clamp-2 id-leading-[18px]\">Instala\u00e7\u00e3o\uff1afixa<\/div>\n<\/div>\n<\/div>\n<div class=\"id-grid id-max-h-[68px] id-overflow-hidden id-grid-cols-[2fr_3fr] id-border-b-[0.5px] id-border-[#ddd]\">\n<div class=\"id-text-sm id-p-4 id-bg-[#f8f8f8] id-flex id-items-center\" title=\"tipo\">\n<div class=\"id-line-clamp-2 id-leading-[18px]\">tipo\uff1aPort\u00e1til<\/div>\n<\/div>\n<\/div>\n<div class=\"id-grid id-max-h-[68px] id-overflow-hidden id-grid-cols-[2fr_3fr] id-border-b-[0.5px] id-border-[#ddd]\">\n<div class=\"id-text-sm id-p-4 id-bg-[#f8f8f8] id-flex id-items-center\" title=\"tipo de pot\u00eancia\">\n<div class=\"id-line-clamp-2 id-leading-[18px]\">tipo de alimenta\u00e7\u00e3o\uff1aDC<\/div>\n<\/div>\n<\/div>\n<div class=\"id-grid id-max-h-[68px] id-overflow-hidden id-grid-cols-[2fr_3fr] id-border-b-[0.5px] id-border-[#ddd]\">\n<div class=\"id-text-sm id-p-4 id-bg-[#f8f8f8] id-flex id-items-center\" title=\"Controlo\">\n<div class=\"id-line-clamp-2 id-leading-[18px]\">Controlo\uff1aControlo remoto<\/div>\n<\/div>\n<\/div>\n<div class=\"id-grid id-max-h-[68px] id-overflow-hidden id-grid-cols-[2fr_3fr] id-border-b-[0.5px] id-border-[#ddd]\">\n<div class=\"id-text-sm id-p-4 id-bg-[#f8f8f8] id-flex id-items-center\" title=\"Velocidade do ventilador\">\n<div class=\"id-line-clamp-2 id-leading-[18px]\">Velocidade da ventoinha\uff1a4 velocidades<\/div>\n<\/div>\n<\/div>\n<div class=\"id-grid id-max-h-[68px] id-overflow-hidden id-grid-cols-[2fr_3fr] id-border-b-[0.5px] id-border-[#ddd]\">\n<div class=\"id-text-sm id-p-4 id-bg-[#f8f8f8] id-flex id-items-center\" title=\"Material\">\n<div class=\"id-line-clamp-2 id-leading-[18px]\">Material\uff1aPl\u00e1stico<\/div>\n<\/div>\n<\/div>\n<div class=\"id-grid id-max-h-[68px] id-overflow-hidden id-grid-cols-[2fr_3fr] id-border-b-[0.5px] id-border-[#ddd]\">\n<div class=\"id-text-sm id-p-4 id-bg-[#f8f8f8] id-flex id-items-center\" title=\"controlado por aplica\u00e7\u00f5es\">\n<div class=\"id-line-clamp-2 id-leading-[18px]\">controlado por aplica\u00e7\u00f5es\uff1aNO<\/div>\n<\/div>\n<\/div>\n<div class=\"id-grid id-max-h-[68px] id-overflow-hidden id-grid-cols-[2fr_3fr] id-border-b-[0.5px] id-border-[#ddd]\">\n<div class=\"id-text-sm id-p-4 id-bg-[#f8f8f8] id-flex id-items-center\" title=\"carater\u00edstica\">\n<div class=\"id-line-clamp-2 id-leading-[18px]\">carater\u00edstica\uff1aControlo remoto<\/div>\n<\/div>\n<\/div>\n<div class=\"id-grid id-max-h-[68px] id-overflow-hidden id-grid-cols-[2fr_3fr] id-border-b-[0.5px] id-border-[#ddd]\">\n<div class=\"id-text-sm id-p-4 id-bg-[#f8f8f8] id-flex id-items-center\" title=\"local de origem\">\n<div class=\"id-line-clamp-2 id-leading-[18px]\">Local de origem\uff1aGuangdong, China<\/div>\n<\/div>\n<\/div>\n<div class=\"id-grid id-max-h-[68px] id-overflow-hidden id-grid-cols-[2fr_3fr] id-border-b-[0.5px] id-border-[#ddd]\">\n<div class=\"id-text-sm id-p-4 id-bg-[#f8f8f8] id-flex id-items-center\" title=\"aplica\u00e7\u00e3o\">\n<div class=\"id-line-clamp-2 id-leading-[18px]\">aplica\u00e7\u00e3o\uff1aHotel, Exterior, Dom\u00e9stico<\/div>\n<\/div>\n<\/div>\n<div class=\"id-grid id-max-h-[68px] id-overflow-hidden id-grid-cols-[2fr_3fr] id-border-b-[0.5px] id-border-[#ddd]\">\n<div class=\"id-text-sm id-p-4 id-bg-[#f8f8f8] id-flex id-items-center\" title=\"fonte de energia\">\n<div class=\"id-line-clamp-2 id-leading-[18px]\">fonte de alimenta\u00e7\u00e3o\uff1ausb<\/div>\n<\/div>\n<\/div>\n<div class=\"id-grid id-max-h-[68px] id-overflow-hidden id-grid-cols-[2fr_3fr] id-border-b-[0.5px] id-border-[#ddd]\">\n<div class=\"id-text-sm id-p-4 id-bg-[#f8f8f8] id-flex id-items-center\" title=\"dimens\u00f5es (l x w x h (polegadas))\">\n<div class=\"id-line-clamp-2 id-leading-[18px]\">dimens\u00f5es (l x w x h (polegadas))\uff1a 14,5*12*10cm<\/div>\n<\/div>\n<\/div>\n<div class=\"id-grid id-max-h-[68px] id-overflow-hidden id-grid-cols-[2fr_3fr] id-border-b-[0.5px] id-border-[#ddd]\">\n<div class=\"id-text-sm id-p-4 id-bg-[#f8f8f8] id-flex id-items-center\" title=\"l\u00edngua de funcionamento\">\n<div class=\"id-line-clamp-2 id-leading-[18px]\">L\u00edngua de funcionamento\uff1aIngl\u00eas<\/div>\n<\/div>\n<\/div>\n<div class=\"id-grid id-max-h-[68px] id-overflow-hidden id-grid-cols-[2fr_3fr] id-border-b-[0.5px] id-border-[#ddd]\">\n<div class=\"id-text-sm id-p-4 id-bg-[#f8f8f8] id-flex id-items-center\" title=\"log\u00f3tipo\/padr\u00e3o\">\n<div class=\"id-line-clamp-2 id-leading-[18px]\">log\u00f3tipo\/padr\u00e3o:Impress\u00e3o serigr\u00e1fica, Impress\u00e3o a laser<\/div>\n<\/div>\n<\/div>\n<div class=\"id-grid id-max-h-[68px] id-overflow-hidden id-grid-cols-[2fr_3fr] id-border-b-[0.5px] id-border-[#ddd]\">\n<div class=\"id-text-sm id-p-4 id-bg-[#f8f8f8] id-flex id-items-center\" title=\"tipos de embalagem\">\n<div class=\"id-line-clamp-2 id-leading-[18px]\">tipos de embalagem\uff1aCaixa (cor)<\/div>\n<\/div>\n<\/div>\n<div class=\"id-grid id-max-h-[68px] id-overflow-hidden id-grid-cols-[2fr_3fr] id-border-b-[0.5px] id-border-[#ddd]\">\n<div class=\"id-text-sm id-p-4 id-bg-[#f8f8f8] id-flex id-items-center\" title=\"Nome do produto\">\n<div class=\"id-line-clamp-2 id-leading-[18px]\">Nome do produto<\/div>\n<\/div>\n<div class=\"id-text-sm id-font-medium id-p-4 id-flex id-items-center id-flex-wrap\" title=\"Ventilador de teto port\u00e1til\">\n<div class=\"id-line-clamp-2 id-leading-[18px]\">Cor\uff1aBranco,Bege<\/div>\n<\/div>\n<\/div>\n<div class=\"id-grid id-max-h-[68px] id-overflow-hidden id-grid-cols-[2fr_3fr] id-border-b-[0.5px] id-border-[#ddd]\">\n<div class=\"id-text-sm id-font-medium id-p-4 id-flex id-items-center id-flex-wrap\" title=\"Branco,Bege\">\n<div class=\"id-line-clamp-2 id-leading-[18px]\">Material\uff1aABS + PP + Componentes electr\u00f3nicos<\/div>\n<\/div>\n<\/div>\n<div class=\"id-grid id-max-h-[68px] id-overflow-hidden id-grid-cols-[2fr_3fr] id-border-b-[0.5px] id-border-[#ddd]\">\n<div class=\"id-text-sm id-p-4 id-bg-[#f8f8f8] id-flex id-items-center\" title=\"Tamanho do produto\">\n<div class=\"id-line-clamp-2 id-leading-[18px]\">Tamanho do produto\uff1a83*280*83mm<\/div>\n<\/div>\n<\/div>\n<div class=\"id-grid id-max-h-[68px] id-overflow-hidden id-grid-cols-[2fr_3fr] id-border-b-[0.5px] id-border-[#ddd]\">\n<div class=\"id-text-sm id-p-4 id-bg-[#f8f8f8] id-flex id-items-center\" title=\"Tamanho da embalagem\">\n<div class=\"id-line-clamp-2 id-leading-[18px]\">Tamanho da embalagem: 14.5*12*10CM<\/div>\n<\/div>\n<\/div>\n<div class=\"id-grid id-max-h-[68px] id-overflow-hidden id-grid-cols-[2fr_3fr] id-border-b-[0.5px] id-border-[#ddd]\">\n<div class=\"id-text-sm id-p-4 id-bg-[#f8f8f8] id-flex id-items-center\" title=\"Peso\">\n<div class=\"id-line-clamp-2 id-leading-[18px]\">Peso\uff1a 0,5kg<\/div>\n<\/div>\n<\/div>\n<div class=\"id-grid id-max-h-[68px] id-overflow-hidden id-grid-cols-[2fr_3fr] id-border-b-[0.5px] id-border-[#ddd]\">\n<div class=\"id-text-sm id-p-4 id-bg-[#f8f8f8] id-flex id-items-center\" title=\"Pot\u00eancia\">\n<div class=\"id-line-clamp-2 id-leading-[18px]\">Pot\u00eancia\uff1a 5W<\/div>\n<\/div>\n<\/div>\n<div class=\"id-grid id-max-h-[68px] id-overflow-hidden id-grid-cols-[2fr_3fr] id-border-b-[0.5px] id-border-[#ddd]\">\n<div class=\"id-text-sm id-p-4 id-bg-[#f8f8f8] id-flex id-items-center\" title=\"Velocidade\">\n<div class=\"id-line-clamp-2 id-leading-[18px]\">Velocidade\uff1a4 velocidades<\/div>\n<\/div>\n<\/div>\n<div class=\"id-grid id-max-h-[68px] id-overflow-hidden id-grid-cols-[2fr_3fr]\">\n<div class=\"id-text-sm id-p-4 id-bg-[#f8f8f8] id-flex id-items-center\" title=\"Capacidade da bateria\">\n<div class=\"id-line-clamp-2 id-leading-[18px]\">Capacidade da bateria\uff1a 3600mAh\/7200mAh<\/div>\n<\/div>\n<\/div>\n<div class=\"id-grid id-max-h-[68px] id-overflow-hidden id-grid-cols-[2fr_3fr]\">\n<div class=\"id-text-sm id-p-4 id-bg-[#f8f8f8] id-flex id-items-center\" title=\"Porta de carregamento\">\n<div class=\"id-line-clamp-2 id-leading-[18px]\">Porta de carregamento: Tipo C<\/div>\n<\/div>\n<\/div>\n<\/div>\n<\/div>\n<div class=\"\">\n<h3 class=\"id-text-base id-font-bold id-mt-5\">Embalagem e entrega<\/h3>\n<div class=\"id-grid id-grid-cols-2 id-border-[0.5px] id-border-[#ddd] id-mt-3\">\n<div class=\"id-grid id-max-h-[68px] id-overflow-hidden id-grid-cols-[2fr_3fr] id-border-b-[0.5px] id-border-[#ddd]\">\n<div class=\"id-text-sm id-p-4 id-bg-[#f8f8f8] id-flex id-items-center\" title=\"Unidades de venda\">\n<div class=\"id-line-clamp-2 id-leading-[18px]\">Unidades de venda\uff1aEmbalagem individual<\/div>\n<\/div>\n<\/div>\n<div class=\"id-grid id-max-h-[68px] id-overflow-hidden id-grid-cols-[2fr_3fr] id-border-b-[0.5px] id-border-[#ddd]\">\n<div class=\"id-text-sm id-p-4 id-bg-[#f8f8f8] id-flex id-items-center\" title=\"Tamanho da embalagem individual\">\n<div class=\"id-line-clamp-2 id-leading-[18px]\">Tamanho da embalagem individual: 15X12X10 cm<\/div>\n<\/div>\n<\/div>\n<div class=\"id-grid id-max-h-[68px] id-overflow-hidden id-grid-cols-[2fr_3fr]\">\n<div class=\"id-text-sm id-p-4 id-bg-[#f8f8f8] id-flex id-items-center\" title=\"Peso bruto \u00fanico\">\n<div class=\"id-line-clamp-2 id-leading-[18px]\">Peso bruto \u00fanico\uff1a0.500 KG<\/div>\n<\/div>\n<\/div>\n<\/div>\n<\/div>\n<\/div>\n<p><img loading=\"lazy\" decoding=\"async\" class=\"alignnone size-full wp-image-9152\" src=\"https:\/\/www.yunkuntech.com\/wp-content\/uploads\/2025\/06\/\u4e3b\u56fe_2-2.jpg\" alt=\"\" width=\"800\" height=\"800\" srcset=\"https:\/\/www.yunkuntech.com\/wp-content\/uploads\/2025\/06\/\u4e3b\u56fe_2-2.jpg 800w, https:\/\/www.yunkuntech.com\/wp-content\/uploads\/2025\/06\/\u4e3b\u56fe_2-2-300x300.jpg 300w, https:\/\/www.yunkuntech.com\/wp-content\/uploads\/2025\/06\/\u4e3b\u56fe_2-2-150x150.jpg 150w, https:\/\/www.yunkuntech.com\/wp-content\/uploads\/2025\/06\/\u4e3b\u56fe_2-2-768x768.jpg 768w, https:\/\/www.yunkuntech.com\/wp-content\/uploads\/2025\/06\/\u4e3b\u56fe_2-2-12x12.jpg 12w, https:\/\/www.yunkuntech.com\/wp-content\/uploads\/2025\/06\/\u4e3b\u56fe_2-2-430x430.jpg 430w, https:\/\/www.yunkuntech.com\/wp-content\/uploads\/2025\/06\/\u4e3b\u56fe_2-2-700x700.jpg 700w\" sizes=\"auto, (max-width: 800px) 100vw, 800px\" \/> <img loading=\"lazy\" decoding=\"async\" class=\"alignnone size-full wp-image-9148\" src=\"https:\/\/www.yunkuntech.com\/wp-content\/uploads\/2025\/06\/\u8be6\u60c5\u56fe_21.jpg\" alt=\"\" width=\"750\" height=\"1328\" srcset=\"https:\/\/www.yunkuntech.com\/wp-content\/uploads\/2025\/06\/\u8be6\u60c5\u56fe_21.jpg 750w, https:\/\/www.yunkuntech.com\/wp-content\/uploads\/2025\/06\/\u8be6\u60c5\u56fe_21-169x300.jpg 169w, https:\/\/www.yunkuntech.com\/wp-content\/uploads\/2025\/06\/\u8be6\u60c5\u56fe_21-452x800.jpg 452w, https:\/\/www.yunkuntech.com\/wp-content\/uploads\/2025\/06\/\u8be6\u60c5\u56fe_21-7x12.jpg 7w, https:\/\/www.yunkuntech.com\/wp-content\/uploads\/2025\/06\/\u8be6\u60c5\u56fe_21-430x761.jpg 430w, https:\/\/www.yunkuntech.com\/wp-content\/uploads\/2025\/06\/\u8be6\u60c5\u56fe_21-700x1239.jpg 700w, https:\/\/www.yunkuntech.com\/wp-content\/uploads\/2025\/06\/\u8be6\u60c5\u56fe_21-150x266.jpg 150w\" sizes=\"auto, (max-width: 750px) 100vw, 750px\" \/> <img loading=\"lazy\" decoding=\"async\" class=\"alignnone size-full wp-image-9151\" src=\"https:\/\/www.yunkuntech.com\/wp-content\/uploads\/2025\/06\/\u4e3b\u56fe_1-1.jpg\" alt=\"\" width=\"800\" height=\"800\" srcset=\"https:\/\/www.yunkuntech.com\/wp-content\/uploads\/2025\/06\/\u4e3b\u56fe_1-1.jpg 800w, https:\/\/www.yunkuntech.com\/wp-content\/uploads\/2025\/06\/\u4e3b\u56fe_1-1-300x300.jpg 300w, https:\/\/www.yunkuntech.com\/wp-content\/uploads\/2025\/06\/\u4e3b\u56fe_1-1-150x150.jpg 150w, https:\/\/www.yunkuntech.com\/wp-content\/uploads\/2025\/06\/\u4e3b\u56fe_1-1-768x768.jpg 768w, https:\/\/www.yunkuntech.com\/wp-content\/uploads\/2025\/06\/\u4e3b\u56fe_1-1-12x12.jpg 12w, https:\/\/www.yunkuntech.com\/wp-content\/uploads\/2025\/06\/\u4e3b\u56fe_1-1-430x430.jpg 430w, https:\/\/www.yunkuntech.com\/wp-content\/uploads\/2025\/06\/\u4e3b\u56fe_1-1-700x700.jpg 700w\" sizes=\"auto, (max-width: 800px) 100vw, 800px\" \/> <img loading=\"lazy\" decoding=\"async\" class=\"alignnone size-full wp-image-9150\" src=\"https:\/\/www.yunkuntech.com\/wp-content\/uploads\/2025\/06\/\u8be6\u60c5\u56fe_23.jpg\" alt=\"\" width=\"750\" height=\"544\" srcset=\"https:\/\/www.yunkuntech.com\/wp-content\/uploads\/2025\/06\/\u8be6\u60c5\u56fe_23.jpg 750w, https:\/\/www.yunkuntech.com\/wp-content\/uploads\/2025\/06\/\u8be6\u60c5\u56fe_23-400x290.jpg 400w, https:\/\/www.yunkuntech.com\/wp-content\/uploads\/2025\/06\/\u8be6\u60c5\u56fe_23-18x12.jpg 18w, https:\/\/www.yunkuntech.com\/wp-content\/uploads\/2025\/06\/\u8be6\u60c5\u56fe_23-430x312.jpg 430w, https:\/\/www.yunkuntech.com\/wp-content\/uploads\/2025\/06\/\u8be6\u60c5\u56fe_23-700x508.jpg 700w, https:\/\/www.yunkuntech.com\/wp-content\/uploads\/2025\/06\/\u8be6\u60c5\u56fe_23-150x109.jpg 150w\" sizes=\"auto, (max-width: 750px) 100vw, 750px\" \/> <img loading=\"lazy\" decoding=\"async\" class=\"alignnone size-full wp-image-9149\" src=\"https:\/\/www.yunkuntech.com\/wp-content\/uploads\/2025\/06\/\u8be6\u60c5\u56fe_22.jpg\" alt=\"\" width=\"750\" height=\"1425\" srcset=\"https:\/\/www.yunkuntech.com\/wp-content\/uploads\/2025\/06\/\u8be6\u60c5\u56fe_22.jpg 750w, https:\/\/www.yunkuntech.com\/wp-content\/uploads\/2025\/06\/\u8be6\u60c5\u56fe_22-158x300.jpg 158w, https:\/\/www.yunkuntech.com\/wp-content\/uploads\/2025\/06\/\u8be6\u60c5\u56fe_22-421x800.jpg 421w, https:\/\/www.yunkuntech.com\/wp-content\/uploads\/2025\/06\/\u8be6\u60c5\u56fe_22-6x12.jpg 6w, https:\/\/www.yunkuntech.com\/wp-content\/uploads\/2025\/06\/\u8be6\u60c5\u56fe_22-430x817.jpg 430w, https:\/\/www.yunkuntech.com\/wp-content\/uploads\/2025\/06\/\u8be6\u60c5\u56fe_22-700x1330.jpg 700w, https:\/\/www.yunkuntech.com\/wp-content\/uploads\/2025\/06\/\u8be6\u60c5\u56fe_22-150x285.jpg 150w\" sizes=\"auto, (max-width: 750px) 100vw, 750px\" \/> <img loading=\"lazy\" decoding=\"async\" class=\"alignnone size-full wp-image-9145\" src=\"https:\/\/www.yunkuntech.com\/wp-content\/uploads\/2025\/06\/\u8be6\u60c5\u56fe_18.jpg\" alt=\"\" width=\"750\" height=\"1167\" srcset=\"https:\/\/www.yunkuntech.com\/wp-content\/uploads\/2025\/06\/\u8be6\u60c5\u56fe_18.jpg 750w, https:\/\/www.yunkuntech.com\/wp-content\/uploads\/2025\/06\/\u8be6\u60c5\u56fe_18-193x300.jpg 193w, https:\/\/www.yunkuntech.com\/wp-content\/uploads\/2025\/06\/\u8be6\u60c5\u56fe_18-514x800.jpg 514w, https:\/\/www.yunkuntech.com\/wp-content\/uploads\/2025\/06\/\u8be6\u60c5\u56fe_18-8x12.jpg 8w, https:\/\/www.yunkuntech.com\/wp-content\/uploads\/2025\/06\/\u8be6\u60c5\u56fe_18-430x669.jpg 430w, https:\/\/www.yunkuntech.com\/wp-content\/uploads\/2025\/06\/\u8be6\u60c5\u56fe_18-700x1089.jpg 700w, https:\/\/www.yunkuntech.com\/wp-content\/uploads\/2025\/06\/\u8be6\u60c5\u56fe_18-150x233.jpg 150w\" sizes=\"auto, (max-width: 750px) 100vw, 750px\" \/> <img loading=\"lazy\" decoding=\"async\" class=\"alignnone size-full wp-image-9139\" src=\"https:\/\/www.yunkuntech.com\/wp-content\/uploads\/2025\/06\/\u8be6\u60c5\u56fe_12.jpg\" alt=\"\" width=\"750\" height=\"391\" srcset=\"https:\/\/www.yunkuntech.com\/wp-content\/uploads\/2025\/06\/\u8be6\u60c5\u56fe_12.jpg 750w, https:\/\/www.yunkuntech.com\/wp-content\/uploads\/2025\/06\/\u8be6\u60c5\u56fe_12-400x209.jpg 400w, https:\/\/www.yunkuntech.com\/wp-content\/uploads\/2025\/06\/\u8be6\u60c5\u56fe_12-18x9.jpg 18w, https:\/\/www.yunkuntech.com\/wp-content\/uploads\/2025\/06\/\u8be6\u60c5\u56fe_12-430x224.jpg 430w, https:\/\/www.yunkuntech.com\/wp-content\/uploads\/2025\/06\/\u8be6\u60c5\u56fe_12-700x365.jpg 700w, https:\/\/www.yunkuntech.com\/wp-content\/uploads\/2025\/06\/\u8be6\u60c5\u56fe_12-150x78.jpg 150w\" sizes=\"auto, (max-width: 750px) 100vw, 750px\" \/> <img loading=\"lazy\" decoding=\"async\" class=\"alignnone size-full wp-image-9138\" src=\"https:\/\/www.yunkuntech.com\/wp-content\/uploads\/2025\/06\/\u8be6\u60c5\u56fe_11.jpg\" alt=\"\" width=\"750\" height=\"1185\" srcset=\"https:\/\/www.yunkuntech.com\/wp-content\/uploads\/2025\/06\/\u8be6\u60c5\u56fe_11.jpg 750w, https:\/\/www.yunkuntech.com\/wp-content\/uploads\/2025\/06\/\u8be6\u60c5\u56fe_11-190x300.jpg 190w, https:\/\/www.yunkuntech.com\/wp-content\/uploads\/2025\/06\/\u8be6\u60c5\u56fe_11-506x800.jpg 506w, https:\/\/www.yunkuntech.com\/wp-content\/uploads\/2025\/06\/\u8be6\u60c5\u56fe_11-8x12.jpg 8w, https:\/\/www.yunkuntech.com\/wp-content\/uploads\/2025\/06\/\u8be6\u60c5\u56fe_11-430x679.jpg 430w, https:\/\/www.yunkuntech.com\/wp-content\/uploads\/2025\/06\/\u8be6\u60c5\u56fe_11-700x1106.jpg 700w, https:\/\/www.yunkuntech.com\/wp-content\/uploads\/2025\/06\/\u8be6\u60c5\u56fe_11-150x237.jpg 150w\" sizes=\"auto, (max-width: 750px) 100vw, 750px\" \/> <img loading=\"lazy\" decoding=\"async\" class=\"alignnone size-full wp-image-9135\" src=\"https:\/\/www.yunkuntech.com\/wp-content\/uploads\/2025\/06\/\u8be6\u60c5\u56fe_8.jpg\" alt=\"\" width=\"750\" height=\"521\" srcset=\"https:\/\/www.yunkuntech.com\/wp-content\/uploads\/2025\/06\/\u8be6\u60c5\u56fe_8.jpg 750w, https:\/\/www.yunkuntech.com\/wp-content\/uploads\/2025\/06\/\u8be6\u60c5\u56fe_8-400x278.jpg 400w, https:\/\/www.yunkuntech.com\/wp-content\/uploads\/2025\/06\/\u8be6\u60c5\u56fe_8-18x12.jpg 18w, https:\/\/www.yunkuntech.com\/wp-content\/uploads\/2025\/06\/\u8be6\u60c5\u56fe_8-430x299.jpg 430w, https:\/\/www.yunkuntech.com\/wp-content\/uploads\/2025\/06\/\u8be6\u60c5\u56fe_8-700x486.jpg 700w, https:\/\/www.yunkuntech.com\/wp-content\/uploads\/2025\/06\/\u8be6\u60c5\u56fe_8-150x104.jpg 150w\" sizes=\"auto, (max-width: 750px) 100vw, 750px\" \/><\/p>","protected":false},"excerpt":{"rendered":"<p>Ventilador de teto sem fios multifuncional para campismo exterior Ventilador pequeno com luz nocturna LED Ventilador de tenda com caixa de armazenamento repelente de mosquitos Atributos principais<\/p>","protected":false},"featured_media":9152,"comment_status":"closed","ping_status":"closed","template":"","meta":[],"product_cat":[78],"product_tag":[],"class_list":["post-9153","product","type-product","status-publish","has-post-thumbnail","hentry","product_cat-others"],"_links":{"self":[{"href":"https:\/\/www.yunkuntech.com\/pt\/wp-json\/wp\/v2\/product\/9153","targetHints":{"allow":["GET"]}}],"collection":[{"href":"https:\/\/www.yunkuntech.com\/pt\/wp-json\/wp\/v2\/product"}],"about":[{"href":"https:\/\/www.yunkuntech.com\/pt\/wp-json\/wp\/v2\/types\/product"}],"replies":[{"embeddable":true,"href":"https:\/\/www.yunkuntech.com\/pt\/wp-json\/wp\/v2\/comments?post=9153"}],"version-history":[{"count":1,"href":"https:\/\/www.yunkuntech.com\/pt\/wp-json\/wp\/v2\/product\/9153\/revisions"}],"predecessor-version":[{"id":9154,"href":"https:\/\/www.yunkuntech.com\/pt\/wp-json\/wp\/v2\/product\/9153\/revisions\/9154"}],"wp:featuredmedia":[{"embeddable":true,"href":"https:\/\/www.yunkuntech.com\/pt\/wp-json\/wp\/v2\/media\/9152"}],"wp:attachment":[{"href":"https:\/\/www.yunkuntech.com\/pt\/wp-json\/wp\/v2\/media?parent=9153"}],"wp:term":[{"taxonomy":"product_cat","embeddable":true,"href":"https:\/\/www.yunkuntech.com\/pt\/wp-json\/wp\/v2\/product_cat?post=9153"},{"taxonomy":"product_tag","embeddable":true,"href":"https:\/\/www.yunkuntech.com\/pt\/wp-json\/wp\/v2\/product_tag?post=9153"}],"curies":[{"name":"wp","href":"https:\/\/api.w.org\/{rel}","templated":true}]}}