{"id":9119,"date":"2025-06-02T18:40:21","date_gmt":"2025-06-02T10:40:21","guid":{"rendered":"https:\/\/www.yunkuntech.com\/?post_type=product&#038;p=9119"},"modified":"2025-06-02T18:40:38","modified_gmt":"2025-06-02T10:40:38","slug":"pd22-5w-super-fast-charger-output-port-portable-led-lights-wooden-solar-power-bank-20000mah-bamboo-solar-power-bank","status":"publish","type":"product","link":"https:\/\/www.yunkuntech.com\/pt\/product\/pd22-5w-super-fast-charger-output-port-portable-led-lights-wooden-solar-power-bank-20000mah-bamboo-solar-power-bank\/","title":{"rendered":"PD22.5W Super Fast Charger Output Port Port\u00e1til Led Lights Wooden Solar Power Bank 20000mAh Bamboo Solar Power Bank"},"content":{"rendered":"<h1 title=\"PD22.5W Super Fast Charger Output Port Port\u00e1til Led Lights Wooden Solar Power Bank 20000mAh Bamboo Solar Power Bank\" data-spm-anchor-id=\"a2700.details.0.i78.68c955f7Ct7KqN\">PD22.5W Super Fast Charger Output Port Port\u00e1til Led Lights Wooden Solar Power Bank 20000mAh Bamboo Solar Power Bank<\/h1>\n<h2 id=\"key-attributes\" class=\"id-text-xl id-font-bold\" data-spm-anchor-id=\"a2700.details.0.i79.68c955f7Ct7KqN\">Principais atributos<\/h2>\n<div class=\"\">\n<div class=\"\">\n<div class=\"id-grid id-grid-cols-2 id-border-[0.5px] id-border-[#ddd] id-mt-3\">\n<div class=\"id-grid id-max-h-[68px] id-overflow-hidden id-grid-cols-[2fr_3fr] id-border-b-[0.5px] id-border-[#ddd]\">\n<div class=\"id-text-sm id-p-4 id-bg-[#f8f8f8] id-flex id-items-center\" title=\"fun\u00e7\u00e3o\">\n<div class=\"id-line-clamp-2 id-leading-[18px]\">fun\u00e7\u00e3o: Suporte de carga r\u00e1pida, carga do painel solar, suporte de carga solar<\/div>\n<\/div>\n<\/div>\n<div class=\"id-grid id-max-h-[68px] id-overflow-hidden id-grid-cols-[2fr_3fr] id-border-b-[0.5px] id-border-[#ddd]\">\n<div class=\"id-text-sm id-p-4 id-bg-[#f8f8f8] id-flex id-items-center\" title=\"interface de sa\u00edda\">\n<div class=\"id-line-clamp-2 id-leading-[18px]\">interface de sa\u00edda\uff1aDuplo Usb<\/div>\n<\/div>\n<\/div>\n<div class=\"id-grid id-max-h-[68px] id-overflow-hidden id-grid-cols-[2fr_3fr] id-border-b-[0.5px] id-border-[#ddd]\">\n<div class=\"id-text-sm id-p-4 id-bg-[#f8f8f8] id-flex id-items-center\" title=\"pot\u00eancia de sa\u00edda\">\n<div class=\"id-line-clamp-2 id-leading-[18px]\">pot\u00eancia de sa\u00edda\uff1a 25W<\/div>\n<\/div>\n<\/div>\n<div class=\"id-grid id-max-h-[68px] id-overflow-hidden id-grid-cols-[2fr_3fr] id-border-b-[0.5px] id-border-[#ddd]\">\n<div class=\"id-text-sm id-p-4 id-bg-[#f8f8f8] id-flex id-items-center\" title=\"material\">\n<div class=\"id-line-clamp-2 id-leading-[18px]\">material\uff1aMadeira<\/div>\n<\/div>\n<\/div>\n<div class=\"id-grid id-max-h-[68px] id-overflow-hidden id-grid-cols-[2fr_3fr] id-border-b-[0.5px] id-border-[#ddd]\">\n<div class=\"id-text-sm id-p-4 id-bg-[#f8f8f8] id-flex id-items-center\" title=\"interface de entrada\">\n<div class=\"id-line-clamp-2 id-leading-[18px]\">interface de entrada\uff1aTIPO-C<\/div>\n<\/div>\n<\/div>\n<div class=\"id-grid id-max-h-[68px] id-overflow-hidden id-grid-cols-[2fr_3fr] id-border-b-[0.5px] id-border-[#ddd]\">\n<div class=\"id-text-sm id-p-4 id-bg-[#f8f8f8] id-flex id-items-center\" title=\"padr\u00e3o de tomada\">\n<div class=\"id-line-clamp-2 id-leading-[18px]\">padr\u00e3o de soquete\uff1a Universal<\/div>\n<\/div>\n<\/div>\n<div class=\"id-grid id-max-h-[68px] id-overflow-hidden id-grid-cols-[2fr_3fr] id-border-b-[0.5px] id-border-[#ddd]\">\n<div class=\"id-text-sm id-p-4 id-bg-[#f8f8f8] id-flex id-items-center\" title=\"tipo de pilha\">\n<div class=\"id-line-clamp-2 id-leading-[18px]\">Tipo de bateria: Bateria de pol\u00edmero de l\u00edtio<\/div>\n<\/div>\n<\/div>\n<div class=\"id-grid id-max-h-[68px] id-overflow-hidden id-grid-cols-[2fr_3fr] id-border-b-[0.5px] id-border-[#ddd]\">\n<div class=\"id-text-sm id-p-4 id-bg-[#f8f8f8] id-flex id-items-center\" title=\"tipo\">\n<div class=\"id-line-clamp-2 id-leading-[18px]\">tipo\uff1aUltrafino, Carregamento r\u00e1pido, Alta capacidade, Port\u00e1til, Ecr\u00e3 LED, Carregador r\u00e1pido 2 em 1, Esta\u00e7\u00e3o de energia port\u00e1til<\/div>\n<\/div>\n<\/div>\n<div class=\"id-grid id-max-h-[68px] id-overflow-hidden id-grid-cols-[2fr_3fr] id-border-b-[0.5px] id-border-[#ddd]\">\n<div class=\"id-text-sm id-p-4 id-bg-[#f8f8f8] id-flex id-items-center\" title=\"local de origem\">\n<div class=\"id-line-clamp-2 id-leading-[18px]\">Local de origem\uff1a Guangdong, China<\/div>\n<\/div>\n<\/div>\n<div class=\"id-grid id-max-h-[68px] id-overflow-hidden id-grid-cols-[2fr_3fr] id-border-b-[0.5px] id-border-[#ddd]\">\n<div class=\"id-text-sm id-p-4 id-bg-[#f8f8f8] id-flex id-items-center\" title=\"nome da marca\">\n<div class=\"id-line-clamp-2 id-leading-[18px]\">nome da marca: OEM\/ODM<\/div>\n<\/div>\n<\/div>\n<div class=\"id-grid id-max-h-[68px] id-overflow-hidden id-grid-cols-[2fr_3fr] id-border-b-[0.5px] id-border-[#ddd]\">\n<div class=\"id-text-sm id-p-4 id-bg-[#f8f8f8] id-flex id-items-center\" title=\"peso\">\n<div class=\"id-line-clamp-2 id-leading-[18px]\">peso\uff1a 0,66<\/div>\n<\/div>\n<\/div>\n<div class=\"id-grid id-max-h-[68px] id-overflow-hidden id-grid-cols-[2fr_3fr] id-border-b-[0.5px] id-border-[#ddd]\">\n<div class=\"id-text-sm id-p-4 id-bg-[#f8f8f8] id-flex id-items-center\" title=\"prote\u00e7\u00e3o\">\n<div class=\"id-line-clamp-2 id-leading-[18px]\">prote\u00e7\u00e3o: Sobre-descarga, Prote\u00e7\u00e3o contra curto-circuito, Sobre-carga, Baixa tens\u00e3o<\/div>\n<\/div>\n<\/div>\n<div class=\"id-grid id-max-h-[68px] id-overflow-hidden id-grid-cols-[2fr_3fr] id-border-b-[0.5px] id-border-[#ddd]\">\n<div class=\"id-text-sm id-p-4 id-bg-[#f8f8f8] id-flex id-items-center\" title=\"Nome do produto\">\n<div class=\"id-line-clamp-2 id-leading-[18px]\">Nome do produto\uff1aBanco de energia solar port\u00e1til de alta capacidade<\/div>\n<\/div>\n<\/div>\n<div class=\"id-grid id-max-h-[68px] id-overflow-hidden id-grid-cols-[2fr_3fr] id-border-b-[0.5px] id-border-[#ddd]\">\n<div class=\"id-text-sm id-p-4 id-bg-[#f8f8f8] id-flex id-items-center\" title=\"Fun\u00e7\u00e3o\">\n<div class=\"id-line-clamp-2 id-leading-[18px]\">Fun\u00e7\u00e3o: Porta de sa\u00edda do carregador super r\u00e1pido<\/div>\n<\/div>\n<\/div>\n<div class=\"id-grid id-max-h-[68px] id-overflow-hidden id-grid-cols-[2fr_3fr] id-border-b-[0.5px] id-border-[#ddd]\">\n<div class=\"id-text-sm id-p-4 id-bg-[#f8f8f8] id-flex id-items-center\" title=\"Palavras-chave\">\n<div class=\"id-line-clamp-2 id-leading-[18px]\">Palavras-chave\uff1aBanco de pot\u00eancia Carregador de bateria externa<\/div>\n<\/div>\n<\/div>\n<div class=\"id-grid id-max-h-[68px] id-overflow-hidden id-grid-cols-[2fr_3fr] id-border-b-[0.5px] id-border-[#ddd]\">\n<div class=\"id-text-sm id-p-4 id-bg-[#f8f8f8] id-flex id-items-center\" title=\"Capacidade\">\n<div class=\"id-line-clamp-2 id-leading-[18px]\">Capacidade\uff1a20000 Mah<\/div>\n<\/div>\n<\/div>\n<div class=\"id-grid id-max-h-[68px] id-overflow-hidden id-grid-cols-[2fr_3fr] id-border-b-[0.5px] id-border-[#ddd]\">\n<div class=\"id-text-sm id-p-4 id-bg-[#f8f8f8] id-flex id-items-center\" title=\"Entrada\">\n<div class=\"id-line-clamp-2 id-leading-[18px]\">Entrada\uff1a 5V\/2.0A<\/div>\n<\/div>\n<\/div>\n<div class=\"id-grid id-max-h-[68px] id-overflow-hidden id-grid-cols-[2fr_3fr] id-border-b-[0.5px] id-border-[#ddd]\">\n<div class=\"id-text-sm id-p-4 id-bg-[#f8f8f8] id-flex id-items-center\" title=\"Sa\u00edda\">\n<div class=\"id-line-clamp-2 id-leading-[18px]\">Sa\u00edda\uff1a5V2.0A<\/div>\n<\/div>\n<\/div>\n<div class=\"id-grid id-max-h-[68px] id-overflow-hidden id-grid-cols-[2fr_3fr] id-border-b-[0.5px] id-border-[#ddd]\">\n<div class=\"id-text-sm id-p-4 id-bg-[#f8f8f8] id-flex id-items-center\" title=\"Energia dos pain\u00e9is solares\">\n<div class=\"id-line-clamp-2 id-leading-[18px]\">Pot\u00eancia do painel solar\uff1a 2 watts<\/div>\n<\/div>\n<\/div>\n<div class=\"id-grid id-max-h-[68px] id-overflow-hidden id-grid-cols-[2fr_3fr] id-border-b-[0.5px] id-border-[#ddd]\">\n<div class=\"id-text-sm id-p-4 id-bg-[#f8f8f8] id-flex id-items-center\" title=\"Embalagem\">\n<div class=\"id-line-clamp-2 id-leading-[18px]\">Embalagem\uff1aCaixa de cor<\/div>\n<\/div>\n<\/div>\n<div class=\"id-grid id-max-h-[68px] id-overflow-hidden id-grid-cols-[2fr_3fr]\">\n<div class=\"id-text-sm id-p-4 id-bg-[#f8f8f8] id-flex id-items-center\" title=\"Estilo\">\n<div class=\"id-line-clamp-2 id-leading-[18px]\">Estilo\uff1aPopular<\/div>\n<\/div>\n<\/div>\n<div class=\"id-grid id-max-h-[68px] id-overflow-hidden id-grid-cols-[2fr_3fr]\">\n<div class=\"id-text-sm id-p-4 id-bg-[#f8f8f8] id-flex id-items-center\" title=\"Vantagem\"><\/div>\n<div class=\"id-text-sm id-font-medium id-p-4 id-flex id-items-center id-flex-wrap\" title=\"Novo produto\">\n<div class=\"id-line-clamp-2 id-leading-[18px]\"><\/div>\n<\/div>\n<\/div>\n<\/div>\n<\/div>\n<div class=\"\">\n<h3 class=\"id-text-base id-font-bold id-mt-5\">Embalagem e entrega<\/h3>\n<div class=\"id-grid id-grid-cols-2 id-border-[0.5px] id-border-[#ddd] id-mt-3\">\n<div class=\"id-grid id-max-h-[68px] id-overflow-hidden id-grid-cols-[2fr_3fr] id-border-b-[0.5px] id-border-[#ddd]\">\n<div class=\"id-text-sm id-p-4 id-bg-[#f8f8f8] id-flex id-items-center\" title=\"Detalhes da embalagem\">\n<div class=\"id-line-clamp-2 id-leading-[18px]\">Detalhes da embalagem\uff1aEmbalagem neutra<\/div>\n<\/div>\n<\/div>\n<div class=\"id-grid id-max-h-[68px] id-overflow-hidden id-grid-cols-[2fr_3fr] id-border-b-[0.5px] id-border-[#ddd]\">\n<div class=\"id-text-sm id-p-4 id-bg-[#f8f8f8] id-flex id-items-center\" title=\"Porto de expedi\u00e7\u00e3o\">\n<div class=\"id-line-clamp-2 id-leading-[18px]\">Porto de expedi\u00e7\u00e3o\uff1a Shenzhen<\/div>\n<\/div>\n<\/div>\n<div class=\"id-grid id-max-h-[68px] id-overflow-hidden id-grid-cols-[2fr_3fr] id-border-b-[0.5px] id-border-[#ddd]\">\n<div class=\"id-text-sm id-p-4 id-bg-[#f8f8f8] id-flex id-items-center\" title=\"Unidades de venda\">\n<div class=\"id-line-clamp-2 id-leading-[18px]\">Unidades de venda\uff1aEmbalagem individual<\/div>\n<\/div>\n<\/div>\n<div class=\"id-grid id-max-h-[68px] id-overflow-hidden id-grid-cols-[2fr_3fr] id-border-b-[0.5px] id-border-[#ddd]\">\n<div class=\"id-text-sm id-p-4 id-bg-[#f8f8f8] id-flex id-items-center\" title=\"Tamanho da embalagem individual\">\n<div class=\"id-line-clamp-2 id-leading-[18px]\">Tamanho da embalagem individual\uff1a14X15X4 cm<\/div>\n<\/div>\n<\/div>\n<div class=\"id-grid id-max-h-[68px] id-overflow-hidden id-grid-cols-[2fr_3fr]\">\n<div class=\"id-text-sm id-p-4 id-bg-[#f8f8f8] id-flex id-items-center\" title=\"Peso bruto \u00fanico\">\n<div class=\"id-line-clamp-2 id-leading-[18px]\">Peso bruto \u00fanico\uff1a0.680 KG<\/div>\n<\/div>\n<div><img loading=\"lazy\" decoding=\"async\" class=\"alignnone size-full wp-image-9121\" src=\"https:\/\/www.yunkuntech.com\/wp-content\/uploads\/2025\/06\/34.jpg\" alt=\"\" width=\"800\" height=\"800\" srcset=\"https:\/\/www.yunkuntech.com\/wp-content\/uploads\/2025\/06\/34.jpg 800w, https:\/\/www.yunkuntech.com\/wp-content\/uploads\/2025\/06\/34-300x300.jpg 300w, https:\/\/www.yunkuntech.com\/wp-content\/uploads\/2025\/06\/34-150x150.jpg 150w, https:\/\/www.yunkuntech.com\/wp-content\/uploads\/2025\/06\/34-768x768.jpg 768w, https:\/\/www.yunkuntech.com\/wp-content\/uploads\/2025\/06\/34-12x12.jpg 12w, https:\/\/www.yunkuntech.com\/wp-content\/uploads\/2025\/06\/34-430x430.jpg 430w, https:\/\/www.yunkuntech.com\/wp-content\/uploads\/2025\/06\/34-700x700.jpg 700w\" sizes=\"auto, (max-width: 800px) 100vw, 800px\" \/> <img loading=\"lazy\" decoding=\"async\" class=\"alignnone size-full wp-image-9123\" src=\"https:\/\/www.yunkuntech.com\/wp-content\/uploads\/2025\/06\/\u4e3b\u56fe_1.jpg\" alt=\"\" width=\"750\" height=\"750\" srcset=\"https:\/\/www.yunkuntech.com\/wp-content\/uploads\/2025\/06\/\u4e3b\u56fe_1.jpg 750w, https:\/\/www.yunkuntech.com\/wp-content\/uploads\/2025\/06\/\u4e3b\u56fe_1-300x300.jpg 300w, https:\/\/www.yunkuntech.com\/wp-content\/uploads\/2025\/06\/\u4e3b\u56fe_1-150x150.jpg 150w, https:\/\/www.yunkuntech.com\/wp-content\/uploads\/2025\/06\/\u4e3b\u56fe_1-12x12.jpg 12w, https:\/\/www.yunkuntech.com\/wp-content\/uploads\/2025\/06\/\u4e3b\u56fe_1-430x430.jpg 430w, https:\/\/www.yunkuntech.com\/wp-content\/uploads\/2025\/06\/\u4e3b\u56fe_1-700x700.jpg 700w\" sizes=\"auto, (max-width: 750px) 100vw, 750px\" \/> \u00a0<img loading=\"lazy\" decoding=\"async\" class=\"alignnone size-full wp-image-9125\" src=\"https:\/\/www.yunkuntech.com\/wp-content\/uploads\/2025\/06\/\u4e3b\u56fe_3-1.jpg\" alt=\"\" width=\"790\" height=\"1062\" srcset=\"https:\/\/www.yunkuntech.com\/wp-content\/uploads\/2025\/06\/\u4e3b\u56fe_3-1.jpg 790w, https:\/\/www.yunkuntech.com\/wp-content\/uploads\/2025\/06\/\u4e3b\u56fe_3-1-223x300.jpg 223w, https:\/\/www.yunkuntech.com\/wp-content\/uploads\/2025\/06\/\u4e3b\u56fe_3-1-595x800.jpg 595w, https:\/\/www.yunkuntech.com\/wp-content\/uploads\/2025\/06\/\u4e3b\u56fe_3-1-768x1032.jpg 768w, https:\/\/www.yunkuntech.com\/wp-content\/uploads\/2025\/06\/\u4e3b\u56fe_3-1-9x12.jpg 9w, https:\/\/www.yunkuntech.com\/wp-content\/uploads\/2025\/06\/\u4e3b\u56fe_3-1-430x578.jpg 430w, https:\/\/www.yunkuntech.com\/wp-content\/uploads\/2025\/06\/\u4e3b\u56fe_3-1-700x941.jpg 700w, https:\/\/www.yunkuntech.com\/wp-content\/uploads\/2025\/06\/\u4e3b\u56fe_3-1-150x202.jpg 150w\" sizes=\"auto, (max-width: 790px) 100vw, 790px\" \/> <img loading=\"lazy\" decoding=\"async\" class=\"alignnone size-full wp-image-9126\" src=\"https:\/\/www.yunkuntech.com\/wp-content\/uploads\/2025\/06\/\u4e3b\u56fe_4.jpg\" alt=\"\" width=\"790\" height=\"1062\" srcset=\"https:\/\/www.yunkuntech.com\/wp-content\/uploads\/2025\/06\/\u4e3b\u56fe_4.jpg 790w, https:\/\/www.yunkuntech.com\/wp-content\/uploads\/2025\/06\/\u4e3b\u56fe_4-223x300.jpg 223w, https:\/\/www.yunkuntech.com\/wp-content\/uploads\/2025\/06\/\u4e3b\u56fe_4-595x800.jpg 595w, https:\/\/www.yunkuntech.com\/wp-content\/uploads\/2025\/06\/\u4e3b\u56fe_4-768x1032.jpg 768w, https:\/\/www.yunkuntech.com\/wp-content\/uploads\/2025\/06\/\u4e3b\u56fe_4-9x12.jpg 9w, https:\/\/www.yunkuntech.com\/wp-content\/uploads\/2025\/06\/\u4e3b\u56fe_4-430x578.jpg 430w, https:\/\/www.yunkuntech.com\/wp-content\/uploads\/2025\/06\/\u4e3b\u56fe_4-700x941.jpg 700w, https:\/\/www.yunkuntech.com\/wp-content\/uploads\/2025\/06\/\u4e3b\u56fe_4-150x202.jpg 150w\" sizes=\"auto, (max-width: 790px) 100vw, 790px\" \/> <img loading=\"lazy\" decoding=\"async\" class=\"alignnone size-full wp-image-9127\" src=\"https:\/\/www.yunkuntech.com\/wp-content\/uploads\/2025\/06\/\u4e3b\u56fe_5-1.jpg\" alt=\"\" width=\"790\" height=\"1062\" srcset=\"https:\/\/www.yunkuntech.com\/wp-content\/uploads\/2025\/06\/\u4e3b\u56fe_5-1.jpg 790w, https:\/\/www.yunkuntech.com\/wp-content\/uploads\/2025\/06\/\u4e3b\u56fe_5-1-223x300.jpg 223w, https:\/\/www.yunkuntech.com\/wp-content\/uploads\/2025\/06\/\u4e3b\u56fe_5-1-595x800.jpg 595w, https:\/\/www.yunkuntech.com\/wp-content\/uploads\/2025\/06\/\u4e3b\u56fe_5-1-768x1032.jpg 768w, https:\/\/www.yunkuntech.com\/wp-content\/uploads\/2025\/06\/\u4e3b\u56fe_5-1-9x12.jpg 9w, https:\/\/www.yunkuntech.com\/wp-content\/uploads\/2025\/06\/\u4e3b\u56fe_5-1-430x578.jpg 430w, https:\/\/www.yunkuntech.com\/wp-content\/uploads\/2025\/06\/\u4e3b\u56fe_5-1-700x941.jpg 700w, https:\/\/www.yunkuntech.com\/wp-content\/uploads\/2025\/06\/\u4e3b\u56fe_5-1-150x202.jpg 150w\" sizes=\"auto, (max-width: 790px) 100vw, 790px\" \/> <img loading=\"lazy\" decoding=\"async\" class=\"alignnone size-full wp-image-9128\" src=\"https:\/\/www.yunkuntech.com\/wp-content\/uploads\/2025\/06\/\u4e3b\u56fe_6.jpg\" alt=\"\" width=\"790\" height=\"1062\" srcset=\"https:\/\/www.yunkuntech.com\/wp-content\/uploads\/2025\/06\/\u4e3b\u56fe_6.jpg 790w, https:\/\/www.yunkuntech.com\/wp-content\/uploads\/2025\/06\/\u4e3b\u56fe_6-223x300.jpg 223w, https:\/\/www.yunkuntech.com\/wp-content\/uploads\/2025\/06\/\u4e3b\u56fe_6-595x800.jpg 595w, https:\/\/www.yunkuntech.com\/wp-content\/uploads\/2025\/06\/\u4e3b\u56fe_6-768x1032.jpg 768w, https:\/\/www.yunkuntech.com\/wp-content\/uploads\/2025\/06\/\u4e3b\u56fe_6-9x12.jpg 9w, https:\/\/www.yunkuntech.com\/wp-content\/uploads\/2025\/06\/\u4e3b\u56fe_6-430x578.jpg 430w, https:\/\/www.yunkuntech.com\/wp-content\/uploads\/2025\/06\/\u4e3b\u56fe_6-700x941.jpg 700w, https:\/\/www.yunkuntech.com\/wp-content\/uploads\/2025\/06\/\u4e3b\u56fe_6-150x202.jpg 150w\" sizes=\"auto, (max-width: 790px) 100vw, 790px\" \/><\/div>\n<\/div>\n<\/div>\n<\/div>\n<div class=\"\"><\/div>\n<\/div>","protected":false},"excerpt":{"rendered":"<p>PD22.5W Super Fast Charger Output Port Port\u00e1til Led Lights Wooden Solar Power Bank 20000mAh Bamboo Solar Power Bank Principais atributos<\/p>","protected":false},"featured_media":9123,"comment_status":"closed","ping_status":"closed","template":"","meta":[],"product_cat":[73],"product_tag":[],"class_list":["post-9119","product","type-product","status-publish","has-post-thumbnail","hentry","product_cat-outdoor-mobile-power-supply"],"_links":{"self":[{"href":"https:\/\/www.yunkuntech.com\/pt\/wp-json\/wp\/v2\/product\/9119","targetHints":{"allow":["GET"]}}],"collection":[{"href":"https:\/\/www.yunkuntech.com\/pt\/wp-json\/wp\/v2\/product"}],"about":[{"href":"https:\/\/www.yunkuntech.com\/pt\/wp-json\/wp\/v2\/types\/product"}],"replies":[{"embeddable":true,"href":"https:\/\/www.yunkuntech.com\/pt\/wp-json\/wp\/v2\/comments?post=9119"}],"version-history":[{"count":1,"href":"https:\/\/www.yunkuntech.com\/pt\/wp-json\/wp\/v2\/product\/9119\/revisions"}],"predecessor-version":[{"id":9129,"href":"https:\/\/www.yunkuntech.com\/pt\/wp-json\/wp\/v2\/product\/9119\/revisions\/9129"}],"wp:featuredmedia":[{"embeddable":true,"href":"https:\/\/www.yunkuntech.com\/pt\/wp-json\/wp\/v2\/media\/9123"}],"wp:attachment":[{"href":"https:\/\/www.yunkuntech.com\/pt\/wp-json\/wp\/v2\/media?parent=9119"}],"wp:term":[{"taxonomy":"product_cat","embeddable":true,"href":"https:\/\/www.yunkuntech.com\/pt\/wp-json\/wp\/v2\/product_cat?post=9119"},{"taxonomy":"product_tag","embeddable":true,"href":"https:\/\/www.yunkuntech.com\/pt\/wp-json\/wp\/v2\/product_tag?post=9119"}],"curies":[{"name":"wp","href":"https:\/\/api.w.org\/{rel}","templated":true}]}}