{"id":9110,"date":"2025-06-02T18:29:11","date_gmt":"2025-06-02T10:29:11","guid":{"rendered":"https:\/\/www.yunkuntech.com\/?post_type=product&#038;p=9110"},"modified":"2025-06-02T18:29:11","modified_gmt":"2025-06-02T10:29:11","slug":"portable-outdoor-power-bank-20000mah-fast-charging-with-2-cable-led-display-flashlight-handle-qc3-0-pd-22-5w-for-iphone-samsung","status":"publish","type":"product","link":"https:\/\/www.yunkuntech.com\/pt\/product\/portable-outdoor-power-bank-20000mah-fast-charging-with-2-cable-led-display-flashlight-handle-qc3-0-pd-22-5w-for-iphone-samsung\/","title":{"rendered":"Banco de pot\u00eancia port\u00e1til para exterior 20000mah Carregamento r\u00e1pido com 2 cabos Ecr\u00e3 LED Lanterna Punho QC3.0 PD 22.5w para iPhone Samsung"},"content":{"rendered":"<h1 title=\"Banco de pot\u00eancia port\u00e1til para exterior 20000mah Carregamento r\u00e1pido com 2 cabos Ecr\u00e3 LED Lanterna Punho QC3.0 PD 22.5w para iPhone Samsung\" data-spm-anchor-id=\"a2700.details.0.i79.13f046beG6cBm2\">Banco de pot\u00eancia port\u00e1til para exterior 20000mah Carregamento r\u00e1pido com 2 cabos Ecr\u00e3 LED Lanterna Punho QC3.0 PD 22.5w para iPhone Samsung<\/h1>\n<h2 id=\"key-attributes\" class=\"id-text-xl id-font-bold\" data-spm-anchor-id=\"a2700.details.0.i80.13f046beG6cBm2\">Principais atributos<\/h2>\n<div class=\"\">\n<div class=\"\">\n<div class=\"id-grid id-grid-cols-2 id-border-[0.5px] id-border-[#ddd] id-mt-3\">\n<div class=\"id-grid id-max-h-[68px] id-overflow-hidden id-grid-cols-[2fr_3fr] id-border-b-[0.5px] id-border-[#ddd]\">\n<div class=\"id-text-sm id-p-4 id-bg-[#f8f8f8] id-flex id-items-center\" title=\"fun\u00e7\u00e3o\">\n<div class=\"id-line-clamp-2 id-leading-[18px]\">fun\u00e7\u00e3o: ecr\u00e3 LED, suporte de carregamento r\u00e1pido<\/div>\n<\/div>\n<\/div>\n<div class=\"id-grid id-max-h-[68px] id-overflow-hidden id-grid-cols-[2fr_3fr] id-border-b-[0.5px] id-border-[#ddd]\">\n<div class=\"id-text-sm id-p-4 id-bg-[#f8f8f8] id-flex id-items-center\" title=\"interface de sa\u00edda\">\n<div class=\"id-line-clamp-2 id-leading-[18px]\">interface de sa\u00edda\uff1a Tipo C, USB simples<\/div>\n<\/div>\n<\/div>\n<div class=\"id-grid id-max-h-[68px] id-overflow-hidden id-grid-cols-[2fr_3fr] id-border-b-[0.5px] id-border-[#ddd]\">\n<div class=\"id-text-sm id-p-4 id-bg-[#f8f8f8] id-flex id-items-center\" title=\"pot\u00eancia de sa\u00edda\">\n<div class=\"id-line-clamp-2 id-leading-[18px]\">pot\u00eancia de sa\u00edda: 20W, 22.5w<\/div>\n<\/div>\n<\/div>\n<div class=\"id-grid id-max-h-[68px] id-overflow-hidden id-grid-cols-[2fr_3fr] id-border-b-[0.5px] id-border-[#ddd]\">\n<div class=\"id-text-sm id-p-4 id-bg-[#f8f8f8] id-flex id-items-center\" title=\"material\">\n<div class=\"id-line-clamp-2 id-leading-[18px]\">material\uff1aABS, Pl\u00e1stico<\/div>\n<\/div>\n<\/div>\n<div class=\"id-grid id-max-h-[68px] id-overflow-hidden id-grid-cols-[2fr_3fr] id-border-b-[0.5px] id-border-[#ddd]\">\n<div class=\"id-text-sm id-p-4 id-bg-[#f8f8f8] id-flex id-items-center\" title=\"interface de entrada\">\n<div class=\"id-line-clamp-2 id-leading-[18px]\">interface de entrada\uff1aTIPO-C<\/div>\n<\/div>\n<\/div>\n<div class=\"id-grid id-max-h-[68px] id-overflow-hidden id-grid-cols-[2fr_3fr] id-border-b-[0.5px] id-border-[#ddd]\">\n<div class=\"id-text-sm id-p-4 id-bg-[#f8f8f8] id-flex id-items-center\" title=\"padr\u00e3o de tomada\">\n<div class=\"id-line-clamp-2 id-leading-[18px]\">padr\u00e3o de soquete\uff1aUniversal<\/div>\n<\/div>\n<\/div>\n<div class=\"id-grid id-max-h-[68px] id-overflow-hidden id-grid-cols-[2fr_3fr] id-border-b-[0.5px] id-border-[#ddd]\">\n<div class=\"id-text-sm id-p-4 id-bg-[#f8f8f8] id-flex id-items-center\" title=\"tipo de pilha\">\n<div class=\"id-line-clamp-2 id-leading-[18px]\">Tipo de bateria: Bateria de pol\u00edmero de l\u00edtio<\/div>\n<\/div>\n<\/div>\n<div class=\"id-grid id-max-h-[68px] id-overflow-hidden id-grid-cols-[2fr_3fr] id-border-b-[0.5px] id-border-[#ddd]\">\n<div class=\"id-text-sm id-p-4 id-bg-[#f8f8f8] id-flex id-items-center\" title=\"tipo\">\n<div class=\"id-line-clamp-2 id-leading-[18px]\">tipo\uff1aCarregamento r\u00e1pido, Alta capacidade, Port\u00e1til, Ecr\u00e3 LED, para exterior, Com cabo<\/div>\n<\/div>\n<\/div>\n<div class=\"id-grid id-max-h-[68px] id-overflow-hidden id-grid-cols-[2fr_3fr] id-border-b-[0.5px] id-border-[#ddd]\">\n<div class=\"id-text-sm id-p-4 id-bg-[#f8f8f8] id-flex id-items-center\" title=\"local de origem\">\n<div class=\"id-line-clamp-2 id-leading-[18px]\">Local de origem\uff1a Guangdong, China<\/div>\n<\/div>\n<\/div>\n<div class=\"id-grid id-max-h-[68px] id-overflow-hidden id-grid-cols-[2fr_3fr] id-border-b-[0.5px] id-border-[#ddd]\">\n<div class=\"id-text-sm id-p-4 id-bg-[#f8f8f8] id-flex id-items-center\" title=\"peso\">\n<div class=\"id-line-clamp-2 id-leading-[18px]\">peso\uff1a460g<\/div>\n<\/div>\n<\/div>\n<div class=\"id-grid id-max-h-[68px] id-overflow-hidden id-grid-cols-[2fr_3fr] id-border-b-[0.5px] id-border-[#ddd]\">\n<div class=\"id-text-sm id-p-4 id-bg-[#f8f8f8] id-flex id-items-center\" title=\"prote\u00e7\u00e3o\">\n<div class=\"id-line-clamp-2 id-leading-[18px]\">prote\u00e7\u00e3o\uff1a Sobre-descarga, Sobre-carga, Baixa tens\u00e3o<\/div>\n<\/div>\n<\/div>\n<div class=\"id-grid id-max-h-[68px] id-overflow-hidden id-grid-cols-[2fr_3fr] id-border-b-[0.5px] id-border-[#ddd]\">\n<div class=\"id-text-sm id-p-4 id-bg-[#f8f8f8] id-flex id-items-center\" title=\"Nome do produto\">\n<div class=\"id-line-clamp-2 id-leading-[18px]\">Nome do produto: Camping Light Power Bank 20000mah PD 20W Carregamento r\u00e1pido com 2 linhas<\/div>\n<\/div>\n<\/div>\n<div class=\"id-grid id-max-h-[68px] id-overflow-hidden id-grid-cols-[2fr_3fr] id-border-b-[0.5px] id-border-[#ddd]\">\n<div class=\"id-text-sm id-p-4 id-bg-[#f8f8f8] id-flex id-items-center\" title=\"Sa\u00edda\">\n<div class=\"id-line-clamp-2 id-leading-[18px]\">Sa\u00edda: 5V\/4.5A, 9V\/2A, 12V\/1.5A<\/div>\n<\/div>\n<\/div>\n<div class=\"id-grid id-max-h-[68px] id-overflow-hidden id-grid-cols-[2fr_3fr] id-border-b-[0.5px] id-border-[#ddd]\">\n<div class=\"id-text-sm id-p-4 id-bg-[#f8f8f8] id-flex id-items-center\" title=\"Cor\">\n<div class=\"id-line-clamp-2 id-leading-[18px]\">Cor\uff1a Preto Bege<\/div>\n<\/div>\n<\/div>\n<div class=\"id-grid id-max-h-[68px] id-overflow-hidden id-grid-cols-[2fr_3fr] id-border-b-[0.5px] id-border-[#ddd]\">\n<div class=\"id-text-sm id-p-4 id-bg-[#f8f8f8] id-flex id-items-center\" title=\"Capacidade\">\n<div class=\"id-line-clamp-2 id-leading-[18px]\">Capacidade\uff1a 20000mah<\/div>\n<\/div>\n<\/div>\n<div class=\"id-grid id-max-h-[68px] id-overflow-hidden id-grid-cols-[2fr_3fr]\">\n<div class=\"id-text-sm id-p-4 id-bg-[#f8f8f8] id-flex id-items-center\" title=\"Log\u00f3tipo\">\n<div class=\"id-line-clamp-2 id-leading-[18px]\">Logotipo\uff1aImpress\u00e3o de logotipo personalizado<\/div>\n<\/div>\n<\/div>\n<div class=\"id-grid id-max-h-[68px] id-overflow-hidden id-grid-cols-[2fr_3fr]\">\n<div class=\"id-text-sm id-p-4 id-bg-[#f8f8f8] id-flex id-items-center\" title=\"Certifica\u00e7\u00e3o\">\n<div class=\"id-line-clamp-2 id-leading-[18px]\">Certifica\u00e7\u00e3o\uff1a CE MSDS UN38.3<\/div>\n<\/div>\n<\/div>\n<\/div>\n<\/div>\n<div class=\"\">\n<h3 class=\"id-text-base id-font-bold id-mt-5\">Embalagem e entrega<\/h3>\n<div class=\"id-grid id-grid-cols-2 id-border-[0.5px] id-border-[#ddd] id-mt-3\">\n<div class=\"id-grid id-max-h-[68px] id-overflow-hidden id-grid-cols-[2fr_3fr] id-border-b-[0.5px] id-border-[#ddd]\">\n<div class=\"id-text-sm id-p-4 id-bg-[#f8f8f8] id-flex id-items-center\" title=\"Unidades de venda\">\n<div class=\"id-line-clamp-2 id-leading-[18px]\">Unidades de venda\uff1a Item \u00fanico<\/div>\n<\/div>\n<\/div>\n<div class=\"id-grid id-max-h-[68px] id-overflow-hidden id-grid-cols-[2fr_3fr] id-border-b-[0.5px] id-border-[#ddd]\">\n<div class=\"id-text-sm id-p-4 id-bg-[#f8f8f8] id-flex id-items-center\" title=\"Tamanho da embalagem individual\">\n<div class=\"id-line-clamp-2 id-leading-[18px]\">Tamanho da embalagem individual: 13X6,5X6,2 cm<\/div>\n<\/div>\n<\/div>\n<div class=\"id-grid id-max-h-[68px] id-overflow-hidden id-grid-cols-[2fr_3fr]\">\n<div class=\"id-text-sm id-p-4 id-bg-[#f8f8f8] id-flex id-items-center\" title=\"Peso bruto \u00fanico\">\n<div class=\"id-line-clamp-2 id-leading-[18px]\">Peso bruto \u00fanico\uff1a 0,580 KG<\/div>\n<\/div>\n<\/div>\n<\/div>\n<\/div>\n<\/div>\n<p><img loading=\"lazy\" decoding=\"async\" class=\"alignnone size-full wp-image-9117\" src=\"https:\/\/www.yunkuntech.com\/wp-content\/uploads\/2025\/06\/SKU_2.jpg\" alt=\"\" width=\"800\" height=\"800\" srcset=\"https:\/\/www.yunkuntech.com\/wp-content\/uploads\/2025\/06\/SKU_2.jpg 800w, https:\/\/www.yunkuntech.com\/wp-content\/uploads\/2025\/06\/SKU_2-300x300.jpg 300w, https:\/\/www.yunkuntech.com\/wp-content\/uploads\/2025\/06\/SKU_2-150x150.jpg 150w, https:\/\/www.yunkuntech.com\/wp-content\/uploads\/2025\/06\/SKU_2-768x768.jpg 768w, https:\/\/www.yunkuntech.com\/wp-content\/uploads\/2025\/06\/SKU_2-12x12.jpg 12w, https:\/\/www.yunkuntech.com\/wp-content\/uploads\/2025\/06\/SKU_2-430x430.jpg 430w, https:\/\/www.yunkuntech.com\/wp-content\/uploads\/2025\/06\/SKU_2-700x700.jpg 700w\" sizes=\"auto, (max-width: 800px) 100vw, 800px\" \/> <img loading=\"lazy\" decoding=\"async\" class=\"alignnone size-full wp-image-9115\" src=\"https:\/\/www.yunkuntech.com\/wp-content\/uploads\/2025\/06\/\u4e3b\u56fe_5.jpg\" alt=\"\" width=\"800\" height=\"800\" srcset=\"https:\/\/www.yunkuntech.com\/wp-content\/uploads\/2025\/06\/\u4e3b\u56fe_5.jpg 800w, https:\/\/www.yunkuntech.com\/wp-content\/uploads\/2025\/06\/\u4e3b\u56fe_5-300x300.jpg 300w, https:\/\/www.yunkuntech.com\/wp-content\/uploads\/2025\/06\/\u4e3b\u56fe_5-150x150.jpg 150w, https:\/\/www.yunkuntech.com\/wp-content\/uploads\/2025\/06\/\u4e3b\u56fe_5-768x768.jpg 768w, https:\/\/www.yunkuntech.com\/wp-content\/uploads\/2025\/06\/\u4e3b\u56fe_5-12x12.jpg 12w, https:\/\/www.yunkuntech.com\/wp-content\/uploads\/2025\/06\/\u4e3b\u56fe_5-430x430.jpg 430w, https:\/\/www.yunkuntech.com\/wp-content\/uploads\/2025\/06\/\u4e3b\u56fe_5-700x700.jpg 700w\" sizes=\"auto, (max-width: 800px) 100vw, 800px\" \/> <img loading=\"lazy\" decoding=\"async\" class=\"alignnone size-full wp-image-9113\" src=\"https:\/\/www.yunkuntech.com\/wp-content\/uploads\/2025\/06\/\u4e3b\u56fe_3.jpg\" alt=\"\" width=\"800\" height=\"800\" srcset=\"https:\/\/www.yunkuntech.com\/wp-content\/uploads\/2025\/06\/\u4e3b\u56fe_3.jpg 800w, https:\/\/www.yunkuntech.com\/wp-content\/uploads\/2025\/06\/\u4e3b\u56fe_3-300x300.jpg 300w, https:\/\/www.yunkuntech.com\/wp-content\/uploads\/2025\/06\/\u4e3b\u56fe_3-150x150.jpg 150w, https:\/\/www.yunkuntech.com\/wp-content\/uploads\/2025\/06\/\u4e3b\u56fe_3-768x768.jpg 768w, https:\/\/www.yunkuntech.com\/wp-content\/uploads\/2025\/06\/\u4e3b\u56fe_3-12x12.jpg 12w, https:\/\/www.yunkuntech.com\/wp-content\/uploads\/2025\/06\/\u4e3b\u56fe_3-430x430.jpg 430w, https:\/\/www.yunkuntech.com\/wp-content\/uploads\/2025\/06\/\u4e3b\u56fe_3-700x700.jpg 700w\" sizes=\"auto, (max-width: 800px) 100vw, 800px\" \/> <img loading=\"lazy\" decoding=\"async\" class=\"alignnone size-full wp-image-9112\" src=\"https:\/\/www.yunkuntech.com\/wp-content\/uploads\/2025\/06\/\u4e3b\u56fe_2.jpg\" alt=\"\" width=\"800\" height=\"800\" srcset=\"https:\/\/www.yunkuntech.com\/wp-content\/uploads\/2025\/06\/\u4e3b\u56fe_2.jpg 800w, https:\/\/www.yunkuntech.com\/wp-content\/uploads\/2025\/06\/\u4e3b\u56fe_2-300x300.jpg 300w, https:\/\/www.yunkuntech.com\/wp-content\/uploads\/2025\/06\/\u4e3b\u56fe_2-150x150.jpg 150w, https:\/\/www.yunkuntech.com\/wp-content\/uploads\/2025\/06\/\u4e3b\u56fe_2-768x768.jpg 768w, https:\/\/www.yunkuntech.com\/wp-content\/uploads\/2025\/06\/\u4e3b\u56fe_2-12x12.jpg 12w, https:\/\/www.yunkuntech.com\/wp-content\/uploads\/2025\/06\/\u4e3b\u56fe_2-430x430.jpg 430w, https:\/\/www.yunkuntech.com\/wp-content\/uploads\/2025\/06\/\u4e3b\u56fe_2-700x700.jpg 700w\" sizes=\"auto, (max-width: 800px) 100vw, 800px\" \/> <img loading=\"lazy\" decoding=\"async\" class=\"alignnone size-full wp-image-9111\" src=\"https:\/\/www.yunkuntech.com\/wp-content\/uploads\/2025\/06\/\u4e3b\u56fe_1.png\" alt=\"\" width=\"800\" height=\"800\" srcset=\"https:\/\/www.yunkuntech.com\/wp-content\/uploads\/2025\/06\/\u4e3b\u56fe_1.png 800w, https:\/\/www.yunkuntech.com\/wp-content\/uploads\/2025\/06\/\u4e3b\u56fe_1-300x300.png 300w, https:\/\/www.yunkuntech.com\/wp-content\/uploads\/2025\/06\/\u4e3b\u56fe_1-150x150.png 150w, https:\/\/www.yunkuntech.com\/wp-content\/uploads\/2025\/06\/\u4e3b\u56fe_1-768x768.png 768w, https:\/\/www.yunkuntech.com\/wp-content\/uploads\/2025\/06\/\u4e3b\u56fe_1-12x12.png 12w, https:\/\/www.yunkuntech.com\/wp-content\/uploads\/2025\/06\/\u4e3b\u56fe_1-430x430.png 430w, https:\/\/www.yunkuntech.com\/wp-content\/uploads\/2025\/06\/\u4e3b\u56fe_1-700x700.png 700w\" sizes=\"auto, (max-width: 800px) 100vw, 800px\" \/><\/p>","protected":false},"excerpt":{"rendered":"<p>Banco de pot\u00eancia port\u00e1til para exterior 20000mah Carregamento r\u00e1pido com 2 cabos Ecr\u00e3 LED Lanterna Punho QC3.0 PD 22.5w para iPhone Samsung<\/p>","protected":false},"featured_media":9112,"comment_status":"closed","ping_status":"closed","template":"","meta":[],"product_cat":[20],"product_tag":[],"class_list":["post-9110","product","type-product","status-publish","has-post-thumbnail","hentry","product_cat-high-capacity-power-bank"],"_links":{"self":[{"href":"https:\/\/www.yunkuntech.com\/pt\/wp-json\/wp\/v2\/product\/9110","targetHints":{"allow":["GET"]}}],"collection":[{"href":"https:\/\/www.yunkuntech.com\/pt\/wp-json\/wp\/v2\/product"}],"about":[{"href":"https:\/\/www.yunkuntech.com\/pt\/wp-json\/wp\/v2\/types\/product"}],"replies":[{"embeddable":true,"href":"https:\/\/www.yunkuntech.com\/pt\/wp-json\/wp\/v2\/comments?post=9110"}],"version-history":[{"count":1,"href":"https:\/\/www.yunkuntech.com\/pt\/wp-json\/wp\/v2\/product\/9110\/revisions"}],"predecessor-version":[{"id":9118,"href":"https:\/\/www.yunkuntech.com\/pt\/wp-json\/wp\/v2\/product\/9110\/revisions\/9118"}],"wp:featuredmedia":[{"embeddable":true,"href":"https:\/\/www.yunkuntech.com\/pt\/wp-json\/wp\/v2\/media\/9112"}],"wp:attachment":[{"href":"https:\/\/www.yunkuntech.com\/pt\/wp-json\/wp\/v2\/media?parent=9110"}],"wp:term":[{"taxonomy":"product_cat","embeddable":true,"href":"https:\/\/www.yunkuntech.com\/pt\/wp-json\/wp\/v2\/product_cat?post=9110"},{"taxonomy":"product_tag","embeddable":true,"href":"https:\/\/www.yunkuntech.com\/pt\/wp-json\/wp\/v2\/product_tag?post=9110"}],"curies":[{"name":"wp","href":"https:\/\/api.w.org\/{rel}","templated":true}]}}