{"id":9100,"date":"2025-05-15T14:07:12","date_gmt":"2025-05-15T06:07:12","guid":{"rendered":"https:\/\/www.yunkuntech.com\/?post_type=product&#038;p=9100"},"modified":"2025-05-15T14:07:12","modified_gmt":"2025-05-15T06:07:12","slug":"factory-price-wholesale-4-128g-sd-extreme-pro-sdxc-uhs-i-card-c10-sd-card-for-camera-phone-ect","status":"publish","type":"product","link":"https:\/\/www.yunkuntech.com\/pt\/product\/factory-price-wholesale-4-128g-sd-extreme-pro-sdxc-uhs-i-card-c10-sd-card-for-camera-phone-ect\/","title":{"rendered":"Pre\u00e7o de f\u00e1brica por atacado 4-128g Cart\u00e3o SD Extreme PRO SDXC UHS-I - C10, Cart\u00e3o SD para c\u00e2mara\/telem\u00f3vel ect"},"content":{"rendered":"<h1 title=\"Pre\u00e7o de f\u00e1brica por atacado 128g Cart\u00e3o SD Extreme PRO SDXC UHS-I - C10, U3, V30, 4K UHD, Cart\u00e3o SD para c\u00e2mera\" data-spm-anchor-id=\"a2700.details.0.i76.1ccd3260rkHK5s\">Pre\u00e7o de f\u00e1brica por atacado 4-128g Cart\u00e3o SD Extreme PRO SDXC UHS-I - C10, Cart\u00e3o SD para c\u00e2mara\/telem\u00f3vel ect<\/h1>\n<div class=\"module_attribute\" data-module-name=\"module_attribute\">\n<div class=\"attribute-layout\" data-aplus-ae=\"x10_7dd0fde7\" data-spm-anchor-id=\"a2700.details.0.i10.1ccd3260rkHK5s\">\n<h2 id=\"key-attributes\" class=\"att-title\" data-spm-anchor-id=\"a2700.details.0.i78.1ccd3260rkHK5s\">Principais atributos<\/h2>\n<div class=\"attribute-info\">\n<h3>Atributos espec\u00edficos do sector<\/h3>\n<div class=\"attribute-list\">\n<div class=\"attribute-item\">\n<div class=\"left\">tipo: Cart\u00e3o SD e Micro Cart\u00e3o<\/div>\n<\/div>\n<div class=\"attribute-item\">\n<div class=\"left\">Compat\u00edvel com: MP3, telem\u00f3vel, c\u00e2mara, GPS<\/div>\n<\/div>\n<\/div>\n<h3>Outros atributos<\/h3>\n<div class=\"attribute-list\">\n<div class=\"attribute-item\">\n<div class=\"left\">Nome da marca: OEM<\/div>\n<\/div>\n<div class=\"attribute-item\">\n<div class=\"left\">N\u00famero do modelo: Cart\u00e3o SD Extreme PRO SDXC de 128g para c\u00e2mara<\/div>\n<\/div>\n<div class=\"attribute-item\">\n<div class=\"left\">local de origem: Guangdong, China<\/div>\n<\/div>\n<div class=\"attribute-item\">\n<div class=\"left\">cor: preto<\/div>\n<\/div>\n<div class=\"attribute-item\">\n<div class=\"left\">material: Pl\u00e1stico<\/div>\n<\/div>\n<div class=\"attribute-item\">\n<div class=\"left\">velocidade: CLASSE10<\/div>\n<\/div>\n<div class=\"attribute-item\">\n<div class=\"left\">Nome do produto: Cart\u00e3o SD Extreme PRO SDXC de 128g para c\u00e2mara<\/div>\n<\/div>\n<div class=\"attribute-item\">\n<div class=\"left\">Compatibilidade: Tablet PC\/MP3\/PHONE\/C\u00e2mara\/GPS\/DVR<\/div>\n<\/div>\n<div class=\"attribute-item\">\n<div class=\"left\">Velocidade de leitura: 30m\/s aproximadamente<\/div>\n<\/div>\n<div class=\"attribute-item\">\n<div class=\"left\">Velocidade de escrita: 10m\/s<\/div>\n<\/div>\n<div class=\"attribute-item\">\n<div class=\"left\">Certifica\u00e7\u00e3o: CE.ROSH<\/div>\n<\/div>\n<div class=\"attribute-item\">\n<div class=\"left\">Garantia: 3 anos<\/div>\n<\/div>\n<div class=\"attribute-item\">\n<div class=\"left\">marca: marca original<\/div>\n<\/div>\n<div class=\"attribute-item\">\n<div class=\"left\">Log\u00f3tipo: Suporte<\/div>\n<\/div>\n<\/div>\n<h3>Embalagem e entrega<\/h3>\n<div class=\"attribute-list\">\n<div class=\"attribute-item\">\n<div class=\"left\" data-spm-anchor-id=\"a2700.details.0.i79.1ccd3260rkHK5s\">Unidades de venda: Artigo \u00fanico<\/div>\n<\/div>\n<div class=\"attribute-item\">\n<div class=\"left\">Tamanho da embalagem individual: 5X3X1 cm<\/div>\n<\/div>\n<div class=\"attribute-item\">\n<div class=\"left\">Peso bruto \u00fanico: 0,020 kg<\/div>\n<\/div>\n<\/div>\n<\/div>\n<\/div>\n<\/div>\n<p><img loading=\"lazy\" decoding=\"async\" class=\"alignnone size-full wp-image-9105\" src=\"https:\/\/www.yunkuntech.com\/wp-content\/uploads\/2025\/05\/\u4e3b\u56fe_1-8.jpg\" alt=\"\" width=\"1000\" height=\"1000\" srcset=\"https:\/\/www.yunkuntech.com\/wp-content\/uploads\/2025\/05\/\u4e3b\u56fe_1-8.jpg 1000w, https:\/\/www.yunkuntech.com\/wp-content\/uploads\/2025\/05\/\u4e3b\u56fe_1-8-300x300.jpg 300w, https:\/\/www.yunkuntech.com\/wp-content\/uploads\/2025\/05\/\u4e3b\u56fe_1-8-800x800.jpg 800w, https:\/\/www.yunkuntech.com\/wp-content\/uploads\/2025\/05\/\u4e3b\u56fe_1-8-150x150.jpg 150w, https:\/\/www.yunkuntech.com\/wp-content\/uploads\/2025\/05\/\u4e3b\u56fe_1-8-768x768.jpg 768w, https:\/\/www.yunkuntech.com\/wp-content\/uploads\/2025\/05\/\u4e3b\u56fe_1-8-12x12.jpg 12w, https:\/\/www.yunkuntech.com\/wp-content\/uploads\/2025\/05\/\u4e3b\u56fe_1-8-860x860.jpg 860w, https:\/\/www.yunkuntech.com\/wp-content\/uploads\/2025\/05\/\u4e3b\u56fe_1-8-430x430.jpg 430w, https:\/\/www.yunkuntech.com\/wp-content\/uploads\/2025\/05\/\u4e3b\u56fe_1-8-700x700.jpg 700w\" sizes=\"auto, (max-width: 1000px) 100vw, 1000px\" \/> <img loading=\"lazy\" decoding=\"async\" class=\"alignnone size-full wp-image-9104\" src=\"https:\/\/www.yunkuntech.com\/wp-content\/uploads\/2025\/05\/\u8be6\u60c5\u56fe_1-4-scaled.jpg\" alt=\"\" width=\"2560\" height=\"1709\" srcset=\"https:\/\/www.yunkuntech.com\/wp-content\/uploads\/2025\/05\/\u8be6\u60c5\u56fe_1-4-scaled.jpg 2560w, https:\/\/www.yunkuntech.com\/wp-content\/uploads\/2025\/05\/\u8be6\u60c5\u56fe_1-4-400x267.jpg 400w, https:\/\/www.yunkuntech.com\/wp-content\/uploads\/2025\/05\/\u8be6\u60c5\u56fe_1-4-1198x800.jpg 1198w, https:\/\/www.yunkuntech.com\/wp-content\/uploads\/2025\/05\/\u8be6\u60c5\u56fe_1-4-768x513.jpg 768w, https:\/\/www.yunkuntech.com\/wp-content\/uploads\/2025\/05\/\u8be6\u60c5\u56fe_1-4-1536x1025.jpg 1536w, https:\/\/www.yunkuntech.com\/wp-content\/uploads\/2025\/05\/\u8be6\u60c5\u56fe_1-4-2048x1367.jpg 2048w, https:\/\/www.yunkuntech.com\/wp-content\/uploads\/2025\/05\/\u8be6\u60c5\u56fe_1-4-18x12.jpg 18w, https:\/\/www.yunkuntech.com\/wp-content\/uploads\/2025\/05\/\u8be6\u60c5\u56fe_1-4-860x574.jpg 860w, https:\/\/www.yunkuntech.com\/wp-content\/uploads\/2025\/05\/\u8be6\u60c5\u56fe_1-4-430x287.jpg 430w, https:\/\/www.yunkuntech.com\/wp-content\/uploads\/2025\/05\/\u8be6\u60c5\u56fe_1-4-700x467.jpg 700w, https:\/\/www.yunkuntech.com\/wp-content\/uploads\/2025\/05\/\u8be6\u60c5\u56fe_1-4-150x100.jpg 150w\" sizes=\"auto, (max-width: 2560px) 100vw, 2560px\" \/> <img loading=\"lazy\" decoding=\"async\" class=\"alignnone size-full wp-image-9103\" src=\"https:\/\/www.yunkuntech.com\/wp-content\/uploads\/2025\/05\/\u4e3b\u56fe_5-7.jpg\" alt=\"\" width=\"1000\" height=\"1000\" srcset=\"https:\/\/www.yunkuntech.com\/wp-content\/uploads\/2025\/05\/\u4e3b\u56fe_5-7.jpg 1000w, https:\/\/www.yunkuntech.com\/wp-content\/uploads\/2025\/05\/\u4e3b\u56fe_5-7-300x300.jpg 300w, https:\/\/www.yunkuntech.com\/wp-content\/uploads\/2025\/05\/\u4e3b\u56fe_5-7-800x800.jpg 800w, https:\/\/www.yunkuntech.com\/wp-content\/uploads\/2025\/05\/\u4e3b\u56fe_5-7-150x150.jpg 150w, https:\/\/www.yunkuntech.com\/wp-content\/uploads\/2025\/05\/\u4e3b\u56fe_5-7-768x768.jpg 768w, https:\/\/www.yunkuntech.com\/wp-content\/uploads\/2025\/05\/\u4e3b\u56fe_5-7-12x12.jpg 12w, https:\/\/www.yunkuntech.com\/wp-content\/uploads\/2025\/05\/\u4e3b\u56fe_5-7-860x860.jpg 860w, https:\/\/www.yunkuntech.com\/wp-content\/uploads\/2025\/05\/\u4e3b\u56fe_5-7-430x430.jpg 430w, https:\/\/www.yunkuntech.com\/wp-content\/uploads\/2025\/05\/\u4e3b\u56fe_5-7-700x700.jpg 700w\" sizes=\"auto, (max-width: 1000px) 100vw, 1000px\" \/> <img loading=\"lazy\" decoding=\"async\" class=\"alignnone size-full wp-image-9102\" src=\"https:\/\/www.yunkuntech.com\/wp-content\/uploads\/2025\/05\/\u4e3b\u56fe_4-6.jpg\" alt=\"\" width=\"1000\" height=\"1000\" srcset=\"https:\/\/www.yunkuntech.com\/wp-content\/uploads\/2025\/05\/\u4e3b\u56fe_4-6.jpg 1000w, https:\/\/www.yunkuntech.com\/wp-content\/uploads\/2025\/05\/\u4e3b\u56fe_4-6-300x300.jpg 300w, https:\/\/www.yunkuntech.com\/wp-content\/uploads\/2025\/05\/\u4e3b\u56fe_4-6-800x800.jpg 800w, https:\/\/www.yunkuntech.com\/wp-content\/uploads\/2025\/05\/\u4e3b\u56fe_4-6-150x150.jpg 150w, https:\/\/www.yunkuntech.com\/wp-content\/uploads\/2025\/05\/\u4e3b\u56fe_4-6-768x768.jpg 768w, https:\/\/www.yunkuntech.com\/wp-content\/uploads\/2025\/05\/\u4e3b\u56fe_4-6-12x12.jpg 12w, https:\/\/www.yunkuntech.com\/wp-content\/uploads\/2025\/05\/\u4e3b\u56fe_4-6-860x860.jpg 860w, https:\/\/www.yunkuntech.com\/wp-content\/uploads\/2025\/05\/\u4e3b\u56fe_4-6-430x430.jpg 430w, https:\/\/www.yunkuntech.com\/wp-content\/uploads\/2025\/05\/\u4e3b\u56fe_4-6-700x700.jpg 700w\" sizes=\"auto, (max-width: 1000px) 100vw, 1000px\" \/> <img loading=\"lazy\" decoding=\"async\" class=\"alignnone size-full wp-image-9101\" src=\"https:\/\/www.yunkuntech.com\/wp-content\/uploads\/2025\/05\/\u8be6\u60c5\u56fe_10-1.jpg\" alt=\"\" width=\"640\" height=\"640\" srcset=\"https:\/\/www.yunkuntech.com\/wp-content\/uploads\/2025\/05\/\u8be6\u60c5\u56fe_10-1.jpg 640w, https:\/\/www.yunkuntech.com\/wp-content\/uploads\/2025\/05\/\u8be6\u60c5\u56fe_10-1-300x300.jpg 300w, https:\/\/www.yunkuntech.com\/wp-content\/uploads\/2025\/05\/\u8be6\u60c5\u56fe_10-1-150x150.jpg 150w, https:\/\/www.yunkuntech.com\/wp-content\/uploads\/2025\/05\/\u8be6\u60c5\u56fe_10-1-12x12.jpg 12w, https:\/\/www.yunkuntech.com\/wp-content\/uploads\/2025\/05\/\u8be6\u60c5\u56fe_10-1-430x430.jpg 430w\" sizes=\"auto, (max-width: 640px) 100vw, 640px\" \/><\/p>","protected":false},"excerpt":{"rendered":"<p>Pre\u00e7o de f\u00e1brica por atacado 4-128g Cart\u00e3o SD Extreme PRO SDXC UHS-I - C10, Cart\u00e3o SD para c\u00e2mara\/telem\u00f3vel ect Atributos principais Espec\u00edficos da ind\u00fastria<\/p>","protected":false},"featured_media":9105,"comment_status":"closed","ping_status":"closed","template":"","meta":[],"product_cat":[76],"product_tag":[],"class_list":["post-9100","product","type-product","status-publish","has-post-thumbnail","hentry","product_cat-usb-drive"],"_links":{"self":[{"href":"https:\/\/www.yunkuntech.com\/pt\/wp-json\/wp\/v2\/product\/9100","targetHints":{"allow":["GET"]}}],"collection":[{"href":"https:\/\/www.yunkuntech.com\/pt\/wp-json\/wp\/v2\/product"}],"about":[{"href":"https:\/\/www.yunkuntech.com\/pt\/wp-json\/wp\/v2\/types\/product"}],"replies":[{"embeddable":true,"href":"https:\/\/www.yunkuntech.com\/pt\/wp-json\/wp\/v2\/comments?post=9100"}],"version-history":[{"count":2,"href":"https:\/\/www.yunkuntech.com\/pt\/wp-json\/wp\/v2\/product\/9100\/revisions"}],"predecessor-version":[{"id":9107,"href":"https:\/\/www.yunkuntech.com\/pt\/wp-json\/wp\/v2\/product\/9100\/revisions\/9107"}],"wp:featuredmedia":[{"embeddable":true,"href":"https:\/\/www.yunkuntech.com\/pt\/wp-json\/wp\/v2\/media\/9105"}],"wp:attachment":[{"href":"https:\/\/www.yunkuntech.com\/pt\/wp-json\/wp\/v2\/media?parent=9100"}],"wp:term":[{"taxonomy":"product_cat","embeddable":true,"href":"https:\/\/www.yunkuntech.com\/pt\/wp-json\/wp\/v2\/product_cat?post=9100"},{"taxonomy":"product_tag","embeddable":true,"href":"https:\/\/www.yunkuntech.com\/pt\/wp-json\/wp\/v2\/product_tag?post=9100"}],"curies":[{"name":"wp","href":"https:\/\/api.w.org\/{rel}","templated":true}]}}