{"id":9091,"date":"2025-05-14T16:35:56","date_gmt":"2025-05-14T08:35:56","guid":{"rendered":"https:\/\/www.yunkuntech.com\/?post_type=product&#038;p=9091"},"modified":"2025-05-14T16:35:56","modified_gmt":"2025-05-14T08:35:56","slug":"classic-hotest-wood-pen-drive-customizable-wedding-gift-pendrive","status":"publish","type":"product","link":"https:\/\/www.yunkuntech.com\/pt\/product\/classic-hotest-wood-pen-drive-customizable-wedding-gift-pendrive\/","title":{"rendered":"Pen drive de madeira cl\u00e1ssica mais quente Pen drive personaliz\u00e1vel para oferta de casamento"},"content":{"rendered":"<h1 class=\"product_title entry-title wd-entities-title\">Pen drive de madeira cl\u00e1ssica mais quente Pen drive personaliz\u00e1vel para oferta de casamento<\/h1>\n<h2 id=\"key-attributes\" class=\"att-title\" data-spm-anchor-id=\"a2700.details.0.i78.502c1f09U2YlfU\">Principais atributos<\/h2>\n<div class=\"attribute-info\">\n<h3>Atributos espec\u00edficos do sector<\/h3>\n<div class=\"attribute-list\">\n<div class=\"attribute-item\">\n<div class=\"left\">material: Pl\u00e1stico<\/div>\n<\/div>\n<div class=\"attribute-item\">\n<div class=\"left\">tipo de interface: USB 2.0<\/div>\n<\/div>\n<\/div>\n<h3>Outros atributos<\/h3>\n<div class=\"attribute-list\">\n<div class=\"attribute-item\">\n<div class=\"left\">garantia (ano): 5 anos<\/div>\n<\/div>\n<div class=\"attribute-item\">\n<div class=\"left\">local de origem: Guangdong, China<\/div>\n<\/div>\n<div class=\"attribute-item\">\n<div class=\"left\">nome da marca: Apoio \u00e0 personaliza\u00e7\u00e3o do seu log\u00f3tipo<\/div>\n<\/div>\n<div class=\"attribute-item\">\n<div class=\"left\">Certifica\u00e7\u00e3o: CE\/RoHS<\/div>\n<\/div>\n<div class=\"attribute-item\">\n<div class=\"left\">Capacity: 128MB\/256MB\/512MB\/1GB\/2GB\/4GB\/8GB\/16GB\/32GB\/64GB\/128GB<\/div>\n<\/div>\n<div class=\"attribute-item\">\n<div class=\"left\">Log\u00f3tipo: Impress\u00e3o HD\/Impress\u00e3o UV\/Laser\/Tela de seda<\/div>\n<\/div>\n<div class=\"attribute-item\">\n<div class=\"left\">Tipo: unidade flash usb girat\u00f3ria<\/div>\n<\/div>\n<div class=\"attribute-item\">\n<div class=\"left\">Embalagem: Saco de Ploy\/caixa de oferta\/caixa PP\/caixa de papel<\/div>\n<\/div>\n<div class=\"attribute-item\">\n<div class=\"left\">Cor: Cor PMS<\/div>\n<\/div>\n<div class=\"attribute-item\">\n<div class=\"left\">H2: Aprovado<\/div>\n<\/div>\n<div class=\"attribute-item\">\n<div class=\"left\">MOQ: 50 Pcs<\/div>\n<\/div>\n<div class=\"attribute-item\">\n<div class=\"left\">Peso: 16g<\/div>\n<\/div>\n<\/div>\n<h3>Embalagem e entrega<\/h3>\n<div class=\"attribute-list\">\n<div class=\"attribute-item\">\n<div class=\"left\">Unidades de venda: Artigo \u00fanico<\/div>\n<\/div>\n<div class=\"attribute-item\">\n<div class=\"left\">Tamanho da embalagem individual: 6X3X1 cm<\/div>\n<\/div>\n<div class=\"attribute-item\">\n<div class=\"left\">Peso bruto \u00fanico: 0,030 kg<\/div>\n<\/div>\n<div><img loading=\"lazy\" decoding=\"async\" class=\"alignnone size-full wp-image-9092\" src=\"https:\/\/www.yunkuntech.com\/wp-content\/uploads\/2025\/05\/123-1.jpg\" alt=\"\" width=\"800\" height=\"798\" srcset=\"https:\/\/www.yunkuntech.com\/wp-content\/uploads\/2025\/05\/123-1.jpg 800w, https:\/\/www.yunkuntech.com\/wp-content\/uploads\/2025\/05\/123-1-301x300.jpg 301w, https:\/\/www.yunkuntech.com\/wp-content\/uploads\/2025\/05\/123-1-150x150.jpg 150w, https:\/\/www.yunkuntech.com\/wp-content\/uploads\/2025\/05\/123-1-768x766.jpg 768w, https:\/\/www.yunkuntech.com\/wp-content\/uploads\/2025\/05\/123-1-12x12.jpg 12w, https:\/\/www.yunkuntech.com\/wp-content\/uploads\/2025\/05\/123-1-430x429.jpg 430w, https:\/\/www.yunkuntech.com\/wp-content\/uploads\/2025\/05\/123-1-700x698.jpg 700w\" sizes=\"auto, (max-width: 800px) 100vw, 800px\" \/> <img loading=\"lazy\" decoding=\"async\" class=\"alignnone size-full wp-image-9093\" src=\"https:\/\/www.yunkuntech.com\/wp-content\/uploads\/2025\/05\/\u8be6\u60c5\u56fe_2.jpg\" alt=\"\" width=\"1000\" height=\"1000\" srcset=\"https:\/\/www.yunkuntech.com\/wp-content\/uploads\/2025\/05\/\u8be6\u60c5\u56fe_2.jpg 1000w, https:\/\/www.yunkuntech.com\/wp-content\/uploads\/2025\/05\/\u8be6\u60c5\u56fe_2-300x300.jpg 300w, https:\/\/www.yunkuntech.com\/wp-content\/uploads\/2025\/05\/\u8be6\u60c5\u56fe_2-800x800.jpg 800w, https:\/\/www.yunkuntech.com\/wp-content\/uploads\/2025\/05\/\u8be6\u60c5\u56fe_2-150x150.jpg 150w, https:\/\/www.yunkuntech.com\/wp-content\/uploads\/2025\/05\/\u8be6\u60c5\u56fe_2-768x768.jpg 768w, https:\/\/www.yunkuntech.com\/wp-content\/uploads\/2025\/05\/\u8be6\u60c5\u56fe_2-12x12.jpg 12w, https:\/\/www.yunkuntech.com\/wp-content\/uploads\/2025\/05\/\u8be6\u60c5\u56fe_2-860x860.jpg 860w, https:\/\/www.yunkuntech.com\/wp-content\/uploads\/2025\/05\/\u8be6\u60c5\u56fe_2-430x430.jpg 430w, https:\/\/www.yunkuntech.com\/wp-content\/uploads\/2025\/05\/\u8be6\u60c5\u56fe_2-700x700.jpg 700w\" sizes=\"auto, (max-width: 1000px) 100vw, 1000px\" \/> <img loading=\"lazy\" decoding=\"async\" class=\"alignnone size-full wp-image-9095\" src=\"https:\/\/www.yunkuntech.com\/wp-content\/uploads\/2025\/05\/\u4e3b\u56fe_2-1.png\" alt=\"\" width=\"800\" height=\"800\" srcset=\"https:\/\/www.yunkuntech.com\/wp-content\/uploads\/2025\/05\/\u4e3b\u56fe_2-1.png 800w, https:\/\/www.yunkuntech.com\/wp-content\/uploads\/2025\/05\/\u4e3b\u56fe_2-1-300x300.png 300w, https:\/\/www.yunkuntech.com\/wp-content\/uploads\/2025\/05\/\u4e3b\u56fe_2-1-150x150.png 150w, https:\/\/www.yunkuntech.com\/wp-content\/uploads\/2025\/05\/\u4e3b\u56fe_2-1-768x768.png 768w, https:\/\/www.yunkuntech.com\/wp-content\/uploads\/2025\/05\/\u4e3b\u56fe_2-1-12x12.png 12w, https:\/\/www.yunkuntech.com\/wp-content\/uploads\/2025\/05\/\u4e3b\u56fe_2-1-430x430.png 430w, https:\/\/www.yunkuntech.com\/wp-content\/uploads\/2025\/05\/\u4e3b\u56fe_2-1-700x700.png 700w\" sizes=\"auto, (max-width: 800px) 100vw, 800px\" \/> <img loading=\"lazy\" decoding=\"async\" class=\"alignnone size-full wp-image-9096\" src=\"https:\/\/www.yunkuntech.com\/wp-content\/uploads\/2025\/05\/\u4e3b\u56fe_4.png\" alt=\"\" width=\"800\" height=\"800\" srcset=\"https:\/\/www.yunkuntech.com\/wp-content\/uploads\/2025\/05\/\u4e3b\u56fe_4.png 800w, https:\/\/www.yunkuntech.com\/wp-content\/uploads\/2025\/05\/\u4e3b\u56fe_4-300x300.png 300w, https:\/\/www.yunkuntech.com\/wp-content\/uploads\/2025\/05\/\u4e3b\u56fe_4-150x150.png 150w, https:\/\/www.yunkuntech.com\/wp-content\/uploads\/2025\/05\/\u4e3b\u56fe_4-768x768.png 768w, https:\/\/www.yunkuntech.com\/wp-content\/uploads\/2025\/05\/\u4e3b\u56fe_4-12x12.png 12w, https:\/\/www.yunkuntech.com\/wp-content\/uploads\/2025\/05\/\u4e3b\u56fe_4-430x430.png 430w, https:\/\/www.yunkuntech.com\/wp-content\/uploads\/2025\/05\/\u4e3b\u56fe_4-700x700.png 700w\" sizes=\"auto, (max-width: 800px) 100vw, 800px\" \/><\/div>\n<\/div>\n<\/div>","protected":false},"excerpt":{"rendered":"<p>Pen drive de madeira cl\u00e1ssica mais quente Pen drive personaliz\u00e1vel para presente de casamento Pendrive Principais atributos Atributos espec\u00edficos da ind\u00fastria material: Pl\u00e1stico tipo de interface: USB 2.0 Outros<\/p>","protected":false},"featured_media":9092,"comment_status":"closed","ping_status":"closed","template":"","meta":[],"product_cat":[76],"product_tag":[],"class_list":["post-9091","product","type-product","status-publish","has-post-thumbnail","hentry","product_cat-usb-drive"],"_links":{"self":[{"href":"https:\/\/www.yunkuntech.com\/pt\/wp-json\/wp\/v2\/product\/9091","targetHints":{"allow":["GET"]}}],"collection":[{"href":"https:\/\/www.yunkuntech.com\/pt\/wp-json\/wp\/v2\/product"}],"about":[{"href":"https:\/\/www.yunkuntech.com\/pt\/wp-json\/wp\/v2\/types\/product"}],"replies":[{"embeddable":true,"href":"https:\/\/www.yunkuntech.com\/pt\/wp-json\/wp\/v2\/comments?post=9091"}],"version-history":[{"count":2,"href":"https:\/\/www.yunkuntech.com\/pt\/wp-json\/wp\/v2\/product\/9091\/revisions"}],"predecessor-version":[{"id":9098,"href":"https:\/\/www.yunkuntech.com\/pt\/wp-json\/wp\/v2\/product\/9091\/revisions\/9098"}],"wp:featuredmedia":[{"embeddable":true,"href":"https:\/\/www.yunkuntech.com\/pt\/wp-json\/wp\/v2\/media\/9092"}],"wp:attachment":[{"href":"https:\/\/www.yunkuntech.com\/pt\/wp-json\/wp\/v2\/media?parent=9091"}],"wp:term":[{"taxonomy":"product_cat","embeddable":true,"href":"https:\/\/www.yunkuntech.com\/pt\/wp-json\/wp\/v2\/product_cat?post=9091"},{"taxonomy":"product_tag","embeddable":true,"href":"https:\/\/www.yunkuntech.com\/pt\/wp-json\/wp\/v2\/product_tag?post=9091"}],"curies":[{"name":"wp","href":"https:\/\/api.w.org\/{rel}","templated":true}]}}