{"id":9074,"date":"2025-05-14T16:20:05","date_gmt":"2025-05-14T08:20:05","guid":{"rendered":"https:\/\/www.yunkuntech.com\/?post_type=product&#038;p=9074"},"modified":"2025-05-14T16:20:05","modified_gmt":"2025-05-14T08:20:05","slug":"guitar-usb-stick-wooden-bamboo-guitar-shaped-usb-drive","status":"publish","type":"product","link":"https:\/\/www.yunkuntech.com\/pt\/product\/guitar-usb-stick-wooden-bamboo-guitar-shaped-usb-drive\/","title":{"rendered":"Guitarra Usb Stick Madeira \/Bambu Guitarra em forma de unidade Usb"},"content":{"rendered":"<h1 title=\"Guitarra Usb Stick Wooden Usb 1gb 2gb 4gb 8gb 16gb 32gb Pendrive Bamboo Guitar Shaped Usb Drive\" data-spm-anchor-id=\"a2700.details.0.i62.6dba4aef9ESGVn\">Guitarra Usb Stick Pendrive de madeira Bambu Guitarra em forma de unidade USB<\/h1>\n<h2 id=\"key-attributes\" class=\"att-title\" data-spm-anchor-id=\"a2700.details.0.i78.502c1f09U2YlfU\">Principais atributos<\/h2>\n<div class=\"attribute-info\">\n<h3>Atributos espec\u00edficos do sector<\/h3>\n<div class=\"attribute-list\">\n<div class=\"attribute-item\">\n<div class=\"left\">material: Pl\u00e1stico<\/div>\n<\/div>\n<div class=\"attribute-item\">\n<div class=\"left\">tipo de interface: USB 2.0<\/div>\n<\/div>\n<\/div>\n<h3>Outros atributos<\/h3>\n<div class=\"attribute-list\">\n<div class=\"attribute-item\">\n<div class=\"left\">garantia (ano): 5 anos<\/div>\n<\/div>\n<div class=\"attribute-item\">\n<div class=\"left\">local de origem: Guangdong, China<\/div>\n<\/div>\n<div class=\"attribute-item\">\n<div class=\"left\">nome da marca: Apoio \u00e0 personaliza\u00e7\u00e3o do seu log\u00f3tipo<\/div>\n<\/div>\n<div class=\"attribute-item\">\n<div class=\"left\">Certifica\u00e7\u00e3o: CE\/RoHS<\/div>\n<\/div>\n<div class=\"attribute-item\">\n<div class=\"left\">Capacity: 128MB\/256MB\/512MB\/1GB\/2GB\/4GB\/8GB\/16GB\/32GB\/64GB\/128GB<\/div>\n<\/div>\n<div class=\"attribute-item\">\n<div class=\"left\">Log\u00f3tipo: Impress\u00e3o HD\/Impress\u00e3o UV\/Laser\/Tela de seda<\/div>\n<\/div>\n<div class=\"attribute-item\">\n<div class=\"left\">Tipo: unidade flash usb girat\u00f3ria<\/div>\n<\/div>\n<div class=\"attribute-item\">\n<div class=\"left\">Embalagem: Saco de Ploy\/caixa de oferta\/caixa PP\/caixa de papel<\/div>\n<\/div>\n<div class=\"attribute-item\">\n<div class=\"left\">Cor: Cor PMS<\/div>\n<\/div>\n<div class=\"attribute-item\">\n<div class=\"left\">H2: Aprovado<\/div>\n<\/div>\n<div class=\"attribute-item\">\n<div class=\"left\">MOQ: 50 Pcs<\/div>\n<\/div>\n<div class=\"attribute-item\">\n<div class=\"left\">Peso: 16g<\/div>\n<\/div>\n<\/div>\n<h3>Embalagem e entrega<\/h3>\n<div class=\"attribute-list\">\n<div class=\"attribute-item\">\n<div class=\"left\">Unidades de venda: Artigo \u00fanico<\/div>\n<\/div>\n<div class=\"attribute-item\">\n<div class=\"left\">Tamanho da embalagem individual: 8X2X1 cm<\/div>\n<\/div>\n<div class=\"attribute-item\">\n<div class=\"left\">Peso bruto \u00fanico: 0,030 kg<\/div>\n<div><img loading=\"lazy\" decoding=\"async\" class=\"alignnone size-full wp-image-9075\" src=\"https:\/\/www.yunkuntech.com\/wp-content\/uploads\/2025\/05\/SKU_1-3.jpg\" alt=\"\" width=\"1000\" height=\"1000\" srcset=\"https:\/\/www.yunkuntech.com\/wp-content\/uploads\/2025\/05\/SKU_1-3.jpg 1000w, https:\/\/www.yunkuntech.com\/wp-content\/uploads\/2025\/05\/SKU_1-3-300x300.jpg 300w, https:\/\/www.yunkuntech.com\/wp-content\/uploads\/2025\/05\/SKU_1-3-800x800.jpg 800w, https:\/\/www.yunkuntech.com\/wp-content\/uploads\/2025\/05\/SKU_1-3-150x150.jpg 150w, https:\/\/www.yunkuntech.com\/wp-content\/uploads\/2025\/05\/SKU_1-3-768x768.jpg 768w, https:\/\/www.yunkuntech.com\/wp-content\/uploads\/2025\/05\/SKU_1-3-12x12.jpg 12w, https:\/\/www.yunkuntech.com\/wp-content\/uploads\/2025\/05\/SKU_1-3-860x860.jpg 860w, https:\/\/www.yunkuntech.com\/wp-content\/uploads\/2025\/05\/SKU_1-3-430x430.jpg 430w, https:\/\/www.yunkuntech.com\/wp-content\/uploads\/2025\/05\/SKU_1-3-700x700.jpg 700w\" sizes=\"auto, (max-width: 1000px) 100vw, 1000px\" \/> <img loading=\"lazy\" decoding=\"async\" class=\"alignnone size-full wp-image-9076\" src=\"https:\/\/www.yunkuntech.com\/wp-content\/uploads\/2025\/05\/\u4e3b\u56fe_1-6.jpg\" alt=\"\" width=\"1000\" height=\"1000\" srcset=\"https:\/\/www.yunkuntech.com\/wp-content\/uploads\/2025\/05\/\u4e3b\u56fe_1-6.jpg 1000w, https:\/\/www.yunkuntech.com\/wp-content\/uploads\/2025\/05\/\u4e3b\u56fe_1-6-300x300.jpg 300w, https:\/\/www.yunkuntech.com\/wp-content\/uploads\/2025\/05\/\u4e3b\u56fe_1-6-800x800.jpg 800w, https:\/\/www.yunkuntech.com\/wp-content\/uploads\/2025\/05\/\u4e3b\u56fe_1-6-150x150.jpg 150w, https:\/\/www.yunkuntech.com\/wp-content\/uploads\/2025\/05\/\u4e3b\u56fe_1-6-768x768.jpg 768w, https:\/\/www.yunkuntech.com\/wp-content\/uploads\/2025\/05\/\u4e3b\u56fe_1-6-12x12.jpg 12w, https:\/\/www.yunkuntech.com\/wp-content\/uploads\/2025\/05\/\u4e3b\u56fe_1-6-860x860.jpg 860w, https:\/\/www.yunkuntech.com\/wp-content\/uploads\/2025\/05\/\u4e3b\u56fe_1-6-430x430.jpg 430w, https:\/\/www.yunkuntech.com\/wp-content\/uploads\/2025\/05\/\u4e3b\u56fe_1-6-700x700.jpg 700w\" sizes=\"auto, (max-width: 1000px) 100vw, 1000px\" \/> <img loading=\"lazy\" decoding=\"async\" class=\"alignnone size-full wp-image-9077\" src=\"https:\/\/www.yunkuntech.com\/wp-content\/uploads\/2025\/05\/\u4e3b\u56fe_2-4.jpg\" alt=\"\" width=\"1000\" height=\"1000\" srcset=\"https:\/\/www.yunkuntech.com\/wp-content\/uploads\/2025\/05\/\u4e3b\u56fe_2-4.jpg 1000w, https:\/\/www.yunkuntech.com\/wp-content\/uploads\/2025\/05\/\u4e3b\u56fe_2-4-300x300.jpg 300w, https:\/\/www.yunkuntech.com\/wp-content\/uploads\/2025\/05\/\u4e3b\u56fe_2-4-800x800.jpg 800w, https:\/\/www.yunkuntech.com\/wp-content\/uploads\/2025\/05\/\u4e3b\u56fe_2-4-150x150.jpg 150w, https:\/\/www.yunkuntech.com\/wp-content\/uploads\/2025\/05\/\u4e3b\u56fe_2-4-768x768.jpg 768w, https:\/\/www.yunkuntech.com\/wp-content\/uploads\/2025\/05\/\u4e3b\u56fe_2-4-12x12.jpg 12w, https:\/\/www.yunkuntech.com\/wp-content\/uploads\/2025\/05\/\u4e3b\u56fe_2-4-860x860.jpg 860w, https:\/\/www.yunkuntech.com\/wp-content\/uploads\/2025\/05\/\u4e3b\u56fe_2-4-430x430.jpg 430w, https:\/\/www.yunkuntech.com\/wp-content\/uploads\/2025\/05\/\u4e3b\u56fe_2-4-700x700.jpg 700w\" sizes=\"auto, (max-width: 1000px) 100vw, 1000px\" \/> <img loading=\"lazy\" decoding=\"async\" class=\"alignnone size-full wp-image-9078\" src=\"https:\/\/www.yunkuntech.com\/wp-content\/uploads\/2025\/05\/\u4e3b\u56fe_3-4.jpg\" alt=\"\" width=\"1000\" height=\"1000\" srcset=\"https:\/\/www.yunkuntech.com\/wp-content\/uploads\/2025\/05\/\u4e3b\u56fe_3-4.jpg 1000w, https:\/\/www.yunkuntech.com\/wp-content\/uploads\/2025\/05\/\u4e3b\u56fe_3-4-300x300.jpg 300w, https:\/\/www.yunkuntech.com\/wp-content\/uploads\/2025\/05\/\u4e3b\u56fe_3-4-800x800.jpg 800w, https:\/\/www.yunkuntech.com\/wp-content\/uploads\/2025\/05\/\u4e3b\u56fe_3-4-150x150.jpg 150w, https:\/\/www.yunkuntech.com\/wp-content\/uploads\/2025\/05\/\u4e3b\u56fe_3-4-768x768.jpg 768w, https:\/\/www.yunkuntech.com\/wp-content\/uploads\/2025\/05\/\u4e3b\u56fe_3-4-12x12.jpg 12w, https:\/\/www.yunkuntech.com\/wp-content\/uploads\/2025\/05\/\u4e3b\u56fe_3-4-860x860.jpg 860w, https:\/\/www.yunkuntech.com\/wp-content\/uploads\/2025\/05\/\u4e3b\u56fe_3-4-430x430.jpg 430w, https:\/\/www.yunkuntech.com\/wp-content\/uploads\/2025\/05\/\u4e3b\u56fe_3-4-700x700.jpg 700w\" sizes=\"auto, (max-width: 1000px) 100vw, 1000px\" \/> <img loading=\"lazy\" decoding=\"async\" class=\"alignnone size-full wp-image-9079\" src=\"https:\/\/www.yunkuntech.com\/wp-content\/uploads\/2025\/05\/\u4e3b\u56fe_4-4.jpg\" alt=\"\" width=\"1000\" height=\"1000\" srcset=\"https:\/\/www.yunkuntech.com\/wp-content\/uploads\/2025\/05\/\u4e3b\u56fe_4-4.jpg 1000w, https:\/\/www.yunkuntech.com\/wp-content\/uploads\/2025\/05\/\u4e3b\u56fe_4-4-300x300.jpg 300w, https:\/\/www.yunkuntech.com\/wp-content\/uploads\/2025\/05\/\u4e3b\u56fe_4-4-800x800.jpg 800w, https:\/\/www.yunkuntech.com\/wp-content\/uploads\/2025\/05\/\u4e3b\u56fe_4-4-150x150.jpg 150w, https:\/\/www.yunkuntech.com\/wp-content\/uploads\/2025\/05\/\u4e3b\u56fe_4-4-768x768.jpg 768w, https:\/\/www.yunkuntech.com\/wp-content\/uploads\/2025\/05\/\u4e3b\u56fe_4-4-12x12.jpg 12w, https:\/\/www.yunkuntech.com\/wp-content\/uploads\/2025\/05\/\u4e3b\u56fe_4-4-860x860.jpg 860w, https:\/\/www.yunkuntech.com\/wp-content\/uploads\/2025\/05\/\u4e3b\u56fe_4-4-430x430.jpg 430w, https:\/\/www.yunkuntech.com\/wp-content\/uploads\/2025\/05\/\u4e3b\u56fe_4-4-700x700.jpg 700w\" sizes=\"auto, (max-width: 1000px) 100vw, 1000px\" \/> <img loading=\"lazy\" decoding=\"async\" class=\"alignnone size-full wp-image-9080\" src=\"https:\/\/www.yunkuntech.com\/wp-content\/uploads\/2025\/05\/\u4e3b\u56fe_5-6.jpg\" alt=\"\" width=\"1000\" height=\"1000\" srcset=\"https:\/\/www.yunkuntech.com\/wp-content\/uploads\/2025\/05\/\u4e3b\u56fe_5-6.jpg 1000w, https:\/\/www.yunkuntech.com\/wp-content\/uploads\/2025\/05\/\u4e3b\u56fe_5-6-300x300.jpg 300w, https:\/\/www.yunkuntech.com\/wp-content\/uploads\/2025\/05\/\u4e3b\u56fe_5-6-800x800.jpg 800w, https:\/\/www.yunkuntech.com\/wp-content\/uploads\/2025\/05\/\u4e3b\u56fe_5-6-150x150.jpg 150w, https:\/\/www.yunkuntech.com\/wp-content\/uploads\/2025\/05\/\u4e3b\u56fe_5-6-768x768.jpg 768w, https:\/\/www.yunkuntech.com\/wp-content\/uploads\/2025\/05\/\u4e3b\u56fe_5-6-12x12.jpg 12w, https:\/\/www.yunkuntech.com\/wp-content\/uploads\/2025\/05\/\u4e3b\u56fe_5-6-860x860.jpg 860w, https:\/\/www.yunkuntech.com\/wp-content\/uploads\/2025\/05\/\u4e3b\u56fe_5-6-430x430.jpg 430w, https:\/\/www.yunkuntech.com\/wp-content\/uploads\/2025\/05\/\u4e3b\u56fe_5-6-700x700.jpg 700w\" sizes=\"auto, (max-width: 1000px) 100vw, 1000px\" \/> <img loading=\"lazy\" decoding=\"async\" class=\"alignnone size-full wp-image-9081\" src=\"https:\/\/www.yunkuntech.com\/wp-content\/uploads\/2025\/05\/\u4e3b\u56fe_6-4.jpg\" alt=\"\" width=\"1000\" height=\"1000\" srcset=\"https:\/\/www.yunkuntech.com\/wp-content\/uploads\/2025\/05\/\u4e3b\u56fe_6-4.jpg 1000w, https:\/\/www.yunkuntech.com\/wp-content\/uploads\/2025\/05\/\u4e3b\u56fe_6-4-300x300.jpg 300w, https:\/\/www.yunkuntech.com\/wp-content\/uploads\/2025\/05\/\u4e3b\u56fe_6-4-800x800.jpg 800w, https:\/\/www.yunkuntech.com\/wp-content\/uploads\/2025\/05\/\u4e3b\u56fe_6-4-150x150.jpg 150w, https:\/\/www.yunkuntech.com\/wp-content\/uploads\/2025\/05\/\u4e3b\u56fe_6-4-768x768.jpg 768w, https:\/\/www.yunkuntech.com\/wp-content\/uploads\/2025\/05\/\u4e3b\u56fe_6-4-12x12.jpg 12w, https:\/\/www.yunkuntech.com\/wp-content\/uploads\/2025\/05\/\u4e3b\u56fe_6-4-860x860.jpg 860w, https:\/\/www.yunkuntech.com\/wp-content\/uploads\/2025\/05\/\u4e3b\u56fe_6-4-430x430.jpg 430w, https:\/\/www.yunkuntech.com\/wp-content\/uploads\/2025\/05\/\u4e3b\u56fe_6-4-700x700.jpg 700w\" sizes=\"auto, (max-width: 1000px) 100vw, 1000px\" \/><\/div>\n<\/div>\n<\/div>\n<\/div>","protected":false},"excerpt":{"rendered":"<p>Guitarra Usb Stick Wooden Pendrive Bamboo Guitar Shaped Usb Drive Atributos principais Atributos espec\u00edficos da ind\u00fastria Material: Tipo de interface de pl\u00e1stico: USB 2.0<\/p>","protected":false},"featured_media":9078,"comment_status":"closed","ping_status":"closed","template":"","meta":[],"product_cat":[76],"product_tag":[],"class_list":["post-9074","product","type-product","status-publish","has-post-thumbnail","hentry","product_cat-usb-drive"],"_links":{"self":[{"href":"https:\/\/www.yunkuntech.com\/pt\/wp-json\/wp\/v2\/product\/9074","targetHints":{"allow":["GET"]}}],"collection":[{"href":"https:\/\/www.yunkuntech.com\/pt\/wp-json\/wp\/v2\/product"}],"about":[{"href":"https:\/\/www.yunkuntech.com\/pt\/wp-json\/wp\/v2\/types\/product"}],"replies":[{"embeddable":true,"href":"https:\/\/www.yunkuntech.com\/pt\/wp-json\/wp\/v2\/comments?post=9074"}],"version-history":[{"count":1,"href":"https:\/\/www.yunkuntech.com\/pt\/wp-json\/wp\/v2\/product\/9074\/revisions"}],"predecessor-version":[{"id":9082,"href":"https:\/\/www.yunkuntech.com\/pt\/wp-json\/wp\/v2\/product\/9074\/revisions\/9082"}],"wp:featuredmedia":[{"embeddable":true,"href":"https:\/\/www.yunkuntech.com\/pt\/wp-json\/wp\/v2\/media\/9078"}],"wp:attachment":[{"href":"https:\/\/www.yunkuntech.com\/pt\/wp-json\/wp\/v2\/media?parent=9074"}],"wp:term":[{"taxonomy":"product_cat","embeddable":true,"href":"https:\/\/www.yunkuntech.com\/pt\/wp-json\/wp\/v2\/product_cat?post=9074"},{"taxonomy":"product_tag","embeddable":true,"href":"https:\/\/www.yunkuntech.com\/pt\/wp-json\/wp\/v2\/product_tag?post=9074"}],"curies":[{"name":"wp","href":"https:\/\/api.w.org\/{rel}","templated":true}]}}