{"id":9044,"date":"2025-05-14T15:34:08","date_gmt":"2025-05-14T07:34:08","guid":{"rendered":"https:\/\/www.yunkuntech.com\/?post_type=product&#038;p=9044"},"modified":"2025-05-14T15:36:18","modified_gmt":"2025-05-14T07:36:18","slug":"promotional-custom-key-shape-usb-drive","status":"publish","type":"product","link":"https:\/\/www.yunkuntech.com\/pt\/product\/promotional-custom-key-shape-usb-drive\/","title":{"rendered":"Promocional Unidade usb em forma de chave personalizada"},"content":{"rendered":"<h1 title=\"Promocional Caneta Personalizada Discos Cle Stick Memorias 64gb Pendrive Cart\u00e3o de Mem\u00f3ria Usb Flash Drive\" data-spm-anchor-id=\"a2700.details.0.i73.7b376c86WtMY0o\">Promocional Unidade usb em forma de chave personalizada<\/h1>\n<h2 id=\"key-attributes\" class=\"att-title\" data-spm-anchor-id=\"a2700.details.0.i78.502c1f09U2YlfU\">Principais atributos<\/h2>\n<div class=\"attribute-info\">\n<h3>Atributos espec\u00edficos do sector<\/h3>\n<div class=\"attribute-list\">\n<div class=\"attribute-item\">\n<div class=\"left\">material: Pl\u00e1stico<\/div>\n<\/div>\n<div class=\"attribute-item\">\n<div class=\"left\">tipo de interface: USB 2.0<\/div>\n<\/div>\n<\/div>\n<h3>Outros atributos<\/h3>\n<div class=\"attribute-list\">\n<div class=\"attribute-item\">\n<div class=\"left\">garantia (ano): 5 anos<\/div>\n<\/div>\n<div class=\"attribute-item\">\n<div class=\"left\">local de origem: Guangdong, China<\/div>\n<\/div>\n<div class=\"attribute-item\">\n<div class=\"left\">nome da marca: Apoio \u00e0 personaliza\u00e7\u00e3o do seu log\u00f3tipo<\/div>\n<\/div>\n<div class=\"attribute-item\">\n<div class=\"left\">Certifica\u00e7\u00e3o: CE\/RoHS<\/div>\n<\/div>\n<div class=\"attribute-item\">\n<div class=\"left\">Capacity: 128MB\/256MB\/512MB\/1GB\/2GB\/4GB\/8GB\/16GB\/32GB\/64GB\/128GB<\/div>\n<\/div>\n<div class=\"attribute-item\">\n<div class=\"left\">Log\u00f3tipo: Impress\u00e3o HD\/Impress\u00e3o UV\/Laser\/Tela de seda<\/div>\n<\/div>\n<div class=\"attribute-item\">\n<div class=\"left\">Tipo: unidade flash usb girat\u00f3ria<\/div>\n<\/div>\n<div class=\"attribute-item\">\n<div class=\"left\">Embalagem: Saco de Ploy\/caixa de oferta\/caixa PP\/caixa de papel<\/div>\n<\/div>\n<div class=\"attribute-item\">\n<div class=\"left\">Cor: Cor PMS<\/div>\n<\/div>\n<div class=\"attribute-item\">\n<div class=\"left\">H2: Aprovado<\/div>\n<\/div>\n<div class=\"attribute-item\">\n<div class=\"left\">MOQ: 50 Pcs<\/div>\n<\/div>\n<div class=\"attribute-item\">\n<div class=\"left\">Peso: 16g<\/div>\n<\/div>\n<\/div>\n<h3>Embalagem e entrega<\/h3>\n<div class=\"attribute-list\">\n<div class=\"attribute-item\">\n<div class=\"left\">Unidades de venda: Artigo \u00fanico<\/div>\n<\/div>\n<div class=\"attribute-item\">\n<div class=\"left\">Tamanho da embalagem individual: 57*24*17mm<\/div>\n<\/div>\n<div class=\"attribute-item\">\n<div class=\"left\">Peso bruto \u00fanico: 0,030 kg<\/div>\n<div><img loading=\"lazy\" decoding=\"async\" class=\"alignnone size-full wp-image-9045\" src=\"https:\/\/www.yunkuntech.com\/wp-content\/uploads\/2025\/05\/\u8be6\u60c5\u56fe_6-3.jpg\" alt=\"\" width=\"1000\" height=\"1000\" srcset=\"https:\/\/www.yunkuntech.com\/wp-content\/uploads\/2025\/05\/\u8be6\u60c5\u56fe_6-3.jpg 1000w, https:\/\/www.yunkuntech.com\/wp-content\/uploads\/2025\/05\/\u8be6\u60c5\u56fe_6-3-300x300.jpg 300w, https:\/\/www.yunkuntech.com\/wp-content\/uploads\/2025\/05\/\u8be6\u60c5\u56fe_6-3-800x800.jpg 800w, https:\/\/www.yunkuntech.com\/wp-content\/uploads\/2025\/05\/\u8be6\u60c5\u56fe_6-3-150x150.jpg 150w, https:\/\/www.yunkuntech.com\/wp-content\/uploads\/2025\/05\/\u8be6\u60c5\u56fe_6-3-768x768.jpg 768w, https:\/\/www.yunkuntech.com\/wp-content\/uploads\/2025\/05\/\u8be6\u60c5\u56fe_6-3-12x12.jpg 12w, https:\/\/www.yunkuntech.com\/wp-content\/uploads\/2025\/05\/\u8be6\u60c5\u56fe_6-3-860x860.jpg 860w, https:\/\/www.yunkuntech.com\/wp-content\/uploads\/2025\/05\/\u8be6\u60c5\u56fe_6-3-430x430.jpg 430w, https:\/\/www.yunkuntech.com\/wp-content\/uploads\/2025\/05\/\u8be6\u60c5\u56fe_6-3-700x700.jpg 700w\" sizes=\"auto, (max-width: 1000px) 100vw, 1000px\" \/> <img loading=\"lazy\" decoding=\"async\" class=\"alignnone size-full wp-image-9046\" src=\"https:\/\/www.yunkuntech.com\/wp-content\/uploads\/2025\/05\/\u8be6\u60c5\u56fe_8.jpg\" alt=\"\" width=\"1000\" height=\"1000\" srcset=\"https:\/\/www.yunkuntech.com\/wp-content\/uploads\/2025\/05\/\u8be6\u60c5\u56fe_8.jpg 1000w, https:\/\/www.yunkuntech.com\/wp-content\/uploads\/2025\/05\/\u8be6\u60c5\u56fe_8-300x300.jpg 300w, https:\/\/www.yunkuntech.com\/wp-content\/uploads\/2025\/05\/\u8be6\u60c5\u56fe_8-800x800.jpg 800w, https:\/\/www.yunkuntech.com\/wp-content\/uploads\/2025\/05\/\u8be6\u60c5\u56fe_8-150x150.jpg 150w, https:\/\/www.yunkuntech.com\/wp-content\/uploads\/2025\/05\/\u8be6\u60c5\u56fe_8-768x768.jpg 768w, https:\/\/www.yunkuntech.com\/wp-content\/uploads\/2025\/05\/\u8be6\u60c5\u56fe_8-12x12.jpg 12w, https:\/\/www.yunkuntech.com\/wp-content\/uploads\/2025\/05\/\u8be6\u60c5\u56fe_8-860x860.jpg 860w, https:\/\/www.yunkuntech.com\/wp-content\/uploads\/2025\/05\/\u8be6\u60c5\u56fe_8-430x430.jpg 430w, https:\/\/www.yunkuntech.com\/wp-content\/uploads\/2025\/05\/\u8be6\u60c5\u56fe_8-700x700.jpg 700w\" sizes=\"auto, (max-width: 1000px) 100vw, 1000px\" \/> <img loading=\"lazy\" decoding=\"async\" class=\"alignnone size-full wp-image-9047\" src=\"https:\/\/www.yunkuntech.com\/wp-content\/uploads\/2025\/05\/\u8be6\u60c5\u56fe_9.jpg\" alt=\"\" width=\"1000\" height=\"1000\" srcset=\"https:\/\/www.yunkuntech.com\/wp-content\/uploads\/2025\/05\/\u8be6\u60c5\u56fe_9.jpg 1000w, https:\/\/www.yunkuntech.com\/wp-content\/uploads\/2025\/05\/\u8be6\u60c5\u56fe_9-300x300.jpg 300w, https:\/\/www.yunkuntech.com\/wp-content\/uploads\/2025\/05\/\u8be6\u60c5\u56fe_9-800x800.jpg 800w, https:\/\/www.yunkuntech.com\/wp-content\/uploads\/2025\/05\/\u8be6\u60c5\u56fe_9-150x150.jpg 150w, https:\/\/www.yunkuntech.com\/wp-content\/uploads\/2025\/05\/\u8be6\u60c5\u56fe_9-768x768.jpg 768w, https:\/\/www.yunkuntech.com\/wp-content\/uploads\/2025\/05\/\u8be6\u60c5\u56fe_9-12x12.jpg 12w, https:\/\/www.yunkuntech.com\/wp-content\/uploads\/2025\/05\/\u8be6\u60c5\u56fe_9-860x860.jpg 860w, https:\/\/www.yunkuntech.com\/wp-content\/uploads\/2025\/05\/\u8be6\u60c5\u56fe_9-430x430.jpg 430w, https:\/\/www.yunkuntech.com\/wp-content\/uploads\/2025\/05\/\u8be6\u60c5\u56fe_9-700x700.jpg 700w\" sizes=\"auto, (max-width: 1000px) 100vw, 1000px\" \/> <img loading=\"lazy\" decoding=\"async\" class=\"alignnone size-full wp-image-9048\" src=\"https:\/\/www.yunkuntech.com\/wp-content\/uploads\/2025\/05\/1747207675_\u4e3b\u56fe_6.jpg\" alt=\"\" width=\"500\" height=\"500\" srcset=\"https:\/\/www.yunkuntech.com\/wp-content\/uploads\/2025\/05\/1747207675_\u4e3b\u56fe_6.jpg 500w, https:\/\/www.yunkuntech.com\/wp-content\/uploads\/2025\/05\/1747207675_\u4e3b\u56fe_6-300x300.jpg 300w, https:\/\/www.yunkuntech.com\/wp-content\/uploads\/2025\/05\/1747207675_\u4e3b\u56fe_6-150x150.jpg 150w, https:\/\/www.yunkuntech.com\/wp-content\/uploads\/2025\/05\/1747207675_\u4e3b\u56fe_6-12x12.jpg 12w, https:\/\/www.yunkuntech.com\/wp-content\/uploads\/2025\/05\/1747207675_\u4e3b\u56fe_6-430x430.jpg 430w\" sizes=\"auto, (max-width: 500px) 100vw, 500px\" \/><img loading=\"lazy\" decoding=\"async\" class=\"alignnone size-full wp-image-9051\" src=\"https:\/\/www.yunkuntech.com\/wp-content\/uploads\/2025\/05\/\u8be6\u60c5\u56fe1_9.png\" alt=\"\" width=\"800\" height=\"800\" srcset=\"https:\/\/www.yunkuntech.com\/wp-content\/uploads\/2025\/05\/\u8be6\u60c5\u56fe1_9.png 800w, https:\/\/www.yunkuntech.com\/wp-content\/uploads\/2025\/05\/\u8be6\u60c5\u56fe1_9-300x300.png 300w, https:\/\/www.yunkuntech.com\/wp-content\/uploads\/2025\/05\/\u8be6\u60c5\u56fe1_9-150x150.png 150w, https:\/\/www.yunkuntech.com\/wp-content\/uploads\/2025\/05\/\u8be6\u60c5\u56fe1_9-768x768.png 768w, https:\/\/www.yunkuntech.com\/wp-content\/uploads\/2025\/05\/\u8be6\u60c5\u56fe1_9-12x12.png 12w, https:\/\/www.yunkuntech.com\/wp-content\/uploads\/2025\/05\/\u8be6\u60c5\u56fe1_9-430x430.png 430w, https:\/\/www.yunkuntech.com\/wp-content\/uploads\/2025\/05\/\u8be6\u60c5\u56fe1_9-700x700.png 700w\" sizes=\"auto, (max-width: 800px) 100vw, 800px\" \/><\/div>\n<\/div>\n<\/div>\n<\/div>","protected":false},"excerpt":{"rendered":"<p>Promocional Unidade usb em forma de chave personalizada Atributos principais Atributos espec\u00edficos da ind\u00fastria Material: Tipo de interface de pl\u00e1stico: USB 2.0 Outros atributos garantia (ano): 5 anos<\/p>","protected":false},"featured_media":9045,"comment_status":"closed","ping_status":"closed","template":"","meta":[],"product_cat":[76],"product_tag":[],"class_list":["post-9044","product","type-product","status-publish","has-post-thumbnail","hentry","product_cat-usb-drive"],"_links":{"self":[{"href":"https:\/\/www.yunkuntech.com\/pt\/wp-json\/wp\/v2\/product\/9044","targetHints":{"allow":["GET"]}}],"collection":[{"href":"https:\/\/www.yunkuntech.com\/pt\/wp-json\/wp\/v2\/product"}],"about":[{"href":"https:\/\/www.yunkuntech.com\/pt\/wp-json\/wp\/v2\/types\/product"}],"replies":[{"embeddable":true,"href":"https:\/\/www.yunkuntech.com\/pt\/wp-json\/wp\/v2\/comments?post=9044"}],"version-history":[{"count":3,"href":"https:\/\/www.yunkuntech.com\/pt\/wp-json\/wp\/v2\/product\/9044\/revisions"}],"predecessor-version":[{"id":9052,"href":"https:\/\/www.yunkuntech.com\/pt\/wp-json\/wp\/v2\/product\/9044\/revisions\/9052"}],"wp:featuredmedia":[{"embeddable":true,"href":"https:\/\/www.yunkuntech.com\/pt\/wp-json\/wp\/v2\/media\/9045"}],"wp:attachment":[{"href":"https:\/\/www.yunkuntech.com\/pt\/wp-json\/wp\/v2\/media?parent=9044"}],"wp:term":[{"taxonomy":"product_cat","embeddable":true,"href":"https:\/\/www.yunkuntech.com\/pt\/wp-json\/wp\/v2\/product_cat?post=9044"},{"taxonomy":"product_tag","embeddable":true,"href":"https:\/\/www.yunkuntech.com\/pt\/wp-json\/wp\/v2\/product_tag?post=9044"}],"curies":[{"name":"wp","href":"https:\/\/api.w.org\/{rel}","templated":true}]}}