{"id":9013,"date":"2025-05-14T14:12:08","date_gmt":"2025-05-14T06:12:08","guid":{"rendered":"https:\/\/www.yunkuntech.com\/?post_type=product&#038;p=9013"},"modified":"2025-05-14T14:32:17","modified_gmt":"2025-05-14T06:32:17","slug":"colorful-swivel-logo-print-otg-flash-drive-for-mobile-phone-and-computer","status":"publish","type":"product","link":"https:\/\/www.yunkuntech.com\/pt\/product\/colorful-swivel-logo-print-otg-flash-drive-for-mobile-phone-and-computer\/","title":{"rendered":"Unidade Flash Otg com impress\u00e3o de log\u00f3tipo girat\u00f3rio colorido para telem\u00f3vel e computador"},"content":{"rendered":"<h2 id=\"key-attributes\" class=\"att-title\">Principais atributos<\/h2>\n<div class=\"attribute-info\">\n<h3>Atributos espec\u00edficos do sector<\/h3>\n<div class=\"attribute-list\">\n<div class=\"attribute-item\">\n<div class=\"left\">material: Pl\u00e1stico e metal<\/div>\n<\/div>\n<div class=\"attribute-item\">\n<div class=\"left\">tipo de interface: USB 2.0<\/div>\n<\/div>\n<\/div>\n<h3>Outros atributos<\/h3>\n<div class=\"attribute-list\">\n<div class=\"attribute-item\">\n<div class=\"left\">garantia (ano): 1 ano<\/div>\n<\/div>\n<div class=\"attribute-item\">\n<div class=\"left\">servi\u00e7o p\u00f3s-venda: Centro de atendimento telef\u00f3nico e apoio t\u00e9cnico em linha, forma\u00e7\u00e3o e inspe\u00e7\u00e3o no local, pe\u00e7as sobressalentes gratuitas, devolu\u00e7\u00e3o e substitui\u00e7\u00e3o, repara\u00e7\u00e3o, outros: estado dos produtos<\/div>\n<\/div>\n<div class=\"attribute-item\">\n<div class=\"left\">local de origem: Guangdong, China<\/div>\n<\/div>\n<div class=\"attribute-item\">\n<div class=\"left\">nome da marca: OEM\/ODM<\/div>\n<\/div>\n<div class=\"attribute-item\">\n<div class=\"left\">Nome do produto: Unidade flash Otg com impress\u00e3o do log\u00f3tipo girat\u00f3rio<\/div>\n<\/div>\n<div class=\"attribute-item\">\n<div class=\"left\">Tamanho: 66*22*5mm<\/div>\n<\/div>\n<div class=\"attribute-item\">\n<div class=\"left\">Chip: Chip Flash de classe A<\/div>\n<\/div>\n<div class=\"attribute-item\">\n<div class=\"left\">Taxa de transfer\u00eancia: USB 2.0 \/ 3.0 de alta velocidade<\/div>\n<\/div>\n<div class=\"attribute-item\">\n<div class=\"left\">Embalagem: Pacote personalizado<\/div>\n<\/div>\n<div class=\"attribute-item\">\n<div class=\"left\">Tipo de ficheiro de impress\u00e3o: AI, CDR (CorelDraw), EPS, PDF, PSD, JPG, PNG, etc<\/div>\n<\/div>\n<\/div>\n<div class=\"attribute-list\">\n<div class=\"attribute-item\">\n<div class=\"right\"><\/div>\n<div><img loading=\"lazy\" decoding=\"async\" class=\"alignnone size-full wp-image-9018\" src=\"https:\/\/www.yunkuntech.com\/wp-content\/uploads\/2025\/05\/\u4e3b\u56fe_6-3.jpg\" alt=\"\" width=\"1000\" height=\"1000\" srcset=\"https:\/\/www.yunkuntech.com\/wp-content\/uploads\/2025\/05\/\u4e3b\u56fe_6-3.jpg 1000w, https:\/\/www.yunkuntech.com\/wp-content\/uploads\/2025\/05\/\u4e3b\u56fe_6-3-300x300.jpg 300w, https:\/\/www.yunkuntech.com\/wp-content\/uploads\/2025\/05\/\u4e3b\u56fe_6-3-800x800.jpg 800w, https:\/\/www.yunkuntech.com\/wp-content\/uploads\/2025\/05\/\u4e3b\u56fe_6-3-150x150.jpg 150w, https:\/\/www.yunkuntech.com\/wp-content\/uploads\/2025\/05\/\u4e3b\u56fe_6-3-768x768.jpg 768w, https:\/\/www.yunkuntech.com\/wp-content\/uploads\/2025\/05\/\u4e3b\u56fe_6-3-12x12.jpg 12w, https:\/\/www.yunkuntech.com\/wp-content\/uploads\/2025\/05\/\u4e3b\u56fe_6-3-860x860.jpg 860w, https:\/\/www.yunkuntech.com\/wp-content\/uploads\/2025\/05\/\u4e3b\u56fe_6-3-430x430.jpg 430w, https:\/\/www.yunkuntech.com\/wp-content\/uploads\/2025\/05\/\u4e3b\u56fe_6-3-700x700.jpg 700w\" sizes=\"auto, (max-width: 1000px) 100vw, 1000px\" \/> <img loading=\"lazy\" decoding=\"async\" class=\"alignnone size-full wp-image-9015\" src=\"https:\/\/www.yunkuntech.com\/wp-content\/uploads\/2025\/05\/\u8be6\u60c5\u56fe_1-1.jpg\" alt=\"\" width=\"1000\" height=\"1000\" srcset=\"https:\/\/www.yunkuntech.com\/wp-content\/uploads\/2025\/05\/\u8be6\u60c5\u56fe_1-1.jpg 1000w, https:\/\/www.yunkuntech.com\/wp-content\/uploads\/2025\/05\/\u8be6\u60c5\u56fe_1-1-300x300.jpg 300w, https:\/\/www.yunkuntech.com\/wp-content\/uploads\/2025\/05\/\u8be6\u60c5\u56fe_1-1-800x800.jpg 800w, https:\/\/www.yunkuntech.com\/wp-content\/uploads\/2025\/05\/\u8be6\u60c5\u56fe_1-1-150x150.jpg 150w, https:\/\/www.yunkuntech.com\/wp-content\/uploads\/2025\/05\/\u8be6\u60c5\u56fe_1-1-768x768.jpg 768w, https:\/\/www.yunkuntech.com\/wp-content\/uploads\/2025\/05\/\u8be6\u60c5\u56fe_1-1-12x12.jpg 12w, https:\/\/www.yunkuntech.com\/wp-content\/uploads\/2025\/05\/\u8be6\u60c5\u56fe_1-1-860x860.jpg 860w, https:\/\/www.yunkuntech.com\/wp-content\/uploads\/2025\/05\/\u8be6\u60c5\u56fe_1-1-430x430.jpg 430w, https:\/\/www.yunkuntech.com\/wp-content\/uploads\/2025\/05\/\u8be6\u60c5\u56fe_1-1-700x700.jpg 700w\" sizes=\"auto, (max-width: 1000px) 100vw, 1000px\" \/> <img loading=\"lazy\" decoding=\"async\" class=\"alignnone size-full wp-image-9019\" src=\"https:\/\/www.yunkuntech.com\/wp-content\/uploads\/2025\/05\/\u8be6\u60c5\u56fe_16.jpg\" alt=\"\" width=\"735\" height=\"739\" srcset=\"https:\/\/www.yunkuntech.com\/wp-content\/uploads\/2025\/05\/\u8be6\u60c5\u56fe_16.jpg 735w, https:\/\/www.yunkuntech.com\/wp-content\/uploads\/2025\/05\/\u8be6\u60c5\u56fe_16-298x300.jpg 298w, https:\/\/www.yunkuntech.com\/wp-content\/uploads\/2025\/05\/\u8be6\u60c5\u56fe_16-150x151.jpg 150w, https:\/\/www.yunkuntech.com\/wp-content\/uploads\/2025\/05\/\u8be6\u60c5\u56fe_16-12x12.jpg 12w, https:\/\/www.yunkuntech.com\/wp-content\/uploads\/2025\/05\/\u8be6\u60c5\u56fe_16-430x432.jpg 430w, https:\/\/www.yunkuntech.com\/wp-content\/uploads\/2025\/05\/\u8be6\u60c5\u56fe_16-700x704.jpg 700w\" sizes=\"auto, (max-width: 735px) 100vw, 735px\" \/><\/div>\n<\/div>\n<\/div>\n<\/div>\n<p>&nbsp;<\/p>","protected":false},"excerpt":{"rendered":"<p>Principais atributos Atributos espec\u00edficos da ind\u00fastria material: Pl\u00e1stico e metal tipo de interface: USB 2.0 Outros atributos garantia (ano): 1 ano de servi\u00e7o p\u00f3s-venda: Centro de atendimento telef\u00f3nico<\/p>","protected":false},"featured_media":9018,"comment_status":"closed","ping_status":"closed","template":"","meta":[],"product_cat":[76],"product_tag":[],"class_list":["post-9013","product","type-product","status-publish","has-post-thumbnail","hentry","product_cat-usb-drive"],"_links":{"self":[{"href":"https:\/\/www.yunkuntech.com\/pt\/wp-json\/wp\/v2\/product\/9013","targetHints":{"allow":["GET"]}}],"collection":[{"href":"https:\/\/www.yunkuntech.com\/pt\/wp-json\/wp\/v2\/product"}],"about":[{"href":"https:\/\/www.yunkuntech.com\/pt\/wp-json\/wp\/v2\/types\/product"}],"replies":[{"embeddable":true,"href":"https:\/\/www.yunkuntech.com\/pt\/wp-json\/wp\/v2\/comments?post=9013"}],"version-history":[{"count":1,"href":"https:\/\/www.yunkuntech.com\/pt\/wp-json\/wp\/v2\/product\/9013\/revisions"}],"predecessor-version":[{"id":9020,"href":"https:\/\/www.yunkuntech.com\/pt\/wp-json\/wp\/v2\/product\/9013\/revisions\/9020"}],"wp:featuredmedia":[{"embeddable":true,"href":"https:\/\/www.yunkuntech.com\/pt\/wp-json\/wp\/v2\/media\/9018"}],"wp:attachment":[{"href":"https:\/\/www.yunkuntech.com\/pt\/wp-json\/wp\/v2\/media?parent=9013"}],"wp:term":[{"taxonomy":"product_cat","embeddable":true,"href":"https:\/\/www.yunkuntech.com\/pt\/wp-json\/wp\/v2\/product_cat?post=9013"},{"taxonomy":"product_tag","embeddable":true,"href":"https:\/\/www.yunkuntech.com\/pt\/wp-json\/wp\/v2\/product_tag?post=9013"}],"curies":[{"name":"wp","href":"https:\/\/api.w.org\/{rel}","templated":true}]}}