{"id":8981,"date":"2025-05-09T14:33:00","date_gmt":"2025-05-09T06:33:00","guid":{"rendered":"https:\/\/www.yunkuntech.com\/?post_type=product&#038;p=8981"},"modified":"2025-06-02T19:32:14","modified_gmt":"2025-06-02T11:32:14","slug":"magnetic-wireless-charger-15w-mag-fast-wireless-phone-charger-safe-pen-holder-mobile-chargers-for-iphones","status":"publish","type":"product","link":"https:\/\/www.yunkuntech.com\/pt\/product\/magnetic-wireless-charger-15w-mag-fast-wireless-phone-charger-safe-pen-holder-mobile-chargers-for-iphones\/","title":{"rendered":"Carregador magn\u00e9tico sem fios 15W Mag Fast Wireless Carregador de telem\u00f3vel seguro com suporte para caneta Carregadores m\u00f3veis para Iphones"},"content":{"rendered":"<h1 title=\"Carregador sem fios magn\u00e9tico multifun\u00e7\u00f5es 3 em 1 Carregador de telem\u00f3vel sem fios r\u00e1pido magn\u00e9tico de 15 W Suporte de caneta seguro Carregadores m\u00f3veis para Iphones\" data-spm-anchor-id=\"a2700.details.0.i78.722435edfQwcKQ\">Carregador sem fios magn\u00e9tico 3 em 1 Carregador de telem\u00f3vel sem fios r\u00e1pido magn\u00e9tico de 15 W Suporte de caneta seguro Carregadores de telem\u00f3vel para Iphones<\/h1>\n<div class=\"module_attribute\" data-module-name=\"module_attribute\">\n<div class=\"attribute-layout\" data-aplus-ae=\"x9_4bbbf637\" data-spm-anchor-id=\"a2700.details.0.i9.722435edfQwcKQ\">\n<h2 id=\"key-attributes\" class=\"att-title\" data-spm-anchor-id=\"a2700.details.0.i79.722435edfQwcKQ\">Principais atributos<\/h2>\n<div class=\"attribute-info\">\n<h3>Atributos espec\u00edficos do sector<\/h3>\n<div class=\"attribute-list\">\n<div class=\"attribute-item\">\n<div class=\"left\">utiliza\u00e7\u00e3o: Telem\u00f3veis<\/div>\n<\/div>\n<div class=\"attribute-item\">\n<div class=\"left\">pot\u00eancia de sa\u00edda: 15W<\/div>\n<\/div>\n<div class=\"attribute-item\">\n<div class=\"left\">integrado multi-fun\u00e7\u00f5es: Com l\u00e2mpada, Com suporte, Com ventoinha Usb<\/div>\n<\/div>\n<\/div>\n<h3>Outros atributos<\/h3>\n<div class=\"attribute-list\">\n<div class=\"attribute-item\">\n<div class=\"left\">local de origem: Guangdong, China<\/div>\n<\/div>\n<div class=\"attribute-item\">\n<div class=\"left\">sa\u00edda: 9V-12V\/1,5A<\/div>\n<\/div>\n<div class=\"attribute-item\">\n<div class=\"left\">entrada: 5V\/2A<\/div>\n<\/div>\n<div class=\"attribute-item\">\n<div class=\"left\">molde privado: Sim<\/div>\n<\/div>\n<div class=\"attribute-item\">\n<div class=\"left\">Nome do produto: Carregador de telem\u00f3vel sem fios multifun\u00e7\u00f5es 3 em 1 com suporte para caneta<\/div>\n<\/div>\n<div class=\"attribute-item\">\n<div class=\"left\">MOQ: 5 pcs<\/div>\n<\/div>\n<div class=\"attribute-item\">\n<div class=\"left\">Material: ABS e silicone<\/div>\n<\/div>\n<div class=\"attribute-item\">\n<div class=\"left\">Tamanho: 158*99*94mm<\/div>\n<\/div>\n<div class=\"attribute-item\">\n<div class=\"left\">Peso: 152g<\/div>\n<\/div>\n<div class=\"attribute-item\">\n<div class=\"left\">Cor: branco, preto<\/div>\n<\/div>\n<div class=\"attribute-item\">\n<div class=\"left\">Embalagem: Embalagem de caixa colorida<\/div>\n<\/div>\n<div class=\"attribute-item\">\n<div class=\"left\">Certifica\u00e7\u00e3o: CE+Rohs+BSCI+ISO9001<\/div>\n<\/div>\n<div class=\"attribute-item\">\n<div class=\"left\">Fun\u00e7\u00e3o: Carregador r\u00e1pido sem fios de 15 W<\/div>\n<\/div>\n<div class=\"attribute-item\">\n<div class=\"left\">Carater\u00edstica: Suporte para caneta<\/div>\n<\/div>\n<\/div>\n<h3>Embalagem e entrega<\/h3>\n<div class=\"attribute-list\">\n<div class=\"attribute-item\">\n<div class=\"left\">Unidades de venda: Artigo \u00fanico<\/div>\n<\/div>\n<div class=\"attribute-item\">\n<div class=\"left\">Tamanho da embalagem individual: 18X13X12 cm<\/div>\n<\/div>\n<div class=\"attribute-item\">\n<div class=\"left\">Peso bruto \u00fanico: 0,600 kg<\/div>\n<\/div>\n<\/div>\n<\/div>\n<\/div>\n<\/div>\n<div class=\"module_other_customization\" data-module-name=\"module_other_customization\">\n<div class=\"other-customization id-mt-8 id-border-t id-border-solid id-border-[#DDDDDD] id-pt-[28px]\" data-aplus-ae=\"x11_701775d8\" data-spm-anchor-id=\"a2700.details.0.i11.722435edfQwcKQ\">\n<h2 class=\"id-mb-6 id-text-[20px] id-font-bold id-text-[#222]\">Op\u00e7\u00f5es de personaliza\u00e7\u00e3o<\/h2>\n<div class=\"id-flex id-flex-col id-gap-2 id-text-[16px] id-mb-6\">\n<div><span class=\"id-mr-1\">Log\u00f3tipo personalizado<\/span><span class=\"id-text-[#767676]\">+$0.15\/pe\u00e7a (Encomenda m\u00ednima: 100 pe\u00e7as)<\/span><\/div>\n<div><span class=\"id-mr-1\">Embalagem personalizada<\/span><span class=\"id-text-[#767676]\">+$0.08\/pe\u00e7a (Encomenda m\u00ednima: 500 pe\u00e7as)<\/span><\/div>\n<div><img loading=\"lazy\" decoding=\"async\" class=\"alignnone size-full wp-image-8986\" src=\"https:\/\/www.yunkuntech.com\/wp-content\/uploads\/2025\/05\/\u4e3b\u56fe_2-1.jpg\" alt=\"\" width=\"822\" height=\"822\" srcset=\"https:\/\/www.yunkuntech.com\/wp-content\/uploads\/2025\/05\/\u4e3b\u56fe_2-1.jpg 822w, https:\/\/www.yunkuntech.com\/wp-content\/uploads\/2025\/05\/\u4e3b\u56fe_2-1-300x300.jpg 300w, https:\/\/www.yunkuntech.com\/wp-content\/uploads\/2025\/05\/\u4e3b\u56fe_2-1-800x800.jpg 800w, https:\/\/www.yunkuntech.com\/wp-content\/uploads\/2025\/05\/\u4e3b\u56fe_2-1-150x150.jpg 150w, https:\/\/www.yunkuntech.com\/wp-content\/uploads\/2025\/05\/\u4e3b\u56fe_2-1-768x768.jpg 768w, https:\/\/www.yunkuntech.com\/wp-content\/uploads\/2025\/05\/\u4e3b\u56fe_2-1-12x12.jpg 12w, https:\/\/www.yunkuntech.com\/wp-content\/uploads\/2025\/05\/\u4e3b\u56fe_2-1-430x430.jpg 430w, https:\/\/www.yunkuntech.com\/wp-content\/uploads\/2025\/05\/\u4e3b\u56fe_2-1-700x700.jpg 700w\" sizes=\"auto, (max-width: 822px) 100vw, 822px\" \/> <img loading=\"lazy\" decoding=\"async\" class=\"alignnone size-full wp-image-8987\" src=\"https:\/\/www.yunkuntech.com\/wp-content\/uploads\/2025\/05\/\u4e3b\u56fe_3-1.jpg\" alt=\"\" width=\"2000\" height=\"2000\" srcset=\"https:\/\/www.yunkuntech.com\/wp-content\/uploads\/2025\/05\/\u4e3b\u56fe_3-1.jpg 2000w, https:\/\/www.yunkuntech.com\/wp-content\/uploads\/2025\/05\/\u4e3b\u56fe_3-1-300x300.jpg 300w, https:\/\/www.yunkuntech.com\/wp-content\/uploads\/2025\/05\/\u4e3b\u56fe_3-1-800x800.jpg 800w, https:\/\/www.yunkuntech.com\/wp-content\/uploads\/2025\/05\/\u4e3b\u56fe_3-1-150x150.jpg 150w, https:\/\/www.yunkuntech.com\/wp-content\/uploads\/2025\/05\/\u4e3b\u56fe_3-1-768x768.jpg 768w, https:\/\/www.yunkuntech.com\/wp-content\/uploads\/2025\/05\/\u4e3b\u56fe_3-1-1536x1536.jpg 1536w, https:\/\/www.yunkuntech.com\/wp-content\/uploads\/2025\/05\/\u4e3b\u56fe_3-1-12x12.jpg 12w, https:\/\/www.yunkuntech.com\/wp-content\/uploads\/2025\/05\/\u4e3b\u56fe_3-1-860x860.jpg 860w, https:\/\/www.yunkuntech.com\/wp-content\/uploads\/2025\/05\/\u4e3b\u56fe_3-1-430x430.jpg 430w, https:\/\/www.yunkuntech.com\/wp-content\/uploads\/2025\/05\/\u4e3b\u56fe_3-1-700x700.jpg 700w\" sizes=\"auto, (max-width: 2000px) 100vw, 2000px\" \/> <img loading=\"lazy\" decoding=\"async\" class=\"alignnone size-full wp-image-8988\" src=\"https:\/\/www.yunkuntech.com\/wp-content\/uploads\/2025\/05\/\u4e3b\u56fe_4-1.jpg\" alt=\"\" width=\"1000\" height=\"1252\" srcset=\"https:\/\/www.yunkuntech.com\/wp-content\/uploads\/2025\/05\/\u4e3b\u56fe_4-1.jpg 1000w, https:\/\/www.yunkuntech.com\/wp-content\/uploads\/2025\/05\/\u4e3b\u56fe_4-1-240x300.jpg 240w, https:\/\/www.yunkuntech.com\/wp-content\/uploads\/2025\/05\/\u4e3b\u56fe_4-1-639x800.jpg 639w, https:\/\/www.yunkuntech.com\/wp-content\/uploads\/2025\/05\/\u4e3b\u56fe_4-1-768x962.jpg 768w, https:\/\/www.yunkuntech.com\/wp-content\/uploads\/2025\/05\/\u4e3b\u56fe_4-1-10x12.jpg 10w, https:\/\/www.yunkuntech.com\/wp-content\/uploads\/2025\/05\/\u4e3b\u56fe_4-1-860x1077.jpg 860w, https:\/\/www.yunkuntech.com\/wp-content\/uploads\/2025\/05\/\u4e3b\u56fe_4-1-430x538.jpg 430w, https:\/\/www.yunkuntech.com\/wp-content\/uploads\/2025\/05\/\u4e3b\u56fe_4-1-700x876.jpg 700w, https:\/\/www.yunkuntech.com\/wp-content\/uploads\/2025\/05\/\u4e3b\u56fe_4-1-150x188.jpg 150w\" sizes=\"auto, (max-width: 1000px) 100vw, 1000px\" \/> <img loading=\"lazy\" decoding=\"async\" class=\"alignnone size-full wp-image-8989\" src=\"https:\/\/www.yunkuntech.com\/wp-content\/uploads\/2025\/05\/\u4e3b\u56fe_5-1.jpg\" alt=\"\" width=\"1000\" height=\"1428\" srcset=\"https:\/\/www.yunkuntech.com\/wp-content\/uploads\/2025\/05\/\u4e3b\u56fe_5-1.jpg 1000w, https:\/\/www.yunkuntech.com\/wp-content\/uploads\/2025\/05\/\u4e3b\u56fe_5-1-210x300.jpg 210w, https:\/\/www.yunkuntech.com\/wp-content\/uploads\/2025\/05\/\u4e3b\u56fe_5-1-560x800.jpg 560w, https:\/\/www.yunkuntech.com\/wp-content\/uploads\/2025\/05\/\u4e3b\u56fe_5-1-768x1097.jpg 768w, https:\/\/www.yunkuntech.com\/wp-content\/uploads\/2025\/05\/\u4e3b\u56fe_5-1-8x12.jpg 8w, https:\/\/www.yunkuntech.com\/wp-content\/uploads\/2025\/05\/\u4e3b\u56fe_5-1-860x1228.jpg 860w, https:\/\/www.yunkuntech.com\/wp-content\/uploads\/2025\/05\/\u4e3b\u56fe_5-1-430x614.jpg 430w, https:\/\/www.yunkuntech.com\/wp-content\/uploads\/2025\/05\/\u4e3b\u56fe_5-1-700x1000.jpg 700w, https:\/\/www.yunkuntech.com\/wp-content\/uploads\/2025\/05\/\u4e3b\u56fe_5-1-150x214.jpg 150w\" sizes=\"auto, (max-width: 1000px) 100vw, 1000px\" \/> <img loading=\"lazy\" decoding=\"async\" class=\"alignnone size-full wp-image-8990\" src=\"https:\/\/www.yunkuntech.com\/wp-content\/uploads\/2025\/05\/\u4e3b\u56fe_6-1.jpg\" alt=\"\" width=\"1000\" height=\"1489\" srcset=\"https:\/\/www.yunkuntech.com\/wp-content\/uploads\/2025\/05\/\u4e3b\u56fe_6-1.jpg 1000w, https:\/\/www.yunkuntech.com\/wp-content\/uploads\/2025\/05\/\u4e3b\u56fe_6-1-201x300.jpg 201w, https:\/\/www.yunkuntech.com\/wp-content\/uploads\/2025\/05\/\u4e3b\u56fe_6-1-537x800.jpg 537w, https:\/\/www.yunkuntech.com\/wp-content\/uploads\/2025\/05\/\u4e3b\u56fe_6-1-768x1144.jpg 768w, https:\/\/www.yunkuntech.com\/wp-content\/uploads\/2025\/05\/\u4e3b\u56fe_6-1-8x12.jpg 8w, https:\/\/www.yunkuntech.com\/wp-content\/uploads\/2025\/05\/\u4e3b\u56fe_6-1-860x1281.jpg 860w, https:\/\/www.yunkuntech.com\/wp-content\/uploads\/2025\/05\/\u4e3b\u56fe_6-1-430x640.jpg 430w, https:\/\/www.yunkuntech.com\/wp-content\/uploads\/2025\/05\/\u4e3b\u56fe_6-1-700x1042.jpg 700w, https:\/\/www.yunkuntech.com\/wp-content\/uploads\/2025\/05\/\u4e3b\u56fe_6-1-150x223.jpg 150w\" sizes=\"auto, (max-width: 1000px) 100vw, 1000px\" \/> <img loading=\"lazy\" decoding=\"async\" class=\"alignnone size-full wp-image-8982\" src=\"https:\/\/www.yunkuntech.com\/wp-content\/uploads\/2025\/05\/\u4e3b\u56fe_1-1.jpg\" alt=\"\" width=\"990\" height=\"990\" srcset=\"https:\/\/www.yunkuntech.com\/wp-content\/uploads\/2025\/05\/\u4e3b\u56fe_1-1.jpg 990w, https:\/\/www.yunkuntech.com\/wp-content\/uploads\/2025\/05\/\u4e3b\u56fe_1-1-300x300.jpg 300w, https:\/\/www.yunkuntech.com\/wp-content\/uploads\/2025\/05\/\u4e3b\u56fe_1-1-800x800.jpg 800w, https:\/\/www.yunkuntech.com\/wp-content\/uploads\/2025\/05\/\u4e3b\u56fe_1-1-150x150.jpg 150w, https:\/\/www.yunkuntech.com\/wp-content\/uploads\/2025\/05\/\u4e3b\u56fe_1-1-768x768.jpg 768w, https:\/\/www.yunkuntech.com\/wp-content\/uploads\/2025\/05\/\u4e3b\u56fe_1-1-12x12.jpg 12w, https:\/\/www.yunkuntech.com\/wp-content\/uploads\/2025\/05\/\u4e3b\u56fe_1-1-860x860.jpg 860w, https:\/\/www.yunkuntech.com\/wp-content\/uploads\/2025\/05\/\u4e3b\u56fe_1-1-430x430.jpg 430w, https:\/\/www.yunkuntech.com\/wp-content\/uploads\/2025\/05\/\u4e3b\u56fe_1-1-700x700.jpg 700w\" sizes=\"auto, (max-width: 990px) 100vw, 990px\" \/><\/div>\n<div><\/div>\n<\/div>\n<div><\/div>\n<\/div>\n<\/div>\n<p>&nbsp;<\/p>","protected":false},"excerpt":{"rendered":"<p>Carregador magn\u00e9tico sem fios 3 em 1 15W Mag Fast Wireless Phone Charger Safe Pen Holder Mobile Chargers for Iphones Key<\/p>","protected":false},"featured_media":8982,"comment_status":"closed","ping_status":"closed","template":"","meta":[],"product_cat":[78],"product_tag":[74],"class_list":["post-8981","product","type-product","status-publish","has-post-thumbnail","hentry","product_cat-others","product_tag-yunkun"],"_links":{"self":[{"href":"https:\/\/www.yunkuntech.com\/pt\/wp-json\/wp\/v2\/product\/8981","targetHints":{"allow":["GET"]}}],"collection":[{"href":"https:\/\/www.yunkuntech.com\/pt\/wp-json\/wp\/v2\/product"}],"about":[{"href":"https:\/\/www.yunkuntech.com\/pt\/wp-json\/wp\/v2\/types\/product"}],"replies":[{"embeddable":true,"href":"https:\/\/www.yunkuntech.com\/pt\/wp-json\/wp\/v2\/comments?post=8981"}],"version-history":[{"count":3,"href":"https:\/\/www.yunkuntech.com\/pt\/wp-json\/wp\/v2\/product\/8981\/revisions"}],"predecessor-version":[{"id":8991,"href":"https:\/\/www.yunkuntech.com\/pt\/wp-json\/wp\/v2\/product\/8981\/revisions\/8991"}],"wp:featuredmedia":[{"embeddable":true,"href":"https:\/\/www.yunkuntech.com\/pt\/wp-json\/wp\/v2\/media\/8982"}],"wp:attachment":[{"href":"https:\/\/www.yunkuntech.com\/pt\/wp-json\/wp\/v2\/media?parent=8981"}],"wp:term":[{"taxonomy":"product_cat","embeddable":true,"href":"https:\/\/www.yunkuntech.com\/pt\/wp-json\/wp\/v2\/product_cat?post=8981"},{"taxonomy":"product_tag","embeddable":true,"href":"https:\/\/www.yunkuntech.com\/pt\/wp-json\/wp\/v2\/product_tag?post=8981"}],"curies":[{"name":"wp","href":"https:\/\/api.w.org\/{rel}","templated":true}]}}