{"id":8861,"date":"2025-02-18T14:40:41","date_gmt":"2025-02-18T06:40:41","guid":{"rendered":"http:\/\/www.yunkuntech.com\/?post_type=product&#038;p=8861"},"modified":"2025-02-18T14:40:41","modified_gmt":"2025-02-18T06:40:41","slug":"100w-200w-6ah-20ah-solar-panels-photovoltaic-integrated-storage-battery-emergency-power-portable-power-station","status":"publish","type":"product","link":"https:\/\/www.yunkuntech.com\/pt\/product\/100w-200w-6ah-20ah-solar-panels-photovoltaic-integrated-storage-battery-emergency-power-portable-power-station\/","title":{"rendered":"Pain\u00e9is solares 100w 200w 6ah 20ah Pain\u00e9is solares fotovoltaicos Bateria de armazenamento integrada Energia de emerg\u00eancia Esta\u00e7\u00e3o de energia port\u00e1til"},"content":{"rendered":"<div class=\"attribute-info\">\n<div class=\"attribute-list\">\n<div class=\"attribute-item\">\n<div class=\"left\">\n<h2 data-spm-anchor-id=\"a2700.details.0.i79.3a793ff5aOFuux\">Sobre este produto<\/h2>\n<ul class=\"\" data-spm-anchor-id=\"a2700.details.0.i95.3a793ff5aOFuux\">\n<li>Solu\u00e7\u00e3o de energia fi\u00e1vel: Esta esta\u00e7\u00e3o de energia port\u00e1til foi concebida para utiliza\u00e7\u00e3o no exterior e no interior, proporcionando uma solu\u00e7\u00e3o de energia fi\u00e1vel para situa\u00e7\u00f5es de emerg\u00eancia ou aplica\u00e7\u00f5es fora da rede. Pode ser utilizada por pessoas que necessitam de energia em movimento, como campistas, viajantes ou pessoas afectadas por cat\u00e1strofes naturais.<\/li>\n<li>Gera\u00e7\u00e3o de energia solar: Com o seu painel solar incorporado, esta central el\u00e9ctrica pode ser carregada utilizando energia renov\u00e1vel, reduzindo a depend\u00eancia de fontes de energia tradicionais e minimizando o impacto ambiental. Esta carater\u00edstica \u00e9 ideal para utilizadores que d\u00e3o prioridade \u00e0 sustentabilidade e ao respeito pelo ambiente.<\/li>\n<li>Elevada capacidade e versatilidade: A esta\u00e7\u00e3o de alimenta\u00e7\u00e3o tem uma capacidade de 200 W, permitindo o carregamento de v\u00e1rios dispositivos em simult\u00e2neo, incluindo computadores port\u00e1teis, smartphones e outros pequenos aparelhos. A sua versatilidade torna-a uma excelente escolha para os utilizadores que necessitam de uma fonte de alimenta\u00e7\u00e3o fi\u00e1vel para v\u00e1rias aplica\u00e7\u00f5es.<\/li>\n<li>Carater\u00edsticas de seguran\u00e7a: Este produto inclui um inversor de onda sinusoidal modificado e uma bateria de chumbo-\u00e1cido, garantindo uma fonte de alimenta\u00e7\u00e3o est\u00e1vel e eficiente. Al\u00e9m disso, inclui uma fun\u00e7\u00e3o de carregamento sem fios, uma lanterna e uma porta Tipo C para carregamento e gest\u00e3o de energia convenientes.<\/li>\n<li>Design compacto e port\u00e1til: Com um peso de [peso fornecido pelo utilizador], esta central el\u00e9ctrica foi concebida para ser leve e compacta, o que a torna f\u00e1cil de transportar e armazenar, ideal para utilizadores que necessitam de uma solu\u00e7\u00e3o de energia port\u00e1til para as suas actividades ao ar livre ou kits de prepara\u00e7\u00e3o para emerg\u00eancias.\n<div class=\"attribute-list\">\n<div class=\"attribute-item\"><\/div>\n<div class=\"attribute-item\">\n<div class=\"left\"><\/div>\n<\/div>\n<\/div>\n<h3>Outros atributos<\/h3>\n<div class=\"attribute-list\">\n<div class=\"attribute-item\">\n<div class=\"left\">\n<div class=\"attribute-item\">\n<div class=\"left\" data-spm-anchor-id=\"a2700.details.0.i96.3a793ff5aOFuux\">Fonte de energia: Painel solar<\/div>\n<\/div>\n<div class=\"attribute-item\">\n<div class=\"left\">Tipo de bateria: Bateria de chumbo-\u00e1cido<\/div>\n<\/div>\n<div class=\"attribute-item\">\n<div class=\"left\">Tipo de inversor: Onda sinusoidal modificada<\/div>\n<\/div>\n<p>Local de origem: Guangdong, China<\/p><\/div>\n<\/div>\n<div class=\"attribute-item\"><\/div>\n<div class=\"attribute-item\">\n<div class=\"left\">Carater\u00edsticas especiais: Tipo C, Lanterna, Carregamento sem fios<\/div>\n<\/div>\n<div class=\"attribute-item\">\n<div class=\"left\">Tens\u00e3o do sistema: 220W<\/div>\n<\/div>\n<div class=\"attribute-item\">\n<div class=\"left\">Tipo de bateria: Bateria de chumbo-\u00e1cido<\/div>\n<\/div>\n<div class=\"attribute-item\">\n<div class=\"left\">Nome do produto: Esta\u00e7\u00e3o de energia solar port\u00e1til<\/div>\n<\/div>\n<div class=\"attribute-item\">\n<div class=\"left\">Aplica\u00e7\u00e3o: Exterior Interior<\/div>\n<\/div>\n<div class=\"attribute-item\">\n<div class=\"left\">Sa\u00edda AC: 110V\/220V<\/div>\n<\/div>\n<div class=\"attribute-item\">\n<div class=\"left\">Fun\u00e7\u00e3o: Suporte de energia<\/div>\n<\/div>\n<div class=\"attribute-item\">\n<div class=\"left\">Palavra-chave: Central el\u00e9ctrica gerador solar<\/div>\n<\/div>\n<div class=\"attribute-item\">\n<div class=\"left\">Capacidade da bateria: 50Hz\/60Hz<\/div>\n<\/div>\n<div class=\"attribute-item\">\n<div class=\"left\">Certifica\u00e7\u00e3o: CE<\/div>\n<\/div>\n<div class=\"attribute-item\">\n<div class=\"left\">Utiliza\u00e7\u00e3o: Energia de emerg\u00eancia m\u00f3vel port\u00e1til para exterior<\/div>\n<\/div>\n<div class=\"attribute-item\">\n<div class=\"left\">Bateria: Bateria de chumbo-\u00e1cido<\/div>\n<\/div>\n<\/div>\n<h3>Embalagem e entrega<\/h3>\n<div class=\"attribute-list\">\n<div class=\"attribute-item\">\n<div class=\"left\">Unidades de venda: Item \u00fanico<\/div>\n<\/div>\n<div class=\"attribute-item\">\n<div class=\"left\">Tamanho da embalagem individual: 36X11X26 cm<\/div>\n<\/div>\n<div class=\"attribute-item\">\n<div class=\"left\">Peso bruto \u00fanico: 8.000 kg<\/div>\n<\/div>\n<\/div>\n<\/li>\n<\/ul>\n<\/div>\n<\/div>\n<div><img loading=\"lazy\" decoding=\"async\" class=\"alignnone size-full wp-image-8862\" src=\"http:\/\/www.yunkuntech.com\/wp-content\/uploads\/2025\/02\/\u4e3b\u56fe_1-3.jpg\" alt=\"\" width=\"1001\" height=\"1001\" srcset=\"https:\/\/www.yunkuntech.com\/wp-content\/uploads\/2025\/02\/\u4e3b\u56fe_1-3.jpg 1001w, https:\/\/www.yunkuntech.com\/wp-content\/uploads\/2025\/02\/\u4e3b\u56fe_1-3-300x300.jpg 300w, https:\/\/www.yunkuntech.com\/wp-content\/uploads\/2025\/02\/\u4e3b\u56fe_1-3-800x800.jpg 800w, https:\/\/www.yunkuntech.com\/wp-content\/uploads\/2025\/02\/\u4e3b\u56fe_1-3-150x150.jpg 150w, https:\/\/www.yunkuntech.com\/wp-content\/uploads\/2025\/02\/\u4e3b\u56fe_1-3-768x768.jpg 768w, https:\/\/www.yunkuntech.com\/wp-content\/uploads\/2025\/02\/\u4e3b\u56fe_1-3-860x860.jpg 860w, https:\/\/www.yunkuntech.com\/wp-content\/uploads\/2025\/02\/\u4e3b\u56fe_1-3-430x430.jpg 430w, https:\/\/www.yunkuntech.com\/wp-content\/uploads\/2025\/02\/\u4e3b\u56fe_1-3-700x700.jpg 700w\" sizes=\"auto, (max-width: 1001px) 100vw, 1001px\" \/> <img loading=\"lazy\" decoding=\"async\" class=\"alignnone size-full wp-image-8863\" src=\"http:\/\/www.yunkuntech.com\/wp-content\/uploads\/2025\/02\/\u4e3b\u56fe_2-4.jpg\" alt=\"\" width=\"1001\" height=\"1001\" srcset=\"https:\/\/www.yunkuntech.com\/wp-content\/uploads\/2025\/02\/\u4e3b\u56fe_2-4.jpg 1001w, https:\/\/www.yunkuntech.com\/wp-content\/uploads\/2025\/02\/\u4e3b\u56fe_2-4-300x300.jpg 300w, https:\/\/www.yunkuntech.com\/wp-content\/uploads\/2025\/02\/\u4e3b\u56fe_2-4-800x800.jpg 800w, https:\/\/www.yunkuntech.com\/wp-content\/uploads\/2025\/02\/\u4e3b\u56fe_2-4-150x150.jpg 150w, https:\/\/www.yunkuntech.com\/wp-content\/uploads\/2025\/02\/\u4e3b\u56fe_2-4-768x768.jpg 768w, https:\/\/www.yunkuntech.com\/wp-content\/uploads\/2025\/02\/\u4e3b\u56fe_2-4-860x860.jpg 860w, https:\/\/www.yunkuntech.com\/wp-content\/uploads\/2025\/02\/\u4e3b\u56fe_2-4-430x430.jpg 430w, https:\/\/www.yunkuntech.com\/wp-content\/uploads\/2025\/02\/\u4e3b\u56fe_2-4-700x700.jpg 700w\" sizes=\"auto, (max-width: 1001px) 100vw, 1001px\" \/> <img loading=\"lazy\" decoding=\"async\" class=\"alignnone size-full wp-image-8864\" src=\"http:\/\/www.yunkuntech.com\/wp-content\/uploads\/2025\/02\/\u4e3b\u56fe_3-4.jpg\" alt=\"\" width=\"1001\" height=\"1001\" srcset=\"https:\/\/www.yunkuntech.com\/wp-content\/uploads\/2025\/02\/\u4e3b\u56fe_3-4.jpg 1001w, https:\/\/www.yunkuntech.com\/wp-content\/uploads\/2025\/02\/\u4e3b\u56fe_3-4-300x300.jpg 300w, https:\/\/www.yunkuntech.com\/wp-content\/uploads\/2025\/02\/\u4e3b\u56fe_3-4-800x800.jpg 800w, https:\/\/www.yunkuntech.com\/wp-content\/uploads\/2025\/02\/\u4e3b\u56fe_3-4-150x150.jpg 150w, https:\/\/www.yunkuntech.com\/wp-content\/uploads\/2025\/02\/\u4e3b\u56fe_3-4-768x768.jpg 768w, https:\/\/www.yunkuntech.com\/wp-content\/uploads\/2025\/02\/\u4e3b\u56fe_3-4-860x860.jpg 860w, https:\/\/www.yunkuntech.com\/wp-content\/uploads\/2025\/02\/\u4e3b\u56fe_3-4-430x430.jpg 430w, https:\/\/www.yunkuntech.com\/wp-content\/uploads\/2025\/02\/\u4e3b\u56fe_3-4-700x700.jpg 700w\" sizes=\"auto, (max-width: 1001px) 100vw, 1001px\" \/> <img loading=\"lazy\" decoding=\"async\" class=\"alignnone size-full wp-image-8865\" src=\"http:\/\/www.yunkuntech.com\/wp-content\/uploads\/2025\/02\/\u4e3b\u56fe_4-3.jpg\" alt=\"\" width=\"1001\" height=\"1001\" srcset=\"https:\/\/www.yunkuntech.com\/wp-content\/uploads\/2025\/02\/\u4e3b\u56fe_4-3.jpg 1001w, https:\/\/www.yunkuntech.com\/wp-content\/uploads\/2025\/02\/\u4e3b\u56fe_4-3-300x300.jpg 300w, https:\/\/www.yunkuntech.com\/wp-content\/uploads\/2025\/02\/\u4e3b\u56fe_4-3-800x800.jpg 800w, https:\/\/www.yunkuntech.com\/wp-content\/uploads\/2025\/02\/\u4e3b\u56fe_4-3-150x150.jpg 150w, https:\/\/www.yunkuntech.com\/wp-content\/uploads\/2025\/02\/\u4e3b\u56fe_4-3-768x768.jpg 768w, https:\/\/www.yunkuntech.com\/wp-content\/uploads\/2025\/02\/\u4e3b\u56fe_4-3-860x860.jpg 860w, https:\/\/www.yunkuntech.com\/wp-content\/uploads\/2025\/02\/\u4e3b\u56fe_4-3-430x430.jpg 430w, https:\/\/www.yunkuntech.com\/wp-content\/uploads\/2025\/02\/\u4e3b\u56fe_4-3-700x700.jpg 700w\" sizes=\"auto, (max-width: 1001px) 100vw, 1001px\" \/> <img loading=\"lazy\" decoding=\"async\" class=\"alignnone size-full wp-image-8866\" src=\"http:\/\/www.yunkuntech.com\/wp-content\/uploads\/2025\/02\/\u4e3b\u56fe_5-6.jpg\" alt=\"\" width=\"800\" height=\"800\" srcset=\"https:\/\/www.yunkuntech.com\/wp-content\/uploads\/2025\/02\/\u4e3b\u56fe_5-6.jpg 800w, https:\/\/www.yunkuntech.com\/wp-content\/uploads\/2025\/02\/\u4e3b\u56fe_5-6-300x300.jpg 300w, https:\/\/www.yunkuntech.com\/wp-content\/uploads\/2025\/02\/\u4e3b\u56fe_5-6-150x150.jpg 150w, https:\/\/www.yunkuntech.com\/wp-content\/uploads\/2025\/02\/\u4e3b\u56fe_5-6-768x768.jpg 768w, https:\/\/www.yunkuntech.com\/wp-content\/uploads\/2025\/02\/\u4e3b\u56fe_5-6-430x430.jpg 430w, https:\/\/www.yunkuntech.com\/wp-content\/uploads\/2025\/02\/\u4e3b\u56fe_5-6-700x700.jpg 700w\" sizes=\"auto, (max-width: 800px) 100vw, 800px\" \/> <img loading=\"lazy\" decoding=\"async\" class=\"alignnone size-full wp-image-8867\" src=\"http:\/\/www.yunkuntech.com\/wp-content\/uploads\/2025\/02\/\u4e3b\u56fe_6-6.jpg\" alt=\"\" width=\"1001\" height=\"1001\" srcset=\"https:\/\/www.yunkuntech.com\/wp-content\/uploads\/2025\/02\/\u4e3b\u56fe_6-6.jpg 1001w, https:\/\/www.yunkuntech.com\/wp-content\/uploads\/2025\/02\/\u4e3b\u56fe_6-6-300x300.jpg 300w, https:\/\/www.yunkuntech.com\/wp-content\/uploads\/2025\/02\/\u4e3b\u56fe_6-6-800x800.jpg 800w, https:\/\/www.yunkuntech.com\/wp-content\/uploads\/2025\/02\/\u4e3b\u56fe_6-6-150x150.jpg 150w, https:\/\/www.yunkuntech.com\/wp-content\/uploads\/2025\/02\/\u4e3b\u56fe_6-6-768x768.jpg 768w, https:\/\/www.yunkuntech.com\/wp-content\/uploads\/2025\/02\/\u4e3b\u56fe_6-6-860x860.jpg 860w, https:\/\/www.yunkuntech.com\/wp-content\/uploads\/2025\/02\/\u4e3b\u56fe_6-6-430x430.jpg 430w, https:\/\/www.yunkuntech.com\/wp-content\/uploads\/2025\/02\/\u4e3b\u56fe_6-6-700x700.jpg 700w\" sizes=\"auto, (max-width: 1001px) 100vw, 1001px\" \/><\/div>\n<div class=\"attribute-item\">\n<div><\/div>\n<\/div>\n<\/div>\n<\/div>","protected":false},"excerpt":{"rendered":"<p>Sobre este produto Solu\u00e7\u00e3o de energia fi\u00e1vel: Esta esta\u00e7\u00e3o de energia port\u00e1til foi concebida para utiliza\u00e7\u00e3o no exterior e no interior, proporcionando uma solu\u00e7\u00e3o fi\u00e1vel<\/p>","protected":false},"featured_media":8866,"comment_status":"open","ping_status":"closed","template":"","meta":[],"product_cat":[20,73],"product_tag":[],"class_list":["post-8861","product","type-product","status-publish","has-post-thumbnail","hentry","product_cat-high-capacity-power-bank","product_cat-outdoor-mobile-power-supply"],"_links":{"self":[{"href":"https:\/\/www.yunkuntech.com\/pt\/wp-json\/wp\/v2\/product\/8861","targetHints":{"allow":["GET"]}}],"collection":[{"href":"https:\/\/www.yunkuntech.com\/pt\/wp-json\/wp\/v2\/product"}],"about":[{"href":"https:\/\/www.yunkuntech.com\/pt\/wp-json\/wp\/v2\/types\/product"}],"replies":[{"embeddable":true,"href":"https:\/\/www.yunkuntech.com\/pt\/wp-json\/wp\/v2\/comments?post=8861"}],"version-history":[{"count":1,"href":"https:\/\/www.yunkuntech.com\/pt\/wp-json\/wp\/v2\/product\/8861\/revisions"}],"predecessor-version":[{"id":8868,"href":"https:\/\/www.yunkuntech.com\/pt\/wp-json\/wp\/v2\/product\/8861\/revisions\/8868"}],"wp:featuredmedia":[{"embeddable":true,"href":"https:\/\/www.yunkuntech.com\/pt\/wp-json\/wp\/v2\/media\/8866"}],"wp:attachment":[{"href":"https:\/\/www.yunkuntech.com\/pt\/wp-json\/wp\/v2\/media?parent=8861"}],"wp:term":[{"taxonomy":"product_cat","embeddable":true,"href":"https:\/\/www.yunkuntech.com\/pt\/wp-json\/wp\/v2\/product_cat?post=8861"},{"taxonomy":"product_tag","embeddable":true,"href":"https:\/\/www.yunkuntech.com\/pt\/wp-json\/wp\/v2\/product_tag?post=8861"}],"curies":[{"name":"wp","href":"https:\/\/api.w.org\/{rel}","templated":true}]}}