{"id":8842,"date":"2025-02-18T14:14:23","date_gmt":"2025-02-18T06:14:23","guid":{"rendered":"http:\/\/www.yunkuntech.com\/?post_type=product&#038;p=8842"},"modified":"2025-02-18T14:14:23","modified_gmt":"2025-02-18T06:14:23","slug":"factory-custom-outdoor-cheap-carry-case-20w-camouflage-portable-solar-panel-foldable-solar-charger","status":"publish","type":"product","link":"https:\/\/www.yunkuntech.com\/pt\/product\/factory-custom-outdoor-cheap-carry-case-20w-camouflage-portable-solar-panel-foldable-solar-charger\/","title":{"rendered":"F\u00e1brica Personalizado Exterior Barato Bolsa de Transporte 20w Camuflagem Painel Solar Port\u00e1til Carregador Solar Dobr\u00e1vel"},"content":{"rendered":"<h2 data-spm-anchor-id=\"a2700.details.0.i91.58257f06ZZ2yzE\">Sobre este produto<\/h2>\n<ul class=\"\" data-spm-anchor-id=\"a2700.details.0.i90.58257f06ZZ2yzE\">\n<li data-spm-anchor-id=\"a2700.details.0.i92.58257f06ZZ2yzE\">Design dur\u00e1vel e port\u00e1til: Este banco de energia solar \u00e9 fabricado com materiais de estima\u00e7\u00e3o e pl\u00e1stico, garantindo um produto resistente e duradouro que pode suportar v\u00e1rias condi\u00e7\u00f5es ao ar livre. O seu tamanho dobr\u00e1vel de 165x105x20mm e o tamanho desdobr\u00e1vel de 440x165x3mm fazem dele um companheiro ideal para acampar, viagens de caravana ou uso dom\u00e9stico.<\/li>\n<li>Carregamento r\u00e1pido e fi\u00e1vel: Com uma pot\u00eancia de sa\u00edda de 20W e uma efici\u00eancia de painel de 21%, este banco de energia solar fornece um carregamento r\u00e1pido e eficiente para os seus dispositivos. A sua interface de entrada sem fios permite um carregamento sem esfor\u00e7o, enquanto a sua interface de sa\u00edda micro USB garante a compatibilidade com uma vasta gama de dispositivos.<\/li>\n<li>Aplica\u00e7\u00f5es vers\u00e1teis: Este banco de energia solar foi concebido para v\u00e1rias aplica\u00e7\u00f5es, incluindo barcos, caravanas, casas e actividades ao ar livre. O seu tamanho compacto e design leve (320g) facilitam o seu transporte e armazenamento, tornando-o uma excelente escolha para os utilizadores que necessitam de uma fonte de energia fi\u00e1vel em movimento.<\/li>\n<li>Desempenho de longa dura\u00e7\u00e3o: Apoiado por uma garantia de 1 ano, este banco de energia solar foi concebido para proporcionar um desempenho fi\u00e1vel durante um per\u00edodo prolongado. O seu design duradouro e o painel solar eficiente garantem que pode suportar condi\u00e7\u00f5es exteriores adversas e continuar a carregar os seus dispositivos de forma eficaz.<\/li>\n<li>Solu\u00e7\u00e3o personalizada: Este produto oferece uma solu\u00e7\u00e3o personalizada para os utilizadores que necessitam de uma fonte de energia port\u00e1til e eficiente. Com as suas capacidades de carregamento r\u00e1pido e design compacto, \u00e9 a escolha ideal para os utilizadores que necessitam de um banco de energia fi\u00e1vel para as suas necessidades espec\u00edficas, tais como entusiastas de actividades ao ar livre e propriet\u00e1rios de ve\u00edculos de recreio.<\/li>\n<\/ul>\n<div class=\"module_attribute\" data-module-name=\"module_attribute\">\n<div class=\"attribute-layout\" data-aplus-ae=\"x9_4bbbf637\" data-spm-anchor-id=\"a2700.details.0.i8.58257f06ZZ2yzE\">\n<h2 id=\"key-attributes\" class=\"att-title\" data-spm-anchor-id=\"a2700.details.0.i93.58257f06ZZ2yzE\">Principais atributos<\/h2>\n<div class=\"attribute-info\">\n<h3>Atributos espec\u00edficos do sector<\/h3>\n<div class=\"attribute-list\">\n<div class=\"attribute-item\">\n<div class=\"left\">interface de sa\u00edda: Micro USB<\/div>\n<\/div>\n<div class=\"attribute-item\">\n<div class=\"left\">fun\u00e7\u00e3o: Carregamento do painel solar<\/div>\n<\/div>\n<div class=\"attribute-item\">\n<div class=\"left\">tipo: PORT\u00c1TIL<\/div>\n<\/div>\n<div class=\"attribute-item\">\n<div class=\"left\">material: Pl\u00e1stico<\/div>\n<\/div>\n<\/div>\n<h3>Outros atributos<\/h3>\n<div class=\"attribute-list\">\n<div class=\"attribute-item\">\n<div class=\"left\">interface de entrada: Sem fios<\/div>\n<\/div>\n<div class=\"attribute-item\">\n<div class=\"left\">Fun\u00e7\u00e3o: Carregamento do painel solar, suporte para carregamento solar<\/div>\n<\/div>\n<div class=\"attribute-item\">\n<div class=\"left\">Tipo: Carregamento r\u00e1pido, esta\u00e7\u00e3o de alimenta\u00e7\u00e3o port\u00e1til<\/div>\n<\/div>\n<div class=\"attribute-item\">\n<div class=\"left\">Tamanho da dobragem: 165x105x20mm<\/div>\n<\/div>\n<div class=\"attribute-item\">\n<div class=\"left\">Tamanho do desdobramento: 440x165x3mm<\/div>\n<\/div>\n<div class=\"attribute-item\">\n<div class=\"left\">Peso l\u00edquido: 320g<\/div>\n<\/div>\n<div class=\"attribute-item\">\n<div class=\"left\">Material: PET<\/div>\n<\/div>\n<div class=\"attribute-item\">\n<div class=\"left\">Pot\u00eancia de sa\u00edda: 20W<\/div>\n<\/div>\n<div class=\"attribute-item\">\n<div class=\"left\">Garantia: 1 ano<\/div>\n<\/div>\n<div class=\"attribute-item\">\n<div class=\"left\">Efici\u00eancia do painel: 21%<\/div>\n<\/div>\n<div class=\"attribute-item\">\n<div class=\"left\">Aplica\u00e7\u00e3o: Barcos, caravanas, casa, ao ar livre<\/div>\n<\/div>\n<\/div>\n<h3 data-spm-anchor-id=\"a2700.details.0.i94.58257f06ZZ2yzE\">Embalagem e entrega<\/h3>\n<div class=\"attribute-list\">\n<div class=\"attribute-item\">\n<div class=\"left\">Unidades de venda: Item \u00fanico<\/div>\n<\/div>\n<div class=\"attribute-item\">\n<div class=\"left\">Tamanho da embalagem individual: 18X13X5 cm<\/div>\n<\/div>\n<div class=\"attribute-item\">\n<div class=\"left\">Peso bruto \u00fanico: 0,580 kg<\/div>\n<\/div>\n<\/div>\n<\/div>\n<\/div>\n<\/div>\n<div class=\"module_industry_compatible_vehicles_down\" data-module-name=\"module_industry_compatible_vehicles_down\">\u00a0 \u00a0 <img loading=\"lazy\" decoding=\"async\" class=\"alignnone size-full wp-image-8843\" src=\"http:\/\/www.yunkuntech.com\/wp-content\/uploads\/2025\/02\/\u8be6\u60c5\u56fe_4-2.jpg\" alt=\"\" width=\"1340\" height=\"1785\" srcset=\"https:\/\/www.yunkuntech.com\/wp-content\/uploads\/2025\/02\/\u8be6\u60c5\u56fe_4-2.jpg 1340w, https:\/\/www.yunkuntech.com\/wp-content\/uploads\/2025\/02\/\u8be6\u60c5\u56fe_4-2-225x300.jpg 225w, https:\/\/www.yunkuntech.com\/wp-content\/uploads\/2025\/02\/\u8be6\u60c5\u56fe_4-2-601x800.jpg 601w, https:\/\/www.yunkuntech.com\/wp-content\/uploads\/2025\/02\/\u8be6\u60c5\u56fe_4-2-768x1023.jpg 768w, https:\/\/www.yunkuntech.com\/wp-content\/uploads\/2025\/02\/\u8be6\u60c5\u56fe_4-2-1153x1536.jpg 1153w, https:\/\/www.yunkuntech.com\/wp-content\/uploads\/2025\/02\/\u8be6\u60c5\u56fe_4-2-860x1146.jpg 860w, https:\/\/www.yunkuntech.com\/wp-content\/uploads\/2025\/02\/\u8be6\u60c5\u56fe_4-2-430x573.jpg 430w, https:\/\/www.yunkuntech.com\/wp-content\/uploads\/2025\/02\/\u8be6\u60c5\u56fe_4-2-700x932.jpg 700w, https:\/\/www.yunkuntech.com\/wp-content\/uploads\/2025\/02\/\u8be6\u60c5\u56fe_4-2-150x200.jpg 150w\" sizes=\"auto, (max-width: 1340px) 100vw, 1340px\" \/> <img loading=\"lazy\" decoding=\"async\" class=\"alignnone size-full wp-image-8844\" src=\"http:\/\/www.yunkuntech.com\/wp-content\/uploads\/2025\/02\/\u8be6\u60c5\u56fe_5-2.jpg\" alt=\"\" width=\"1340\" height=\"1785\" srcset=\"https:\/\/www.yunkuntech.com\/wp-content\/uploads\/2025\/02\/\u8be6\u60c5\u56fe_5-2.jpg 1340w, https:\/\/www.yunkuntech.com\/wp-content\/uploads\/2025\/02\/\u8be6\u60c5\u56fe_5-2-225x300.jpg 225w, https:\/\/www.yunkuntech.com\/wp-content\/uploads\/2025\/02\/\u8be6\u60c5\u56fe_5-2-601x800.jpg 601w, https:\/\/www.yunkuntech.com\/wp-content\/uploads\/2025\/02\/\u8be6\u60c5\u56fe_5-2-768x1023.jpg 768w, https:\/\/www.yunkuntech.com\/wp-content\/uploads\/2025\/02\/\u8be6\u60c5\u56fe_5-2-1153x1536.jpg 1153w, https:\/\/www.yunkuntech.com\/wp-content\/uploads\/2025\/02\/\u8be6\u60c5\u56fe_5-2-860x1146.jpg 860w, https:\/\/www.yunkuntech.com\/wp-content\/uploads\/2025\/02\/\u8be6\u60c5\u56fe_5-2-430x573.jpg 430w, https:\/\/www.yunkuntech.com\/wp-content\/uploads\/2025\/02\/\u8be6\u60c5\u56fe_5-2-700x932.jpg 700w, https:\/\/www.yunkuntech.com\/wp-content\/uploads\/2025\/02\/\u8be6\u60c5\u56fe_5-2-150x200.jpg 150w\" sizes=\"auto, (max-width: 1340px) 100vw, 1340px\" \/> <img loading=\"lazy\" decoding=\"async\" class=\"alignnone size-full wp-image-8845\" src=\"http:\/\/www.yunkuntech.com\/wp-content\/uploads\/2025\/02\/\u8be6\u60c5\u56fe_6-3.jpg\" alt=\"\" width=\"1340\" height=\"1785\" srcset=\"https:\/\/www.yunkuntech.com\/wp-content\/uploads\/2025\/02\/\u8be6\u60c5\u56fe_6-3.jpg 1340w, https:\/\/www.yunkuntech.com\/wp-content\/uploads\/2025\/02\/\u8be6\u60c5\u56fe_6-3-225x300.jpg 225w, https:\/\/www.yunkuntech.com\/wp-content\/uploads\/2025\/02\/\u8be6\u60c5\u56fe_6-3-601x800.jpg 601w, https:\/\/www.yunkuntech.com\/wp-content\/uploads\/2025\/02\/\u8be6\u60c5\u56fe_6-3-768x1023.jpg 768w, https:\/\/www.yunkuntech.com\/wp-content\/uploads\/2025\/02\/\u8be6\u60c5\u56fe_6-3-1153x1536.jpg 1153w, https:\/\/www.yunkuntech.com\/wp-content\/uploads\/2025\/02\/\u8be6\u60c5\u56fe_6-3-860x1146.jpg 860w, https:\/\/www.yunkuntech.com\/wp-content\/uploads\/2025\/02\/\u8be6\u60c5\u56fe_6-3-430x573.jpg 430w, https:\/\/www.yunkuntech.com\/wp-content\/uploads\/2025\/02\/\u8be6\u60c5\u56fe_6-3-700x932.jpg 700w, https:\/\/www.yunkuntech.com\/wp-content\/uploads\/2025\/02\/\u8be6\u60c5\u56fe_6-3-150x200.jpg 150w\" sizes=\"auto, (max-width: 1340px) 100vw, 1340px\" \/> <img loading=\"lazy\" decoding=\"async\" class=\"alignnone size-full wp-image-8846\" src=\"http:\/\/www.yunkuntech.com\/wp-content\/uploads\/2025\/02\/\u8be6\u60c5\u56fe_7-1.jpg\" alt=\"\" width=\"1340\" height=\"1785\" srcset=\"https:\/\/www.yunkuntech.com\/wp-content\/uploads\/2025\/02\/\u8be6\u60c5\u56fe_7-1.jpg 1340w, https:\/\/www.yunkuntech.com\/wp-content\/uploads\/2025\/02\/\u8be6\u60c5\u56fe_7-1-225x300.jpg 225w, https:\/\/www.yunkuntech.com\/wp-content\/uploads\/2025\/02\/\u8be6\u60c5\u56fe_7-1-601x800.jpg 601w, https:\/\/www.yunkuntech.com\/wp-content\/uploads\/2025\/02\/\u8be6\u60c5\u56fe_7-1-768x1023.jpg 768w, https:\/\/www.yunkuntech.com\/wp-content\/uploads\/2025\/02\/\u8be6\u60c5\u56fe_7-1-1153x1536.jpg 1153w, https:\/\/www.yunkuntech.com\/wp-content\/uploads\/2025\/02\/\u8be6\u60c5\u56fe_7-1-860x1146.jpg 860w, https:\/\/www.yunkuntech.com\/wp-content\/uploads\/2025\/02\/\u8be6\u60c5\u56fe_7-1-430x573.jpg 430w, https:\/\/www.yunkuntech.com\/wp-content\/uploads\/2025\/02\/\u8be6\u60c5\u56fe_7-1-700x932.jpg 700w, https:\/\/www.yunkuntech.com\/wp-content\/uploads\/2025\/02\/\u8be6\u60c5\u56fe_7-1-150x200.jpg 150w\" sizes=\"auto, (max-width: 1340px) 100vw, 1340px\" \/> <img loading=\"lazy\" decoding=\"async\" class=\"alignnone size-full wp-image-8847\" src=\"http:\/\/www.yunkuntech.com\/wp-content\/uploads\/2025\/02\/\u8be6\u60c5\u56fe_8.jpg\" alt=\"\" width=\"1340\" height=\"1785\" srcset=\"https:\/\/www.yunkuntech.com\/wp-content\/uploads\/2025\/02\/\u8be6\u60c5\u56fe_8.jpg 1340w, https:\/\/www.yunkuntech.com\/wp-content\/uploads\/2025\/02\/\u8be6\u60c5\u56fe_8-225x300.jpg 225w, https:\/\/www.yunkuntech.com\/wp-content\/uploads\/2025\/02\/\u8be6\u60c5\u56fe_8-601x800.jpg 601w, https:\/\/www.yunkuntech.com\/wp-content\/uploads\/2025\/02\/\u8be6\u60c5\u56fe_8-768x1023.jpg 768w, https:\/\/www.yunkuntech.com\/wp-content\/uploads\/2025\/02\/\u8be6\u60c5\u56fe_8-1153x1536.jpg 1153w, https:\/\/www.yunkuntech.com\/wp-content\/uploads\/2025\/02\/\u8be6\u60c5\u56fe_8-860x1146.jpg 860w, https:\/\/www.yunkuntech.com\/wp-content\/uploads\/2025\/02\/\u8be6\u60c5\u56fe_8-430x573.jpg 430w, https:\/\/www.yunkuntech.com\/wp-content\/uploads\/2025\/02\/\u8be6\u60c5\u56fe_8-700x932.jpg 700w, https:\/\/www.yunkuntech.com\/wp-content\/uploads\/2025\/02\/\u8be6\u60c5\u56fe_8-150x200.jpg 150w\" sizes=\"auto, (max-width: 1340px) 100vw, 1340px\" \/> <img loading=\"lazy\" decoding=\"async\" class=\"alignnone size-full wp-image-8848\" src=\"http:\/\/www.yunkuntech.com\/wp-content\/uploads\/2025\/02\/\u8be6\u60c5\u56fe_9.jpg\" alt=\"\" width=\"1340\" height=\"1785\" srcset=\"https:\/\/www.yunkuntech.com\/wp-content\/uploads\/2025\/02\/\u8be6\u60c5\u56fe_9.jpg 1340w, https:\/\/www.yunkuntech.com\/wp-content\/uploads\/2025\/02\/\u8be6\u60c5\u56fe_9-225x300.jpg 225w, https:\/\/www.yunkuntech.com\/wp-content\/uploads\/2025\/02\/\u8be6\u60c5\u56fe_9-601x800.jpg 601w, https:\/\/www.yunkuntech.com\/wp-content\/uploads\/2025\/02\/\u8be6\u60c5\u56fe_9-768x1023.jpg 768w, https:\/\/www.yunkuntech.com\/wp-content\/uploads\/2025\/02\/\u8be6\u60c5\u56fe_9-1153x1536.jpg 1153w, https:\/\/www.yunkuntech.com\/wp-content\/uploads\/2025\/02\/\u8be6\u60c5\u56fe_9-860x1146.jpg 860w, https:\/\/www.yunkuntech.com\/wp-content\/uploads\/2025\/02\/\u8be6\u60c5\u56fe_9-430x573.jpg 430w, https:\/\/www.yunkuntech.com\/wp-content\/uploads\/2025\/02\/\u8be6\u60c5\u56fe_9-700x932.jpg 700w, https:\/\/www.yunkuntech.com\/wp-content\/uploads\/2025\/02\/\u8be6\u60c5\u56fe_9-150x200.jpg 150w\" sizes=\"auto, (max-width: 1340px) 100vw, 1340px\" \/> <img loading=\"lazy\" decoding=\"async\" class=\"alignnone size-full wp-image-8849\" src=\"http:\/\/www.yunkuntech.com\/wp-content\/uploads\/2025\/02\/\u8be6\u60c5\u56fe_10.jpg\" alt=\"\" width=\"1340\" height=\"1785\" srcset=\"https:\/\/www.yunkuntech.com\/wp-content\/uploads\/2025\/02\/\u8be6\u60c5\u56fe_10.jpg 1340w, https:\/\/www.yunkuntech.com\/wp-content\/uploads\/2025\/02\/\u8be6\u60c5\u56fe_10-225x300.jpg 225w, https:\/\/www.yunkuntech.com\/wp-content\/uploads\/2025\/02\/\u8be6\u60c5\u56fe_10-601x800.jpg 601w, https:\/\/www.yunkuntech.com\/wp-content\/uploads\/2025\/02\/\u8be6\u60c5\u56fe_10-768x1023.jpg 768w, https:\/\/www.yunkuntech.com\/wp-content\/uploads\/2025\/02\/\u8be6\u60c5\u56fe_10-1153x1536.jpg 1153w, https:\/\/www.yunkuntech.com\/wp-content\/uploads\/2025\/02\/\u8be6\u60c5\u56fe_10-860x1146.jpg 860w, https:\/\/www.yunkuntech.com\/wp-content\/uploads\/2025\/02\/\u8be6\u60c5\u56fe_10-430x573.jpg 430w, https:\/\/www.yunkuntech.com\/wp-content\/uploads\/2025\/02\/\u8be6\u60c5\u56fe_10-700x932.jpg 700w, https:\/\/www.yunkuntech.com\/wp-content\/uploads\/2025\/02\/\u8be6\u60c5\u56fe_10-150x200.jpg 150w\" sizes=\"auto, (max-width: 1340px) 100vw, 1340px\" \/> <img loading=\"lazy\" decoding=\"async\" class=\"alignnone size-full wp-image-8850\" src=\"http:\/\/www.yunkuntech.com\/wp-content\/uploads\/2025\/02\/\u8be6\u60c5\u56fe_11.jpg\" alt=\"\" width=\"1340\" height=\"1785\" srcset=\"https:\/\/www.yunkuntech.com\/wp-content\/uploads\/2025\/02\/\u8be6\u60c5\u56fe_11.jpg 1340w, https:\/\/www.yunkuntech.com\/wp-content\/uploads\/2025\/02\/\u8be6\u60c5\u56fe_11-225x300.jpg 225w, https:\/\/www.yunkuntech.com\/wp-content\/uploads\/2025\/02\/\u8be6\u60c5\u56fe_11-601x800.jpg 601w, https:\/\/www.yunkuntech.com\/wp-content\/uploads\/2025\/02\/\u8be6\u60c5\u56fe_11-768x1023.jpg 768w, https:\/\/www.yunkuntech.com\/wp-content\/uploads\/2025\/02\/\u8be6\u60c5\u56fe_11-1153x1536.jpg 1153w, https:\/\/www.yunkuntech.com\/wp-content\/uploads\/2025\/02\/\u8be6\u60c5\u56fe_11-860x1146.jpg 860w, https:\/\/www.yunkuntech.com\/wp-content\/uploads\/2025\/02\/\u8be6\u60c5\u56fe_11-430x573.jpg 430w, https:\/\/www.yunkuntech.com\/wp-content\/uploads\/2025\/02\/\u8be6\u60c5\u56fe_11-700x932.jpg 700w, https:\/\/www.yunkuntech.com\/wp-content\/uploads\/2025\/02\/\u8be6\u60c5\u56fe_11-150x200.jpg 150w\" sizes=\"auto, (max-width: 1340px) 100vw, 1340px\" \/> <img loading=\"lazy\" decoding=\"async\" class=\"alignnone size-full wp-image-8851\" src=\"http:\/\/www.yunkuntech.com\/wp-content\/uploads\/2025\/02\/\u8be6\u60c5\u56fe_12.jpg\" alt=\"\" width=\"1340\" height=\"1785\" srcset=\"https:\/\/www.yunkuntech.com\/wp-content\/uploads\/2025\/02\/\u8be6\u60c5\u56fe_12.jpg 1340w, https:\/\/www.yunkuntech.com\/wp-content\/uploads\/2025\/02\/\u8be6\u60c5\u56fe_12-225x300.jpg 225w, https:\/\/www.yunkuntech.com\/wp-content\/uploads\/2025\/02\/\u8be6\u60c5\u56fe_12-601x800.jpg 601w, https:\/\/www.yunkuntech.com\/wp-content\/uploads\/2025\/02\/\u8be6\u60c5\u56fe_12-768x1023.jpg 768w, https:\/\/www.yunkuntech.com\/wp-content\/uploads\/2025\/02\/\u8be6\u60c5\u56fe_12-1153x1536.jpg 1153w, https:\/\/www.yunkuntech.com\/wp-content\/uploads\/2025\/02\/\u8be6\u60c5\u56fe_12-860x1146.jpg 860w, https:\/\/www.yunkuntech.com\/wp-content\/uploads\/2025\/02\/\u8be6\u60c5\u56fe_12-430x573.jpg 430w, https:\/\/www.yunkuntech.com\/wp-content\/uploads\/2025\/02\/\u8be6\u60c5\u56fe_12-700x932.jpg 700w, https:\/\/www.yunkuntech.com\/wp-content\/uploads\/2025\/02\/\u8be6\u60c5\u56fe_12-150x200.jpg 150w\" sizes=\"auto, (max-width: 1340px) 100vw, 1340px\" \/> <img loading=\"lazy\" decoding=\"async\" class=\"alignnone size-full wp-image-8852\" src=\"http:\/\/www.yunkuntech.com\/wp-content\/uploads\/2025\/02\/\u8be6\u60c5\u56fe_13.jpg\" alt=\"\" width=\"1340\" height=\"1785\" srcset=\"https:\/\/www.yunkuntech.com\/wp-content\/uploads\/2025\/02\/\u8be6\u60c5\u56fe_13.jpg 1340w, https:\/\/www.yunkuntech.com\/wp-content\/uploads\/2025\/02\/\u8be6\u60c5\u56fe_13-225x300.jpg 225w, https:\/\/www.yunkuntech.com\/wp-content\/uploads\/2025\/02\/\u8be6\u60c5\u56fe_13-601x800.jpg 601w, https:\/\/www.yunkuntech.com\/wp-content\/uploads\/2025\/02\/\u8be6\u60c5\u56fe_13-768x1023.jpg 768w, https:\/\/www.yunkuntech.com\/wp-content\/uploads\/2025\/02\/\u8be6\u60c5\u56fe_13-1153x1536.jpg 1153w, https:\/\/www.yunkuntech.com\/wp-content\/uploads\/2025\/02\/\u8be6\u60c5\u56fe_13-860x1146.jpg 860w, https:\/\/www.yunkuntech.com\/wp-content\/uploads\/2025\/02\/\u8be6\u60c5\u56fe_13-430x573.jpg 430w, https:\/\/www.yunkuntech.com\/wp-content\/uploads\/2025\/02\/\u8be6\u60c5\u56fe_13-700x932.jpg 700w, https:\/\/www.yunkuntech.com\/wp-content\/uploads\/2025\/02\/\u8be6\u60c5\u56fe_13-150x200.jpg 150w\" sizes=\"auto, (max-width: 1340px) 100vw, 1340px\" \/> <img loading=\"lazy\" decoding=\"async\" class=\"alignnone size-full wp-image-8853\" src=\"http:\/\/www.yunkuntech.com\/wp-content\/uploads\/2025\/02\/\u4e3b\u56fe_1-2.jpg\" alt=\"\" width=\"1000\" height=\"1000\" srcset=\"https:\/\/www.yunkuntech.com\/wp-content\/uploads\/2025\/02\/\u4e3b\u56fe_1-2.jpg 1000w, https:\/\/www.yunkuntech.com\/wp-content\/uploads\/2025\/02\/\u4e3b\u56fe_1-2-300x300.jpg 300w, https:\/\/www.yunkuntech.com\/wp-content\/uploads\/2025\/02\/\u4e3b\u56fe_1-2-800x800.jpg 800w, https:\/\/www.yunkuntech.com\/wp-content\/uploads\/2025\/02\/\u4e3b\u56fe_1-2-150x150.jpg 150w, https:\/\/www.yunkuntech.com\/wp-content\/uploads\/2025\/02\/\u4e3b\u56fe_1-2-768x768.jpg 768w, https:\/\/www.yunkuntech.com\/wp-content\/uploads\/2025\/02\/\u4e3b\u56fe_1-2-860x860.jpg 860w, https:\/\/www.yunkuntech.com\/wp-content\/uploads\/2025\/02\/\u4e3b\u56fe_1-2-430x430.jpg 430w, https:\/\/www.yunkuntech.com\/wp-content\/uploads\/2025\/02\/\u4e3b\u56fe_1-2-700x700.jpg 700w\" sizes=\"auto, (max-width: 1000px) 100vw, 1000px\" \/> <img loading=\"lazy\" decoding=\"async\" class=\"alignnone size-full wp-image-8854\" src=\"http:\/\/www.yunkuntech.com\/wp-content\/uploads\/2025\/02\/\u4e3b\u56fe_2-3.jpg\" alt=\"\" width=\"1000\" height=\"1000\" srcset=\"https:\/\/www.yunkuntech.com\/wp-content\/uploads\/2025\/02\/\u4e3b\u56fe_2-3.jpg 1000w, https:\/\/www.yunkuntech.com\/wp-content\/uploads\/2025\/02\/\u4e3b\u56fe_2-3-300x300.jpg 300w, https:\/\/www.yunkuntech.com\/wp-content\/uploads\/2025\/02\/\u4e3b\u56fe_2-3-800x800.jpg 800w, https:\/\/www.yunkuntech.com\/wp-content\/uploads\/2025\/02\/\u4e3b\u56fe_2-3-150x150.jpg 150w, https:\/\/www.yunkuntech.com\/wp-content\/uploads\/2025\/02\/\u4e3b\u56fe_2-3-768x768.jpg 768w, https:\/\/www.yunkuntech.com\/wp-content\/uploads\/2025\/02\/\u4e3b\u56fe_2-3-860x860.jpg 860w, https:\/\/www.yunkuntech.com\/wp-content\/uploads\/2025\/02\/\u4e3b\u56fe_2-3-430x430.jpg 430w, https:\/\/www.yunkuntech.com\/wp-content\/uploads\/2025\/02\/\u4e3b\u56fe_2-3-700x700.jpg 700w\" sizes=\"auto, (max-width: 1000px) 100vw, 1000px\" \/> <img loading=\"lazy\" decoding=\"async\" class=\"alignnone size-full wp-image-8855\" src=\"http:\/\/www.yunkuntech.com\/wp-content\/uploads\/2025\/02\/\u4e3b\u56fe_3-3.jpg\" alt=\"\" width=\"1000\" height=\"1000\" srcset=\"https:\/\/www.yunkuntech.com\/wp-content\/uploads\/2025\/02\/\u4e3b\u56fe_3-3.jpg 1000w, https:\/\/www.yunkuntech.com\/wp-content\/uploads\/2025\/02\/\u4e3b\u56fe_3-3-300x300.jpg 300w, https:\/\/www.yunkuntech.com\/wp-content\/uploads\/2025\/02\/\u4e3b\u56fe_3-3-800x800.jpg 800w, https:\/\/www.yunkuntech.com\/wp-content\/uploads\/2025\/02\/\u4e3b\u56fe_3-3-150x150.jpg 150w, https:\/\/www.yunkuntech.com\/wp-content\/uploads\/2025\/02\/\u4e3b\u56fe_3-3-768x768.jpg 768w, https:\/\/www.yunkuntech.com\/wp-content\/uploads\/2025\/02\/\u4e3b\u56fe_3-3-860x860.jpg 860w, https:\/\/www.yunkuntech.com\/wp-content\/uploads\/2025\/02\/\u4e3b\u56fe_3-3-430x430.jpg 430w, https:\/\/www.yunkuntech.com\/wp-content\/uploads\/2025\/02\/\u4e3b\u56fe_3-3-700x700.jpg 700w\" sizes=\"auto, (max-width: 1000px) 100vw, 1000px\" \/> <img loading=\"lazy\" decoding=\"async\" class=\"alignnone size-full wp-image-8856\" src=\"http:\/\/www.yunkuntech.com\/wp-content\/uploads\/2025\/02\/\u4e3b\u56fe_5-5.jpg\" alt=\"\" width=\"1000\" height=\"1000\" srcset=\"https:\/\/www.yunkuntech.com\/wp-content\/uploads\/2025\/02\/\u4e3b\u56fe_5-5.jpg 1000w, https:\/\/www.yunkuntech.com\/wp-content\/uploads\/2025\/02\/\u4e3b\u56fe_5-5-300x300.jpg 300w, https:\/\/www.yunkuntech.com\/wp-content\/uploads\/2025\/02\/\u4e3b\u56fe_5-5-800x800.jpg 800w, https:\/\/www.yunkuntech.com\/wp-content\/uploads\/2025\/02\/\u4e3b\u56fe_5-5-150x150.jpg 150w, https:\/\/www.yunkuntech.com\/wp-content\/uploads\/2025\/02\/\u4e3b\u56fe_5-5-768x768.jpg 768w, https:\/\/www.yunkuntech.com\/wp-content\/uploads\/2025\/02\/\u4e3b\u56fe_5-5-860x860.jpg 860w, https:\/\/www.yunkuntech.com\/wp-content\/uploads\/2025\/02\/\u4e3b\u56fe_5-5-430x430.jpg 430w, https:\/\/www.yunkuntech.com\/wp-content\/uploads\/2025\/02\/\u4e3b\u56fe_5-5-700x700.jpg 700w\" sizes=\"auto, (max-width: 1000px) 100vw, 1000px\" \/> <img loading=\"lazy\" decoding=\"async\" class=\"alignnone size-full wp-image-8857\" src=\"http:\/\/www.yunkuntech.com\/wp-content\/uploads\/2025\/02\/\u4e3b\u56fe_6-5.jpg\" alt=\"\" width=\"1000\" height=\"1000\" srcset=\"https:\/\/www.yunkuntech.com\/wp-content\/uploads\/2025\/02\/\u4e3b\u56fe_6-5.jpg 1000w, https:\/\/www.yunkuntech.com\/wp-content\/uploads\/2025\/02\/\u4e3b\u56fe_6-5-300x300.jpg 300w, https:\/\/www.yunkuntech.com\/wp-content\/uploads\/2025\/02\/\u4e3b\u56fe_6-5-800x800.jpg 800w, https:\/\/www.yunkuntech.com\/wp-content\/uploads\/2025\/02\/\u4e3b\u56fe_6-5-150x150.jpg 150w, https:\/\/www.yunkuntech.com\/wp-content\/uploads\/2025\/02\/\u4e3b\u56fe_6-5-768x768.jpg 768w, https:\/\/www.yunkuntech.com\/wp-content\/uploads\/2025\/02\/\u4e3b\u56fe_6-5-860x860.jpg 860w, https:\/\/www.yunkuntech.com\/wp-content\/uploads\/2025\/02\/\u4e3b\u56fe_6-5-430x430.jpg 430w, https:\/\/www.yunkuntech.com\/wp-content\/uploads\/2025\/02\/\u4e3b\u56fe_6-5-700x700.jpg 700w\" sizes=\"auto, (max-width: 1000px) 100vw, 1000px\" \/><\/div>","protected":false},"excerpt":{"rendered":"<p>Sobre este produto Design dur\u00e1vel e port\u00e1til: Este banco de energia solar \u00e9 fabricado com materiais de estima\u00e7\u00e3o e pl\u00e1stico, garantindo uma<\/p>","protected":false},"featured_media":8853,"comment_status":"open","ping_status":"closed","template":"","meta":[],"product_cat":[73],"product_tag":[],"class_list":["post-8842","product","type-product","status-publish","has-post-thumbnail","hentry","product_cat-outdoor-mobile-power-supply"],"_links":{"self":[{"href":"https:\/\/www.yunkuntech.com\/pt\/wp-json\/wp\/v2\/product\/8842","targetHints":{"allow":["GET"]}}],"collection":[{"href":"https:\/\/www.yunkuntech.com\/pt\/wp-json\/wp\/v2\/product"}],"about":[{"href":"https:\/\/www.yunkuntech.com\/pt\/wp-json\/wp\/v2\/types\/product"}],"replies":[{"embeddable":true,"href":"https:\/\/www.yunkuntech.com\/pt\/wp-json\/wp\/v2\/comments?post=8842"}],"version-history":[{"count":1,"href":"https:\/\/www.yunkuntech.com\/pt\/wp-json\/wp\/v2\/product\/8842\/revisions"}],"predecessor-version":[{"id":8858,"href":"https:\/\/www.yunkuntech.com\/pt\/wp-json\/wp\/v2\/product\/8842\/revisions\/8858"}],"wp:featuredmedia":[{"embeddable":true,"href":"https:\/\/www.yunkuntech.com\/pt\/wp-json\/wp\/v2\/media\/8853"}],"wp:attachment":[{"href":"https:\/\/www.yunkuntech.com\/pt\/wp-json\/wp\/v2\/media?parent=8842"}],"wp:term":[{"taxonomy":"product_cat","embeddable":true,"href":"https:\/\/www.yunkuntech.com\/pt\/wp-json\/wp\/v2\/product_cat?post=8842"},{"taxonomy":"product_tag","embeddable":true,"href":"https:\/\/www.yunkuntech.com\/pt\/wp-json\/wp\/v2\/product_tag?post=8842"}],"curies":[{"name":"wp","href":"https:\/\/api.w.org\/{rel}","templated":true}]}}