{"id":8835,"date":"2025-02-18T13:57:42","date_gmt":"2025-02-18T05:57:42","guid":{"rendered":"http:\/\/www.yunkuntech.com\/?post_type=product&#038;p=8835"},"modified":"2025-02-18T13:57:42","modified_gmt":"2025-02-18T05:57:42","slug":"20w-portable-solar-phone-charger-outdoor-solar-panel-charger-waterproof-solar-powered-charging-panels-boards","status":"publish","type":"product","link":"https:\/\/www.yunkuntech.com\/pt\/product\/20w-portable-solar-phone-charger-outdoor-solar-panel-charger-waterproof-solar-powered-charging-panels-boards\/","title":{"rendered":"Carregador de telefone solar port\u00e1til de 20W Carregador de painel solar para exterior Carregador de painel solar \u00e0 prova de \u00e1gua Pain\u00e9is de carregamento alimentados por energia solar Placas"},"content":{"rendered":"<h1 title=\"Carregador de telefone solar port\u00e1til 15W 20W Carregador de painel solar para exterior Carregador de painel solar \u00e0 prova de \u00e1gua Pain\u00e9is de carregamento alimentados por energia solar Placas\" data-spm-anchor-id=\"a2700.details.0.i94.57b5214cAltqfB\">Carregador de telefone solar port\u00e1til de 20W Carregador de painel solar para exterior Carregador de painel solar \u00e0 prova de \u00e1gua Pain\u00e9is de carregamento alimentados por energia solar Placas<\/h1>\n<p>&nbsp;<\/p>\n<ul class=\"\">\n<li data-spm-anchor-id=\"a2700.details.0.i124.57b5214cAltqfB\">Design \u00e0 prova de \u00e1gua e duradouro: Este carregador solar foi concebido para resistir a v\u00e1rias condi\u00e7\u00f5es exteriores, apresentando uma constru\u00e7\u00e3o \u00e0 prova de \u00e1gua e de poeira que garante um desempenho fi\u00e1vel em ambientes adversos.<\/li>\n<li>Painel solar monocristalino de alta efici\u00eancia: Equipado com um chip de painel solar monocristalino, este carregador converte eficazmente a luz solar em eletricidade, proporcionando uma experi\u00eancia de carregamento r\u00e1pida e fi\u00e1vel para os seus dispositivos.<\/li>\n<li>Sa\u00edda USB dupla e corrente de 5V 1,8A: O carregador possui uma sa\u00edda USB dupla com uma corrente m\u00e1xima de 1,8A, permitindo-lhe carregar dois dispositivos em simult\u00e2neo, incluindo smartphones, tablets e bancos de pot\u00eancia, com uma tens\u00e3o de sa\u00edda de 5V segura e eficiente.<\/li>\n<li>Design compacto e port\u00e1til: Com um tamanho dobr\u00e1vel de 185x115x20mm, este carregador solar \u00e9 incrivelmente compacto e leve, tornando-o f\u00e1cil de transportar em viagem, quer esteja a acampar, a fazer caminhadas ou a viajar.<\/li>\n<li>Conformidade com as normas internacionais de seguran\u00e7a: Este produto cumpre as normas de seguran\u00e7a internacionais, incluindo as certifica\u00e7\u00f5es RoHS, FCC e CE, garantindo a sua seguran\u00e7a e tranquilidade quando utiliza o carregador.<br \/>\n<h2 id=\"key-attributes\" class=\"att-title\" data-spm-anchor-id=\"a2700.details.0.i135.57b5214cAltqfB\">Principais atributos<\/h2>\n<div class=\"attribute-info\">\n<h3 data-spm-anchor-id=\"a2700.details.0.i136.57b5214cAltqfB\">Outros atributos<\/h3>\n<div class=\"attribute-list\">\n<div class=\"attribute-item\">\n<div class=\"left\">Local de origem: Guangdong, China<\/div>\n<\/div>\n<div class=\"attribute-item\"><\/div>\n<div class=\"attribute-item\">\n<div class=\"left\">Bateria: Sem bateria<\/div>\n<\/div>\n<div class=\"attribute-item\">\n<div class=\"left\">Tamanho da dobragem: 185*115*20mm<\/div>\n<\/div>\n<div class=\"attribute-item\">\n<div class=\"left\">Chip de painel solar: Monocristalino<\/div>\n<\/div>\n<div class=\"attribute-item\">\n<div class=\"left\">Pot\u00eancia nominal: 15W 20W<\/div>\n<\/div>\n<div class=\"attribute-item\">\n<div class=\"left\">Corrente de sa\u00edda DC: 1,8A<\/div>\n<\/div>\n<div class=\"attribute-item\">\n<div class=\"left\">Tens\u00e3o de sa\u00edda DC: 5v<\/div>\n<\/div>\n<div class=\"attribute-item\">\n<div class=\"left\">Conector de sa\u00edda: USB duplo<\/div>\n<\/div>\n<div class=\"attribute-item\">\n<div class=\"left\">Interface de sa\u00edda: 5521DC<\/div>\n<\/div>\n<div class=\"attribute-item\">\n<div class=\"left\">Peso l\u00edquido: 450g<\/div>\n<\/div>\n<div class=\"attribute-item\">\n<div class=\"left\">Peso bruto: 500g<\/div>\n<\/div>\n<div class=\"attribute-item\">\n<div class=\"left\">Tamanho do desdobramento: 650*100*3mm<\/div>\n<\/div>\n<div class=\"attribute-item\">\n<div class=\"left\">Tamanho da dobragem: 185*115*20mm<\/div>\n<\/div>\n<\/div>\n<h3>Embalagem e entrega<\/h3>\n<div class=\"attribute-list\">\n<div class=\"attribute-item\">\n<div class=\"left\">Unidades de venda: Item \u00fanico<\/div>\n<\/div>\n<div class=\"attribute-item\">\n<div class=\"left\">Tamanho da embalagem individual: 19x12x2 cm<\/div>\n<\/div>\n<div class=\"attribute-item\">\n<div class=\"left\">Peso bruto \u00fanico: 1.000 kg<\/div>\n<\/div>\n<div><img loading=\"lazy\" decoding=\"async\" class=\"alignnone size-full wp-image-8836\" src=\"http:\/\/www.yunkuntech.com\/wp-content\/uploads\/2025\/02\/\u4e3b\u56fe_2-2.jpg\" alt=\"\" width=\"800\" height=\"800\" srcset=\"https:\/\/www.yunkuntech.com\/wp-content\/uploads\/2025\/02\/\u4e3b\u56fe_2-2.jpg 800w, https:\/\/www.yunkuntech.com\/wp-content\/uploads\/2025\/02\/\u4e3b\u56fe_2-2-300x300.jpg 300w, https:\/\/www.yunkuntech.com\/wp-content\/uploads\/2025\/02\/\u4e3b\u56fe_2-2-150x150.jpg 150w, https:\/\/www.yunkuntech.com\/wp-content\/uploads\/2025\/02\/\u4e3b\u56fe_2-2-768x768.jpg 768w, https:\/\/www.yunkuntech.com\/wp-content\/uploads\/2025\/02\/\u4e3b\u56fe_2-2-430x430.jpg 430w, https:\/\/www.yunkuntech.com\/wp-content\/uploads\/2025\/02\/\u4e3b\u56fe_2-2-700x700.jpg 700w\" sizes=\"auto, (max-width: 800px) 100vw, 800px\" \/> <img loading=\"lazy\" decoding=\"async\" class=\"alignnone size-full wp-image-8837\" src=\"http:\/\/www.yunkuntech.com\/wp-content\/uploads\/2025\/02\/\u4e3b\u56fe_3-2.jpg\" alt=\"\" width=\"1200\" height=\"1200\" srcset=\"https:\/\/www.yunkuntech.com\/wp-content\/uploads\/2025\/02\/\u4e3b\u56fe_3-2.jpg 1200w, https:\/\/www.yunkuntech.com\/wp-content\/uploads\/2025\/02\/\u4e3b\u56fe_3-2-300x300.jpg 300w, https:\/\/www.yunkuntech.com\/wp-content\/uploads\/2025\/02\/\u4e3b\u56fe_3-2-800x800.jpg 800w, https:\/\/www.yunkuntech.com\/wp-content\/uploads\/2025\/02\/\u4e3b\u56fe_3-2-150x150.jpg 150w, https:\/\/www.yunkuntech.com\/wp-content\/uploads\/2025\/02\/\u4e3b\u56fe_3-2-768x768.jpg 768w, https:\/\/www.yunkuntech.com\/wp-content\/uploads\/2025\/02\/\u4e3b\u56fe_3-2-860x860.jpg 860w, https:\/\/www.yunkuntech.com\/wp-content\/uploads\/2025\/02\/\u4e3b\u56fe_3-2-430x430.jpg 430w, https:\/\/www.yunkuntech.com\/wp-content\/uploads\/2025\/02\/\u4e3b\u56fe_3-2-700x700.jpg 700w\" sizes=\"auto, (max-width: 1200px) 100vw, 1200px\" \/> <img loading=\"lazy\" decoding=\"async\" class=\"alignnone size-full wp-image-8838\" src=\"http:\/\/www.yunkuntech.com\/wp-content\/uploads\/2025\/02\/\u4e3b\u56fe_4-2.jpg\" alt=\"\" width=\"1200\" height=\"1200\" srcset=\"https:\/\/www.yunkuntech.com\/wp-content\/uploads\/2025\/02\/\u4e3b\u56fe_4-2.jpg 1200w, https:\/\/www.yunkuntech.com\/wp-content\/uploads\/2025\/02\/\u4e3b\u56fe_4-2-300x300.jpg 300w, https:\/\/www.yunkuntech.com\/wp-content\/uploads\/2025\/02\/\u4e3b\u56fe_4-2-800x800.jpg 800w, https:\/\/www.yunkuntech.com\/wp-content\/uploads\/2025\/02\/\u4e3b\u56fe_4-2-150x150.jpg 150w, https:\/\/www.yunkuntech.com\/wp-content\/uploads\/2025\/02\/\u4e3b\u56fe_4-2-768x768.jpg 768w, https:\/\/www.yunkuntech.com\/wp-content\/uploads\/2025\/02\/\u4e3b\u56fe_4-2-860x860.jpg 860w, https:\/\/www.yunkuntech.com\/wp-content\/uploads\/2025\/02\/\u4e3b\u56fe_4-2-430x430.jpg 430w, https:\/\/www.yunkuntech.com\/wp-content\/uploads\/2025\/02\/\u4e3b\u56fe_4-2-700x700.jpg 700w\" sizes=\"auto, (max-width: 1200px) 100vw, 1200px\" \/> <img loading=\"lazy\" decoding=\"async\" class=\"alignnone size-full wp-image-8839\" src=\"http:\/\/www.yunkuntech.com\/wp-content\/uploads\/2025\/02\/\u4e3b\u56fe_5-4.jpg\" alt=\"\" width=\"1200\" height=\"1200\" srcset=\"https:\/\/www.yunkuntech.com\/wp-content\/uploads\/2025\/02\/\u4e3b\u56fe_5-4.jpg 1200w, https:\/\/www.yunkuntech.com\/wp-content\/uploads\/2025\/02\/\u4e3b\u56fe_5-4-300x300.jpg 300w, https:\/\/www.yunkuntech.com\/wp-content\/uploads\/2025\/02\/\u4e3b\u56fe_5-4-800x800.jpg 800w, https:\/\/www.yunkuntech.com\/wp-content\/uploads\/2025\/02\/\u4e3b\u56fe_5-4-150x150.jpg 150w, https:\/\/www.yunkuntech.com\/wp-content\/uploads\/2025\/02\/\u4e3b\u56fe_5-4-768x768.jpg 768w, https:\/\/www.yunkuntech.com\/wp-content\/uploads\/2025\/02\/\u4e3b\u56fe_5-4-860x860.jpg 860w, https:\/\/www.yunkuntech.com\/wp-content\/uploads\/2025\/02\/\u4e3b\u56fe_5-4-430x430.jpg 430w, https:\/\/www.yunkuntech.com\/wp-content\/uploads\/2025\/02\/\u4e3b\u56fe_5-4-700x700.jpg 700w\" sizes=\"auto, (max-width: 1200px) 100vw, 1200px\" \/> <img loading=\"lazy\" decoding=\"async\" class=\"alignnone size-full wp-image-8840\" src=\"http:\/\/www.yunkuntech.com\/wp-content\/uploads\/2025\/02\/\u4e3b\u56fe_6-4.jpg\" alt=\"\" width=\"1200\" height=\"1200\" srcset=\"https:\/\/www.yunkuntech.com\/wp-content\/uploads\/2025\/02\/\u4e3b\u56fe_6-4.jpg 1200w, https:\/\/www.yunkuntech.com\/wp-content\/uploads\/2025\/02\/\u4e3b\u56fe_6-4-300x300.jpg 300w, https:\/\/www.yunkuntech.com\/wp-content\/uploads\/2025\/02\/\u4e3b\u56fe_6-4-800x800.jpg 800w, https:\/\/www.yunkuntech.com\/wp-content\/uploads\/2025\/02\/\u4e3b\u56fe_6-4-150x150.jpg 150w, https:\/\/www.yunkuntech.com\/wp-content\/uploads\/2025\/02\/\u4e3b\u56fe_6-4-768x768.jpg 768w, https:\/\/www.yunkuntech.com\/wp-content\/uploads\/2025\/02\/\u4e3b\u56fe_6-4-860x860.jpg 860w, https:\/\/www.yunkuntech.com\/wp-content\/uploads\/2025\/02\/\u4e3b\u56fe_6-4-430x430.jpg 430w, https:\/\/www.yunkuntech.com\/wp-content\/uploads\/2025\/02\/\u4e3b\u56fe_6-4-700x700.jpg 700w\" sizes=\"auto, (max-width: 1200px) 100vw, 1200px\" \/><\/div>\n<\/div>\n<\/div>\n<\/li>\n<\/ul>","protected":false},"excerpt":{"rendered":"<p>Carregador de telefone solar port\u00e1til de 20W Carregador de painel solar para exterior Carregador de painel solar \u00e0 prova de \u00e1gua Pain\u00e9is de carregamento alimentados por energia solar Placas \u00e0 prova de \u00e1gua e design dur\u00e1vel:<\/p>","protected":false},"featured_media":8836,"comment_status":"open","ping_status":"closed","template":"","meta":[],"product_cat":[73],"product_tag":[],"class_list":["post-8835","product","type-product","status-publish","has-post-thumbnail","hentry","product_cat-outdoor-mobile-power-supply"],"_links":{"self":[{"href":"https:\/\/www.yunkuntech.com\/pt\/wp-json\/wp\/v2\/product\/8835","targetHints":{"allow":["GET"]}}],"collection":[{"href":"https:\/\/www.yunkuntech.com\/pt\/wp-json\/wp\/v2\/product"}],"about":[{"href":"https:\/\/www.yunkuntech.com\/pt\/wp-json\/wp\/v2\/types\/product"}],"replies":[{"embeddable":true,"href":"https:\/\/www.yunkuntech.com\/pt\/wp-json\/wp\/v2\/comments?post=8835"}],"version-history":[{"count":1,"href":"https:\/\/www.yunkuntech.com\/pt\/wp-json\/wp\/v2\/product\/8835\/revisions"}],"predecessor-version":[{"id":8841,"href":"https:\/\/www.yunkuntech.com\/pt\/wp-json\/wp\/v2\/product\/8835\/revisions\/8841"}],"wp:featuredmedia":[{"embeddable":true,"href":"https:\/\/www.yunkuntech.com\/pt\/wp-json\/wp\/v2\/media\/8836"}],"wp:attachment":[{"href":"https:\/\/www.yunkuntech.com\/pt\/wp-json\/wp\/v2\/media?parent=8835"}],"wp:term":[{"taxonomy":"product_cat","embeddable":true,"href":"https:\/\/www.yunkuntech.com\/pt\/wp-json\/wp\/v2\/product_cat?post=8835"},{"taxonomy":"product_tag","embeddable":true,"href":"https:\/\/www.yunkuntech.com\/pt\/wp-json\/wp\/v2\/product_tag?post=8835"}],"curies":[{"name":"wp","href":"https:\/\/api.w.org\/{rel}","templated":true}]}}