{"id":8790,"date":"2025-02-17T16:08:50","date_gmt":"2025-02-17T08:08:50","guid":{"rendered":"http:\/\/www.yunkuntech.com\/?post_type=product&#038;p=8790"},"modified":"2025-04-13T20:31:54","modified_gmt":"2025-04-13T12:31:54","slug":"40000mah-portable-wireless-charging-powerbank-built-in-cable-three-battery-chargeur-solaire-strong-led-light-solar-power-bank","status":"publish","type":"product","link":"https:\/\/www.yunkuntech.com\/pt\/product\/40000mah-portable-wireless-charging-powerbank-built-in-cable-three-battery-chargeur-solaire-strong-led-light-solar-power-bank\/","title":{"rendered":"Powerbank de carregamento sem fios port\u00e1til de 40000mAh Cabo incorporado Tr\u00eas baterias Chargeur Solaire Luz LED forte Banco de energia solar"},"content":{"rendered":"<h1 title=\"Powerbank de carregamento sem fios port\u00e1til de 40000mAh Cabo incorporado Tr\u00eas baterias Chargeur Solaire Luz LED forte Banco de energia solar\" data-spm-anchor-id=\"a2700.details.0.i107.37d67912ehNtvJ\">Powerbank de carregamento sem fios port\u00e1til de 40000mAh Cabo incorporado Tr\u00eas baterias Chargeur Solaire Luz LED forte Banco de energia solar<\/h1>\n<ul class=\"\">\n<li data-spm-anchor-id=\"a2700.details.0.i132.37d67912ehNtvJ\">Design dur\u00e1vel e resistente \u00e0 \u00e1gua: Este banco de pot\u00eancia port\u00e1til \u00e9 fabricado em ABS \u00e0 prova de fogo + material de silicone, garantindo que pode suportar v\u00e1rios ambientes e condi\u00e7\u00f5es, incluindo \u00e1gua e manuseamento brusco. O seu tamanho compacto de 160x80x24mm e o peso leve de 460g tornam-no f\u00e1cil de transportar.<\/li>\n<li>Carregamento multifuncional: O produto suporta m\u00e9todos de entrada dupla: carregamento solar e entrada USB, permitindo aos utilizadores carregar os seus dispositivos em movimento, incluindo o iPhone 12, 13 e 14 Pro Max e os AirPods iWatch.<\/li>\n<li>Capacidade de carregamento sem fios: Este banco de pot\u00eancia possui uma almofada de carregamento sem fios incorporada, permitindo aos utilizadores carregar os seus dispositivos compat\u00edveis sem fios, eliminando a necessidade de cabos.<\/li>\n<li>Alta capacidade e carregamento r\u00e1pido: Com uma capacidade de bateria de at\u00e9 40000mAh, este banco de energia fornece v\u00e1rias cargas para a maioria dos dispositivos. Tamb\u00e9m suporta carregamento r\u00e1pido, permitindo aos utilizadores recarregar rapidamente os seus dispositivos.<\/li>\n<li>Ecr\u00e3 LED e carater\u00edsticas de seguran\u00e7a: O produto possui um visor LED para uma f\u00e1cil monitoriza\u00e7\u00e3o do n\u00edvel de energia, bem como carater\u00edsticas de seguran\u00e7a incorporadas, incluindo prote\u00e7\u00e3o contra descarga excessiva, curto-circuito e carregamento excessivo, proporcionando tranquilidade aos utilizadores.<\/li>\n<\/ul>\n<h2 id=\"key-attributes\" class=\"att-title\" data-spm-anchor-id=\"a2700.details.0.i135.37d67912ehNtvJ\">Principais atributos<\/h2>\n<div class=\"attribute-info\" data-spm-anchor-id=\"a2700.details.0.i134.37d67912ehNtvJ\">\n<h3>Atributos espec\u00edficos do sector<\/h3>\n<div class=\"attribute-list\">\n<div class=\"attribute-item\">\n<div class=\"left\">interface de sa\u00edda: Micro USB, Tipo C, USB\/DC, USB\/MICRO USB, USB duplo, Interface Apple, Interface Apple\/USB, Sem fios<\/div>\n<\/div>\n<div class=\"attribute-item\">\n<div class=\"left\">fun\u00e7\u00e3o: Suporte para carregamento r\u00e1pido, carregamento de painel solar, ecr\u00e3 LED, carregamento sem fios, magn\u00e9tico, suporte, suporte para carregamento solar<\/div>\n<\/div>\n<div class=\"attribute-item\">\n<div class=\"left\">Tipo: Ultra fino, \u00e0 prova de \u00e1gua, carregamento r\u00e1pido, alta capacidade, com cabo, carregador sem fios, port\u00e1til, ecr\u00e3 LED, para exterior, carregador r\u00e1pido 3 em 1<\/div>\n<\/div>\n<div class=\"attribute-item\">\n<div class=\"left\">pot\u00eancia de sa\u00edda: 10W, 15W, 20W, 5W, 22,5W<\/div>\n<\/div>\n<div class=\"attribute-item\">\n<div class=\"left\">material: ABS, Pl\u00e1stico, ABS + Silicone \u00e0 prova de fogo<\/div>\n<\/div>\n<\/div>\n<h3>Outros atributos<\/h3>\n<div class=\"attribute-list\">\n<div class=\"attribute-item\">\n<div class=\"left\">interface de entrada: Mini USB, Micro USB, TYPE-C<\/div>\n<\/div>\n<div class=\"attribute-item\">\n<div class=\"left\">Tipo de bateria: Bateria de pol\u00edmero de l\u00edtio<\/div>\n<\/div>\n<div class=\"attribute-item\">\n<div class=\"left\">local de origem: Guangdong, China<\/div>\n<\/div>\n<div class=\"attribute-item\">\n<div class=\"left\">nome da marca: OEM\/ NB-Power<\/div>\n<\/div>\n<div class=\"attribute-item\">\n<div class=\"left\">n\u00famero do modelo: FK003A<\/div>\n<\/div>\n<div class=\"attribute-item\">\n<div class=\"left\">peso: 460g<\/div>\n<\/div>\n<div class=\"attribute-item\">\n<div class=\"left\">padr\u00e3o de tomada: Universal, Micro USB<\/div>\n<\/div>\n<div class=\"attribute-item\">\n<div class=\"left\">prote\u00e7\u00e3o: Sobre-descarga, Prote\u00e7\u00e3o contra curto-circuito, Sobre-carga, Baixa tens\u00e3o<\/div>\n<\/div>\n<div class=\"attribute-item\">\n<div class=\"left\">Cor: preto\/ vermelho\/ azul\/ laranja\/ verde\/<\/div>\n<\/div>\n<div class=\"attribute-item\">\n<div class=\"left\">Entrada: Carregamento solar, Micro MINI USB, Tipo C<\/div>\n<\/div>\n<div class=\"attribute-item\">\n<div class=\"left\">Tamanho: 160*80*24mm<\/div>\n<\/div>\n<div class=\"attribute-item\">\n<div class=\"left\">Capacidade da bateria: 2000mAh\/30000mah\/40000mah<\/div>\n<\/div>\n<div class=\"attribute-item\">\n<div class=\"left\">Log\u00f3tipo: Suporte ao log\u00f3tipo personalizado<\/div>\n<\/div>\n<div class=\"attribute-item\">\n<div class=\"left\">Utiliza\u00e7\u00e3o: para iPhone 12 13 14 Pro Max iWatch Airpoding<\/div>\n<\/div>\n<div class=\"attribute-item\">\n<div class=\"left\">Fun\u00e7\u00f5es adicionais: sem fios, sa\u00edda de 4 portas USB, luz de campismo LED, energia solar, entrada dupla<\/div>\n<\/div>\n<div class=\"attribute-item\">\n<div class=\"left\">Garantia: 2 anos<\/div>\n<\/div>\n<div class=\"attribute-item\">\n<div class=\"left\">MOQ:N\u00e3o<\/div>\n<\/div>\n<\/div>\n<h3>Embalagem e entrega<\/h3>\n<div class=\"attribute-list\">\n<div class=\"attribute-item\">\n<div class=\"left\">Unidades de venda: Item \u00fanico<\/div>\n<\/div>\n<div class=\"attribute-item\">\n<div class=\"left\">Tamanho da embalagem individual: 15,4X1X7,5 cm<\/div>\n<\/div>\n<div class=\"attribute-item\">\n<div class=\"left\">Peso bruto \u00fanico: 2.200 kg<\/div>\n<div><img loading=\"lazy\" decoding=\"async\" class=\"alignnone size-full wp-image-8792\" src=\"http:\/\/www.yunkuntech.com\/wp-content\/uploads\/2025\/02\/\u4e3b\u56fe_1-1.jpg\" alt=\"\" width=\"1000\" height=\"1000\" srcset=\"https:\/\/www.yunkuntech.com\/wp-content\/uploads\/2025\/02\/\u4e3b\u56fe_1-1.jpg 1000w, https:\/\/www.yunkuntech.com\/wp-content\/uploads\/2025\/02\/\u4e3b\u56fe_1-1-300x300.jpg 300w, https:\/\/www.yunkuntech.com\/wp-content\/uploads\/2025\/02\/\u4e3b\u56fe_1-1-800x800.jpg 800w, https:\/\/www.yunkuntech.com\/wp-content\/uploads\/2025\/02\/\u4e3b\u56fe_1-1-150x150.jpg 150w, https:\/\/www.yunkuntech.com\/wp-content\/uploads\/2025\/02\/\u4e3b\u56fe_1-1-768x768.jpg 768w, https:\/\/www.yunkuntech.com\/wp-content\/uploads\/2025\/02\/\u4e3b\u56fe_1-1-860x860.jpg 860w, https:\/\/www.yunkuntech.com\/wp-content\/uploads\/2025\/02\/\u4e3b\u56fe_1-1-430x430.jpg 430w, https:\/\/www.yunkuntech.com\/wp-content\/uploads\/2025\/02\/\u4e3b\u56fe_1-1-700x700.jpg 700w\" sizes=\"auto, (max-width: 1000px) 100vw, 1000px\" \/> <img loading=\"lazy\" decoding=\"async\" class=\"alignnone size-full wp-image-8793\" src=\"http:\/\/www.yunkuntech.com\/wp-content\/uploads\/2025\/02\/\u4e3b\u56fe_2-1.jpg\" alt=\"\" width=\"1263\" height=\"1582\" srcset=\"https:\/\/www.yunkuntech.com\/wp-content\/uploads\/2025\/02\/\u4e3b\u56fe_2-1.jpg 1263w, https:\/\/www.yunkuntech.com\/wp-content\/uploads\/2025\/02\/\u4e3b\u56fe_2-1-240x300.jpg 240w, https:\/\/www.yunkuntech.com\/wp-content\/uploads\/2025\/02\/\u4e3b\u56fe_2-1-639x800.jpg 639w, https:\/\/www.yunkuntech.com\/wp-content\/uploads\/2025\/02\/\u4e3b\u56fe_2-1-768x962.jpg 768w, https:\/\/www.yunkuntech.com\/wp-content\/uploads\/2025\/02\/\u4e3b\u56fe_2-1-1226x1536.jpg 1226w, https:\/\/www.yunkuntech.com\/wp-content\/uploads\/2025\/02\/\u4e3b\u56fe_2-1-860x1077.jpg 860w, https:\/\/www.yunkuntech.com\/wp-content\/uploads\/2025\/02\/\u4e3b\u56fe_2-1-430x539.jpg 430w, https:\/\/www.yunkuntech.com\/wp-content\/uploads\/2025\/02\/\u4e3b\u56fe_2-1-700x877.jpg 700w, https:\/\/www.yunkuntech.com\/wp-content\/uploads\/2025\/02\/\u4e3b\u56fe_2-1-150x188.jpg 150w\" sizes=\"auto, (max-width: 1263px) 100vw, 1263px\" \/> <img loading=\"lazy\" decoding=\"async\" class=\"alignnone size-full wp-image-8794\" src=\"http:\/\/www.yunkuntech.com\/wp-content\/uploads\/2025\/02\/\u4e3b\u56fe_3-1.jpg\" alt=\"\" width=\"1416\" height=\"1412\" srcset=\"https:\/\/www.yunkuntech.com\/wp-content\/uploads\/2025\/02\/\u4e3b\u56fe_3-1.jpg 1416w, https:\/\/www.yunkuntech.com\/wp-content\/uploads\/2025\/02\/\u4e3b\u56fe_3-1-301x300.jpg 301w, https:\/\/www.yunkuntech.com\/wp-content\/uploads\/2025\/02\/\u4e3b\u56fe_3-1-802x800.jpg 802w, https:\/\/www.yunkuntech.com\/wp-content\/uploads\/2025\/02\/\u4e3b\u56fe_3-1-150x150.jpg 150w, https:\/\/www.yunkuntech.com\/wp-content\/uploads\/2025\/02\/\u4e3b\u56fe_3-1-768x766.jpg 768w, https:\/\/www.yunkuntech.com\/wp-content\/uploads\/2025\/02\/\u4e3b\u56fe_3-1-860x858.jpg 860w, https:\/\/www.yunkuntech.com\/wp-content\/uploads\/2025\/02\/\u4e3b\u56fe_3-1-430x429.jpg 430w, https:\/\/www.yunkuntech.com\/wp-content\/uploads\/2025\/02\/\u4e3b\u56fe_3-1-700x698.jpg 700w\" sizes=\"auto, (max-width: 1416px) 100vw, 1416px\" \/><img loading=\"lazy\" decoding=\"async\" class=\"alignnone size-full wp-image-8796\" src=\"http:\/\/www.yunkuntech.com\/wp-content\/uploads\/2025\/02\/\u4e3b\u56fe_5-2.jpg\" alt=\"\" width=\"1190\" height=\"1680\" srcset=\"https:\/\/www.yunkuntech.com\/wp-content\/uploads\/2025\/02\/\u4e3b\u56fe_5-2.jpg 1190w, https:\/\/www.yunkuntech.com\/wp-content\/uploads\/2025\/02\/\u4e3b\u56fe_5-2-213x300.jpg 213w, https:\/\/www.yunkuntech.com\/wp-content\/uploads\/2025\/02\/\u4e3b\u56fe_5-2-567x800.jpg 567w, https:\/\/www.yunkuntech.com\/wp-content\/uploads\/2025\/02\/\u4e3b\u56fe_5-2-768x1084.jpg 768w, https:\/\/www.yunkuntech.com\/wp-content\/uploads\/2025\/02\/\u4e3b\u56fe_5-2-1088x1536.jpg 1088w, https:\/\/www.yunkuntech.com\/wp-content\/uploads\/2025\/02\/\u4e3b\u56fe_5-2-860x1214.jpg 860w, https:\/\/www.yunkuntech.com\/wp-content\/uploads\/2025\/02\/\u4e3b\u56fe_5-2-430x607.jpg 430w, https:\/\/www.yunkuntech.com\/wp-content\/uploads\/2025\/02\/\u4e3b\u56fe_5-2-700x988.jpg 700w, https:\/\/www.yunkuntech.com\/wp-content\/uploads\/2025\/02\/\u4e3b\u56fe_5-2-150x212.jpg 150w\" sizes=\"auto, (max-width: 1190px) 100vw, 1190px\" \/> <img loading=\"lazy\" decoding=\"async\" class=\"alignnone size-full wp-image-8797\" src=\"http:\/\/www.yunkuntech.com\/wp-content\/uploads\/2025\/02\/\u4e3b\u56fe_6-2.jpg\" alt=\"\" width=\"1345\" height=\"1485\" srcset=\"https:\/\/www.yunkuntech.com\/wp-content\/uploads\/2025\/02\/\u4e3b\u56fe_6-2.jpg 1345w, https:\/\/www.yunkuntech.com\/wp-content\/uploads\/2025\/02\/\u4e3b\u56fe_6-2-272x300.jpg 272w, https:\/\/www.yunkuntech.com\/wp-content\/uploads\/2025\/02\/\u4e3b\u56fe_6-2-725x800.jpg 725w, https:\/\/www.yunkuntech.com\/wp-content\/uploads\/2025\/02\/\u4e3b\u56fe_6-2-768x848.jpg 768w, https:\/\/www.yunkuntech.com\/wp-content\/uploads\/2025\/02\/\u4e3b\u56fe_6-2-860x950.jpg 860w, https:\/\/www.yunkuntech.com\/wp-content\/uploads\/2025\/02\/\u4e3b\u56fe_6-2-430x475.jpg 430w, https:\/\/www.yunkuntech.com\/wp-content\/uploads\/2025\/02\/\u4e3b\u56fe_6-2-700x773.jpg 700w, https:\/\/www.yunkuntech.com\/wp-content\/uploads\/2025\/02\/\u4e3b\u56fe_6-2-150x166.jpg 150w\" sizes=\"auto, (max-width: 1345px) 100vw, 1345px\" \/><\/div>\n<\/div>\n<\/div>\n<\/div>\n<p><img loading=\"lazy\" decoding=\"async\" class=\"alignnone size-full wp-image-8798\" src=\"http:\/\/www.yunkuntech.com\/wp-content\/uploads\/2025\/02\/SKU_1-1.jpg\" alt=\"\" width=\"1000\" height=\"1000\" srcset=\"https:\/\/www.yunkuntech.com\/wp-content\/uploads\/2025\/02\/SKU_1-1.jpg 1000w, https:\/\/www.yunkuntech.com\/wp-content\/uploads\/2025\/02\/SKU_1-1-300x300.jpg 300w, https:\/\/www.yunkuntech.com\/wp-content\/uploads\/2025\/02\/SKU_1-1-800x800.jpg 800w, https:\/\/www.yunkuntech.com\/wp-content\/uploads\/2025\/02\/SKU_1-1-150x150.jpg 150w, https:\/\/www.yunkuntech.com\/wp-content\/uploads\/2025\/02\/SKU_1-1-768x768.jpg 768w, https:\/\/www.yunkuntech.com\/wp-content\/uploads\/2025\/02\/SKU_1-1-860x860.jpg 860w, https:\/\/www.yunkuntech.com\/wp-content\/uploads\/2025\/02\/SKU_1-1-430x430.jpg 430w, https:\/\/www.yunkuntech.com\/wp-content\/uploads\/2025\/02\/SKU_1-1-700x700.jpg 700w\" sizes=\"auto, (max-width: 1000px) 100vw, 1000px\" \/> <img loading=\"lazy\" decoding=\"async\" class=\"alignnone size-full wp-image-8799\" src=\"http:\/\/www.yunkuntech.com\/wp-content\/uploads\/2025\/02\/SKU_2-1.jpg\" alt=\"\" width=\"1000\" height=\"1000\" srcset=\"https:\/\/www.yunkuntech.com\/wp-content\/uploads\/2025\/02\/SKU_2-1.jpg 1000w, https:\/\/www.yunkuntech.com\/wp-content\/uploads\/2025\/02\/SKU_2-1-300x300.jpg 300w, https:\/\/www.yunkuntech.com\/wp-content\/uploads\/2025\/02\/SKU_2-1-800x800.jpg 800w, https:\/\/www.yunkuntech.com\/wp-content\/uploads\/2025\/02\/SKU_2-1-150x150.jpg 150w, https:\/\/www.yunkuntech.com\/wp-content\/uploads\/2025\/02\/SKU_2-1-768x768.jpg 768w, https:\/\/www.yunkuntech.com\/wp-content\/uploads\/2025\/02\/SKU_2-1-860x860.jpg 860w, https:\/\/www.yunkuntech.com\/wp-content\/uploads\/2025\/02\/SKU_2-1-430x430.jpg 430w, https:\/\/www.yunkuntech.com\/wp-content\/uploads\/2025\/02\/SKU_2-1-700x700.jpg 700w\" sizes=\"auto, (max-width: 1000px) 100vw, 1000px\" \/> <img loading=\"lazy\" decoding=\"async\" class=\"alignnone size-full wp-image-8800\" src=\"http:\/\/www.yunkuntech.com\/wp-content\/uploads\/2025\/02\/SKU_3-1.jpg\" alt=\"\" width=\"1000\" height=\"1000\" srcset=\"https:\/\/www.yunkuntech.com\/wp-content\/uploads\/2025\/02\/SKU_3-1.jpg 1000w, https:\/\/www.yunkuntech.com\/wp-content\/uploads\/2025\/02\/SKU_3-1-300x300.jpg 300w, https:\/\/www.yunkuntech.com\/wp-content\/uploads\/2025\/02\/SKU_3-1-800x800.jpg 800w, https:\/\/www.yunkuntech.com\/wp-content\/uploads\/2025\/02\/SKU_3-1-150x150.jpg 150w, https:\/\/www.yunkuntech.com\/wp-content\/uploads\/2025\/02\/SKU_3-1-768x768.jpg 768w, https:\/\/www.yunkuntech.com\/wp-content\/uploads\/2025\/02\/SKU_3-1-860x860.jpg 860w, https:\/\/www.yunkuntech.com\/wp-content\/uploads\/2025\/02\/SKU_3-1-430x430.jpg 430w, https:\/\/www.yunkuntech.com\/wp-content\/uploads\/2025\/02\/SKU_3-1-700x700.jpg 700w\" sizes=\"auto, (max-width: 1000px) 100vw, 1000px\" \/> <img loading=\"lazy\" decoding=\"async\" class=\"alignnone size-full wp-image-8801\" src=\"http:\/\/www.yunkuntech.com\/wp-content\/uploads\/2025\/02\/SKU_4-1.jpg\" alt=\"\" width=\"1000\" height=\"1000\" srcset=\"https:\/\/www.yunkuntech.com\/wp-content\/uploads\/2025\/02\/SKU_4-1.jpg 1000w, https:\/\/www.yunkuntech.com\/wp-content\/uploads\/2025\/02\/SKU_4-1-300x300.jpg 300w, https:\/\/www.yunkuntech.com\/wp-content\/uploads\/2025\/02\/SKU_4-1-800x800.jpg 800w, https:\/\/www.yunkuntech.com\/wp-content\/uploads\/2025\/02\/SKU_4-1-150x150.jpg 150w, https:\/\/www.yunkuntech.com\/wp-content\/uploads\/2025\/02\/SKU_4-1-768x768.jpg 768w, https:\/\/www.yunkuntech.com\/wp-content\/uploads\/2025\/02\/SKU_4-1-860x860.jpg 860w, https:\/\/www.yunkuntech.com\/wp-content\/uploads\/2025\/02\/SKU_4-1-430x430.jpg 430w, https:\/\/www.yunkuntech.com\/wp-content\/uploads\/2025\/02\/SKU_4-1-700x700.jpg 700w\" sizes=\"auto, (max-width: 1000px) 100vw, 1000px\" \/> <img loading=\"lazy\" decoding=\"async\" class=\"alignnone size-full wp-image-8802\" src=\"http:\/\/www.yunkuntech.com\/wp-content\/uploads\/2025\/02\/SKU_5-1.jpg\" alt=\"\" width=\"1000\" height=\"1000\" srcset=\"https:\/\/www.yunkuntech.com\/wp-content\/uploads\/2025\/02\/SKU_5-1.jpg 1000w, https:\/\/www.yunkuntech.com\/wp-content\/uploads\/2025\/02\/SKU_5-1-300x300.jpg 300w, https:\/\/www.yunkuntech.com\/wp-content\/uploads\/2025\/02\/SKU_5-1-800x800.jpg 800w, https:\/\/www.yunkuntech.com\/wp-content\/uploads\/2025\/02\/SKU_5-1-150x150.jpg 150w, https:\/\/www.yunkuntech.com\/wp-content\/uploads\/2025\/02\/SKU_5-1-768x768.jpg 768w, https:\/\/www.yunkuntech.com\/wp-content\/uploads\/2025\/02\/SKU_5-1-860x860.jpg 860w, https:\/\/www.yunkuntech.com\/wp-content\/uploads\/2025\/02\/SKU_5-1-430x430.jpg 430w, https:\/\/www.yunkuntech.com\/wp-content\/uploads\/2025\/02\/SKU_5-1-700x700.jpg 700w\" sizes=\"auto, (max-width: 1000px) 100vw, 1000px\" \/><\/p>","protected":false},"excerpt":{"rendered":"<p>Powerbank de carregamento sem fios port\u00e1til de 40000mAh Cabo incorporado Tr\u00eas baterias Chargeur Solaire Luz LED forte Banco de energia solar Dur\u00e1vel e resistente \u00e0 \u00e1gua<\/p>","protected":false},"featured_media":8792,"comment_status":"open","ping_status":"closed","template":"","meta":[],"product_cat":[20,73],"product_tag":[],"class_list":["post-8790","product","type-product","status-publish","has-post-thumbnail","hentry","product_cat-high-capacity-power-bank","product_cat-outdoor-mobile-power-supply"],"_links":{"self":[{"href":"https:\/\/www.yunkuntech.com\/pt\/wp-json\/wp\/v2\/product\/8790","targetHints":{"allow":["GET"]}}],"collection":[{"href":"https:\/\/www.yunkuntech.com\/pt\/wp-json\/wp\/v2\/product"}],"about":[{"href":"https:\/\/www.yunkuntech.com\/pt\/wp-json\/wp\/v2\/types\/product"}],"replies":[{"embeddable":true,"href":"https:\/\/www.yunkuntech.com\/pt\/wp-json\/wp\/v2\/comments?post=8790"}],"version-history":[{"count":1,"href":"https:\/\/www.yunkuntech.com\/pt\/wp-json\/wp\/v2\/product\/8790\/revisions"}],"predecessor-version":[{"id":8806,"href":"https:\/\/www.yunkuntech.com\/pt\/wp-json\/wp\/v2\/product\/8790\/revisions\/8806"}],"wp:featuredmedia":[{"embeddable":true,"href":"https:\/\/www.yunkuntech.com\/pt\/wp-json\/wp\/v2\/media\/8792"}],"wp:attachment":[{"href":"https:\/\/www.yunkuntech.com\/pt\/wp-json\/wp\/v2\/media?parent=8790"}],"wp:term":[{"taxonomy":"product_cat","embeddable":true,"href":"https:\/\/www.yunkuntech.com\/pt\/wp-json\/wp\/v2\/product_cat?post=8790"},{"taxonomy":"product_tag","embeddable":true,"href":"https:\/\/www.yunkuntech.com\/pt\/wp-json\/wp\/v2\/product_tag?post=8790"}],"curies":[{"name":"wp","href":"https:\/\/api.w.org\/{rel}","templated":true}]}}