{"id":8778,"date":"2025-02-17T15:37:12","date_gmt":"2025-02-17T07:37:12","guid":{"rendered":"http:\/\/www.yunkuntech.com\/?post_type=product&#038;p=8778"},"modified":"2025-02-17T15:45:49","modified_gmt":"2025-02-17T07:45:49","slug":"outdoor-waterproof-25000mah-folding-solar-panels-portable-solar-charger-power-bank-with-led-light","status":"publish","type":"product","link":"https:\/\/www.yunkuntech.com\/pt\/product\/outdoor-waterproof-25000mah-folding-solar-panels-portable-solar-charger-power-bank-with-led-light\/","title":{"rendered":"Carregador solar port\u00e1til para exterior, \u00e0 prova de \u00e1gua, com pain\u00e9is solares dobr\u00e1veis 25000mah e luz LED"},"content":{"rendered":"<h1 title=\"Carregador solar port\u00e1til para exterior, \u00e0 prova de \u00e1gua, com pain\u00e9is solares dobr\u00e1veis 25000mah e luz LED\" data-spm-anchor-id=\"a2700.details.0.i70.48f85be7JrxoqY\">Carregador solar port\u00e1til para exterior, \u00e0 prova de \u00e1gua, com pain\u00e9is solares dobr\u00e1veis 25000mah e luz LED<\/h1>\n<div class=\"attribute-list\">\n<div class=\"attribute-item\">\n<div class=\"left\">\n<ul class=\"\">\n<li data-spm-anchor-id=\"a2700.details.0.i97.48f85be7JrxoqY\">Design dur\u00e1vel e resistente \u00e0 \u00e1gua: Este carregador de painel solar para exterior possui uma classifica\u00e7\u00e3o IP65, garantindo que resiste a condi\u00e7\u00f5es climat\u00e9ricas adversas e a salpicos acidentais, o que o torna perfeito para entusiastas do ar livre e viajantes que dependem de energia em \u00e1reas remotas.<\/li>\n<li>Bateria de alta capacidade: Equipado com uma bateria de 25000mAh, este carregador solar fornece uma fonte de alimenta\u00e7\u00e3o alargada para v\u00e1rios dispositivos, tais como smartphones, tablets e altifalantes port\u00e1teis, permitindo aos utilizadores manterem-se ligados e entretidos em movimento.<\/li>\n<li data-spm-anchor-id=\"a2700.details.0.i96.48f85be7JrxoqY\">Recarga eficiente: A tecnologia MPPT (Maximum Power Point Tracking) permite um recarregamento r\u00e1pido, reduzindo o tempo necess\u00e1rio para reabastecer a bateria, tornando-a a escolha ideal para os utilizadores que necessitam de uma fonte de energia fi\u00e1vel e r\u00e1pida.<\/li>\n<li>Carregamento c\u00f3modo de v\u00e1rios dispositivos: Com duas portas USB, este carregador solar permite o carregamento simult\u00e2neo de v\u00e1rios dispositivos, simplificando o processo de carregamento e poupando tempo aos utilizadores que necessitam de carregar v\u00e1rios dispositivos ao mesmo tempo.<\/li>\n<li>Design compacto e port\u00e1til: Medindo 161x32mm quando dobrado, este carregador solar \u00e9 leve e compacto, tornando-o f\u00e1cil de transportar e armazenar, ideal para utilizadores que necessitam de uma solu\u00e7\u00e3o de energia port\u00e1til para as suas aventuras ao ar livre.<\/li>\n<\/ul>\n<\/div>\n<div><\/div>\n<\/div>\n<\/div>\n<h3>Outros atributos<\/h3>\n<div class=\"attribute-list\">\n<div class=\"attribute-item\">\n<div>cor: Casco preto +(laranja, azul, preto, verde)<\/div>\n<div class=\"left\">interface de entrada: usb, DC, Micro USB, TYPE-C<\/div>\n<\/div>\n<div class=\"attribute-item\">\n<div class=\"left\">molde privado: Sim<\/div>\n<\/div>\n<div class=\"attribute-item\">\n<div class=\"left\">tipo de bateria: Bateria de pol\u00edmero de l\u00edtio<\/div>\n<\/div>\n<div class=\"attribute-item\">\n<div class=\"left\">local de origem: Shenzhen, China<\/div>\n<\/div>\n<div class=\"attribute-item\">\n<div class=\"left\">nome da marca: Yunkun<\/div>\n<\/div>\n<div class=\"attribute-item\">\n<div class=\"left\">padr\u00e3o de soquete: Universal<\/div>\n<\/div>\n<div class=\"attribute-item\">\n<div class=\"left\">prote\u00e7\u00e3o: Sobre-descarga, Prote\u00e7\u00e3o contra curto-circuito, Sobre-carga, Baixa tens\u00e3o<\/div>\n<\/div>\n<\/div>\n<h3>Embalagem e entrega<\/h3>\n<div class=\"attribute-list\">\n<div class=\"attribute-item\">\n<div class=\"left\">Unidades de venda: Item \u00fanico<\/div>\n<\/div>\n<div class=\"attribute-item\">\n<div class=\"left\">Tamanho da dobragem: H161*32mm<\/div>\n<\/div>\n<div class=\"attribute-item\">\n<div class=\"left\">Peso bruto \u00fanico: 0,700 kg<\/div>\n<div>Tamanho da embalagem individual: 23X15X12 cm<\/div>\n<div>capacidade: 16000 (25000mah)<\/div>\n<div>IP: IP65<\/div>\n<\/div>\n<div>\n<h2 class=\"collapsible-title\" data-spm-anchor-id=\"a2700.details.0.i167.32465226TjjlWQ\">Personaliza\u00e7\u00e3o<\/h2>\n<div class=\"title\" data-spm-anchor-id=\"a2700.details.0.i169.32465226TjjlWQ\">Log\u00f3tipo\/padr\u00e3o<\/div>\n<div class=\"info\"><strong>Encomenda m\u00ednima: 1 pe\u00e7a<\/strong><\/div>\n<\/div>\n<div><span data-spm-anchor-id=\"a2700.details.0.i171.32465226TjjlWQ\">Para mais detalhes de personaliza\u00e7\u00e3o, por favor contacte-nos<img loading=\"lazy\" decoding=\"async\" class=\"alignnone size-full wp-image-8779\" src=\"http:\/\/www.yunkuntech.com\/wp-content\/uploads\/2025\/02\/SKU_1.jpg\" alt=\"\" width=\"960\" height=\"960\" srcset=\"https:\/\/www.yunkuntech.com\/wp-content\/uploads\/2025\/02\/SKU_1.jpg 960w, https:\/\/www.yunkuntech.com\/wp-content\/uploads\/2025\/02\/SKU_1-300x300.jpg 300w, https:\/\/www.yunkuntech.com\/wp-content\/uploads\/2025\/02\/SKU_1-800x800.jpg 800w, https:\/\/www.yunkuntech.com\/wp-content\/uploads\/2025\/02\/SKU_1-150x150.jpg 150w, https:\/\/www.yunkuntech.com\/wp-content\/uploads\/2025\/02\/SKU_1-768x768.jpg 768w, https:\/\/www.yunkuntech.com\/wp-content\/uploads\/2025\/02\/SKU_1-860x860.jpg 860w, https:\/\/www.yunkuntech.com\/wp-content\/uploads\/2025\/02\/SKU_1-430x430.jpg 430w, https:\/\/www.yunkuntech.com\/wp-content\/uploads\/2025\/02\/SKU_1-700x700.jpg 700w\" sizes=\"auto, (max-width: 960px) 100vw, 960px\" \/> <img loading=\"lazy\" decoding=\"async\" class=\"alignnone size-full wp-image-8780\" src=\"http:\/\/www.yunkuntech.com\/wp-content\/uploads\/2025\/02\/\u4e3b\u56fe_1.jpg\" alt=\"\" width=\"800\" height=\"800\" srcset=\"https:\/\/www.yunkuntech.com\/wp-content\/uploads\/2025\/02\/\u4e3b\u56fe_1.jpg 800w, https:\/\/www.yunkuntech.com\/wp-content\/uploads\/2025\/02\/\u4e3b\u56fe_1-300x300.jpg 300w, https:\/\/www.yunkuntech.com\/wp-content\/uploads\/2025\/02\/\u4e3b\u56fe_1-150x150.jpg 150w, https:\/\/www.yunkuntech.com\/wp-content\/uploads\/2025\/02\/\u4e3b\u56fe_1-768x768.jpg 768w, https:\/\/www.yunkuntech.com\/wp-content\/uploads\/2025\/02\/\u4e3b\u56fe_1-430x430.jpg 430w, https:\/\/www.yunkuntech.com\/wp-content\/uploads\/2025\/02\/\u4e3b\u56fe_1-700x700.jpg 700w\" sizes=\"auto, (max-width: 800px) 100vw, 800px\" \/> <img loading=\"lazy\" decoding=\"async\" class=\"alignnone size-full wp-image-8781\" src=\"http:\/\/www.yunkuntech.com\/wp-content\/uploads\/2025\/02\/\u4e3b\u56fe_2.jpg\" alt=\"\" width=\"800\" height=\"800\" srcset=\"https:\/\/www.yunkuntech.com\/wp-content\/uploads\/2025\/02\/\u4e3b\u56fe_2.jpg 800w, https:\/\/www.yunkuntech.com\/wp-content\/uploads\/2025\/02\/\u4e3b\u56fe_2-300x300.jpg 300w, https:\/\/www.yunkuntech.com\/wp-content\/uploads\/2025\/02\/\u4e3b\u56fe_2-150x150.jpg 150w, https:\/\/www.yunkuntech.com\/wp-content\/uploads\/2025\/02\/\u4e3b\u56fe_2-768x768.jpg 768w, https:\/\/www.yunkuntech.com\/wp-content\/uploads\/2025\/02\/\u4e3b\u56fe_2-430x430.jpg 430w, https:\/\/www.yunkuntech.com\/wp-content\/uploads\/2025\/02\/\u4e3b\u56fe_2-700x700.jpg 700w\" sizes=\"auto, (max-width: 800px) 100vw, 800px\" \/> <img loading=\"lazy\" decoding=\"async\" class=\"alignnone size-full wp-image-8782\" src=\"http:\/\/www.yunkuntech.com\/wp-content\/uploads\/2025\/02\/\u4e3b\u56fe_3.jpg\" alt=\"\" width=\"800\" height=\"800\" srcset=\"https:\/\/www.yunkuntech.com\/wp-content\/uploads\/2025\/02\/\u4e3b\u56fe_3.jpg 800w, https:\/\/www.yunkuntech.com\/wp-content\/uploads\/2025\/02\/\u4e3b\u56fe_3-300x300.jpg 300w, https:\/\/www.yunkuntech.com\/wp-content\/uploads\/2025\/02\/\u4e3b\u56fe_3-150x150.jpg 150w, https:\/\/www.yunkuntech.com\/wp-content\/uploads\/2025\/02\/\u4e3b\u56fe_3-768x768.jpg 768w, https:\/\/www.yunkuntech.com\/wp-content\/uploads\/2025\/02\/\u4e3b\u56fe_3-430x430.jpg 430w, https:\/\/www.yunkuntech.com\/wp-content\/uploads\/2025\/02\/\u4e3b\u56fe_3-700x700.jpg 700w\" sizes=\"auto, (max-width: 800px) 100vw, 800px\" \/> <img loading=\"lazy\" decoding=\"async\" class=\"alignnone size-full wp-image-8783\" src=\"http:\/\/www.yunkuntech.com\/wp-content\/uploads\/2025\/02\/\u4e3b\u56fe_4-1.jpg\" alt=\"\" width=\"800\" height=\"800\" srcset=\"https:\/\/www.yunkuntech.com\/wp-content\/uploads\/2025\/02\/\u4e3b\u56fe_4-1.jpg 800w, https:\/\/www.yunkuntech.com\/wp-content\/uploads\/2025\/02\/\u4e3b\u56fe_4-1-300x300.jpg 300w, https:\/\/www.yunkuntech.com\/wp-content\/uploads\/2025\/02\/\u4e3b\u56fe_4-1-150x150.jpg 150w, https:\/\/www.yunkuntech.com\/wp-content\/uploads\/2025\/02\/\u4e3b\u56fe_4-1-768x768.jpg 768w, https:\/\/www.yunkuntech.com\/wp-content\/uploads\/2025\/02\/\u4e3b\u56fe_4-1-430x430.jpg 430w, https:\/\/www.yunkuntech.com\/wp-content\/uploads\/2025\/02\/\u4e3b\u56fe_4-1-700x700.jpg 700w\" sizes=\"auto, (max-width: 800px) 100vw, 800px\" \/> <img loading=\"lazy\" decoding=\"async\" class=\"alignnone size-full wp-image-8784\" src=\"http:\/\/www.yunkuntech.com\/wp-content\/uploads\/2025\/02\/\u4e3b\u56fe_5-1.jpg\" alt=\"\" width=\"790\" height=\"998\" srcset=\"https:\/\/www.yunkuntech.com\/wp-content\/uploads\/2025\/02\/\u4e3b\u56fe_5-1.jpg 790w, https:\/\/www.yunkuntech.com\/wp-content\/uploads\/2025\/02\/\u4e3b\u56fe_5-1-237x300.jpg 237w, https:\/\/www.yunkuntech.com\/wp-content\/uploads\/2025\/02\/\u4e3b\u56fe_5-1-633x800.jpg 633w, https:\/\/www.yunkuntech.com\/wp-content\/uploads\/2025\/02\/\u4e3b\u56fe_5-1-768x970.jpg 768w, https:\/\/www.yunkuntech.com\/wp-content\/uploads\/2025\/02\/\u4e3b\u56fe_5-1-430x543.jpg 430w, https:\/\/www.yunkuntech.com\/wp-content\/uploads\/2025\/02\/\u4e3b\u56fe_5-1-700x884.jpg 700w, https:\/\/www.yunkuntech.com\/wp-content\/uploads\/2025\/02\/\u4e3b\u56fe_5-1-150x189.jpg 150w\" sizes=\"auto, (max-width: 790px) 100vw, 790px\" \/> <img loading=\"lazy\" decoding=\"async\" class=\"alignnone size-full wp-image-8785\" src=\"http:\/\/www.yunkuntech.com\/wp-content\/uploads\/2025\/02\/\u4e3b\u56fe_6-1.jpg\" alt=\"\" width=\"790\" height=\"935\" srcset=\"https:\/\/www.yunkuntech.com\/wp-content\/uploads\/2025\/02\/\u4e3b\u56fe_6-1.jpg 790w, https:\/\/www.yunkuntech.com\/wp-content\/uploads\/2025\/02\/\u4e3b\u56fe_6-1-253x300.jpg 253w, https:\/\/www.yunkuntech.com\/wp-content\/uploads\/2025\/02\/\u4e3b\u56fe_6-1-676x800.jpg 676w, https:\/\/www.yunkuntech.com\/wp-content\/uploads\/2025\/02\/\u4e3b\u56fe_6-1-768x909.jpg 768w, https:\/\/www.yunkuntech.com\/wp-content\/uploads\/2025\/02\/\u4e3b\u56fe_6-1-430x509.jpg 430w, https:\/\/www.yunkuntech.com\/wp-content\/uploads\/2025\/02\/\u4e3b\u56fe_6-1-700x828.jpg 700w, https:\/\/www.yunkuntech.com\/wp-content\/uploads\/2025\/02\/\u4e3b\u56fe_6-1-150x178.jpg 150w\" sizes=\"auto, (max-width: 790px) 100vw, 790px\" \/><\/span><\/div>\n<div><\/div>\n<\/div>","protected":false},"excerpt":{"rendered":"<p>Carregador solar port\u00e1til para exterior com pain\u00e9is solares dobr\u00e1veis 25000mah \u00e0 prova de \u00e1gua e luz LED Design dur\u00e1vel e resistente \u00e0 \u00e1gua: Este carregador solar para exterior<\/p>","protected":false},"featured_media":8780,"comment_status":"open","ping_status":"closed","template":"","meta":[],"product_cat":[20,73],"product_tag":[],"class_list":["post-8778","product","type-product","status-publish","has-post-thumbnail","hentry","product_cat-high-capacity-power-bank","product_cat-outdoor-mobile-power-supply"],"_links":{"self":[{"href":"https:\/\/www.yunkuntech.com\/pt\/wp-json\/wp\/v2\/product\/8778","targetHints":{"allow":["GET"]}}],"collection":[{"href":"https:\/\/www.yunkuntech.com\/pt\/wp-json\/wp\/v2\/product"}],"about":[{"href":"https:\/\/www.yunkuntech.com\/pt\/wp-json\/wp\/v2\/types\/product"}],"replies":[{"embeddable":true,"href":"https:\/\/www.yunkuntech.com\/pt\/wp-json\/wp\/v2\/comments?post=8778"}],"version-history":[{"count":1,"href":"https:\/\/www.yunkuntech.com\/pt\/wp-json\/wp\/v2\/product\/8778\/revisions"}],"predecessor-version":[{"id":8786,"href":"https:\/\/www.yunkuntech.com\/pt\/wp-json\/wp\/v2\/product\/8778\/revisions\/8786"}],"wp:featuredmedia":[{"embeddable":true,"href":"https:\/\/www.yunkuntech.com\/pt\/wp-json\/wp\/v2\/media\/8780"}],"wp:attachment":[{"href":"https:\/\/www.yunkuntech.com\/pt\/wp-json\/wp\/v2\/media?parent=8778"}],"wp:term":[{"taxonomy":"product_cat","embeddable":true,"href":"https:\/\/www.yunkuntech.com\/pt\/wp-json\/wp\/v2\/product_cat?post=8778"},{"taxonomy":"product_tag","embeddable":true,"href":"https:\/\/www.yunkuntech.com\/pt\/wp-json\/wp\/v2\/product_tag?post=8778"}],"curies":[{"name":"wp","href":"https:\/\/api.w.org\/{rel}","templated":true}]}}