{"id":8630,"date":"2025-01-16T20:26:02","date_gmt":"2025-01-16T12:26:02","guid":{"rendered":"http:\/\/www.yunkuntech.com\/?post_type=product&#038;p=8630"},"modified":"2025-02-14T19:29:26","modified_gmt":"2025-02-14T11:29:26","slug":"outdoor-camping-solar-power-bank-30000mah-dual-usb-travel-built-in-led-flashlight-type-c-input-power-bank","status":"publish","type":"product","link":"https:\/\/www.yunkuntech.com\/pt\/product\/outdoor-camping-solar-power-bank-30000mah-dual-usb-travel-built-in-led-flashlight-type-c-input-power-bank\/","title":{"rendered":"Banco de energia solar para acampamento ao ar livre 30000mah Dual USB Travel Lanterna LED integrada Banco de energia com entrada tipo C"},"content":{"rendered":"<h3>Atributos espec\u00edficos do sector<\/h3>\n<div class=\"attribute-list\">\n<div class=\"attribute-item\">\n<div class=\"left\"><strong>interface de sa\u00edda:<\/strong> DC, Usb duplo, USB\/DC<\/div>\n<\/div>\n<div class=\"attribute-item\">\n<div class=\"left\"><strong>fun\u00e7\u00e3o:<\/strong> Carregamento do painel solar<\/div>\n<\/div>\n<div class=\"attribute-item\">\n<div class=\"left\"><strong>tipo:<\/strong> Alta capacidade, Visor LED, PORT\u00c1TIL, Alimenta\u00e7\u00e3o, \u00c0 prova de \u00e1gua, Com cabo, Outro<\/div>\n<\/div>\n<div class=\"attribute-item\">\n<div class=\"left\"><strong>pot\u00eancia de sa\u00edda:<\/strong> 10W<\/div>\n<\/div>\n<\/div>\n<h3>Outros atributos<\/h3>\n<div class=\"attribute-list\">\n<div class=\"attribute-item\">\n<div class=\"left\"><strong>interface de entrada:<\/strong> Micro USB, TIPO C<\/div>\n<\/div>\n<div class=\"attribute-item\">\n<div class=\"left\"><strong>tipo de pilha:<\/strong> Bateria de pol\u00edmero de l\u00edtio<\/div>\n<\/div>\n<div class=\"attribute-item\">\n<div class=\"left\"><strong>peso:<\/strong> 460g<\/div>\n<\/div>\n<div class=\"attribute-item\">\n<div class=\"left\"><strong>padr\u00e3o de tomada:<\/strong> Para a Austr\u00e1lia\/Nova Zel\u00e2ndia, Para o Brasil, Para a U.E., Para o Jap\u00e3o, Para o Reino Unido, Para os EUA\/Canad\u00e1, Micro USB, Universal<\/div>\n<\/div>\n<div class=\"attribute-item\">\n<div class=\"left\"><strong>prote\u00e7\u00e3o:<\/strong> Baixa tens\u00e3o, Sobrecarga, Sobredescarga, Prote\u00e7\u00e3o contra curto-circuitos<\/div>\n<\/div>\n<div class=\"attribute-item\">\n<div class=\"left\"><strong>material:<\/strong> PVC<\/div>\n<\/div>\n<div class=\"attribute-item\">\n<div class=\"left\"><strong>Capacidade da bateria:<\/strong> 30000mAh<\/div>\n<\/div>\n<div class=\"attribute-item\">\n<div class=\"left\"><strong>Certifica\u00e7\u00e3o:<\/strong> UN38.3<\/div>\n<\/div>\n<div class=\"attribute-item\">\n<div class=\"left\"><strong>Material:<\/strong> ABS+Sil\u00edcio<\/div>\n<\/div>\n<div class=\"attribute-item\">\n<div class=\"left\"><strong>Garantia:<\/strong> 12 meses<\/div>\n<\/div>\n<div class=\"attribute-item\">\n<div class=\"left\"><strong>Acess\u00f3rios:<\/strong> 1*Cabo micro USB e 1*Al\u00e7a de couro<\/div>\n<\/div>\n<div class=\"attribute-item\">\n<div class=\"left\"><strong>Cor:<\/strong> Preto\/Laranja\/Azul\/Verde\/Vermelho\/ect.<\/div>\n<\/div>\n<div class=\"attribute-item\">\n<div class=\"left\"><strong>Moldes de carregamento:<\/strong> Carregamento solar para carregamento de emerg\u00eancia\/adaptador<\/div>\n<\/div>\n<div class=\"attribute-item\">\n<div class=\"left\"><strong>Painel alimentado pelo sol:<\/strong> 5V\/300mA<\/div>\n<\/div>\n<div class=\"attribute-item\">\n<div class=\"left\"><strong>Entrada:<\/strong> DC5V\/2A<\/div>\n<\/div>\n<div><img loading=\"lazy\" decoding=\"async\" class=\"alignnone size-full wp-image-8635\" src=\"http:\/\/www.yunkuntech.com\/wp-content\/uploads\/2025\/01\/\u8be6\u60c5\u56fe_13-1.jpg\" alt=\"\" width=\"750\" height=\"750\" srcset=\"https:\/\/www.yunkuntech.com\/wp-content\/uploads\/2025\/01\/\u8be6\u60c5\u56fe_13-1.jpg 750w, https:\/\/www.yunkuntech.com\/wp-content\/uploads\/2025\/01\/\u8be6\u60c5\u56fe_13-1-430x430.jpg 430w, https:\/\/www.yunkuntech.com\/wp-content\/uploads\/2025\/01\/\u8be6\u60c5\u56fe_13-1-150x150.jpg 150w, https:\/\/www.yunkuntech.com\/wp-content\/uploads\/2025\/01\/\u8be6\u60c5\u56fe_13-1-700x700.jpg 700w, https:\/\/www.yunkuntech.com\/wp-content\/uploads\/2025\/01\/\u8be6\u60c5\u56fe_13-1-300x300.jpg 300w\" sizes=\"auto, (max-width: 750px) 100vw, 750px\" \/> <img loading=\"lazy\" decoding=\"async\" class=\"alignnone size-full wp-image-8640\" src=\"http:\/\/www.yunkuntech.com\/wp-content\/uploads\/2025\/01\/\u8be6\u60c5\u56fe_12.jpg\" alt=\"\" width=\"750\" height=\"792\" srcset=\"https:\/\/www.yunkuntech.com\/wp-content\/uploads\/2025\/01\/\u8be6\u60c5\u56fe_12.jpg 750w, https:\/\/www.yunkuntech.com\/wp-content\/uploads\/2025\/01\/\u8be6\u60c5\u56fe_12-430x454.jpg 430w, https:\/\/www.yunkuntech.com\/wp-content\/uploads\/2025\/01\/\u8be6\u60c5\u56fe_12-150x158.jpg 150w, https:\/\/www.yunkuntech.com\/wp-content\/uploads\/2025\/01\/\u8be6\u60c5\u56fe_12-700x739.jpg 700w, https:\/\/www.yunkuntech.com\/wp-content\/uploads\/2025\/01\/\u8be6\u60c5\u56fe_12-284x300.jpg 284w\" sizes=\"auto, (max-width: 750px) 100vw, 750px\" \/> <img loading=\"lazy\" decoding=\"async\" class=\"alignnone size-full wp-image-8639\" src=\"http:\/\/www.yunkuntech.com\/wp-content\/uploads\/2025\/01\/\u8be6\u60c5\u56fe_19-1.jpg\" alt=\"\" width=\"750\" height=\"463\" srcset=\"https:\/\/www.yunkuntech.com\/wp-content\/uploads\/2025\/01\/\u8be6\u60c5\u56fe_19-1.jpg 750w, https:\/\/www.yunkuntech.com\/wp-content\/uploads\/2025\/01\/\u8be6\u60c5\u56fe_19-1-430x265.jpg 430w, https:\/\/www.yunkuntech.com\/wp-content\/uploads\/2025\/01\/\u8be6\u60c5\u56fe_19-1-150x93.jpg 150w, https:\/\/www.yunkuntech.com\/wp-content\/uploads\/2025\/01\/\u8be6\u60c5\u56fe_19-1-700x432.jpg 700w, https:\/\/www.yunkuntech.com\/wp-content\/uploads\/2025\/01\/\u8be6\u60c5\u56fe_19-1-400x247.jpg 400w\" sizes=\"auto, (max-width: 750px) 100vw, 750px\" \/> <img loading=\"lazy\" decoding=\"async\" class=\"alignnone size-full wp-image-8638\" src=\"http:\/\/www.yunkuntech.com\/wp-content\/uploads\/2025\/01\/\u8be6\u60c5\u56fe_17-1.jpg\" alt=\"\" width=\"750\" height=\"752\" srcset=\"https:\/\/www.yunkuntech.com\/wp-content\/uploads\/2025\/01\/\u8be6\u60c5\u56fe_17-1.jpg 750w, https:\/\/www.yunkuntech.com\/wp-content\/uploads\/2025\/01\/\u8be6\u60c5\u56fe_17-1-430x431.jpg 430w, https:\/\/www.yunkuntech.com\/wp-content\/uploads\/2025\/01\/\u8be6\u60c5\u56fe_17-1-150x150.jpg 150w, https:\/\/www.yunkuntech.com\/wp-content\/uploads\/2025\/01\/\u8be6\u60c5\u56fe_17-1-700x702.jpg 700w, https:\/\/www.yunkuntech.com\/wp-content\/uploads\/2025\/01\/\u8be6\u60c5\u56fe_17-1-299x300.jpg 299w\" sizes=\"auto, (max-width: 750px) 100vw, 750px\" \/> <img loading=\"lazy\" decoding=\"async\" class=\"alignnone size-full wp-image-8637\" src=\"http:\/\/www.yunkuntech.com\/wp-content\/uploads\/2025\/01\/\u8be6\u60c5\u56fe_16-1.jpg\" alt=\"\" width=\"750\" height=\"750\" srcset=\"https:\/\/www.yunkuntech.com\/wp-content\/uploads\/2025\/01\/\u8be6\u60c5\u56fe_16-1.jpg 750w, https:\/\/www.yunkuntech.com\/wp-content\/uploads\/2025\/01\/\u8be6\u60c5\u56fe_16-1-430x430.jpg 430w, https:\/\/www.yunkuntech.com\/wp-content\/uploads\/2025\/01\/\u8be6\u60c5\u56fe_16-1-150x150.jpg 150w, https:\/\/www.yunkuntech.com\/wp-content\/uploads\/2025\/01\/\u8be6\u60c5\u56fe_16-1-700x700.jpg 700w, https:\/\/www.yunkuntech.com\/wp-content\/uploads\/2025\/01\/\u8be6\u60c5\u56fe_16-1-300x300.jpg 300w\" sizes=\"auto, (max-width: 750px) 100vw, 750px\" \/> <img loading=\"lazy\" decoding=\"async\" class=\"alignnone size-full wp-image-8636\" src=\"http:\/\/www.yunkuntech.com\/wp-content\/uploads\/2025\/01\/\u8be6\u60c5\u56fe_14-2.jpg\" alt=\"\" width=\"750\" height=\"754\" srcset=\"https:\/\/www.yunkuntech.com\/wp-content\/uploads\/2025\/01\/\u8be6\u60c5\u56fe_14-2.jpg 750w, https:\/\/www.yunkuntech.com\/wp-content\/uploads\/2025\/01\/\u8be6\u60c5\u56fe_14-2-430x432.jpg 430w, https:\/\/www.yunkuntech.com\/wp-content\/uploads\/2025\/01\/\u8be6\u60c5\u56fe_14-2-150x150.jpg 150w, https:\/\/www.yunkuntech.com\/wp-content\/uploads\/2025\/01\/\u8be6\u60c5\u56fe_14-2-700x704.jpg 700w, https:\/\/www.yunkuntech.com\/wp-content\/uploads\/2025\/01\/\u8be6\u60c5\u56fe_14-2-298x300.jpg 298w\" sizes=\"auto, (max-width: 750px) 100vw, 750px\" \/> <img loading=\"lazy\" decoding=\"async\" class=\"alignnone size-full wp-image-8634\" src=\"http:\/\/www.yunkuntech.com\/wp-content\/uploads\/2025\/01\/\u8be6\u60c5\u56fe_10-1.jpg\" alt=\"\" width=\"750\" height=\"467\" srcset=\"https:\/\/www.yunkuntech.com\/wp-content\/uploads\/2025\/01\/\u8be6\u60c5\u56fe_10-1.jpg 750w, https:\/\/www.yunkuntech.com\/wp-content\/uploads\/2025\/01\/\u8be6\u60c5\u56fe_10-1-430x268.jpg 430w, https:\/\/www.yunkuntech.com\/wp-content\/uploads\/2025\/01\/\u8be6\u60c5\u56fe_10-1-150x93.jpg 150w, https:\/\/www.yunkuntech.com\/wp-content\/uploads\/2025\/01\/\u8be6\u60c5\u56fe_10-1-700x436.jpg 700w, https:\/\/www.yunkuntech.com\/wp-content\/uploads\/2025\/01\/\u8be6\u60c5\u56fe_10-1-400x249.jpg 400w\" sizes=\"auto, (max-width: 750px) 100vw, 750px\" \/> <img loading=\"lazy\" decoding=\"async\" class=\"alignnone size-full wp-image-8633\" src=\"http:\/\/www.yunkuntech.com\/wp-content\/uploads\/2025\/01\/\u8be6\u60c5\u56fe_1.jpg\" alt=\"\" width=\"750\" height=\"754\" srcset=\"https:\/\/www.yunkuntech.com\/wp-content\/uploads\/2025\/01\/\u8be6\u60c5\u56fe_1.jpg 750w, https:\/\/www.yunkuntech.com\/wp-content\/uploads\/2025\/01\/\u8be6\u60c5\u56fe_1-430x432.jpg 430w, https:\/\/www.yunkuntech.com\/wp-content\/uploads\/2025\/01\/\u8be6\u60c5\u56fe_1-150x150.jpg 150w, https:\/\/www.yunkuntech.com\/wp-content\/uploads\/2025\/01\/\u8be6\u60c5\u56fe_1-700x704.jpg 700w, https:\/\/www.yunkuntech.com\/wp-content\/uploads\/2025\/01\/\u8be6\u60c5\u56fe_1-298x300.jpg 298w\" sizes=\"auto, (max-width: 750px) 100vw, 750px\" \/> <img loading=\"lazy\" decoding=\"async\" class=\"alignnone size-full wp-image-8632\" src=\"http:\/\/www.yunkuntech.com\/wp-content\/uploads\/2025\/01\/SKU_3-1.jpg\" alt=\"\" width=\"800\" height=\"800\" srcset=\"https:\/\/www.yunkuntech.com\/wp-content\/uploads\/2025\/01\/SKU_3-1.jpg 800w, https:\/\/www.yunkuntech.com\/wp-content\/uploads\/2025\/01\/SKU_3-1-430x430.jpg 430w, https:\/\/www.yunkuntech.com\/wp-content\/uploads\/2025\/01\/SKU_3-1-150x150.jpg 150w, https:\/\/www.yunkuntech.com\/wp-content\/uploads\/2025\/01\/SKU_3-1-700x700.jpg 700w, https:\/\/www.yunkuntech.com\/wp-content\/uploads\/2025\/01\/SKU_3-1-300x300.jpg 300w, https:\/\/www.yunkuntech.com\/wp-content\/uploads\/2025\/01\/SKU_3-1-768x768.jpg 768w\" sizes=\"auto, (max-width: 800px) 100vw, 800px\" \/> <img loading=\"lazy\" decoding=\"async\" class=\"alignnone size-full wp-image-8631\" src=\"http:\/\/www.yunkuntech.com\/wp-content\/uploads\/2025\/01\/SKU_2-4.jpg\" alt=\"\" width=\"800\" height=\"800\" srcset=\"https:\/\/www.yunkuntech.com\/wp-content\/uploads\/2025\/01\/SKU_2-4.jpg 800w, https:\/\/www.yunkuntech.com\/wp-content\/uploads\/2025\/01\/SKU_2-4-430x430.jpg 430w, https:\/\/www.yunkuntech.com\/wp-content\/uploads\/2025\/01\/SKU_2-4-150x150.jpg 150w, https:\/\/www.yunkuntech.com\/wp-content\/uploads\/2025\/01\/SKU_2-4-700x700.jpg 700w, https:\/\/www.yunkuntech.com\/wp-content\/uploads\/2025\/01\/SKU_2-4-300x300.jpg 300w, https:\/\/www.yunkuntech.com\/wp-content\/uploads\/2025\/01\/SKU_2-4-768x768.jpg 768w\" sizes=\"auto, (max-width: 800px) 100vw, 800px\" \/> <img loading=\"lazy\" decoding=\"async\" class=\"alignnone size-full wp-image-8644\" src=\"http:\/\/www.yunkuntech.com\/wp-content\/uploads\/2025\/01\/\u4e3b\u56fe_5-6.jpg\" alt=\"\" width=\"800\" height=\"800\" srcset=\"https:\/\/www.yunkuntech.com\/wp-content\/uploads\/2025\/01\/\u4e3b\u56fe_5-6.jpg 800w, https:\/\/www.yunkuntech.com\/wp-content\/uploads\/2025\/01\/\u4e3b\u56fe_5-6-430x430.jpg 430w, https:\/\/www.yunkuntech.com\/wp-content\/uploads\/2025\/01\/\u4e3b\u56fe_5-6-150x150.jpg 150w, https:\/\/www.yunkuntech.com\/wp-content\/uploads\/2025\/01\/\u4e3b\u56fe_5-6-700x700.jpg 700w, https:\/\/www.yunkuntech.com\/wp-content\/uploads\/2025\/01\/\u4e3b\u56fe_5-6-300x300.jpg 300w, https:\/\/www.yunkuntech.com\/wp-content\/uploads\/2025\/01\/\u4e3b\u56fe_5-6-768x768.jpg 768w\" sizes=\"auto, (max-width: 800px) 100vw, 800px\" \/> <img loading=\"lazy\" decoding=\"async\" class=\"alignnone size-full wp-image-8643\" src=\"http:\/\/www.yunkuntech.com\/wp-content\/uploads\/2025\/01\/\u4e3b\u56fe_4-4.jpg\" alt=\"\" width=\"841\" height=\"1323\" srcset=\"https:\/\/www.yunkuntech.com\/wp-content\/uploads\/2025\/01\/\u4e3b\u56fe_4-4.jpg 841w, https:\/\/www.yunkuntech.com\/wp-content\/uploads\/2025\/01\/\u4e3b\u56fe_4-4-430x676.jpg 430w, https:\/\/www.yunkuntech.com\/wp-content\/uploads\/2025\/01\/\u4e3b\u56fe_4-4-150x236.jpg 150w, https:\/\/www.yunkuntech.com\/wp-content\/uploads\/2025\/01\/\u4e3b\u56fe_4-4-700x1101.jpg 700w, https:\/\/www.yunkuntech.com\/wp-content\/uploads\/2025\/01\/\u4e3b\u56fe_4-4-191x300.jpg 191w, https:\/\/www.yunkuntech.com\/wp-content\/uploads\/2025\/01\/\u4e3b\u56fe_4-4-509x800.jpg 509w, https:\/\/www.yunkuntech.com\/wp-content\/uploads\/2025\/01\/\u4e3b\u56fe_4-4-768x1208.jpg 768w\" sizes=\"auto, (max-width: 841px) 100vw, 841px\" \/><\/div>\n<\/div>","protected":false},"excerpt":{"rendered":"<p>Interface de sa\u00edda de atributos espec\u00edficos do sector: DC, Usb duplo, USB\/DC fun\u00e7\u00e3o: Painel solar Tipo de carga: Alta capacidade, Ecr\u00e3 LED, PORT\u00c1TIL, Esta\u00e7\u00e3o de alimenta\u00e7\u00e3o,<\/p>","protected":false},"featured_media":8641,"comment_status":"open","ping_status":"closed","template":"","meta":[],"product_cat":[20,73],"product_tag":[],"class_list":["post-8630","product","type-product","status-publish","has-post-thumbnail","hentry","product_cat-high-capacity-power-bank","product_cat-outdoor-mobile-power-supply"],"_links":{"self":[{"href":"https:\/\/www.yunkuntech.com\/pt\/wp-json\/wp\/v2\/product\/8630","targetHints":{"allow":["GET"]}}],"collection":[{"href":"https:\/\/www.yunkuntech.com\/pt\/wp-json\/wp\/v2\/product"}],"about":[{"href":"https:\/\/www.yunkuntech.com\/pt\/wp-json\/wp\/v2\/types\/product"}],"replies":[{"embeddable":true,"href":"https:\/\/www.yunkuntech.com\/pt\/wp-json\/wp\/v2\/comments?post=8630"}],"version-history":[{"count":1,"href":"https:\/\/www.yunkuntech.com\/pt\/wp-json\/wp\/v2\/product\/8630\/revisions"}],"predecessor-version":[{"id":8645,"href":"https:\/\/www.yunkuntech.com\/pt\/wp-json\/wp\/v2\/product\/8630\/revisions\/8645"}],"wp:featuredmedia":[{"embeddable":true,"href":"https:\/\/www.yunkuntech.com\/pt\/wp-json\/wp\/v2\/media\/8641"}],"wp:attachment":[{"href":"https:\/\/www.yunkuntech.com\/pt\/wp-json\/wp\/v2\/media?parent=8630"}],"wp:term":[{"taxonomy":"product_cat","embeddable":true,"href":"https:\/\/www.yunkuntech.com\/pt\/wp-json\/wp\/v2\/product_cat?post=8630"},{"taxonomy":"product_tag","embeddable":true,"href":"https:\/\/www.yunkuntech.com\/pt\/wp-json\/wp\/v2\/product_tag?post=8630"}],"curies":[{"name":"wp","href":"https:\/\/api.w.org\/{rel}","templated":true}]}}