{"id":8597,"date":"2025-01-16T19:19:21","date_gmt":"2025-01-16T11:19:21","guid":{"rendered":"http:\/\/www.yunkuntech.com\/?post_type=product&#038;p=8597"},"modified":"2025-01-16T21:27:21","modified_gmt":"2025-01-16T13:27:21","slug":"50000-100000mah-large-super-fast-capacity-power-bank-with-cable-or-without-cable-customize-logo-welcome","status":"publish","type":"product","link":"https:\/\/www.yunkuntech.com\/pt\/product\/50000-100000mah-large-super-fast-capacity-power-bank-with-cable-or-without-cable-customize-logo-welcome\/","title":{"rendered":"50000-100000mah Banco de pot\u00eancia de grande capacidade super-r\u00e1pido com cabo ou sem cabo, logotipo personalizado bem-vindo"},"content":{"rendered":"<div class=\"attribute-list\">\n<div class=\"attribute-item\">\n<div data-spm-anchor-id=\"a2700.details.0.i72.7bf23aa2MIs6pe\">\n<h3 data-spm-anchor-id=\"a2700.details.0.i76.7bf23aa2MIs6pe\">Atributos espec\u00edficos do sector<\/h3>\n<\/div>\n<div class=\"left\" data-spm-anchor-id=\"a2700.details.0.i72.7bf23aa2MIs6pe\">interface de sa\u00edda: Tipo C, USB\/MICRO USB, sem fios<\/div>\n<\/div>\n<div class=\"attribute-item\">\n<div class=\"left\">fun\u00e7\u00e3o: Suporte de carregamento r\u00e1pido, ecr\u00e3 LED, carregamento sem fios, tipo magn\u00e9tico<\/div>\n<\/div>\n<div class=\"attribute-item\">\n<div class=\"left\">pot\u00eancia de sa\u00edda: 15W<\/div>\n<\/div>\n<\/div>\n<div class=\"attribute-list\">\n<div class=\"attribute-item\">\n<div class=\"left\">interface de entrada: TIPO C<\/div>\n<\/div>\n<div class=\"attribute-item\">\n<div class=\"left\">tipo de bateria: Bateria de pol\u00edmero de l\u00edtio<\/div>\n<\/div>\n<div class=\"attribute-item\">\n<div class=\"left\">local de origem: Guangdong, China<\/div>\n<\/div>\n<div class=\"attribute-item\">\n<div class=\"left\">peso: 230g<\/div>\n<\/div>\n<div class=\"attribute-item\">\n<div class=\"left\">padr\u00e3o de soquete: Universal<\/div>\n<\/div>\n<div class=\"attribute-item\">\n<div class=\"left\">prote\u00e7\u00e3o: Sobre-descarga, Prote\u00e7\u00e3o contra curto-circuito, Sobre-carga, Baixa tens\u00e3o<\/div>\n<\/div>\n<div class=\"attribute-item\">\n<div class=\"left\">material: ABS, pl\u00e1stico<\/div>\n<\/div>\n<div class=\"attribute-item\">\n<div class=\"left\">Nome do produto: Carregador magn\u00e9tico sem fios Power Bank<\/div>\n<\/div>\n<div class=\"attribute-item\">\n<div class=\"left\">Carater\u00edsticas: Carregamento r\u00e1pido Transporte f\u00e1cil<\/div>\n<\/div>\n<div class=\"attribute-item\">\n<div class=\"left\">Capacidade: 50000mah -100000 MAh<\/div>\n<\/div>\n<div class=\"attribute-item\">\n<div class=\"left\">Certifica\u00e7\u00e3o: CE\/FCC\/RoHS\/MSDS\/UN38.3<\/div>\n<\/div>\n<div class=\"attribute-item\">\n<div class=\"left\">Embalagem: Caixa de cor<\/div>\n<\/div>\n<div class=\"attribute-item\">\n<div class=\"right\">Garantia: 12 meses<\/div>\n<\/div>\n<div class=\"attribute-item\">\n<div class=\"left\">Log\u00f3tipo: Impress\u00e3o de log\u00f3tipo personalizado<\/div>\n<\/div>\n<div class=\"attribute-item\">\n<div class=\"left\">Aplica\u00e7\u00e3o: Telem\u00f3vel Etc.produto eletr\u00f3nico<\/div>\n<\/div>\n<div class=\"attribute-item\">\n<div class=\"right\"><\/div>\n<\/div>\n<\/div>\n<h3>Embalagem e entrega<\/h3>\n<div class=\"attribute-list\">\n<div class=\"attribute-item\">\n<div class=\"left\">Unidades de venda:<\/div>\n<div class=\"right\">Artigo \u00fanico<\/div>\n<\/div>\n<div class=\"attribute-item\">\n<div class=\"left\">Tamanho da embalagem individual:<\/div>\n<div class=\"right\">18X15X10 cm<\/div>\n<\/div>\n<div class=\"attribute-item\">\n<div class=\"left\">Peso bruto \u00fanico:<\/div>\n<div class=\"right\">0,500 kg<\/div>\n<\/div>\n<div><\/div>\n<\/div>\n<p><img loading=\"lazy\" decoding=\"async\" class=\"alignnone size-full wp-image-8598\" src=\"http:\/\/www.yunkuntech.com\/wp-content\/uploads\/2025\/01\/\u4e3b\u56fe_1-1.jpg\" alt=\"\" width=\"750\" height=\"750\" srcset=\"https:\/\/www.yunkuntech.com\/wp-content\/uploads\/2025\/01\/\u4e3b\u56fe_1-1.jpg 750w, https:\/\/www.yunkuntech.com\/wp-content\/uploads\/2025\/01\/\u4e3b\u56fe_1-1-430x430.jpg 430w, https:\/\/www.yunkuntech.com\/wp-content\/uploads\/2025\/01\/\u4e3b\u56fe_1-1-150x150.jpg 150w, https:\/\/www.yunkuntech.com\/wp-content\/uploads\/2025\/01\/\u4e3b\u56fe_1-1-700x700.jpg 700w, https:\/\/www.yunkuntech.com\/wp-content\/uploads\/2025\/01\/\u4e3b\u56fe_1-1-300x300.jpg 300w\" sizes=\"auto, (max-width: 750px) 100vw, 750px\" \/> <img loading=\"lazy\" decoding=\"async\" class=\"alignnone size-full wp-image-8599\" src=\"http:\/\/www.yunkuntech.com\/wp-content\/uploads\/2025\/01\/\u4e3b\u56fe_2-2.jpg\" alt=\"\" width=\"750\" height=\"748\" srcset=\"https:\/\/www.yunkuntech.com\/wp-content\/uploads\/2025\/01\/\u4e3b\u56fe_2-2.jpg 750w, https:\/\/www.yunkuntech.com\/wp-content\/uploads\/2025\/01\/\u4e3b\u56fe_2-2-430x429.jpg 430w, https:\/\/www.yunkuntech.com\/wp-content\/uploads\/2025\/01\/\u4e3b\u56fe_2-2-150x150.jpg 150w, https:\/\/www.yunkuntech.com\/wp-content\/uploads\/2025\/01\/\u4e3b\u56fe_2-2-700x698.jpg 700w, https:\/\/www.yunkuntech.com\/wp-content\/uploads\/2025\/01\/\u4e3b\u56fe_2-2-301x300.jpg 301w\" sizes=\"auto, (max-width: 750px) 100vw, 750px\" \/> <img loading=\"lazy\" decoding=\"async\" class=\"alignnone size-full wp-image-8600\" src=\"http:\/\/www.yunkuntech.com\/wp-content\/uploads\/2025\/01\/\u4e3b\u56fe_3-2.jpg\" alt=\"\" width=\"750\" height=\"750\" srcset=\"https:\/\/www.yunkuntech.com\/wp-content\/uploads\/2025\/01\/\u4e3b\u56fe_3-2.jpg 750w, https:\/\/www.yunkuntech.com\/wp-content\/uploads\/2025\/01\/\u4e3b\u56fe_3-2-430x430.jpg 430w, https:\/\/www.yunkuntech.com\/wp-content\/uploads\/2025\/01\/\u4e3b\u56fe_3-2-150x150.jpg 150w, https:\/\/www.yunkuntech.com\/wp-content\/uploads\/2025\/01\/\u4e3b\u56fe_3-2-700x700.jpg 700w, https:\/\/www.yunkuntech.com\/wp-content\/uploads\/2025\/01\/\u4e3b\u56fe_3-2-300x300.jpg 300w\" sizes=\"auto, (max-width: 750px) 100vw, 750px\" \/> <img loading=\"lazy\" decoding=\"async\" class=\"alignnone size-full wp-image-8601\" src=\"http:\/\/www.yunkuntech.com\/wp-content\/uploads\/2025\/01\/\u4e3b\u56fe_4-1.jpg\" alt=\"\" width=\"750\" height=\"750\" srcset=\"https:\/\/www.yunkuntech.com\/wp-content\/uploads\/2025\/01\/\u4e3b\u56fe_4-1.jpg 750w, https:\/\/www.yunkuntech.com\/wp-content\/uploads\/2025\/01\/\u4e3b\u56fe_4-1-430x430.jpg 430w, https:\/\/www.yunkuntech.com\/wp-content\/uploads\/2025\/01\/\u4e3b\u56fe_4-1-150x150.jpg 150w, https:\/\/www.yunkuntech.com\/wp-content\/uploads\/2025\/01\/\u4e3b\u56fe_4-1-700x700.jpg 700w, https:\/\/www.yunkuntech.com\/wp-content\/uploads\/2025\/01\/\u4e3b\u56fe_4-1-300x300.jpg 300w\" sizes=\"auto, (max-width: 750px) 100vw, 750px\" \/> <img loading=\"lazy\" decoding=\"async\" class=\"alignnone size-full wp-image-8602\" src=\"http:\/\/www.yunkuntech.com\/wp-content\/uploads\/2025\/01\/\u4e3b\u56fe_5-3.jpg\" alt=\"\" width=\"750\" height=\"750\" srcset=\"https:\/\/www.yunkuntech.com\/wp-content\/uploads\/2025\/01\/\u4e3b\u56fe_5-3.jpg 750w, https:\/\/www.yunkuntech.com\/wp-content\/uploads\/2025\/01\/\u4e3b\u56fe_5-3-430x430.jpg 430w, https:\/\/www.yunkuntech.com\/wp-content\/uploads\/2025\/01\/\u4e3b\u56fe_5-3-150x150.jpg 150w, https:\/\/www.yunkuntech.com\/wp-content\/uploads\/2025\/01\/\u4e3b\u56fe_5-3-700x700.jpg 700w, https:\/\/www.yunkuntech.com\/wp-content\/uploads\/2025\/01\/\u4e3b\u56fe_5-3-300x300.jpg 300w\" sizes=\"auto, (max-width: 750px) 100vw, 750px\" \/> <img loading=\"lazy\" decoding=\"async\" class=\"alignnone size-full wp-image-8603\" src=\"http:\/\/www.yunkuntech.com\/wp-content\/uploads\/2025\/01\/\u4e3b\u56fe_6-3.jpg\" alt=\"\" width=\"750\" height=\"750\" srcset=\"https:\/\/www.yunkuntech.com\/wp-content\/uploads\/2025\/01\/\u4e3b\u56fe_6-3.jpg 750w, https:\/\/www.yunkuntech.com\/wp-content\/uploads\/2025\/01\/\u4e3b\u56fe_6-3-430x430.jpg 430w, https:\/\/www.yunkuntech.com\/wp-content\/uploads\/2025\/01\/\u4e3b\u56fe_6-3-150x150.jpg 150w, https:\/\/www.yunkuntech.com\/wp-content\/uploads\/2025\/01\/\u4e3b\u56fe_6-3-700x700.jpg 700w, https:\/\/www.yunkuntech.com\/wp-content\/uploads\/2025\/01\/\u4e3b\u56fe_6-3-300x300.jpg 300w\" sizes=\"auto, (max-width: 750px) 100vw, 750px\" \/><\/p>","protected":false},"excerpt":{"rendered":"<p>Interface de sa\u00edda de atributos espec\u00edficos do sector: Tipo C, USB\/MICRO USB, Fun\u00e7\u00e3o sem fios: Suporte de carregamento r\u00e1pido, ecr\u00e3 LED, carregamento sem fios, sa\u00edda de tipo magn\u00e9tico<\/p>","protected":false},"featured_media":8601,"comment_status":"open","ping_status":"closed","template":"","meta":[],"product_cat":[20],"product_tag":[],"class_list":["post-8597","product","type-product","status-publish","has-post-thumbnail","hentry","product_cat-high-capacity-power-bank"],"_links":{"self":[{"href":"https:\/\/www.yunkuntech.com\/pt\/wp-json\/wp\/v2\/product\/8597","targetHints":{"allow":["GET"]}}],"collection":[{"href":"https:\/\/www.yunkuntech.com\/pt\/wp-json\/wp\/v2\/product"}],"about":[{"href":"https:\/\/www.yunkuntech.com\/pt\/wp-json\/wp\/v2\/types\/product"}],"replies":[{"embeddable":true,"href":"https:\/\/www.yunkuntech.com\/pt\/wp-json\/wp\/v2\/comments?post=8597"}],"version-history":[{"count":1,"href":"https:\/\/www.yunkuntech.com\/pt\/wp-json\/wp\/v2\/product\/8597\/revisions"}],"predecessor-version":[{"id":8604,"href":"https:\/\/www.yunkuntech.com\/pt\/wp-json\/wp\/v2\/product\/8597\/revisions\/8604"}],"wp:featuredmedia":[{"embeddable":true,"href":"https:\/\/www.yunkuntech.com\/pt\/wp-json\/wp\/v2\/media\/8601"}],"wp:attachment":[{"href":"https:\/\/www.yunkuntech.com\/pt\/wp-json\/wp\/v2\/media?parent=8597"}],"wp:term":[{"taxonomy":"product_cat","embeddable":true,"href":"https:\/\/www.yunkuntech.com\/pt\/wp-json\/wp\/v2\/product_cat?post=8597"},{"taxonomy":"product_tag","embeddable":true,"href":"https:\/\/www.yunkuntech.com\/pt\/wp-json\/wp\/v2\/product_tag?post=8597"}],"curies":[{"name":"wp","href":"https:\/\/api.w.org\/{rel}","templated":true}]}}