{"id":8543,"date":"2025-01-16T16:14:26","date_gmt":"2025-01-16T08:14:26","guid":{"rendered":"http:\/\/www.yunkuntech.com\/?post_type=product&#038;p=8543"},"modified":"2025-02-14T19:26:23","modified_gmt":"2025-02-14T11:26:23","slug":"high-quality-20000mah-100w-super-fast-charging-powerbank-for-laptop-phone","status":"publish","type":"product","link":"https:\/\/www.yunkuntech.com\/pt\/product\/high-quality-20000mah-100w-super-fast-charging-powerbank-for-laptop-phone\/","title":{"rendered":"Banco de pot\u00eancia de carregamento super r\u00e1pido de 20000mah 100W de alta qualidade para computador port\u00e1til, telem\u00f3vel"},"content":{"rendered":"<h2 class=\"att-title\" data-spm-anchor-id=\"a2700.details.0.i89.58401579kGa3nG\">Principais atributos<\/h2>\n<p><strong>interface de sa\u00edda :<\/strong> Tipo C, USB simples<\/p>\n<p><strong>fun\u00e7\u00e3o:<\/strong> Suporte de carregamento r\u00e1pido, ecr\u00e3 LED<\/p>\n<p><strong>tipo:<\/strong> Ultra fino, carregamento r\u00e1pido, alta capacidade, port\u00e1til, esta\u00e7\u00e3o de alimenta\u00e7\u00e3o, ecr\u00e3 LED, para exterior<\/p>\n<p><strong>pot\u00eancia de sa\u00edda:<\/strong> 20W, 22,5W<\/p>\n<p><strong>interface de entrada:<\/strong> TIPO C<\/p>\n<p><strong>Peso l\u00edquido:<\/strong> 480g (580g de peso bruto)<\/p>\n<p><strong>padr\u00e3o de tomada:<\/strong> Universal<\/p>\n<p><strong>prote\u00e7\u00e3o:<\/strong> Sobrecarga, Prote\u00e7\u00e3o contra curto-circuito, Sobrecarga, Baixa tens\u00e3o<\/p>\n<p><strong>Capacidade da bateria:<\/strong> 20000mah<\/p>\n<p><strong>Cores:<\/strong> Cinzento Preto Azul<\/p>\n<p><strong>Garantia:<\/strong> 12 meses<\/p>\n<p><strong>Certifica\u00e7\u00e3o:<\/strong> CE MSDS UN38.3<\/p>\n<p><strong>Tamanho da embalagem individual:<\/strong> 17X7X4,5 cm<\/p>\n<p><img loading=\"lazy\" decoding=\"async\" class=\"alignnone size-full wp-image-8559\" src=\"http:\/\/www.yunkuntech.com\/wp-content\/uploads\/2025\/01\/\u8be6\u60c5\u56fe_14.jpg\" alt=\"\" width=\"790\" height=\"1020\" srcset=\"https:\/\/www.yunkuntech.com\/wp-content\/uploads\/2025\/01\/\u8be6\u60c5\u56fe_14.jpg 790w, https:\/\/www.yunkuntech.com\/wp-content\/uploads\/2025\/01\/\u8be6\u60c5\u56fe_14-430x555.jpg 430w, https:\/\/www.yunkuntech.com\/wp-content\/uploads\/2025\/01\/\u8be6\u60c5\u56fe_14-150x194.jpg 150w, https:\/\/www.yunkuntech.com\/wp-content\/uploads\/2025\/01\/\u8be6\u60c5\u56fe_14-700x904.jpg 700w, https:\/\/www.yunkuntech.com\/wp-content\/uploads\/2025\/01\/\u8be6\u60c5\u56fe_14-232x300.jpg 232w, https:\/\/www.yunkuntech.com\/wp-content\/uploads\/2025\/01\/\u8be6\u60c5\u56fe_14-620x800.jpg 620w, https:\/\/www.yunkuntech.com\/wp-content\/uploads\/2025\/01\/\u8be6\u60c5\u56fe_14-768x992.jpg 768w\" sizes=\"auto, (max-width: 790px) 100vw, 790px\" \/> \u00a0 <img loading=\"lazy\" decoding=\"async\" class=\"alignnone size-full wp-image-8547\" src=\"http:\/\/www.yunkuntech.com\/wp-content\/uploads\/2025\/01\/SKU_3.png\" alt=\"\" width=\"800\" height=\"800\" srcset=\"https:\/\/www.yunkuntech.com\/wp-content\/uploads\/2025\/01\/SKU_3.png 800w, https:\/\/www.yunkuntech.com\/wp-content\/uploads\/2025\/01\/SKU_3-430x430.png 430w, https:\/\/www.yunkuntech.com\/wp-content\/uploads\/2025\/01\/SKU_3-150x150.png 150w, https:\/\/www.yunkuntech.com\/wp-content\/uploads\/2025\/01\/SKU_3-700x700.png 700w, https:\/\/www.yunkuntech.com\/wp-content\/uploads\/2025\/01\/SKU_3-300x300.png 300w, https:\/\/www.yunkuntech.com\/wp-content\/uploads\/2025\/01\/SKU_3-768x768.png 768w\" sizes=\"auto, (max-width: 800px) 100vw, 800px\" \/> <img loading=\"lazy\" decoding=\"async\" class=\"alignnone size-full wp-image-8546\" src=\"http:\/\/www.yunkuntech.com\/wp-content\/uploads\/2025\/01\/SKU_2.png\" alt=\"\" width=\"800\" height=\"800\" srcset=\"https:\/\/www.yunkuntech.com\/wp-content\/uploads\/2025\/01\/SKU_2.png 800w, https:\/\/www.yunkuntech.com\/wp-content\/uploads\/2025\/01\/SKU_2-430x430.png 430w, https:\/\/www.yunkuntech.com\/wp-content\/uploads\/2025\/01\/SKU_2-150x150.png 150w, https:\/\/www.yunkuntech.com\/wp-content\/uploads\/2025\/01\/SKU_2-700x700.png 700w, https:\/\/www.yunkuntech.com\/wp-content\/uploads\/2025\/01\/SKU_2-300x300.png 300w, https:\/\/www.yunkuntech.com\/wp-content\/uploads\/2025\/01\/SKU_2-768x768.png 768w\" sizes=\"auto, (max-width: 800px) 100vw, 800px\" \/> <img loading=\"lazy\" decoding=\"async\" class=\"alignnone size-full wp-image-8545\" src=\"http:\/\/www.yunkuntech.com\/wp-content\/uploads\/2025\/01\/SKU_1.png\" alt=\"\" width=\"800\" height=\"800\" srcset=\"https:\/\/www.yunkuntech.com\/wp-content\/uploads\/2025\/01\/SKU_1.png 800w, https:\/\/www.yunkuntech.com\/wp-content\/uploads\/2025\/01\/SKU_1-430x430.png 430w, https:\/\/www.yunkuntech.com\/wp-content\/uploads\/2025\/01\/SKU_1-150x150.png 150w, https:\/\/www.yunkuntech.com\/wp-content\/uploads\/2025\/01\/SKU_1-700x700.png 700w, https:\/\/www.yunkuntech.com\/wp-content\/uploads\/2025\/01\/SKU_1-300x300.png 300w, https:\/\/www.yunkuntech.com\/wp-content\/uploads\/2025\/01\/SKU_1-768x768.png 768w\" sizes=\"auto, (max-width: 800px) 100vw, 800px\" \/><\/p>\n<p>&nbsp;<\/p>","protected":false},"excerpt":{"rendered":"<p>Principais atributos Interface de sa\u00edda: Tipo C, Fun\u00e7\u00e3o USB \u00fanica: Suporte de carregamento r\u00e1pido, tipo de ecr\u00e3 LED: Ultra fino, Carregamento r\u00e1pido,<\/p>","protected":false},"featured_media":8557,"comment_status":"open","ping_status":"closed","template":"","meta":[],"product_cat":[20,72],"product_tag":[],"class_list":["post-8543","product","type-product","status-publish","has-post-thumbnail","hentry","product_cat-high-capacity-power-bank","product_cat-power-bank-for-laptopnotebook-and-phones"],"_links":{"self":[{"href":"https:\/\/www.yunkuntech.com\/pt\/wp-json\/wp\/v2\/product\/8543","targetHints":{"allow":["GET"]}}],"collection":[{"href":"https:\/\/www.yunkuntech.com\/pt\/wp-json\/wp\/v2\/product"}],"about":[{"href":"https:\/\/www.yunkuntech.com\/pt\/wp-json\/wp\/v2\/types\/product"}],"replies":[{"embeddable":true,"href":"https:\/\/www.yunkuntech.com\/pt\/wp-json\/wp\/v2\/comments?post=8543"}],"version-history":[{"count":4,"href":"https:\/\/www.yunkuntech.com\/pt\/wp-json\/wp\/v2\/product\/8543\/revisions"}],"predecessor-version":[{"id":8563,"href":"https:\/\/www.yunkuntech.com\/pt\/wp-json\/wp\/v2\/product\/8543\/revisions\/8563"}],"wp:featuredmedia":[{"embeddable":true,"href":"https:\/\/www.yunkuntech.com\/pt\/wp-json\/wp\/v2\/media\/8557"}],"wp:attachment":[{"href":"https:\/\/www.yunkuntech.com\/pt\/wp-json\/wp\/v2\/media?parent=8543"}],"wp:term":[{"taxonomy":"product_cat","embeddable":true,"href":"https:\/\/www.yunkuntech.com\/pt\/wp-json\/wp\/v2\/product_cat?post=8543"},{"taxonomy":"product_tag","embeddable":true,"href":"https:\/\/www.yunkuntech.com\/pt\/wp-json\/wp\/v2\/product_tag?post=8543"}],"curies":[{"name":"wp","href":"https:\/\/api.w.org\/{rel}","templated":true}]}}