{"id":3,"date":"2023-02-11T18:55:09","date_gmt":"2023-02-11T10:55:09","guid":{"rendered":"http:\/\/www.yunkuntech.com\/?page_id=3"},"modified":"2025-03-12T15:44:52","modified_gmt":"2025-03-12T07:44:52","slug":"privacy-policy","status":"publish","type":"page","link":"https:\/\/www.yunkuntech.com\/pt\/privacy-policy\/","title":{"rendered":"Pol\u00edtica de privacidade"},"content":{"rendered":"<p>Esta pol\u00edtica de privacidade descreve a forma como tratamos as suas informa\u00e7\u00f5es pessoais. Ao utilizar https:\/\/www.yunkuntech.com<strong><b>\u00a0<\/b><\/strong>(o \"S\u00edtio\"), o utilizador autoriza o armazenamento, o processamento, a transfer\u00eancia e a divulga\u00e7\u00e3o das suas informa\u00e7\u00f5es pessoais, tal como descrito na presente pol\u00edtica de privacidade.<\/p>\n<p>&nbsp;<\/p>\n<p>Cole\u00e7\u00e3o<\/p>\n<p>O utilizador pode navegar neste s\u00edtio sem fornecer quaisquer informa\u00e7\u00f5es pessoais sobre si. No entanto, para receber notifica\u00e7\u00f5es, actualiza\u00e7\u00f5es ou solicitar informa\u00e7\u00f5es adicionais sobre <a href=\"\/pt\/%20https:\/\/www.neosight-gscs.com\/\"><u>\u00a0<\/u><\/a>\u00a0https:\/\/www.yunkuntech.com\/ ou este S\u00edtio, podemos recolher as seguintes informa\u00e7\u00f5es:<\/p>\n<p>nome, informa\u00e7\u00f5es de contacto, endere\u00e7o de correio eletr\u00f3nico, empresa e ID de utilizador; correspond\u00eancia enviada para ou da nossa parte; quaisquer informa\u00e7\u00f5es adicionais que decida fornecer; e outras informa\u00e7\u00f5es provenientes da sua intera\u00e7\u00e3o com o nosso S\u00edtio, servi\u00e7os, conte\u00fados e publicidade, incluindo informa\u00e7\u00f5es sobre o computador e a liga\u00e7\u00e3o, estat\u00edsticas sobre visualiza\u00e7\u00f5es de p\u00e1ginas, tr\u00e1fego de e para o S\u00edtio, dados de an\u00fancios, endere\u00e7o IP e informa\u00e7\u00f5es padr\u00e3o de registo na Web.<\/p>\n<p>Se o utilizador optar por nos fornecer informa\u00e7\u00f5es pessoais, autoriza a transfer\u00eancia e o armazenamento dessas informa\u00e7\u00f5es nos nossos servidores localizados nos Estados Unidos.<\/p>\n<p>&nbsp;<\/p>\n<p>Utiliza\u00e7\u00e3o<\/p>\n<p>Utilizamos as suas informa\u00e7\u00f5es pessoais para lhe fornecer os servi\u00e7os que solicita, comunicar consigo, resolver problemas, personalizar a sua experi\u00eancia, inform\u00e1-lo sobre os nossos servi\u00e7os e actualiza\u00e7\u00f5es do Site e medir o interesse nos nossos sites e servi\u00e7os.<\/p>\n<p>&nbsp;<\/p>\n<p>Divulga\u00e7\u00e3o<\/p>\n<p>N\u00e3o vendemos nem alugamos as suas informa\u00e7\u00f5es pessoais a terceiros para fins de marketing sem o seu consentimento expl\u00edcito. Podemos divulgar informa\u00e7\u00f5es pessoais para responder a requisitos legais, fazer cumprir as nossas pol\u00edticas, responder a reclama\u00e7\u00f5es de que uma publica\u00e7\u00e3o ou outro conte\u00fado viola os direitos de terceiros ou proteger os direitos, a propriedade ou a seguran\u00e7a de algu\u00e9m. Essas informa\u00e7\u00f5es ser\u00e3o divulgadas de acordo com as leis e regulamentos aplic\u00e1veis. Tamb\u00e9m podemos partilhar informa\u00e7\u00f5es pessoais com prestadores de servi\u00e7os que nos ajudam nas nossas opera\u00e7\u00f5es comerciais e com membros da nossa fam\u00edlia empresarial, que podem fornecer conte\u00fados e servi\u00e7os conjuntos e ajudar a detetar e prevenir actos potencialmente ilegais. Se planearmos fundir-nos ou sermos adquiridos por outra entidade comercial, poderemos partilhar informa\u00e7\u00f5es pessoais com a outra empresa e exigiremos que a nova entidade combinada siga esta pol\u00edtica de privacidade no que diz respeito \u00e0s suas informa\u00e7\u00f5es pessoais.<\/p>\n<p>&nbsp;<\/p>\n<p><strong><b>Acesso<\/b><\/strong><\/p>\n<p>O utilizador pode aceder ou atualizar as informa\u00e7\u00f5es pessoais que nos forneceu em qualquer altura, contactando-nos atrav\u00e9s do endere\u00e7o at:sonia@yunkuntech.com\u00a0<\/p>\n<p>Tratamos as informa\u00e7\u00f5es como um ativo que deve ser protegido e utilizamos muitas ferramentas para proteger as suas informa\u00e7\u00f5es pessoais contra o acesso e a divulga\u00e7\u00e3o n\u00e3o autorizados. No entanto, como provavelmente sabe, terceiros podem intercetar ou aceder ilegalmente a transmiss\u00f5es ou comunica\u00e7\u00f5es privadas. Por conseguinte, embora trabalhemos arduamente para proteger a sua privacidade, n\u00e3o prometemos, e o utilizador n\u00e3o deve esperar que as suas informa\u00e7\u00f5es pessoais ou comunica\u00e7\u00f5es privadas permane\u00e7am sempre privadas.<\/p>\n<p>&nbsp;<\/p>\n<p>Geral<\/p>\n<p>Podemos atualizar esta pol\u00edtica em qualquer altura, publicando os termos alterados neste s\u00edtio. Todos os termos alterados entram automaticamente em vigor 30 dias ap\u00f3s a sua publica\u00e7\u00e3o inicial no s\u00edtio. Para quest\u00f5es sobre esta pol\u00edtica, envie-nos uma mensagem de correio eletr\u00f3nico.<\/p>","protected":false},"excerpt":{"rendered":"<p>Esta pol\u00edtica de privacidade descreve a forma como tratamos as suas informa\u00e7\u00f5es pessoais. Ao utilizar https:\/\/www.yunkuntech.com (o \"S\u00edtio\"), o utilizador autoriza o armazenamento, o processamento,<\/p>","protected":false},"author":1,"featured_media":0,"parent":0,"menu_order":0,"comment_status":"closed","ping_status":"closed","template":"","meta":{"footnotes":""},"class_list":["post-3","page","type-page","status-publish","hentry"],"_links":{"self":[{"href":"https:\/\/www.yunkuntech.com\/pt\/wp-json\/wp\/v2\/pages\/3","targetHints":{"allow":["GET"]}}],"collection":[{"href":"https:\/\/www.yunkuntech.com\/pt\/wp-json\/wp\/v2\/pages"}],"about":[{"href":"https:\/\/www.yunkuntech.com\/pt\/wp-json\/wp\/v2\/types\/page"}],"author":[{"embeddable":true,"href":"https:\/\/www.yunkuntech.com\/pt\/wp-json\/wp\/v2\/users\/1"}],"replies":[{"embeddable":true,"href":"https:\/\/www.yunkuntech.com\/pt\/wp-json\/wp\/v2\/comments?post=3"}],"version-history":[{"count":2,"href":"https:\/\/www.yunkuntech.com\/pt\/wp-json\/wp\/v2\/pages\/3\/revisions"}],"predecessor-version":[{"id":8955,"href":"https:\/\/www.yunkuntech.com\/pt\/wp-json\/wp\/v2\/pages\/3\/revisions\/8955"}],"wp:attachment":[{"href":"https:\/\/www.yunkuntech.com\/pt\/wp-json\/wp\/v2\/media?parent=3"}],"curies":[{"name":"wp","href":"https:\/\/api.w.org\/{rel}","templated":true}]}}