{"id":9155,"date":"2025-06-02T19:24:53","date_gmt":"2025-06-02T11:24:53","guid":{"rendered":"https:\/\/www.yunkuntech.com\/?post_type=product&#038;p=9155"},"modified":"2025-06-02T19:24:53","modified_gmt":"2025-06-02T11:24:53","slug":"factory-supplied-bladeless-air-conditioner-mini-neck-fan-portable-leafless-hanging-neck-fan","status":"publish","type":"product","link":"https:\/\/www.yunkuntech.com\/fr\/product\/factory-supplied-bladeless-air-conditioner-mini-neck-fan-portable-leafless-hanging-neck-fan\/","title":{"rendered":"Mini ventilateur de cou portable sans pales pour climatiseur de la soci\u00e9t\u00e9 Factory Supplied Bladeless Air Conditioner"},"content":{"rendered":"<h1 title=\"Mini ventilateur de cou portable sans pales pour climatiseur de la soci\u00e9t\u00e9 Factory Supplied Bladeless Air Conditioner\" data-spm-anchor-id=\"a2700.details.0.i82.37351396X4AtJr\">Mini ventilateur de cou portable sans pales pour climatiseur de la soci\u00e9t\u00e9 Factory Supplied Bladeless Air Conditioner<\/h1>\n<h2 id=\"key-attributes\" class=\"id-text-xl id-font-bold\" data-spm-anchor-id=\"a2700.details.0.i83.37351396X4AtJr\">Caract\u00e9ristiques principales<\/h2>\n<div class=\"\">\n<div class=\"\">\n<div class=\"id-grid id-grid-cols-2 id-border-[0.5px] id-border-[#ddd] id-mt-3\">\n<div class=\"id-grid id-max-h-[68px] id-overflow-hidden id-grid-cols-[2fr_3fr] id-border-b-[0.5px] id-border-[#ddd]\">\n<div class=\"id-text-sm id-p-4 id-bg-[#f8f8f8] id-flex id-items-center\" title=\"garantie\">\n<div class=\"id-line-clamp-2 id-leading-[18px]\">Garantie\uff1a1 an<\/div>\n<\/div>\n<\/div>\n<div class=\"id-grid id-max-h-[68px] id-overflow-hidden id-grid-cols-[2fr_3fr] id-border-b-[0.5px] id-border-[#ddd]\">\n<div class=\"id-text-sm id-p-4 id-bg-[#f8f8f8] id-flex id-items-center\" title=\"le service apr\u00e8s-vente est assur\u00e9\">\n<div class=\"id-line-clamp-2 id-leading-[18px]\">le service apr\u00e8s-vente est assur\u00e9<\/div>\n<\/div>\n<div class=\"id-text-sm id-font-medium id-p-4 id-flex id-items-center id-flex-wrap\" title=\"Pi\u00e8ces de rechange gratuites, service de maintenance et de r\u00e9paration sur le terrain, installation, retour et remplacement sur site, centres d&#039;appel outre-mer.\">\n<div class=\"id-line-clamp-2 id-leading-[18px]\">Pi\u00e8ces de rechange gratuites, service de maintenance et de r\u00e9paration sur le terrain, installation, retour et remplacement sur site.<\/div>\n<\/div>\n<\/div>\n<div class=\"id-grid id-max-h-[68px] id-overflow-hidden id-grid-cols-[2fr_3fr] id-border-b-[0.5px] id-border-[#ddd]\">\n<div class=\"id-text-sm id-p-4 id-bg-[#f8f8f8] id-flex id-items-center\" title=\"mat\u00e9riel\">\n<div class=\"id-line-clamp-2 id-leading-[18px]\">mat\u00e9riau : Plastique<\/div>\n<\/div>\n<\/div>\n<div class=\"id-grid id-max-h-[68px] id-overflow-hidden id-grid-cols-[2fr_3fr] id-border-b-[0.5px] id-border-[#ddd]\">\n<div class=\"id-text-sm id-p-4 id-bg-[#f8f8f8] id-flex id-items-center\" title=\"type\">\n<div class=\"id-line-clamp-2 id-leading-[18px]\">type : Ventilateur de cou portable<\/div>\n<\/div>\n<\/div>\n<div class=\"id-grid id-max-h-[68px] id-overflow-hidden id-grid-cols-[2fr_3fr] id-border-b-[0.5px] id-border-[#ddd]\">\n<div class=\"id-text-sm id-p-4 id-bg-[#f8f8f8] id-flex id-items-center\" title=\"capacit\u00e9 de la batterie (mah)\">\n<div class=\"id-line-clamp-2 id-leading-[18px]\">capacit\u00e9 de la batterie (mah) : 6000<\/div>\n<\/div>\n<\/div>\n<div class=\"id-grid id-max-h-[68px] id-overflow-hidden id-grid-cols-[2fr_3fr] id-border-b-[0.5px] id-border-[#ddd]\">\n<div class=\"id-text-sm id-p-4 id-bg-[#f8f8f8] id-flex id-items-center\" title=\"tension (v)\">\n<div class=\"id-line-clamp-2 id-leading-[18px]\">tension (v) : DC5V\/2A<\/div>\n<\/div>\n<\/div>\n<div class=\"id-grid id-max-h-[68px] id-overflow-hidden id-grid-cols-[2fr_3fr] id-border-b-[0.5px] id-border-[#ddd]\">\n<div class=\"id-text-sm id-p-4 id-bg-[#f8f8f8] id-flex id-items-center\" title=\"puissance (w)\">\n<div class=\"id-line-clamp-2 id-leading-[18px]\">puissance (w) : 12 W<\/div>\n<\/div>\n<\/div>\n<div class=\"id-grid id-max-h-[68px] id-overflow-hidden id-grid-cols-[2fr_3fr] id-border-b-[0.5px] id-border-[#ddd]\">\n<div class=\"id-text-sm id-p-4 id-bg-[#f8f8f8] id-flex id-items-center\" title=\"lieu d&#039;origine\">\n<div class=\"id-line-clamp-2 id-leading-[18px]\">lieu d'origine : Guangdong, Chine<\/div>\n<\/div>\n<\/div>\n<div class=\"id-grid id-max-h-[68px] id-overflow-hidden id-grid-cols-[2fr_3fr] id-border-b-[0.5px] id-border-[#ddd]\">\n<div class=\"id-text-sm id-p-4 id-bg-[#f8f8f8] id-flex id-items-center\" title=\"application\">\n<div class=\"id-line-clamp-2 id-leading-[18px]\">Application : H\u00f4tel, voiture, ext\u00e9rieur, garage, camping-car, commerce, m\u00e9nage : source d'\u00e9nergie<\/div>\n<\/div>\n<\/div>\n<div class=\"id-grid id-max-h-[68px] id-overflow-hidden id-grid-cols-[2fr_3fr] id-border-b-[0.5px] id-border-[#ddd]\">\n<div class=\"id-text-sm id-font-medium id-p-4 id-flex id-items-center id-flex-wrap\" title=\"Batterie, usb\">\n<div class=\"id-line-clamp-2 id-leading-[18px]\">Batterie, usb<\/div>\n<\/div>\n<\/div>\n<div class=\"id-grid id-max-h-[68px] id-overflow-hidden id-grid-cols-[2fr_3fr] id-border-b-[0.5px] id-border-[#ddd]\">\n<div class=\"id-text-sm id-p-4 id-bg-[#f8f8f8] id-flex id-items-center\" title=\"fonction vedette\">\n<div class=\"id-line-clamp-2 id-leading-[18px]\">fonction vedette : Pr\u00e8s de la peau gr\u00e2ce \u00e0 une conception \u00e0 ressort<\/div>\n<\/div>\n<\/div>\n<div class=\"id-grid id-max-h-[68px] id-overflow-hidden id-grid-cols-[2fr_3fr] id-border-b-[0.5px] id-border-[#ddd]\">\n<div class=\"id-text-sm id-p-4 id-bg-[#f8f8f8] id-flex id-items-center\" title=\"dimensions (l x l x h (pouces))\">\n<div class=\"id-line-clamp-2 id-leading-[18px]\">dimensions (l x l x h (pouces) : 182*167*53 mm<\/div>\n<\/div>\n<\/div>\n<div class=\"id-grid id-max-h-[68px] id-overflow-hidden id-grid-cols-[2fr_3fr] id-border-b-[0.5px] id-border-[#ddd]\">\n<div class=\"id-text-sm id-p-4 id-bg-[#f8f8f8] id-flex id-items-center\" title=\"poids de l&#039;article\">\n<div class=\"id-line-clamp-2 id-leading-[18px]\">poids de l'article : 0,24<\/div>\n<\/div>\n<\/div>\n<div class=\"id-grid id-max-h-[68px] id-overflow-hidden id-grid-cols-[2fr_3fr] id-border-b-[0.5px] id-border-[#ddd]\">\n<div class=\"id-text-sm id-p-4 id-bg-[#f8f8f8] id-flex id-items-center\" title=\"vitesse du vent\">\n<div class=\"id-line-clamp-2 id-leading-[18px]\">la vitesse du vent : Quatre<\/div>\n<\/div>\n<\/div>\n<div class=\"id-grid id-max-h-[68px] id-overflow-hidden id-grid-cols-[2fr_3fr] id-border-b-[0.5px] id-border-[#ddd]\">\n<div class=\"id-text-sm id-p-4 id-bg-[#f8f8f8] id-flex id-items-center\" title=\"langue de travail\">\n<div class=\"id-line-clamp-2 id-leading-[18px]\">langue de fonctionnement : Anglais<\/div>\n<\/div>\n<\/div>\n<div class=\"id-grid id-max-h-[68px] id-overflow-hidden id-grid-cols-[2fr_3fr] id-border-b-[0.5px] id-border-[#ddd]\">\n<div class=\"id-text-sm id-p-4 id-bg-[#f8f8f8] id-flex id-items-center\" title=\"logo\/motif\">\n<div class=\"id-line-clamp-2 id-leading-[18px]\">logo\/motif : S\u00e9rigraphie<\/div>\n<\/div>\n<\/div>\n<div class=\"id-grid id-max-h-[68px] id-overflow-hidden id-grid-cols-[2fr_3fr] id-border-b-[0.5px] id-border-[#ddd]\">\n<div class=\"id-text-sm id-p-4 id-bg-[#f8f8f8] id-flex id-items-center\" title=\"Nom du produit\">\n<div class=\"id-line-clamp-2 id-leading-[18px]\">Nom du produit : Ventilateur de refroidissement et de chauffage 2 en 1 pour la nuque<\/div>\n<\/div>\n<\/div>\n<div class=\"id-grid id-max-h-[68px] id-overflow-hidden id-grid-cols-[2fr_3fr] id-border-b-[0.5px] id-border-[#ddd]\">\n<div class=\"id-text-sm id-p-4 id-bg-[#f8f8f8] id-flex id-items-center\" title=\"Taille du produit\">\n<div class=\"id-line-clamp-2 id-leading-[18px]\">Taille du produit : 182*167*53 mm<\/div>\n<\/div>\n<\/div>\n<div class=\"id-grid id-max-h-[68px] id-overflow-hidden id-grid-cols-[2fr_3fr] id-border-b-[0.5px] id-border-[#ddd]\">\n<div class=\"id-text-sm id-p-4 id-bg-[#f8f8f8] id-flex id-items-center\" title=\"Poids net du produit\">\n<div class=\"id-line-clamp-2 id-leading-[18px]\">Poids net du produit : 0,47 kg<\/div>\n<\/div>\n<\/div>\n<div class=\"id-grid id-max-h-[68px] id-overflow-hidden id-grid-cols-[2fr_3fr] id-border-b-[0.5px] id-border-[#ddd]\">\n<div class=\"id-text-sm id-p-4 id-bg-[#f8f8f8] id-flex id-items-center\" title=\"Puissance maximale\">\n<div class=\"id-line-clamp-2 id-leading-[18px]\">Puissance maximale : 12 W<\/div>\n<\/div>\n<\/div>\n<div class=\"id-grid id-max-h-[68px] id-overflow-hidden id-grid-cols-[2fr_3fr] id-border-b-[0.5px] id-border-[#ddd]\">\n<div class=\"id-text-sm id-p-4 id-bg-[#f8f8f8] id-flex id-items-center\" title=\"Tension de fonctionnement\">\n<div class=\"id-line-clamp-2 id-leading-[18px]\">Tension de fonctionnement : 5V\/2A<\/div>\n<\/div>\n<\/div>\n<div class=\"id-grid id-max-h-[68px] id-overflow-hidden id-grid-cols-[2fr_3fr] id-border-b-[0.5px] id-border-[#ddd]\">\n<div class=\"id-text-sm id-p-4 id-bg-[#f8f8f8] id-flex id-items-center\" title=\"Capacit\u00e9 de la batterie\">\n<div class=\"id-line-clamp-2 id-leading-[18px]\">Capacit\u00e9 de la batterie : 6000mAh<\/div>\n<\/div>\n<\/div>\n<div class=\"id-grid id-max-h-[68px] id-overflow-hidden id-grid-cols-[2fr_3fr] id-border-b-[0.5px] id-border-[#ddd]\">\n<div class=\"id-text-sm id-p-4 id-bg-[#f8f8f8] id-flex id-items-center\" title=\"Mode ventilateur\">\n<div class=\"id-line-clamp-2 id-leading-[18px]\">Mode ventilateur : 4 niveaux<\/div>\n<\/div>\n<\/div>\n<div class=\"id-grid id-max-h-[68px] id-overflow-hidden id-grid-cols-[2fr_3fr] id-border-b-[0.5px] id-border-[#ddd]\">\n<div class=\"id-text-sm id-p-4 id-bg-[#f8f8f8] id-flex id-items-center\" title=\"Temps de charge\">\n<div class=\"id-line-clamp-2 id-leading-[18px]\">Temps de charge : 2,5 heures avec la charge rapide PD et 4 heures avec la charge normale<\/div>\n<\/div>\n<\/div>\n<div class=\"id-grid id-max-h-[68px] id-overflow-hidden id-grid-cols-[2fr_3fr]\">\n<div class=\"id-text-sm id-p-4 id-bg-[#f8f8f8] id-flex id-items-center\" title=\"Temps de travail\">\n<div class=\"id-line-clamp-2 id-leading-[18px]\">Temps de travail : Environ 2 heures<\/div>\n<\/div>\n<\/div>\n<div class=\"id-grid id-max-h-[68px] id-overflow-hidden id-grid-cols-[2fr_3fr]\">\n<div class=\"id-text-sm id-p-4 id-bg-[#f8f8f8] id-flex id-items-center\" title=\"Type de charge\">\n<div class=\"id-line-clamp-2 id-leading-[18px]\">Type de charge : Type-C<\/div>\n<\/div>\n<\/div>\n<\/div>\n<\/div>\n<div class=\"\">\n<h3 class=\"id-text-base id-font-bold id-mt-5\">Emballage et livraison<\/h3>\n<div class=\"id-grid id-grid-cols-2 id-border-[0.5px] id-border-[#ddd] id-mt-3\">\n<div class=\"id-grid id-max-h-[68px] id-overflow-hidden id-grid-cols-[2fr_3fr] id-border-b-[0.5px] id-border-[#ddd]\">\n<div class=\"id-text-sm id-p-4 id-bg-[#f8f8f8] id-flex id-items-center\" title=\"Unit\u00e9s de vente\">\n<div class=\"id-line-clamp-2 id-leading-[18px]\">Unit\u00e9s de vente : Article unique<\/div>\n<\/div>\n<\/div>\n<div class=\"id-grid id-max-h-[68px] id-overflow-hidden id-grid-cols-[2fr_3fr] id-border-b-[0.5px] id-border-[#ddd]\">\n<div class=\"id-text-sm id-p-4 id-bg-[#f8f8f8] id-flex id-items-center\" title=\"Taille de l&#039;emballage unique\">\n<div class=\"id-line-clamp-2 id-leading-[18px]\">Taille de l'emballage unique : 22X22X10 cm<\/div>\n<\/div>\n<\/div>\n<div class=\"id-grid id-max-h-[68px] id-overflow-hidden id-grid-cols-[2fr_3fr]\">\n<div class=\"id-text-sm id-p-4 id-bg-[#f8f8f8] id-flex id-items-center\" title=\"Poids brut unique\">\n<div class=\"id-line-clamp-2 id-leading-[18px]\">Poids brut simple : 1.000 KG<\/div>\n<\/div>\n<\/div>\n<\/div>\n<\/div>\n<\/div>\n<h1 title=\"Mini ventilateur de cou portable sans pales pour climatiseur de la soci\u00e9t\u00e9 Factory Supplied Bladeless Air Conditioner\" data-spm-anchor-id=\"a2700.details.0.i82.37351396X4AtJr\"><img loading=\"lazy\" decoding=\"async\" class=\"alignnone size-full wp-image-9156\" src=\"https:\/\/www.yunkuntech.com\/wp-content\/uploads\/2025\/06\/\u8be6\u60c5\u56fe_1.jpg\" alt=\"\" width=\"790\" height=\"1211\" srcset=\"https:\/\/www.yunkuntech.com\/wp-content\/uploads\/2025\/06\/\u8be6\u60c5\u56fe_1.jpg 790w, https:\/\/www.yunkuntech.com\/wp-content\/uploads\/2025\/06\/\u8be6\u60c5\u56fe_1-196x300.jpg 196w, https:\/\/www.yunkuntech.com\/wp-content\/uploads\/2025\/06\/\u8be6\u60c5\u56fe_1-522x800.jpg 522w, https:\/\/www.yunkuntech.com\/wp-content\/uploads\/2025\/06\/\u8be6\u60c5\u56fe_1-768x1177.jpg 768w, https:\/\/www.yunkuntech.com\/wp-content\/uploads\/2025\/06\/\u8be6\u60c5\u56fe_1-8x12.jpg 8w, https:\/\/www.yunkuntech.com\/wp-content\/uploads\/2025\/06\/\u8be6\u60c5\u56fe_1-430x659.jpg 430w, https:\/\/www.yunkuntech.com\/wp-content\/uploads\/2025\/06\/\u8be6\u60c5\u56fe_1-700x1073.jpg 700w, https:\/\/www.yunkuntech.com\/wp-content\/uploads\/2025\/06\/\u8be6\u60c5\u56fe_1-150x230.jpg 150w\" sizes=\"auto, (max-width: 790px) 100vw, 790px\" \/> <img loading=\"lazy\" decoding=\"async\" class=\"alignnone size-full wp-image-9157\" src=\"https:\/\/www.yunkuntech.com\/wp-content\/uploads\/2025\/06\/\u8be6\u60c5\u56fe_2.jpg\" alt=\"\" width=\"790\" height=\"1389\" srcset=\"https:\/\/www.yunkuntech.com\/wp-content\/uploads\/2025\/06\/\u8be6\u60c5\u56fe_2.jpg 790w, https:\/\/www.yunkuntech.com\/wp-content\/uploads\/2025\/06\/\u8be6\u60c5\u56fe_2-171x300.jpg 171w, https:\/\/www.yunkuntech.com\/wp-content\/uploads\/2025\/06\/\u8be6\u60c5\u56fe_2-455x800.jpg 455w, https:\/\/www.yunkuntech.com\/wp-content\/uploads\/2025\/06\/\u8be6\u60c5\u56fe_2-768x1350.jpg 768w, https:\/\/www.yunkuntech.com\/wp-content\/uploads\/2025\/06\/\u8be6\u60c5\u56fe_2-7x12.jpg 7w, https:\/\/www.yunkuntech.com\/wp-content\/uploads\/2025\/06\/\u8be6\u60c5\u56fe_2-430x756.jpg 430w, https:\/\/www.yunkuntech.com\/wp-content\/uploads\/2025\/06\/\u8be6\u60c5\u56fe_2-700x1231.jpg 700w, https:\/\/www.yunkuntech.com\/wp-content\/uploads\/2025\/06\/\u8be6\u60c5\u56fe_2-150x264.jpg 150w\" sizes=\"auto, (max-width: 790px) 100vw, 790px\" \/> <img loading=\"lazy\" decoding=\"async\" class=\"alignnone size-full wp-image-9158\" src=\"https:\/\/www.yunkuntech.com\/wp-content\/uploads\/2025\/06\/\u8be6\u60c5\u56fe_3.jpg\" alt=\"\" width=\"790\" height=\"1128\" srcset=\"https:\/\/www.yunkuntech.com\/wp-content\/uploads\/2025\/06\/\u8be6\u60c5\u56fe_3.jpg 790w, https:\/\/www.yunkuntech.com\/wp-content\/uploads\/2025\/06\/\u8be6\u60c5\u56fe_3-210x300.jpg 210w, https:\/\/www.yunkuntech.com\/wp-content\/uploads\/2025\/06\/\u8be6\u60c5\u56fe_3-560x800.jpg 560w, https:\/\/www.yunkuntech.com\/wp-content\/uploads\/2025\/06\/\u8be6\u60c5\u56fe_3-768x1097.jpg 768w, https:\/\/www.yunkuntech.com\/wp-content\/uploads\/2025\/06\/\u8be6\u60c5\u56fe_3-8x12.jpg 8w, https:\/\/www.yunkuntech.com\/wp-content\/uploads\/2025\/06\/\u8be6\u60c5\u56fe_3-430x614.jpg 430w, https:\/\/www.yunkuntech.com\/wp-content\/uploads\/2025\/06\/\u8be6\u60c5\u56fe_3-700x999.jpg 700w, https:\/\/www.yunkuntech.com\/wp-content\/uploads\/2025\/06\/\u8be6\u60c5\u56fe_3-150x214.jpg 150w\" sizes=\"auto, (max-width: 790px) 100vw, 790px\" \/> <img loading=\"lazy\" decoding=\"async\" class=\"alignnone size-full wp-image-9159\" src=\"https:\/\/www.yunkuntech.com\/wp-content\/uploads\/2025\/06\/\u8be6\u60c5\u56fe_4.jpg\" alt=\"\" width=\"790\" height=\"796\" srcset=\"https:\/\/www.yunkuntech.com\/wp-content\/uploads\/2025\/06\/\u8be6\u60c5\u56fe_4.jpg 790w, https:\/\/www.yunkuntech.com\/wp-content\/uploads\/2025\/06\/\u8be6\u60c5\u56fe_4-298x300.jpg 298w, https:\/\/www.yunkuntech.com\/wp-content\/uploads\/2025\/06\/\u8be6\u60c5\u56fe_4-150x151.jpg 150w, https:\/\/www.yunkuntech.com\/wp-content\/uploads\/2025\/06\/\u8be6\u60c5\u56fe_4-768x774.jpg 768w, https:\/\/www.yunkuntech.com\/wp-content\/uploads\/2025\/06\/\u8be6\u60c5\u56fe_4-12x12.jpg 12w, https:\/\/www.yunkuntech.com\/wp-content\/uploads\/2025\/06\/\u8be6\u60c5\u56fe_4-430x433.jpg 430w, https:\/\/www.yunkuntech.com\/wp-content\/uploads\/2025\/06\/\u8be6\u60c5\u56fe_4-700x705.jpg 700w\" sizes=\"auto, (max-width: 790px) 100vw, 790px\" \/> <img loading=\"lazy\" decoding=\"async\" class=\"alignnone size-full wp-image-9160\" src=\"https:\/\/www.yunkuntech.com\/wp-content\/uploads\/2025\/06\/\u8be6\u60c5\u56fe_5.jpg\" alt=\"\" width=\"790\" height=\"719\" srcset=\"https:\/\/www.yunkuntech.com\/wp-content\/uploads\/2025\/06\/\u8be6\u60c5\u56fe_5.jpg 790w, https:\/\/www.yunkuntech.com\/wp-content\/uploads\/2025\/06\/\u8be6\u60c5\u56fe_5-330x300.jpg 330w, https:\/\/www.yunkuntech.com\/wp-content\/uploads\/2025\/06\/\u8be6\u60c5\u56fe_5-768x699.jpg 768w, https:\/\/www.yunkuntech.com\/wp-content\/uploads\/2025\/06\/\u8be6\u60c5\u56fe_5-13x12.jpg 13w, https:\/\/www.yunkuntech.com\/wp-content\/uploads\/2025\/06\/\u8be6\u60c5\u56fe_5-430x391.jpg 430w, https:\/\/www.yunkuntech.com\/wp-content\/uploads\/2025\/06\/\u8be6\u60c5\u56fe_5-700x637.jpg 700w, https:\/\/www.yunkuntech.com\/wp-content\/uploads\/2025\/06\/\u8be6\u60c5\u56fe_5-150x137.jpg 150w\" sizes=\"auto, (max-width: 790px) 100vw, 790px\" \/> <img loading=\"lazy\" decoding=\"async\" class=\"alignnone size-full wp-image-9161\" src=\"https:\/\/www.yunkuntech.com\/wp-content\/uploads\/2025\/06\/\u8be6\u60c5\u56fe_6-1.jpg\" alt=\"\" width=\"790\" height=\"1491\" srcset=\"https:\/\/www.yunkuntech.com\/wp-content\/uploads\/2025\/06\/\u8be6\u60c5\u56fe_6-1.jpg 790w, https:\/\/www.yunkuntech.com\/wp-content\/uploads\/2025\/06\/\u8be6\u60c5\u56fe_6-1-159x300.jpg 159w, https:\/\/www.yunkuntech.com\/wp-content\/uploads\/2025\/06\/\u8be6\u60c5\u56fe_6-1-424x800.jpg 424w, https:\/\/www.yunkuntech.com\/wp-content\/uploads\/2025\/06\/\u8be6\u60c5\u56fe_6-1-768x1449.jpg 768w, https:\/\/www.yunkuntech.com\/wp-content\/uploads\/2025\/06\/\u8be6\u60c5\u56fe_6-1-6x12.jpg 6w, https:\/\/www.yunkuntech.com\/wp-content\/uploads\/2025\/06\/\u8be6\u60c5\u56fe_6-1-430x812.jpg 430w, https:\/\/www.yunkuntech.com\/wp-content\/uploads\/2025\/06\/\u8be6\u60c5\u56fe_6-1-700x1321.jpg 700w, https:\/\/www.yunkuntech.com\/wp-content\/uploads\/2025\/06\/\u8be6\u60c5\u56fe_6-1-150x283.jpg 150w\" sizes=\"auto, (max-width: 790px) 100vw, 790px\" \/> <img loading=\"lazy\" decoding=\"async\" class=\"alignnone size-full wp-image-9162\" src=\"https:\/\/www.yunkuntech.com\/wp-content\/uploads\/2025\/06\/\u8be6\u60c5\u56fe_7-1.jpg\" alt=\"\" width=\"790\" height=\"1276\" srcset=\"https:\/\/www.yunkuntech.com\/wp-content\/uploads\/2025\/06\/\u8be6\u60c5\u56fe_7-1.jpg 790w, https:\/\/www.yunkuntech.com\/wp-content\/uploads\/2025\/06\/\u8be6\u60c5\u56fe_7-1-186x300.jpg 186w, https:\/\/www.yunkuntech.com\/wp-content\/uploads\/2025\/06\/\u8be6\u60c5\u56fe_7-1-495x800.jpg 495w, https:\/\/www.yunkuntech.com\/wp-content\/uploads\/2025\/06\/\u8be6\u60c5\u56fe_7-1-768x1240.jpg 768w, https:\/\/www.yunkuntech.com\/wp-content\/uploads\/2025\/06\/\u8be6\u60c5\u56fe_7-1-7x12.jpg 7w, https:\/\/www.yunkuntech.com\/wp-content\/uploads\/2025\/06\/\u8be6\u60c5\u56fe_7-1-430x695.jpg 430w, https:\/\/www.yunkuntech.com\/wp-content\/uploads\/2025\/06\/\u8be6\u60c5\u56fe_7-1-700x1131.jpg 700w, https:\/\/www.yunkuntech.com\/wp-content\/uploads\/2025\/06\/\u8be6\u60c5\u56fe_7-1-150x242.jpg 150w\" sizes=\"auto, (max-width: 790px) 100vw, 790px\" \/> <img loading=\"lazy\" decoding=\"async\" class=\"alignnone size-full wp-image-9163\" src=\"https:\/\/www.yunkuntech.com\/wp-content\/uploads\/2025\/06\/\u8be6\u60c5\u56fe_8-1.jpg\" alt=\"\" width=\"790\" height=\"1080\" srcset=\"https:\/\/www.yunkuntech.com\/wp-content\/uploads\/2025\/06\/\u8be6\u60c5\u56fe_8-1.jpg 790w, https:\/\/www.yunkuntech.com\/wp-content\/uploads\/2025\/06\/\u8be6\u60c5\u56fe_8-1-219x300.jpg 219w, https:\/\/www.yunkuntech.com\/wp-content\/uploads\/2025\/06\/\u8be6\u60c5\u56fe_8-1-585x800.jpg 585w, https:\/\/www.yunkuntech.com\/wp-content\/uploads\/2025\/06\/\u8be6\u60c5\u56fe_8-1-768x1050.jpg 768w, https:\/\/www.yunkuntech.com\/wp-content\/uploads\/2025\/06\/\u8be6\u60c5\u56fe_8-1-9x12.jpg 9w, https:\/\/www.yunkuntech.com\/wp-content\/uploads\/2025\/06\/\u8be6\u60c5\u56fe_8-1-430x588.jpg 430w, https:\/\/www.yunkuntech.com\/wp-content\/uploads\/2025\/06\/\u8be6\u60c5\u56fe_8-1-700x957.jpg 700w, https:\/\/www.yunkuntech.com\/wp-content\/uploads\/2025\/06\/\u8be6\u60c5\u56fe_8-1-150x205.jpg 150w\" sizes=\"auto, (max-width: 790px) 100vw, 790px\" \/> <img loading=\"lazy\" decoding=\"async\" class=\"alignnone size-full wp-image-9164\" src=\"https:\/\/www.yunkuntech.com\/wp-content\/uploads\/2025\/06\/\u8be6\u60c5\u56fe_9-2.jpg\" alt=\"\" width=\"790\" height=\"1357\" srcset=\"https:\/\/www.yunkuntech.com\/wp-content\/uploads\/2025\/06\/\u8be6\u60c5\u56fe_9-2.jpg 790w, https:\/\/www.yunkuntech.com\/wp-content\/uploads\/2025\/06\/\u8be6\u60c5\u56fe_9-2-175x300.jpg 175w, https:\/\/www.yunkuntech.com\/wp-content\/uploads\/2025\/06\/\u8be6\u60c5\u56fe_9-2-466x800.jpg 466w, https:\/\/www.yunkuntech.com\/wp-content\/uploads\/2025\/06\/\u8be6\u60c5\u56fe_9-2-768x1319.jpg 768w, https:\/\/www.yunkuntech.com\/wp-content\/uploads\/2025\/06\/\u8be6\u60c5\u56fe_9-2-7x12.jpg 7w, https:\/\/www.yunkuntech.com\/wp-content\/uploads\/2025\/06\/\u8be6\u60c5\u56fe_9-2-430x739.jpg 430w, https:\/\/www.yunkuntech.com\/wp-content\/uploads\/2025\/06\/\u8be6\u60c5\u56fe_9-2-700x1202.jpg 700w, https:\/\/www.yunkuntech.com\/wp-content\/uploads\/2025\/06\/\u8be6\u60c5\u56fe_9-2-150x258.jpg 150w\" sizes=\"auto, (max-width: 790px) 100vw, 790px\" \/> <img loading=\"lazy\" decoding=\"async\" class=\"alignnone size-full wp-image-9165\" src=\"https:\/\/www.yunkuntech.com\/wp-content\/uploads\/2025\/06\/\u8be6\u60c5\u56fe_10-1.jpg\" alt=\"\" width=\"790\" height=\"1169\" srcset=\"https:\/\/www.yunkuntech.com\/wp-content\/uploads\/2025\/06\/\u8be6\u60c5\u56fe_10-1.jpg 790w, https:\/\/www.yunkuntech.com\/wp-content\/uploads\/2025\/06\/\u8be6\u60c5\u56fe_10-1-203x300.jpg 203w, https:\/\/www.yunkuntech.com\/wp-content\/uploads\/2025\/06\/\u8be6\u60c5\u56fe_10-1-541x800.jpg 541w, https:\/\/www.yunkuntech.com\/wp-content\/uploads\/2025\/06\/\u8be6\u60c5\u56fe_10-1-768x1136.jpg 768w, https:\/\/www.yunkuntech.com\/wp-content\/uploads\/2025\/06\/\u8be6\u60c5\u56fe_10-1-8x12.jpg 8w, https:\/\/www.yunkuntech.com\/wp-content\/uploads\/2025\/06\/\u8be6\u60c5\u56fe_10-1-430x636.jpg 430w, https:\/\/www.yunkuntech.com\/wp-content\/uploads\/2025\/06\/\u8be6\u60c5\u56fe_10-1-700x1036.jpg 700w, https:\/\/www.yunkuntech.com\/wp-content\/uploads\/2025\/06\/\u8be6\u60c5\u56fe_10-1-150x222.jpg 150w\" sizes=\"auto, (max-width: 790px) 100vw, 790px\" \/><\/h1>","protected":false},"excerpt":{"rendered":"<p>Mini ventilateur de cou portable sans feuilles pour climatiseurs sans pales Garantie des attributs cl\u00e9s\uff1a1 an de service apr\u00e8s-vente fourni<\/p>","protected":false},"featured_media":9162,"comment_status":"closed","ping_status":"closed","template":"","meta":[],"product_cat":[78],"product_tag":[],"class_list":["post-9155","product","type-product","status-publish","has-post-thumbnail","hentry","product_cat-others"],"_links":{"self":[{"href":"https:\/\/www.yunkuntech.com\/fr\/wp-json\/wp\/v2\/product\/9155","targetHints":{"allow":["GET"]}}],"collection":[{"href":"https:\/\/www.yunkuntech.com\/fr\/wp-json\/wp\/v2\/product"}],"about":[{"href":"https:\/\/www.yunkuntech.com\/fr\/wp-json\/wp\/v2\/types\/product"}],"replies":[{"embeddable":true,"href":"https:\/\/www.yunkuntech.com\/fr\/wp-json\/wp\/v2\/comments?post=9155"}],"version-history":[{"count":1,"href":"https:\/\/www.yunkuntech.com\/fr\/wp-json\/wp\/v2\/product\/9155\/revisions"}],"predecessor-version":[{"id":9166,"href":"https:\/\/www.yunkuntech.com\/fr\/wp-json\/wp\/v2\/product\/9155\/revisions\/9166"}],"wp:featuredmedia":[{"embeddable":true,"href":"https:\/\/www.yunkuntech.com\/fr\/wp-json\/wp\/v2\/media\/9162"}],"wp:attachment":[{"href":"https:\/\/www.yunkuntech.com\/fr\/wp-json\/wp\/v2\/media?parent=9155"}],"wp:term":[{"taxonomy":"product_cat","embeddable":true,"href":"https:\/\/www.yunkuntech.com\/fr\/wp-json\/wp\/v2\/product_cat?post=9155"},{"taxonomy":"product_tag","embeddable":true,"href":"https:\/\/www.yunkuntech.com\/fr\/wp-json\/wp\/v2\/product_tag?post=9155"}],"curies":[{"name":"wp","href":"https:\/\/api.w.org\/{rel}","templated":true}]}}