{"id":9153,"date":"2025-06-02T19:02:29","date_gmt":"2025-06-02T11:02:29","guid":{"rendered":"https:\/\/www.yunkuntech.com\/?post_type=product&#038;p=9153"},"modified":"2025-06-02T19:08:06","modified_gmt":"2025-06-02T11:08:06","slug":"multi-functional-wireless-ceiling-fan-outdoor-camping-small-fan-led-night-light-tent-fan-with-mosquito-repellent-storage-box","status":"publish","type":"product","link":"https:\/\/www.yunkuntech.com\/fr\/product\/multi-functional-wireless-ceiling-fan-outdoor-camping-small-fan-led-night-light-tent-fan-with-mosquito-repellent-storage-box\/","title":{"rendered":"Ventilateur de plafond multifonctionnel sans fil pour camping ext\u00e9rieur Petit ventilateur Lumi\u00e8re de nuit LED Ventilateur de tente Avec bo\u00eete de rangement anti-moustiques"},"content":{"rendered":"<h1 title=\"Ventilateur de plafond multifonctionnel sans fil pour camping ext\u00e9rieur Petit ventilateur Lumi\u00e8re de nuit LED Ventilateur de tente Avec bo\u00eete de rangement anti-moustiques\">Ventilateur de plafond multifonctionnel sans fil pour camping ext\u00e9rieur Petit ventilateur Lumi\u00e8re de nuit LED Ventilateur de tente Avec bo\u00eete de rangement anti-moustiques<\/h1>\n<h2 id=\"key-attributes\" class=\"id-text-xl id-font-bold\" data-spm-anchor-id=\"a2700.details.0.i83.5dac4eadXeEy0h\">Caract\u00e9ristiques principales<\/h2>\n<div class=\"\">\n<div class=\"\">\n<div class=\"id-grid id-grid-cols-2 id-border-[0.5px] id-border-[#ddd] id-mt-3\">\n<div class=\"id-grid id-max-h-[68px] id-overflow-hidden id-grid-cols-[2fr_3fr] id-border-b-[0.5px] id-border-[#ddd]\">\n<div class=\"id-text-sm id-p-4 id-bg-[#f8f8f8] id-flex id-items-center\" title=\"le service apr\u00e8s-vente est assur\u00e9\">\n<div class=\"id-line-clamp-2 id-leading-[18px]\">Service apr\u00e8s-vente assur\u00e9\uff1aRetour et remplacement<\/div>\n<\/div>\n<\/div>\n<div class=\"id-grid id-max-h-[68px] id-overflow-hidden id-grid-cols-[2fr_3fr] id-border-b-[0.5px] id-border-[#ddd]\">\n<div class=\"id-text-sm id-p-4 id-bg-[#f8f8f8] id-flex id-items-center\" title=\"garantie\">\n<div class=\"id-line-clamp-2 id-leading-[18px]\">Garantie\uff1a1 an<\/div>\n<\/div>\n<\/div>\n<div class=\"id-grid id-max-h-[68px] id-overflow-hidden id-grid-cols-[2fr_3fr] id-border-b-[0.5px] id-border-[#ddd]\">\n<div class=\"id-text-sm id-p-4 id-bg-[#f8f8f8] id-flex id-items-center\" title=\"puissance (w)\">\n<div class=\"id-line-clamp-2 id-leading-[18px]\">puissance (w)\uff1a5W<\/div>\n<\/div>\n<\/div>\n<div class=\"id-grid id-max-h-[68px] id-overflow-hidden id-grid-cols-[2fr_3fr] id-border-b-[0.5px] id-border-[#ddd]\">\n<div class=\"id-text-sm id-p-4 id-bg-[#f8f8f8] id-flex id-items-center\" title=\"Installation\">\n<div class=\"id-line-clamp-2 id-leading-[18px]\">Installation\uff1afreestanding<\/div>\n<\/div>\n<\/div>\n<div class=\"id-grid id-max-h-[68px] id-overflow-hidden id-grid-cols-[2fr_3fr] id-border-b-[0.5px] id-border-[#ddd]\">\n<div class=\"id-text-sm id-p-4 id-bg-[#f8f8f8] id-flex id-items-center\" title=\"type\">\n<div class=\"id-line-clamp-2 id-leading-[18px]\">type\uff1aPortable<\/div>\n<\/div>\n<\/div>\n<div class=\"id-grid id-max-h-[68px] id-overflow-hidden id-grid-cols-[2fr_3fr] id-border-b-[0.5px] id-border-[#ddd]\">\n<div class=\"id-text-sm id-p-4 id-bg-[#f8f8f8] id-flex id-items-center\" title=\"type de puissance\">\n<div class=\"id-line-clamp-2 id-leading-[18px]\">type d'alimentation\uff1aDC<\/div>\n<\/div>\n<\/div>\n<div class=\"id-grid id-max-h-[68px] id-overflow-hidden id-grid-cols-[2fr_3fr] id-border-b-[0.5px] id-border-[#ddd]\">\n<div class=\"id-text-sm id-p-4 id-bg-[#f8f8f8] id-flex id-items-center\" title=\"Contr\u00f4le\">\n<div class=\"id-line-clamp-2 id-leading-[18px]\">Contr\u00f4le\uff1aT\u00e9l\u00e9commande<\/div>\n<\/div>\n<\/div>\n<div class=\"id-grid id-max-h-[68px] id-overflow-hidden id-grid-cols-[2fr_3fr] id-border-b-[0.5px] id-border-[#ddd]\">\n<div class=\"id-text-sm id-p-4 id-bg-[#f8f8f8] id-flex id-items-center\" title=\"Vitesse du ventilateur\">\n<div class=\"id-line-clamp-2 id-leading-[18px]\">Vitesse du ventilateur\uff1a4 vitesses<\/div>\n<\/div>\n<\/div>\n<div class=\"id-grid id-max-h-[68px] id-overflow-hidden id-grid-cols-[2fr_3fr] id-border-b-[0.5px] id-border-[#ddd]\">\n<div class=\"id-text-sm id-p-4 id-bg-[#f8f8f8] id-flex id-items-center\" title=\"Mat\u00e9riau\">\n<div class=\"id-line-clamp-2 id-leading-[18px]\">Mati\u00e8re\uff1aPlastique<\/div>\n<\/div>\n<\/div>\n<div class=\"id-grid id-max-h-[68px] id-overflow-hidden id-grid-cols-[2fr_3fr] id-border-b-[0.5px] id-border-[#ddd]\">\n<div class=\"id-text-sm id-p-4 id-bg-[#f8f8f8] id-flex id-items-center\" title=\"contr\u00f4l\u00e9 par l&#039;application\">\n<div class=\"id-line-clamp-2 id-leading-[18px]\">contr\u00f4l\u00e9 par l'application\uff1aNO<\/div>\n<\/div>\n<\/div>\n<div class=\"id-grid id-max-h-[68px] id-overflow-hidden id-grid-cols-[2fr_3fr] id-border-b-[0.5px] id-border-[#ddd]\">\n<div class=\"id-text-sm id-p-4 id-bg-[#f8f8f8] id-flex id-items-center\" title=\"caract\u00e9ristique\">\n<div class=\"id-line-clamp-2 id-leading-[18px]\">Caract\u00e9ristiques\uff1aT\u00e9l\u00e9commande<\/div>\n<\/div>\n<\/div>\n<div class=\"id-grid id-max-h-[68px] id-overflow-hidden id-grid-cols-[2fr_3fr] id-border-b-[0.5px] id-border-[#ddd]\">\n<div class=\"id-text-sm id-p-4 id-bg-[#f8f8f8] id-flex id-items-center\" title=\"lieu d&#039;origine\">\n<div class=\"id-line-clamp-2 id-leading-[18px]\">Lieu d'origine\uff1aGuangdong, Chine<\/div>\n<\/div>\n<\/div>\n<div class=\"id-grid id-max-h-[68px] id-overflow-hidden id-grid-cols-[2fr_3fr] id-border-b-[0.5px] id-border-[#ddd]\">\n<div class=\"id-text-sm id-p-4 id-bg-[#f8f8f8] id-flex id-items-center\" title=\"application\">\n<div class=\"id-line-clamp-2 id-leading-[18px]\">application\uff1aH\u00f4tel, Ext\u00e9rieur, M\u00e9nage<\/div>\n<\/div>\n<\/div>\n<div class=\"id-grid id-max-h-[68px] id-overflow-hidden id-grid-cols-[2fr_3fr] id-border-b-[0.5px] id-border-[#ddd]\">\n<div class=\"id-text-sm id-p-4 id-bg-[#f8f8f8] id-flex id-items-center\" title=\"source d&#039;\u00e9nergie\">\n<div class=\"id-line-clamp-2 id-leading-[18px]\">source d'alimentation\uff1ausb<\/div>\n<\/div>\n<\/div>\n<div class=\"id-grid id-max-h-[68px] id-overflow-hidden id-grid-cols-[2fr_3fr] id-border-b-[0.5px] id-border-[#ddd]\">\n<div class=\"id-text-sm id-p-4 id-bg-[#f8f8f8] id-flex id-items-center\" title=\"dimensions (l x l x h (pouces))\">\n<div class=\"id-line-clamp-2 id-leading-[18px]\">dimensions (l x l x h (pouces)\uff1a 14.5*12*10cm<\/div>\n<\/div>\n<\/div>\n<div class=\"id-grid id-max-h-[68px] id-overflow-hidden id-grid-cols-[2fr_3fr] id-border-b-[0.5px] id-border-[#ddd]\">\n<div class=\"id-text-sm id-p-4 id-bg-[#f8f8f8] id-flex id-items-center\" title=\"langue de travail\">\n<div class=\"id-line-clamp-2 id-leading-[18px]\">Langue d'utilisation\uff1aAnglais<\/div>\n<\/div>\n<\/div>\n<div class=\"id-grid id-max-h-[68px] id-overflow-hidden id-grid-cols-[2fr_3fr] id-border-b-[0.5px] id-border-[#ddd]\">\n<div class=\"id-text-sm id-p-4 id-bg-[#f8f8f8] id-flex id-items-center\" title=\"logo\/motif\">\n<div class=\"id-line-clamp-2 id-leading-[18px]\">logo\/motif\uff1aS\u00e9rigraphie, Impression laser<\/div>\n<\/div>\n<\/div>\n<div class=\"id-grid id-max-h-[68px] id-overflow-hidden id-grid-cols-[2fr_3fr] id-border-b-[0.5px] id-border-[#ddd]\">\n<div class=\"id-text-sm id-p-4 id-bg-[#f8f8f8] id-flex id-items-center\" title=\"les types d&#039;emballage\">\n<div class=\"id-line-clamp-2 id-leading-[18px]\">Types d'emballage\uff1aBox (couleur)<\/div>\n<\/div>\n<\/div>\n<div class=\"id-grid id-max-h-[68px] id-overflow-hidden id-grid-cols-[2fr_3fr] id-border-b-[0.5px] id-border-[#ddd]\">\n<div class=\"id-text-sm id-p-4 id-bg-[#f8f8f8] id-flex id-items-center\" title=\"Nom du produit\">\n<div class=\"id-line-clamp-2 id-leading-[18px]\">Nom du produit<\/div>\n<\/div>\n<div class=\"id-text-sm id-font-medium id-p-4 id-flex id-items-center id-flex-wrap\" title=\"Ventilateur de plafond portable\">\n<div class=\"id-line-clamp-2 id-leading-[18px]\">Color\uff1aBlanc, Beige<\/div>\n<\/div>\n<\/div>\n<div class=\"id-grid id-max-h-[68px] id-overflow-hidden id-grid-cols-[2fr_3fr] id-border-b-[0.5px] id-border-[#ddd]\">\n<div class=\"id-text-sm id-font-medium id-p-4 id-flex id-items-center id-flex-wrap\" title=\"Blanc, Beige\">\n<div class=\"id-line-clamp-2 id-leading-[18px]\">Mati\u00e8re\uff1aABS + PP + Composants \u00e9lectroniques<\/div>\n<\/div>\n<\/div>\n<div class=\"id-grid id-max-h-[68px] id-overflow-hidden id-grid-cols-[2fr_3fr] id-border-b-[0.5px] id-border-[#ddd]\">\n<div class=\"id-text-sm id-p-4 id-bg-[#f8f8f8] id-flex id-items-center\" title=\"Taille du produit\">\n<div class=\"id-line-clamp-2 id-leading-[18px]\">Taille du produit\uff1a83*280*83mm<\/div>\n<\/div>\n<\/div>\n<div class=\"id-grid id-max-h-[68px] id-overflow-hidden id-grid-cols-[2fr_3fr] id-border-b-[0.5px] id-border-[#ddd]\">\n<div class=\"id-text-sm id-p-4 id-bg-[#f8f8f8] id-flex id-items-center\" title=\"Taille de l&#039;emballage\">\n<div class=\"id-line-clamp-2 id-leading-[18px]\">Taille de l'emballage\uff1a14.5*12*10CM<\/div>\n<\/div>\n<\/div>\n<div class=\"id-grid id-max-h-[68px] id-overflow-hidden id-grid-cols-[2fr_3fr] id-border-b-[0.5px] id-border-[#ddd]\">\n<div class=\"id-text-sm id-p-4 id-bg-[#f8f8f8] id-flex id-items-center\" title=\"Poids\">\n<div class=\"id-line-clamp-2 id-leading-[18px]\">Poids\uff1a 0.5kg<\/div>\n<\/div>\n<\/div>\n<div class=\"id-grid id-max-h-[68px] id-overflow-hidden id-grid-cols-[2fr_3fr] id-border-b-[0.5px] id-border-[#ddd]\">\n<div class=\"id-text-sm id-p-4 id-bg-[#f8f8f8] id-flex id-items-center\" title=\"Puissance\">\n<div class=\"id-line-clamp-2 id-leading-[18px]\">Puissance\uff1a 5W<\/div>\n<\/div>\n<\/div>\n<div class=\"id-grid id-max-h-[68px] id-overflow-hidden id-grid-cols-[2fr_3fr] id-border-b-[0.5px] id-border-[#ddd]\">\n<div class=\"id-text-sm id-p-4 id-bg-[#f8f8f8] id-flex id-items-center\" title=\"Vitesse\">\n<div class=\"id-line-clamp-2 id-leading-[18px]\">Vitesse\uff1a4 vitesses<\/div>\n<\/div>\n<\/div>\n<div class=\"id-grid id-max-h-[68px] id-overflow-hidden id-grid-cols-[2fr_3fr]\">\n<div class=\"id-text-sm id-p-4 id-bg-[#f8f8f8] id-flex id-items-center\" title=\"Capacit\u00e9 de la batterie\">\n<div class=\"id-line-clamp-2 id-leading-[18px]\">Capacit\u00e9 de la batterie\uff1a 3600mAh\/7200mAh<\/div>\n<\/div>\n<\/div>\n<div class=\"id-grid id-max-h-[68px] id-overflow-hidden id-grid-cols-[2fr_3fr]\">\n<div class=\"id-text-sm id-p-4 id-bg-[#f8f8f8] id-flex id-items-center\" title=\"Port de charge\">\n<div class=\"id-line-clamp-2 id-leading-[18px]\">Port de charge\uff1aType-C<\/div>\n<\/div>\n<\/div>\n<\/div>\n<\/div>\n<div class=\"\">\n<h3 class=\"id-text-base id-font-bold id-mt-5\">Emballage et livraison<\/h3>\n<div class=\"id-grid id-grid-cols-2 id-border-[0.5px] id-border-[#ddd] id-mt-3\">\n<div class=\"id-grid id-max-h-[68px] id-overflow-hidden id-grid-cols-[2fr_3fr] id-border-b-[0.5px] id-border-[#ddd]\">\n<div class=\"id-text-sm id-p-4 id-bg-[#f8f8f8] id-flex id-items-center\" title=\"Unit\u00e9s de vente\">\n<div class=\"id-line-clamp-2 id-leading-[18px]\">Unit\u00e9s de vente\uff1aSingle item<\/div>\n<\/div>\n<\/div>\n<div class=\"id-grid id-max-h-[68px] id-overflow-hidden id-grid-cols-[2fr_3fr] id-border-b-[0.5px] id-border-[#ddd]\">\n<div class=\"id-text-sm id-p-4 id-bg-[#f8f8f8] id-flex id-items-center\" title=\"Taille de l&#039;emballage unique\">\n<div class=\"id-line-clamp-2 id-leading-[18px]\">Taille de l'emballage unique\uff1a15X12X10 cm<\/div>\n<\/div>\n<\/div>\n<div class=\"id-grid id-max-h-[68px] id-overflow-hidden id-grid-cols-[2fr_3fr]\">\n<div class=\"id-text-sm id-p-4 id-bg-[#f8f8f8] id-flex id-items-center\" title=\"Poids brut unique\">\n<div class=\"id-line-clamp-2 id-leading-[18px]\">Poids brut simple\uff1a0.500 KG<\/div>\n<\/div>\n<\/div>\n<\/div>\n<\/div>\n<\/div>\n<p><img loading=\"lazy\" decoding=\"async\" class=\"alignnone size-full wp-image-9152\" src=\"https:\/\/www.yunkuntech.com\/wp-content\/uploads\/2025\/06\/\u4e3b\u56fe_2-2.jpg\" alt=\"\" width=\"800\" height=\"800\" srcset=\"https:\/\/www.yunkuntech.com\/wp-content\/uploads\/2025\/06\/\u4e3b\u56fe_2-2.jpg 800w, https:\/\/www.yunkuntech.com\/wp-content\/uploads\/2025\/06\/\u4e3b\u56fe_2-2-300x300.jpg 300w, https:\/\/www.yunkuntech.com\/wp-content\/uploads\/2025\/06\/\u4e3b\u56fe_2-2-150x150.jpg 150w, https:\/\/www.yunkuntech.com\/wp-content\/uploads\/2025\/06\/\u4e3b\u56fe_2-2-768x768.jpg 768w, https:\/\/www.yunkuntech.com\/wp-content\/uploads\/2025\/06\/\u4e3b\u56fe_2-2-12x12.jpg 12w, https:\/\/www.yunkuntech.com\/wp-content\/uploads\/2025\/06\/\u4e3b\u56fe_2-2-430x430.jpg 430w, https:\/\/www.yunkuntech.com\/wp-content\/uploads\/2025\/06\/\u4e3b\u56fe_2-2-700x700.jpg 700w\" sizes=\"auto, (max-width: 800px) 100vw, 800px\" \/> <img loading=\"lazy\" decoding=\"async\" class=\"alignnone size-full wp-image-9148\" src=\"https:\/\/www.yunkuntech.com\/wp-content\/uploads\/2025\/06\/\u8be6\u60c5\u56fe_21.jpg\" alt=\"\" width=\"750\" height=\"1328\" srcset=\"https:\/\/www.yunkuntech.com\/wp-content\/uploads\/2025\/06\/\u8be6\u60c5\u56fe_21.jpg 750w, https:\/\/www.yunkuntech.com\/wp-content\/uploads\/2025\/06\/\u8be6\u60c5\u56fe_21-169x300.jpg 169w, https:\/\/www.yunkuntech.com\/wp-content\/uploads\/2025\/06\/\u8be6\u60c5\u56fe_21-452x800.jpg 452w, https:\/\/www.yunkuntech.com\/wp-content\/uploads\/2025\/06\/\u8be6\u60c5\u56fe_21-7x12.jpg 7w, https:\/\/www.yunkuntech.com\/wp-content\/uploads\/2025\/06\/\u8be6\u60c5\u56fe_21-430x761.jpg 430w, https:\/\/www.yunkuntech.com\/wp-content\/uploads\/2025\/06\/\u8be6\u60c5\u56fe_21-700x1239.jpg 700w, https:\/\/www.yunkuntech.com\/wp-content\/uploads\/2025\/06\/\u8be6\u60c5\u56fe_21-150x266.jpg 150w\" sizes=\"auto, (max-width: 750px) 100vw, 750px\" \/> <img loading=\"lazy\" decoding=\"async\" class=\"alignnone size-full wp-image-9151\" src=\"https:\/\/www.yunkuntech.com\/wp-content\/uploads\/2025\/06\/\u4e3b\u56fe_1-1.jpg\" alt=\"\" width=\"800\" height=\"800\" srcset=\"https:\/\/www.yunkuntech.com\/wp-content\/uploads\/2025\/06\/\u4e3b\u56fe_1-1.jpg 800w, https:\/\/www.yunkuntech.com\/wp-content\/uploads\/2025\/06\/\u4e3b\u56fe_1-1-300x300.jpg 300w, https:\/\/www.yunkuntech.com\/wp-content\/uploads\/2025\/06\/\u4e3b\u56fe_1-1-150x150.jpg 150w, https:\/\/www.yunkuntech.com\/wp-content\/uploads\/2025\/06\/\u4e3b\u56fe_1-1-768x768.jpg 768w, https:\/\/www.yunkuntech.com\/wp-content\/uploads\/2025\/06\/\u4e3b\u56fe_1-1-12x12.jpg 12w, https:\/\/www.yunkuntech.com\/wp-content\/uploads\/2025\/06\/\u4e3b\u56fe_1-1-430x430.jpg 430w, https:\/\/www.yunkuntech.com\/wp-content\/uploads\/2025\/06\/\u4e3b\u56fe_1-1-700x700.jpg 700w\" sizes=\"auto, (max-width: 800px) 100vw, 800px\" \/> <img loading=\"lazy\" decoding=\"async\" class=\"alignnone size-full wp-image-9150\" src=\"https:\/\/www.yunkuntech.com\/wp-content\/uploads\/2025\/06\/\u8be6\u60c5\u56fe_23.jpg\" alt=\"\" width=\"750\" height=\"544\" srcset=\"https:\/\/www.yunkuntech.com\/wp-content\/uploads\/2025\/06\/\u8be6\u60c5\u56fe_23.jpg 750w, https:\/\/www.yunkuntech.com\/wp-content\/uploads\/2025\/06\/\u8be6\u60c5\u56fe_23-400x290.jpg 400w, https:\/\/www.yunkuntech.com\/wp-content\/uploads\/2025\/06\/\u8be6\u60c5\u56fe_23-18x12.jpg 18w, https:\/\/www.yunkuntech.com\/wp-content\/uploads\/2025\/06\/\u8be6\u60c5\u56fe_23-430x312.jpg 430w, https:\/\/www.yunkuntech.com\/wp-content\/uploads\/2025\/06\/\u8be6\u60c5\u56fe_23-700x508.jpg 700w, https:\/\/www.yunkuntech.com\/wp-content\/uploads\/2025\/06\/\u8be6\u60c5\u56fe_23-150x109.jpg 150w\" sizes=\"auto, (max-width: 750px) 100vw, 750px\" \/> <img loading=\"lazy\" decoding=\"async\" class=\"alignnone size-full wp-image-9149\" src=\"https:\/\/www.yunkuntech.com\/wp-content\/uploads\/2025\/06\/\u8be6\u60c5\u56fe_22.jpg\" alt=\"\" width=\"750\" height=\"1425\" srcset=\"https:\/\/www.yunkuntech.com\/wp-content\/uploads\/2025\/06\/\u8be6\u60c5\u56fe_22.jpg 750w, https:\/\/www.yunkuntech.com\/wp-content\/uploads\/2025\/06\/\u8be6\u60c5\u56fe_22-158x300.jpg 158w, https:\/\/www.yunkuntech.com\/wp-content\/uploads\/2025\/06\/\u8be6\u60c5\u56fe_22-421x800.jpg 421w, https:\/\/www.yunkuntech.com\/wp-content\/uploads\/2025\/06\/\u8be6\u60c5\u56fe_22-6x12.jpg 6w, https:\/\/www.yunkuntech.com\/wp-content\/uploads\/2025\/06\/\u8be6\u60c5\u56fe_22-430x817.jpg 430w, https:\/\/www.yunkuntech.com\/wp-content\/uploads\/2025\/06\/\u8be6\u60c5\u56fe_22-700x1330.jpg 700w, https:\/\/www.yunkuntech.com\/wp-content\/uploads\/2025\/06\/\u8be6\u60c5\u56fe_22-150x285.jpg 150w\" sizes=\"auto, (max-width: 750px) 100vw, 750px\" \/> <img loading=\"lazy\" decoding=\"async\" class=\"alignnone size-full wp-image-9145\" src=\"https:\/\/www.yunkuntech.com\/wp-content\/uploads\/2025\/06\/\u8be6\u60c5\u56fe_18.jpg\" alt=\"\" width=\"750\" height=\"1167\" srcset=\"https:\/\/www.yunkuntech.com\/wp-content\/uploads\/2025\/06\/\u8be6\u60c5\u56fe_18.jpg 750w, https:\/\/www.yunkuntech.com\/wp-content\/uploads\/2025\/06\/\u8be6\u60c5\u56fe_18-193x300.jpg 193w, https:\/\/www.yunkuntech.com\/wp-content\/uploads\/2025\/06\/\u8be6\u60c5\u56fe_18-514x800.jpg 514w, https:\/\/www.yunkuntech.com\/wp-content\/uploads\/2025\/06\/\u8be6\u60c5\u56fe_18-8x12.jpg 8w, https:\/\/www.yunkuntech.com\/wp-content\/uploads\/2025\/06\/\u8be6\u60c5\u56fe_18-430x669.jpg 430w, https:\/\/www.yunkuntech.com\/wp-content\/uploads\/2025\/06\/\u8be6\u60c5\u56fe_18-700x1089.jpg 700w, https:\/\/www.yunkuntech.com\/wp-content\/uploads\/2025\/06\/\u8be6\u60c5\u56fe_18-150x233.jpg 150w\" sizes=\"auto, (max-width: 750px) 100vw, 750px\" \/> <img loading=\"lazy\" decoding=\"async\" class=\"alignnone size-full wp-image-9139\" src=\"https:\/\/www.yunkuntech.com\/wp-content\/uploads\/2025\/06\/\u8be6\u60c5\u56fe_12.jpg\" alt=\"\" width=\"750\" height=\"391\" srcset=\"https:\/\/www.yunkuntech.com\/wp-content\/uploads\/2025\/06\/\u8be6\u60c5\u56fe_12.jpg 750w, https:\/\/www.yunkuntech.com\/wp-content\/uploads\/2025\/06\/\u8be6\u60c5\u56fe_12-400x209.jpg 400w, https:\/\/www.yunkuntech.com\/wp-content\/uploads\/2025\/06\/\u8be6\u60c5\u56fe_12-18x9.jpg 18w, https:\/\/www.yunkuntech.com\/wp-content\/uploads\/2025\/06\/\u8be6\u60c5\u56fe_12-430x224.jpg 430w, https:\/\/www.yunkuntech.com\/wp-content\/uploads\/2025\/06\/\u8be6\u60c5\u56fe_12-700x365.jpg 700w, https:\/\/www.yunkuntech.com\/wp-content\/uploads\/2025\/06\/\u8be6\u60c5\u56fe_12-150x78.jpg 150w\" sizes=\"auto, (max-width: 750px) 100vw, 750px\" \/> <img loading=\"lazy\" decoding=\"async\" class=\"alignnone size-full wp-image-9138\" src=\"https:\/\/www.yunkuntech.com\/wp-content\/uploads\/2025\/06\/\u8be6\u60c5\u56fe_11.jpg\" alt=\"\" width=\"750\" height=\"1185\" srcset=\"https:\/\/www.yunkuntech.com\/wp-content\/uploads\/2025\/06\/\u8be6\u60c5\u56fe_11.jpg 750w, https:\/\/www.yunkuntech.com\/wp-content\/uploads\/2025\/06\/\u8be6\u60c5\u56fe_11-190x300.jpg 190w, https:\/\/www.yunkuntech.com\/wp-content\/uploads\/2025\/06\/\u8be6\u60c5\u56fe_11-506x800.jpg 506w, https:\/\/www.yunkuntech.com\/wp-content\/uploads\/2025\/06\/\u8be6\u60c5\u56fe_11-8x12.jpg 8w, https:\/\/www.yunkuntech.com\/wp-content\/uploads\/2025\/06\/\u8be6\u60c5\u56fe_11-430x679.jpg 430w, https:\/\/www.yunkuntech.com\/wp-content\/uploads\/2025\/06\/\u8be6\u60c5\u56fe_11-700x1106.jpg 700w, https:\/\/www.yunkuntech.com\/wp-content\/uploads\/2025\/06\/\u8be6\u60c5\u56fe_11-150x237.jpg 150w\" sizes=\"auto, (max-width: 750px) 100vw, 750px\" \/> <img loading=\"lazy\" decoding=\"async\" class=\"alignnone size-full wp-image-9135\" src=\"https:\/\/www.yunkuntech.com\/wp-content\/uploads\/2025\/06\/\u8be6\u60c5\u56fe_8.jpg\" alt=\"\" width=\"750\" height=\"521\" srcset=\"https:\/\/www.yunkuntech.com\/wp-content\/uploads\/2025\/06\/\u8be6\u60c5\u56fe_8.jpg 750w, https:\/\/www.yunkuntech.com\/wp-content\/uploads\/2025\/06\/\u8be6\u60c5\u56fe_8-400x278.jpg 400w, https:\/\/www.yunkuntech.com\/wp-content\/uploads\/2025\/06\/\u8be6\u60c5\u56fe_8-18x12.jpg 18w, https:\/\/www.yunkuntech.com\/wp-content\/uploads\/2025\/06\/\u8be6\u60c5\u56fe_8-430x299.jpg 430w, https:\/\/www.yunkuntech.com\/wp-content\/uploads\/2025\/06\/\u8be6\u60c5\u56fe_8-700x486.jpg 700w, https:\/\/www.yunkuntech.com\/wp-content\/uploads\/2025\/06\/\u8be6\u60c5\u56fe_8-150x104.jpg 150w\" sizes=\"auto, (max-width: 750px) 100vw, 750px\" \/><\/p>","protected":false},"excerpt":{"rendered":"<p>Ventilateur de plafond multifonctionnel sans fil pour camping ext\u00e9rieur Petit ventilateur Lumi\u00e8re de nuit LED Ventilateur de tente Avec bo\u00eete de rangement anti-moustiques Attributs cl\u00e9s<\/p>","protected":false},"featured_media":9152,"comment_status":"closed","ping_status":"closed","template":"","meta":[],"product_cat":[78],"product_tag":[],"class_list":["post-9153","product","type-product","status-publish","has-post-thumbnail","hentry","product_cat-others"],"_links":{"self":[{"href":"https:\/\/www.yunkuntech.com\/fr\/wp-json\/wp\/v2\/product\/9153","targetHints":{"allow":["GET"]}}],"collection":[{"href":"https:\/\/www.yunkuntech.com\/fr\/wp-json\/wp\/v2\/product"}],"about":[{"href":"https:\/\/www.yunkuntech.com\/fr\/wp-json\/wp\/v2\/types\/product"}],"replies":[{"embeddable":true,"href":"https:\/\/www.yunkuntech.com\/fr\/wp-json\/wp\/v2\/comments?post=9153"}],"version-history":[{"count":1,"href":"https:\/\/www.yunkuntech.com\/fr\/wp-json\/wp\/v2\/product\/9153\/revisions"}],"predecessor-version":[{"id":9154,"href":"https:\/\/www.yunkuntech.com\/fr\/wp-json\/wp\/v2\/product\/9153\/revisions\/9154"}],"wp:featuredmedia":[{"embeddable":true,"href":"https:\/\/www.yunkuntech.com\/fr\/wp-json\/wp\/v2\/media\/9152"}],"wp:attachment":[{"href":"https:\/\/www.yunkuntech.com\/fr\/wp-json\/wp\/v2\/media?parent=9153"}],"wp:term":[{"taxonomy":"product_cat","embeddable":true,"href":"https:\/\/www.yunkuntech.com\/fr\/wp-json\/wp\/v2\/product_cat?post=9153"},{"taxonomy":"product_tag","embeddable":true,"href":"https:\/\/www.yunkuntech.com\/fr\/wp-json\/wp\/v2\/product_tag?post=9153"}],"curies":[{"name":"wp","href":"https:\/\/api.w.org\/{rel}","templated":true}]}}