{"id":9110,"date":"2025-06-02T18:29:11","date_gmt":"2025-06-02T10:29:11","guid":{"rendered":"https:\/\/www.yunkuntech.com\/?post_type=product&#038;p=9110"},"modified":"2025-06-02T18:29:11","modified_gmt":"2025-06-02T10:29:11","slug":"portable-outdoor-power-bank-20000mah-fast-charging-with-2-cable-led-display-flashlight-handle-qc3-0-pd-22-5w-for-iphone-samsung","status":"publish","type":"product","link":"https:\/\/www.yunkuntech.com\/fr\/product\/portable-outdoor-power-bank-20000mah-fast-charging-with-2-cable-led-display-flashlight-handle-qc3-0-pd-22-5w-for-iphone-samsung\/","title":{"rendered":"Banque d'\u00e9nergie portable pour l'ext\u00e9rieur 20000mah Chargement rapide avec 2 c\u00e2bles Affichage LED Lampe de poche Poign\u00e9e QC3.0 PD 22.5w pour iPhone Samsung"},"content":{"rendered":"<h1 title=\"Banque d&#039;\u00e9nergie portable pour l&#039;ext\u00e9rieur 20000mah Chargement rapide avec 2 c\u00e2bles Affichage LED Lampe de poche Poign\u00e9e QC3.0 PD 22.5w pour iPhone Samsung\" data-spm-anchor-id=\"a2700.details.0.i79.13f046beG6cBm2\">Banque d'\u00e9nergie portable pour l'ext\u00e9rieur 20000mah Chargement rapide avec 2 c\u00e2bles Affichage LED Lampe de poche Poign\u00e9e QC3.0 PD 22.5w pour iPhone Samsung<\/h1>\n<h2 id=\"key-attributes\" class=\"id-text-xl id-font-bold\" data-spm-anchor-id=\"a2700.details.0.i80.13f046beG6cBm2\">Caract\u00e9ristiques principales<\/h2>\n<div class=\"\">\n<div class=\"\">\n<div class=\"id-grid id-grid-cols-2 id-border-[0.5px] id-border-[#ddd] id-mt-3\">\n<div class=\"id-grid id-max-h-[68px] id-overflow-hidden id-grid-cols-[2fr_3fr] id-border-b-[0.5px] id-border-[#ddd]\">\n<div class=\"id-text-sm id-p-4 id-bg-[#f8f8f8] id-flex id-items-center\" title=\"fonction\">\n<div class=\"id-line-clamp-2 id-leading-[18px]\">Fonction\uff1aLED Display, Quick Charge Support<\/div>\n<\/div>\n<\/div>\n<div class=\"id-grid id-max-h-[68px] id-overflow-hidden id-grid-cols-[2fr_3fr] id-border-b-[0.5px] id-border-[#ddd]\">\n<div class=\"id-text-sm id-p-4 id-bg-[#f8f8f8] id-flex id-items-center\" title=\"interface de sortie\">\n<div class=\"id-line-clamp-2 id-leading-[18px]\">interface de sortie\uff1a Type C, USB simple<\/div>\n<\/div>\n<\/div>\n<div class=\"id-grid id-max-h-[68px] id-overflow-hidden id-grid-cols-[2fr_3fr] id-border-b-[0.5px] id-border-[#ddd]\">\n<div class=\"id-text-sm id-p-4 id-bg-[#f8f8f8] id-flex id-items-center\" title=\"puissance de sortie\">\n<div class=\"id-line-clamp-2 id-leading-[18px]\">puissance de sortie\uff1a 20W, 22.5w<\/div>\n<\/div>\n<\/div>\n<div class=\"id-grid id-max-h-[68px] id-overflow-hidden id-grid-cols-[2fr_3fr] id-border-b-[0.5px] id-border-[#ddd]\">\n<div class=\"id-text-sm id-p-4 id-bg-[#f8f8f8] id-flex id-items-center\" title=\"mat\u00e9riel\">\n<div class=\"id-line-clamp-2 id-leading-[18px]\">Mati\u00e8re\uff1aABS, plastique<\/div>\n<\/div>\n<\/div>\n<div class=\"id-grid id-max-h-[68px] id-overflow-hidden id-grid-cols-[2fr_3fr] id-border-b-[0.5px] id-border-[#ddd]\">\n<div class=\"id-text-sm id-p-4 id-bg-[#f8f8f8] id-flex id-items-center\" title=\"interface d&#039;entr\u00e9e\">\n<div class=\"id-line-clamp-2 id-leading-[18px]\">interface d'entr\u00e9e\uff1aTYPE-C<\/div>\n<\/div>\n<\/div>\n<div class=\"id-grid id-max-h-[68px] id-overflow-hidden id-grid-cols-[2fr_3fr] id-border-b-[0.5px] id-border-[#ddd]\">\n<div class=\"id-text-sm id-p-4 id-bg-[#f8f8f8] id-flex id-items-center\" title=\"norme de prise\">\n<div class=\"id-line-clamp-2 id-leading-[18px]\">norme de prise\uff1aUniverselle<\/div>\n<\/div>\n<\/div>\n<div class=\"id-grid id-max-h-[68px] id-overflow-hidden id-grid-cols-[2fr_3fr] id-border-b-[0.5px] id-border-[#ddd]\">\n<div class=\"id-text-sm id-p-4 id-bg-[#f8f8f8] id-flex id-items-center\" title=\"type de batterie\">\n<div class=\"id-line-clamp-2 id-leading-[18px]\">type de batterie\uff1a Li-Polymer Battery<\/div>\n<\/div>\n<\/div>\n<div class=\"id-grid id-max-h-[68px] id-overflow-hidden id-grid-cols-[2fr_3fr] id-border-b-[0.5px] id-border-[#ddd]\">\n<div class=\"id-text-sm id-p-4 id-bg-[#f8f8f8] id-flex id-items-center\" title=\"type\">\n<div class=\"id-line-clamp-2 id-leading-[18px]\">type\uff1aFast Charging, High Capacity, Portable, LED Display, for outdoor, With cable<\/div>\n<\/div>\n<\/div>\n<div class=\"id-grid id-max-h-[68px] id-overflow-hidden id-grid-cols-[2fr_3fr] id-border-b-[0.5px] id-border-[#ddd]\">\n<div class=\"id-text-sm id-p-4 id-bg-[#f8f8f8] id-flex id-items-center\" title=\"lieu d&#039;origine\">\n<div class=\"id-line-clamp-2 id-leading-[18px]\">Lieu d'origine\uff1a Guangdong, Chine<\/div>\n<\/div>\n<\/div>\n<div class=\"id-grid id-max-h-[68px] id-overflow-hidden id-grid-cols-[2fr_3fr] id-border-b-[0.5px] id-border-[#ddd]\">\n<div class=\"id-text-sm id-p-4 id-bg-[#f8f8f8] id-flex id-items-center\" title=\"poids\">\n<div class=\"id-line-clamp-2 id-leading-[18px]\">Poids\uff1a460g<\/div>\n<\/div>\n<\/div>\n<div class=\"id-grid id-max-h-[68px] id-overflow-hidden id-grid-cols-[2fr_3fr] id-border-b-[0.5px] id-border-[#ddd]\">\n<div class=\"id-text-sm id-p-4 id-bg-[#f8f8f8] id-flex id-items-center\" title=\"protection\">\n<div class=\"id-line-clamp-2 id-leading-[18px]\">Protection\uff1a Surd\u00e9charge, Surcharge, Faible tension<\/div>\n<\/div>\n<\/div>\n<div class=\"id-grid id-max-h-[68px] id-overflow-hidden id-grid-cols-[2fr_3fr] id-border-b-[0.5px] id-border-[#ddd]\">\n<div class=\"id-text-sm id-p-4 id-bg-[#f8f8f8] id-flex id-items-center\" title=\"Nom du produit\">\n<div class=\"id-line-clamp-2 id-leading-[18px]\">Nom du produit\uff1a Camping Light Power Bank 20000mah PD 20W Fast Charging With 2 line<\/div>\n<\/div>\n<\/div>\n<div class=\"id-grid id-max-h-[68px] id-overflow-hidden id-grid-cols-[2fr_3fr] id-border-b-[0.5px] id-border-[#ddd]\">\n<div class=\"id-text-sm id-p-4 id-bg-[#f8f8f8] id-flex id-items-center\" title=\"Sortie\">\n<div class=\"id-line-clamp-2 id-leading-[18px]\">Sortie\uff1a 5V\/4,5A,9V\/2A,12V\/1,5A<\/div>\n<\/div>\n<\/div>\n<div class=\"id-grid id-max-h-[68px] id-overflow-hidden id-grid-cols-[2fr_3fr] id-border-b-[0.5px] id-border-[#ddd]\">\n<div class=\"id-text-sm id-p-4 id-bg-[#f8f8f8] id-flex id-items-center\" title=\"Couleur\">\n<div class=\"id-line-clamp-2 id-leading-[18px]\">Color\uff1a Noir Beige<\/div>\n<\/div>\n<\/div>\n<div class=\"id-grid id-max-h-[68px] id-overflow-hidden id-grid-cols-[2fr_3fr] id-border-b-[0.5px] id-border-[#ddd]\">\n<div class=\"id-text-sm id-p-4 id-bg-[#f8f8f8] id-flex id-items-center\" title=\"Capacit\u00e9\">\n<div class=\"id-line-clamp-2 id-leading-[18px]\">Capacit\u00e9\uff1a 20000mah<\/div>\n<\/div>\n<\/div>\n<div class=\"id-grid id-max-h-[68px] id-overflow-hidden id-grid-cols-[2fr_3fr]\">\n<div class=\"id-text-sm id-p-4 id-bg-[#f8f8f8] id-flex id-items-center\" title=\"Logo\">\n<div class=\"id-line-clamp-2 id-leading-[18px]\">Logo\uff1aImprimer un logo sur mesure<\/div>\n<\/div>\n<\/div>\n<div class=\"id-grid id-max-h-[68px] id-overflow-hidden id-grid-cols-[2fr_3fr]\">\n<div class=\"id-text-sm id-p-4 id-bg-[#f8f8f8] id-flex id-items-center\" title=\"Certification\">\n<div class=\"id-line-clamp-2 id-leading-[18px]\">Certification\uff1a CE MSDS UN38.3<\/div>\n<\/div>\n<\/div>\n<\/div>\n<\/div>\n<div class=\"\">\n<h3 class=\"id-text-base id-font-bold id-mt-5\">Emballage et livraison<\/h3>\n<div class=\"id-grid id-grid-cols-2 id-border-[0.5px] id-border-[#ddd] id-mt-3\">\n<div class=\"id-grid id-max-h-[68px] id-overflow-hidden id-grid-cols-[2fr_3fr] id-border-b-[0.5px] id-border-[#ddd]\">\n<div class=\"id-text-sm id-p-4 id-bg-[#f8f8f8] id-flex id-items-center\" title=\"Unit\u00e9s de vente\">\n<div class=\"id-line-clamp-2 id-leading-[18px]\">Unit\u00e9s de vente\uff1a Article unique<\/div>\n<\/div>\n<\/div>\n<div class=\"id-grid id-max-h-[68px] id-overflow-hidden id-grid-cols-[2fr_3fr] id-border-b-[0.5px] id-border-[#ddd]\">\n<div class=\"id-text-sm id-p-4 id-bg-[#f8f8f8] id-flex id-items-center\" title=\"Taille de l&#039;emballage unique\">\n<div class=\"id-line-clamp-2 id-leading-[18px]\">Taille de l'emballage unique\uff1a 13X6,5X6,2 cm<\/div>\n<\/div>\n<\/div>\n<div class=\"id-grid id-max-h-[68px] id-overflow-hidden id-grid-cols-[2fr_3fr]\">\n<div class=\"id-text-sm id-p-4 id-bg-[#f8f8f8] id-flex id-items-center\" title=\"Poids brut unique\">\n<div class=\"id-line-clamp-2 id-leading-[18px]\">Poids brut simple\uff1a 0.580 KG<\/div>\n<\/div>\n<\/div>\n<\/div>\n<\/div>\n<\/div>\n<p><img loading=\"lazy\" decoding=\"async\" class=\"alignnone size-full wp-image-9117\" src=\"https:\/\/www.yunkuntech.com\/wp-content\/uploads\/2025\/06\/SKU_2.jpg\" alt=\"\" width=\"800\" height=\"800\" srcset=\"https:\/\/www.yunkuntech.com\/wp-content\/uploads\/2025\/06\/SKU_2.jpg 800w, https:\/\/www.yunkuntech.com\/wp-content\/uploads\/2025\/06\/SKU_2-300x300.jpg 300w, https:\/\/www.yunkuntech.com\/wp-content\/uploads\/2025\/06\/SKU_2-150x150.jpg 150w, https:\/\/www.yunkuntech.com\/wp-content\/uploads\/2025\/06\/SKU_2-768x768.jpg 768w, https:\/\/www.yunkuntech.com\/wp-content\/uploads\/2025\/06\/SKU_2-12x12.jpg 12w, https:\/\/www.yunkuntech.com\/wp-content\/uploads\/2025\/06\/SKU_2-430x430.jpg 430w, https:\/\/www.yunkuntech.com\/wp-content\/uploads\/2025\/06\/SKU_2-700x700.jpg 700w\" sizes=\"auto, (max-width: 800px) 100vw, 800px\" \/> <img loading=\"lazy\" decoding=\"async\" class=\"alignnone size-full wp-image-9115\" src=\"https:\/\/www.yunkuntech.com\/wp-content\/uploads\/2025\/06\/\u4e3b\u56fe_5.jpg\" alt=\"\" width=\"800\" height=\"800\" srcset=\"https:\/\/www.yunkuntech.com\/wp-content\/uploads\/2025\/06\/\u4e3b\u56fe_5.jpg 800w, https:\/\/www.yunkuntech.com\/wp-content\/uploads\/2025\/06\/\u4e3b\u56fe_5-300x300.jpg 300w, https:\/\/www.yunkuntech.com\/wp-content\/uploads\/2025\/06\/\u4e3b\u56fe_5-150x150.jpg 150w, https:\/\/www.yunkuntech.com\/wp-content\/uploads\/2025\/06\/\u4e3b\u56fe_5-768x768.jpg 768w, https:\/\/www.yunkuntech.com\/wp-content\/uploads\/2025\/06\/\u4e3b\u56fe_5-12x12.jpg 12w, https:\/\/www.yunkuntech.com\/wp-content\/uploads\/2025\/06\/\u4e3b\u56fe_5-430x430.jpg 430w, https:\/\/www.yunkuntech.com\/wp-content\/uploads\/2025\/06\/\u4e3b\u56fe_5-700x700.jpg 700w\" sizes=\"auto, (max-width: 800px) 100vw, 800px\" \/> <img loading=\"lazy\" decoding=\"async\" class=\"alignnone size-full wp-image-9113\" src=\"https:\/\/www.yunkuntech.com\/wp-content\/uploads\/2025\/06\/\u4e3b\u56fe_3.jpg\" alt=\"\" width=\"800\" height=\"800\" srcset=\"https:\/\/www.yunkuntech.com\/wp-content\/uploads\/2025\/06\/\u4e3b\u56fe_3.jpg 800w, https:\/\/www.yunkuntech.com\/wp-content\/uploads\/2025\/06\/\u4e3b\u56fe_3-300x300.jpg 300w, https:\/\/www.yunkuntech.com\/wp-content\/uploads\/2025\/06\/\u4e3b\u56fe_3-150x150.jpg 150w, https:\/\/www.yunkuntech.com\/wp-content\/uploads\/2025\/06\/\u4e3b\u56fe_3-768x768.jpg 768w, https:\/\/www.yunkuntech.com\/wp-content\/uploads\/2025\/06\/\u4e3b\u56fe_3-12x12.jpg 12w, https:\/\/www.yunkuntech.com\/wp-content\/uploads\/2025\/06\/\u4e3b\u56fe_3-430x430.jpg 430w, https:\/\/www.yunkuntech.com\/wp-content\/uploads\/2025\/06\/\u4e3b\u56fe_3-700x700.jpg 700w\" sizes=\"auto, (max-width: 800px) 100vw, 800px\" \/> <img loading=\"lazy\" decoding=\"async\" class=\"alignnone size-full wp-image-9112\" src=\"https:\/\/www.yunkuntech.com\/wp-content\/uploads\/2025\/06\/\u4e3b\u56fe_2.jpg\" alt=\"\" width=\"800\" height=\"800\" srcset=\"https:\/\/www.yunkuntech.com\/wp-content\/uploads\/2025\/06\/\u4e3b\u56fe_2.jpg 800w, https:\/\/www.yunkuntech.com\/wp-content\/uploads\/2025\/06\/\u4e3b\u56fe_2-300x300.jpg 300w, https:\/\/www.yunkuntech.com\/wp-content\/uploads\/2025\/06\/\u4e3b\u56fe_2-150x150.jpg 150w, https:\/\/www.yunkuntech.com\/wp-content\/uploads\/2025\/06\/\u4e3b\u56fe_2-768x768.jpg 768w, https:\/\/www.yunkuntech.com\/wp-content\/uploads\/2025\/06\/\u4e3b\u56fe_2-12x12.jpg 12w, https:\/\/www.yunkuntech.com\/wp-content\/uploads\/2025\/06\/\u4e3b\u56fe_2-430x430.jpg 430w, https:\/\/www.yunkuntech.com\/wp-content\/uploads\/2025\/06\/\u4e3b\u56fe_2-700x700.jpg 700w\" sizes=\"auto, (max-width: 800px) 100vw, 800px\" \/> <img loading=\"lazy\" decoding=\"async\" class=\"alignnone size-full wp-image-9111\" src=\"https:\/\/www.yunkuntech.com\/wp-content\/uploads\/2025\/06\/\u4e3b\u56fe_1.png\" alt=\"\" width=\"800\" height=\"800\" srcset=\"https:\/\/www.yunkuntech.com\/wp-content\/uploads\/2025\/06\/\u4e3b\u56fe_1.png 800w, https:\/\/www.yunkuntech.com\/wp-content\/uploads\/2025\/06\/\u4e3b\u56fe_1-300x300.png 300w, https:\/\/www.yunkuntech.com\/wp-content\/uploads\/2025\/06\/\u4e3b\u56fe_1-150x150.png 150w, https:\/\/www.yunkuntech.com\/wp-content\/uploads\/2025\/06\/\u4e3b\u56fe_1-768x768.png 768w, https:\/\/www.yunkuntech.com\/wp-content\/uploads\/2025\/06\/\u4e3b\u56fe_1-12x12.png 12w, https:\/\/www.yunkuntech.com\/wp-content\/uploads\/2025\/06\/\u4e3b\u56fe_1-430x430.png 430w, https:\/\/www.yunkuntech.com\/wp-content\/uploads\/2025\/06\/\u4e3b\u56fe_1-700x700.png 700w\" sizes=\"auto, (max-width: 800px) 100vw, 800px\" \/><\/p>","protected":false},"excerpt":{"rendered":"<p>Banque d'\u00e9nergie portable pour l'ext\u00e9rieur 20000mah Chargement rapide avec 2 c\u00e2bles Affichage LED Lampe de poche Poign\u00e9e QC3.0 PD 22.5w pour iPhone Samsung<\/p>","protected":false},"featured_media":9112,"comment_status":"closed","ping_status":"closed","template":"","meta":[],"product_cat":[20],"product_tag":[],"class_list":["post-9110","product","type-product","status-publish","has-post-thumbnail","hentry","product_cat-high-capacity-power-bank"],"_links":{"self":[{"href":"https:\/\/www.yunkuntech.com\/fr\/wp-json\/wp\/v2\/product\/9110","targetHints":{"allow":["GET"]}}],"collection":[{"href":"https:\/\/www.yunkuntech.com\/fr\/wp-json\/wp\/v2\/product"}],"about":[{"href":"https:\/\/www.yunkuntech.com\/fr\/wp-json\/wp\/v2\/types\/product"}],"replies":[{"embeddable":true,"href":"https:\/\/www.yunkuntech.com\/fr\/wp-json\/wp\/v2\/comments?post=9110"}],"version-history":[{"count":1,"href":"https:\/\/www.yunkuntech.com\/fr\/wp-json\/wp\/v2\/product\/9110\/revisions"}],"predecessor-version":[{"id":9118,"href":"https:\/\/www.yunkuntech.com\/fr\/wp-json\/wp\/v2\/product\/9110\/revisions\/9118"}],"wp:featuredmedia":[{"embeddable":true,"href":"https:\/\/www.yunkuntech.com\/fr\/wp-json\/wp\/v2\/media\/9112"}],"wp:attachment":[{"href":"https:\/\/www.yunkuntech.com\/fr\/wp-json\/wp\/v2\/media?parent=9110"}],"wp:term":[{"taxonomy":"product_cat","embeddable":true,"href":"https:\/\/www.yunkuntech.com\/fr\/wp-json\/wp\/v2\/product_cat?post=9110"},{"taxonomy":"product_tag","embeddable":true,"href":"https:\/\/www.yunkuntech.com\/fr\/wp-json\/wp\/v2\/product_tag?post=9110"}],"curies":[{"name":"wp","href":"https:\/\/api.w.org\/{rel}","templated":true}]}}