{"id":9061,"date":"2025-05-14T15:56:56","date_gmt":"2025-05-14T07:56:56","guid":{"rendered":"https:\/\/www.yunkuntech.com\/?post_type=product&#038;p=9061"},"modified":"2025-05-14T15:56:56","modified_gmt":"2025-05-14T07:56:56","slug":"lighter-customize-flash-drive","status":"publish","type":"product","link":"https:\/\/www.yunkuntech.com\/fr\/product\/lighter-customize-flash-drive\/","title":{"rendered":"Briquet Personnaliser la cl\u00e9 USB"},"content":{"rendered":"<h1 title=\"Cl\u00e9 USB pour briquet\" data-spm-anchor-id=\"a2700.details.0.i75.7ef88d8atkGF3N\">Briquet Personnaliser la cl\u00e9 USB<\/h1>\n<h2 id=\"key-attributes\" class=\"att-title\" data-spm-anchor-id=\"a2700.details.0.i78.502c1f09U2YlfU\">Caract\u00e9ristiques principales<\/h2>\n<div class=\"attribute-info\">\n<h3>Attributs sp\u00e9cifiques \u00e0 l'industrie<\/h3>\n<div class=\"attribute-list\">\n<div class=\"attribute-item\">\n<div class=\"left\">mat\u00e9riau : Plastique<\/div>\n<\/div>\n<div class=\"attribute-item\">\n<div class=\"left\">type d'interface : USB 2.0<\/div>\n<\/div>\n<\/div>\n<h3>Autres caract\u00e9ristiques<\/h3>\n<div class=\"attribute-list\">\n<div class=\"attribute-item\">\n<div class=\"left\">garantie (ann\u00e9e) : 5 ans<\/div>\n<\/div>\n<div class=\"attribute-item\">\n<div class=\"left\">lieu d'origine : Guangdong, Chine<\/div>\n<\/div>\n<div class=\"attribute-item\">\n<div class=\"left\">Marque : Support personnalis\u00e9 avec votre logo<\/div>\n<\/div>\n<div class=\"attribute-item\">\n<div class=\"left\">Certification : CE\/RoHS<\/div>\n<\/div>\n<div class=\"attribute-item\">\n<div class=\"left\">Capacity: 128MB\/256MB\/512MB\/1GB\/2GB\/4GB\/8GB\/16GB\/32GB\/64GB\/128GB<\/div>\n<\/div>\n<div class=\"attribute-item\">\n<div class=\"left\">Logo : Impression HD\/UV\/Laser\/S\u00e9rigraphie<\/div>\n<\/div>\n<div class=\"attribute-item\">\n<div class=\"left\">Type : cl\u00e9 USB pivotante<\/div>\n<\/div>\n<div class=\"attribute-item\">\n<div class=\"left\">Emballage : Sac en poly\u00e9thyl\u00e8ne\/bo\u00eete cadeau\/bo\u00eete en PP\/bo\u00eete en papier<\/div>\n<\/div>\n<div class=\"attribute-item\">\n<div class=\"left\">Couleur : couleur PMS<\/div>\n<\/div>\n<div class=\"attribute-item\">\n<div class=\"left\">H2 : adopt\u00e9<\/div>\n<\/div>\n<div class=\"attribute-item\">\n<div class=\"left\">MOQ : 50 pi\u00e8ces<\/div>\n<\/div>\n<div class=\"attribute-item\">\n<div class=\"left\">Poids : 16g<\/div>\n<\/div>\n<\/div>\n<h3>Emballage et livraison<\/h3>\n<div class=\"attribute-list\">\n<div class=\"attribute-item\">\n<div class=\"left\">Unit\u00e9s de vente : Article unique<\/div>\n<\/div>\n<div class=\"attribute-item\">\n<div class=\"left\">Taille de l'emballage unique : 11X8X1 cm<\/div>\n<\/div>\n<div class=\"attribute-item\">\n<div class=\"left\">Poids brut simple : 0,030 kg<\/div>\n<\/div>\n<\/div>\n<\/div>\n<p><img loading=\"lazy\" decoding=\"async\" class=\"alignnone size-full wp-image-9062\" src=\"https:\/\/www.yunkuntech.com\/wp-content\/uploads\/2025\/05\/1747208840_\u4e3b\u56fe_5.jpg\" alt=\"\" width=\"1100\" height=\"1100\" srcset=\"https:\/\/www.yunkuntech.com\/wp-content\/uploads\/2025\/05\/1747208840_\u4e3b\u56fe_5.jpg 1100w, https:\/\/www.yunkuntech.com\/wp-content\/uploads\/2025\/05\/1747208840_\u4e3b\u56fe_5-300x300.jpg 300w, https:\/\/www.yunkuntech.com\/wp-content\/uploads\/2025\/05\/1747208840_\u4e3b\u56fe_5-800x800.jpg 800w, https:\/\/www.yunkuntech.com\/wp-content\/uploads\/2025\/05\/1747208840_\u4e3b\u56fe_5-150x150.jpg 150w, https:\/\/www.yunkuntech.com\/wp-content\/uploads\/2025\/05\/1747208840_\u4e3b\u56fe_5-768x768.jpg 768w, https:\/\/www.yunkuntech.com\/wp-content\/uploads\/2025\/05\/1747208840_\u4e3b\u56fe_5-12x12.jpg 12w, https:\/\/www.yunkuntech.com\/wp-content\/uploads\/2025\/05\/1747208840_\u4e3b\u56fe_5-860x860.jpg 860w, https:\/\/www.yunkuntech.com\/wp-content\/uploads\/2025\/05\/1747208840_\u4e3b\u56fe_5-430x430.jpg 430w, https:\/\/www.yunkuntech.com\/wp-content\/uploads\/2025\/05\/1747208840_\u4e3b\u56fe_5-700x700.jpg 700w\" sizes=\"auto, (max-width: 1100px) 100vw, 1100px\" \/> <img loading=\"lazy\" decoding=\"async\" class=\"alignnone size-full wp-image-9063\" src=\"https:\/\/www.yunkuntech.com\/wp-content\/uploads\/2025\/05\/\u8be6\u60c5\u56fe_1-3.jpg\" alt=\"\" width=\"550\" height=\"550\" srcset=\"https:\/\/www.yunkuntech.com\/wp-content\/uploads\/2025\/05\/\u8be6\u60c5\u56fe_1-3.jpg 550w, https:\/\/www.yunkuntech.com\/wp-content\/uploads\/2025\/05\/\u8be6\u60c5\u56fe_1-3-300x300.jpg 300w, https:\/\/www.yunkuntech.com\/wp-content\/uploads\/2025\/05\/\u8be6\u60c5\u56fe_1-3-150x150.jpg 150w, https:\/\/www.yunkuntech.com\/wp-content\/uploads\/2025\/05\/\u8be6\u60c5\u56fe_1-3-12x12.jpg 12w, https:\/\/www.yunkuntech.com\/wp-content\/uploads\/2025\/05\/\u8be6\u60c5\u56fe_1-3-430x430.jpg 430w\" sizes=\"auto, (max-width: 550px) 100vw, 550px\" \/> <img loading=\"lazy\" decoding=\"async\" class=\"alignnone size-full wp-image-9064\" src=\"https:\/\/www.yunkuntech.com\/wp-content\/uploads\/2025\/05\/\u8be6\u60c5\u56fe_3.jpg\" alt=\"\" width=\"1600\" height=\"1600\" srcset=\"https:\/\/www.yunkuntech.com\/wp-content\/uploads\/2025\/05\/\u8be6\u60c5\u56fe_3.jpg 1600w, https:\/\/www.yunkuntech.com\/wp-content\/uploads\/2025\/05\/\u8be6\u60c5\u56fe_3-300x300.jpg 300w, https:\/\/www.yunkuntech.com\/wp-content\/uploads\/2025\/05\/\u8be6\u60c5\u56fe_3-800x800.jpg 800w, https:\/\/www.yunkuntech.com\/wp-content\/uploads\/2025\/05\/\u8be6\u60c5\u56fe_3-150x150.jpg 150w, https:\/\/www.yunkuntech.com\/wp-content\/uploads\/2025\/05\/\u8be6\u60c5\u56fe_3-768x768.jpg 768w, https:\/\/www.yunkuntech.com\/wp-content\/uploads\/2025\/05\/\u8be6\u60c5\u56fe_3-1536x1536.jpg 1536w, https:\/\/www.yunkuntech.com\/wp-content\/uploads\/2025\/05\/\u8be6\u60c5\u56fe_3-12x12.jpg 12w, https:\/\/www.yunkuntech.com\/wp-content\/uploads\/2025\/05\/\u8be6\u60c5\u56fe_3-860x860.jpg 860w, https:\/\/www.yunkuntech.com\/wp-content\/uploads\/2025\/05\/\u8be6\u60c5\u56fe_3-430x430.jpg 430w, https:\/\/www.yunkuntech.com\/wp-content\/uploads\/2025\/05\/\u8be6\u60c5\u56fe_3-700x700.jpg 700w\" sizes=\"auto, (max-width: 1600px) 100vw, 1600px\" \/> <img loading=\"lazy\" decoding=\"async\" class=\"alignnone size-full wp-image-9065\" src=\"https:\/\/www.yunkuntech.com\/wp-content\/uploads\/2025\/05\/\u4e3b\u56fe_5-4.jpg\" alt=\"\" width=\"1200\" height=\"1200\" srcset=\"https:\/\/www.yunkuntech.com\/wp-content\/uploads\/2025\/05\/\u4e3b\u56fe_5-4.jpg 1200w, https:\/\/www.yunkuntech.com\/wp-content\/uploads\/2025\/05\/\u4e3b\u56fe_5-4-300x300.jpg 300w, https:\/\/www.yunkuntech.com\/wp-content\/uploads\/2025\/05\/\u4e3b\u56fe_5-4-800x800.jpg 800w, https:\/\/www.yunkuntech.com\/wp-content\/uploads\/2025\/05\/\u4e3b\u56fe_5-4-150x150.jpg 150w, https:\/\/www.yunkuntech.com\/wp-content\/uploads\/2025\/05\/\u4e3b\u56fe_5-4-768x768.jpg 768w, https:\/\/www.yunkuntech.com\/wp-content\/uploads\/2025\/05\/\u4e3b\u56fe_5-4-12x12.jpg 12w, https:\/\/www.yunkuntech.com\/wp-content\/uploads\/2025\/05\/\u4e3b\u56fe_5-4-860x860.jpg 860w, https:\/\/www.yunkuntech.com\/wp-content\/uploads\/2025\/05\/\u4e3b\u56fe_5-4-430x430.jpg 430w, https:\/\/www.yunkuntech.com\/wp-content\/uploads\/2025\/05\/\u4e3b\u56fe_5-4-700x700.jpg 700w\" sizes=\"auto, (max-width: 1200px) 100vw, 1200px\" \/><\/p>","protected":false},"excerpt":{"rendered":"<p>Briquet Personnaliser la cl\u00e9 USB Attributs cl\u00e9s Attributs sp\u00e9cifiques \u00e0 l'industrie Mat\u00e9riau : Plastique Type d'interface : USB 2.0 Autres caract\u00e9ristiques Garantie (ann\u00e9e) : 5 ans lieu de fabrication<\/p>","protected":false},"featured_media":9062,"comment_status":"closed","ping_status":"closed","template":"","meta":[],"product_cat":[76],"product_tag":[],"class_list":["post-9061","product","type-product","status-publish","has-post-thumbnail","hentry","product_cat-usb-drive"],"_links":{"self":[{"href":"https:\/\/www.yunkuntech.com\/fr\/wp-json\/wp\/v2\/product\/9061","targetHints":{"allow":["GET"]}}],"collection":[{"href":"https:\/\/www.yunkuntech.com\/fr\/wp-json\/wp\/v2\/product"}],"about":[{"href":"https:\/\/www.yunkuntech.com\/fr\/wp-json\/wp\/v2\/types\/product"}],"replies":[{"embeddable":true,"href":"https:\/\/www.yunkuntech.com\/fr\/wp-json\/wp\/v2\/comments?post=9061"}],"version-history":[{"count":1,"href":"https:\/\/www.yunkuntech.com\/fr\/wp-json\/wp\/v2\/product\/9061\/revisions"}],"predecessor-version":[{"id":9066,"href":"https:\/\/www.yunkuntech.com\/fr\/wp-json\/wp\/v2\/product\/9061\/revisions\/9066"}],"wp:featuredmedia":[{"embeddable":true,"href":"https:\/\/www.yunkuntech.com\/fr\/wp-json\/wp\/v2\/media\/9062"}],"wp:attachment":[{"href":"https:\/\/www.yunkuntech.com\/fr\/wp-json\/wp\/v2\/media?parent=9061"}],"wp:term":[{"taxonomy":"product_cat","embeddable":true,"href":"https:\/\/www.yunkuntech.com\/fr\/wp-json\/wp\/v2\/product_cat?post=9061"},{"taxonomy":"product_tag","embeddable":true,"href":"https:\/\/www.yunkuntech.com\/fr\/wp-json\/wp\/v2\/product_tag?post=9061"}],"curies":[{"name":"wp","href":"https:\/\/api.w.org\/{rel}","templated":true}]}}