{"id":9053,"date":"2025-05-14T15:45:34","date_gmt":"2025-05-14T07:45:34","guid":{"rendered":"https:\/\/www.yunkuntech.com\/?post_type=product&#038;p=9053"},"modified":"2025-05-14T15:46:03","modified_gmt":"2025-05-14T07:46:03","slug":"oem-waterproof-metal-silver-usb-flash-drive","status":"publish","type":"product","link":"https:\/\/www.yunkuntech.com\/fr\/product\/oem-waterproof-metal-silver-usb-flash-drive\/","title":{"rendered":"Cl\u00e9 USB OEM \u00e9tanche en m\u00e9tal argent\u00e9\u00a0"},"content":{"rendered":"<h1 title=\"OEM Waterproof Metal Silver Usb Flash Drive Pen Drive Memory Disk 4GB 8GB 16GB 32GB Pendrive with Key Ring U Disk Bag Business\" data-spm-anchor-id=\"a2700.details.0.i0.3ebd2252L7ZlKW\">Cl\u00e9 USB OEM \u00e9tanche en m\u00e9tal argent\u00e9<\/h1>\n<h2 id=\"key-attributes\" class=\"att-title\" data-spm-anchor-id=\"a2700.details.0.i78.502c1f09U2YlfU\">Caract\u00e9ristiques principales<\/h2>\n<div class=\"attribute-info\">\n<h3>Attributs sp\u00e9cifiques \u00e0 l'industrie<\/h3>\n<div class=\"attribute-list\">\n<div class=\"attribute-item\">\n<div class=\"left\">mat\u00e9riau : Plastique<\/div>\n<\/div>\n<div class=\"attribute-item\">\n<div class=\"left\">type d'interface : USB 2.0<\/div>\n<\/div>\n<\/div>\n<h3>Autres caract\u00e9ristiques<\/h3>\n<div class=\"attribute-list\">\n<div class=\"attribute-item\">\n<div class=\"left\">garantie (ann\u00e9e) : 5 ans<\/div>\n<\/div>\n<div class=\"attribute-item\">\n<div class=\"left\">lieu d'origine : Guangdong, Chine<\/div>\n<\/div>\n<div class=\"attribute-item\">\n<div class=\"left\">Marque : Support personnalis\u00e9 avec votre logo<\/div>\n<\/div>\n<div class=\"attribute-item\">\n<div class=\"left\">Certification : CE\/RoHS<\/div>\n<\/div>\n<div class=\"attribute-item\">\n<div class=\"left\">Capacity: 128MB\/256MB\/512MB\/1GB\/2GB\/4GB\/8GB\/16GB\/32GB\/64GB\/128GB<\/div>\n<\/div>\n<div class=\"attribute-item\">\n<div class=\"left\">Logo : Impression HD\/UV\/Laser\/S\u00e9rigraphie<\/div>\n<\/div>\n<div class=\"attribute-item\">\n<div class=\"left\">Type : cl\u00e9 USB pivotante<\/div>\n<\/div>\n<div class=\"attribute-item\">\n<div class=\"left\">Emballage : Sac en poly\u00e9thyl\u00e8ne\/bo\u00eete cadeau\/bo\u00eete en PP\/bo\u00eete en papier<\/div>\n<\/div>\n<div class=\"attribute-item\">\n<div class=\"left\">Couleur : couleur PMS<\/div>\n<\/div>\n<div class=\"attribute-item\">\n<div class=\"left\">H2 : adopt\u00e9<\/div>\n<\/div>\n<div class=\"attribute-item\">\n<div class=\"left\">MOQ : 50 pi\u00e8ces<\/div>\n<\/div>\n<div class=\"attribute-item\">\n<div class=\"left\">Poids : 16g<\/div>\n<\/div>\n<\/div>\n<h3>Emballage et livraison<\/h3>\n<div class=\"attribute-list\">\n<div class=\"attribute-item\">\n<div class=\"left\">Unit\u00e9s de vente : Article unique<\/div>\n<\/div>\n<div class=\"attribute-item\">\n<div class=\"left\">Taille de l'emballage unique : 5X3X3 cm<\/div>\n<\/div>\n<div class=\"attribute-item\">\n<div class=\"left\">Poids brut simple : 0,030 kg<\/div>\n<div><img loading=\"lazy\" decoding=\"async\" class=\"alignnone size-full wp-image-9054\" src=\"https:\/\/www.yunkuntech.com\/wp-content\/uploads\/2025\/05\/\u8be6\u60c5\u56fe_8.png\" alt=\"\" width=\"433\" height=\"626\" srcset=\"https:\/\/www.yunkuntech.com\/wp-content\/uploads\/2025\/05\/\u8be6\u60c5\u56fe_8.png 433w, https:\/\/www.yunkuntech.com\/wp-content\/uploads\/2025\/05\/\u8be6\u60c5\u56fe_8-208x300.png 208w, https:\/\/www.yunkuntech.com\/wp-content\/uploads\/2025\/05\/\u8be6\u60c5\u56fe_8-8x12.png 8w, https:\/\/www.yunkuntech.com\/wp-content\/uploads\/2025\/05\/\u8be6\u60c5\u56fe_8-430x622.png 430w, https:\/\/www.yunkuntech.com\/wp-content\/uploads\/2025\/05\/\u8be6\u60c5\u56fe_8-150x217.png 150w\" sizes=\"auto, (max-width: 433px) 100vw, 433px\" \/> <img loading=\"lazy\" decoding=\"async\" class=\"alignnone size-full wp-image-9055\" src=\"https:\/\/www.yunkuntech.com\/wp-content\/uploads\/2025\/05\/\u8be6\u60c5\u56fe_9-1.jpg\" alt=\"\" width=\"1000\" height=\"1000\" srcset=\"https:\/\/www.yunkuntech.com\/wp-content\/uploads\/2025\/05\/\u8be6\u60c5\u56fe_9-1.jpg 1000w, https:\/\/www.yunkuntech.com\/wp-content\/uploads\/2025\/05\/\u8be6\u60c5\u56fe_9-1-300x300.jpg 300w, https:\/\/www.yunkuntech.com\/wp-content\/uploads\/2025\/05\/\u8be6\u60c5\u56fe_9-1-800x800.jpg 800w, https:\/\/www.yunkuntech.com\/wp-content\/uploads\/2025\/05\/\u8be6\u60c5\u56fe_9-1-150x150.jpg 150w, https:\/\/www.yunkuntech.com\/wp-content\/uploads\/2025\/05\/\u8be6\u60c5\u56fe_9-1-768x768.jpg 768w, https:\/\/www.yunkuntech.com\/wp-content\/uploads\/2025\/05\/\u8be6\u60c5\u56fe_9-1-12x12.jpg 12w, https:\/\/www.yunkuntech.com\/wp-content\/uploads\/2025\/05\/\u8be6\u60c5\u56fe_9-1-860x860.jpg 860w, https:\/\/www.yunkuntech.com\/wp-content\/uploads\/2025\/05\/\u8be6\u60c5\u56fe_9-1-430x430.jpg 430w, https:\/\/www.yunkuntech.com\/wp-content\/uploads\/2025\/05\/\u8be6\u60c5\u56fe_9-1-700x700.jpg 700w\" sizes=\"auto, (max-width: 1000px) 100vw, 1000px\" \/> <img loading=\"lazy\" decoding=\"async\" class=\"alignnone size-full wp-image-9056\" src=\"https:\/\/www.yunkuntech.com\/wp-content\/uploads\/2025\/05\/\u8be6\u60c5\u56fe_10.jpg\" alt=\"\" width=\"1000\" height=\"1000\" srcset=\"https:\/\/www.yunkuntech.com\/wp-content\/uploads\/2025\/05\/\u8be6\u60c5\u56fe_10.jpg 1000w, https:\/\/www.yunkuntech.com\/wp-content\/uploads\/2025\/05\/\u8be6\u60c5\u56fe_10-300x300.jpg 300w, https:\/\/www.yunkuntech.com\/wp-content\/uploads\/2025\/05\/\u8be6\u60c5\u56fe_10-800x800.jpg 800w, https:\/\/www.yunkuntech.com\/wp-content\/uploads\/2025\/05\/\u8be6\u60c5\u56fe_10-150x150.jpg 150w, https:\/\/www.yunkuntech.com\/wp-content\/uploads\/2025\/05\/\u8be6\u60c5\u56fe_10-768x768.jpg 768w, https:\/\/www.yunkuntech.com\/wp-content\/uploads\/2025\/05\/\u8be6\u60c5\u56fe_10-12x12.jpg 12w, https:\/\/www.yunkuntech.com\/wp-content\/uploads\/2025\/05\/\u8be6\u60c5\u56fe_10-860x860.jpg 860w, https:\/\/www.yunkuntech.com\/wp-content\/uploads\/2025\/05\/\u8be6\u60c5\u56fe_10-430x430.jpg 430w, https:\/\/www.yunkuntech.com\/wp-content\/uploads\/2025\/05\/\u8be6\u60c5\u56fe_10-700x700.jpg 700w\" sizes=\"auto, (max-width: 1000px) 100vw, 1000px\" \/> <img loading=\"lazy\" decoding=\"async\" class=\"alignnone size-full wp-image-9057\" src=\"https:\/\/www.yunkuntech.com\/wp-content\/uploads\/2025\/05\/\u8be6\u60c5\u56fe_11-1.jpg\" alt=\"\" width=\"640\" height=\"640\" srcset=\"https:\/\/www.yunkuntech.com\/wp-content\/uploads\/2025\/05\/\u8be6\u60c5\u56fe_11-1.jpg 640w, https:\/\/www.yunkuntech.com\/wp-content\/uploads\/2025\/05\/\u8be6\u60c5\u56fe_11-1-300x300.jpg 300w, https:\/\/www.yunkuntech.com\/wp-content\/uploads\/2025\/05\/\u8be6\u60c5\u56fe_11-1-150x150.jpg 150w, https:\/\/www.yunkuntech.com\/wp-content\/uploads\/2025\/05\/\u8be6\u60c5\u56fe_11-1-12x12.jpg 12w, https:\/\/www.yunkuntech.com\/wp-content\/uploads\/2025\/05\/\u8be6\u60c5\u56fe_11-1-430x430.jpg 430w\" sizes=\"auto, (max-width: 640px) 100vw, 640px\" \/> <img loading=\"lazy\" decoding=\"async\" class=\"alignnone size-full wp-image-9058\" src=\"https:\/\/www.yunkuntech.com\/wp-content\/uploads\/2025\/05\/\u8be6\u60c5\u56fe_15.jpg\" alt=\"\" width=\"756\" height=\"618\" srcset=\"https:\/\/www.yunkuntech.com\/wp-content\/uploads\/2025\/05\/\u8be6\u60c5\u56fe_15.jpg 756w, https:\/\/www.yunkuntech.com\/wp-content\/uploads\/2025\/05\/\u8be6\u60c5\u56fe_15-367x300.jpg 367w, https:\/\/www.yunkuntech.com\/wp-content\/uploads\/2025\/05\/\u8be6\u60c5\u56fe_15-15x12.jpg 15w, https:\/\/www.yunkuntech.com\/wp-content\/uploads\/2025\/05\/\u8be6\u60c5\u56fe_15-430x352.jpg 430w, https:\/\/www.yunkuntech.com\/wp-content\/uploads\/2025\/05\/\u8be6\u60c5\u56fe_15-700x572.jpg 700w, https:\/\/www.yunkuntech.com\/wp-content\/uploads\/2025\/05\/\u8be6\u60c5\u56fe_15-150x123.jpg 150w\" sizes=\"auto, (max-width: 756px) 100vw, 756px\" \/> <img loading=\"lazy\" decoding=\"async\" class=\"alignnone size-full wp-image-9059\" src=\"https:\/\/www.yunkuntech.com\/wp-content\/uploads\/2025\/05\/\u8be6\u60c5\u56fe_16.png\" alt=\"\" width=\"1293\" height=\"889\" srcset=\"https:\/\/www.yunkuntech.com\/wp-content\/uploads\/2025\/05\/\u8be6\u60c5\u56fe_16.png 1293w, https:\/\/www.yunkuntech.com\/wp-content\/uploads\/2025\/05\/\u8be6\u60c5\u56fe_16-400x275.png 400w, https:\/\/www.yunkuntech.com\/wp-content\/uploads\/2025\/05\/\u8be6\u60c5\u56fe_16-1164x800.png 1164w, https:\/\/www.yunkuntech.com\/wp-content\/uploads\/2025\/05\/\u8be6\u60c5\u56fe_16-768x528.png 768w, https:\/\/www.yunkuntech.com\/wp-content\/uploads\/2025\/05\/\u8be6\u60c5\u56fe_16-18x12.png 18w, https:\/\/www.yunkuntech.com\/wp-content\/uploads\/2025\/05\/\u8be6\u60c5\u56fe_16-860x591.png 860w, https:\/\/www.yunkuntech.com\/wp-content\/uploads\/2025\/05\/\u8be6\u60c5\u56fe_16-430x296.png 430w, https:\/\/www.yunkuntech.com\/wp-content\/uploads\/2025\/05\/\u8be6\u60c5\u56fe_16-700x481.png 700w, https:\/\/www.yunkuntech.com\/wp-content\/uploads\/2025\/05\/\u8be6\u60c5\u56fe_16-150x103.png 150w\" sizes=\"auto, (max-width: 1293px) 100vw, 1293px\" \/><\/div>\n<\/div>\n<\/div>\n<\/div>","protected":false},"excerpt":{"rendered":"<p>OEM Waterproof Metal Silver Usb Flash Drive Attributs cl\u00e9s Attributs sp\u00e9cifiques \u00e0 l'industrie Mat\u00e9riau : Plastique Type d'interface : USB 2.0 Autres caract\u00e9ristiques garantie (ann\u00e9e) :<\/p>","protected":false},"featured_media":9056,"comment_status":"closed","ping_status":"closed","template":"","meta":[],"product_cat":[76],"product_tag":[],"class_list":["post-9053","product","type-product","status-publish","has-post-thumbnail","hentry","product_cat-usb-drive"],"_links":{"self":[{"href":"https:\/\/www.yunkuntech.com\/fr\/wp-json\/wp\/v2\/product\/9053","targetHints":{"allow":["GET"]}}],"collection":[{"href":"https:\/\/www.yunkuntech.com\/fr\/wp-json\/wp\/v2\/product"}],"about":[{"href":"https:\/\/www.yunkuntech.com\/fr\/wp-json\/wp\/v2\/types\/product"}],"replies":[{"embeddable":true,"href":"https:\/\/www.yunkuntech.com\/fr\/wp-json\/wp\/v2\/comments?post=9053"}],"version-history":[{"count":1,"href":"https:\/\/www.yunkuntech.com\/fr\/wp-json\/wp\/v2\/product\/9053\/revisions"}],"predecessor-version":[{"id":9060,"href":"https:\/\/www.yunkuntech.com\/fr\/wp-json\/wp\/v2\/product\/9053\/revisions\/9060"}],"wp:featuredmedia":[{"embeddable":true,"href":"https:\/\/www.yunkuntech.com\/fr\/wp-json\/wp\/v2\/media\/9056"}],"wp:attachment":[{"href":"https:\/\/www.yunkuntech.com\/fr\/wp-json\/wp\/v2\/media?parent=9053"}],"wp:term":[{"taxonomy":"product_cat","embeddable":true,"href":"https:\/\/www.yunkuntech.com\/fr\/wp-json\/wp\/v2\/product_cat?post=9053"},{"taxonomy":"product_tag","embeddable":true,"href":"https:\/\/www.yunkuntech.com\/fr\/wp-json\/wp\/v2\/product_tag?post=9053"}],"curies":[{"name":"wp","href":"https:\/\/api.w.org\/{rel}","templated":true}]}}