{"id":9035,"date":"2025-05-14T15:19:34","date_gmt":"2025-05-14T07:19:34","guid":{"rendered":"https:\/\/www.yunkuntech.com\/?post_type=product&#038;p=9035"},"modified":"2025-05-14T15:19:34","modified_gmt":"2025-05-14T07:19:34","slug":"promotional-custom-credit-card-usb-flash-drive","status":"publish","type":"product","link":"https:\/\/www.yunkuntech.com\/fr\/product\/promotional-custom-credit-card-usb-flash-drive\/","title":{"rendered":"Cl\u00e9 USB promotionnelle pour carte de cr\u00e9dit"},"content":{"rendered":"<h1 title=\"Cl\u00e9 USB personnalis\u00e9e Cle Stick Memorias 64gb Pendrive Memory Card Usb Flash Drive\" data-spm-anchor-id=\"a2700.details.0.i73.7b376c86WtMY0o\">Cl\u00e9 USB promotionnelle pour carte de cr\u00e9dit<\/h1>\n<h2 id=\"key-attributes\" class=\"att-title\" data-spm-anchor-id=\"a2700.details.0.i78.502c1f09U2YlfU\">Caract\u00e9ristiques principales<\/h2>\n<div class=\"attribute-info\">\n<h3>Attributs sp\u00e9cifiques \u00e0 l'industrie<\/h3>\n<div class=\"attribute-list\">\n<div class=\"attribute-item\">\n<div class=\"left\">mat\u00e9riau : Plastique<\/div>\n<\/div>\n<div class=\"attribute-item\">\n<div class=\"left\">type d'interface : USB 2.0<\/div>\n<\/div>\n<\/div>\n<h3>Autres caract\u00e9ristiques<\/h3>\n<div class=\"attribute-list\">\n<div class=\"attribute-item\">\n<div class=\"left\">garantie (ann\u00e9e) : 5 ans<\/div>\n<\/div>\n<div class=\"attribute-item\">\n<div class=\"left\">lieu d'origine : Guangdong, Chine<\/div>\n<\/div>\n<div class=\"attribute-item\">\n<div class=\"left\">Marque : Support personnalis\u00e9 avec votre logo<\/div>\n<\/div>\n<div class=\"attribute-item\">\n<div class=\"left\">Certification : CE\/RoHS<\/div>\n<\/div>\n<div class=\"attribute-item\">\n<div class=\"left\">Capacity: 128MB\/256MB\/512MB\/1GB\/2GB\/4GB\/8GB\/16GB\/32GB\/64GB\/128GB<\/div>\n<\/div>\n<div class=\"attribute-item\">\n<div class=\"left\">Logo : Impression HD\/UV\/Laser\/S\u00e9rigraphie<\/div>\n<\/div>\n<div class=\"attribute-item\">\n<div class=\"left\">Type : cl\u00e9 USB pivotante<\/div>\n<\/div>\n<div class=\"attribute-item\">\n<div class=\"left\">Emballage : Sac en poly\u00e9thyl\u00e8ne\/bo\u00eete cadeau\/bo\u00eete en PP\/bo\u00eete en papier<\/div>\n<\/div>\n<div class=\"attribute-item\">\n<div class=\"left\">Couleur : couleur PMS<\/div>\n<\/div>\n<div class=\"attribute-item\">\n<div class=\"left\">H2 : adopt\u00e9<\/div>\n<\/div>\n<div class=\"attribute-item\">\n<div class=\"left\">MOQ : 50 pi\u00e8ces<\/div>\n<\/div>\n<div class=\"attribute-item\">\n<div class=\"left\">Poids : 16g<\/div>\n<\/div>\n<\/div>\n<h3>Emballage et livraison<\/h3>\n<div class=\"attribute-list\">\n<div class=\"attribute-item\">\n<div class=\"left\">Unit\u00e9s de vente : Article unique<\/div>\n<\/div>\n<div class=\"attribute-item\">\n<div class=\"left\">Taille de l'emballage unique : 87*53*33mm<\/div>\n<\/div>\n<div class=\"attribute-item\">\n<div class=\"left\">Poids brut simple : 0,100 kg<\/div>\n<div><img loading=\"lazy\" decoding=\"async\" class=\"alignnone size-full wp-image-9036\" src=\"https:\/\/www.yunkuntech.com\/wp-content\/uploads\/2025\/05\/1747206565_\u8be6\u60c5\u56fe_5.jpg\" alt=\"\" width=\"700\" height=\"700\" srcset=\"https:\/\/www.yunkuntech.com\/wp-content\/uploads\/2025\/05\/1747206565_\u8be6\u60c5\u56fe_5.jpg 700w, https:\/\/www.yunkuntech.com\/wp-content\/uploads\/2025\/05\/1747206565_\u8be6\u60c5\u56fe_5-300x300.jpg 300w, https:\/\/www.yunkuntech.com\/wp-content\/uploads\/2025\/05\/1747206565_\u8be6\u60c5\u56fe_5-150x150.jpg 150w, https:\/\/www.yunkuntech.com\/wp-content\/uploads\/2025\/05\/1747206565_\u8be6\u60c5\u56fe_5-12x12.jpg 12w, https:\/\/www.yunkuntech.com\/wp-content\/uploads\/2025\/05\/1747206565_\u8be6\u60c5\u56fe_5-430x430.jpg 430w\" sizes=\"auto, (max-width: 700px) 100vw, 700px\" \/> <img loading=\"lazy\" decoding=\"async\" class=\"alignnone size-full wp-image-9037\" src=\"https:\/\/www.yunkuntech.com\/wp-content\/uploads\/2025\/05\/\u8be6\u60c5\u56fe_6-2.jpg\" alt=\"\" width=\"1000\" height=\"1000\" srcset=\"https:\/\/www.yunkuntech.com\/wp-content\/uploads\/2025\/05\/\u8be6\u60c5\u56fe_6-2.jpg 1000w, https:\/\/www.yunkuntech.com\/wp-content\/uploads\/2025\/05\/\u8be6\u60c5\u56fe_6-2-300x300.jpg 300w, https:\/\/www.yunkuntech.com\/wp-content\/uploads\/2025\/05\/\u8be6\u60c5\u56fe_6-2-800x800.jpg 800w, https:\/\/www.yunkuntech.com\/wp-content\/uploads\/2025\/05\/\u8be6\u60c5\u56fe_6-2-150x150.jpg 150w, https:\/\/www.yunkuntech.com\/wp-content\/uploads\/2025\/05\/\u8be6\u60c5\u56fe_6-2-768x768.jpg 768w, https:\/\/www.yunkuntech.com\/wp-content\/uploads\/2025\/05\/\u8be6\u60c5\u56fe_6-2-12x12.jpg 12w, https:\/\/www.yunkuntech.com\/wp-content\/uploads\/2025\/05\/\u8be6\u60c5\u56fe_6-2-860x860.jpg 860w, https:\/\/www.yunkuntech.com\/wp-content\/uploads\/2025\/05\/\u8be6\u60c5\u56fe_6-2-430x430.jpg 430w, https:\/\/www.yunkuntech.com\/wp-content\/uploads\/2025\/05\/\u8be6\u60c5\u56fe_6-2-700x700.jpg 700w\" sizes=\"auto, (max-width: 1000px) 100vw, 1000px\" \/> <img loading=\"lazy\" decoding=\"async\" class=\"alignnone size-full wp-image-9038\" src=\"https:\/\/www.yunkuntech.com\/wp-content\/uploads\/2025\/05\/\u8be6\u60c5\u56fe_7.png\" alt=\"\" width=\"640\" height=\"640\" srcset=\"https:\/\/www.yunkuntech.com\/wp-content\/uploads\/2025\/05\/\u8be6\u60c5\u56fe_7.png 640w, https:\/\/www.yunkuntech.com\/wp-content\/uploads\/2025\/05\/\u8be6\u60c5\u56fe_7-300x300.png 300w, https:\/\/www.yunkuntech.com\/wp-content\/uploads\/2025\/05\/\u8be6\u60c5\u56fe_7-150x150.png 150w, https:\/\/www.yunkuntech.com\/wp-content\/uploads\/2025\/05\/\u8be6\u60c5\u56fe_7-12x12.png 12w, https:\/\/www.yunkuntech.com\/wp-content\/uploads\/2025\/05\/\u8be6\u60c5\u56fe_7-430x430.png 430w\" sizes=\"auto, (max-width: 640px) 100vw, 640px\" \/> <img loading=\"lazy\" decoding=\"async\" class=\"alignnone size-full wp-image-9039\" src=\"https:\/\/www.yunkuntech.com\/wp-content\/uploads\/2025\/05\/\u4e3b\u56fe_1-4.jpg\" alt=\"\" width=\"1000\" height=\"1000\" srcset=\"https:\/\/www.yunkuntech.com\/wp-content\/uploads\/2025\/05\/\u4e3b\u56fe_1-4.jpg 1000w, https:\/\/www.yunkuntech.com\/wp-content\/uploads\/2025\/05\/\u4e3b\u56fe_1-4-300x300.jpg 300w, https:\/\/www.yunkuntech.com\/wp-content\/uploads\/2025\/05\/\u4e3b\u56fe_1-4-800x800.jpg 800w, https:\/\/www.yunkuntech.com\/wp-content\/uploads\/2025\/05\/\u4e3b\u56fe_1-4-150x150.jpg 150w, https:\/\/www.yunkuntech.com\/wp-content\/uploads\/2025\/05\/\u4e3b\u56fe_1-4-768x768.jpg 768w, https:\/\/www.yunkuntech.com\/wp-content\/uploads\/2025\/05\/\u4e3b\u56fe_1-4-12x12.jpg 12w, https:\/\/www.yunkuntech.com\/wp-content\/uploads\/2025\/05\/\u4e3b\u56fe_1-4-860x860.jpg 860w, https:\/\/www.yunkuntech.com\/wp-content\/uploads\/2025\/05\/\u4e3b\u56fe_1-4-430x430.jpg 430w, https:\/\/www.yunkuntech.com\/wp-content\/uploads\/2025\/05\/\u4e3b\u56fe_1-4-700x700.jpg 700w\" sizes=\"auto, (max-width: 1000px) 100vw, 1000px\" \/> <img loading=\"lazy\" decoding=\"async\" class=\"alignnone size-full wp-image-9040\" src=\"https:\/\/www.yunkuntech.com\/wp-content\/uploads\/2025\/05\/1747206285_\u8be6\u60c5\u56fe_9.jpg\" alt=\"\" width=\"800\" height=\"800\" srcset=\"https:\/\/www.yunkuntech.com\/wp-content\/uploads\/2025\/05\/1747206285_\u8be6\u60c5\u56fe_9.jpg 800w, https:\/\/www.yunkuntech.com\/wp-content\/uploads\/2025\/05\/1747206285_\u8be6\u60c5\u56fe_9-300x300.jpg 300w, https:\/\/www.yunkuntech.com\/wp-content\/uploads\/2025\/05\/1747206285_\u8be6\u60c5\u56fe_9-150x150.jpg 150w, https:\/\/www.yunkuntech.com\/wp-content\/uploads\/2025\/05\/1747206285_\u8be6\u60c5\u56fe_9-768x768.jpg 768w, https:\/\/www.yunkuntech.com\/wp-content\/uploads\/2025\/05\/1747206285_\u8be6\u60c5\u56fe_9-12x12.jpg 12w, https:\/\/www.yunkuntech.com\/wp-content\/uploads\/2025\/05\/1747206285_\u8be6\u60c5\u56fe_9-430x430.jpg 430w, https:\/\/www.yunkuntech.com\/wp-content\/uploads\/2025\/05\/1747206285_\u8be6\u60c5\u56fe_9-700x700.jpg 700w\" sizes=\"auto, (max-width: 800px) 100vw, 800px\" \/> <img loading=\"lazy\" decoding=\"async\" class=\"alignnone size-full wp-image-9041\" src=\"https:\/\/www.yunkuntech.com\/wp-content\/uploads\/2025\/05\/1747206285_\u8be6\u60c5\u56fe_9.png\" alt=\"\" width=\"800\" height=\"791\" srcset=\"https:\/\/www.yunkuntech.com\/wp-content\/uploads\/2025\/05\/1747206285_\u8be6\u60c5\u56fe_9.png 800w, https:\/\/www.yunkuntech.com\/wp-content\/uploads\/2025\/05\/1747206285_\u8be6\u60c5\u56fe_9-303x300.png 303w, https:\/\/www.yunkuntech.com\/wp-content\/uploads\/2025\/05\/1747206285_\u8be6\u60c5\u56fe_9-768x759.png 768w, https:\/\/www.yunkuntech.com\/wp-content\/uploads\/2025\/05\/1747206285_\u8be6\u60c5\u56fe_9-12x12.png 12w, https:\/\/www.yunkuntech.com\/wp-content\/uploads\/2025\/05\/1747206285_\u8be6\u60c5\u56fe_9-430x425.png 430w, https:\/\/www.yunkuntech.com\/wp-content\/uploads\/2025\/05\/1747206285_\u8be6\u60c5\u56fe_9-700x692.png 700w, https:\/\/www.yunkuntech.com\/wp-content\/uploads\/2025\/05\/1747206285_\u8be6\u60c5\u56fe_9-150x148.png 150w\" sizes=\"auto, (max-width: 800px) 100vw, 800px\" \/> <img loading=\"lazy\" decoding=\"async\" class=\"alignnone size-full wp-image-9042\" src=\"https:\/\/www.yunkuntech.com\/wp-content\/uploads\/2025\/05\/1747206565_\u8be6\u60c5\u56fe_31.png\" alt=\"\" width=\"800\" height=\"600\" srcset=\"https:\/\/www.yunkuntech.com\/wp-content\/uploads\/2025\/05\/1747206565_\u8be6\u60c5\u56fe_31.png 800w, https:\/\/www.yunkuntech.com\/wp-content\/uploads\/2025\/05\/1747206565_\u8be6\u60c5\u56fe_31-400x300.png 400w, https:\/\/www.yunkuntech.com\/wp-content\/uploads\/2025\/05\/1747206565_\u8be6\u60c5\u56fe_31-768x576.png 768w, https:\/\/www.yunkuntech.com\/wp-content\/uploads\/2025\/05\/1747206565_\u8be6\u60c5\u56fe_31-16x12.png 16w, https:\/\/www.yunkuntech.com\/wp-content\/uploads\/2025\/05\/1747206565_\u8be6\u60c5\u56fe_31-430x323.png 430w, https:\/\/www.yunkuntech.com\/wp-content\/uploads\/2025\/05\/1747206565_\u8be6\u60c5\u56fe_31-700x525.png 700w, https:\/\/www.yunkuntech.com\/wp-content\/uploads\/2025\/05\/1747206565_\u8be6\u60c5\u56fe_31-150x113.png 150w\" sizes=\"auto, (max-width: 800px) 100vw, 800px\" \/><\/div>\n<\/div>\n<\/div>\n<\/div>","protected":false},"excerpt":{"rendered":"<p>Cl\u00e9 USB promotionnelle \u00e0 carte de cr\u00e9dit personnalis\u00e9e Attributs cl\u00e9s Attributs sp\u00e9cifiques \u00e0 l'industrie Mat\u00e9riau : Plastique Type d'interface : USB 2.0 Autres caract\u00e9ristiques garantie (ann\u00e9e) :<\/p>","protected":false},"featured_media":9036,"comment_status":"closed","ping_status":"closed","template":"","meta":[],"product_cat":[76],"product_tag":[],"class_list":["post-9035","product","type-product","status-publish","has-post-thumbnail","hentry","product_cat-usb-drive"],"_links":{"self":[{"href":"https:\/\/www.yunkuntech.com\/fr\/wp-json\/wp\/v2\/product\/9035","targetHints":{"allow":["GET"]}}],"collection":[{"href":"https:\/\/www.yunkuntech.com\/fr\/wp-json\/wp\/v2\/product"}],"about":[{"href":"https:\/\/www.yunkuntech.com\/fr\/wp-json\/wp\/v2\/types\/product"}],"replies":[{"embeddable":true,"href":"https:\/\/www.yunkuntech.com\/fr\/wp-json\/wp\/v2\/comments?post=9035"}],"version-history":[{"count":1,"href":"https:\/\/www.yunkuntech.com\/fr\/wp-json\/wp\/v2\/product\/9035\/revisions"}],"predecessor-version":[{"id":9043,"href":"https:\/\/www.yunkuntech.com\/fr\/wp-json\/wp\/v2\/product\/9035\/revisions\/9043"}],"wp:featuredmedia":[{"embeddable":true,"href":"https:\/\/www.yunkuntech.com\/fr\/wp-json\/wp\/v2\/media\/9036"}],"wp:attachment":[{"href":"https:\/\/www.yunkuntech.com\/fr\/wp-json\/wp\/v2\/media?parent=9035"}],"wp:term":[{"taxonomy":"product_cat","embeddable":true,"href":"https:\/\/www.yunkuntech.com\/fr\/wp-json\/wp\/v2\/product_cat?post=9035"},{"taxonomy":"product_tag","embeddable":true,"href":"https:\/\/www.yunkuntech.com\/fr\/wp-json\/wp\/v2\/product_tag?post=9035"}],"curies":[{"name":"wp","href":"https:\/\/api.w.org\/{rel}","templated":true}]}}