{"id":8861,"date":"2025-02-18T14:40:41","date_gmt":"2025-02-18T06:40:41","guid":{"rendered":"http:\/\/www.yunkuntech.com\/?post_type=product&#038;p=8861"},"modified":"2025-02-18T14:40:41","modified_gmt":"2025-02-18T06:40:41","slug":"100w-200w-6ah-20ah-solar-panels-photovoltaic-integrated-storage-battery-emergency-power-portable-power-station","status":"publish","type":"product","link":"https:\/\/www.yunkuntech.com\/fr\/product\/100w-200w-6ah-20ah-solar-panels-photovoltaic-integrated-storage-battery-emergency-power-portable-power-station\/","title":{"rendered":"100w 200w 6ah 20ah Panneaux solaires Photovolta\u00efque Batterie de stockage int\u00e9gr\u00e9e Alimentation de secours Centrale \u00e9lectrique portable"},"content":{"rendered":"<div class=\"attribute-info\">\n<div class=\"attribute-list\">\n<div class=\"attribute-item\">\n<div class=\"left\">\n<h2 data-spm-anchor-id=\"a2700.details.0.i79.3a793ff5aOFuux\">A propos de ce produit<\/h2>\n<ul class=\"\" data-spm-anchor-id=\"a2700.details.0.i95.3a793ff5aOFuux\">\n<li>Solution d'alimentation fiable : Cette centrale \u00e9lectrique portable est con\u00e7ue pour une utilisation \u00e0 l'ext\u00e9rieur et \u00e0 l'int\u00e9rieur, et constitue une solution d'alimentation fiable pour les situations d'urgence ou les applications hors r\u00e9seau. Elle peut \u00eatre utilis\u00e9e par les personnes qui ont besoin d'\u00e9lectricit\u00e9 en d\u00e9placement, comme les campeurs, les voyageurs ou les personnes touch\u00e9es par des catastrophes naturelles.<\/li>\n<li>Production d'\u00e9nergie solaire : Gr\u00e2ce \u00e0 son panneau solaire int\u00e9gr\u00e9, cette centrale peut \u00eatre recharg\u00e9e \u00e0 l'aide d'\u00e9nergie renouvelable, ce qui r\u00e9duit la d\u00e9pendance \u00e0 l'\u00e9gard des sources d'\u00e9nergie traditionnelles et minimise l'impact sur l'environnement. Cette fonction est id\u00e9ale pour les utilisateurs qui privil\u00e9gient le d\u00e9veloppement durable et le respect de l'environnement.<\/li>\n<li>Grande capacit\u00e9 et polyvalence : La station d'alimentation a une capacit\u00e9 de 200 W, ce qui permet de charger simultan\u00e9ment plusieurs appareils, notamment des ordinateurs portables, des smartphones et d'autres petits appareils. Sa polyvalence en fait un excellent choix pour les utilisateurs qui ont besoin d'une source d'alimentation fiable pour diverses applications.<\/li>\n<li>Caract\u00e9ristiques de s\u00e9curit\u00e9 : Ce produit comprend un onduleur sinuso\u00efdal modifi\u00e9 et une batterie au plomb, garantissant une alimentation stable et efficace. En outre, il est dot\u00e9 d'une fonction de charge sans fil, d'une lampe de poche et d'un port Type-C pour une charge et une gestion de l'alimentation pratiques.<\/li>\n<li>Conception compacte et portable : Pesant [poids indiqu\u00e9 par l'utilisateur], cette centrale \u00e9lectrique est con\u00e7ue pour \u00eatre l\u00e9g\u00e8re et compacte, ce qui la rend facile \u00e0 transporter et \u00e0 ranger. Elle est id\u00e9ale pour les utilisateurs qui ont besoin d'une solution d'alimentation portable pour leurs activit\u00e9s de plein air ou leurs kits de pr\u00e9paration aux situations d'urgence.\n<div class=\"attribute-list\">\n<div class=\"attribute-item\"><\/div>\n<div class=\"attribute-item\">\n<div class=\"left\"><\/div>\n<\/div>\n<\/div>\n<h3>Autres caract\u00e9ristiques<\/h3>\n<div class=\"attribute-list\">\n<div class=\"attribute-item\">\n<div class=\"left\">\n<div class=\"attribute-item\">\n<div class=\"left\" data-spm-anchor-id=\"a2700.details.0.i96.3a793ff5aOFuux\">Source d'\u00e9nergie : Panneau solaire<\/div>\n<\/div>\n<div class=\"attribute-item\">\n<div class=\"left\">Type de batterie : Batterie plomb-acide<\/div>\n<\/div>\n<div class=\"attribute-item\">\n<div class=\"left\">Type d'onduleur : Onde sinuso\u00efdale modifi\u00e9e<\/div>\n<\/div>\n<p>Lieu d'origine : Guangdong, Chine<\/p><\/div>\n<\/div>\n<div class=\"attribute-item\"><\/div>\n<div class=\"attribute-item\">\n<div class=\"left\">Caract\u00e9ristiques sp\u00e9ciales : Type C, Lampe de poche, Chargement sans fil<\/div>\n<\/div>\n<div class=\"attribute-item\">\n<div class=\"left\">Tension du syst\u00e8me : 220W<\/div>\n<\/div>\n<div class=\"attribute-item\">\n<div class=\"left\">Type de batterie : Batterie plomb-acide<\/div>\n<\/div>\n<div class=\"attribute-item\">\n<div class=\"left\">Nom du produit : Centrale solaire portable<\/div>\n<\/div>\n<div class=\"attribute-item\">\n<div class=\"left\">Application : Ext\u00e9rieur Int\u00e9rieur<\/div>\n<\/div>\n<div class=\"attribute-item\">\n<div class=\"left\">Sortie AC : 110V\/220V<\/div>\n<\/div>\n<div class=\"attribute-item\">\n<div class=\"left\">Fonction : Support d'alimentation<\/div>\n<\/div>\n<div class=\"attribute-item\">\n<div class=\"left\">Mot-cl\u00e9 : Centrale solaire<\/div>\n<\/div>\n<div class=\"attribute-item\">\n<div class=\"left\">Capacit\u00e9 de la batterie : 50Hz\/60Hz<\/div>\n<\/div>\n<div class=\"attribute-item\">\n<div class=\"left\">Certification : CE<\/div>\n<\/div>\n<div class=\"attribute-item\">\n<div class=\"left\">Utilisation : Alimentation de secours mobile portable pour l'ext\u00e9rieur<\/div>\n<\/div>\n<div class=\"attribute-item\">\n<div class=\"left\">Batterie : Batterie au plomb<\/div>\n<\/div>\n<\/div>\n<h3>Emballage et livraison<\/h3>\n<div class=\"attribute-list\">\n<div class=\"attribute-item\">\n<div class=\"left\">Unit\u00e9s de vente : Article unique<\/div>\n<\/div>\n<div class=\"attribute-item\">\n<div class=\"left\">Taille de l'emballage unique : 36X11X26 cm<\/div>\n<\/div>\n<div class=\"attribute-item\">\n<div class=\"left\">Poids brut simple : 8 000 kg<\/div>\n<\/div>\n<\/div>\n<\/li>\n<\/ul>\n<\/div>\n<\/div>\n<div><img loading=\"lazy\" decoding=\"async\" class=\"alignnone size-full wp-image-8862\" src=\"http:\/\/www.yunkuntech.com\/wp-content\/uploads\/2025\/02\/\u4e3b\u56fe_1-3.jpg\" alt=\"\" width=\"1001\" height=\"1001\" srcset=\"https:\/\/www.yunkuntech.com\/wp-content\/uploads\/2025\/02\/\u4e3b\u56fe_1-3.jpg 1001w, https:\/\/www.yunkuntech.com\/wp-content\/uploads\/2025\/02\/\u4e3b\u56fe_1-3-300x300.jpg 300w, https:\/\/www.yunkuntech.com\/wp-content\/uploads\/2025\/02\/\u4e3b\u56fe_1-3-800x800.jpg 800w, https:\/\/www.yunkuntech.com\/wp-content\/uploads\/2025\/02\/\u4e3b\u56fe_1-3-150x150.jpg 150w, https:\/\/www.yunkuntech.com\/wp-content\/uploads\/2025\/02\/\u4e3b\u56fe_1-3-768x768.jpg 768w, https:\/\/www.yunkuntech.com\/wp-content\/uploads\/2025\/02\/\u4e3b\u56fe_1-3-860x860.jpg 860w, https:\/\/www.yunkuntech.com\/wp-content\/uploads\/2025\/02\/\u4e3b\u56fe_1-3-430x430.jpg 430w, https:\/\/www.yunkuntech.com\/wp-content\/uploads\/2025\/02\/\u4e3b\u56fe_1-3-700x700.jpg 700w\" sizes=\"auto, (max-width: 1001px) 100vw, 1001px\" \/> <img loading=\"lazy\" decoding=\"async\" class=\"alignnone size-full wp-image-8863\" src=\"http:\/\/www.yunkuntech.com\/wp-content\/uploads\/2025\/02\/\u4e3b\u56fe_2-4.jpg\" alt=\"\" width=\"1001\" height=\"1001\" srcset=\"https:\/\/www.yunkuntech.com\/wp-content\/uploads\/2025\/02\/\u4e3b\u56fe_2-4.jpg 1001w, https:\/\/www.yunkuntech.com\/wp-content\/uploads\/2025\/02\/\u4e3b\u56fe_2-4-300x300.jpg 300w, https:\/\/www.yunkuntech.com\/wp-content\/uploads\/2025\/02\/\u4e3b\u56fe_2-4-800x800.jpg 800w, https:\/\/www.yunkuntech.com\/wp-content\/uploads\/2025\/02\/\u4e3b\u56fe_2-4-150x150.jpg 150w, https:\/\/www.yunkuntech.com\/wp-content\/uploads\/2025\/02\/\u4e3b\u56fe_2-4-768x768.jpg 768w, https:\/\/www.yunkuntech.com\/wp-content\/uploads\/2025\/02\/\u4e3b\u56fe_2-4-860x860.jpg 860w, https:\/\/www.yunkuntech.com\/wp-content\/uploads\/2025\/02\/\u4e3b\u56fe_2-4-430x430.jpg 430w, https:\/\/www.yunkuntech.com\/wp-content\/uploads\/2025\/02\/\u4e3b\u56fe_2-4-700x700.jpg 700w\" sizes=\"auto, (max-width: 1001px) 100vw, 1001px\" \/> <img loading=\"lazy\" decoding=\"async\" class=\"alignnone size-full wp-image-8864\" src=\"http:\/\/www.yunkuntech.com\/wp-content\/uploads\/2025\/02\/\u4e3b\u56fe_3-4.jpg\" alt=\"\" width=\"1001\" height=\"1001\" srcset=\"https:\/\/www.yunkuntech.com\/wp-content\/uploads\/2025\/02\/\u4e3b\u56fe_3-4.jpg 1001w, https:\/\/www.yunkuntech.com\/wp-content\/uploads\/2025\/02\/\u4e3b\u56fe_3-4-300x300.jpg 300w, https:\/\/www.yunkuntech.com\/wp-content\/uploads\/2025\/02\/\u4e3b\u56fe_3-4-800x800.jpg 800w, https:\/\/www.yunkuntech.com\/wp-content\/uploads\/2025\/02\/\u4e3b\u56fe_3-4-150x150.jpg 150w, https:\/\/www.yunkuntech.com\/wp-content\/uploads\/2025\/02\/\u4e3b\u56fe_3-4-768x768.jpg 768w, https:\/\/www.yunkuntech.com\/wp-content\/uploads\/2025\/02\/\u4e3b\u56fe_3-4-860x860.jpg 860w, https:\/\/www.yunkuntech.com\/wp-content\/uploads\/2025\/02\/\u4e3b\u56fe_3-4-430x430.jpg 430w, https:\/\/www.yunkuntech.com\/wp-content\/uploads\/2025\/02\/\u4e3b\u56fe_3-4-700x700.jpg 700w\" sizes=\"auto, (max-width: 1001px) 100vw, 1001px\" \/> <img loading=\"lazy\" decoding=\"async\" class=\"alignnone size-full wp-image-8865\" src=\"http:\/\/www.yunkuntech.com\/wp-content\/uploads\/2025\/02\/\u4e3b\u56fe_4-3.jpg\" alt=\"\" width=\"1001\" height=\"1001\" srcset=\"https:\/\/www.yunkuntech.com\/wp-content\/uploads\/2025\/02\/\u4e3b\u56fe_4-3.jpg 1001w, https:\/\/www.yunkuntech.com\/wp-content\/uploads\/2025\/02\/\u4e3b\u56fe_4-3-300x300.jpg 300w, https:\/\/www.yunkuntech.com\/wp-content\/uploads\/2025\/02\/\u4e3b\u56fe_4-3-800x800.jpg 800w, https:\/\/www.yunkuntech.com\/wp-content\/uploads\/2025\/02\/\u4e3b\u56fe_4-3-150x150.jpg 150w, https:\/\/www.yunkuntech.com\/wp-content\/uploads\/2025\/02\/\u4e3b\u56fe_4-3-768x768.jpg 768w, https:\/\/www.yunkuntech.com\/wp-content\/uploads\/2025\/02\/\u4e3b\u56fe_4-3-860x860.jpg 860w, https:\/\/www.yunkuntech.com\/wp-content\/uploads\/2025\/02\/\u4e3b\u56fe_4-3-430x430.jpg 430w, https:\/\/www.yunkuntech.com\/wp-content\/uploads\/2025\/02\/\u4e3b\u56fe_4-3-700x700.jpg 700w\" sizes=\"auto, (max-width: 1001px) 100vw, 1001px\" \/> <img loading=\"lazy\" decoding=\"async\" class=\"alignnone size-full wp-image-8866\" src=\"http:\/\/www.yunkuntech.com\/wp-content\/uploads\/2025\/02\/\u4e3b\u56fe_5-6.jpg\" alt=\"\" width=\"800\" height=\"800\" srcset=\"https:\/\/www.yunkuntech.com\/wp-content\/uploads\/2025\/02\/\u4e3b\u56fe_5-6.jpg 800w, https:\/\/www.yunkuntech.com\/wp-content\/uploads\/2025\/02\/\u4e3b\u56fe_5-6-300x300.jpg 300w, https:\/\/www.yunkuntech.com\/wp-content\/uploads\/2025\/02\/\u4e3b\u56fe_5-6-150x150.jpg 150w, https:\/\/www.yunkuntech.com\/wp-content\/uploads\/2025\/02\/\u4e3b\u56fe_5-6-768x768.jpg 768w, https:\/\/www.yunkuntech.com\/wp-content\/uploads\/2025\/02\/\u4e3b\u56fe_5-6-430x430.jpg 430w, https:\/\/www.yunkuntech.com\/wp-content\/uploads\/2025\/02\/\u4e3b\u56fe_5-6-700x700.jpg 700w\" sizes=\"auto, (max-width: 800px) 100vw, 800px\" \/> <img loading=\"lazy\" decoding=\"async\" class=\"alignnone size-full wp-image-8867\" src=\"http:\/\/www.yunkuntech.com\/wp-content\/uploads\/2025\/02\/\u4e3b\u56fe_6-6.jpg\" alt=\"\" width=\"1001\" height=\"1001\" srcset=\"https:\/\/www.yunkuntech.com\/wp-content\/uploads\/2025\/02\/\u4e3b\u56fe_6-6.jpg 1001w, https:\/\/www.yunkuntech.com\/wp-content\/uploads\/2025\/02\/\u4e3b\u56fe_6-6-300x300.jpg 300w, https:\/\/www.yunkuntech.com\/wp-content\/uploads\/2025\/02\/\u4e3b\u56fe_6-6-800x800.jpg 800w, https:\/\/www.yunkuntech.com\/wp-content\/uploads\/2025\/02\/\u4e3b\u56fe_6-6-150x150.jpg 150w, https:\/\/www.yunkuntech.com\/wp-content\/uploads\/2025\/02\/\u4e3b\u56fe_6-6-768x768.jpg 768w, https:\/\/www.yunkuntech.com\/wp-content\/uploads\/2025\/02\/\u4e3b\u56fe_6-6-860x860.jpg 860w, https:\/\/www.yunkuntech.com\/wp-content\/uploads\/2025\/02\/\u4e3b\u56fe_6-6-430x430.jpg 430w, https:\/\/www.yunkuntech.com\/wp-content\/uploads\/2025\/02\/\u4e3b\u56fe_6-6-700x700.jpg 700w\" sizes=\"auto, (max-width: 1001px) 100vw, 1001px\" \/><\/div>\n<div class=\"attribute-item\">\n<div><\/div>\n<\/div>\n<\/div>\n<\/div>","protected":false},"excerpt":{"rendered":"<p>A propos de ce produit Solution d'alimentation fiable : Cette centrale \u00e9lectrique portable est con\u00e7ue pour une utilisation \u00e0 l'ext\u00e9rieur et \u00e0 l'int\u00e9rieur, fournissant une solution d'alimentation fiable.<\/p>","protected":false},"featured_media":8866,"comment_status":"open","ping_status":"closed","template":"","meta":[],"product_cat":[20,73],"product_tag":[],"class_list":["post-8861","product","type-product","status-publish","has-post-thumbnail","hentry","product_cat-high-capacity-power-bank","product_cat-outdoor-mobile-power-supply"],"_links":{"self":[{"href":"https:\/\/www.yunkuntech.com\/fr\/wp-json\/wp\/v2\/product\/8861","targetHints":{"allow":["GET"]}}],"collection":[{"href":"https:\/\/www.yunkuntech.com\/fr\/wp-json\/wp\/v2\/product"}],"about":[{"href":"https:\/\/www.yunkuntech.com\/fr\/wp-json\/wp\/v2\/types\/product"}],"replies":[{"embeddable":true,"href":"https:\/\/www.yunkuntech.com\/fr\/wp-json\/wp\/v2\/comments?post=8861"}],"version-history":[{"count":1,"href":"https:\/\/www.yunkuntech.com\/fr\/wp-json\/wp\/v2\/product\/8861\/revisions"}],"predecessor-version":[{"id":8868,"href":"https:\/\/www.yunkuntech.com\/fr\/wp-json\/wp\/v2\/product\/8861\/revisions\/8868"}],"wp:featuredmedia":[{"embeddable":true,"href":"https:\/\/www.yunkuntech.com\/fr\/wp-json\/wp\/v2\/media\/8866"}],"wp:attachment":[{"href":"https:\/\/www.yunkuntech.com\/fr\/wp-json\/wp\/v2\/media?parent=8861"}],"wp:term":[{"taxonomy":"product_cat","embeddable":true,"href":"https:\/\/www.yunkuntech.com\/fr\/wp-json\/wp\/v2\/product_cat?post=8861"},{"taxonomy":"product_tag","embeddable":true,"href":"https:\/\/www.yunkuntech.com\/fr\/wp-json\/wp\/v2\/product_tag?post=8861"}],"curies":[{"name":"wp","href":"https:\/\/api.w.org\/{rel}","templated":true}]}}