{"id":8842,"date":"2025-02-18T14:14:23","date_gmt":"2025-02-18T06:14:23","guid":{"rendered":"http:\/\/www.yunkuntech.com\/?post_type=product&#038;p=8842"},"modified":"2025-02-18T14:14:23","modified_gmt":"2025-02-18T06:14:23","slug":"factory-custom-outdoor-cheap-carry-case-20w-camouflage-portable-solar-panel-foldable-solar-charger","status":"publish","type":"product","link":"https:\/\/www.yunkuntech.com\/fr\/product\/factory-custom-outdoor-cheap-carry-case-20w-camouflage-portable-solar-panel-foldable-solar-charger\/","title":{"rendered":"Factory Custom Outdoor Cheap Carry Case 20w Camouflage Portable Solar Panel Foldable Solar Charger"},"content":{"rendered":"<h2 data-spm-anchor-id=\"a2700.details.0.i91.58257f06ZZ2yzE\">A propos de ce produit<\/h2>\n<ul class=\"\" data-spm-anchor-id=\"a2700.details.0.i90.58257f06ZZ2yzE\">\n<li data-spm-anchor-id=\"a2700.details.0.i92.58257f06ZZ2yzE\">Conception durable et portable : Cette banque d'\u00e9nergie solaire est fabriqu\u00e9e \u00e0 partir de mat\u00e9riaux en plastique et en animal de compagnie, ce qui garantit un produit robuste et durable qui peut r\u00e9sister \u00e0 diverses conditions ext\u00e9rieures. Sa taille pliable de 165x105x20mm et sa taille d\u00e9pliable de 440x165x3mm en font un compagnon id\u00e9al pour le camping, les voyages en camping-car ou l'utilisation domestique.<\/li>\n<li>Chargement rapide et fiable : Avec une puissance de sortie de 20 W et un panneau d'une efficacit\u00e9 de 21%, cette banque d'\u00e9nergie solaire offre une charge rapide et efficace pour vos appareils. Son interface d'entr\u00e9e sans fil permet une charge sans effort, tandis que son interface de sortie micro USB assure la compatibilit\u00e9 avec une large gamme d'appareils.<\/li>\n<li>Applications polyvalentes : Ce banc d'alimentation solaire est con\u00e7u pour diverses applications, notamment les bateaux, les v\u00e9hicules de loisirs, les maisons et les activit\u00e9s de plein air. Sa taille compacte et son poids l\u00e9ger (320 g) le rendent facile \u00e0 transporter et \u00e0 ranger, ce qui en fait un excellent choix pour les utilisateurs qui ont besoin d'une source d'\u00e9nergie fiable en d\u00e9placement.<\/li>\n<li>Performance durable : B\u00e9n\u00e9ficiant d'une garantie d'un an, cette banque d'\u00e9nergie solaire est con\u00e7ue pour offrir des performances fiables pendant une p\u00e9riode prolong\u00e9e. Sa conception durable et son panneau solaire efficace lui permettent de r\u00e9sister aux conditions ext\u00e9rieures difficiles et de continuer \u00e0 charger efficacement vos appareils.<\/li>\n<li>Solution personnalis\u00e9e : Ce produit offre une solution personnalis\u00e9e aux utilisateurs qui ont besoin d'une source d'\u00e9nergie portable et efficace. Gr\u00e2ce \u00e0 ses capacit\u00e9s de charge rapide et \u00e0 son design compact, il constitue un choix id\u00e9al pour les utilisateurs qui ont besoin d'une banque d'alimentation fiable pour leurs besoins sp\u00e9cifiques, tels que les amateurs d'activit\u00e9s de plein air et les propri\u00e9taires de v\u00e9hicules de loisirs.<\/li>\n<\/ul>\n<div class=\"module_attribute\" data-module-name=\"module_attribute\">\n<div class=\"attribute-layout\" data-aplus-ae=\"x9_4bbbf637\" data-spm-anchor-id=\"a2700.details.0.i8.58257f06ZZ2yzE\">\n<h2 id=\"key-attributes\" class=\"att-title\" data-spm-anchor-id=\"a2700.details.0.i93.58257f06ZZ2yzE\">Caract\u00e9ristiques principales<\/h2>\n<div class=\"attribute-info\">\n<h3>Attributs sp\u00e9cifiques \u00e0 l'industrie<\/h3>\n<div class=\"attribute-list\">\n<div class=\"attribute-item\">\n<div class=\"left\">interface de sortie : Micro USB<\/div>\n<\/div>\n<div class=\"attribute-item\">\n<div class=\"left\">fonction : Chargement du panneau solaire<\/div>\n<\/div>\n<div class=\"attribute-item\">\n<div class=\"left\">type : PORTABLE<\/div>\n<\/div>\n<div class=\"attribute-item\">\n<div class=\"left\">mat\u00e9riau : Plastique<\/div>\n<\/div>\n<\/div>\n<h3>Autres caract\u00e9ristiques<\/h3>\n<div class=\"attribute-list\">\n<div class=\"attribute-item\">\n<div class=\"left\">interface d'entr\u00e9e : Sans fil<\/div>\n<\/div>\n<div class=\"attribute-item\">\n<div class=\"left\">Fonction : Chargement par panneau solaire, prise en charge du chargement solaire<\/div>\n<\/div>\n<div class=\"attribute-item\">\n<div class=\"left\">Type : Chargement rapide, Station d'alimentation portable<\/div>\n<\/div>\n<div class=\"attribute-item\">\n<div class=\"left\">Taille de pliage : 165x105x20mm<\/div>\n<\/div>\n<div class=\"attribute-item\">\n<div class=\"left\">Taille de d\u00e9pliage : 440x165x3mm<\/div>\n<\/div>\n<div class=\"attribute-item\">\n<div class=\"left\">Poids net : 320g<\/div>\n<\/div>\n<div class=\"attribute-item\">\n<div class=\"left\">Mat\u00e9riau : PET<\/div>\n<\/div>\n<div class=\"attribute-item\">\n<div class=\"left\">Puissance de sortie : 20W<\/div>\n<\/div>\n<div class=\"attribute-item\">\n<div class=\"left\">Garantie : 1 an<\/div>\n<\/div>\n<div class=\"attribute-item\">\n<div class=\"left\">Efficacit\u00e9 du panneau : 21%<\/div>\n<\/div>\n<div class=\"attribute-item\">\n<div class=\"left\">Application : Bateaux, camping-car, maison, ext\u00e9rieur<\/div>\n<\/div>\n<\/div>\n<h3 data-spm-anchor-id=\"a2700.details.0.i94.58257f06ZZ2yzE\">Emballage et livraison<\/h3>\n<div class=\"attribute-list\">\n<div class=\"attribute-item\">\n<div class=\"left\">Unit\u00e9s de vente : Article unique<\/div>\n<\/div>\n<div class=\"attribute-item\">\n<div class=\"left\">Taille de l'emballage unique : 18X13X5 cm<\/div>\n<\/div>\n<div class=\"attribute-item\">\n<div class=\"left\">Poids brut simple : 0,580 kg<\/div>\n<\/div>\n<\/div>\n<\/div>\n<\/div>\n<\/div>\n<div class=\"module_industry_compatible_vehicles_down\" data-module-name=\"module_industry_compatible_vehicles_down\">\u00a0 \u00a0 <img loading=\"lazy\" decoding=\"async\" class=\"alignnone size-full wp-image-8843\" src=\"http:\/\/www.yunkuntech.com\/wp-content\/uploads\/2025\/02\/\u8be6\u60c5\u56fe_4-2.jpg\" alt=\"\" width=\"1340\" height=\"1785\" srcset=\"https:\/\/www.yunkuntech.com\/wp-content\/uploads\/2025\/02\/\u8be6\u60c5\u56fe_4-2.jpg 1340w, https:\/\/www.yunkuntech.com\/wp-content\/uploads\/2025\/02\/\u8be6\u60c5\u56fe_4-2-225x300.jpg 225w, https:\/\/www.yunkuntech.com\/wp-content\/uploads\/2025\/02\/\u8be6\u60c5\u56fe_4-2-601x800.jpg 601w, https:\/\/www.yunkuntech.com\/wp-content\/uploads\/2025\/02\/\u8be6\u60c5\u56fe_4-2-768x1023.jpg 768w, https:\/\/www.yunkuntech.com\/wp-content\/uploads\/2025\/02\/\u8be6\u60c5\u56fe_4-2-1153x1536.jpg 1153w, https:\/\/www.yunkuntech.com\/wp-content\/uploads\/2025\/02\/\u8be6\u60c5\u56fe_4-2-860x1146.jpg 860w, https:\/\/www.yunkuntech.com\/wp-content\/uploads\/2025\/02\/\u8be6\u60c5\u56fe_4-2-430x573.jpg 430w, https:\/\/www.yunkuntech.com\/wp-content\/uploads\/2025\/02\/\u8be6\u60c5\u56fe_4-2-700x932.jpg 700w, https:\/\/www.yunkuntech.com\/wp-content\/uploads\/2025\/02\/\u8be6\u60c5\u56fe_4-2-150x200.jpg 150w\" sizes=\"auto, (max-width: 1340px) 100vw, 1340px\" \/> <img loading=\"lazy\" decoding=\"async\" class=\"alignnone size-full wp-image-8844\" src=\"http:\/\/www.yunkuntech.com\/wp-content\/uploads\/2025\/02\/\u8be6\u60c5\u56fe_5-2.jpg\" alt=\"\" width=\"1340\" height=\"1785\" srcset=\"https:\/\/www.yunkuntech.com\/wp-content\/uploads\/2025\/02\/\u8be6\u60c5\u56fe_5-2.jpg 1340w, https:\/\/www.yunkuntech.com\/wp-content\/uploads\/2025\/02\/\u8be6\u60c5\u56fe_5-2-225x300.jpg 225w, https:\/\/www.yunkuntech.com\/wp-content\/uploads\/2025\/02\/\u8be6\u60c5\u56fe_5-2-601x800.jpg 601w, https:\/\/www.yunkuntech.com\/wp-content\/uploads\/2025\/02\/\u8be6\u60c5\u56fe_5-2-768x1023.jpg 768w, https:\/\/www.yunkuntech.com\/wp-content\/uploads\/2025\/02\/\u8be6\u60c5\u56fe_5-2-1153x1536.jpg 1153w, https:\/\/www.yunkuntech.com\/wp-content\/uploads\/2025\/02\/\u8be6\u60c5\u56fe_5-2-860x1146.jpg 860w, https:\/\/www.yunkuntech.com\/wp-content\/uploads\/2025\/02\/\u8be6\u60c5\u56fe_5-2-430x573.jpg 430w, https:\/\/www.yunkuntech.com\/wp-content\/uploads\/2025\/02\/\u8be6\u60c5\u56fe_5-2-700x932.jpg 700w, https:\/\/www.yunkuntech.com\/wp-content\/uploads\/2025\/02\/\u8be6\u60c5\u56fe_5-2-150x200.jpg 150w\" sizes=\"auto, (max-width: 1340px) 100vw, 1340px\" \/> <img loading=\"lazy\" decoding=\"async\" class=\"alignnone size-full wp-image-8845\" src=\"http:\/\/www.yunkuntech.com\/wp-content\/uploads\/2025\/02\/\u8be6\u60c5\u56fe_6-3.jpg\" alt=\"\" width=\"1340\" height=\"1785\" srcset=\"https:\/\/www.yunkuntech.com\/wp-content\/uploads\/2025\/02\/\u8be6\u60c5\u56fe_6-3.jpg 1340w, https:\/\/www.yunkuntech.com\/wp-content\/uploads\/2025\/02\/\u8be6\u60c5\u56fe_6-3-225x300.jpg 225w, https:\/\/www.yunkuntech.com\/wp-content\/uploads\/2025\/02\/\u8be6\u60c5\u56fe_6-3-601x800.jpg 601w, https:\/\/www.yunkuntech.com\/wp-content\/uploads\/2025\/02\/\u8be6\u60c5\u56fe_6-3-768x1023.jpg 768w, https:\/\/www.yunkuntech.com\/wp-content\/uploads\/2025\/02\/\u8be6\u60c5\u56fe_6-3-1153x1536.jpg 1153w, https:\/\/www.yunkuntech.com\/wp-content\/uploads\/2025\/02\/\u8be6\u60c5\u56fe_6-3-860x1146.jpg 860w, https:\/\/www.yunkuntech.com\/wp-content\/uploads\/2025\/02\/\u8be6\u60c5\u56fe_6-3-430x573.jpg 430w, https:\/\/www.yunkuntech.com\/wp-content\/uploads\/2025\/02\/\u8be6\u60c5\u56fe_6-3-700x932.jpg 700w, https:\/\/www.yunkuntech.com\/wp-content\/uploads\/2025\/02\/\u8be6\u60c5\u56fe_6-3-150x200.jpg 150w\" sizes=\"auto, (max-width: 1340px) 100vw, 1340px\" \/> <img loading=\"lazy\" decoding=\"async\" class=\"alignnone size-full wp-image-8846\" src=\"http:\/\/www.yunkuntech.com\/wp-content\/uploads\/2025\/02\/\u8be6\u60c5\u56fe_7-1.jpg\" alt=\"\" width=\"1340\" height=\"1785\" srcset=\"https:\/\/www.yunkuntech.com\/wp-content\/uploads\/2025\/02\/\u8be6\u60c5\u56fe_7-1.jpg 1340w, https:\/\/www.yunkuntech.com\/wp-content\/uploads\/2025\/02\/\u8be6\u60c5\u56fe_7-1-225x300.jpg 225w, https:\/\/www.yunkuntech.com\/wp-content\/uploads\/2025\/02\/\u8be6\u60c5\u56fe_7-1-601x800.jpg 601w, https:\/\/www.yunkuntech.com\/wp-content\/uploads\/2025\/02\/\u8be6\u60c5\u56fe_7-1-768x1023.jpg 768w, https:\/\/www.yunkuntech.com\/wp-content\/uploads\/2025\/02\/\u8be6\u60c5\u56fe_7-1-1153x1536.jpg 1153w, https:\/\/www.yunkuntech.com\/wp-content\/uploads\/2025\/02\/\u8be6\u60c5\u56fe_7-1-860x1146.jpg 860w, https:\/\/www.yunkuntech.com\/wp-content\/uploads\/2025\/02\/\u8be6\u60c5\u56fe_7-1-430x573.jpg 430w, https:\/\/www.yunkuntech.com\/wp-content\/uploads\/2025\/02\/\u8be6\u60c5\u56fe_7-1-700x932.jpg 700w, https:\/\/www.yunkuntech.com\/wp-content\/uploads\/2025\/02\/\u8be6\u60c5\u56fe_7-1-150x200.jpg 150w\" sizes=\"auto, (max-width: 1340px) 100vw, 1340px\" \/> <img loading=\"lazy\" decoding=\"async\" class=\"alignnone size-full wp-image-8847\" src=\"http:\/\/www.yunkuntech.com\/wp-content\/uploads\/2025\/02\/\u8be6\u60c5\u56fe_8.jpg\" alt=\"\" width=\"1340\" height=\"1785\" srcset=\"https:\/\/www.yunkuntech.com\/wp-content\/uploads\/2025\/02\/\u8be6\u60c5\u56fe_8.jpg 1340w, https:\/\/www.yunkuntech.com\/wp-content\/uploads\/2025\/02\/\u8be6\u60c5\u56fe_8-225x300.jpg 225w, https:\/\/www.yunkuntech.com\/wp-content\/uploads\/2025\/02\/\u8be6\u60c5\u56fe_8-601x800.jpg 601w, https:\/\/www.yunkuntech.com\/wp-content\/uploads\/2025\/02\/\u8be6\u60c5\u56fe_8-768x1023.jpg 768w, https:\/\/www.yunkuntech.com\/wp-content\/uploads\/2025\/02\/\u8be6\u60c5\u56fe_8-1153x1536.jpg 1153w, https:\/\/www.yunkuntech.com\/wp-content\/uploads\/2025\/02\/\u8be6\u60c5\u56fe_8-860x1146.jpg 860w, https:\/\/www.yunkuntech.com\/wp-content\/uploads\/2025\/02\/\u8be6\u60c5\u56fe_8-430x573.jpg 430w, https:\/\/www.yunkuntech.com\/wp-content\/uploads\/2025\/02\/\u8be6\u60c5\u56fe_8-700x932.jpg 700w, https:\/\/www.yunkuntech.com\/wp-content\/uploads\/2025\/02\/\u8be6\u60c5\u56fe_8-150x200.jpg 150w\" sizes=\"auto, (max-width: 1340px) 100vw, 1340px\" \/> <img loading=\"lazy\" decoding=\"async\" class=\"alignnone size-full wp-image-8848\" src=\"http:\/\/www.yunkuntech.com\/wp-content\/uploads\/2025\/02\/\u8be6\u60c5\u56fe_9.jpg\" alt=\"\" width=\"1340\" height=\"1785\" srcset=\"https:\/\/www.yunkuntech.com\/wp-content\/uploads\/2025\/02\/\u8be6\u60c5\u56fe_9.jpg 1340w, https:\/\/www.yunkuntech.com\/wp-content\/uploads\/2025\/02\/\u8be6\u60c5\u56fe_9-225x300.jpg 225w, https:\/\/www.yunkuntech.com\/wp-content\/uploads\/2025\/02\/\u8be6\u60c5\u56fe_9-601x800.jpg 601w, https:\/\/www.yunkuntech.com\/wp-content\/uploads\/2025\/02\/\u8be6\u60c5\u56fe_9-768x1023.jpg 768w, https:\/\/www.yunkuntech.com\/wp-content\/uploads\/2025\/02\/\u8be6\u60c5\u56fe_9-1153x1536.jpg 1153w, https:\/\/www.yunkuntech.com\/wp-content\/uploads\/2025\/02\/\u8be6\u60c5\u56fe_9-860x1146.jpg 860w, https:\/\/www.yunkuntech.com\/wp-content\/uploads\/2025\/02\/\u8be6\u60c5\u56fe_9-430x573.jpg 430w, https:\/\/www.yunkuntech.com\/wp-content\/uploads\/2025\/02\/\u8be6\u60c5\u56fe_9-700x932.jpg 700w, https:\/\/www.yunkuntech.com\/wp-content\/uploads\/2025\/02\/\u8be6\u60c5\u56fe_9-150x200.jpg 150w\" sizes=\"auto, (max-width: 1340px) 100vw, 1340px\" \/> <img loading=\"lazy\" decoding=\"async\" class=\"alignnone size-full wp-image-8849\" src=\"http:\/\/www.yunkuntech.com\/wp-content\/uploads\/2025\/02\/\u8be6\u60c5\u56fe_10.jpg\" alt=\"\" width=\"1340\" height=\"1785\" srcset=\"https:\/\/www.yunkuntech.com\/wp-content\/uploads\/2025\/02\/\u8be6\u60c5\u56fe_10.jpg 1340w, https:\/\/www.yunkuntech.com\/wp-content\/uploads\/2025\/02\/\u8be6\u60c5\u56fe_10-225x300.jpg 225w, https:\/\/www.yunkuntech.com\/wp-content\/uploads\/2025\/02\/\u8be6\u60c5\u56fe_10-601x800.jpg 601w, https:\/\/www.yunkuntech.com\/wp-content\/uploads\/2025\/02\/\u8be6\u60c5\u56fe_10-768x1023.jpg 768w, https:\/\/www.yunkuntech.com\/wp-content\/uploads\/2025\/02\/\u8be6\u60c5\u56fe_10-1153x1536.jpg 1153w, https:\/\/www.yunkuntech.com\/wp-content\/uploads\/2025\/02\/\u8be6\u60c5\u56fe_10-860x1146.jpg 860w, https:\/\/www.yunkuntech.com\/wp-content\/uploads\/2025\/02\/\u8be6\u60c5\u56fe_10-430x573.jpg 430w, https:\/\/www.yunkuntech.com\/wp-content\/uploads\/2025\/02\/\u8be6\u60c5\u56fe_10-700x932.jpg 700w, https:\/\/www.yunkuntech.com\/wp-content\/uploads\/2025\/02\/\u8be6\u60c5\u56fe_10-150x200.jpg 150w\" sizes=\"auto, (max-width: 1340px) 100vw, 1340px\" \/> <img loading=\"lazy\" decoding=\"async\" class=\"alignnone size-full wp-image-8850\" src=\"http:\/\/www.yunkuntech.com\/wp-content\/uploads\/2025\/02\/\u8be6\u60c5\u56fe_11.jpg\" alt=\"\" width=\"1340\" height=\"1785\" srcset=\"https:\/\/www.yunkuntech.com\/wp-content\/uploads\/2025\/02\/\u8be6\u60c5\u56fe_11.jpg 1340w, https:\/\/www.yunkuntech.com\/wp-content\/uploads\/2025\/02\/\u8be6\u60c5\u56fe_11-225x300.jpg 225w, https:\/\/www.yunkuntech.com\/wp-content\/uploads\/2025\/02\/\u8be6\u60c5\u56fe_11-601x800.jpg 601w, https:\/\/www.yunkuntech.com\/wp-content\/uploads\/2025\/02\/\u8be6\u60c5\u56fe_11-768x1023.jpg 768w, https:\/\/www.yunkuntech.com\/wp-content\/uploads\/2025\/02\/\u8be6\u60c5\u56fe_11-1153x1536.jpg 1153w, https:\/\/www.yunkuntech.com\/wp-content\/uploads\/2025\/02\/\u8be6\u60c5\u56fe_11-860x1146.jpg 860w, https:\/\/www.yunkuntech.com\/wp-content\/uploads\/2025\/02\/\u8be6\u60c5\u56fe_11-430x573.jpg 430w, https:\/\/www.yunkuntech.com\/wp-content\/uploads\/2025\/02\/\u8be6\u60c5\u56fe_11-700x932.jpg 700w, https:\/\/www.yunkuntech.com\/wp-content\/uploads\/2025\/02\/\u8be6\u60c5\u56fe_11-150x200.jpg 150w\" sizes=\"auto, (max-width: 1340px) 100vw, 1340px\" \/> <img loading=\"lazy\" decoding=\"async\" class=\"alignnone size-full wp-image-8851\" src=\"http:\/\/www.yunkuntech.com\/wp-content\/uploads\/2025\/02\/\u8be6\u60c5\u56fe_12.jpg\" alt=\"\" width=\"1340\" height=\"1785\" srcset=\"https:\/\/www.yunkuntech.com\/wp-content\/uploads\/2025\/02\/\u8be6\u60c5\u56fe_12.jpg 1340w, https:\/\/www.yunkuntech.com\/wp-content\/uploads\/2025\/02\/\u8be6\u60c5\u56fe_12-225x300.jpg 225w, https:\/\/www.yunkuntech.com\/wp-content\/uploads\/2025\/02\/\u8be6\u60c5\u56fe_12-601x800.jpg 601w, https:\/\/www.yunkuntech.com\/wp-content\/uploads\/2025\/02\/\u8be6\u60c5\u56fe_12-768x1023.jpg 768w, https:\/\/www.yunkuntech.com\/wp-content\/uploads\/2025\/02\/\u8be6\u60c5\u56fe_12-1153x1536.jpg 1153w, https:\/\/www.yunkuntech.com\/wp-content\/uploads\/2025\/02\/\u8be6\u60c5\u56fe_12-860x1146.jpg 860w, https:\/\/www.yunkuntech.com\/wp-content\/uploads\/2025\/02\/\u8be6\u60c5\u56fe_12-430x573.jpg 430w, https:\/\/www.yunkuntech.com\/wp-content\/uploads\/2025\/02\/\u8be6\u60c5\u56fe_12-700x932.jpg 700w, https:\/\/www.yunkuntech.com\/wp-content\/uploads\/2025\/02\/\u8be6\u60c5\u56fe_12-150x200.jpg 150w\" sizes=\"auto, (max-width: 1340px) 100vw, 1340px\" \/> <img loading=\"lazy\" decoding=\"async\" class=\"alignnone size-full wp-image-8852\" src=\"http:\/\/www.yunkuntech.com\/wp-content\/uploads\/2025\/02\/\u8be6\u60c5\u56fe_13.jpg\" alt=\"\" width=\"1340\" height=\"1785\" srcset=\"https:\/\/www.yunkuntech.com\/wp-content\/uploads\/2025\/02\/\u8be6\u60c5\u56fe_13.jpg 1340w, https:\/\/www.yunkuntech.com\/wp-content\/uploads\/2025\/02\/\u8be6\u60c5\u56fe_13-225x300.jpg 225w, https:\/\/www.yunkuntech.com\/wp-content\/uploads\/2025\/02\/\u8be6\u60c5\u56fe_13-601x800.jpg 601w, https:\/\/www.yunkuntech.com\/wp-content\/uploads\/2025\/02\/\u8be6\u60c5\u56fe_13-768x1023.jpg 768w, https:\/\/www.yunkuntech.com\/wp-content\/uploads\/2025\/02\/\u8be6\u60c5\u56fe_13-1153x1536.jpg 1153w, https:\/\/www.yunkuntech.com\/wp-content\/uploads\/2025\/02\/\u8be6\u60c5\u56fe_13-860x1146.jpg 860w, https:\/\/www.yunkuntech.com\/wp-content\/uploads\/2025\/02\/\u8be6\u60c5\u56fe_13-430x573.jpg 430w, https:\/\/www.yunkuntech.com\/wp-content\/uploads\/2025\/02\/\u8be6\u60c5\u56fe_13-700x932.jpg 700w, https:\/\/www.yunkuntech.com\/wp-content\/uploads\/2025\/02\/\u8be6\u60c5\u56fe_13-150x200.jpg 150w\" sizes=\"auto, (max-width: 1340px) 100vw, 1340px\" \/> <img loading=\"lazy\" decoding=\"async\" class=\"alignnone size-full wp-image-8853\" src=\"http:\/\/www.yunkuntech.com\/wp-content\/uploads\/2025\/02\/\u4e3b\u56fe_1-2.jpg\" alt=\"\" width=\"1000\" height=\"1000\" srcset=\"https:\/\/www.yunkuntech.com\/wp-content\/uploads\/2025\/02\/\u4e3b\u56fe_1-2.jpg 1000w, https:\/\/www.yunkuntech.com\/wp-content\/uploads\/2025\/02\/\u4e3b\u56fe_1-2-300x300.jpg 300w, https:\/\/www.yunkuntech.com\/wp-content\/uploads\/2025\/02\/\u4e3b\u56fe_1-2-800x800.jpg 800w, https:\/\/www.yunkuntech.com\/wp-content\/uploads\/2025\/02\/\u4e3b\u56fe_1-2-150x150.jpg 150w, https:\/\/www.yunkuntech.com\/wp-content\/uploads\/2025\/02\/\u4e3b\u56fe_1-2-768x768.jpg 768w, https:\/\/www.yunkuntech.com\/wp-content\/uploads\/2025\/02\/\u4e3b\u56fe_1-2-860x860.jpg 860w, https:\/\/www.yunkuntech.com\/wp-content\/uploads\/2025\/02\/\u4e3b\u56fe_1-2-430x430.jpg 430w, https:\/\/www.yunkuntech.com\/wp-content\/uploads\/2025\/02\/\u4e3b\u56fe_1-2-700x700.jpg 700w\" sizes=\"auto, (max-width: 1000px) 100vw, 1000px\" \/> <img loading=\"lazy\" decoding=\"async\" class=\"alignnone size-full wp-image-8854\" src=\"http:\/\/www.yunkuntech.com\/wp-content\/uploads\/2025\/02\/\u4e3b\u56fe_2-3.jpg\" alt=\"\" width=\"1000\" height=\"1000\" srcset=\"https:\/\/www.yunkuntech.com\/wp-content\/uploads\/2025\/02\/\u4e3b\u56fe_2-3.jpg 1000w, https:\/\/www.yunkuntech.com\/wp-content\/uploads\/2025\/02\/\u4e3b\u56fe_2-3-300x300.jpg 300w, https:\/\/www.yunkuntech.com\/wp-content\/uploads\/2025\/02\/\u4e3b\u56fe_2-3-800x800.jpg 800w, https:\/\/www.yunkuntech.com\/wp-content\/uploads\/2025\/02\/\u4e3b\u56fe_2-3-150x150.jpg 150w, https:\/\/www.yunkuntech.com\/wp-content\/uploads\/2025\/02\/\u4e3b\u56fe_2-3-768x768.jpg 768w, https:\/\/www.yunkuntech.com\/wp-content\/uploads\/2025\/02\/\u4e3b\u56fe_2-3-860x860.jpg 860w, https:\/\/www.yunkuntech.com\/wp-content\/uploads\/2025\/02\/\u4e3b\u56fe_2-3-430x430.jpg 430w, https:\/\/www.yunkuntech.com\/wp-content\/uploads\/2025\/02\/\u4e3b\u56fe_2-3-700x700.jpg 700w\" sizes=\"auto, (max-width: 1000px) 100vw, 1000px\" \/> <img loading=\"lazy\" decoding=\"async\" class=\"alignnone size-full wp-image-8855\" src=\"http:\/\/www.yunkuntech.com\/wp-content\/uploads\/2025\/02\/\u4e3b\u56fe_3-3.jpg\" alt=\"\" width=\"1000\" height=\"1000\" srcset=\"https:\/\/www.yunkuntech.com\/wp-content\/uploads\/2025\/02\/\u4e3b\u56fe_3-3.jpg 1000w, https:\/\/www.yunkuntech.com\/wp-content\/uploads\/2025\/02\/\u4e3b\u56fe_3-3-300x300.jpg 300w, https:\/\/www.yunkuntech.com\/wp-content\/uploads\/2025\/02\/\u4e3b\u56fe_3-3-800x800.jpg 800w, https:\/\/www.yunkuntech.com\/wp-content\/uploads\/2025\/02\/\u4e3b\u56fe_3-3-150x150.jpg 150w, https:\/\/www.yunkuntech.com\/wp-content\/uploads\/2025\/02\/\u4e3b\u56fe_3-3-768x768.jpg 768w, https:\/\/www.yunkuntech.com\/wp-content\/uploads\/2025\/02\/\u4e3b\u56fe_3-3-860x860.jpg 860w, https:\/\/www.yunkuntech.com\/wp-content\/uploads\/2025\/02\/\u4e3b\u56fe_3-3-430x430.jpg 430w, https:\/\/www.yunkuntech.com\/wp-content\/uploads\/2025\/02\/\u4e3b\u56fe_3-3-700x700.jpg 700w\" sizes=\"auto, (max-width: 1000px) 100vw, 1000px\" \/> <img loading=\"lazy\" decoding=\"async\" class=\"alignnone size-full wp-image-8856\" src=\"http:\/\/www.yunkuntech.com\/wp-content\/uploads\/2025\/02\/\u4e3b\u56fe_5-5.jpg\" alt=\"\" width=\"1000\" height=\"1000\" srcset=\"https:\/\/www.yunkuntech.com\/wp-content\/uploads\/2025\/02\/\u4e3b\u56fe_5-5.jpg 1000w, https:\/\/www.yunkuntech.com\/wp-content\/uploads\/2025\/02\/\u4e3b\u56fe_5-5-300x300.jpg 300w, https:\/\/www.yunkuntech.com\/wp-content\/uploads\/2025\/02\/\u4e3b\u56fe_5-5-800x800.jpg 800w, https:\/\/www.yunkuntech.com\/wp-content\/uploads\/2025\/02\/\u4e3b\u56fe_5-5-150x150.jpg 150w, https:\/\/www.yunkuntech.com\/wp-content\/uploads\/2025\/02\/\u4e3b\u56fe_5-5-768x768.jpg 768w, https:\/\/www.yunkuntech.com\/wp-content\/uploads\/2025\/02\/\u4e3b\u56fe_5-5-860x860.jpg 860w, https:\/\/www.yunkuntech.com\/wp-content\/uploads\/2025\/02\/\u4e3b\u56fe_5-5-430x430.jpg 430w, https:\/\/www.yunkuntech.com\/wp-content\/uploads\/2025\/02\/\u4e3b\u56fe_5-5-700x700.jpg 700w\" sizes=\"auto, (max-width: 1000px) 100vw, 1000px\" \/> <img loading=\"lazy\" decoding=\"async\" class=\"alignnone size-full wp-image-8857\" src=\"http:\/\/www.yunkuntech.com\/wp-content\/uploads\/2025\/02\/\u4e3b\u56fe_6-5.jpg\" alt=\"\" width=\"1000\" height=\"1000\" srcset=\"https:\/\/www.yunkuntech.com\/wp-content\/uploads\/2025\/02\/\u4e3b\u56fe_6-5.jpg 1000w, https:\/\/www.yunkuntech.com\/wp-content\/uploads\/2025\/02\/\u4e3b\u56fe_6-5-300x300.jpg 300w, https:\/\/www.yunkuntech.com\/wp-content\/uploads\/2025\/02\/\u4e3b\u56fe_6-5-800x800.jpg 800w, https:\/\/www.yunkuntech.com\/wp-content\/uploads\/2025\/02\/\u4e3b\u56fe_6-5-150x150.jpg 150w, https:\/\/www.yunkuntech.com\/wp-content\/uploads\/2025\/02\/\u4e3b\u56fe_6-5-768x768.jpg 768w, https:\/\/www.yunkuntech.com\/wp-content\/uploads\/2025\/02\/\u4e3b\u56fe_6-5-860x860.jpg 860w, https:\/\/www.yunkuntech.com\/wp-content\/uploads\/2025\/02\/\u4e3b\u56fe_6-5-430x430.jpg 430w, https:\/\/www.yunkuntech.com\/wp-content\/uploads\/2025\/02\/\u4e3b\u56fe_6-5-700x700.jpg 700w\" sizes=\"auto, (max-width: 1000px) 100vw, 1000px\" \/><\/div>","protected":false},"excerpt":{"rendered":"<p>A propos de ce produit Conception durable et portable : Cette banque d'\u00e9nergie solaire est fabriqu\u00e9e \u00e0 partir de mat\u00e9riaux en plastique et en animal de compagnie, garantissant ainsi une longue dur\u00e9e de vie.<\/p>","protected":false},"featured_media":8853,"comment_status":"open","ping_status":"closed","template":"","meta":[],"product_cat":[73],"product_tag":[],"class_list":["post-8842","product","type-product","status-publish","has-post-thumbnail","hentry","product_cat-outdoor-mobile-power-supply"],"_links":{"self":[{"href":"https:\/\/www.yunkuntech.com\/fr\/wp-json\/wp\/v2\/product\/8842","targetHints":{"allow":["GET"]}}],"collection":[{"href":"https:\/\/www.yunkuntech.com\/fr\/wp-json\/wp\/v2\/product"}],"about":[{"href":"https:\/\/www.yunkuntech.com\/fr\/wp-json\/wp\/v2\/types\/product"}],"replies":[{"embeddable":true,"href":"https:\/\/www.yunkuntech.com\/fr\/wp-json\/wp\/v2\/comments?post=8842"}],"version-history":[{"count":1,"href":"https:\/\/www.yunkuntech.com\/fr\/wp-json\/wp\/v2\/product\/8842\/revisions"}],"predecessor-version":[{"id":8858,"href":"https:\/\/www.yunkuntech.com\/fr\/wp-json\/wp\/v2\/product\/8842\/revisions\/8858"}],"wp:featuredmedia":[{"embeddable":true,"href":"https:\/\/www.yunkuntech.com\/fr\/wp-json\/wp\/v2\/media\/8853"}],"wp:attachment":[{"href":"https:\/\/www.yunkuntech.com\/fr\/wp-json\/wp\/v2\/media?parent=8842"}],"wp:term":[{"taxonomy":"product_cat","embeddable":true,"href":"https:\/\/www.yunkuntech.com\/fr\/wp-json\/wp\/v2\/product_cat?post=8842"},{"taxonomy":"product_tag","embeddable":true,"href":"https:\/\/www.yunkuntech.com\/fr\/wp-json\/wp\/v2\/product_tag?post=8842"}],"curies":[{"name":"wp","href":"https:\/\/api.w.org\/{rel}","templated":true}]}}