{"id":8835,"date":"2025-02-18T13:57:42","date_gmt":"2025-02-18T05:57:42","guid":{"rendered":"http:\/\/www.yunkuntech.com\/?post_type=product&#038;p=8835"},"modified":"2025-02-18T13:57:42","modified_gmt":"2025-02-18T05:57:42","slug":"20w-portable-solar-phone-charger-outdoor-solar-panel-charger-waterproof-solar-powered-charging-panels-boards","status":"publish","type":"product","link":"https:\/\/www.yunkuntech.com\/fr\/product\/20w-portable-solar-phone-charger-outdoor-solar-panel-charger-waterproof-solar-powered-charging-panels-boards\/","title":{"rendered":"20W Chargeur solaire portable pour t\u00e9l\u00e9phone Chargeur solaire ext\u00e9rieur Panneau solaire \u00e9tanche Panneaux de chargement solaires Planches"},"content":{"rendered":"<h1 title=\"15W 20W Chargeur solaire portable pour t\u00e9l\u00e9phone Chargeur solaire d&#039;ext\u00e9rieur Panneau solaire \u00e9tanche Panneaux de charge aliment\u00e9s par l&#039;\u00e9nergie solaire Planches\" data-spm-anchor-id=\"a2700.details.0.i94.57b5214cAltqfB\">20W Chargeur solaire portable pour t\u00e9l\u00e9phone Chargeur solaire ext\u00e9rieur Panneau solaire \u00e9tanche Panneaux de chargement solaires Planches<\/h1>\n<p>&nbsp;<\/p>\n<ul class=\"\">\n<li data-spm-anchor-id=\"a2700.details.0.i124.57b5214cAltqfB\">Conception \u00e9tanche et durable : Ce chargeur solaire est con\u00e7u pour r\u00e9sister \u00e0 diverses conditions ext\u00e9rieures. Il est \u00e9tanche \u00e0 l'eau et \u00e0 la poussi\u00e8re, ce qui garantit des performances fiables dans les environnements difficiles.<\/li>\n<li>Panneau solaire monocristallin \u00e0 haut rendement : \u00c9quip\u00e9 d'un panneau solaire monocristallin, ce chargeur convertit efficacement la lumi\u00e8re du soleil en \u00e9lectricit\u00e9, offrant une exp\u00e9rience de charge rapide et fiable pour vos appareils.<\/li>\n<li>Double sortie USB et courant de 5V 1,8A : Le chargeur est dot\u00e9 d'une double sortie USB avec un courant maximum de 1,8A, ce qui vous permet de charger deux appareils simultan\u00e9ment, y compris les smartphones, les tablettes et les banques d'alimentation, \u00e0 une tension de sortie s\u00fbre et efficace de 5V.<\/li>\n<li>Design compact et portable : Avec une taille de 185x115x20 mm, ce chargeur solaire est incroyablement compact et l\u00e9ger, ce qui le rend facile \u00e0 transporter, que ce soit en camping, en randonn\u00e9e ou en voyage.<\/li>\n<li>Conformit\u00e9 aux normes de s\u00e9curit\u00e9 internationales : Ce produit est conforme aux normes de s\u00e9curit\u00e9 internationales, y compris les certifications RoHS, FCC et CE, ce qui garantit votre s\u00e9curit\u00e9 et votre tranquillit\u00e9 d'esprit lors de l'utilisation du chargeur.<br \/>\n<h2 id=\"key-attributes\" class=\"att-title\" data-spm-anchor-id=\"a2700.details.0.i135.57b5214cAltqfB\">Caract\u00e9ristiques principales<\/h2>\n<div class=\"attribute-info\">\n<h3 data-spm-anchor-id=\"a2700.details.0.i136.57b5214cAltqfB\">Autres caract\u00e9ristiques<\/h3>\n<div class=\"attribute-list\">\n<div class=\"attribute-item\">\n<div class=\"left\">Lieu d'origine : Guangdong, Chine<\/div>\n<\/div>\n<div class=\"attribute-item\"><\/div>\n<div class=\"attribute-item\">\n<div class=\"left\">Batterie : Pas de batterie<\/div>\n<\/div>\n<div class=\"attribute-item\">\n<div class=\"left\">Taille du pliage : 185*115*20mm<\/div>\n<\/div>\n<div class=\"attribute-item\">\n<div class=\"left\">Panneau solaire \u00e0 puce : Monocristallin<\/div>\n<\/div>\n<div class=\"attribute-item\">\n<div class=\"left\">Puissance nominale : 15W 20W<\/div>\n<\/div>\n<div class=\"attribute-item\">\n<div class=\"left\">Courant de sortie DC : 1,8A<\/div>\n<\/div>\n<div class=\"attribute-item\">\n<div class=\"left\">Tension de sortie DC : 5v<\/div>\n<\/div>\n<div class=\"attribute-item\">\n<div class=\"left\">Connecteur de sortie : Double USB<\/div>\n<\/div>\n<div class=\"attribute-item\">\n<div class=\"left\">Interface de sortie : 5521DC<\/div>\n<\/div>\n<div class=\"attribute-item\">\n<div class=\"left\">Poids net : 450g<\/div>\n<\/div>\n<div class=\"attribute-item\">\n<div class=\"left\">Poids brut : 500g<\/div>\n<\/div>\n<div class=\"attribute-item\">\n<div class=\"left\">Taille du pliage : 650*100*3mm<\/div>\n<\/div>\n<div class=\"attribute-item\">\n<div class=\"left\">Taille du pliage : 185*115*20mm<\/div>\n<\/div>\n<\/div>\n<h3>Emballage et livraison<\/h3>\n<div class=\"attribute-list\">\n<div class=\"attribute-item\">\n<div class=\"left\">Unit\u00e9s de vente : Article unique<\/div>\n<\/div>\n<div class=\"attribute-item\">\n<div class=\"left\">Taille de l'emballage unique : 19x12x2 cm<\/div>\n<\/div>\n<div class=\"attribute-item\">\n<div class=\"left\">Poids brut simple : 1 000 kg<\/div>\n<\/div>\n<div><img loading=\"lazy\" decoding=\"async\" class=\"alignnone size-full wp-image-8836\" src=\"http:\/\/www.yunkuntech.com\/wp-content\/uploads\/2025\/02\/\u4e3b\u56fe_2-2.jpg\" alt=\"\" width=\"800\" height=\"800\" srcset=\"https:\/\/www.yunkuntech.com\/wp-content\/uploads\/2025\/02\/\u4e3b\u56fe_2-2.jpg 800w, https:\/\/www.yunkuntech.com\/wp-content\/uploads\/2025\/02\/\u4e3b\u56fe_2-2-300x300.jpg 300w, https:\/\/www.yunkuntech.com\/wp-content\/uploads\/2025\/02\/\u4e3b\u56fe_2-2-150x150.jpg 150w, https:\/\/www.yunkuntech.com\/wp-content\/uploads\/2025\/02\/\u4e3b\u56fe_2-2-768x768.jpg 768w, https:\/\/www.yunkuntech.com\/wp-content\/uploads\/2025\/02\/\u4e3b\u56fe_2-2-430x430.jpg 430w, https:\/\/www.yunkuntech.com\/wp-content\/uploads\/2025\/02\/\u4e3b\u56fe_2-2-700x700.jpg 700w\" sizes=\"auto, (max-width: 800px) 100vw, 800px\" \/> <img loading=\"lazy\" decoding=\"async\" class=\"alignnone size-full wp-image-8837\" src=\"http:\/\/www.yunkuntech.com\/wp-content\/uploads\/2025\/02\/\u4e3b\u56fe_3-2.jpg\" alt=\"\" width=\"1200\" height=\"1200\" srcset=\"https:\/\/www.yunkuntech.com\/wp-content\/uploads\/2025\/02\/\u4e3b\u56fe_3-2.jpg 1200w, https:\/\/www.yunkuntech.com\/wp-content\/uploads\/2025\/02\/\u4e3b\u56fe_3-2-300x300.jpg 300w, https:\/\/www.yunkuntech.com\/wp-content\/uploads\/2025\/02\/\u4e3b\u56fe_3-2-800x800.jpg 800w, https:\/\/www.yunkuntech.com\/wp-content\/uploads\/2025\/02\/\u4e3b\u56fe_3-2-150x150.jpg 150w, https:\/\/www.yunkuntech.com\/wp-content\/uploads\/2025\/02\/\u4e3b\u56fe_3-2-768x768.jpg 768w, https:\/\/www.yunkuntech.com\/wp-content\/uploads\/2025\/02\/\u4e3b\u56fe_3-2-860x860.jpg 860w, https:\/\/www.yunkuntech.com\/wp-content\/uploads\/2025\/02\/\u4e3b\u56fe_3-2-430x430.jpg 430w, https:\/\/www.yunkuntech.com\/wp-content\/uploads\/2025\/02\/\u4e3b\u56fe_3-2-700x700.jpg 700w\" sizes=\"auto, (max-width: 1200px) 100vw, 1200px\" \/> <img loading=\"lazy\" decoding=\"async\" class=\"alignnone size-full wp-image-8838\" src=\"http:\/\/www.yunkuntech.com\/wp-content\/uploads\/2025\/02\/\u4e3b\u56fe_4-2.jpg\" alt=\"\" width=\"1200\" height=\"1200\" srcset=\"https:\/\/www.yunkuntech.com\/wp-content\/uploads\/2025\/02\/\u4e3b\u56fe_4-2.jpg 1200w, https:\/\/www.yunkuntech.com\/wp-content\/uploads\/2025\/02\/\u4e3b\u56fe_4-2-300x300.jpg 300w, https:\/\/www.yunkuntech.com\/wp-content\/uploads\/2025\/02\/\u4e3b\u56fe_4-2-800x800.jpg 800w, https:\/\/www.yunkuntech.com\/wp-content\/uploads\/2025\/02\/\u4e3b\u56fe_4-2-150x150.jpg 150w, https:\/\/www.yunkuntech.com\/wp-content\/uploads\/2025\/02\/\u4e3b\u56fe_4-2-768x768.jpg 768w, https:\/\/www.yunkuntech.com\/wp-content\/uploads\/2025\/02\/\u4e3b\u56fe_4-2-860x860.jpg 860w, https:\/\/www.yunkuntech.com\/wp-content\/uploads\/2025\/02\/\u4e3b\u56fe_4-2-430x430.jpg 430w, https:\/\/www.yunkuntech.com\/wp-content\/uploads\/2025\/02\/\u4e3b\u56fe_4-2-700x700.jpg 700w\" sizes=\"auto, (max-width: 1200px) 100vw, 1200px\" \/> <img loading=\"lazy\" decoding=\"async\" class=\"alignnone size-full wp-image-8839\" src=\"http:\/\/www.yunkuntech.com\/wp-content\/uploads\/2025\/02\/\u4e3b\u56fe_5-4.jpg\" alt=\"\" width=\"1200\" height=\"1200\" srcset=\"https:\/\/www.yunkuntech.com\/wp-content\/uploads\/2025\/02\/\u4e3b\u56fe_5-4.jpg 1200w, https:\/\/www.yunkuntech.com\/wp-content\/uploads\/2025\/02\/\u4e3b\u56fe_5-4-300x300.jpg 300w, https:\/\/www.yunkuntech.com\/wp-content\/uploads\/2025\/02\/\u4e3b\u56fe_5-4-800x800.jpg 800w, https:\/\/www.yunkuntech.com\/wp-content\/uploads\/2025\/02\/\u4e3b\u56fe_5-4-150x150.jpg 150w, https:\/\/www.yunkuntech.com\/wp-content\/uploads\/2025\/02\/\u4e3b\u56fe_5-4-768x768.jpg 768w, https:\/\/www.yunkuntech.com\/wp-content\/uploads\/2025\/02\/\u4e3b\u56fe_5-4-860x860.jpg 860w, https:\/\/www.yunkuntech.com\/wp-content\/uploads\/2025\/02\/\u4e3b\u56fe_5-4-430x430.jpg 430w, https:\/\/www.yunkuntech.com\/wp-content\/uploads\/2025\/02\/\u4e3b\u56fe_5-4-700x700.jpg 700w\" sizes=\"auto, (max-width: 1200px) 100vw, 1200px\" \/> <img loading=\"lazy\" decoding=\"async\" class=\"alignnone size-full wp-image-8840\" src=\"http:\/\/www.yunkuntech.com\/wp-content\/uploads\/2025\/02\/\u4e3b\u56fe_6-4.jpg\" alt=\"\" width=\"1200\" height=\"1200\" srcset=\"https:\/\/www.yunkuntech.com\/wp-content\/uploads\/2025\/02\/\u4e3b\u56fe_6-4.jpg 1200w, https:\/\/www.yunkuntech.com\/wp-content\/uploads\/2025\/02\/\u4e3b\u56fe_6-4-300x300.jpg 300w, https:\/\/www.yunkuntech.com\/wp-content\/uploads\/2025\/02\/\u4e3b\u56fe_6-4-800x800.jpg 800w, https:\/\/www.yunkuntech.com\/wp-content\/uploads\/2025\/02\/\u4e3b\u56fe_6-4-150x150.jpg 150w, https:\/\/www.yunkuntech.com\/wp-content\/uploads\/2025\/02\/\u4e3b\u56fe_6-4-768x768.jpg 768w, https:\/\/www.yunkuntech.com\/wp-content\/uploads\/2025\/02\/\u4e3b\u56fe_6-4-860x860.jpg 860w, https:\/\/www.yunkuntech.com\/wp-content\/uploads\/2025\/02\/\u4e3b\u56fe_6-4-430x430.jpg 430w, https:\/\/www.yunkuntech.com\/wp-content\/uploads\/2025\/02\/\u4e3b\u56fe_6-4-700x700.jpg 700w\" sizes=\"auto, (max-width: 1200px) 100vw, 1200px\" \/><\/div>\n<\/div>\n<\/div>\n<\/li>\n<\/ul>","protected":false},"excerpt":{"rendered":"<p>20W Chargeur solaire portable pour t\u00e9l\u00e9phone Chargeur solaire d'ext\u00e9rieur Panneau solaire \u00e9tanche Panneaux de charge aliment\u00e9s par l'\u00e9nergie solaire Planches \u00e9tanches et durables :<\/p>","protected":false},"featured_media":8836,"comment_status":"open","ping_status":"closed","template":"","meta":[],"product_cat":[73],"product_tag":[],"class_list":["post-8835","product","type-product","status-publish","has-post-thumbnail","hentry","product_cat-outdoor-mobile-power-supply"],"_links":{"self":[{"href":"https:\/\/www.yunkuntech.com\/fr\/wp-json\/wp\/v2\/product\/8835","targetHints":{"allow":["GET"]}}],"collection":[{"href":"https:\/\/www.yunkuntech.com\/fr\/wp-json\/wp\/v2\/product"}],"about":[{"href":"https:\/\/www.yunkuntech.com\/fr\/wp-json\/wp\/v2\/types\/product"}],"replies":[{"embeddable":true,"href":"https:\/\/www.yunkuntech.com\/fr\/wp-json\/wp\/v2\/comments?post=8835"}],"version-history":[{"count":1,"href":"https:\/\/www.yunkuntech.com\/fr\/wp-json\/wp\/v2\/product\/8835\/revisions"}],"predecessor-version":[{"id":8841,"href":"https:\/\/www.yunkuntech.com\/fr\/wp-json\/wp\/v2\/product\/8835\/revisions\/8841"}],"wp:featuredmedia":[{"embeddable":true,"href":"https:\/\/www.yunkuntech.com\/fr\/wp-json\/wp\/v2\/media\/8836"}],"wp:attachment":[{"href":"https:\/\/www.yunkuntech.com\/fr\/wp-json\/wp\/v2\/media?parent=8835"}],"wp:term":[{"taxonomy":"product_cat","embeddable":true,"href":"https:\/\/www.yunkuntech.com\/fr\/wp-json\/wp\/v2\/product_cat?post=8835"},{"taxonomy":"product_tag","embeddable":true,"href":"https:\/\/www.yunkuntech.com\/fr\/wp-json\/wp\/v2\/product_tag?post=8835"}],"curies":[{"name":"wp","href":"https:\/\/api.w.org\/{rel}","templated":true}]}}