{"id":8826,"date":"2025-02-18T11:10:41","date_gmt":"2025-02-18T03:10:41","guid":{"rendered":"http:\/\/www.yunkuntech.com\/?post_type=product&#038;p=8826"},"modified":"2025-02-18T11:10:42","modified_gmt":"2025-02-18T03:10:42","slug":"outdoor-waterproof-30000mah-folding-solar-panels-portable-solar-charger-power-bank-with-led-light","status":"publish","type":"product","link":"https:\/\/www.yunkuntech.com\/fr\/product\/outdoor-waterproof-30000mah-folding-solar-panels-portable-solar-charger-power-bank-with-led-light\/","title":{"rendered":"Banque d'\u00e9nergie solaire portable \u00e0 panneaux solaires pliants 30000mah pour l'ext\u00e9rieur, \u00e9tanche, avec lumi\u00e8re LED"},"content":{"rendered":"<h1 title=\"Banque d&#039;\u00e9nergie solaire portable \u00e0 panneaux solaires pliants 25000mah pour l&#039;ext\u00e9rieur, \u00e9tanche, avec lumi\u00e8re LED\" data-spm-anchor-id=\"a2700.details.0.i25.21d15be7d1heXP\">Banque d'\u00e9nergie solaire portable \u00e0 panneaux solaires pliants 30000mah pour l'ext\u00e9rieur, \u00e9tanche, avec lumi\u00e8re LED<\/h1>\n<h2 id=\"key-attributes\" class=\"att-title\" data-spm-anchor-id=\"a2700.details.0.i160.539f4cc5267CkE\">Caract\u00e9ristiques principales<\/h2>\n<div class=\"attribute-info\">\n<h3>Attributs sp\u00e9cifiques \u00e0 l'industrie<\/h3>\n<div class=\"attribute-list\">\n<div class=\"attribute-item\">\n<div class=\"left\">interface de sortie : Double Usb<\/div>\n<\/div>\n<\/div>\n<h3>Autres caract\u00e9ristiques<\/h3>\n<div class=\"attribute-list\">\n<div class=\"attribute-item\">\n<div class=\"left\">interface d'entr\u00e9e : Micro USB<\/div>\n<\/div>\n<div class=\"attribute-item\">\n<div class=\"left\">type de batterie : Batterie Li-Polymer<\/div>\n<\/div>\n<div class=\"attribute-item\">\n<div class=\"left\">lieu d'origine : Guangdong, Chine<\/div>\n<\/div>\n<div class=\"attribute-item\">\n<div class=\"left\">marque : OEM, ODM<\/div>\n<\/div>\n<div class=\"attribute-item\">\n<div class=\"left\">poids : 600g<\/div>\n<\/div>\n<div class=\"attribute-item\">\n<div class=\"left\">Sortie : 5V\/2.1A<\/div>\n<\/div>\n<div class=\"attribute-item\">\n<div class=\"left\">Port USB : 2 ports<\/div>\n<\/div>\n<div class=\"attribute-item\">\n<div class=\"left\">Entr\u00e9e : 3,7V-5V\/2A<\/div>\n<\/div>\n<div class=\"attribute-item\">\n<div class=\"left\">Type de batterie : batterie li-polym\u00e8re<\/div>\n<\/div>\n<div class=\"attribute-item\">\n<div class=\"left\">Utilisation : Universel<\/div>\n<\/div>\n<div class=\"attribute-item\">\n<div class=\"left\">Cycle de vie : &gt;500 fois<\/div>\n<\/div>\n<div class=\"attribute-item\">\n<div class=\"left\">Certification : CE\/FCC\/RoHS\/MSDS\/UN38.3<\/div>\n<\/div>\n<div class=\"attribute-item\">\n<div class=\"left\">Efficacit\u00e9 : 85%-90%<\/div>\n<\/div>\n<div class=\"attribute-item\">\n<div class=\"left\">Sur mesure : support<\/div>\n<\/div>\n<div class=\"attribute-item\">\n<div class=\"left\">Capacit\u00e9 : 10000mah- 30000mah<\/div>\n<\/div>\n<\/div>\n<h3>Emballage et livraison<\/h3>\n<div class=\"attribute-list\">\n<div class=\"attribute-item\">\n<div class=\"left\">D\u00e9tails de l'emballage : Banque d'alimentation + bo\u00eete d'emballage + c\u00e2ble micro USB + carton principal<\/div>\n<\/div>\n<div class=\"attribute-item\">\n<div class=\"left\">Unit\u00e9s de vente : Article unique<\/div>\n<\/div>\n<div class=\"attribute-item\">\n<div class=\"left\">Taille de l'emballage unique : 17,5\u00d710,5\u00d72,6 cm<\/div>\n<\/div>\n<div class=\"attribute-item\">\n<div class=\"left\">Poids brut simple : 0,600 kg<\/div>\n<\/div>\n<\/div>\n<\/div>\n<p><img loading=\"lazy\" decoding=\"async\" class=\"alignnone size-full wp-image-8827\" src=\"http:\/\/www.yunkuntech.com\/wp-content\/uploads\/2025\/02\/\u8be6\u60c5\u56fe_4-1.jpg\" alt=\"\" width=\"750\" height=\"750\" srcset=\"https:\/\/www.yunkuntech.com\/wp-content\/uploads\/2025\/02\/\u8be6\u60c5\u56fe_4-1.jpg 750w, https:\/\/www.yunkuntech.com\/wp-content\/uploads\/2025\/02\/\u8be6\u60c5\u56fe_4-1-300x300.jpg 300w, https:\/\/www.yunkuntech.com\/wp-content\/uploads\/2025\/02\/\u8be6\u60c5\u56fe_4-1-150x150.jpg 150w, https:\/\/www.yunkuntech.com\/wp-content\/uploads\/2025\/02\/\u8be6\u60c5\u56fe_4-1-430x430.jpg 430w, https:\/\/www.yunkuntech.com\/wp-content\/uploads\/2025\/02\/\u8be6\u60c5\u56fe_4-1-700x700.jpg 700w\" sizes=\"auto, (max-width: 750px) 100vw, 750px\" \/> <img loading=\"lazy\" decoding=\"async\" class=\"alignnone size-full wp-image-8828\" src=\"http:\/\/www.yunkuntech.com\/wp-content\/uploads\/2025\/02\/\u8be6\u60c5\u56fe_5-1.jpg\" alt=\"\" width=\"800\" height=\"800\" srcset=\"https:\/\/www.yunkuntech.com\/wp-content\/uploads\/2025\/02\/\u8be6\u60c5\u56fe_5-1.jpg 800w, https:\/\/www.yunkuntech.com\/wp-content\/uploads\/2025\/02\/\u8be6\u60c5\u56fe_5-1-300x300.jpg 300w, https:\/\/www.yunkuntech.com\/wp-content\/uploads\/2025\/02\/\u8be6\u60c5\u56fe_5-1-150x150.jpg 150w, https:\/\/www.yunkuntech.com\/wp-content\/uploads\/2025\/02\/\u8be6\u60c5\u56fe_5-1-768x768.jpg 768w, https:\/\/www.yunkuntech.com\/wp-content\/uploads\/2025\/02\/\u8be6\u60c5\u56fe_5-1-430x430.jpg 430w, https:\/\/www.yunkuntech.com\/wp-content\/uploads\/2025\/02\/\u8be6\u60c5\u56fe_5-1-700x700.jpg 700w\" sizes=\"auto, (max-width: 800px) 100vw, 800px\" \/> <img loading=\"lazy\" decoding=\"async\" class=\"alignnone size-full wp-image-8829\" src=\"http:\/\/www.yunkuntech.com\/wp-content\/uploads\/2025\/02\/\u8be6\u60c5\u56fe_6-2.jpg\" alt=\"\" width=\"800\" height=\"800\" srcset=\"https:\/\/www.yunkuntech.com\/wp-content\/uploads\/2025\/02\/\u8be6\u60c5\u56fe_6-2.jpg 800w, https:\/\/www.yunkuntech.com\/wp-content\/uploads\/2025\/02\/\u8be6\u60c5\u56fe_6-2-300x300.jpg 300w, https:\/\/www.yunkuntech.com\/wp-content\/uploads\/2025\/02\/\u8be6\u60c5\u56fe_6-2-150x150.jpg 150w, https:\/\/www.yunkuntech.com\/wp-content\/uploads\/2025\/02\/\u8be6\u60c5\u56fe_6-2-768x768.jpg 768w, https:\/\/www.yunkuntech.com\/wp-content\/uploads\/2025\/02\/\u8be6\u60c5\u56fe_6-2-430x430.jpg 430w, https:\/\/www.yunkuntech.com\/wp-content\/uploads\/2025\/02\/\u8be6\u60c5\u56fe_6-2-700x700.jpg 700w\" sizes=\"auto, (max-width: 800px) 100vw, 800px\" \/> \u00a0\u00a0<img loading=\"lazy\" decoding=\"async\" class=\"alignnone size-full wp-image-8832\" src=\"http:\/\/www.yunkuntech.com\/wp-content\/uploads\/2025\/02\/\u4e3b\u56fe_7.jpg\" alt=\"\" width=\"750\" height=\"750\" srcset=\"https:\/\/www.yunkuntech.com\/wp-content\/uploads\/2025\/02\/\u4e3b\u56fe_7.jpg 750w, https:\/\/www.yunkuntech.com\/wp-content\/uploads\/2025\/02\/\u4e3b\u56fe_7-300x300.jpg 300w, https:\/\/www.yunkuntech.com\/wp-content\/uploads\/2025\/02\/\u4e3b\u56fe_7-150x150.jpg 150w, https:\/\/www.yunkuntech.com\/wp-content\/uploads\/2025\/02\/\u4e3b\u56fe_7-430x430.jpg 430w, https:\/\/www.yunkuntech.com\/wp-content\/uploads\/2025\/02\/\u4e3b\u56fe_7-700x700.jpg 700w\" sizes=\"auto, (max-width: 750px) 100vw, 750px\" \/> <img loading=\"lazy\" decoding=\"async\" class=\"alignnone size-full wp-image-8833\" src=\"http:\/\/www.yunkuntech.com\/wp-content\/uploads\/2025\/02\/\u4e3b\u56fe8.jpg\" alt=\"\" width=\"750\" height=\"750\" srcset=\"https:\/\/www.yunkuntech.com\/wp-content\/uploads\/2025\/02\/\u4e3b\u56fe8.jpg 750w, https:\/\/www.yunkuntech.com\/wp-content\/uploads\/2025\/02\/\u4e3b\u56fe8-300x300.jpg 300w, https:\/\/www.yunkuntech.com\/wp-content\/uploads\/2025\/02\/\u4e3b\u56fe8-150x150.jpg 150w, https:\/\/www.yunkuntech.com\/wp-content\/uploads\/2025\/02\/\u4e3b\u56fe8-430x430.jpg 430w, https:\/\/www.yunkuntech.com\/wp-content\/uploads\/2025\/02\/\u4e3b\u56fe8-700x700.jpg 700w\" sizes=\"auto, (max-width: 750px) 100vw, 750px\" \/><\/p>","protected":false},"excerpt":{"rendered":"<p>Outdoor Waterproof 30000mah Folding Solar Panels Portable Solar Charger Power Bank with LED Light Attributs cl\u00e9s Attributs sp\u00e9cifiques \u00e0 l'industrie Interface de sortie :<\/p>","protected":false},"featured_media":8827,"comment_status":"open","ping_status":"closed","template":"","meta":[],"product_cat":[20,73],"product_tag":[],"class_list":["post-8826","product","type-product","status-publish","has-post-thumbnail","hentry","product_cat-high-capacity-power-bank","product_cat-outdoor-mobile-power-supply"],"_links":{"self":[{"href":"https:\/\/www.yunkuntech.com\/fr\/wp-json\/wp\/v2\/product\/8826","targetHints":{"allow":["GET"]}}],"collection":[{"href":"https:\/\/www.yunkuntech.com\/fr\/wp-json\/wp\/v2\/product"}],"about":[{"href":"https:\/\/www.yunkuntech.com\/fr\/wp-json\/wp\/v2\/types\/product"}],"replies":[{"embeddable":true,"href":"https:\/\/www.yunkuntech.com\/fr\/wp-json\/wp\/v2\/comments?post=8826"}],"version-history":[{"count":1,"href":"https:\/\/www.yunkuntech.com\/fr\/wp-json\/wp\/v2\/product\/8826\/revisions"}],"predecessor-version":[{"id":8834,"href":"https:\/\/www.yunkuntech.com\/fr\/wp-json\/wp\/v2\/product\/8826\/revisions\/8834"}],"wp:featuredmedia":[{"embeddable":true,"href":"https:\/\/www.yunkuntech.com\/fr\/wp-json\/wp\/v2\/media\/8827"}],"wp:attachment":[{"href":"https:\/\/www.yunkuntech.com\/fr\/wp-json\/wp\/v2\/media?parent=8826"}],"wp:term":[{"taxonomy":"product_cat","embeddable":true,"href":"https:\/\/www.yunkuntech.com\/fr\/wp-json\/wp\/v2\/product_cat?post=8826"},{"taxonomy":"product_tag","embeddable":true,"href":"https:\/\/www.yunkuntech.com\/fr\/wp-json\/wp\/v2\/product_tag?post=8826"}],"curies":[{"name":"wp","href":"https:\/\/api.w.org\/{rel}","templated":true}]}}