{"id":8810,"date":"2025-02-18T10:25:22","date_gmt":"2025-02-18T02:25:22","guid":{"rendered":"http:\/\/www.yunkuntech.com\/?post_type=product&#038;p=8810"},"modified":"2025-02-18T16:01:10","modified_gmt":"2025-02-18T08:01:10","slug":"new-waterproof-solar-power-bank-30000mah-hand-crank-emergency-solar-charger-powerbank-for-storm-hits-earthquake","status":"publish","type":"product","link":"https:\/\/www.yunkuntech.com\/fr\/product\/new-waterproof-solar-power-bank-30000mah-hand-crank-emergency-solar-charger-powerbank-for-storm-hits-earthquake\/","title":{"rendered":"New Waterproof Solar Power Bank 30000mAh Hand Crank Emergency Solar Charger Powerbank for Storm Hits , Earthquake"},"content":{"rendered":"<table border=\"1\" cellspacing=\"0\" cellpadding=\"5\">\n<tbody>\n<tr>\n<td data-spm-anchor-id=\"a2700.details.0.i92.ac8d32d1iZmspr\">Lieu d'origine<\/td>\n<td>Chine<\/td>\n<\/tr>\n<tr>\n<td>Nom de la marque<\/td>\n<td>FSENERGY<\/td>\n<\/tr>\n<tr>\n<td>Num\u00e9ro de mod\u00e8le<\/td>\n<td>WKD-2203<\/td>\n<\/tr>\n<tr>\n<td>Pays d'origine<\/td>\n<td>Guangdong<\/td>\n<\/tr>\n<tr>\n<td>Poids<\/td>\n<td>600g<\/td>\n<\/tr>\n<tr>\n<td>Moule priv\u00e9<\/td>\n<td>Oui<\/td>\n<\/tr>\n<tr>\n<td>Douille Standard<\/td>\n<td>Universel<\/td>\n<\/tr>\n<tr>\n<td>Type<\/td>\n<td>PORTABLE, \u00e9tanche, station d'alimentation portable, chargeur rapide 2 en 1, grande capacit\u00e9, pour l'ext\u00e9rieur, charge rapide, avec c\u00e2ble.<\/td>\n<\/tr>\n<tr>\n<td>Interface de sortie<\/td>\n<td>Type C, Double Usb<\/td>\n<\/tr>\n<tr>\n<td>Interface d'entr\u00e9e<\/td>\n<td>Micro USB,TYPE-C<\/td>\n<\/tr>\n<tr>\n<td>Type de batterie<\/td>\n<td>Batterie Li-Polym\u00e8re<\/td>\n<\/tr>\n<tr>\n<td>Fonction<\/td>\n<td>Ecran LED,Chargement solaire,Chargement par panneau solaire,Chargement rapide<\/td>\n<\/tr>\n<tr>\n<td>Protection de l'environnement<\/td>\n<td>Protection contre les surcharges, les surcharges et les courts-circuits<\/td>\n<\/tr>\n<\/tbody>\n<\/table>\n<p><img loading=\"lazy\" decoding=\"async\" class=\"alignnone size-full wp-image-8811\" src=\"http:\/\/www.yunkuntech.com\/wp-content\/uploads\/2025\/02\/\u8be6\u60c5\u56fe_1-1.jpg\" alt=\"\" width=\"1920\" height=\"1920\" srcset=\"https:\/\/www.yunkuntech.com\/wp-content\/uploads\/2025\/02\/\u8be6\u60c5\u56fe_1-1.jpg 1920w, https:\/\/www.yunkuntech.com\/wp-content\/uploads\/2025\/02\/\u8be6\u60c5\u56fe_1-1-300x300.jpg 300w, https:\/\/www.yunkuntech.com\/wp-content\/uploads\/2025\/02\/\u8be6\u60c5\u56fe_1-1-800x800.jpg 800w, https:\/\/www.yunkuntech.com\/wp-content\/uploads\/2025\/02\/\u8be6\u60c5\u56fe_1-1-150x150.jpg 150w, https:\/\/www.yunkuntech.com\/wp-content\/uploads\/2025\/02\/\u8be6\u60c5\u56fe_1-1-768x768.jpg 768w, https:\/\/www.yunkuntech.com\/wp-content\/uploads\/2025\/02\/\u8be6\u60c5\u56fe_1-1-1536x1536.jpg 1536w, https:\/\/www.yunkuntech.com\/wp-content\/uploads\/2025\/02\/\u8be6\u60c5\u56fe_1-1-860x860.jpg 860w, https:\/\/www.yunkuntech.com\/wp-content\/uploads\/2025\/02\/\u8be6\u60c5\u56fe_1-1-430x430.jpg 430w, https:\/\/www.yunkuntech.com\/wp-content\/uploads\/2025\/02\/\u8be6\u60c5\u56fe_1-1-700x700.jpg 700w\" sizes=\"auto, (max-width: 1920px) 100vw, 1920px\" \/> <img loading=\"lazy\" decoding=\"async\" class=\"alignnone size-full wp-image-8812\" src=\"http:\/\/www.yunkuntech.com\/wp-content\/uploads\/2025\/02\/\u8be6\u60c5\u56fe_2-1.jpg\" alt=\"\" width=\"1000\" height=\"999\" srcset=\"https:\/\/www.yunkuntech.com\/wp-content\/uploads\/2025\/02\/\u8be6\u60c5\u56fe_2-1.jpg 1000w, https:\/\/www.yunkuntech.com\/wp-content\/uploads\/2025\/02\/\u8be6\u60c5\u56fe_2-1-300x300.jpg 300w, https:\/\/www.yunkuntech.com\/wp-content\/uploads\/2025\/02\/\u8be6\u60c5\u56fe_2-1-801x800.jpg 801w, https:\/\/www.yunkuntech.com\/wp-content\/uploads\/2025\/02\/\u8be6\u60c5\u56fe_2-1-150x150.jpg 150w, https:\/\/www.yunkuntech.com\/wp-content\/uploads\/2025\/02\/\u8be6\u60c5\u56fe_2-1-768x767.jpg 768w, https:\/\/www.yunkuntech.com\/wp-content\/uploads\/2025\/02\/\u8be6\u60c5\u56fe_2-1-860x859.jpg 860w, https:\/\/www.yunkuntech.com\/wp-content\/uploads\/2025\/02\/\u8be6\u60c5\u56fe_2-1-430x430.jpg 430w, https:\/\/www.yunkuntech.com\/wp-content\/uploads\/2025\/02\/\u8be6\u60c5\u56fe_2-1-700x699.jpg 700w\" sizes=\"auto, (max-width: 1000px) 100vw, 1000px\" \/> <img loading=\"lazy\" decoding=\"async\" class=\"alignnone size-full wp-image-8813\" src=\"http:\/\/www.yunkuntech.com\/wp-content\/uploads\/2025\/02\/\u8be6\u60c5\u56fe_3-1.jpg\" alt=\"\" width=\"1000\" height=\"1000\" srcset=\"https:\/\/www.yunkuntech.com\/wp-content\/uploads\/2025\/02\/\u8be6\u60c5\u56fe_3-1.jpg 1000w, https:\/\/www.yunkuntech.com\/wp-content\/uploads\/2025\/02\/\u8be6\u60c5\u56fe_3-1-300x300.jpg 300w, https:\/\/www.yunkuntech.com\/wp-content\/uploads\/2025\/02\/\u8be6\u60c5\u56fe_3-1-800x800.jpg 800w, https:\/\/www.yunkuntech.com\/wp-content\/uploads\/2025\/02\/\u8be6\u60c5\u56fe_3-1-150x150.jpg 150w, https:\/\/www.yunkuntech.com\/wp-content\/uploads\/2025\/02\/\u8be6\u60c5\u56fe_3-1-768x768.jpg 768w, https:\/\/www.yunkuntech.com\/wp-content\/uploads\/2025\/02\/\u8be6\u60c5\u56fe_3-1-860x860.jpg 860w, https:\/\/www.yunkuntech.com\/wp-content\/uploads\/2025\/02\/\u8be6\u60c5\u56fe_3-1-430x430.jpg 430w, https:\/\/www.yunkuntech.com\/wp-content\/uploads\/2025\/02\/\u8be6\u60c5\u56fe_3-1-700x700.jpg 700w\" sizes=\"auto, (max-width: 1000px) 100vw, 1000px\" \/> <img loading=\"lazy\" decoding=\"async\" class=\"alignnone size-full wp-image-8814\" src=\"http:\/\/www.yunkuntech.com\/wp-content\/uploads\/2025\/02\/\u8be6\u60c5\u56fe_4.jpg\" alt=\"\" width=\"1000\" height=\"962\" srcset=\"https:\/\/www.yunkuntech.com\/wp-content\/uploads\/2025\/02\/\u8be6\u60c5\u56fe_4.jpg 1000w, https:\/\/www.yunkuntech.com\/wp-content\/uploads\/2025\/02\/\u8be6\u60c5\u56fe_4-312x300.jpg 312w, https:\/\/www.yunkuntech.com\/wp-content\/uploads\/2025\/02\/\u8be6\u60c5\u56fe_4-832x800.jpg 832w, https:\/\/www.yunkuntech.com\/wp-content\/uploads\/2025\/02\/\u8be6\u60c5\u56fe_4-768x739.jpg 768w, https:\/\/www.yunkuntech.com\/wp-content\/uploads\/2025\/02\/\u8be6\u60c5\u56fe_4-860x827.jpg 860w, https:\/\/www.yunkuntech.com\/wp-content\/uploads\/2025\/02\/\u8be6\u60c5\u56fe_4-430x414.jpg 430w, https:\/\/www.yunkuntech.com\/wp-content\/uploads\/2025\/02\/\u8be6\u60c5\u56fe_4-700x673.jpg 700w, https:\/\/www.yunkuntech.com\/wp-content\/uploads\/2025\/02\/\u8be6\u60c5\u56fe_4-150x144.jpg 150w\" sizes=\"auto, (max-width: 1000px) 100vw, 1000px\" \/> <img loading=\"lazy\" decoding=\"async\" class=\"alignnone size-full wp-image-8815\" src=\"http:\/\/www.yunkuntech.com\/wp-content\/uploads\/2025\/02\/\u8be6\u60c5\u56fe_5.jpg\" alt=\"\" width=\"1000\" height=\"1112\" srcset=\"https:\/\/www.yunkuntech.com\/wp-content\/uploads\/2025\/02\/\u8be6\u60c5\u56fe_5.jpg 1000w, https:\/\/www.yunkuntech.com\/wp-content\/uploads\/2025\/02\/\u8be6\u60c5\u56fe_5-270x300.jpg 270w, https:\/\/www.yunkuntech.com\/wp-content\/uploads\/2025\/02\/\u8be6\u60c5\u56fe_5-719x800.jpg 719w, https:\/\/www.yunkuntech.com\/wp-content\/uploads\/2025\/02\/\u8be6\u60c5\u56fe_5-768x854.jpg 768w, https:\/\/www.yunkuntech.com\/wp-content\/uploads\/2025\/02\/\u8be6\u60c5\u56fe_5-860x956.jpg 860w, https:\/\/www.yunkuntech.com\/wp-content\/uploads\/2025\/02\/\u8be6\u60c5\u56fe_5-430x478.jpg 430w, https:\/\/www.yunkuntech.com\/wp-content\/uploads\/2025\/02\/\u8be6\u60c5\u56fe_5-700x778.jpg 700w, https:\/\/www.yunkuntech.com\/wp-content\/uploads\/2025\/02\/\u8be6\u60c5\u56fe_5-150x167.jpg 150w\" sizes=\"auto, (max-width: 1000px) 100vw, 1000px\" \/> <img loading=\"lazy\" decoding=\"async\" class=\"alignnone size-full wp-image-8816\" src=\"http:\/\/www.yunkuntech.com\/wp-content\/uploads\/2025\/02\/\u8be6\u60c5\u56fe_6-1.jpg\" alt=\"\" width=\"1000\" height=\"1272\" srcset=\"https:\/\/www.yunkuntech.com\/wp-content\/uploads\/2025\/02\/\u8be6\u60c5\u56fe_6-1.jpg 1000w, https:\/\/www.yunkuntech.com\/wp-content\/uploads\/2025\/02\/\u8be6\u60c5\u56fe_6-1-236x300.jpg 236w, https:\/\/www.yunkuntech.com\/wp-content\/uploads\/2025\/02\/\u8be6\u60c5\u56fe_6-1-629x800.jpg 629w, https:\/\/www.yunkuntech.com\/wp-content\/uploads\/2025\/02\/\u8be6\u60c5\u56fe_6-1-768x977.jpg 768w, https:\/\/www.yunkuntech.com\/wp-content\/uploads\/2025\/02\/\u8be6\u60c5\u56fe_6-1-860x1094.jpg 860w, https:\/\/www.yunkuntech.com\/wp-content\/uploads\/2025\/02\/\u8be6\u60c5\u56fe_6-1-430x547.jpg 430w, https:\/\/www.yunkuntech.com\/wp-content\/uploads\/2025\/02\/\u8be6\u60c5\u56fe_6-1-700x890.jpg 700w, https:\/\/www.yunkuntech.com\/wp-content\/uploads\/2025\/02\/\u8be6\u60c5\u56fe_6-1-150x191.jpg 150w\" sizes=\"auto, (max-width: 1000px) 100vw, 1000px\" \/><img loading=\"lazy\" decoding=\"async\" class=\"alignnone size-full wp-image-8817\" src=\"http:\/\/www.yunkuntech.com\/wp-content\/uploads\/2025\/02\/SKU_1-2.jpg\" alt=\"\" width=\"1600\" height=\"1600\" srcset=\"https:\/\/www.yunkuntech.com\/wp-content\/uploads\/2025\/02\/SKU_1-2.jpg 1600w, https:\/\/www.yunkuntech.com\/wp-content\/uploads\/2025\/02\/SKU_1-2-300x300.jpg 300w, https:\/\/www.yunkuntech.com\/wp-content\/uploads\/2025\/02\/SKU_1-2-800x800.jpg 800w, https:\/\/www.yunkuntech.com\/wp-content\/uploads\/2025\/02\/SKU_1-2-150x150.jpg 150w, https:\/\/www.yunkuntech.com\/wp-content\/uploads\/2025\/02\/SKU_1-2-768x768.jpg 768w, https:\/\/www.yunkuntech.com\/wp-content\/uploads\/2025\/02\/SKU_1-2-1536x1536.jpg 1536w, https:\/\/www.yunkuntech.com\/wp-content\/uploads\/2025\/02\/SKU_1-2-860x860.jpg 860w, https:\/\/www.yunkuntech.com\/wp-content\/uploads\/2025\/02\/SKU_1-2-430x430.jpg 430w, https:\/\/www.yunkuntech.com\/wp-content\/uploads\/2025\/02\/SKU_1-2-700x700.jpg 700w\" sizes=\"auto, (max-width: 1600px) 100vw, 1600px\" \/> <img loading=\"lazy\" decoding=\"async\" class=\"alignnone size-full wp-image-8818\" src=\"http:\/\/www.yunkuntech.com\/wp-content\/uploads\/2025\/02\/SKU_2-2.jpg\" alt=\"\" width=\"1600\" height=\"1600\" srcset=\"https:\/\/www.yunkuntech.com\/wp-content\/uploads\/2025\/02\/SKU_2-2.jpg 1600w, https:\/\/www.yunkuntech.com\/wp-content\/uploads\/2025\/02\/SKU_2-2-300x300.jpg 300w, https:\/\/www.yunkuntech.com\/wp-content\/uploads\/2025\/02\/SKU_2-2-800x800.jpg 800w, https:\/\/www.yunkuntech.com\/wp-content\/uploads\/2025\/02\/SKU_2-2-150x150.jpg 150w, https:\/\/www.yunkuntech.com\/wp-content\/uploads\/2025\/02\/SKU_2-2-768x768.jpg 768w, https:\/\/www.yunkuntech.com\/wp-content\/uploads\/2025\/02\/SKU_2-2-1536x1536.jpg 1536w, https:\/\/www.yunkuntech.com\/wp-content\/uploads\/2025\/02\/SKU_2-2-860x860.jpg 860w, https:\/\/www.yunkuntech.com\/wp-content\/uploads\/2025\/02\/SKU_2-2-430x430.jpg 430w, https:\/\/www.yunkuntech.com\/wp-content\/uploads\/2025\/02\/SKU_2-2-700x700.jpg 700w\" sizes=\"auto, (max-width: 1600px) 100vw, 1600px\" \/> <img loading=\"lazy\" decoding=\"async\" class=\"alignnone size-full wp-image-8819\" src=\"http:\/\/www.yunkuntech.com\/wp-content\/uploads\/2025\/02\/SKU_3-2.jpg\" alt=\"\" width=\"1600\" height=\"1600\" srcset=\"https:\/\/www.yunkuntech.com\/wp-content\/uploads\/2025\/02\/SKU_3-2.jpg 1600w, https:\/\/www.yunkuntech.com\/wp-content\/uploads\/2025\/02\/SKU_3-2-300x300.jpg 300w, https:\/\/www.yunkuntech.com\/wp-content\/uploads\/2025\/02\/SKU_3-2-800x800.jpg 800w, https:\/\/www.yunkuntech.com\/wp-content\/uploads\/2025\/02\/SKU_3-2-150x150.jpg 150w, https:\/\/www.yunkuntech.com\/wp-content\/uploads\/2025\/02\/SKU_3-2-768x768.jpg 768w, https:\/\/www.yunkuntech.com\/wp-content\/uploads\/2025\/02\/SKU_3-2-1536x1536.jpg 1536w, https:\/\/www.yunkuntech.com\/wp-content\/uploads\/2025\/02\/SKU_3-2-860x860.jpg 860w, https:\/\/www.yunkuntech.com\/wp-content\/uploads\/2025\/02\/SKU_3-2-430x430.jpg 430w, https:\/\/www.yunkuntech.com\/wp-content\/uploads\/2025\/02\/SKU_3-2-700x700.jpg 700w\" sizes=\"auto, (max-width: 1600px) 100vw, 1600px\" \/> <img loading=\"lazy\" decoding=\"async\" class=\"alignnone size-full wp-image-8820\" src=\"http:\/\/www.yunkuntech.com\/wp-content\/uploads\/2025\/02\/SKU_4-2.jpg\" alt=\"\" width=\"1600\" height=\"1600\" srcset=\"https:\/\/www.yunkuntech.com\/wp-content\/uploads\/2025\/02\/SKU_4-2.jpg 1600w, https:\/\/www.yunkuntech.com\/wp-content\/uploads\/2025\/02\/SKU_4-2-300x300.jpg 300w, https:\/\/www.yunkuntech.com\/wp-content\/uploads\/2025\/02\/SKU_4-2-800x800.jpg 800w, https:\/\/www.yunkuntech.com\/wp-content\/uploads\/2025\/02\/SKU_4-2-150x150.jpg 150w, https:\/\/www.yunkuntech.com\/wp-content\/uploads\/2025\/02\/SKU_4-2-768x768.jpg 768w, https:\/\/www.yunkuntech.com\/wp-content\/uploads\/2025\/02\/SKU_4-2-1536x1536.jpg 1536w, https:\/\/www.yunkuntech.com\/wp-content\/uploads\/2025\/02\/SKU_4-2-860x860.jpg 860w, https:\/\/www.yunkuntech.com\/wp-content\/uploads\/2025\/02\/SKU_4-2-430x430.jpg 430w, https:\/\/www.yunkuntech.com\/wp-content\/uploads\/2025\/02\/SKU_4-2-700x700.jpg 700w\" sizes=\"auto, (max-width: 1600px) 100vw, 1600px\" \/> <img loading=\"lazy\" decoding=\"async\" class=\"alignnone size-full wp-image-8821\" src=\"http:\/\/www.yunkuntech.com\/wp-content\/uploads\/2025\/02\/SKU_5-2.jpg\" alt=\"\" width=\"1600\" height=\"1600\" srcset=\"https:\/\/www.yunkuntech.com\/wp-content\/uploads\/2025\/02\/SKU_5-2.jpg 1600w, https:\/\/www.yunkuntech.com\/wp-content\/uploads\/2025\/02\/SKU_5-2-300x300.jpg 300w, https:\/\/www.yunkuntech.com\/wp-content\/uploads\/2025\/02\/SKU_5-2-800x800.jpg 800w, https:\/\/www.yunkuntech.com\/wp-content\/uploads\/2025\/02\/SKU_5-2-150x150.jpg 150w, https:\/\/www.yunkuntech.com\/wp-content\/uploads\/2025\/02\/SKU_5-2-768x768.jpg 768w, https:\/\/www.yunkuntech.com\/wp-content\/uploads\/2025\/02\/SKU_5-2-1536x1536.jpg 1536w, https:\/\/www.yunkuntech.com\/wp-content\/uploads\/2025\/02\/SKU_5-2-860x860.jpg 860w, https:\/\/www.yunkuntech.com\/wp-content\/uploads\/2025\/02\/SKU_5-2-430x430.jpg 430w, https:\/\/www.yunkuntech.com\/wp-content\/uploads\/2025\/02\/SKU_5-2-700x700.jpg 700w\" sizes=\"auto, (max-width: 1600px) 100vw, 1600px\" \/> <img loading=\"lazy\" decoding=\"async\" class=\"alignnone size-full wp-image-8822\" src=\"http:\/\/www.yunkuntech.com\/wp-content\/uploads\/2025\/02\/SKU_6.jpg\" alt=\"\" width=\"1600\" height=\"1600\" srcset=\"https:\/\/www.yunkuntech.com\/wp-content\/uploads\/2025\/02\/SKU_6.jpg 1600w, https:\/\/www.yunkuntech.com\/wp-content\/uploads\/2025\/02\/SKU_6-300x300.jpg 300w, https:\/\/www.yunkuntech.com\/wp-content\/uploads\/2025\/02\/SKU_6-800x800.jpg 800w, https:\/\/www.yunkuntech.com\/wp-content\/uploads\/2025\/02\/SKU_6-150x150.jpg 150w, https:\/\/www.yunkuntech.com\/wp-content\/uploads\/2025\/02\/SKU_6-768x768.jpg 768w, https:\/\/www.yunkuntech.com\/wp-content\/uploads\/2025\/02\/SKU_6-1536x1536.jpg 1536w, https:\/\/www.yunkuntech.com\/wp-content\/uploads\/2025\/02\/SKU_6-860x860.jpg 860w, https:\/\/www.yunkuntech.com\/wp-content\/uploads\/2025\/02\/SKU_6-430x430.jpg 430w, https:\/\/www.yunkuntech.com\/wp-content\/uploads\/2025\/02\/SKU_6-700x700.jpg 700w\" sizes=\"auto, (max-width: 1600px) 100vw, 1600px\" \/><\/p>","protected":false},"excerpt":{"rendered":"<p>Lieu d'origine Chine Marque FSENERGY Num\u00e9ro de mod\u00e8le WKD-2203 Pays d'origine Guangdong Poids 600g Moule priv\u00e9 Oui Douille<\/p>","protected":false},"featured_media":8823,"comment_status":"open","ping_status":"closed","template":"","meta":[],"product_cat":[20,73],"product_tag":[],"class_list":["post-8810","product","type-product","status-publish","has-post-thumbnail","hentry","product_cat-high-capacity-power-bank","product_cat-outdoor-mobile-power-supply"],"_links":{"self":[{"href":"https:\/\/www.yunkuntech.com\/fr\/wp-json\/wp\/v2\/product\/8810","targetHints":{"allow":["GET"]}}],"collection":[{"href":"https:\/\/www.yunkuntech.com\/fr\/wp-json\/wp\/v2\/product"}],"about":[{"href":"https:\/\/www.yunkuntech.com\/fr\/wp-json\/wp\/v2\/types\/product"}],"replies":[{"embeddable":true,"href":"https:\/\/www.yunkuntech.com\/fr\/wp-json\/wp\/v2\/comments?post=8810"}],"version-history":[{"count":1,"href":"https:\/\/www.yunkuntech.com\/fr\/wp-json\/wp\/v2\/product\/8810\/revisions"}],"predecessor-version":[{"id":8824,"href":"https:\/\/www.yunkuntech.com\/fr\/wp-json\/wp\/v2\/product\/8810\/revisions\/8824"}],"wp:featuredmedia":[{"embeddable":true,"href":"https:\/\/www.yunkuntech.com\/fr\/wp-json\/wp\/v2\/media\/8823"}],"wp:attachment":[{"href":"https:\/\/www.yunkuntech.com\/fr\/wp-json\/wp\/v2\/media?parent=8810"}],"wp:term":[{"taxonomy":"product_cat","embeddable":true,"href":"https:\/\/www.yunkuntech.com\/fr\/wp-json\/wp\/v2\/product_cat?post=8810"},{"taxonomy":"product_tag","embeddable":true,"href":"https:\/\/www.yunkuntech.com\/fr\/wp-json\/wp\/v2\/product_tag?post=8810"}],"curies":[{"name":"wp","href":"https:\/\/api.w.org\/{rel}","templated":true}]}}