{"id":8790,"date":"2025-02-17T16:08:50","date_gmt":"2025-02-17T08:08:50","guid":{"rendered":"http:\/\/www.yunkuntech.com\/?post_type=product&#038;p=8790"},"modified":"2025-04-13T20:31:54","modified_gmt":"2025-04-13T12:31:54","slug":"40000mah-portable-wireless-charging-powerbank-built-in-cable-three-battery-chargeur-solaire-strong-led-light-solar-power-bank","status":"publish","type":"product","link":"https:\/\/www.yunkuntech.com\/fr\/product\/40000mah-portable-wireless-charging-powerbank-built-in-cable-three-battery-chargeur-solaire-strong-led-light-solar-power-bank\/","title":{"rendered":"40000mAh Portable Wireless Charging Powerbank Built-in cable Three Battery Chargeur Solaire Strong LED Light Solar Power Bank"},"content":{"rendered":"<h1 title=\"40000mAh Portable Wireless Charging Powerbank Built-in cable Three Battery Chargeur Solaire Strong LED Light Solar Power Bank\" data-spm-anchor-id=\"a2700.details.0.i107.37d67912ehNtvJ\">40000mAh Portable Wireless Charging Powerbank Built-in cable Three Battery Chargeur Solaire Strong LED Light Solar Power Bank<\/h1>\n<ul class=\"\">\n<li data-spm-anchor-id=\"a2700.details.0.i132.37d67912ehNtvJ\">Conception durable et r\u00e9sistante \u00e0 l'eau : Cette banque d'\u00e9nergie portable est fabriqu\u00e9e en ABS ignifuge et en silicone, ce qui lui permet de r\u00e9sister \u00e0 divers environnements et conditions, y compris \u00e0 l'eau et \u00e0 une manipulation brutale. Sa taille compacte de 160x80x24mm et son poids l\u00e9ger de 460g le rendent facile \u00e0 transporter.<\/li>\n<li>Chargement multifonctionnel : Le produit prend en charge les m\u00e9thodes de double entr\u00e9e : charge solaire et entr\u00e9e USB, permettant aux utilisateurs de charger leurs appareils en d\u00e9placement, notamment les iPhone 12, 13 et 14 Pro Max, et les iWatch AirPods.<\/li>\n<li>Chargement sans fil : Cette banque d'alimentation est dot\u00e9e d'un socle de recharge sans fil int\u00e9gr\u00e9, permettant aux utilisateurs de recharger leurs appareils compatibles sans fil, \u00e9liminant ainsi le besoin de c\u00e2bles.<\/li>\n<li>Haute capacit\u00e9 et chargement rapide : Avec une capacit\u00e9 de batterie allant jusqu'\u00e0 40000mAh, ce power bank permet de recharger plusieurs fois la plupart des appareils. Il prend \u00e9galement en charge la charge rapide, ce qui permet aux utilisateurs de recharger rapidement leurs appareils.<\/li>\n<li>Affichage LED et fonctions de s\u00e9curit\u00e9 : Le produit est dot\u00e9 d'un \u00e9cran LED permettant de contr\u00f4ler facilement le niveau de puissance, ainsi que de fonctions de s\u00e9curit\u00e9 int\u00e9gr\u00e9es, notamment une protection contre les surcharges, les courts-circuits et les surcharges, ce qui permet aux utilisateurs d'avoir l'esprit tranquille.<\/li>\n<\/ul>\n<h2 id=\"key-attributes\" class=\"att-title\" data-spm-anchor-id=\"a2700.details.0.i135.37d67912ehNtvJ\">Caract\u00e9ristiques principales<\/h2>\n<div class=\"attribute-info\" data-spm-anchor-id=\"a2700.details.0.i134.37d67912ehNtvJ\">\n<h3>Attributs sp\u00e9cifiques \u00e0 l'industrie<\/h3>\n<div class=\"attribute-list\">\n<div class=\"attribute-item\">\n<div class=\"left\">interface de sortie : Micro USB, Type C, USB\/DC, USB\/MICRO USB, Double Usb, Interface Apple, Interface Apple\/USB, Sans fil<\/div>\n<\/div>\n<div class=\"attribute-item\">\n<div class=\"left\">fonction : Prise en charge de la charge rapide, Chargement par panneau solaire, Affichage LED, Chargement sans fil, Magn\u00e9tique, Support, Prise en charge de la charge solaire<\/div>\n<\/div>\n<div class=\"attribute-item\">\n<div class=\"left\">type : Ultra-mince, \u00e9tanche, charge rapide, haute capacit\u00e9, avec c\u00e2ble, chargeur sans fil, portable, affichage LED, pour l'ext\u00e9rieur, banque d'\u00e9nergie \u00e0 charge rapide 3 en 1<\/div>\n<\/div>\n<div class=\"attribute-item\">\n<div class=\"left\">Puissance de sortie : 10W, 15W, 20W, 5W, 22,5W<\/div>\n<\/div>\n<div class=\"attribute-item\">\n<div class=\"left\">Mat\u00e9riau : ABS, plastique, ABS ignifug\u00e9 + silicone<\/div>\n<\/div>\n<\/div>\n<h3>Autres caract\u00e9ristiques<\/h3>\n<div class=\"attribute-list\">\n<div class=\"attribute-item\">\n<div class=\"left\">interface d'entr\u00e9e : Mini USB, Micro USB, TYPE-C<\/div>\n<\/div>\n<div class=\"attribute-item\">\n<div class=\"left\">type de batterie : Batterie Li-Polymer<\/div>\n<\/div>\n<div class=\"attribute-item\">\n<div class=\"left\">lieu d'origine : Guangdong, Chine<\/div>\n<\/div>\n<div class=\"attribute-item\">\n<div class=\"left\">marque : OEM\/ NB-Power<\/div>\n<\/div>\n<div class=\"attribute-item\">\n<div class=\"left\">num\u00e9ro de mod\u00e8le : FK003A<\/div>\n<\/div>\n<div class=\"attribute-item\">\n<div class=\"left\">poids : 460g<\/div>\n<\/div>\n<div class=\"attribute-item\">\n<div class=\"left\">norme de prise : Universelle, Micro USB<\/div>\n<\/div>\n<div class=\"attribute-item\">\n<div class=\"left\">protection : Surd\u00e9charge, protection contre les courts-circuits, surcharge, faible tension<\/div>\n<\/div>\n<div class=\"attribute-item\">\n<div class=\"left\">Couleur : noir\/ rouge\/ bleu\/ orange\/ vert\/<\/div>\n<\/div>\n<div class=\"attribute-item\">\n<div class=\"left\">Entr\u00e9e : Chargement solaire, Micro MINI USB, Type-C<\/div>\n<\/div>\n<div class=\"attribute-item\">\n<div class=\"left\">Taille : 160*80*24mm<\/div>\n<\/div>\n<div class=\"attribute-item\">\n<div class=\"left\">Capacit\u00e9 de la batterie : 2000mAh\/30000mah\/40000mah<\/div>\n<\/div>\n<div class=\"attribute-item\">\n<div class=\"left\">Logo : Support Logo personnalis\u00e9<\/div>\n<\/div>\n<div class=\"attribute-item\">\n<div class=\"left\">Utilisation : pour iPhone 12 13 14 Pro Max iWatch Airpoding<\/div>\n<\/div>\n<div class=\"attribute-item\">\n<div class=\"left\">Fonctions suppl\u00e9mentaires : sans fil, sortie 4 ports USB, lampe de camping \u00e0 LED, \u00e9nergie solaire, double entr\u00e9e.<\/div>\n<\/div>\n<div class=\"attribute-item\">\n<div class=\"left\">Garantie : 2 ans<\/div>\n<\/div>\n<div class=\"attribute-item\">\n<div class=\"left\">MOQ:Non<\/div>\n<\/div>\n<\/div>\n<h3>Emballage et livraison<\/h3>\n<div class=\"attribute-list\">\n<div class=\"attribute-item\">\n<div class=\"left\">Unit\u00e9s de vente : Article unique<\/div>\n<\/div>\n<div class=\"attribute-item\">\n<div class=\"left\">Taille de l'emballage unique : 15,4X1X7,5 cm<\/div>\n<\/div>\n<div class=\"attribute-item\">\n<div class=\"left\">Poids brut simple : 2 200 kg<\/div>\n<div><img loading=\"lazy\" decoding=\"async\" class=\"alignnone size-full wp-image-8792\" src=\"http:\/\/www.yunkuntech.com\/wp-content\/uploads\/2025\/02\/\u4e3b\u56fe_1-1.jpg\" alt=\"\" width=\"1000\" height=\"1000\" srcset=\"https:\/\/www.yunkuntech.com\/wp-content\/uploads\/2025\/02\/\u4e3b\u56fe_1-1.jpg 1000w, https:\/\/www.yunkuntech.com\/wp-content\/uploads\/2025\/02\/\u4e3b\u56fe_1-1-300x300.jpg 300w, https:\/\/www.yunkuntech.com\/wp-content\/uploads\/2025\/02\/\u4e3b\u56fe_1-1-800x800.jpg 800w, https:\/\/www.yunkuntech.com\/wp-content\/uploads\/2025\/02\/\u4e3b\u56fe_1-1-150x150.jpg 150w, https:\/\/www.yunkuntech.com\/wp-content\/uploads\/2025\/02\/\u4e3b\u56fe_1-1-768x768.jpg 768w, https:\/\/www.yunkuntech.com\/wp-content\/uploads\/2025\/02\/\u4e3b\u56fe_1-1-860x860.jpg 860w, https:\/\/www.yunkuntech.com\/wp-content\/uploads\/2025\/02\/\u4e3b\u56fe_1-1-430x430.jpg 430w, https:\/\/www.yunkuntech.com\/wp-content\/uploads\/2025\/02\/\u4e3b\u56fe_1-1-700x700.jpg 700w\" sizes=\"auto, (max-width: 1000px) 100vw, 1000px\" \/> <img loading=\"lazy\" decoding=\"async\" class=\"alignnone size-full wp-image-8793\" src=\"http:\/\/www.yunkuntech.com\/wp-content\/uploads\/2025\/02\/\u4e3b\u56fe_2-1.jpg\" alt=\"\" width=\"1263\" height=\"1582\" srcset=\"https:\/\/www.yunkuntech.com\/wp-content\/uploads\/2025\/02\/\u4e3b\u56fe_2-1.jpg 1263w, https:\/\/www.yunkuntech.com\/wp-content\/uploads\/2025\/02\/\u4e3b\u56fe_2-1-240x300.jpg 240w, https:\/\/www.yunkuntech.com\/wp-content\/uploads\/2025\/02\/\u4e3b\u56fe_2-1-639x800.jpg 639w, https:\/\/www.yunkuntech.com\/wp-content\/uploads\/2025\/02\/\u4e3b\u56fe_2-1-768x962.jpg 768w, https:\/\/www.yunkuntech.com\/wp-content\/uploads\/2025\/02\/\u4e3b\u56fe_2-1-1226x1536.jpg 1226w, https:\/\/www.yunkuntech.com\/wp-content\/uploads\/2025\/02\/\u4e3b\u56fe_2-1-860x1077.jpg 860w, https:\/\/www.yunkuntech.com\/wp-content\/uploads\/2025\/02\/\u4e3b\u56fe_2-1-430x539.jpg 430w, https:\/\/www.yunkuntech.com\/wp-content\/uploads\/2025\/02\/\u4e3b\u56fe_2-1-700x877.jpg 700w, https:\/\/www.yunkuntech.com\/wp-content\/uploads\/2025\/02\/\u4e3b\u56fe_2-1-150x188.jpg 150w\" sizes=\"auto, (max-width: 1263px) 100vw, 1263px\" \/> <img loading=\"lazy\" decoding=\"async\" class=\"alignnone size-full wp-image-8794\" src=\"http:\/\/www.yunkuntech.com\/wp-content\/uploads\/2025\/02\/\u4e3b\u56fe_3-1.jpg\" alt=\"\" width=\"1416\" height=\"1412\" srcset=\"https:\/\/www.yunkuntech.com\/wp-content\/uploads\/2025\/02\/\u4e3b\u56fe_3-1.jpg 1416w, https:\/\/www.yunkuntech.com\/wp-content\/uploads\/2025\/02\/\u4e3b\u56fe_3-1-301x300.jpg 301w, https:\/\/www.yunkuntech.com\/wp-content\/uploads\/2025\/02\/\u4e3b\u56fe_3-1-802x800.jpg 802w, https:\/\/www.yunkuntech.com\/wp-content\/uploads\/2025\/02\/\u4e3b\u56fe_3-1-150x150.jpg 150w, https:\/\/www.yunkuntech.com\/wp-content\/uploads\/2025\/02\/\u4e3b\u56fe_3-1-768x766.jpg 768w, https:\/\/www.yunkuntech.com\/wp-content\/uploads\/2025\/02\/\u4e3b\u56fe_3-1-860x858.jpg 860w, https:\/\/www.yunkuntech.com\/wp-content\/uploads\/2025\/02\/\u4e3b\u56fe_3-1-430x429.jpg 430w, https:\/\/www.yunkuntech.com\/wp-content\/uploads\/2025\/02\/\u4e3b\u56fe_3-1-700x698.jpg 700w\" sizes=\"auto, (max-width: 1416px) 100vw, 1416px\" \/><img loading=\"lazy\" decoding=\"async\" class=\"alignnone size-full wp-image-8796\" src=\"http:\/\/www.yunkuntech.com\/wp-content\/uploads\/2025\/02\/\u4e3b\u56fe_5-2.jpg\" alt=\"\" width=\"1190\" height=\"1680\" srcset=\"https:\/\/www.yunkuntech.com\/wp-content\/uploads\/2025\/02\/\u4e3b\u56fe_5-2.jpg 1190w, https:\/\/www.yunkuntech.com\/wp-content\/uploads\/2025\/02\/\u4e3b\u56fe_5-2-213x300.jpg 213w, https:\/\/www.yunkuntech.com\/wp-content\/uploads\/2025\/02\/\u4e3b\u56fe_5-2-567x800.jpg 567w, https:\/\/www.yunkuntech.com\/wp-content\/uploads\/2025\/02\/\u4e3b\u56fe_5-2-768x1084.jpg 768w, https:\/\/www.yunkuntech.com\/wp-content\/uploads\/2025\/02\/\u4e3b\u56fe_5-2-1088x1536.jpg 1088w, https:\/\/www.yunkuntech.com\/wp-content\/uploads\/2025\/02\/\u4e3b\u56fe_5-2-860x1214.jpg 860w, https:\/\/www.yunkuntech.com\/wp-content\/uploads\/2025\/02\/\u4e3b\u56fe_5-2-430x607.jpg 430w, https:\/\/www.yunkuntech.com\/wp-content\/uploads\/2025\/02\/\u4e3b\u56fe_5-2-700x988.jpg 700w, https:\/\/www.yunkuntech.com\/wp-content\/uploads\/2025\/02\/\u4e3b\u56fe_5-2-150x212.jpg 150w\" sizes=\"auto, (max-width: 1190px) 100vw, 1190px\" \/> <img loading=\"lazy\" decoding=\"async\" class=\"alignnone size-full wp-image-8797\" src=\"http:\/\/www.yunkuntech.com\/wp-content\/uploads\/2025\/02\/\u4e3b\u56fe_6-2.jpg\" alt=\"\" width=\"1345\" height=\"1485\" srcset=\"https:\/\/www.yunkuntech.com\/wp-content\/uploads\/2025\/02\/\u4e3b\u56fe_6-2.jpg 1345w, https:\/\/www.yunkuntech.com\/wp-content\/uploads\/2025\/02\/\u4e3b\u56fe_6-2-272x300.jpg 272w, https:\/\/www.yunkuntech.com\/wp-content\/uploads\/2025\/02\/\u4e3b\u56fe_6-2-725x800.jpg 725w, https:\/\/www.yunkuntech.com\/wp-content\/uploads\/2025\/02\/\u4e3b\u56fe_6-2-768x848.jpg 768w, https:\/\/www.yunkuntech.com\/wp-content\/uploads\/2025\/02\/\u4e3b\u56fe_6-2-860x950.jpg 860w, https:\/\/www.yunkuntech.com\/wp-content\/uploads\/2025\/02\/\u4e3b\u56fe_6-2-430x475.jpg 430w, https:\/\/www.yunkuntech.com\/wp-content\/uploads\/2025\/02\/\u4e3b\u56fe_6-2-700x773.jpg 700w, https:\/\/www.yunkuntech.com\/wp-content\/uploads\/2025\/02\/\u4e3b\u56fe_6-2-150x166.jpg 150w\" sizes=\"auto, (max-width: 1345px) 100vw, 1345px\" \/><\/div>\n<\/div>\n<\/div>\n<\/div>\n<p><img loading=\"lazy\" decoding=\"async\" class=\"alignnone size-full wp-image-8798\" src=\"http:\/\/www.yunkuntech.com\/wp-content\/uploads\/2025\/02\/SKU_1-1.jpg\" alt=\"\" width=\"1000\" height=\"1000\" srcset=\"https:\/\/www.yunkuntech.com\/wp-content\/uploads\/2025\/02\/SKU_1-1.jpg 1000w, https:\/\/www.yunkuntech.com\/wp-content\/uploads\/2025\/02\/SKU_1-1-300x300.jpg 300w, https:\/\/www.yunkuntech.com\/wp-content\/uploads\/2025\/02\/SKU_1-1-800x800.jpg 800w, https:\/\/www.yunkuntech.com\/wp-content\/uploads\/2025\/02\/SKU_1-1-150x150.jpg 150w, https:\/\/www.yunkuntech.com\/wp-content\/uploads\/2025\/02\/SKU_1-1-768x768.jpg 768w, https:\/\/www.yunkuntech.com\/wp-content\/uploads\/2025\/02\/SKU_1-1-860x860.jpg 860w, https:\/\/www.yunkuntech.com\/wp-content\/uploads\/2025\/02\/SKU_1-1-430x430.jpg 430w, https:\/\/www.yunkuntech.com\/wp-content\/uploads\/2025\/02\/SKU_1-1-700x700.jpg 700w\" sizes=\"auto, (max-width: 1000px) 100vw, 1000px\" \/> <img loading=\"lazy\" decoding=\"async\" class=\"alignnone size-full wp-image-8799\" src=\"http:\/\/www.yunkuntech.com\/wp-content\/uploads\/2025\/02\/SKU_2-1.jpg\" alt=\"\" width=\"1000\" height=\"1000\" srcset=\"https:\/\/www.yunkuntech.com\/wp-content\/uploads\/2025\/02\/SKU_2-1.jpg 1000w, https:\/\/www.yunkuntech.com\/wp-content\/uploads\/2025\/02\/SKU_2-1-300x300.jpg 300w, https:\/\/www.yunkuntech.com\/wp-content\/uploads\/2025\/02\/SKU_2-1-800x800.jpg 800w, https:\/\/www.yunkuntech.com\/wp-content\/uploads\/2025\/02\/SKU_2-1-150x150.jpg 150w, https:\/\/www.yunkuntech.com\/wp-content\/uploads\/2025\/02\/SKU_2-1-768x768.jpg 768w, https:\/\/www.yunkuntech.com\/wp-content\/uploads\/2025\/02\/SKU_2-1-860x860.jpg 860w, https:\/\/www.yunkuntech.com\/wp-content\/uploads\/2025\/02\/SKU_2-1-430x430.jpg 430w, https:\/\/www.yunkuntech.com\/wp-content\/uploads\/2025\/02\/SKU_2-1-700x700.jpg 700w\" sizes=\"auto, (max-width: 1000px) 100vw, 1000px\" \/> <img loading=\"lazy\" decoding=\"async\" class=\"alignnone size-full wp-image-8800\" src=\"http:\/\/www.yunkuntech.com\/wp-content\/uploads\/2025\/02\/SKU_3-1.jpg\" alt=\"\" width=\"1000\" height=\"1000\" srcset=\"https:\/\/www.yunkuntech.com\/wp-content\/uploads\/2025\/02\/SKU_3-1.jpg 1000w, https:\/\/www.yunkuntech.com\/wp-content\/uploads\/2025\/02\/SKU_3-1-300x300.jpg 300w, https:\/\/www.yunkuntech.com\/wp-content\/uploads\/2025\/02\/SKU_3-1-800x800.jpg 800w, https:\/\/www.yunkuntech.com\/wp-content\/uploads\/2025\/02\/SKU_3-1-150x150.jpg 150w, https:\/\/www.yunkuntech.com\/wp-content\/uploads\/2025\/02\/SKU_3-1-768x768.jpg 768w, https:\/\/www.yunkuntech.com\/wp-content\/uploads\/2025\/02\/SKU_3-1-860x860.jpg 860w, https:\/\/www.yunkuntech.com\/wp-content\/uploads\/2025\/02\/SKU_3-1-430x430.jpg 430w, https:\/\/www.yunkuntech.com\/wp-content\/uploads\/2025\/02\/SKU_3-1-700x700.jpg 700w\" sizes=\"auto, (max-width: 1000px) 100vw, 1000px\" \/> <img loading=\"lazy\" decoding=\"async\" class=\"alignnone size-full wp-image-8801\" src=\"http:\/\/www.yunkuntech.com\/wp-content\/uploads\/2025\/02\/SKU_4-1.jpg\" alt=\"\" width=\"1000\" height=\"1000\" srcset=\"https:\/\/www.yunkuntech.com\/wp-content\/uploads\/2025\/02\/SKU_4-1.jpg 1000w, https:\/\/www.yunkuntech.com\/wp-content\/uploads\/2025\/02\/SKU_4-1-300x300.jpg 300w, https:\/\/www.yunkuntech.com\/wp-content\/uploads\/2025\/02\/SKU_4-1-800x800.jpg 800w, https:\/\/www.yunkuntech.com\/wp-content\/uploads\/2025\/02\/SKU_4-1-150x150.jpg 150w, https:\/\/www.yunkuntech.com\/wp-content\/uploads\/2025\/02\/SKU_4-1-768x768.jpg 768w, https:\/\/www.yunkuntech.com\/wp-content\/uploads\/2025\/02\/SKU_4-1-860x860.jpg 860w, https:\/\/www.yunkuntech.com\/wp-content\/uploads\/2025\/02\/SKU_4-1-430x430.jpg 430w, https:\/\/www.yunkuntech.com\/wp-content\/uploads\/2025\/02\/SKU_4-1-700x700.jpg 700w\" sizes=\"auto, (max-width: 1000px) 100vw, 1000px\" \/> <img loading=\"lazy\" decoding=\"async\" class=\"alignnone size-full wp-image-8802\" src=\"http:\/\/www.yunkuntech.com\/wp-content\/uploads\/2025\/02\/SKU_5-1.jpg\" alt=\"\" width=\"1000\" height=\"1000\" srcset=\"https:\/\/www.yunkuntech.com\/wp-content\/uploads\/2025\/02\/SKU_5-1.jpg 1000w, https:\/\/www.yunkuntech.com\/wp-content\/uploads\/2025\/02\/SKU_5-1-300x300.jpg 300w, https:\/\/www.yunkuntech.com\/wp-content\/uploads\/2025\/02\/SKU_5-1-800x800.jpg 800w, https:\/\/www.yunkuntech.com\/wp-content\/uploads\/2025\/02\/SKU_5-1-150x150.jpg 150w, https:\/\/www.yunkuntech.com\/wp-content\/uploads\/2025\/02\/SKU_5-1-768x768.jpg 768w, https:\/\/www.yunkuntech.com\/wp-content\/uploads\/2025\/02\/SKU_5-1-860x860.jpg 860w, https:\/\/www.yunkuntech.com\/wp-content\/uploads\/2025\/02\/SKU_5-1-430x430.jpg 430w, https:\/\/www.yunkuntech.com\/wp-content\/uploads\/2025\/02\/SKU_5-1-700x700.jpg 700w\" sizes=\"auto, (max-width: 1000px) 100vw, 1000px\" \/><\/p>","protected":false},"excerpt":{"rendered":"<p>40000mAh Portable Wireless Charging Powerbank Built-in cable Three Battery Chargeur Solaire Strong LED Light Solar Power Bank Durable and Water-Resistant<\/p>","protected":false},"featured_media":8792,"comment_status":"open","ping_status":"closed","template":"","meta":[],"product_cat":[20,73],"product_tag":[],"class_list":["post-8790","product","type-product","status-publish","has-post-thumbnail","hentry","product_cat-high-capacity-power-bank","product_cat-outdoor-mobile-power-supply"],"_links":{"self":[{"href":"https:\/\/www.yunkuntech.com\/fr\/wp-json\/wp\/v2\/product\/8790","targetHints":{"allow":["GET"]}}],"collection":[{"href":"https:\/\/www.yunkuntech.com\/fr\/wp-json\/wp\/v2\/product"}],"about":[{"href":"https:\/\/www.yunkuntech.com\/fr\/wp-json\/wp\/v2\/types\/product"}],"replies":[{"embeddable":true,"href":"https:\/\/www.yunkuntech.com\/fr\/wp-json\/wp\/v2\/comments?post=8790"}],"version-history":[{"count":1,"href":"https:\/\/www.yunkuntech.com\/fr\/wp-json\/wp\/v2\/product\/8790\/revisions"}],"predecessor-version":[{"id":8806,"href":"https:\/\/www.yunkuntech.com\/fr\/wp-json\/wp\/v2\/product\/8790\/revisions\/8806"}],"wp:featuredmedia":[{"embeddable":true,"href":"https:\/\/www.yunkuntech.com\/fr\/wp-json\/wp\/v2\/media\/8792"}],"wp:attachment":[{"href":"https:\/\/www.yunkuntech.com\/fr\/wp-json\/wp\/v2\/media?parent=8790"}],"wp:term":[{"taxonomy":"product_cat","embeddable":true,"href":"https:\/\/www.yunkuntech.com\/fr\/wp-json\/wp\/v2\/product_cat?post=8790"},{"taxonomy":"product_tag","embeddable":true,"href":"https:\/\/www.yunkuntech.com\/fr\/wp-json\/wp\/v2\/product_tag?post=8790"}],"curies":[{"name":"wp","href":"https:\/\/api.w.org\/{rel}","templated":true}]}}