{"id":8778,"date":"2025-02-17T15:37:12","date_gmt":"2025-02-17T07:37:12","guid":{"rendered":"http:\/\/www.yunkuntech.com\/?post_type=product&#038;p=8778"},"modified":"2025-02-17T15:45:49","modified_gmt":"2025-02-17T07:45:49","slug":"outdoor-waterproof-25000mah-folding-solar-panels-portable-solar-charger-power-bank-with-led-light","status":"publish","type":"product","link":"https:\/\/www.yunkuntech.com\/fr\/product\/outdoor-waterproof-25000mah-folding-solar-panels-portable-solar-charger-power-bank-with-led-light\/","title":{"rendered":"Banque d'\u00e9nergie solaire portable \u00e0 panneaux solaires pliants 25000mah pour l'ext\u00e9rieur, \u00e9tanche, avec lumi\u00e8re LED"},"content":{"rendered":"<h1 title=\"Banque d&#039;\u00e9nergie solaire portable \u00e0 panneaux solaires pliants 25000mah pour l&#039;ext\u00e9rieur, \u00e9tanche, avec lumi\u00e8re LED\" data-spm-anchor-id=\"a2700.details.0.i70.48f85be7JrxoqY\">Banque d'\u00e9nergie solaire portable \u00e0 panneaux solaires pliants 25000mah pour l'ext\u00e9rieur, \u00e9tanche, avec lumi\u00e8re LED<\/h1>\n<div class=\"attribute-list\">\n<div class=\"attribute-item\">\n<div class=\"left\">\n<ul class=\"\">\n<li data-spm-anchor-id=\"a2700.details.0.i97.48f85be7JrxoqY\">Conception durable et r\u00e9sistante \u00e0 l'eau : Ce chargeur solaire d'ext\u00e9rieur est conforme \u00e0 la norme IP65, ce qui lui permet de r\u00e9sister aux conditions m\u00e9t\u00e9orologiques difficiles et aux \u00e9claboussures accidentelles. Il est donc parfait pour les amateurs de plein air et les voyageurs qui ont besoin d'\u00e9lectricit\u00e9 dans des zones recul\u00e9es.<\/li>\n<li>Batterie haute capacit\u00e9 : Dot\u00e9 d'une batterie de 25 000 mAh, ce chargeur solaire fournit une alimentation prolong\u00e9e \u00e0 plusieurs appareils, tels que les smartphones, les tablettes et les haut-parleurs portables, ce qui permet aux utilisateurs de rester connect\u00e9s et de se divertir en d\u00e9placement.<\/li>\n<li data-spm-anchor-id=\"a2700.details.0.i96.48f85be7JrxoqY\">Recharge efficace : La technologie MPPT (Maximum Power Point Tracking) permet une recharge rapide, r\u00e9duisant le temps n\u00e9cessaire pour reconstituer la batterie, ce qui en fait un choix id\u00e9al pour les utilisateurs qui ont besoin d'une source d'\u00e9nergie fiable dans l'urgence.<\/li>\n<li>Chargement pratique de plusieurs appareils : Dot\u00e9 de deux ports USB, ce chargeur solaire permet de charger simultan\u00e9ment plusieurs appareils, ce qui simplifie le processus de chargement et fait gagner du temps aux utilisateurs qui ont besoin de charger plusieurs appareils \u00e0 la fois.<\/li>\n<li>Conception compacte et portable : Mesurant 161 x 32 mm lorsqu'il est pli\u00e9, ce chargeur solaire est l\u00e9ger et compact, ce qui le rend facile \u00e0 transporter et \u00e0 ranger. Il est id\u00e9al pour les utilisateurs qui ont besoin d'une solution d'alimentation portable pour leurs aventures en plein air.<\/li>\n<\/ul>\n<\/div>\n<div><\/div>\n<\/div>\n<\/div>\n<h3>Autres caract\u00e9ristiques<\/h3>\n<div class=\"attribute-list\">\n<div class=\"attribute-item\">\n<div>couleur : coque noire + (orange, bleu, noir, vert)<\/div>\n<div class=\"left\">interface d'entr\u00e9e\uff1ausb, DC, Micro USB, TYPE-C<\/div>\n<\/div>\n<div class=\"attribute-item\">\n<div class=\"left\">moule priv\u00e9 : Oui<\/div>\n<\/div>\n<div class=\"attribute-item\">\n<div class=\"left\">type de batterie : Batterie Li-Polymer<\/div>\n<\/div>\n<div class=\"attribute-item\">\n<div class=\"left\">lieu d'origine : Shenzhen, Chine<\/div>\n<\/div>\n<div class=\"attribute-item\">\n<div class=\"left\">nom de marque : Yunkun<\/div>\n<\/div>\n<div class=\"attribute-item\">\n<div class=\"left\">norme de prise de courant : Universelle<\/div>\n<\/div>\n<div class=\"attribute-item\">\n<div class=\"left\">protection : Surd\u00e9charge, protection contre les courts-circuits, surcharge, faible tension<\/div>\n<\/div>\n<\/div>\n<h3>Emballage et livraison<\/h3>\n<div class=\"attribute-list\">\n<div class=\"attribute-item\">\n<div class=\"left\">Unit\u00e9s de vente : Article unique<\/div>\n<\/div>\n<div class=\"attribute-item\">\n<div class=\"left\">Taille de pliage : H161*32mm<\/div>\n<\/div>\n<div class=\"attribute-item\">\n<div class=\"left\">Poids brut simple : 0,700 kg<\/div>\n<div>Taille de l'emballage unique : 23X15X12 cm<\/div>\n<div>capacit\u00e9 : 16000 (25000mah)<\/div>\n<div>IP : IP65<\/div>\n<\/div>\n<div>\n<h2 class=\"collapsible-title\" data-spm-anchor-id=\"a2700.details.0.i167.32465226TjjlWQ\">Personnalisation<\/h2>\n<div class=\"title\" data-spm-anchor-id=\"a2700.details.0.i169.32465226TjjlWQ\">Logo\/motif<\/div>\n<div class=\"info\"><strong>Commande min : 1 pi\u00e8ce<\/strong><\/div>\n<\/div>\n<div><span data-spm-anchor-id=\"a2700.details.0.i171.32465226TjjlWQ\">Pour plus de d\u00e9tails sur la personnalisation, veuillez nous contacter.<img loading=\"lazy\" decoding=\"async\" class=\"alignnone size-full wp-image-8779\" src=\"http:\/\/www.yunkuntech.com\/wp-content\/uploads\/2025\/02\/SKU_1.jpg\" alt=\"\" width=\"960\" height=\"960\" srcset=\"https:\/\/www.yunkuntech.com\/wp-content\/uploads\/2025\/02\/SKU_1.jpg 960w, https:\/\/www.yunkuntech.com\/wp-content\/uploads\/2025\/02\/SKU_1-300x300.jpg 300w, https:\/\/www.yunkuntech.com\/wp-content\/uploads\/2025\/02\/SKU_1-800x800.jpg 800w, https:\/\/www.yunkuntech.com\/wp-content\/uploads\/2025\/02\/SKU_1-150x150.jpg 150w, https:\/\/www.yunkuntech.com\/wp-content\/uploads\/2025\/02\/SKU_1-768x768.jpg 768w, https:\/\/www.yunkuntech.com\/wp-content\/uploads\/2025\/02\/SKU_1-860x860.jpg 860w, https:\/\/www.yunkuntech.com\/wp-content\/uploads\/2025\/02\/SKU_1-430x430.jpg 430w, https:\/\/www.yunkuntech.com\/wp-content\/uploads\/2025\/02\/SKU_1-700x700.jpg 700w\" sizes=\"auto, (max-width: 960px) 100vw, 960px\" \/> <img loading=\"lazy\" decoding=\"async\" class=\"alignnone size-full wp-image-8780\" src=\"http:\/\/www.yunkuntech.com\/wp-content\/uploads\/2025\/02\/\u4e3b\u56fe_1.jpg\" alt=\"\" width=\"800\" height=\"800\" srcset=\"https:\/\/www.yunkuntech.com\/wp-content\/uploads\/2025\/02\/\u4e3b\u56fe_1.jpg 800w, https:\/\/www.yunkuntech.com\/wp-content\/uploads\/2025\/02\/\u4e3b\u56fe_1-300x300.jpg 300w, https:\/\/www.yunkuntech.com\/wp-content\/uploads\/2025\/02\/\u4e3b\u56fe_1-150x150.jpg 150w, https:\/\/www.yunkuntech.com\/wp-content\/uploads\/2025\/02\/\u4e3b\u56fe_1-768x768.jpg 768w, https:\/\/www.yunkuntech.com\/wp-content\/uploads\/2025\/02\/\u4e3b\u56fe_1-430x430.jpg 430w, https:\/\/www.yunkuntech.com\/wp-content\/uploads\/2025\/02\/\u4e3b\u56fe_1-700x700.jpg 700w\" sizes=\"auto, (max-width: 800px) 100vw, 800px\" \/> <img loading=\"lazy\" decoding=\"async\" class=\"alignnone size-full wp-image-8781\" src=\"http:\/\/www.yunkuntech.com\/wp-content\/uploads\/2025\/02\/\u4e3b\u56fe_2.jpg\" alt=\"\" width=\"800\" height=\"800\" srcset=\"https:\/\/www.yunkuntech.com\/wp-content\/uploads\/2025\/02\/\u4e3b\u56fe_2.jpg 800w, https:\/\/www.yunkuntech.com\/wp-content\/uploads\/2025\/02\/\u4e3b\u56fe_2-300x300.jpg 300w, https:\/\/www.yunkuntech.com\/wp-content\/uploads\/2025\/02\/\u4e3b\u56fe_2-150x150.jpg 150w, https:\/\/www.yunkuntech.com\/wp-content\/uploads\/2025\/02\/\u4e3b\u56fe_2-768x768.jpg 768w, https:\/\/www.yunkuntech.com\/wp-content\/uploads\/2025\/02\/\u4e3b\u56fe_2-430x430.jpg 430w, https:\/\/www.yunkuntech.com\/wp-content\/uploads\/2025\/02\/\u4e3b\u56fe_2-700x700.jpg 700w\" sizes=\"auto, (max-width: 800px) 100vw, 800px\" \/> <img loading=\"lazy\" decoding=\"async\" class=\"alignnone size-full wp-image-8782\" src=\"http:\/\/www.yunkuntech.com\/wp-content\/uploads\/2025\/02\/\u4e3b\u56fe_3.jpg\" alt=\"\" width=\"800\" height=\"800\" srcset=\"https:\/\/www.yunkuntech.com\/wp-content\/uploads\/2025\/02\/\u4e3b\u56fe_3.jpg 800w, https:\/\/www.yunkuntech.com\/wp-content\/uploads\/2025\/02\/\u4e3b\u56fe_3-300x300.jpg 300w, https:\/\/www.yunkuntech.com\/wp-content\/uploads\/2025\/02\/\u4e3b\u56fe_3-150x150.jpg 150w, https:\/\/www.yunkuntech.com\/wp-content\/uploads\/2025\/02\/\u4e3b\u56fe_3-768x768.jpg 768w, https:\/\/www.yunkuntech.com\/wp-content\/uploads\/2025\/02\/\u4e3b\u56fe_3-430x430.jpg 430w, https:\/\/www.yunkuntech.com\/wp-content\/uploads\/2025\/02\/\u4e3b\u56fe_3-700x700.jpg 700w\" sizes=\"auto, (max-width: 800px) 100vw, 800px\" \/> <img loading=\"lazy\" decoding=\"async\" class=\"alignnone size-full wp-image-8783\" src=\"http:\/\/www.yunkuntech.com\/wp-content\/uploads\/2025\/02\/\u4e3b\u56fe_4-1.jpg\" alt=\"\" width=\"800\" height=\"800\" srcset=\"https:\/\/www.yunkuntech.com\/wp-content\/uploads\/2025\/02\/\u4e3b\u56fe_4-1.jpg 800w, https:\/\/www.yunkuntech.com\/wp-content\/uploads\/2025\/02\/\u4e3b\u56fe_4-1-300x300.jpg 300w, https:\/\/www.yunkuntech.com\/wp-content\/uploads\/2025\/02\/\u4e3b\u56fe_4-1-150x150.jpg 150w, https:\/\/www.yunkuntech.com\/wp-content\/uploads\/2025\/02\/\u4e3b\u56fe_4-1-768x768.jpg 768w, https:\/\/www.yunkuntech.com\/wp-content\/uploads\/2025\/02\/\u4e3b\u56fe_4-1-430x430.jpg 430w, https:\/\/www.yunkuntech.com\/wp-content\/uploads\/2025\/02\/\u4e3b\u56fe_4-1-700x700.jpg 700w\" sizes=\"auto, (max-width: 800px) 100vw, 800px\" \/> <img loading=\"lazy\" decoding=\"async\" class=\"alignnone size-full wp-image-8784\" src=\"http:\/\/www.yunkuntech.com\/wp-content\/uploads\/2025\/02\/\u4e3b\u56fe_5-1.jpg\" alt=\"\" width=\"790\" height=\"998\" srcset=\"https:\/\/www.yunkuntech.com\/wp-content\/uploads\/2025\/02\/\u4e3b\u56fe_5-1.jpg 790w, https:\/\/www.yunkuntech.com\/wp-content\/uploads\/2025\/02\/\u4e3b\u56fe_5-1-237x300.jpg 237w, https:\/\/www.yunkuntech.com\/wp-content\/uploads\/2025\/02\/\u4e3b\u56fe_5-1-633x800.jpg 633w, https:\/\/www.yunkuntech.com\/wp-content\/uploads\/2025\/02\/\u4e3b\u56fe_5-1-768x970.jpg 768w, https:\/\/www.yunkuntech.com\/wp-content\/uploads\/2025\/02\/\u4e3b\u56fe_5-1-430x543.jpg 430w, https:\/\/www.yunkuntech.com\/wp-content\/uploads\/2025\/02\/\u4e3b\u56fe_5-1-700x884.jpg 700w, https:\/\/www.yunkuntech.com\/wp-content\/uploads\/2025\/02\/\u4e3b\u56fe_5-1-150x189.jpg 150w\" sizes=\"auto, (max-width: 790px) 100vw, 790px\" \/> <img loading=\"lazy\" decoding=\"async\" class=\"alignnone size-full wp-image-8785\" src=\"http:\/\/www.yunkuntech.com\/wp-content\/uploads\/2025\/02\/\u4e3b\u56fe_6-1.jpg\" alt=\"\" width=\"790\" height=\"935\" srcset=\"https:\/\/www.yunkuntech.com\/wp-content\/uploads\/2025\/02\/\u4e3b\u56fe_6-1.jpg 790w, https:\/\/www.yunkuntech.com\/wp-content\/uploads\/2025\/02\/\u4e3b\u56fe_6-1-253x300.jpg 253w, https:\/\/www.yunkuntech.com\/wp-content\/uploads\/2025\/02\/\u4e3b\u56fe_6-1-676x800.jpg 676w, https:\/\/www.yunkuntech.com\/wp-content\/uploads\/2025\/02\/\u4e3b\u56fe_6-1-768x909.jpg 768w, https:\/\/www.yunkuntech.com\/wp-content\/uploads\/2025\/02\/\u4e3b\u56fe_6-1-430x509.jpg 430w, https:\/\/www.yunkuntech.com\/wp-content\/uploads\/2025\/02\/\u4e3b\u56fe_6-1-700x828.jpg 700w, https:\/\/www.yunkuntech.com\/wp-content\/uploads\/2025\/02\/\u4e3b\u56fe_6-1-150x178.jpg 150w\" sizes=\"auto, (max-width: 790px) 100vw, 790px\" \/><\/span><\/div>\n<div><\/div>\n<\/div>","protected":false},"excerpt":{"rendered":"<p>Banque d'\u00e9nergie solaire portable \u00e0 panneaux solaires pliants 25000mah, \u00e9tanche \u00e0 l'ext\u00e9rieur, avec lumi\u00e8re LED, durable et r\u00e9sistante \u00e0 l'eau : Ce panneau solaire d'ext\u00e9rieur<\/p>","protected":false},"featured_media":8780,"comment_status":"open","ping_status":"closed","template":"","meta":[],"product_cat":[20,73],"product_tag":[],"class_list":["post-8778","product","type-product","status-publish","has-post-thumbnail","hentry","product_cat-high-capacity-power-bank","product_cat-outdoor-mobile-power-supply"],"_links":{"self":[{"href":"https:\/\/www.yunkuntech.com\/fr\/wp-json\/wp\/v2\/product\/8778","targetHints":{"allow":["GET"]}}],"collection":[{"href":"https:\/\/www.yunkuntech.com\/fr\/wp-json\/wp\/v2\/product"}],"about":[{"href":"https:\/\/www.yunkuntech.com\/fr\/wp-json\/wp\/v2\/types\/product"}],"replies":[{"embeddable":true,"href":"https:\/\/www.yunkuntech.com\/fr\/wp-json\/wp\/v2\/comments?post=8778"}],"version-history":[{"count":1,"href":"https:\/\/www.yunkuntech.com\/fr\/wp-json\/wp\/v2\/product\/8778\/revisions"}],"predecessor-version":[{"id":8786,"href":"https:\/\/www.yunkuntech.com\/fr\/wp-json\/wp\/v2\/product\/8778\/revisions\/8786"}],"wp:featuredmedia":[{"embeddable":true,"href":"https:\/\/www.yunkuntech.com\/fr\/wp-json\/wp\/v2\/media\/8780"}],"wp:attachment":[{"href":"https:\/\/www.yunkuntech.com\/fr\/wp-json\/wp\/v2\/media?parent=8778"}],"wp:term":[{"taxonomy":"product_cat","embeddable":true,"href":"https:\/\/www.yunkuntech.com\/fr\/wp-json\/wp\/v2\/product_cat?post=8778"},{"taxonomy":"product_tag","embeddable":true,"href":"https:\/\/www.yunkuntech.com\/fr\/wp-json\/wp\/v2\/product_tag?post=8778"}],"curies":[{"name":"wp","href":"https:\/\/api.w.org\/{rel}","templated":true}]}}