{"id":8646,"date":"2025-01-16T20:48:45","date_gmt":"2025-01-16T12:48:45","guid":{"rendered":"http:\/\/www.yunkuntech.com\/?post_type=product&#038;p=8646"},"modified":"2025-02-14T19:29:16","modified_gmt":"2025-02-14T11:29:16","slug":"30000mah-50000mah-a-grade-solar-fast-charge-power-banks","status":"publish","type":"product","link":"https:\/\/www.yunkuntech.com\/fr\/product\/30000mah-50000mah-a-grade-solar-fast-charge-power-banks\/","title":{"rendered":"\u00a0Banques d'alimentation solaires \u00e0 charge rapide 30000mAh-50000mAh A Grade"},"content":{"rendered":"<h3>Attributs sp\u00e9cifiques \u00e0 l'industrie<\/h3>\n<div class=\"attribute-list\">\n<div class=\"attribute-item\">\n<div class=\"left\">interface de sortie : Type C, Quatre Usb<\/div>\n<\/div>\n<div class=\"attribute-item\">\n<div class=\"left\">fonction : Prise en charge de la charge rapide, affichage LED, charge rapide, quatre USB, charge bidirectionnelle TYPE-C, charge par panneau solaire.<\/div>\n<\/div>\n<div class=\"attribute-item\">\n<div class=\"left\">type : Chargement rapide, Haute capacit\u00e9, PORTABLE, Station d'alimentation, Affichage LED, Station d'alimentation portable<\/div>\n<\/div>\n<div class=\"attribute-item\">\n<div class=\"left\">Puissance de sortie : 10W, 18W, 22,5W, PD20W<\/div>\n<\/div>\n<\/div>\n<h3>Autres caract\u00e9ristiques<\/h3>\n<div class=\"attribute-list\">\n<div class=\"attribute-item\">\n<div class=\"left\"><strong>interface d'entr\u00e9e :<\/strong> Micro USB, TYPE-C<\/div>\n<\/div>\n<div class=\"attribute-item\">\n<div class=\"left\"><strong>type de batterie :<\/strong> Batterie Li-Polym\u00e8re<\/div>\n<\/div>\n<div class=\"attribute-item\">\n<div class=\"left\"><strong>le poids :<\/strong> 1KG<\/div>\n<\/div>\n<div class=\"attribute-item\">\n<div class=\"left\"><strong>norme de prise de courant :<\/strong> Pour les \u00c9tats-Unis\/Canada, pour l'Union europ\u00e9enne, pour le Royaume-Uni, pour l'Australie\/Nouvelle-Z\u00e9lande, pour l'Italie, pour le Br\u00e9sil, pour le Japon, universel, micro USB, autres<\/div>\n<\/div>\n<div class=\"attribute-item\">\n<div class=\"left\"><strong>protection :<\/strong> Protection contre les courts-circuits, protection contre les surtensions, protection contre les surcharges, protection contre les courts-circuits de la batterie, protection contre les surchauffes, protection contre la r\u00e9initialisation, protection contre les surintensit\u00e9s, protection contre les surpuissances, protection contre les interf\u00e9rences, protection des \u00e9l\u00e9ments de la batterie, mise hors tension automatique, protection anti-retour.<\/div>\n<\/div>\n<div class=\"attribute-item\">\n<div class=\"left\"><strong>mat\u00e9riel :<\/strong> ABS, plastique, ABS+PC<\/div>\n<\/div>\n<div class=\"attribute-item\">\n<div class=\"left\"><strong>Nom du produit :<\/strong> Banques d'alimentation haute capacit\u00e9 50000mah 22.5w Chargement rapide<\/div>\n<\/div>\n<div class=\"attribute-item\">\n<div class=\"left\"><strong>Capacit\u00e9 de la batterie :<\/strong> 30000mah 50000mah<\/div>\n<\/div>\n<div class=\"attribute-item\">\n<div class=\"left\"><strong>Couleurs :<\/strong> Blanc Noir<\/div>\n<\/div>\n<div class=\"attribute-item\">\n<div class=\"left\"><strong>Logo :<\/strong> Impression de logos personnalis\u00e9s<\/div>\n<\/div>\n<div class=\"attribute-item\">\n<div class=\"left\"><strong>Avantage :<\/strong>Vente directe \u00e0 l'usine<\/div>\n<\/div>\n<div class=\"attribute-item\">\n<div class=\"left\"><strong>Certification :<\/strong> CE\/RoHS\/MSDS\/UN38.3<\/div>\n<\/div>\n<div class=\"attribute-item\">\n<div class=\"left\"><strong>Garantie :<\/strong> 12 mois<\/div>\n<\/div>\n<\/div>\n<h3>Emballage et livraison<\/h3>\n<div class=\"attribute-list\">\n<div class=\"attribute-item\">\n<div class=\"left\"><strong>Taille de l'emballage unique :<\/strong> 20,0X15,0X10,0 cm<\/div>\n<\/div>\n<div class=\"attribute-item\">\n<div class=\"left\"><strong>Poids brut unique :<\/strong> 1.000 kg<\/div>\n<\/div>\n<div><img loading=\"lazy\" decoding=\"async\" class=\"alignnone size-full wp-image-8647\" src=\"http:\/\/www.yunkuntech.com\/wp-content\/uploads\/2025\/01\/\u8be6\u60c5\u56fe_17-2.jpg\" alt=\"\" width=\"800\" height=\"800\" srcset=\"https:\/\/www.yunkuntech.com\/wp-content\/uploads\/2025\/01\/\u8be6\u60c5\u56fe_17-2.jpg 800w, https:\/\/www.yunkuntech.com\/wp-content\/uploads\/2025\/01\/\u8be6\u60c5\u56fe_17-2-430x430.jpg 430w, https:\/\/www.yunkuntech.com\/wp-content\/uploads\/2025\/01\/\u8be6\u60c5\u56fe_17-2-150x150.jpg 150w, https:\/\/www.yunkuntech.com\/wp-content\/uploads\/2025\/01\/\u8be6\u60c5\u56fe_17-2-700x700.jpg 700w, https:\/\/www.yunkuntech.com\/wp-content\/uploads\/2025\/01\/\u8be6\u60c5\u56fe_17-2-300x300.jpg 300w, https:\/\/www.yunkuntech.com\/wp-content\/uploads\/2025\/01\/\u8be6\u60c5\u56fe_17-2-768x768.jpg 768w\" sizes=\"auto, (max-width: 800px) 100vw, 800px\" \/> <img loading=\"lazy\" decoding=\"async\" class=\"alignnone size-full wp-image-8648\" src=\"http:\/\/www.yunkuntech.com\/wp-content\/uploads\/2025\/01\/\u8be6\u60c5\u56fe_18.png\" alt=\"\" width=\"790\" height=\"1022\" srcset=\"https:\/\/www.yunkuntech.com\/wp-content\/uploads\/2025\/01\/\u8be6\u60c5\u56fe_18.png 790w, https:\/\/www.yunkuntech.com\/wp-content\/uploads\/2025\/01\/\u8be6\u60c5\u56fe_18-430x556.png 430w, https:\/\/www.yunkuntech.com\/wp-content\/uploads\/2025\/01\/\u8be6\u60c5\u56fe_18-150x194.png 150w, https:\/\/www.yunkuntech.com\/wp-content\/uploads\/2025\/01\/\u8be6\u60c5\u56fe_18-700x906.png 700w, https:\/\/www.yunkuntech.com\/wp-content\/uploads\/2025\/01\/\u8be6\u60c5\u56fe_18-232x300.png 232w, https:\/\/www.yunkuntech.com\/wp-content\/uploads\/2025\/01\/\u8be6\u60c5\u56fe_18-618x800.png 618w, https:\/\/www.yunkuntech.com\/wp-content\/uploads\/2025\/01\/\u8be6\u60c5\u56fe_18-768x994.png 768w\" sizes=\"auto, (max-width: 790px) 100vw, 790px\" \/> <img loading=\"lazy\" decoding=\"async\" class=\"alignnone size-full wp-image-8649\" src=\"http:\/\/www.yunkuntech.com\/wp-content\/uploads\/2025\/01\/\u8be6\u60c5\u56fe_19.png\" alt=\"\" width=\"790\" height=\"983\" srcset=\"https:\/\/www.yunkuntech.com\/wp-content\/uploads\/2025\/01\/\u8be6\u60c5\u56fe_19.png 790w, https:\/\/www.yunkuntech.com\/wp-content\/uploads\/2025\/01\/\u8be6\u60c5\u56fe_19-430x535.png 430w, https:\/\/www.yunkuntech.com\/wp-content\/uploads\/2025\/01\/\u8be6\u60c5\u56fe_19-150x187.png 150w, https:\/\/www.yunkuntech.com\/wp-content\/uploads\/2025\/01\/\u8be6\u60c5\u56fe_19-700x871.png 700w, https:\/\/www.yunkuntech.com\/wp-content\/uploads\/2025\/01\/\u8be6\u60c5\u56fe_19-241x300.png 241w, https:\/\/www.yunkuntech.com\/wp-content\/uploads\/2025\/01\/\u8be6\u60c5\u56fe_19-643x800.png 643w, https:\/\/www.yunkuntech.com\/wp-content\/uploads\/2025\/01\/\u8be6\u60c5\u56fe_19-768x956.png 768w\" sizes=\"auto, (max-width: 790px) 100vw, 790px\" \/> <img loading=\"lazy\" decoding=\"async\" class=\"alignnone size-full wp-image-8650\" src=\"http:\/\/www.yunkuntech.com\/wp-content\/uploads\/2025\/01\/\u8be6\u60c5\u56fe_20.png\" alt=\"\" width=\"790\" height=\"1038\" srcset=\"https:\/\/www.yunkuntech.com\/wp-content\/uploads\/2025\/01\/\u8be6\u60c5\u56fe_20.png 790w, https:\/\/www.yunkuntech.com\/wp-content\/uploads\/2025\/01\/\u8be6\u60c5\u56fe_20-430x565.png 430w, https:\/\/www.yunkuntech.com\/wp-content\/uploads\/2025\/01\/\u8be6\u60c5\u56fe_20-150x197.png 150w, https:\/\/www.yunkuntech.com\/wp-content\/uploads\/2025\/01\/\u8be6\u60c5\u56fe_20-700x920.png 700w, https:\/\/www.yunkuntech.com\/wp-content\/uploads\/2025\/01\/\u8be6\u60c5\u56fe_20-228x300.png 228w, https:\/\/www.yunkuntech.com\/wp-content\/uploads\/2025\/01\/\u8be6\u60c5\u56fe_20-609x800.png 609w, https:\/\/www.yunkuntech.com\/wp-content\/uploads\/2025\/01\/\u8be6\u60c5\u56fe_20-768x1009.png 768w\" sizes=\"auto, (max-width: 790px) 100vw, 790px\" \/> <img loading=\"lazy\" decoding=\"async\" class=\"alignnone size-full wp-image-8651\" src=\"http:\/\/www.yunkuntech.com\/wp-content\/uploads\/2025\/01\/\u8be6\u60c5\u56fe_21.png\" alt=\"\" width=\"790\" height=\"1213\" srcset=\"https:\/\/www.yunkuntech.com\/wp-content\/uploads\/2025\/01\/\u8be6\u60c5\u56fe_21.png 790w, https:\/\/www.yunkuntech.com\/wp-content\/uploads\/2025\/01\/\u8be6\u60c5\u56fe_21-430x660.png 430w, https:\/\/www.yunkuntech.com\/wp-content\/uploads\/2025\/01\/\u8be6\u60c5\u56fe_21-150x230.png 150w, https:\/\/www.yunkuntech.com\/wp-content\/uploads\/2025\/01\/\u8be6\u60c5\u56fe_21-700x1075.png 700w, https:\/\/www.yunkuntech.com\/wp-content\/uploads\/2025\/01\/\u8be6\u60c5\u56fe_21-195x300.png 195w, https:\/\/www.yunkuntech.com\/wp-content\/uploads\/2025\/01\/\u8be6\u60c5\u56fe_21-521x800.png 521w, https:\/\/www.yunkuntech.com\/wp-content\/uploads\/2025\/01\/\u8be6\u60c5\u56fe_21-768x1179.png 768w\" sizes=\"auto, (max-width: 790px) 100vw, 790px\" \/> <img loading=\"lazy\" decoding=\"async\" class=\"alignnone size-full wp-image-8652\" src=\"http:\/\/www.yunkuntech.com\/wp-content\/uploads\/2025\/01\/\u8be6\u60c5\u56fe_22.png\" alt=\"\" width=\"790\" height=\"1220\" srcset=\"https:\/\/www.yunkuntech.com\/wp-content\/uploads\/2025\/01\/\u8be6\u60c5\u56fe_22.png 790w, https:\/\/www.yunkuntech.com\/wp-content\/uploads\/2025\/01\/\u8be6\u60c5\u56fe_22-430x664.png 430w, https:\/\/www.yunkuntech.com\/wp-content\/uploads\/2025\/01\/\u8be6\u60c5\u56fe_22-150x232.png 150w, https:\/\/www.yunkuntech.com\/wp-content\/uploads\/2025\/01\/\u8be6\u60c5\u56fe_22-700x1081.png 700w, https:\/\/www.yunkuntech.com\/wp-content\/uploads\/2025\/01\/\u8be6\u60c5\u56fe_22-194x300.png 194w, https:\/\/www.yunkuntech.com\/wp-content\/uploads\/2025\/01\/\u8be6\u60c5\u56fe_22-518x800.png 518w, https:\/\/www.yunkuntech.com\/wp-content\/uploads\/2025\/01\/\u8be6\u60c5\u56fe_22-768x1186.png 768w\" sizes=\"auto, (max-width: 790px) 100vw, 790px\" \/> <img loading=\"lazy\" decoding=\"async\" class=\"alignnone size-full wp-image-8653\" src=\"http:\/\/www.yunkuntech.com\/wp-content\/uploads\/2025\/01\/\u8be6\u60c5\u56fe_23.png\" alt=\"\" width=\"790\" height=\"1088\" srcset=\"https:\/\/www.yunkuntech.com\/wp-content\/uploads\/2025\/01\/\u8be6\u60c5\u56fe_23.png 790w, https:\/\/www.yunkuntech.com\/wp-content\/uploads\/2025\/01\/\u8be6\u60c5\u56fe_23-430x592.png 430w, https:\/\/www.yunkuntech.com\/wp-content\/uploads\/2025\/01\/\u8be6\u60c5\u56fe_23-150x207.png 150w, https:\/\/www.yunkuntech.com\/wp-content\/uploads\/2025\/01\/\u8be6\u60c5\u56fe_23-700x964.png 700w, https:\/\/www.yunkuntech.com\/wp-content\/uploads\/2025\/01\/\u8be6\u60c5\u56fe_23-218x300.png 218w, https:\/\/www.yunkuntech.com\/wp-content\/uploads\/2025\/01\/\u8be6\u60c5\u56fe_23-581x800.png 581w, https:\/\/www.yunkuntech.com\/wp-content\/uploads\/2025\/01\/\u8be6\u60c5\u56fe_23-768x1058.png 768w\" sizes=\"auto, (max-width: 790px) 100vw, 790px\" \/> <img loading=\"lazy\" decoding=\"async\" class=\"alignnone size-full wp-image-8654\" src=\"http:\/\/www.yunkuntech.com\/wp-content\/uploads\/2025\/01\/\u8be6\u60c5\u56fe_24.png\" alt=\"\" width=\"790\" height=\"1174\" srcset=\"https:\/\/www.yunkuntech.com\/wp-content\/uploads\/2025\/01\/\u8be6\u60c5\u56fe_24.png 790w, https:\/\/www.yunkuntech.com\/wp-content\/uploads\/2025\/01\/\u8be6\u60c5\u56fe_24-430x639.png 430w, https:\/\/www.yunkuntech.com\/wp-content\/uploads\/2025\/01\/\u8be6\u60c5\u56fe_24-150x223.png 150w, https:\/\/www.yunkuntech.com\/wp-content\/uploads\/2025\/01\/\u8be6\u60c5\u56fe_24-700x1040.png 700w, https:\/\/www.yunkuntech.com\/wp-content\/uploads\/2025\/01\/\u8be6\u60c5\u56fe_24-202x300.png 202w, https:\/\/www.yunkuntech.com\/wp-content\/uploads\/2025\/01\/\u8be6\u60c5\u56fe_24-538x800.png 538w, https:\/\/www.yunkuntech.com\/wp-content\/uploads\/2025\/01\/\u8be6\u60c5\u56fe_24-768x1141.png 768w\" sizes=\"auto, (max-width: 790px) 100vw, 790px\" \/><\/div>\n<\/div>","protected":false},"excerpt":{"rendered":"<p>Attributs sp\u00e9cifiques \u00e0 l'industrie Interface de sortie : Type C, Quatre fonctions Usb : Prise en charge de la charge rapide, Affichage LED, Charge rapide, Quatre USB, TYPE-C bidirectionnel<\/p>","protected":false},"featured_media":8653,"comment_status":"open","ping_status":"closed","template":"","meta":[],"product_cat":[20,73],"product_tag":[],"class_list":["post-8646","product","type-product","status-publish","has-post-thumbnail","hentry","product_cat-high-capacity-power-bank","product_cat-outdoor-mobile-power-supply"],"_links":{"self":[{"href":"https:\/\/www.yunkuntech.com\/fr\/wp-json\/wp\/v2\/product\/8646","targetHints":{"allow":["GET"]}}],"collection":[{"href":"https:\/\/www.yunkuntech.com\/fr\/wp-json\/wp\/v2\/product"}],"about":[{"href":"https:\/\/www.yunkuntech.com\/fr\/wp-json\/wp\/v2\/types\/product"}],"replies":[{"embeddable":true,"href":"https:\/\/www.yunkuntech.com\/fr\/wp-json\/wp\/v2\/comments?post=8646"}],"version-history":[{"count":1,"href":"https:\/\/www.yunkuntech.com\/fr\/wp-json\/wp\/v2\/product\/8646\/revisions"}],"predecessor-version":[{"id":8655,"href":"https:\/\/www.yunkuntech.com\/fr\/wp-json\/wp\/v2\/product\/8646\/revisions\/8655"}],"wp:featuredmedia":[{"embeddable":true,"href":"https:\/\/www.yunkuntech.com\/fr\/wp-json\/wp\/v2\/media\/8653"}],"wp:attachment":[{"href":"https:\/\/www.yunkuntech.com\/fr\/wp-json\/wp\/v2\/media?parent=8646"}],"wp:term":[{"taxonomy":"product_cat","embeddable":true,"href":"https:\/\/www.yunkuntech.com\/fr\/wp-json\/wp\/v2\/product_cat?post=8646"},{"taxonomy":"product_tag","embeddable":true,"href":"https:\/\/www.yunkuntech.com\/fr\/wp-json\/wp\/v2\/product_tag?post=8646"}],"curies":[{"name":"wp","href":"https:\/\/api.w.org\/{rel}","templated":true}]}}