{"id":8605,"date":"2025-01-16T19:41:03","date_gmt":"2025-01-16T11:41:03","guid":{"rendered":"http:\/\/www.yunkuntech.com\/?post_type=product&#038;p=8605"},"modified":"2025-01-16T21:26:20","modified_gmt":"2025-01-16T13:26:20","slug":"customizable-pd-22-5w-fast-charge-power-bank-station-2000-40000mah-c-type-output","status":"publish","type":"product","link":"https:\/\/www.yunkuntech.com\/fr\/product\/customizable-pd-22-5w-fast-charge-power-bank-station-2000-40000mah-c-type-output\/","title":{"rendered":"Station de recharge rapide personnalisable PD 22.5W 2000-40000mah sortie type c"},"content":{"rendered":"<div class=\"module_attribute\" data-module-name=\"module_attribute\">\n<div class=\"attribute-layout\" data-aplus-ae=\"x7_2e205273\" data-spm-anchor-id=\"a2700.details.0.i6.2e8678c7tkfqM6\">\n<div class=\"attribute-info\">\n<h3>Attributs sp\u00e9cifiques \u00e0 l'industrie<\/h3>\n<div class=\"attribute-list\">\n<div class=\"attribute-item\">\n<div class=\"left\"><strong>interface de sortie :<\/strong> Type C, Double Usb, Quatre USB<\/div>\n<\/div>\n<div class=\"attribute-item\">\n<div class=\"left\"><strong>fonction :<\/strong> Prise en charge de la charge rapide, affichage LED<\/div>\n<\/div>\n<div class=\"attribute-item\">\n<div class=\"left\"><strong>type :<\/strong> Ultra-mince, charge rapide, haute capacit\u00e9, portable, affichage LED, banque d'alimentation \u00e0 charge rapide 2 en 1, pour l'ext\u00e9rieur<\/div>\n<\/div>\n<div class=\"attribute-item\">\n<div class=\"left\"><strong>puissance de sortie :<\/strong> 18W, 20W, 22.5W<\/div>\n<\/div>\n<\/div>\n<h3>Autres caract\u00e9ristiques<\/h3>\n<div class=\"attribute-list\">\n<div class=\"attribute-item\">\n<div class=\"left\"><strong>interface d'entr\u00e9e :<\/strong> Micro USB, TYPE-C<\/div>\n<\/div>\n<div class=\"attribute-item\">\n<div class=\"right\"><strong>type de batterie :<\/strong> Batterie Li-Polym\u00e8re<\/div>\n<\/div>\n<div class=\"attribute-item\">\n<div class=\"left\"><strong>le lieu d'origine :<\/strong> Guangdong, Chine<\/div>\n<\/div>\n<div class=\"attribute-item\">\n<div class=\"left\"><strong>le poids :<\/strong> 1kg<\/div>\n<\/div>\n<div class=\"attribute-item\">\n<div class=\"left\"><strong>norme de prise de courant :<\/strong> Pour les \u00c9tats-Unis\/Canada, pour l'Union europ\u00e9enne, pour le Royaume-Uni, pour l'Australie\/Nouvelle-Z\u00e9lande, pour l'Italie, pour le Br\u00e9sil, pour le Japon, universel, micro USB, autres<\/div>\n<\/div>\n<div class=\"attribute-item\">\n<div class=\"left\"><strong>protection :<\/strong> Surd\u00e9charge, protection contre les courts-circuits, surcharge, faible tension<\/div>\n<\/div>\n<div class=\"attribute-item\">\n<div class=\"left\"><strong>mat\u00e9riel :<\/strong> ABS, plastique<\/div>\n<\/div>\n<div class=\"attribute-item\">\n<div class=\"left\"><strong>Capacit\u00e9 :<\/strong>20000mah\/30000mah\/40000mah\/50000mah<\/div>\n<\/div>\n<div class=\"attribute-item\">\n<div class=\"left\"><strong>Entr\u00e9e :<\/strong> Chargement super rapide 20WPD<\/div>\n<\/div>\n<div class=\"attribute-item\">\n<div class=\"left\"><strong>Sortie :<\/strong> Chargement super rapide 22,5 W<\/div>\n<\/div>\n<div class=\"attribute-item\">\n<div class=\"left\"><strong>Couleur :<\/strong> Bleu\/blanc<\/div>\n<\/div>\n<div class=\"attribute-item\">\n<div class=\"left\"><strong>Taille :<\/strong> 145*69*65mm<\/div>\n<\/div>\n<div class=\"attribute-item\">\n<div class=\"left\"><strong>OEM :<\/strong> Disponible<\/div>\n<\/div>\n<div class=\"attribute-item\">\n<div class=\"left\"><strong>Garantie :<\/strong> 1 an<\/div>\n<\/div>\n<div class=\"attribute-item\">\n<div class=\"left\"><strong>Certification :<\/strong> ce\/rohs\/fcc\/msds\/UN38.3\/PSE<\/div>\n<\/div>\n<\/div>\n<h3>Emballage et livraison<\/h3>\n<div class=\"attribute-list\">\n<div class=\"attribute-item\">\n<div class=\"left\"><strong>Taille de l'emballage unique :<\/strong> 11X11X16,5 cm<\/div>\n<\/div>\n<div class=\"attribute-item\">\n<div class=\"left\"><strong>Poids brut unique :<\/strong> 1.000 kg<\/div>\n<\/div>\n<\/div>\n<div class=\"less-bg\"><\/div>\n<\/div>\n<\/div>\n<\/div>\n<div class=\"module_industry_compatible_vehicles_down\" data-module-name=\"module_industry_compatible_vehicles_down\"><img loading=\"lazy\" decoding=\"async\" class=\"alignnone size-full wp-image-8608\" src=\"http:\/\/www.yunkuntech.com\/wp-content\/uploads\/2025\/01\/SKU_2-2.jpg\" alt=\"\" width=\"800\" height=\"800\" srcset=\"https:\/\/www.yunkuntech.com\/wp-content\/uploads\/2025\/01\/SKU_2-2.jpg 800w, https:\/\/www.yunkuntech.com\/wp-content\/uploads\/2025\/01\/SKU_2-2-430x430.jpg 430w, https:\/\/www.yunkuntech.com\/wp-content\/uploads\/2025\/01\/SKU_2-2-150x150.jpg 150w, https:\/\/www.yunkuntech.com\/wp-content\/uploads\/2025\/01\/SKU_2-2-700x700.jpg 700w, https:\/\/www.yunkuntech.com\/wp-content\/uploads\/2025\/01\/SKU_2-2-300x300.jpg 300w, https:\/\/www.yunkuntech.com\/wp-content\/uploads\/2025\/01\/SKU_2-2-768x768.jpg 768w\" sizes=\"auto, (max-width: 800px) 100vw, 800px\" \/> <img loading=\"lazy\" decoding=\"async\" class=\"alignnone size-full wp-image-8609\" src=\"http:\/\/www.yunkuntech.com\/wp-content\/uploads\/2025\/01\/SKU_1-2.jpg\" alt=\"\" width=\"800\" height=\"800\" srcset=\"https:\/\/www.yunkuntech.com\/wp-content\/uploads\/2025\/01\/SKU_1-2.jpg 800w, https:\/\/www.yunkuntech.com\/wp-content\/uploads\/2025\/01\/SKU_1-2-430x430.jpg 430w, https:\/\/www.yunkuntech.com\/wp-content\/uploads\/2025\/01\/SKU_1-2-150x150.jpg 150w, https:\/\/www.yunkuntech.com\/wp-content\/uploads\/2025\/01\/SKU_1-2-700x700.jpg 700w, https:\/\/www.yunkuntech.com\/wp-content\/uploads\/2025\/01\/SKU_1-2-300x300.jpg 300w, https:\/\/www.yunkuntech.com\/wp-content\/uploads\/2025\/01\/SKU_1-2-768x768.jpg 768w\" sizes=\"auto, (max-width: 800px) 100vw, 800px\" \/> <img loading=\"lazy\" decoding=\"async\" class=\"alignnone size-full wp-image-8610\" src=\"http:\/\/www.yunkuntech.com\/wp-content\/uploads\/2025\/01\/\u8be6\u60c5\u56fe_6.jpg\" alt=\"\" width=\"790\" height=\"1579\" srcset=\"https:\/\/www.yunkuntech.com\/wp-content\/uploads\/2025\/01\/\u8be6\u60c5\u56fe_6.jpg 790w, https:\/\/www.yunkuntech.com\/wp-content\/uploads\/2025\/01\/\u8be6\u60c5\u56fe_6-430x859.jpg 430w, https:\/\/www.yunkuntech.com\/wp-content\/uploads\/2025\/01\/\u8be6\u60c5\u56fe_6-150x300.jpg 150w, https:\/\/www.yunkuntech.com\/wp-content\/uploads\/2025\/01\/\u8be6\u60c5\u56fe_6-700x1399.jpg 700w, https:\/\/www.yunkuntech.com\/wp-content\/uploads\/2025\/01\/\u8be6\u60c5\u56fe_6-400x800.jpg 400w, https:\/\/www.yunkuntech.com\/wp-content\/uploads\/2025\/01\/\u8be6\u60c5\u56fe_6-768x1536.jpg 768w\" sizes=\"auto, (max-width: 790px) 100vw, 790px\" \/> <img loading=\"lazy\" decoding=\"async\" class=\"alignnone size-full wp-image-8611\" src=\"http:\/\/www.yunkuntech.com\/wp-content\/uploads\/2025\/01\/\u8be6\u60c5\u56fe_4.jpg\" alt=\"\" width=\"790\" height=\"1943\" srcset=\"https:\/\/www.yunkuntech.com\/wp-content\/uploads\/2025\/01\/\u8be6\u60c5\u56fe_4.jpg 790w, https:\/\/www.yunkuntech.com\/wp-content\/uploads\/2025\/01\/\u8be6\u60c5\u56fe_4-430x1058.jpg 430w, https:\/\/www.yunkuntech.com\/wp-content\/uploads\/2025\/01\/\u8be6\u60c5\u56fe_4-150x369.jpg 150w, https:\/\/www.yunkuntech.com\/wp-content\/uploads\/2025\/01\/\u8be6\u60c5\u56fe_4-700x1722.jpg 700w, https:\/\/www.yunkuntech.com\/wp-content\/uploads\/2025\/01\/\u8be6\u60c5\u56fe_4-122x300.jpg 122w, https:\/\/www.yunkuntech.com\/wp-content\/uploads\/2025\/01\/\u8be6\u60c5\u56fe_4-325x800.jpg 325w, https:\/\/www.yunkuntech.com\/wp-content\/uploads\/2025\/01\/\u8be6\u60c5\u56fe_4-768x1889.jpg 768w, https:\/\/www.yunkuntech.com\/wp-content\/uploads\/2025\/01\/\u8be6\u60c5\u56fe_4-625x1536.jpg 625w\" sizes=\"auto, (max-width: 790px) 100vw, 790px\" \/> <img loading=\"lazy\" decoding=\"async\" class=\"alignnone size-full wp-image-8612\" src=\"http:\/\/www.yunkuntech.com\/wp-content\/uploads\/2025\/01\/\u8be6\u60c5\u56fe_5.jpg\" alt=\"\" width=\"790\" height=\"1442\" srcset=\"https:\/\/www.yunkuntech.com\/wp-content\/uploads\/2025\/01\/\u8be6\u60c5\u56fe_5.jpg 790w, https:\/\/www.yunkuntech.com\/wp-content\/uploads\/2025\/01\/\u8be6\u60c5\u56fe_5-430x785.jpg 430w, https:\/\/www.yunkuntech.com\/wp-content\/uploads\/2025\/01\/\u8be6\u60c5\u56fe_5-150x274.jpg 150w, https:\/\/www.yunkuntech.com\/wp-content\/uploads\/2025\/01\/\u8be6\u60c5\u56fe_5-700x1278.jpg 700w, https:\/\/www.yunkuntech.com\/wp-content\/uploads\/2025\/01\/\u8be6\u60c5\u56fe_5-164x300.jpg 164w, https:\/\/www.yunkuntech.com\/wp-content\/uploads\/2025\/01\/\u8be6\u60c5\u56fe_5-438x800.jpg 438w, https:\/\/www.yunkuntech.com\/wp-content\/uploads\/2025\/01\/\u8be6\u60c5\u56fe_5-768x1402.jpg 768w\" sizes=\"auto, (max-width: 790px) 100vw, 790px\" \/> <img loading=\"lazy\" decoding=\"async\" class=\"alignnone size-full wp-image-8613\" src=\"http:\/\/www.yunkuntech.com\/wp-content\/uploads\/2025\/01\/\u4e3b\u56fe_2-3.jpg\" alt=\"\" width=\"800\" height=\"800\" srcset=\"https:\/\/www.yunkuntech.com\/wp-content\/uploads\/2025\/01\/\u4e3b\u56fe_2-3.jpg 800w, https:\/\/www.yunkuntech.com\/wp-content\/uploads\/2025\/01\/\u4e3b\u56fe_2-3-430x430.jpg 430w, https:\/\/www.yunkuntech.com\/wp-content\/uploads\/2025\/01\/\u4e3b\u56fe_2-3-150x150.jpg 150w, https:\/\/www.yunkuntech.com\/wp-content\/uploads\/2025\/01\/\u4e3b\u56fe_2-3-700x700.jpg 700w, https:\/\/www.yunkuntech.com\/wp-content\/uploads\/2025\/01\/\u4e3b\u56fe_2-3-300x300.jpg 300w, https:\/\/www.yunkuntech.com\/wp-content\/uploads\/2025\/01\/\u4e3b\u56fe_2-3-768x768.jpg 768w\" sizes=\"auto, (max-width: 800px) 100vw, 800px\" \/> <img loading=\"lazy\" decoding=\"async\" class=\"alignnone size-full wp-image-8614\" src=\"http:\/\/www.yunkuntech.com\/wp-content\/uploads\/2025\/01\/\u4e3b\u56fe_3-3.jpg\" alt=\"\" width=\"800\" height=\"800\" srcset=\"https:\/\/www.yunkuntech.com\/wp-content\/uploads\/2025\/01\/\u4e3b\u56fe_3-3.jpg 800w, https:\/\/www.yunkuntech.com\/wp-content\/uploads\/2025\/01\/\u4e3b\u56fe_3-3-430x430.jpg 430w, https:\/\/www.yunkuntech.com\/wp-content\/uploads\/2025\/01\/\u4e3b\u56fe_3-3-150x150.jpg 150w, https:\/\/www.yunkuntech.com\/wp-content\/uploads\/2025\/01\/\u4e3b\u56fe_3-3-700x700.jpg 700w, https:\/\/www.yunkuntech.com\/wp-content\/uploads\/2025\/01\/\u4e3b\u56fe_3-3-300x300.jpg 300w, https:\/\/www.yunkuntech.com\/wp-content\/uploads\/2025\/01\/\u4e3b\u56fe_3-3-768x768.jpg 768w\" sizes=\"auto, (max-width: 800px) 100vw, 800px\" \/> <img loading=\"lazy\" decoding=\"async\" class=\"alignnone size-full wp-image-8615\" src=\"http:\/\/www.yunkuntech.com\/wp-content\/uploads\/2025\/01\/\u4e3b\u56fe_4-2.jpg\" alt=\"\" width=\"800\" height=\"800\" srcset=\"https:\/\/www.yunkuntech.com\/wp-content\/uploads\/2025\/01\/\u4e3b\u56fe_4-2.jpg 800w, https:\/\/www.yunkuntech.com\/wp-content\/uploads\/2025\/01\/\u4e3b\u56fe_4-2-430x430.jpg 430w, https:\/\/www.yunkuntech.com\/wp-content\/uploads\/2025\/01\/\u4e3b\u56fe_4-2-150x150.jpg 150w, https:\/\/www.yunkuntech.com\/wp-content\/uploads\/2025\/01\/\u4e3b\u56fe_4-2-700x700.jpg 700w, https:\/\/www.yunkuntech.com\/wp-content\/uploads\/2025\/01\/\u4e3b\u56fe_4-2-300x300.jpg 300w, https:\/\/www.yunkuntech.com\/wp-content\/uploads\/2025\/01\/\u4e3b\u56fe_4-2-768x768.jpg 768w\" sizes=\"auto, (max-width: 800px) 100vw, 800px\" \/> <img loading=\"lazy\" decoding=\"async\" class=\"alignnone size-full wp-image-8616\" src=\"http:\/\/www.yunkuntech.com\/wp-content\/uploads\/2025\/01\/\u4e3b\u56fe_5-4.jpg\" alt=\"\" width=\"800\" height=\"800\" srcset=\"https:\/\/www.yunkuntech.com\/wp-content\/uploads\/2025\/01\/\u4e3b\u56fe_5-4.jpg 800w, https:\/\/www.yunkuntech.com\/wp-content\/uploads\/2025\/01\/\u4e3b\u56fe_5-4-430x430.jpg 430w, https:\/\/www.yunkuntech.com\/wp-content\/uploads\/2025\/01\/\u4e3b\u56fe_5-4-150x150.jpg 150w, https:\/\/www.yunkuntech.com\/wp-content\/uploads\/2025\/01\/\u4e3b\u56fe_5-4-700x700.jpg 700w, https:\/\/www.yunkuntech.com\/wp-content\/uploads\/2025\/01\/\u4e3b\u56fe_5-4-300x300.jpg 300w, https:\/\/www.yunkuntech.com\/wp-content\/uploads\/2025\/01\/\u4e3b\u56fe_5-4-768x768.jpg 768w\" sizes=\"auto, (max-width: 800px) 100vw, 800px\" \/> <img loading=\"lazy\" decoding=\"async\" class=\"alignnone size-full wp-image-8617\" src=\"http:\/\/www.yunkuntech.com\/wp-content\/uploads\/2025\/01\/\u4e3b\u56fe_6-4.jpg\" alt=\"\" width=\"800\" height=\"800\" srcset=\"https:\/\/www.yunkuntech.com\/wp-content\/uploads\/2025\/01\/\u4e3b\u56fe_6-4.jpg 800w, https:\/\/www.yunkuntech.com\/wp-content\/uploads\/2025\/01\/\u4e3b\u56fe_6-4-430x430.jpg 430w, https:\/\/www.yunkuntech.com\/wp-content\/uploads\/2025\/01\/\u4e3b\u56fe_6-4-150x150.jpg 150w, https:\/\/www.yunkuntech.com\/wp-content\/uploads\/2025\/01\/\u4e3b\u56fe_6-4-700x700.jpg 700w, https:\/\/www.yunkuntech.com\/wp-content\/uploads\/2025\/01\/\u4e3b\u56fe_6-4-300x300.jpg 300w, https:\/\/www.yunkuntech.com\/wp-content\/uploads\/2025\/01\/\u4e3b\u56fe_6-4-768x768.jpg 768w\" sizes=\"auto, (max-width: 800px) 100vw, 800px\" \/><\/div>","protected":false},"excerpt":{"rendered":"<p>Attributs sp\u00e9cifiques \u00e0 l'industrie Interface de sortie : Type C, Double Usb, Quatre fonctions USB : Prise en charge de la charge rapide, Type d'affichage LED : Ultra-mince, rapide<\/p>","protected":false},"featured_media":8614,"comment_status":"open","ping_status":"closed","template":"","meta":[],"product_cat":[20],"product_tag":[],"class_list":["post-8605","product","type-product","status-publish","has-post-thumbnail","hentry","product_cat-high-capacity-power-bank"],"_links":{"self":[{"href":"https:\/\/www.yunkuntech.com\/fr\/wp-json\/wp\/v2\/product\/8605","targetHints":{"allow":["GET"]}}],"collection":[{"href":"https:\/\/www.yunkuntech.com\/fr\/wp-json\/wp\/v2\/product"}],"about":[{"href":"https:\/\/www.yunkuntech.com\/fr\/wp-json\/wp\/v2\/types\/product"}],"replies":[{"embeddable":true,"href":"https:\/\/www.yunkuntech.com\/fr\/wp-json\/wp\/v2\/comments?post=8605"}],"version-history":[{"count":1,"href":"https:\/\/www.yunkuntech.com\/fr\/wp-json\/wp\/v2\/product\/8605\/revisions"}],"predecessor-version":[{"id":8618,"href":"https:\/\/www.yunkuntech.com\/fr\/wp-json\/wp\/v2\/product\/8605\/revisions\/8618"}],"wp:featuredmedia":[{"embeddable":true,"href":"https:\/\/www.yunkuntech.com\/fr\/wp-json\/wp\/v2\/media\/8614"}],"wp:attachment":[{"href":"https:\/\/www.yunkuntech.com\/fr\/wp-json\/wp\/v2\/media?parent=8605"}],"wp:term":[{"taxonomy":"product_cat","embeddable":true,"href":"https:\/\/www.yunkuntech.com\/fr\/wp-json\/wp\/v2\/product_cat?post=8605"},{"taxonomy":"product_tag","embeddable":true,"href":"https:\/\/www.yunkuntech.com\/fr\/wp-json\/wp\/v2\/product_tag?post=8605"}],"curies":[{"name":"wp","href":"https:\/\/api.w.org\/{rel}","templated":true}]}}