{"id":8543,"date":"2025-01-16T16:14:26","date_gmt":"2025-01-16T08:14:26","guid":{"rendered":"http:\/\/www.yunkuntech.com\/?post_type=product&#038;p=8543"},"modified":"2025-02-14T19:26:23","modified_gmt":"2025-02-14T11:26:23","slug":"high-quality-20000mah-100w-super-fast-charging-powerbank-for-laptop-phone","status":"publish","type":"product","link":"https:\/\/www.yunkuntech.com\/fr\/product\/high-quality-20000mah-100w-super-fast-charging-powerbank-for-laptop-phone\/","title":{"rendered":"Powerbank de haute qualit\u00e9 20000mah 100W \u00e0 charge super rapide pour ordinateur portable, t\u00e9l\u00e9phone"},"content":{"rendered":"<h2 class=\"att-title\" data-spm-anchor-id=\"a2700.details.0.i89.58401579kGa3nG\">Caract\u00e9ristiques principales<\/h2>\n<p><strong>interface de sortie :<\/strong> Type C, USB simple<\/p>\n<p><strong>fonction :<\/strong> Prise en charge de la charge rapide, affichage LED<\/p>\n<p><strong>type :<\/strong> Ultra-mince, charge rapide, haute capacit\u00e9, portable, station d'alimentation, affichage LED, pour l'ext\u00e9rieur<\/p>\n<p><strong>puissance de sortie :<\/strong> 20W, 22.5W<\/p>\n<p><strong>interface d'entr\u00e9e :<\/strong> TYPE-C<\/p>\n<p><strong>Poids net :<\/strong> 480g(580g poids brut)<\/p>\n<p><strong>norme de prise de courant :<\/strong> Universel<\/p>\n<p><strong>protection :<\/strong> Surd\u00e9charge, protection contre les courts-circuits, surcharge, faible tension<\/p>\n<p><strong>Capacit\u00e9 de la batterie :<\/strong> 20000mah<\/p>\n<p><strong>Couleurs :<\/strong> Gris Noir Bleu<\/p>\n<p><strong>Garantie :<\/strong> 12 mois<\/p>\n<p><strong>Certification :<\/strong> FICHE DE DONN\u00c9ES DE S\u00c9CURIT\u00c9 CE UN38.3<\/p>\n<p><strong>Taille de l'emballage unique :<\/strong> 17X7X4,5 cm<\/p>\n<p><img loading=\"lazy\" decoding=\"async\" class=\"alignnone size-full wp-image-8559\" src=\"http:\/\/www.yunkuntech.com\/wp-content\/uploads\/2025\/01\/\u8be6\u60c5\u56fe_14.jpg\" alt=\"\" width=\"790\" height=\"1020\" srcset=\"https:\/\/www.yunkuntech.com\/wp-content\/uploads\/2025\/01\/\u8be6\u60c5\u56fe_14.jpg 790w, https:\/\/www.yunkuntech.com\/wp-content\/uploads\/2025\/01\/\u8be6\u60c5\u56fe_14-430x555.jpg 430w, https:\/\/www.yunkuntech.com\/wp-content\/uploads\/2025\/01\/\u8be6\u60c5\u56fe_14-150x194.jpg 150w, https:\/\/www.yunkuntech.com\/wp-content\/uploads\/2025\/01\/\u8be6\u60c5\u56fe_14-700x904.jpg 700w, https:\/\/www.yunkuntech.com\/wp-content\/uploads\/2025\/01\/\u8be6\u60c5\u56fe_14-232x300.jpg 232w, https:\/\/www.yunkuntech.com\/wp-content\/uploads\/2025\/01\/\u8be6\u60c5\u56fe_14-620x800.jpg 620w, https:\/\/www.yunkuntech.com\/wp-content\/uploads\/2025\/01\/\u8be6\u60c5\u56fe_14-768x992.jpg 768w\" sizes=\"auto, (max-width: 790px) 100vw, 790px\" \/> \u00a0 <img loading=\"lazy\" decoding=\"async\" class=\"alignnone size-full wp-image-8547\" src=\"http:\/\/www.yunkuntech.com\/wp-content\/uploads\/2025\/01\/SKU_3.png\" alt=\"\" width=\"800\" height=\"800\" srcset=\"https:\/\/www.yunkuntech.com\/wp-content\/uploads\/2025\/01\/SKU_3.png 800w, https:\/\/www.yunkuntech.com\/wp-content\/uploads\/2025\/01\/SKU_3-430x430.png 430w, https:\/\/www.yunkuntech.com\/wp-content\/uploads\/2025\/01\/SKU_3-150x150.png 150w, https:\/\/www.yunkuntech.com\/wp-content\/uploads\/2025\/01\/SKU_3-700x700.png 700w, https:\/\/www.yunkuntech.com\/wp-content\/uploads\/2025\/01\/SKU_3-300x300.png 300w, https:\/\/www.yunkuntech.com\/wp-content\/uploads\/2025\/01\/SKU_3-768x768.png 768w\" sizes=\"auto, (max-width: 800px) 100vw, 800px\" \/> <img loading=\"lazy\" decoding=\"async\" class=\"alignnone size-full wp-image-8546\" src=\"http:\/\/www.yunkuntech.com\/wp-content\/uploads\/2025\/01\/SKU_2.png\" alt=\"\" width=\"800\" height=\"800\" srcset=\"https:\/\/www.yunkuntech.com\/wp-content\/uploads\/2025\/01\/SKU_2.png 800w, https:\/\/www.yunkuntech.com\/wp-content\/uploads\/2025\/01\/SKU_2-430x430.png 430w, https:\/\/www.yunkuntech.com\/wp-content\/uploads\/2025\/01\/SKU_2-150x150.png 150w, https:\/\/www.yunkuntech.com\/wp-content\/uploads\/2025\/01\/SKU_2-700x700.png 700w, https:\/\/www.yunkuntech.com\/wp-content\/uploads\/2025\/01\/SKU_2-300x300.png 300w, https:\/\/www.yunkuntech.com\/wp-content\/uploads\/2025\/01\/SKU_2-768x768.png 768w\" sizes=\"auto, (max-width: 800px) 100vw, 800px\" \/> <img loading=\"lazy\" decoding=\"async\" class=\"alignnone size-full wp-image-8545\" src=\"http:\/\/www.yunkuntech.com\/wp-content\/uploads\/2025\/01\/SKU_1.png\" alt=\"\" width=\"800\" height=\"800\" srcset=\"https:\/\/www.yunkuntech.com\/wp-content\/uploads\/2025\/01\/SKU_1.png 800w, https:\/\/www.yunkuntech.com\/wp-content\/uploads\/2025\/01\/SKU_1-430x430.png 430w, https:\/\/www.yunkuntech.com\/wp-content\/uploads\/2025\/01\/SKU_1-150x150.png 150w, https:\/\/www.yunkuntech.com\/wp-content\/uploads\/2025\/01\/SKU_1-700x700.png 700w, https:\/\/www.yunkuntech.com\/wp-content\/uploads\/2025\/01\/SKU_1-300x300.png 300w, https:\/\/www.yunkuntech.com\/wp-content\/uploads\/2025\/01\/SKU_1-768x768.png 768w\" sizes=\"auto, (max-width: 800px) 100vw, 800px\" \/><\/p>\n<p>&nbsp;<\/p>","protected":false},"excerpt":{"rendered":"<p>Caract\u00e9ristiques principales Interface de sortie : Type C, Fonction USB unique : Prise en charge de la charge rapide, Type d'affichage LED : Ultra mince, Chargement rapide,<\/p>","protected":false},"featured_media":8557,"comment_status":"open","ping_status":"closed","template":"","meta":[],"product_cat":[20,72],"product_tag":[],"class_list":["post-8543","product","type-product","status-publish","has-post-thumbnail","hentry","product_cat-high-capacity-power-bank","product_cat-power-bank-for-laptopnotebook-and-phones"],"_links":{"self":[{"href":"https:\/\/www.yunkuntech.com\/fr\/wp-json\/wp\/v2\/product\/8543","targetHints":{"allow":["GET"]}}],"collection":[{"href":"https:\/\/www.yunkuntech.com\/fr\/wp-json\/wp\/v2\/product"}],"about":[{"href":"https:\/\/www.yunkuntech.com\/fr\/wp-json\/wp\/v2\/types\/product"}],"replies":[{"embeddable":true,"href":"https:\/\/www.yunkuntech.com\/fr\/wp-json\/wp\/v2\/comments?post=8543"}],"version-history":[{"count":4,"href":"https:\/\/www.yunkuntech.com\/fr\/wp-json\/wp\/v2\/product\/8543\/revisions"}],"predecessor-version":[{"id":8563,"href":"https:\/\/www.yunkuntech.com\/fr\/wp-json\/wp\/v2\/product\/8543\/revisions\/8563"}],"wp:featuredmedia":[{"embeddable":true,"href":"https:\/\/www.yunkuntech.com\/fr\/wp-json\/wp\/v2\/media\/8557"}],"wp:attachment":[{"href":"https:\/\/www.yunkuntech.com\/fr\/wp-json\/wp\/v2\/media?parent=8543"}],"wp:term":[{"taxonomy":"product_cat","embeddable":true,"href":"https:\/\/www.yunkuntech.com\/fr\/wp-json\/wp\/v2\/product_cat?post=8543"},{"taxonomy":"product_tag","embeddable":true,"href":"https:\/\/www.yunkuntech.com\/fr\/wp-json\/wp\/v2\/product_tag?post=8543"}],"curies":[{"name":"wp","href":"https:\/\/api.w.org\/{rel}","templated":true}]}}