{"id":3,"date":"2023-02-11T18:55:09","date_gmt":"2023-02-11T10:55:09","guid":{"rendered":"http:\/\/www.yunkuntech.com\/?page_id=3"},"modified":"2025-03-12T15:44:52","modified_gmt":"2025-03-12T07:44:52","slug":"privacy-policy","status":"publish","type":"page","link":"https:\/\/www.yunkuntech.com\/fr\/privacy-policy\/","title":{"rendered":"Politique de confidentialit\u00e9"},"content":{"rendered":"<p>La pr\u00e9sente politique de confidentialit\u00e9 d\u00e9crit la mani\u00e8re dont nous traitons vos informations personnelles. En utilisant https:\/\/www.yunkuntech.com<strong><b>\u00a0<\/b><\/strong>(le \"Site\"), vous consentez au stockage, au traitement, au transfert et \u00e0 la divulgation de vos informations personnelles, tels que d\u00e9crits dans la pr\u00e9sente politique de confidentialit\u00e9.<\/p>\n<p>&nbsp;<\/p>\n<p>Collection<\/p>\n<p>Vous pouvez naviguer sur ce site sans fournir d'informations personnelles vous concernant. Toutefois, pour recevoir des notifications, des mises \u00e0 jour ou demander des informations compl\u00e9mentaires sur <a href=\"\/fr\/%20https:\/\/www.neosight-gscs.com\/\"><u>\u00a0<\/u><\/a>\u00a0https:\/\/www.yunkuntech.com\/ ou ce site, nous pouvons collecter les informations suivantes :<\/p>\n<p>le nom, les coordonn\u00e9es, l'adresse \u00e9lectronique, l'entreprise et l'identifiant de l'utilisateur ; la correspondance qui nous est envoy\u00e9e ou que nous envoyons ; toute information suppl\u00e9mentaire que vous choisissez de fournir ; et d'autres informations provenant de votre interaction avec notre site, nos services, notre contenu et notre publicit\u00e9, y compris les informations relatives \u00e0 l'ordinateur et \u00e0 la connexion, les statistiques sur les pages consult\u00e9es, le trafic vers et depuis le site, les donn\u00e9es publicitaires, l'adresse IP et les informations standard du journal web.<\/p>\n<p>Si vous choisissez de nous fournir des informations personnelles, vous consentez au transfert et au stockage de ces informations sur nos serveurs situ\u00e9s aux \u00c9tats-Unis.<\/p>\n<p>&nbsp;<\/p>\n<p>Utilisation<\/p>\n<p>Nous utilisons vos informations personnelles pour vous fournir les services que vous demandez, communiquer avec vous, r\u00e9soudre les probl\u00e8mes, personnaliser votre exp\u00e9rience, vous informer sur nos services et les mises \u00e0 jour du site et mesurer l'int\u00e9r\u00eat pour nos sites et services.<\/p>\n<p>&nbsp;<\/p>\n<p>Divulgation<\/p>\n<p>Nous ne vendons ni ne louons vos informations personnelles \u00e0 des tiers \u00e0 des fins de marketing sans votre consentement explicite. Nous pouvons divulguer des informations personnelles pour r\u00e9pondre \u00e0 des exigences l\u00e9gales, appliquer nos politiques, r\u00e9pondre \u00e0 des r\u00e9clamations selon lesquelles une publication ou un autre contenu viole les droits d'autrui, ou prot\u00e9ger les droits, la propri\u00e9t\u00e9 ou la s\u00e9curit\u00e9 de quiconque. Ces informations seront divulgu\u00e9es conform\u00e9ment aux lois et r\u00e9glementations applicables. Nous pouvons \u00e9galement partager des informations personnelles avec des prestataires de services qui nous aident dans nos activit\u00e9s commerciales et avec des membres de notre famille d'entreprises, qui peuvent fournir un contenu et des services communs et aider \u00e0 d\u00e9tecter et \u00e0 pr\u00e9venir des actes potentiellement ill\u00e9gaux. Si nous pr\u00e9voyons de fusionner ou d'\u00eatre acquis par une autre entit\u00e9 commerciale, nous pourrons partager des informations personnelles avec l'autre soci\u00e9t\u00e9 et exiger que la nouvelle entit\u00e9 combin\u00e9e respecte la pr\u00e9sente politique de confidentialit\u00e9 en ce qui concerne vos informations personnelles.<\/p>\n<p>&nbsp;<\/p>\n<p><strong><b>Acc\u00e8s<\/b><\/strong><\/p>\n<p>Vous pouvez \u00e0 tout moment acc\u00e9der aux informations personnelles que vous nous avez fournies ou les mettre \u00e0 jour en nous contactant \u00e0 l'adresse suivante : at:sonia@yunkuntech.com.\u00a0<\/p>\n<p>Nous consid\u00e9rons les informations comme un actif qui doit \u00eatre prot\u00e9g\u00e9 et nous utilisons de nombreux outils pour prot\u00e9ger vos informations personnelles contre l'acc\u00e8s et la divulgation non autoris\u00e9s. Toutefois, comme vous le savez probablement, des tiers peuvent intercepter ou acc\u00e9der ill\u00e9galement \u00e0 des transmissions ou \u00e0 des communications priv\u00e9es. Par cons\u00e9quent, bien que nous travaillions tr\u00e8s dur pour prot\u00e9ger votre vie priv\u00e9e, nous ne promettons pas, et vous ne devez pas vous attendre \u00e0 ce que vos informations personnelles ou vos communications priv\u00e9es restent toujours priv\u00e9es.<\/p>\n<p>&nbsp;<\/p>\n<p>G\u00e9n\u00e9ral<\/p>\n<p>Nous pouvons mettre \u00e0 jour cette politique \u00e0 tout moment en publiant les conditions modifi\u00e9es sur ce site. Toutes les conditions modifi\u00e9es entrent automatiquement en vigueur 30 jours apr\u00e8s leur publication initiale sur le site. Pour toute question concernant cette politique, veuillez nous envoyer un courrier \u00e9lectronique.<\/p>","protected":false},"excerpt":{"rendered":"<p>This privacy policy describes how we handle your personal information. By using https:\/\/www.yunkuntech.com\u00a0(the &#8220;Site&#8221;) you consent to the storage, processing,<\/p>","protected":false},"author":1,"featured_media":0,"parent":0,"menu_order":0,"comment_status":"closed","ping_status":"closed","template":"","meta":{"footnotes":""},"class_list":["post-3","page","type-page","status-publish","hentry"],"_links":{"self":[{"href":"https:\/\/www.yunkuntech.com\/fr\/wp-json\/wp\/v2\/pages\/3","targetHints":{"allow":["GET"]}}],"collection":[{"href":"https:\/\/www.yunkuntech.com\/fr\/wp-json\/wp\/v2\/pages"}],"about":[{"href":"https:\/\/www.yunkuntech.com\/fr\/wp-json\/wp\/v2\/types\/page"}],"author":[{"embeddable":true,"href":"https:\/\/www.yunkuntech.com\/fr\/wp-json\/wp\/v2\/users\/1"}],"replies":[{"embeddable":true,"href":"https:\/\/www.yunkuntech.com\/fr\/wp-json\/wp\/v2\/comments?post=3"}],"version-history":[{"count":2,"href":"https:\/\/www.yunkuntech.com\/fr\/wp-json\/wp\/v2\/pages\/3\/revisions"}],"predecessor-version":[{"id":8955,"href":"https:\/\/www.yunkuntech.com\/fr\/wp-json\/wp\/v2\/pages\/3\/revisions\/8955"}],"wp:attachment":[{"href":"https:\/\/www.yunkuntech.com\/fr\/wp-json\/wp\/v2\/media?parent=3"}],"curies":[{"name":"wp","href":"https:\/\/api.w.org\/{rel}","templated":true}]}}