{"id":9155,"date":"2025-06-02T19:24:53","date_gmt":"2025-06-02T11:24:53","guid":{"rendered":"https:\/\/www.yunkuntech.com\/?post_type=product&#038;p=9155"},"modified":"2025-06-02T19:24:53","modified_gmt":"2025-06-02T11:24:53","slug":"factory-supplied-bladeless-air-conditioner-mini-neck-fan-portable-leafless-hanging-neck-fan","status":"publish","type":"product","link":"https:\/\/www.yunkuntech.com\/es\/product\/factory-supplied-bladeless-air-conditioner-mini-neck-fan-portable-leafless-hanging-neck-fan\/","title":{"rendered":"Suministrado de f\u00e1brica Bladeless acondicionador de aire Mini ventilador de cuello port\u00e1til sin hojas colgando ventilador de cuello"},"content":{"rendered":"<h1 title=\"Suministrado de f\u00e1brica Bladeless acondicionador de aire Mini ventilador de cuello port\u00e1til sin hojas colgando ventilador de cuello\" data-spm-anchor-id=\"a2700.details.0.i82.37351396X4AtJr\">Suministrado de f\u00e1brica Bladeless acondicionador de aire Mini ventilador de cuello port\u00e1til sin hojas colgando ventilador de cuello<\/h1>\n<h2 id=\"key-attributes\" class=\"id-text-xl id-font-bold\" data-spm-anchor-id=\"a2700.details.0.i83.37351396X4AtJr\">Atributos clave<\/h2>\n<div class=\"\">\n<div class=\"\">\n<div class=\"id-grid id-grid-cols-2 id-border-[0.5px] id-border-[#ddd] id-mt-3\">\n<div class=\"id-grid id-max-h-[68px] id-overflow-hidden id-grid-cols-[2fr_3fr] id-border-b-[0.5px] id-border-[#ddd]\">\n<div class=\"id-text-sm id-p-4 id-bg-[#f8f8f8] id-flex id-items-center\" title=\"garant\u00eda\">\n<div class=\"id-line-clamp-2 id-leading-[18px]\">garant\u00eda\uff1a1 a\u00f1o<\/div>\n<\/div>\n<\/div>\n<div class=\"id-grid id-max-h-[68px] id-overflow-hidden id-grid-cols-[2fr_3fr] id-border-b-[0.5px] id-border-[#ddd]\">\n<div class=\"id-text-sm id-p-4 id-bg-[#f8f8f8] id-flex id-items-center\" title=\"servicio posventa\">\n<div class=\"id-line-clamp-2 id-leading-[18px]\">servicio posventa<\/div>\n<\/div>\n<div class=\"id-text-sm id-font-medium id-p-4 id-flex id-items-center id-flex-wrap\" title=\"Piezas de repuesto gratuitas, servicio de mantenimiento y reparaci\u00f3n in situ, instalaci\u00f3n, devoluci\u00f3n y sustituci\u00f3n in situ, centros de llamadas en el extranjero\">\n<div class=\"id-line-clamp-2 id-leading-[18px]\">Piezas de repuesto gratuitas, servicio de mantenimiento y reparaci\u00f3n in situ, instalaci\u00f3n, devoluci\u00f3n y sustituci\u00f3n in situ<\/div>\n<\/div>\n<\/div>\n<div class=\"id-grid id-max-h-[68px] id-overflow-hidden id-grid-cols-[2fr_3fr] id-border-b-[0.5px] id-border-[#ddd]\">\n<div class=\"id-text-sm id-p-4 id-bg-[#f8f8f8] id-flex id-items-center\" title=\"material\">\n<div class=\"id-line-clamp-2 id-leading-[18px]\">material: Pl\u00e1stico<\/div>\n<\/div>\n<\/div>\n<div class=\"id-grid id-max-h-[68px] id-overflow-hidden id-grid-cols-[2fr_3fr] id-border-b-[0.5px] id-border-[#ddd]\">\n<div class=\"id-text-sm id-p-4 id-bg-[#f8f8f8] id-flex id-items-center\" title=\"tipo\">\n<div class=\"id-line-clamp-2 id-leading-[18px]\">tipo: Ventilador de cuello port\u00e1til<\/div>\n<\/div>\n<\/div>\n<div class=\"id-grid id-max-h-[68px] id-overflow-hidden id-grid-cols-[2fr_3fr] id-border-b-[0.5px] id-border-[#ddd]\">\n<div class=\"id-text-sm id-p-4 id-bg-[#f8f8f8] id-flex id-items-center\" title=\"capacidad de la bater\u00eda (mah)\">\n<div class=\"id-line-clamp-2 id-leading-[18px]\">capacidad de la bater\u00eda(mah): 6000<\/div>\n<\/div>\n<\/div>\n<div class=\"id-grid id-max-h-[68px] id-overflow-hidden id-grid-cols-[2fr_3fr] id-border-b-[0.5px] id-border-[#ddd]\">\n<div class=\"id-text-sm id-p-4 id-bg-[#f8f8f8] id-flex id-items-center\" title=\"tensi\u00f3n (v)\">\n<div class=\"id-line-clamp-2 id-leading-[18px]\">voltaje (v): DC5V\/2A<\/div>\n<\/div>\n<\/div>\n<div class=\"id-grid id-max-h-[68px] id-overflow-hidden id-grid-cols-[2fr_3fr] id-border-b-[0.5px] id-border-[#ddd]\">\n<div class=\"id-text-sm id-p-4 id-bg-[#f8f8f8] id-flex id-items-center\" title=\"potencia (w)\">\n<div class=\"id-line-clamp-2 id-leading-[18px]\">potencia (w): 12 W<\/div>\n<\/div>\n<\/div>\n<div class=\"id-grid id-max-h-[68px] id-overflow-hidden id-grid-cols-[2fr_3fr] id-border-b-[0.5px] id-border-[#ddd]\">\n<div class=\"id-text-sm id-p-4 id-bg-[#f8f8f8] id-flex id-items-center\" title=\"lugar de origen\">\n<div class=\"id-line-clamp-2 id-leading-[18px]\">Lugar de origen: Guangdong, China<\/div>\n<\/div>\n<\/div>\n<div class=\"id-grid id-max-h-[68px] id-overflow-hidden id-grid-cols-[2fr_3fr] id-border-b-[0.5px] id-border-[#ddd]\">\n<div class=\"id-text-sm id-p-4 id-bg-[#f8f8f8] id-flex id-items-center\" title=\"aplicaci\u00f3n\">\n<div class=\"id-line-clamp-2 id-leading-[18px]\">Aplicaci\u00f3n: Hotel, coche, al aire libre, garaje, RV, comercial, hogar: fuente de alimentaci\u00f3n<\/div>\n<\/div>\n<\/div>\n<div class=\"id-grid id-max-h-[68px] id-overflow-hidden id-grid-cols-[2fr_3fr] id-border-b-[0.5px] id-border-[#ddd]\">\n<div class=\"id-text-sm id-font-medium id-p-4 id-flex id-items-center id-flex-wrap\" title=\"Bater\u00eda, usb\">\n<div class=\"id-line-clamp-2 id-leading-[18px]\">Bater\u00eda, usb<\/div>\n<\/div>\n<\/div>\n<div class=\"id-grid id-max-h-[68px] id-overflow-hidden id-grid-cols-[2fr_3fr] id-border-b-[0.5px] id-border-[#ddd]\">\n<div class=\"id-text-sm id-p-4 id-bg-[#f8f8f8] id-flex id-items-center\" title=\"funci\u00f3n destacada\">\n<div class=\"id-line-clamp-2 id-leading-[18px]\">funci\u00f3n destacada: Cerca de la piel con dise\u00f1o tipo muelle<\/div>\n<\/div>\n<\/div>\n<div class=\"id-grid id-max-h-[68px] id-overflow-hidden id-grid-cols-[2fr_3fr] id-border-b-[0.5px] id-border-[#ddd]\">\n<div class=\"id-text-sm id-p-4 id-bg-[#f8f8f8] id-flex id-items-center\" title=\"dimensiones (l x a x a (pulgadas)\">\n<div class=\"id-line-clamp-2 id-leading-[18px]\">dimensiones (l x a x a (pulgadas): 182*167*53 mm<\/div>\n<\/div>\n<\/div>\n<div class=\"id-grid id-max-h-[68px] id-overflow-hidden id-grid-cols-[2fr_3fr] id-border-b-[0.5px] id-border-[#ddd]\">\n<div class=\"id-text-sm id-p-4 id-bg-[#f8f8f8] id-flex id-items-center\" title=\"peso del art\u00edculo\">\n<div class=\"id-line-clamp-2 id-leading-[18px]\">peso del art\u00edculo: 0,24<\/div>\n<\/div>\n<\/div>\n<div class=\"id-grid id-max-h-[68px] id-overflow-hidden id-grid-cols-[2fr_3fr] id-border-b-[0.5px] id-border-[#ddd]\">\n<div class=\"id-text-sm id-p-4 id-bg-[#f8f8f8] id-flex id-items-center\" title=\"velocidad del viento\">\n<div class=\"id-line-clamp-2 id-leading-[18px]\">velocidad del viento: Cuatro<\/div>\n<\/div>\n<\/div>\n<div class=\"id-grid id-max-h-[68px] id-overflow-hidden id-grid-cols-[2fr_3fr] id-border-b-[0.5px] id-border-[#ddd]\">\n<div class=\"id-text-sm id-p-4 id-bg-[#f8f8f8] id-flex id-items-center\" title=\"lenguaje operativo\">\n<div class=\"id-line-clamp-2 id-leading-[18px]\">idioma de funcionamiento: Ingl\u00e9s<\/div>\n<\/div>\n<\/div>\n<div class=\"id-grid id-max-h-[68px] id-overflow-hidden id-grid-cols-[2fr_3fr] id-border-b-[0.5px] id-border-[#ddd]\">\n<div class=\"id-text-sm id-p-4 id-bg-[#f8f8f8] id-flex id-items-center\" title=\"logotipo\/estampado\">\n<div class=\"id-line-clamp-2 id-leading-[18px]\">logotipo\/estampado: Serigraf\u00eda<\/div>\n<\/div>\n<\/div>\n<div class=\"id-grid id-max-h-[68px] id-overflow-hidden id-grid-cols-[2fr_3fr] id-border-b-[0.5px] id-border-[#ddd]\">\n<div class=\"id-text-sm id-p-4 id-bg-[#f8f8f8] id-flex id-items-center\" title=\"Nombre del producto\">\n<div class=\"id-line-clamp-2 id-leading-[18px]\">Nombre del producto: Ventilador colgante 2 en 1 para enfriar y calentar el cuello<\/div>\n<\/div>\n<\/div>\n<div class=\"id-grid id-max-h-[68px] id-overflow-hidden id-grid-cols-[2fr_3fr] id-border-b-[0.5px] id-border-[#ddd]\">\n<div class=\"id-text-sm id-p-4 id-bg-[#f8f8f8] id-flex id-items-center\" title=\"Tama\u00f1o del producto\">\n<div class=\"id-line-clamp-2 id-leading-[18px]\">Tama\u00f1o del producto: 182*167*53 mm<\/div>\n<\/div>\n<\/div>\n<div class=\"id-grid id-max-h-[68px] id-overflow-hidden id-grid-cols-[2fr_3fr] id-border-b-[0.5px] id-border-[#ddd]\">\n<div class=\"id-text-sm id-p-4 id-bg-[#f8f8f8] id-flex id-items-center\" title=\"Peso neto del producto\">\n<div class=\"id-line-clamp-2 id-leading-[18px]\">Peso neto del producto: 0,47 kg<\/div>\n<\/div>\n<\/div>\n<div class=\"id-grid id-max-h-[68px] id-overflow-hidden id-grid-cols-[2fr_3fr] id-border-b-[0.5px] id-border-[#ddd]\">\n<div class=\"id-text-sm id-p-4 id-bg-[#f8f8f8] id-flex id-items-center\" title=\"Potencia m\u00e1xima\">\n<div class=\"id-line-clamp-2 id-leading-[18px]\">Potencia m\u00e1xima: 12 W<\/div>\n<\/div>\n<\/div>\n<div class=\"id-grid id-max-h-[68px] id-overflow-hidden id-grid-cols-[2fr_3fr] id-border-b-[0.5px] id-border-[#ddd]\">\n<div class=\"id-text-sm id-p-4 id-bg-[#f8f8f8] id-flex id-items-center\" title=\"Tensi\u00f3n de trabajo\">\n<div class=\"id-line-clamp-2 id-leading-[18px]\">Tensi\u00f3n de trabajo: 5V\/2A<\/div>\n<\/div>\n<\/div>\n<div class=\"id-grid id-max-h-[68px] id-overflow-hidden id-grid-cols-[2fr_3fr] id-border-b-[0.5px] id-border-[#ddd]\">\n<div class=\"id-text-sm id-p-4 id-bg-[#f8f8f8] id-flex id-items-center\" title=\"Capacidad de la bater\u00eda\">\n<div class=\"id-line-clamp-2 id-leading-[18px]\">Capacidad de la bater\u00eda: 6000mAh<\/div>\n<\/div>\n<\/div>\n<div class=\"id-grid id-max-h-[68px] id-overflow-hidden id-grid-cols-[2fr_3fr] id-border-b-[0.5px] id-border-[#ddd]\">\n<div class=\"id-text-sm id-p-4 id-bg-[#f8f8f8] id-flex id-items-center\" title=\"Modo ventilador\">\n<div class=\"id-line-clamp-2 id-leading-[18px]\">Modo ventilador: 4 niveles<\/div>\n<\/div>\n<\/div>\n<div class=\"id-grid id-max-h-[68px] id-overflow-hidden id-grid-cols-[2fr_3fr] id-border-b-[0.5px] id-border-[#ddd]\">\n<div class=\"id-text-sm id-p-4 id-bg-[#f8f8f8] id-flex id-items-center\" title=\"Tiempo de carga\">\n<div class=\"id-line-clamp-2 id-leading-[18px]\">Tiempo de carga: 2,5 h con carga r\u00e1pida de DP y 4h con carga normal<\/div>\n<\/div>\n<\/div>\n<div class=\"id-grid id-max-h-[68px] id-overflow-hidden id-grid-cols-[2fr_3fr]\">\n<div class=\"id-text-sm id-p-4 id-bg-[#f8f8f8] id-flex id-items-center\" title=\"Tiempo de trabajo\">\n<div class=\"id-line-clamp-2 id-leading-[18px]\">Tiempo de trabajo: Alrededor de 2 horas<\/div>\n<\/div>\n<\/div>\n<div class=\"id-grid id-max-h-[68px] id-overflow-hidden id-grid-cols-[2fr_3fr]\">\n<div class=\"id-text-sm id-p-4 id-bg-[#f8f8f8] id-flex id-items-center\" title=\"Tipo de carga\">\n<div class=\"id-line-clamp-2 id-leading-[18px]\">Tipo de carga: Tipo-C<\/div>\n<\/div>\n<\/div>\n<\/div>\n<\/div>\n<div class=\"\">\n<h3 class=\"id-text-base id-font-bold id-mt-5\">Embalaje y entrega<\/h3>\n<div class=\"id-grid id-grid-cols-2 id-border-[0.5px] id-border-[#ddd] id-mt-3\">\n<div class=\"id-grid id-max-h-[68px] id-overflow-hidden id-grid-cols-[2fr_3fr] id-border-b-[0.5px] id-border-[#ddd]\">\n<div class=\"id-text-sm id-p-4 id-bg-[#f8f8f8] id-flex id-items-center\" title=\"Unidades de venta\">\n<div class=\"id-line-clamp-2 id-leading-[18px]\">Unidades de venta: Art\u00edculo individual<\/div>\n<\/div>\n<\/div>\n<div class=\"id-grid id-max-h-[68px] id-overflow-hidden id-grid-cols-[2fr_3fr] id-border-b-[0.5px] id-border-[#ddd]\">\n<div class=\"id-text-sm id-p-4 id-bg-[#f8f8f8] id-flex id-items-center\" title=\"Tama\u00f1o de envase individual\">\n<div class=\"id-line-clamp-2 id-leading-[18px]\">Tama\u00f1o del envase individual: 22X22X10 cm<\/div>\n<\/div>\n<\/div>\n<div class=\"id-grid id-max-h-[68px] id-overflow-hidden id-grid-cols-[2fr_3fr]\">\n<div class=\"id-text-sm id-p-4 id-bg-[#f8f8f8] id-flex id-items-center\" title=\"Peso bruto \u00fanico\">\n<div class=\"id-line-clamp-2 id-leading-[18px]\">Peso bruto individual: 1.000 KG<\/div>\n<\/div>\n<\/div>\n<\/div>\n<\/div>\n<\/div>\n<h1 title=\"Suministrado de f\u00e1brica Bladeless acondicionador de aire Mini ventilador de cuello port\u00e1til sin hojas colgando ventilador de cuello\" data-spm-anchor-id=\"a2700.details.0.i82.37351396X4AtJr\"><img loading=\"lazy\" decoding=\"async\" class=\"alignnone size-full wp-image-9156\" src=\"https:\/\/www.yunkuntech.com\/wp-content\/uploads\/2025\/06\/\u8be6\u60c5\u56fe_1.jpg\" alt=\"\" width=\"790\" height=\"1211\" srcset=\"https:\/\/www.yunkuntech.com\/wp-content\/uploads\/2025\/06\/\u8be6\u60c5\u56fe_1.jpg 790w, https:\/\/www.yunkuntech.com\/wp-content\/uploads\/2025\/06\/\u8be6\u60c5\u56fe_1-196x300.jpg 196w, https:\/\/www.yunkuntech.com\/wp-content\/uploads\/2025\/06\/\u8be6\u60c5\u56fe_1-522x800.jpg 522w, https:\/\/www.yunkuntech.com\/wp-content\/uploads\/2025\/06\/\u8be6\u60c5\u56fe_1-768x1177.jpg 768w, https:\/\/www.yunkuntech.com\/wp-content\/uploads\/2025\/06\/\u8be6\u60c5\u56fe_1-8x12.jpg 8w, https:\/\/www.yunkuntech.com\/wp-content\/uploads\/2025\/06\/\u8be6\u60c5\u56fe_1-430x659.jpg 430w, https:\/\/www.yunkuntech.com\/wp-content\/uploads\/2025\/06\/\u8be6\u60c5\u56fe_1-700x1073.jpg 700w, https:\/\/www.yunkuntech.com\/wp-content\/uploads\/2025\/06\/\u8be6\u60c5\u56fe_1-150x230.jpg 150w\" sizes=\"auto, (max-width: 790px) 100vw, 790px\" \/> <img loading=\"lazy\" decoding=\"async\" class=\"alignnone size-full wp-image-9157\" src=\"https:\/\/www.yunkuntech.com\/wp-content\/uploads\/2025\/06\/\u8be6\u60c5\u56fe_2.jpg\" alt=\"\" width=\"790\" height=\"1389\" srcset=\"https:\/\/www.yunkuntech.com\/wp-content\/uploads\/2025\/06\/\u8be6\u60c5\u56fe_2.jpg 790w, https:\/\/www.yunkuntech.com\/wp-content\/uploads\/2025\/06\/\u8be6\u60c5\u56fe_2-171x300.jpg 171w, https:\/\/www.yunkuntech.com\/wp-content\/uploads\/2025\/06\/\u8be6\u60c5\u56fe_2-455x800.jpg 455w, https:\/\/www.yunkuntech.com\/wp-content\/uploads\/2025\/06\/\u8be6\u60c5\u56fe_2-768x1350.jpg 768w, https:\/\/www.yunkuntech.com\/wp-content\/uploads\/2025\/06\/\u8be6\u60c5\u56fe_2-7x12.jpg 7w, https:\/\/www.yunkuntech.com\/wp-content\/uploads\/2025\/06\/\u8be6\u60c5\u56fe_2-430x756.jpg 430w, https:\/\/www.yunkuntech.com\/wp-content\/uploads\/2025\/06\/\u8be6\u60c5\u56fe_2-700x1231.jpg 700w, https:\/\/www.yunkuntech.com\/wp-content\/uploads\/2025\/06\/\u8be6\u60c5\u56fe_2-150x264.jpg 150w\" sizes=\"auto, (max-width: 790px) 100vw, 790px\" \/> <img loading=\"lazy\" decoding=\"async\" class=\"alignnone size-full wp-image-9158\" src=\"https:\/\/www.yunkuntech.com\/wp-content\/uploads\/2025\/06\/\u8be6\u60c5\u56fe_3.jpg\" alt=\"\" width=\"790\" height=\"1128\" srcset=\"https:\/\/www.yunkuntech.com\/wp-content\/uploads\/2025\/06\/\u8be6\u60c5\u56fe_3.jpg 790w, https:\/\/www.yunkuntech.com\/wp-content\/uploads\/2025\/06\/\u8be6\u60c5\u56fe_3-210x300.jpg 210w, https:\/\/www.yunkuntech.com\/wp-content\/uploads\/2025\/06\/\u8be6\u60c5\u56fe_3-560x800.jpg 560w, https:\/\/www.yunkuntech.com\/wp-content\/uploads\/2025\/06\/\u8be6\u60c5\u56fe_3-768x1097.jpg 768w, https:\/\/www.yunkuntech.com\/wp-content\/uploads\/2025\/06\/\u8be6\u60c5\u56fe_3-8x12.jpg 8w, https:\/\/www.yunkuntech.com\/wp-content\/uploads\/2025\/06\/\u8be6\u60c5\u56fe_3-430x614.jpg 430w, https:\/\/www.yunkuntech.com\/wp-content\/uploads\/2025\/06\/\u8be6\u60c5\u56fe_3-700x999.jpg 700w, https:\/\/www.yunkuntech.com\/wp-content\/uploads\/2025\/06\/\u8be6\u60c5\u56fe_3-150x214.jpg 150w\" sizes=\"auto, (max-width: 790px) 100vw, 790px\" \/> <img loading=\"lazy\" decoding=\"async\" class=\"alignnone size-full wp-image-9159\" src=\"https:\/\/www.yunkuntech.com\/wp-content\/uploads\/2025\/06\/\u8be6\u60c5\u56fe_4.jpg\" alt=\"\" width=\"790\" height=\"796\" srcset=\"https:\/\/www.yunkuntech.com\/wp-content\/uploads\/2025\/06\/\u8be6\u60c5\u56fe_4.jpg 790w, https:\/\/www.yunkuntech.com\/wp-content\/uploads\/2025\/06\/\u8be6\u60c5\u56fe_4-298x300.jpg 298w, https:\/\/www.yunkuntech.com\/wp-content\/uploads\/2025\/06\/\u8be6\u60c5\u56fe_4-150x151.jpg 150w, https:\/\/www.yunkuntech.com\/wp-content\/uploads\/2025\/06\/\u8be6\u60c5\u56fe_4-768x774.jpg 768w, https:\/\/www.yunkuntech.com\/wp-content\/uploads\/2025\/06\/\u8be6\u60c5\u56fe_4-12x12.jpg 12w, https:\/\/www.yunkuntech.com\/wp-content\/uploads\/2025\/06\/\u8be6\u60c5\u56fe_4-430x433.jpg 430w, https:\/\/www.yunkuntech.com\/wp-content\/uploads\/2025\/06\/\u8be6\u60c5\u56fe_4-700x705.jpg 700w\" sizes=\"auto, (max-width: 790px) 100vw, 790px\" \/> <img loading=\"lazy\" decoding=\"async\" class=\"alignnone size-full wp-image-9160\" src=\"https:\/\/www.yunkuntech.com\/wp-content\/uploads\/2025\/06\/\u8be6\u60c5\u56fe_5.jpg\" alt=\"\" width=\"790\" height=\"719\" srcset=\"https:\/\/www.yunkuntech.com\/wp-content\/uploads\/2025\/06\/\u8be6\u60c5\u56fe_5.jpg 790w, https:\/\/www.yunkuntech.com\/wp-content\/uploads\/2025\/06\/\u8be6\u60c5\u56fe_5-330x300.jpg 330w, https:\/\/www.yunkuntech.com\/wp-content\/uploads\/2025\/06\/\u8be6\u60c5\u56fe_5-768x699.jpg 768w, https:\/\/www.yunkuntech.com\/wp-content\/uploads\/2025\/06\/\u8be6\u60c5\u56fe_5-13x12.jpg 13w, https:\/\/www.yunkuntech.com\/wp-content\/uploads\/2025\/06\/\u8be6\u60c5\u56fe_5-430x391.jpg 430w, https:\/\/www.yunkuntech.com\/wp-content\/uploads\/2025\/06\/\u8be6\u60c5\u56fe_5-700x637.jpg 700w, https:\/\/www.yunkuntech.com\/wp-content\/uploads\/2025\/06\/\u8be6\u60c5\u56fe_5-150x137.jpg 150w\" sizes=\"auto, (max-width: 790px) 100vw, 790px\" \/> <img loading=\"lazy\" decoding=\"async\" class=\"alignnone size-full wp-image-9161\" src=\"https:\/\/www.yunkuntech.com\/wp-content\/uploads\/2025\/06\/\u8be6\u60c5\u56fe_6-1.jpg\" alt=\"\" width=\"790\" height=\"1491\" srcset=\"https:\/\/www.yunkuntech.com\/wp-content\/uploads\/2025\/06\/\u8be6\u60c5\u56fe_6-1.jpg 790w, https:\/\/www.yunkuntech.com\/wp-content\/uploads\/2025\/06\/\u8be6\u60c5\u56fe_6-1-159x300.jpg 159w, https:\/\/www.yunkuntech.com\/wp-content\/uploads\/2025\/06\/\u8be6\u60c5\u56fe_6-1-424x800.jpg 424w, https:\/\/www.yunkuntech.com\/wp-content\/uploads\/2025\/06\/\u8be6\u60c5\u56fe_6-1-768x1449.jpg 768w, https:\/\/www.yunkuntech.com\/wp-content\/uploads\/2025\/06\/\u8be6\u60c5\u56fe_6-1-6x12.jpg 6w, https:\/\/www.yunkuntech.com\/wp-content\/uploads\/2025\/06\/\u8be6\u60c5\u56fe_6-1-430x812.jpg 430w, https:\/\/www.yunkuntech.com\/wp-content\/uploads\/2025\/06\/\u8be6\u60c5\u56fe_6-1-700x1321.jpg 700w, https:\/\/www.yunkuntech.com\/wp-content\/uploads\/2025\/06\/\u8be6\u60c5\u56fe_6-1-150x283.jpg 150w\" sizes=\"auto, (max-width: 790px) 100vw, 790px\" \/> <img loading=\"lazy\" decoding=\"async\" class=\"alignnone size-full wp-image-9162\" src=\"https:\/\/www.yunkuntech.com\/wp-content\/uploads\/2025\/06\/\u8be6\u60c5\u56fe_7-1.jpg\" alt=\"\" width=\"790\" height=\"1276\" srcset=\"https:\/\/www.yunkuntech.com\/wp-content\/uploads\/2025\/06\/\u8be6\u60c5\u56fe_7-1.jpg 790w, https:\/\/www.yunkuntech.com\/wp-content\/uploads\/2025\/06\/\u8be6\u60c5\u56fe_7-1-186x300.jpg 186w, https:\/\/www.yunkuntech.com\/wp-content\/uploads\/2025\/06\/\u8be6\u60c5\u56fe_7-1-495x800.jpg 495w, https:\/\/www.yunkuntech.com\/wp-content\/uploads\/2025\/06\/\u8be6\u60c5\u56fe_7-1-768x1240.jpg 768w, https:\/\/www.yunkuntech.com\/wp-content\/uploads\/2025\/06\/\u8be6\u60c5\u56fe_7-1-7x12.jpg 7w, https:\/\/www.yunkuntech.com\/wp-content\/uploads\/2025\/06\/\u8be6\u60c5\u56fe_7-1-430x695.jpg 430w, https:\/\/www.yunkuntech.com\/wp-content\/uploads\/2025\/06\/\u8be6\u60c5\u56fe_7-1-700x1131.jpg 700w, https:\/\/www.yunkuntech.com\/wp-content\/uploads\/2025\/06\/\u8be6\u60c5\u56fe_7-1-150x242.jpg 150w\" sizes=\"auto, (max-width: 790px) 100vw, 790px\" \/> <img loading=\"lazy\" decoding=\"async\" class=\"alignnone size-full wp-image-9163\" src=\"https:\/\/www.yunkuntech.com\/wp-content\/uploads\/2025\/06\/\u8be6\u60c5\u56fe_8-1.jpg\" alt=\"\" width=\"790\" height=\"1080\" srcset=\"https:\/\/www.yunkuntech.com\/wp-content\/uploads\/2025\/06\/\u8be6\u60c5\u56fe_8-1.jpg 790w, https:\/\/www.yunkuntech.com\/wp-content\/uploads\/2025\/06\/\u8be6\u60c5\u56fe_8-1-219x300.jpg 219w, https:\/\/www.yunkuntech.com\/wp-content\/uploads\/2025\/06\/\u8be6\u60c5\u56fe_8-1-585x800.jpg 585w, https:\/\/www.yunkuntech.com\/wp-content\/uploads\/2025\/06\/\u8be6\u60c5\u56fe_8-1-768x1050.jpg 768w, https:\/\/www.yunkuntech.com\/wp-content\/uploads\/2025\/06\/\u8be6\u60c5\u56fe_8-1-9x12.jpg 9w, https:\/\/www.yunkuntech.com\/wp-content\/uploads\/2025\/06\/\u8be6\u60c5\u56fe_8-1-430x588.jpg 430w, https:\/\/www.yunkuntech.com\/wp-content\/uploads\/2025\/06\/\u8be6\u60c5\u56fe_8-1-700x957.jpg 700w, https:\/\/www.yunkuntech.com\/wp-content\/uploads\/2025\/06\/\u8be6\u60c5\u56fe_8-1-150x205.jpg 150w\" sizes=\"auto, (max-width: 790px) 100vw, 790px\" \/> <img loading=\"lazy\" decoding=\"async\" class=\"alignnone size-full wp-image-9164\" src=\"https:\/\/www.yunkuntech.com\/wp-content\/uploads\/2025\/06\/\u8be6\u60c5\u56fe_9-2.jpg\" alt=\"\" width=\"790\" height=\"1357\" srcset=\"https:\/\/www.yunkuntech.com\/wp-content\/uploads\/2025\/06\/\u8be6\u60c5\u56fe_9-2.jpg 790w, https:\/\/www.yunkuntech.com\/wp-content\/uploads\/2025\/06\/\u8be6\u60c5\u56fe_9-2-175x300.jpg 175w, https:\/\/www.yunkuntech.com\/wp-content\/uploads\/2025\/06\/\u8be6\u60c5\u56fe_9-2-466x800.jpg 466w, https:\/\/www.yunkuntech.com\/wp-content\/uploads\/2025\/06\/\u8be6\u60c5\u56fe_9-2-768x1319.jpg 768w, https:\/\/www.yunkuntech.com\/wp-content\/uploads\/2025\/06\/\u8be6\u60c5\u56fe_9-2-7x12.jpg 7w, https:\/\/www.yunkuntech.com\/wp-content\/uploads\/2025\/06\/\u8be6\u60c5\u56fe_9-2-430x739.jpg 430w, https:\/\/www.yunkuntech.com\/wp-content\/uploads\/2025\/06\/\u8be6\u60c5\u56fe_9-2-700x1202.jpg 700w, https:\/\/www.yunkuntech.com\/wp-content\/uploads\/2025\/06\/\u8be6\u60c5\u56fe_9-2-150x258.jpg 150w\" sizes=\"auto, (max-width: 790px) 100vw, 790px\" \/> <img loading=\"lazy\" decoding=\"async\" class=\"alignnone size-full wp-image-9165\" src=\"https:\/\/www.yunkuntech.com\/wp-content\/uploads\/2025\/06\/\u8be6\u60c5\u56fe_10-1.jpg\" alt=\"\" width=\"790\" height=\"1169\" srcset=\"https:\/\/www.yunkuntech.com\/wp-content\/uploads\/2025\/06\/\u8be6\u60c5\u56fe_10-1.jpg 790w, https:\/\/www.yunkuntech.com\/wp-content\/uploads\/2025\/06\/\u8be6\u60c5\u56fe_10-1-203x300.jpg 203w, https:\/\/www.yunkuntech.com\/wp-content\/uploads\/2025\/06\/\u8be6\u60c5\u56fe_10-1-541x800.jpg 541w, https:\/\/www.yunkuntech.com\/wp-content\/uploads\/2025\/06\/\u8be6\u60c5\u56fe_10-1-768x1136.jpg 768w, https:\/\/www.yunkuntech.com\/wp-content\/uploads\/2025\/06\/\u8be6\u60c5\u56fe_10-1-8x12.jpg 8w, https:\/\/www.yunkuntech.com\/wp-content\/uploads\/2025\/06\/\u8be6\u60c5\u56fe_10-1-430x636.jpg 430w, https:\/\/www.yunkuntech.com\/wp-content\/uploads\/2025\/06\/\u8be6\u60c5\u56fe_10-1-700x1036.jpg 700w, https:\/\/www.yunkuntech.com\/wp-content\/uploads\/2025\/06\/\u8be6\u60c5\u56fe_10-1-150x222.jpg 150w\" sizes=\"auto, (max-width: 790px) 100vw, 790px\" \/><\/h1>","protected":false},"excerpt":{"rendered":"<p>Suministrado de f\u00e1brica Bladeless aire acondicionado Mini ventilador de cuello ventilador de cuello colgante sin hojas port\u00e1til atributos clave garant\u00eda\uff1a1 a\u00f1o de servicio post-venta proporcionado.<\/p>","protected":false},"featured_media":9162,"comment_status":"closed","ping_status":"closed","template":"","meta":[],"product_cat":[78],"product_tag":[],"class_list":["post-9155","product","type-product","status-publish","has-post-thumbnail","hentry","product_cat-others"],"_links":{"self":[{"href":"https:\/\/www.yunkuntech.com\/es\/wp-json\/wp\/v2\/product\/9155","targetHints":{"allow":["GET"]}}],"collection":[{"href":"https:\/\/www.yunkuntech.com\/es\/wp-json\/wp\/v2\/product"}],"about":[{"href":"https:\/\/www.yunkuntech.com\/es\/wp-json\/wp\/v2\/types\/product"}],"replies":[{"embeddable":true,"href":"https:\/\/www.yunkuntech.com\/es\/wp-json\/wp\/v2\/comments?post=9155"}],"version-history":[{"count":1,"href":"https:\/\/www.yunkuntech.com\/es\/wp-json\/wp\/v2\/product\/9155\/revisions"}],"predecessor-version":[{"id":9166,"href":"https:\/\/www.yunkuntech.com\/es\/wp-json\/wp\/v2\/product\/9155\/revisions\/9166"}],"wp:featuredmedia":[{"embeddable":true,"href":"https:\/\/www.yunkuntech.com\/es\/wp-json\/wp\/v2\/media\/9162"}],"wp:attachment":[{"href":"https:\/\/www.yunkuntech.com\/es\/wp-json\/wp\/v2\/media?parent=9155"}],"wp:term":[{"taxonomy":"product_cat","embeddable":true,"href":"https:\/\/www.yunkuntech.com\/es\/wp-json\/wp\/v2\/product_cat?post=9155"},{"taxonomy":"product_tag","embeddable":true,"href":"https:\/\/www.yunkuntech.com\/es\/wp-json\/wp\/v2\/product_tag?post=9155"}],"curies":[{"name":"wp","href":"https:\/\/api.w.org\/{rel}","templated":true}]}}