{"id":9119,"date":"2025-06-02T18:40:21","date_gmt":"2025-06-02T10:40:21","guid":{"rendered":"https:\/\/www.yunkuntech.com\/?post_type=product&#038;p=9119"},"modified":"2025-06-02T18:40:38","modified_gmt":"2025-06-02T10:40:38","slug":"pd22-5w-super-fast-charger-output-port-portable-led-lights-wooden-solar-power-bank-20000mah-bamboo-solar-power-bank","status":"publish","type":"product","link":"https:\/\/www.yunkuntech.com\/es\/product\/pd22-5w-super-fast-charger-output-port-portable-led-lights-wooden-solar-power-bank-20000mah-bamboo-solar-power-bank\/","title":{"rendered":"PD22.5W Super Cargador R\u00e1pido Puerto de Salida Luces Led Port\u00e1til Banco de Energ\u00eda Solar de Madera 20000mAh Banco de Energ\u00eda Solar de Bamb\u00fa"},"content":{"rendered":"<h1 title=\"PD22.5W Super Cargador R\u00e1pido Puerto de Salida Luces Led Port\u00e1til Banco de Energ\u00eda Solar de Madera 20000mAh Banco de Energ\u00eda Solar de Bamb\u00fa\" data-spm-anchor-id=\"a2700.details.0.i78.68c955f7Ct7KqN\">PD22.5W Super Cargador R\u00e1pido Puerto de Salida Luces Led Port\u00e1til Banco de Energ\u00eda Solar de Madera 20000mAh Banco de Energ\u00eda Solar de Bamb\u00fa<\/h1>\n<h2 id=\"key-attributes\" class=\"id-text-xl id-font-bold\" data-spm-anchor-id=\"a2700.details.0.i79.68c955f7Ct7KqN\">Atributos clave<\/h2>\n<div class=\"\">\n<div class=\"\">\n<div class=\"id-grid id-grid-cols-2 id-border-[0.5px] id-border-[#ddd] id-mt-3\">\n<div class=\"id-grid id-max-h-[68px] id-overflow-hidden id-grid-cols-[2fr_3fr] id-border-b-[0.5px] id-border-[#ddd]\">\n<div class=\"id-text-sm id-p-4 id-bg-[#f8f8f8] id-flex id-items-center\" title=\"funci\u00f3n\">\n<div class=\"id-line-clamp-2 id-leading-[18px]\">function\uff1aSoporte de carga r\u00e1pida, carga de paneles solares, soporte de carga solar.<\/div>\n<\/div>\n<\/div>\n<div class=\"id-grid id-max-h-[68px] id-overflow-hidden id-grid-cols-[2fr_3fr] id-border-b-[0.5px] id-border-[#ddd]\">\n<div class=\"id-text-sm id-p-4 id-bg-[#f8f8f8] id-flex id-items-center\" title=\"interfaz de salida\">\n<div class=\"id-line-clamp-2 id-leading-[18px]\">interfaz de salida\uff1aDoble Usb<\/div>\n<\/div>\n<\/div>\n<div class=\"id-grid id-max-h-[68px] id-overflow-hidden id-grid-cols-[2fr_3fr] id-border-b-[0.5px] id-border-[#ddd]\">\n<div class=\"id-text-sm id-p-4 id-bg-[#f8f8f8] id-flex id-items-center\" title=\"potencia de salida\">\n<div class=\"id-line-clamp-2 id-leading-[18px]\">potencia de salida\uff1a 25W<\/div>\n<\/div>\n<\/div>\n<div class=\"id-grid id-max-h-[68px] id-overflow-hidden id-grid-cols-[2fr_3fr] id-border-b-[0.5px] id-border-[#ddd]\">\n<div class=\"id-text-sm id-p-4 id-bg-[#f8f8f8] id-flex id-items-center\" title=\"material\">\n<div class=\"id-line-clamp-2 id-leading-[18px]\">material\uff1aMadera<\/div>\n<\/div>\n<\/div>\n<div class=\"id-grid id-max-h-[68px] id-overflow-hidden id-grid-cols-[2fr_3fr] id-border-b-[0.5px] id-border-[#ddd]\">\n<div class=\"id-text-sm id-p-4 id-bg-[#f8f8f8] id-flex id-items-center\" title=\"interfaz de entrada\">\n<div class=\"id-line-clamp-2 id-leading-[18px]\">interfaz de entrada\uff1aTYPE-C<\/div>\n<\/div>\n<\/div>\n<div class=\"id-grid id-max-h-[68px] id-overflow-hidden id-grid-cols-[2fr_3fr] id-border-b-[0.5px] id-border-[#ddd]\">\n<div class=\"id-text-sm id-p-4 id-bg-[#f8f8f8] id-flex id-items-center\" title=\"enchufe est\u00e1ndar\">\n<div class=\"id-line-clamp-2 id-leading-[18px]\">enchufe est\u00e1ndar\uff1a Universal<\/div>\n<\/div>\n<\/div>\n<div class=\"id-grid id-max-h-[68px] id-overflow-hidden id-grid-cols-[2fr_3fr] id-border-b-[0.5px] id-border-[#ddd]\">\n<div class=\"id-text-sm id-p-4 id-bg-[#f8f8f8] id-flex id-items-center\" title=\"tipo de bater\u00eda\">\n<div class=\"id-line-clamp-2 id-leading-[18px]\">Tipo de bater\u00eda\uff1aBater\u00eda de Li-Pol\u00edmero<\/div>\n<\/div>\n<\/div>\n<div class=\"id-grid id-max-h-[68px] id-overflow-hidden id-grid-cols-[2fr_3fr] id-border-b-[0.5px] id-border-[#ddd]\">\n<div class=\"id-text-sm id-p-4 id-bg-[#f8f8f8] id-flex id-items-center\" title=\"tipo\">\n<div class=\"id-line-clamp-2 id-leading-[18px]\">type\uff1aUltra delgado, carga r\u00e1pida, alta capacidad, port\u00e1til, pantalla LED, banco de energ\u00eda con cargador r\u00e1pido 2 en 1, estaci\u00f3n de energ\u00eda port\u00e1til.<\/div>\n<\/div>\n<\/div>\n<div class=\"id-grid id-max-h-[68px] id-overflow-hidden id-grid-cols-[2fr_3fr] id-border-b-[0.5px] id-border-[#ddd]\">\n<div class=\"id-text-sm id-p-4 id-bg-[#f8f8f8] id-flex id-items-center\" title=\"lugar de origen\">\n<div class=\"id-line-clamp-2 id-leading-[18px]\">Lugar de origen\uff1a Guangdong, China.<\/div>\n<\/div>\n<\/div>\n<div class=\"id-grid id-max-h-[68px] id-overflow-hidden id-grid-cols-[2fr_3fr] id-border-b-[0.5px] id-border-[#ddd]\">\n<div class=\"id-text-sm id-p-4 id-bg-[#f8f8f8] id-flex id-items-center\" title=\"marca\">\n<div class=\"id-line-clamp-2 id-leading-[18px]\">marca\uff1a OEM\/ODM<\/div>\n<\/div>\n<\/div>\n<div class=\"id-grid id-max-h-[68px] id-overflow-hidden id-grid-cols-[2fr_3fr] id-border-b-[0.5px] id-border-[#ddd]\">\n<div class=\"id-text-sm id-p-4 id-bg-[#f8f8f8] id-flex id-items-center\" title=\"peso\">\n<div class=\"id-line-clamp-2 id-leading-[18px]\">peso\uff1a 0,66<\/div>\n<\/div>\n<\/div>\n<div class=\"id-grid id-max-h-[68px] id-overflow-hidden id-grid-cols-[2fr_3fr] id-border-b-[0.5px] id-border-[#ddd]\">\n<div class=\"id-text-sm id-p-4 id-bg-[#f8f8f8] id-flex id-items-center\" title=\"protecci\u00f3n\">\n<div class=\"id-line-clamp-2 id-leading-[18px]\">protecci\u00f3n\uff1a Sobredescarga, Protecci\u00f3n contra cortocircuitos, Sobrecarga, Baja tensi\u00f3n<\/div>\n<\/div>\n<\/div>\n<div class=\"id-grid id-max-h-[68px] id-overflow-hidden id-grid-cols-[2fr_3fr] id-border-b-[0.5px] id-border-[#ddd]\">\n<div class=\"id-text-sm id-p-4 id-bg-[#f8f8f8] id-flex id-items-center\" title=\"Nombre del producto\">\n<div class=\"id-line-clamp-2 id-leading-[18px]\">Nombre del producto\uff1aBanco de energ\u00eda solar port\u00e1til de alta capacidad.<\/div>\n<\/div>\n<\/div>\n<div class=\"id-grid id-max-h-[68px] id-overflow-hidden id-grid-cols-[2fr_3fr] id-border-b-[0.5px] id-border-[#ddd]\">\n<div class=\"id-text-sm id-p-4 id-bg-[#f8f8f8] id-flex id-items-center\" title=\"Funci\u00f3n\">\n<div class=\"id-line-clamp-2 id-leading-[18px]\">Funci\u00f3n\uff1aPuerto de salida de carga superr\u00e1pida.<\/div>\n<\/div>\n<\/div>\n<div class=\"id-grid id-max-h-[68px] id-overflow-hidden id-grid-cols-[2fr_3fr] id-border-b-[0.5px] id-border-[#ddd]\">\n<div class=\"id-text-sm id-p-4 id-bg-[#f8f8f8] id-flex id-items-center\" title=\"Palabras clave\">\n<div class=\"id-line-clamp-2 id-leading-[18px]\">Palabras clave\uff1aBanco de alimentaci\u00f3n Cargador de bater\u00eda externo<\/div>\n<\/div>\n<\/div>\n<div class=\"id-grid id-max-h-[68px] id-overflow-hidden id-grid-cols-[2fr_3fr] id-border-b-[0.5px] id-border-[#ddd]\">\n<div class=\"id-text-sm id-p-4 id-bg-[#f8f8f8] id-flex id-items-center\" title=\"Capacidad\">\n<div class=\"id-line-clamp-2 id-leading-[18px]\">Capacidad\uff1a20000 Mah<\/div>\n<\/div>\n<\/div>\n<div class=\"id-grid id-max-h-[68px] id-overflow-hidden id-grid-cols-[2fr_3fr] id-border-b-[0.5px] id-border-[#ddd]\">\n<div class=\"id-text-sm id-p-4 id-bg-[#f8f8f8] id-flex id-items-center\" title=\"Entrada\">\n<div class=\"id-line-clamp-2 id-leading-[18px]\">Entrada\uff1a 5V\/2,0A<\/div>\n<\/div>\n<\/div>\n<div class=\"id-grid id-max-h-[68px] id-overflow-hidden id-grid-cols-[2fr_3fr] id-border-b-[0.5px] id-border-[#ddd]\">\n<div class=\"id-text-sm id-p-4 id-bg-[#f8f8f8] id-flex id-items-center\" title=\"Salida\">\n<div class=\"id-line-clamp-2 id-leading-[18px]\">Salida\uff1a5V2.0A<\/div>\n<\/div>\n<\/div>\n<div class=\"id-grid id-max-h-[68px] id-overflow-hidden id-grid-cols-[2fr_3fr] id-border-b-[0.5px] id-border-[#ddd]\">\n<div class=\"id-text-sm id-p-4 id-bg-[#f8f8f8] id-flex id-items-center\" title=\"Energ\u00eda solar\">\n<div class=\"id-line-clamp-2 id-leading-[18px]\">Potencia del panel solar\uff1a 2 vatios<\/div>\n<\/div>\n<\/div>\n<div class=\"id-grid id-max-h-[68px] id-overflow-hidden id-grid-cols-[2fr_3fr] id-border-b-[0.5px] id-border-[#ddd]\">\n<div class=\"id-text-sm id-p-4 id-bg-[#f8f8f8] id-flex id-items-center\" title=\"Paquete\">\n<div class=\"id-line-clamp-2 id-leading-[18px]\">Paquete\uff1aCaja de color<\/div>\n<\/div>\n<\/div>\n<div class=\"id-grid id-max-h-[68px] id-overflow-hidden id-grid-cols-[2fr_3fr]\">\n<div class=\"id-text-sm id-p-4 id-bg-[#f8f8f8] id-flex id-items-center\" title=\"Estilo\">\n<div class=\"id-line-clamp-2 id-leading-[18px]\">Estilo\uff1aPopular<\/div>\n<\/div>\n<\/div>\n<div class=\"id-grid id-max-h-[68px] id-overflow-hidden id-grid-cols-[2fr_3fr]\">\n<div class=\"id-text-sm id-p-4 id-bg-[#f8f8f8] id-flex id-items-center\" title=\"Ventaja\"><\/div>\n<div class=\"id-text-sm id-font-medium id-p-4 id-flex id-items-center id-flex-wrap\" title=\"Nuevo producto\">\n<div class=\"id-line-clamp-2 id-leading-[18px]\"><\/div>\n<\/div>\n<\/div>\n<\/div>\n<\/div>\n<div class=\"\">\n<h3 class=\"id-text-base id-font-bold id-mt-5\">Embalaje y entrega<\/h3>\n<div class=\"id-grid id-grid-cols-2 id-border-[0.5px] id-border-[#ddd] id-mt-3\">\n<div class=\"id-grid id-max-h-[68px] id-overflow-hidden id-grid-cols-[2fr_3fr] id-border-b-[0.5px] id-border-[#ddd]\">\n<div class=\"id-text-sm id-p-4 id-bg-[#f8f8f8] id-flex id-items-center\" title=\"Detalles del embalaje\">\n<div class=\"id-line-clamp-2 id-leading-[18px]\">Detalles del envase\uff1aEnvase neutro<\/div>\n<\/div>\n<\/div>\n<div class=\"id-grid id-max-h-[68px] id-overflow-hidden id-grid-cols-[2fr_3fr] id-border-b-[0.5px] id-border-[#ddd]\">\n<div class=\"id-text-sm id-p-4 id-bg-[#f8f8f8] id-flex id-items-center\" title=\"Puerto de expedici\u00f3n\">\n<div class=\"id-line-clamp-2 id-leading-[18px]\">Puerto de expedici\u00f3n\uff1a Shenzhen<\/div>\n<\/div>\n<\/div>\n<div class=\"id-grid id-max-h-[68px] id-overflow-hidden id-grid-cols-[2fr_3fr] id-border-b-[0.5px] id-border-[#ddd]\">\n<div class=\"id-text-sm id-p-4 id-bg-[#f8f8f8] id-flex id-items-center\" title=\"Unidades de venta\">\n<div class=\"id-line-clamp-2 id-leading-[18px]\">Unidades de venta\uff1aUn solo art\u00edculo<\/div>\n<\/div>\n<\/div>\n<div class=\"id-grid id-max-h-[68px] id-overflow-hidden id-grid-cols-[2fr_3fr] id-border-b-[0.5px] id-border-[#ddd]\">\n<div class=\"id-text-sm id-p-4 id-bg-[#f8f8f8] id-flex id-items-center\" title=\"Tama\u00f1o de envase individual\">\n<div class=\"id-line-clamp-2 id-leading-[18px]\">Tama\u00f1o del envase individual\uff1a14X15X4 cm<\/div>\n<\/div>\n<\/div>\n<div class=\"id-grid id-max-h-[68px] id-overflow-hidden id-grid-cols-[2fr_3fr]\">\n<div class=\"id-text-sm id-p-4 id-bg-[#f8f8f8] id-flex id-items-center\" title=\"Peso bruto \u00fanico\">\n<div class=\"id-line-clamp-2 id-leading-[18px]\">Peso bruto individual\uff1a0.680 KG<\/div>\n<\/div>\n<div><img loading=\"lazy\" decoding=\"async\" class=\"alignnone size-full wp-image-9121\" src=\"https:\/\/www.yunkuntech.com\/wp-content\/uploads\/2025\/06\/34.jpg\" alt=\"\" width=\"800\" height=\"800\" srcset=\"https:\/\/www.yunkuntech.com\/wp-content\/uploads\/2025\/06\/34.jpg 800w, https:\/\/www.yunkuntech.com\/wp-content\/uploads\/2025\/06\/34-300x300.jpg 300w, https:\/\/www.yunkuntech.com\/wp-content\/uploads\/2025\/06\/34-150x150.jpg 150w, https:\/\/www.yunkuntech.com\/wp-content\/uploads\/2025\/06\/34-768x768.jpg 768w, https:\/\/www.yunkuntech.com\/wp-content\/uploads\/2025\/06\/34-12x12.jpg 12w, https:\/\/www.yunkuntech.com\/wp-content\/uploads\/2025\/06\/34-430x430.jpg 430w, https:\/\/www.yunkuntech.com\/wp-content\/uploads\/2025\/06\/34-700x700.jpg 700w\" sizes=\"auto, (max-width: 800px) 100vw, 800px\" \/> <img loading=\"lazy\" decoding=\"async\" class=\"alignnone size-full wp-image-9123\" src=\"https:\/\/www.yunkuntech.com\/wp-content\/uploads\/2025\/06\/\u4e3b\u56fe_1.jpg\" alt=\"\" width=\"750\" height=\"750\" srcset=\"https:\/\/www.yunkuntech.com\/wp-content\/uploads\/2025\/06\/\u4e3b\u56fe_1.jpg 750w, https:\/\/www.yunkuntech.com\/wp-content\/uploads\/2025\/06\/\u4e3b\u56fe_1-300x300.jpg 300w, https:\/\/www.yunkuntech.com\/wp-content\/uploads\/2025\/06\/\u4e3b\u56fe_1-150x150.jpg 150w, https:\/\/www.yunkuntech.com\/wp-content\/uploads\/2025\/06\/\u4e3b\u56fe_1-12x12.jpg 12w, https:\/\/www.yunkuntech.com\/wp-content\/uploads\/2025\/06\/\u4e3b\u56fe_1-430x430.jpg 430w, https:\/\/www.yunkuntech.com\/wp-content\/uploads\/2025\/06\/\u4e3b\u56fe_1-700x700.jpg 700w\" sizes=\"auto, (max-width: 750px) 100vw, 750px\" \/> \u00a0<img loading=\"lazy\" decoding=\"async\" class=\"alignnone size-full wp-image-9125\" src=\"https:\/\/www.yunkuntech.com\/wp-content\/uploads\/2025\/06\/\u4e3b\u56fe_3-1.jpg\" alt=\"\" width=\"790\" height=\"1062\" srcset=\"https:\/\/www.yunkuntech.com\/wp-content\/uploads\/2025\/06\/\u4e3b\u56fe_3-1.jpg 790w, https:\/\/www.yunkuntech.com\/wp-content\/uploads\/2025\/06\/\u4e3b\u56fe_3-1-223x300.jpg 223w, https:\/\/www.yunkuntech.com\/wp-content\/uploads\/2025\/06\/\u4e3b\u56fe_3-1-595x800.jpg 595w, https:\/\/www.yunkuntech.com\/wp-content\/uploads\/2025\/06\/\u4e3b\u56fe_3-1-768x1032.jpg 768w, https:\/\/www.yunkuntech.com\/wp-content\/uploads\/2025\/06\/\u4e3b\u56fe_3-1-9x12.jpg 9w, https:\/\/www.yunkuntech.com\/wp-content\/uploads\/2025\/06\/\u4e3b\u56fe_3-1-430x578.jpg 430w, https:\/\/www.yunkuntech.com\/wp-content\/uploads\/2025\/06\/\u4e3b\u56fe_3-1-700x941.jpg 700w, https:\/\/www.yunkuntech.com\/wp-content\/uploads\/2025\/06\/\u4e3b\u56fe_3-1-150x202.jpg 150w\" sizes=\"auto, (max-width: 790px) 100vw, 790px\" \/> <img loading=\"lazy\" decoding=\"async\" class=\"alignnone size-full wp-image-9126\" src=\"https:\/\/www.yunkuntech.com\/wp-content\/uploads\/2025\/06\/\u4e3b\u56fe_4.jpg\" alt=\"\" width=\"790\" height=\"1062\" srcset=\"https:\/\/www.yunkuntech.com\/wp-content\/uploads\/2025\/06\/\u4e3b\u56fe_4.jpg 790w, https:\/\/www.yunkuntech.com\/wp-content\/uploads\/2025\/06\/\u4e3b\u56fe_4-223x300.jpg 223w, https:\/\/www.yunkuntech.com\/wp-content\/uploads\/2025\/06\/\u4e3b\u56fe_4-595x800.jpg 595w, https:\/\/www.yunkuntech.com\/wp-content\/uploads\/2025\/06\/\u4e3b\u56fe_4-768x1032.jpg 768w, https:\/\/www.yunkuntech.com\/wp-content\/uploads\/2025\/06\/\u4e3b\u56fe_4-9x12.jpg 9w, https:\/\/www.yunkuntech.com\/wp-content\/uploads\/2025\/06\/\u4e3b\u56fe_4-430x578.jpg 430w, https:\/\/www.yunkuntech.com\/wp-content\/uploads\/2025\/06\/\u4e3b\u56fe_4-700x941.jpg 700w, https:\/\/www.yunkuntech.com\/wp-content\/uploads\/2025\/06\/\u4e3b\u56fe_4-150x202.jpg 150w\" sizes=\"auto, (max-width: 790px) 100vw, 790px\" \/> <img loading=\"lazy\" decoding=\"async\" class=\"alignnone size-full wp-image-9127\" src=\"https:\/\/www.yunkuntech.com\/wp-content\/uploads\/2025\/06\/\u4e3b\u56fe_5-1.jpg\" alt=\"\" width=\"790\" height=\"1062\" srcset=\"https:\/\/www.yunkuntech.com\/wp-content\/uploads\/2025\/06\/\u4e3b\u56fe_5-1.jpg 790w, https:\/\/www.yunkuntech.com\/wp-content\/uploads\/2025\/06\/\u4e3b\u56fe_5-1-223x300.jpg 223w, https:\/\/www.yunkuntech.com\/wp-content\/uploads\/2025\/06\/\u4e3b\u56fe_5-1-595x800.jpg 595w, https:\/\/www.yunkuntech.com\/wp-content\/uploads\/2025\/06\/\u4e3b\u56fe_5-1-768x1032.jpg 768w, https:\/\/www.yunkuntech.com\/wp-content\/uploads\/2025\/06\/\u4e3b\u56fe_5-1-9x12.jpg 9w, https:\/\/www.yunkuntech.com\/wp-content\/uploads\/2025\/06\/\u4e3b\u56fe_5-1-430x578.jpg 430w, https:\/\/www.yunkuntech.com\/wp-content\/uploads\/2025\/06\/\u4e3b\u56fe_5-1-700x941.jpg 700w, https:\/\/www.yunkuntech.com\/wp-content\/uploads\/2025\/06\/\u4e3b\u56fe_5-1-150x202.jpg 150w\" sizes=\"auto, (max-width: 790px) 100vw, 790px\" \/> <img loading=\"lazy\" decoding=\"async\" class=\"alignnone size-full wp-image-9128\" src=\"https:\/\/www.yunkuntech.com\/wp-content\/uploads\/2025\/06\/\u4e3b\u56fe_6.jpg\" alt=\"\" width=\"790\" height=\"1062\" srcset=\"https:\/\/www.yunkuntech.com\/wp-content\/uploads\/2025\/06\/\u4e3b\u56fe_6.jpg 790w, https:\/\/www.yunkuntech.com\/wp-content\/uploads\/2025\/06\/\u4e3b\u56fe_6-223x300.jpg 223w, https:\/\/www.yunkuntech.com\/wp-content\/uploads\/2025\/06\/\u4e3b\u56fe_6-595x800.jpg 595w, https:\/\/www.yunkuntech.com\/wp-content\/uploads\/2025\/06\/\u4e3b\u56fe_6-768x1032.jpg 768w, https:\/\/www.yunkuntech.com\/wp-content\/uploads\/2025\/06\/\u4e3b\u56fe_6-9x12.jpg 9w, https:\/\/www.yunkuntech.com\/wp-content\/uploads\/2025\/06\/\u4e3b\u56fe_6-430x578.jpg 430w, https:\/\/www.yunkuntech.com\/wp-content\/uploads\/2025\/06\/\u4e3b\u56fe_6-700x941.jpg 700w, https:\/\/www.yunkuntech.com\/wp-content\/uploads\/2025\/06\/\u4e3b\u56fe_6-150x202.jpg 150w\" sizes=\"auto, (max-width: 790px) 100vw, 790px\" \/><\/div>\n<\/div>\n<\/div>\n<\/div>\n<div class=\"\"><\/div>\n<\/div>","protected":false},"excerpt":{"rendered":"<p>PD22.5W Super Cargador R\u00e1pido Puerto de Salida Portable Led Luces Madera Banco de Energ\u00eda Solar 20000mAh Bamb\u00fa Banco de Energ\u00eda Solar Atributos clave<\/p>","protected":false},"featured_media":9123,"comment_status":"closed","ping_status":"closed","template":"","meta":[],"product_cat":[73],"product_tag":[],"class_list":["post-9119","product","type-product","status-publish","has-post-thumbnail","hentry","product_cat-outdoor-mobile-power-supply"],"_links":{"self":[{"href":"https:\/\/www.yunkuntech.com\/es\/wp-json\/wp\/v2\/product\/9119","targetHints":{"allow":["GET"]}}],"collection":[{"href":"https:\/\/www.yunkuntech.com\/es\/wp-json\/wp\/v2\/product"}],"about":[{"href":"https:\/\/www.yunkuntech.com\/es\/wp-json\/wp\/v2\/types\/product"}],"replies":[{"embeddable":true,"href":"https:\/\/www.yunkuntech.com\/es\/wp-json\/wp\/v2\/comments?post=9119"}],"version-history":[{"count":1,"href":"https:\/\/www.yunkuntech.com\/es\/wp-json\/wp\/v2\/product\/9119\/revisions"}],"predecessor-version":[{"id":9129,"href":"https:\/\/www.yunkuntech.com\/es\/wp-json\/wp\/v2\/product\/9119\/revisions\/9129"}],"wp:featuredmedia":[{"embeddable":true,"href":"https:\/\/www.yunkuntech.com\/es\/wp-json\/wp\/v2\/media\/9123"}],"wp:attachment":[{"href":"https:\/\/www.yunkuntech.com\/es\/wp-json\/wp\/v2\/media?parent=9119"}],"wp:term":[{"taxonomy":"product_cat","embeddable":true,"href":"https:\/\/www.yunkuntech.com\/es\/wp-json\/wp\/v2\/product_cat?post=9119"},{"taxonomy":"product_tag","embeddable":true,"href":"https:\/\/www.yunkuntech.com\/es\/wp-json\/wp\/v2\/product_tag?post=9119"}],"curies":[{"name":"wp","href":"https:\/\/api.w.org\/{rel}","templated":true}]}}