{"id":9053,"date":"2025-05-14T15:45:34","date_gmt":"2025-05-14T07:45:34","guid":{"rendered":"https:\/\/www.yunkuntech.com\/?post_type=product&#038;p=9053"},"modified":"2025-05-14T15:46:03","modified_gmt":"2025-05-14T07:46:03","slug":"oem-waterproof-metal-silver-usb-flash-drive","status":"publish","type":"product","link":"https:\/\/www.yunkuntech.com\/es\/product\/oem-waterproof-metal-silver-usb-flash-drive\/","title":{"rendered":"OEM Impermeable Metal Plata Usb Flash Drive\u00a0"},"content":{"rendered":"<h1 title=\"OEM Impermeable Metal Plata Usb Flash Drive Pen Drive Disco de Memoria 4GB 8GB 16GB 32GB Pendrive con Llavero U Disk Bolsa de Negocios\" data-spm-anchor-id=\"a2700.details.0.i0.3ebd2252L7ZlKW\">OEM Impermeable Metal Plata Usb Flash Drive<\/h1>\n<h2 id=\"key-attributes\" class=\"att-title\" data-spm-anchor-id=\"a2700.details.0.i78.502c1f09U2YlfU\">Atributos clave<\/h2>\n<div class=\"attribute-info\">\n<h3>Atributos espec\u00edficos del sector<\/h3>\n<div class=\"attribute-list\">\n<div class=\"attribute-item\">\n<div class=\"left\">material: Pl\u00e1stico<\/div>\n<\/div>\n<div class=\"attribute-item\">\n<div class=\"left\">Tipo de interfaz: USB 2.0<\/div>\n<\/div>\n<\/div>\n<h3>Otros atributos<\/h3>\n<div class=\"attribute-list\">\n<div class=\"attribute-item\">\n<div class=\"left\">garant\u00eda(a\u00f1o): 5 a\u00f1os<\/div>\n<\/div>\n<div class=\"attribute-item\">\n<div class=\"left\">Lugar de origen: Guangdong, China<\/div>\n<\/div>\n<div class=\"attribute-item\">\n<div class=\"left\">marca: Soporte personalizado su logotipo<\/div>\n<\/div>\n<div class=\"attribute-item\">\n<div class=\"left\">Certificaci\u00f3n: CE\/RoHS<\/div>\n<\/div>\n<div class=\"attribute-item\">\n<div class=\"left\">Capacity: 128MB\/256MB\/512MB\/1GB\/2GB\/4GB\/8GB\/16GB\/32GB\/64GB\/128GB<\/div>\n<\/div>\n<div class=\"attribute-item\">\n<div class=\"left\">Logotipo: Impresi\u00f3n HD\/Impresi\u00f3n UV\/L\u00e1ser\/Serigraf\u00eda<\/div>\n<\/div>\n<div class=\"attribute-item\">\n<div class=\"left\">Tipo: unidad flash usb giratoria<\/div>\n<\/div>\n<div class=\"attribute-item\">\n<div class=\"left\">Embalaje: Bolsa de pl\u00e1stico\/caja de regalo\/caja de PP\/caja de papel<\/div>\n<\/div>\n<div class=\"attribute-item\">\n<div class=\"left\">Color: Color PMS<\/div>\n<\/div>\n<div class=\"attribute-item\">\n<div class=\"left\">H2: Aprobado<\/div>\n<\/div>\n<div class=\"attribute-item\">\n<div class=\"left\">Cantidad m\u00ednima: 50 unidades<\/div>\n<\/div>\n<div class=\"attribute-item\">\n<div class=\"left\">Peso: 16 g<\/div>\n<\/div>\n<\/div>\n<h3>Embalaje y entrega<\/h3>\n<div class=\"attribute-list\">\n<div class=\"attribute-item\">\n<div class=\"left\">Unidades de venta: Art\u00edculo individual<\/div>\n<\/div>\n<div class=\"attribute-item\">\n<div class=\"left\">Tama\u00f1o del envase individual:5X3X3 cm<\/div>\n<\/div>\n<div class=\"attribute-item\">\n<div class=\"left\">Peso bruto individual: 0,030 kg<\/div>\n<div><img loading=\"lazy\" decoding=\"async\" class=\"alignnone size-full wp-image-9054\" src=\"https:\/\/www.yunkuntech.com\/wp-content\/uploads\/2025\/05\/\u8be6\u60c5\u56fe_8.png\" alt=\"\" width=\"433\" height=\"626\" srcset=\"https:\/\/www.yunkuntech.com\/wp-content\/uploads\/2025\/05\/\u8be6\u60c5\u56fe_8.png 433w, https:\/\/www.yunkuntech.com\/wp-content\/uploads\/2025\/05\/\u8be6\u60c5\u56fe_8-208x300.png 208w, https:\/\/www.yunkuntech.com\/wp-content\/uploads\/2025\/05\/\u8be6\u60c5\u56fe_8-8x12.png 8w, https:\/\/www.yunkuntech.com\/wp-content\/uploads\/2025\/05\/\u8be6\u60c5\u56fe_8-430x622.png 430w, https:\/\/www.yunkuntech.com\/wp-content\/uploads\/2025\/05\/\u8be6\u60c5\u56fe_8-150x217.png 150w\" sizes=\"auto, (max-width: 433px) 100vw, 433px\" \/> <img loading=\"lazy\" decoding=\"async\" class=\"alignnone size-full wp-image-9055\" src=\"https:\/\/www.yunkuntech.com\/wp-content\/uploads\/2025\/05\/\u8be6\u60c5\u56fe_9-1.jpg\" alt=\"\" width=\"1000\" height=\"1000\" srcset=\"https:\/\/www.yunkuntech.com\/wp-content\/uploads\/2025\/05\/\u8be6\u60c5\u56fe_9-1.jpg 1000w, https:\/\/www.yunkuntech.com\/wp-content\/uploads\/2025\/05\/\u8be6\u60c5\u56fe_9-1-300x300.jpg 300w, https:\/\/www.yunkuntech.com\/wp-content\/uploads\/2025\/05\/\u8be6\u60c5\u56fe_9-1-800x800.jpg 800w, https:\/\/www.yunkuntech.com\/wp-content\/uploads\/2025\/05\/\u8be6\u60c5\u56fe_9-1-150x150.jpg 150w, https:\/\/www.yunkuntech.com\/wp-content\/uploads\/2025\/05\/\u8be6\u60c5\u56fe_9-1-768x768.jpg 768w, https:\/\/www.yunkuntech.com\/wp-content\/uploads\/2025\/05\/\u8be6\u60c5\u56fe_9-1-12x12.jpg 12w, https:\/\/www.yunkuntech.com\/wp-content\/uploads\/2025\/05\/\u8be6\u60c5\u56fe_9-1-860x860.jpg 860w, https:\/\/www.yunkuntech.com\/wp-content\/uploads\/2025\/05\/\u8be6\u60c5\u56fe_9-1-430x430.jpg 430w, https:\/\/www.yunkuntech.com\/wp-content\/uploads\/2025\/05\/\u8be6\u60c5\u56fe_9-1-700x700.jpg 700w\" sizes=\"auto, (max-width: 1000px) 100vw, 1000px\" \/> <img loading=\"lazy\" decoding=\"async\" class=\"alignnone size-full wp-image-9056\" src=\"https:\/\/www.yunkuntech.com\/wp-content\/uploads\/2025\/05\/\u8be6\u60c5\u56fe_10.jpg\" alt=\"\" width=\"1000\" height=\"1000\" srcset=\"https:\/\/www.yunkuntech.com\/wp-content\/uploads\/2025\/05\/\u8be6\u60c5\u56fe_10.jpg 1000w, https:\/\/www.yunkuntech.com\/wp-content\/uploads\/2025\/05\/\u8be6\u60c5\u56fe_10-300x300.jpg 300w, https:\/\/www.yunkuntech.com\/wp-content\/uploads\/2025\/05\/\u8be6\u60c5\u56fe_10-800x800.jpg 800w, https:\/\/www.yunkuntech.com\/wp-content\/uploads\/2025\/05\/\u8be6\u60c5\u56fe_10-150x150.jpg 150w, https:\/\/www.yunkuntech.com\/wp-content\/uploads\/2025\/05\/\u8be6\u60c5\u56fe_10-768x768.jpg 768w, https:\/\/www.yunkuntech.com\/wp-content\/uploads\/2025\/05\/\u8be6\u60c5\u56fe_10-12x12.jpg 12w, https:\/\/www.yunkuntech.com\/wp-content\/uploads\/2025\/05\/\u8be6\u60c5\u56fe_10-860x860.jpg 860w, https:\/\/www.yunkuntech.com\/wp-content\/uploads\/2025\/05\/\u8be6\u60c5\u56fe_10-430x430.jpg 430w, https:\/\/www.yunkuntech.com\/wp-content\/uploads\/2025\/05\/\u8be6\u60c5\u56fe_10-700x700.jpg 700w\" sizes=\"auto, (max-width: 1000px) 100vw, 1000px\" \/> <img loading=\"lazy\" decoding=\"async\" class=\"alignnone size-full wp-image-9057\" src=\"https:\/\/www.yunkuntech.com\/wp-content\/uploads\/2025\/05\/\u8be6\u60c5\u56fe_11-1.jpg\" alt=\"\" width=\"640\" height=\"640\" srcset=\"https:\/\/www.yunkuntech.com\/wp-content\/uploads\/2025\/05\/\u8be6\u60c5\u56fe_11-1.jpg 640w, https:\/\/www.yunkuntech.com\/wp-content\/uploads\/2025\/05\/\u8be6\u60c5\u56fe_11-1-300x300.jpg 300w, https:\/\/www.yunkuntech.com\/wp-content\/uploads\/2025\/05\/\u8be6\u60c5\u56fe_11-1-150x150.jpg 150w, https:\/\/www.yunkuntech.com\/wp-content\/uploads\/2025\/05\/\u8be6\u60c5\u56fe_11-1-12x12.jpg 12w, https:\/\/www.yunkuntech.com\/wp-content\/uploads\/2025\/05\/\u8be6\u60c5\u56fe_11-1-430x430.jpg 430w\" sizes=\"auto, (max-width: 640px) 100vw, 640px\" \/> <img loading=\"lazy\" decoding=\"async\" class=\"alignnone size-full wp-image-9058\" src=\"https:\/\/www.yunkuntech.com\/wp-content\/uploads\/2025\/05\/\u8be6\u60c5\u56fe_15.jpg\" alt=\"\" width=\"756\" height=\"618\" srcset=\"https:\/\/www.yunkuntech.com\/wp-content\/uploads\/2025\/05\/\u8be6\u60c5\u56fe_15.jpg 756w, https:\/\/www.yunkuntech.com\/wp-content\/uploads\/2025\/05\/\u8be6\u60c5\u56fe_15-367x300.jpg 367w, https:\/\/www.yunkuntech.com\/wp-content\/uploads\/2025\/05\/\u8be6\u60c5\u56fe_15-15x12.jpg 15w, https:\/\/www.yunkuntech.com\/wp-content\/uploads\/2025\/05\/\u8be6\u60c5\u56fe_15-430x352.jpg 430w, https:\/\/www.yunkuntech.com\/wp-content\/uploads\/2025\/05\/\u8be6\u60c5\u56fe_15-700x572.jpg 700w, https:\/\/www.yunkuntech.com\/wp-content\/uploads\/2025\/05\/\u8be6\u60c5\u56fe_15-150x123.jpg 150w\" sizes=\"auto, (max-width: 756px) 100vw, 756px\" \/> <img loading=\"lazy\" decoding=\"async\" class=\"alignnone size-full wp-image-9059\" src=\"https:\/\/www.yunkuntech.com\/wp-content\/uploads\/2025\/05\/\u8be6\u60c5\u56fe_16.png\" alt=\"\" width=\"1293\" height=\"889\" srcset=\"https:\/\/www.yunkuntech.com\/wp-content\/uploads\/2025\/05\/\u8be6\u60c5\u56fe_16.png 1293w, https:\/\/www.yunkuntech.com\/wp-content\/uploads\/2025\/05\/\u8be6\u60c5\u56fe_16-400x275.png 400w, https:\/\/www.yunkuntech.com\/wp-content\/uploads\/2025\/05\/\u8be6\u60c5\u56fe_16-1164x800.png 1164w, https:\/\/www.yunkuntech.com\/wp-content\/uploads\/2025\/05\/\u8be6\u60c5\u56fe_16-768x528.png 768w, https:\/\/www.yunkuntech.com\/wp-content\/uploads\/2025\/05\/\u8be6\u60c5\u56fe_16-18x12.png 18w, https:\/\/www.yunkuntech.com\/wp-content\/uploads\/2025\/05\/\u8be6\u60c5\u56fe_16-860x591.png 860w, https:\/\/www.yunkuntech.com\/wp-content\/uploads\/2025\/05\/\u8be6\u60c5\u56fe_16-430x296.png 430w, https:\/\/www.yunkuntech.com\/wp-content\/uploads\/2025\/05\/\u8be6\u60c5\u56fe_16-700x481.png 700w, https:\/\/www.yunkuntech.com\/wp-content\/uploads\/2025\/05\/\u8be6\u60c5\u56fe_16-150x103.png 150w\" sizes=\"auto, (max-width: 1293px) 100vw, 1293px\" \/><\/div>\n<\/div>\n<\/div>\n<\/div>","protected":false},"excerpt":{"rendered":"<p>OEM Impermeable Metal Plata Usb Flash Drive Atributos clave Atributos espec\u00edficos de la industria material: Pl\u00e1stico tipo de interfaz: USB 2.0 Otros atributos garant\u00eda(a\u00f1o):<\/p>","protected":false},"featured_media":9056,"comment_status":"closed","ping_status":"closed","template":"","meta":[],"product_cat":[76],"product_tag":[],"class_list":["post-9053","product","type-product","status-publish","has-post-thumbnail","hentry","product_cat-usb-drive"],"_links":{"self":[{"href":"https:\/\/www.yunkuntech.com\/es\/wp-json\/wp\/v2\/product\/9053","targetHints":{"allow":["GET"]}}],"collection":[{"href":"https:\/\/www.yunkuntech.com\/es\/wp-json\/wp\/v2\/product"}],"about":[{"href":"https:\/\/www.yunkuntech.com\/es\/wp-json\/wp\/v2\/types\/product"}],"replies":[{"embeddable":true,"href":"https:\/\/www.yunkuntech.com\/es\/wp-json\/wp\/v2\/comments?post=9053"}],"version-history":[{"count":1,"href":"https:\/\/www.yunkuntech.com\/es\/wp-json\/wp\/v2\/product\/9053\/revisions"}],"predecessor-version":[{"id":9060,"href":"https:\/\/www.yunkuntech.com\/es\/wp-json\/wp\/v2\/product\/9053\/revisions\/9060"}],"wp:featuredmedia":[{"embeddable":true,"href":"https:\/\/www.yunkuntech.com\/es\/wp-json\/wp\/v2\/media\/9056"}],"wp:attachment":[{"href":"https:\/\/www.yunkuntech.com\/es\/wp-json\/wp\/v2\/media?parent=9053"}],"wp:term":[{"taxonomy":"product_cat","embeddable":true,"href":"https:\/\/www.yunkuntech.com\/es\/wp-json\/wp\/v2\/product_cat?post=9053"},{"taxonomy":"product_tag","embeddable":true,"href":"https:\/\/www.yunkuntech.com\/es\/wp-json\/wp\/v2\/product_tag?post=9053"}],"curies":[{"name":"wp","href":"https:\/\/api.w.org\/{rel}","templated":true}]}}