{"id":9035,"date":"2025-05-14T15:19:34","date_gmt":"2025-05-14T07:19:34","guid":{"rendered":"https:\/\/www.yunkuntech.com\/?post_type=product&#038;p=9035"},"modified":"2025-05-14T15:19:34","modified_gmt":"2025-05-14T07:19:34","slug":"promotional-custom-credit-card-usb-flash-drive","status":"publish","type":"product","link":"https:\/\/www.yunkuntech.com\/es\/product\/promotional-custom-credit-card-usb-flash-drive\/","title":{"rendered":"Memoria USB personalizada para tarjetas de cr\u00e9dito"},"content":{"rendered":"<h1 title=\"Pendrive Promocional Custom Stick Pen Disks Cle Stick Memorias 64gb Pendrive Memory Card Usb Flash Drive\" data-spm-anchor-id=\"a2700.details.0.i73.7b376c86WtMY0o\">Memoria USB personalizada para tarjetas de cr\u00e9dito<\/h1>\n<h2 id=\"key-attributes\" class=\"att-title\" data-spm-anchor-id=\"a2700.details.0.i78.502c1f09U2YlfU\">Atributos clave<\/h2>\n<div class=\"attribute-info\">\n<h3>Atributos espec\u00edficos del sector<\/h3>\n<div class=\"attribute-list\">\n<div class=\"attribute-item\">\n<div class=\"left\">material: Pl\u00e1stico<\/div>\n<\/div>\n<div class=\"attribute-item\">\n<div class=\"left\">Tipo de interfaz: USB 2.0<\/div>\n<\/div>\n<\/div>\n<h3>Otros atributos<\/h3>\n<div class=\"attribute-list\">\n<div class=\"attribute-item\">\n<div class=\"left\">garant\u00eda(a\u00f1o): 5 a\u00f1os<\/div>\n<\/div>\n<div class=\"attribute-item\">\n<div class=\"left\">Lugar de origen: Guangdong, China<\/div>\n<\/div>\n<div class=\"attribute-item\">\n<div class=\"left\">marca: Soporte personalizado su logotipo<\/div>\n<\/div>\n<div class=\"attribute-item\">\n<div class=\"left\">Certificaci\u00f3n: CE\/RoHS<\/div>\n<\/div>\n<div class=\"attribute-item\">\n<div class=\"left\">Capacity: 128MB\/256MB\/512MB\/1GB\/2GB\/4GB\/8GB\/16GB\/32GB\/64GB\/128GB<\/div>\n<\/div>\n<div class=\"attribute-item\">\n<div class=\"left\">Logotipo: Impresi\u00f3n HD\/Impresi\u00f3n UV\/L\u00e1ser\/Serigraf\u00eda<\/div>\n<\/div>\n<div class=\"attribute-item\">\n<div class=\"left\">Tipo: unidad flash usb giratoria<\/div>\n<\/div>\n<div class=\"attribute-item\">\n<div class=\"left\">Embalaje: Bolsa de pl\u00e1stico\/caja de regalo\/caja de PP\/caja de papel<\/div>\n<\/div>\n<div class=\"attribute-item\">\n<div class=\"left\">Color: Color PMS<\/div>\n<\/div>\n<div class=\"attribute-item\">\n<div class=\"left\">H2: Aprobado<\/div>\n<\/div>\n<div class=\"attribute-item\">\n<div class=\"left\">Cantidad m\u00ednima: 50 unidades<\/div>\n<\/div>\n<div class=\"attribute-item\">\n<div class=\"left\">Peso: 16 g<\/div>\n<\/div>\n<\/div>\n<h3>Embalaje y entrega<\/h3>\n<div class=\"attribute-list\">\n<div class=\"attribute-item\">\n<div class=\"left\">Unidades de venta: Art\u00edculo individual<\/div>\n<\/div>\n<div class=\"attribute-item\">\n<div class=\"left\">Tama\u00f1o del envase individual: 87*53*33 mm<\/div>\n<\/div>\n<div class=\"attribute-item\">\n<div class=\"left\">Peso bruto individual: 0,100 kg<\/div>\n<div><img loading=\"lazy\" decoding=\"async\" class=\"alignnone size-full wp-image-9036\" src=\"https:\/\/www.yunkuntech.com\/wp-content\/uploads\/2025\/05\/1747206565_\u8be6\u60c5\u56fe_5.jpg\" alt=\"\" width=\"700\" height=\"700\" srcset=\"https:\/\/www.yunkuntech.com\/wp-content\/uploads\/2025\/05\/1747206565_\u8be6\u60c5\u56fe_5.jpg 700w, https:\/\/www.yunkuntech.com\/wp-content\/uploads\/2025\/05\/1747206565_\u8be6\u60c5\u56fe_5-300x300.jpg 300w, https:\/\/www.yunkuntech.com\/wp-content\/uploads\/2025\/05\/1747206565_\u8be6\u60c5\u56fe_5-150x150.jpg 150w, https:\/\/www.yunkuntech.com\/wp-content\/uploads\/2025\/05\/1747206565_\u8be6\u60c5\u56fe_5-12x12.jpg 12w, https:\/\/www.yunkuntech.com\/wp-content\/uploads\/2025\/05\/1747206565_\u8be6\u60c5\u56fe_5-430x430.jpg 430w\" sizes=\"auto, (max-width: 700px) 100vw, 700px\" \/> <img loading=\"lazy\" decoding=\"async\" class=\"alignnone size-full wp-image-9037\" src=\"https:\/\/www.yunkuntech.com\/wp-content\/uploads\/2025\/05\/\u8be6\u60c5\u56fe_6-2.jpg\" alt=\"\" width=\"1000\" height=\"1000\" srcset=\"https:\/\/www.yunkuntech.com\/wp-content\/uploads\/2025\/05\/\u8be6\u60c5\u56fe_6-2.jpg 1000w, https:\/\/www.yunkuntech.com\/wp-content\/uploads\/2025\/05\/\u8be6\u60c5\u56fe_6-2-300x300.jpg 300w, https:\/\/www.yunkuntech.com\/wp-content\/uploads\/2025\/05\/\u8be6\u60c5\u56fe_6-2-800x800.jpg 800w, https:\/\/www.yunkuntech.com\/wp-content\/uploads\/2025\/05\/\u8be6\u60c5\u56fe_6-2-150x150.jpg 150w, https:\/\/www.yunkuntech.com\/wp-content\/uploads\/2025\/05\/\u8be6\u60c5\u56fe_6-2-768x768.jpg 768w, https:\/\/www.yunkuntech.com\/wp-content\/uploads\/2025\/05\/\u8be6\u60c5\u56fe_6-2-12x12.jpg 12w, https:\/\/www.yunkuntech.com\/wp-content\/uploads\/2025\/05\/\u8be6\u60c5\u56fe_6-2-860x860.jpg 860w, https:\/\/www.yunkuntech.com\/wp-content\/uploads\/2025\/05\/\u8be6\u60c5\u56fe_6-2-430x430.jpg 430w, https:\/\/www.yunkuntech.com\/wp-content\/uploads\/2025\/05\/\u8be6\u60c5\u56fe_6-2-700x700.jpg 700w\" sizes=\"auto, (max-width: 1000px) 100vw, 1000px\" \/> <img loading=\"lazy\" decoding=\"async\" class=\"alignnone size-full wp-image-9038\" src=\"https:\/\/www.yunkuntech.com\/wp-content\/uploads\/2025\/05\/\u8be6\u60c5\u56fe_7.png\" alt=\"\" width=\"640\" height=\"640\" srcset=\"https:\/\/www.yunkuntech.com\/wp-content\/uploads\/2025\/05\/\u8be6\u60c5\u56fe_7.png 640w, https:\/\/www.yunkuntech.com\/wp-content\/uploads\/2025\/05\/\u8be6\u60c5\u56fe_7-300x300.png 300w, https:\/\/www.yunkuntech.com\/wp-content\/uploads\/2025\/05\/\u8be6\u60c5\u56fe_7-150x150.png 150w, https:\/\/www.yunkuntech.com\/wp-content\/uploads\/2025\/05\/\u8be6\u60c5\u56fe_7-12x12.png 12w, https:\/\/www.yunkuntech.com\/wp-content\/uploads\/2025\/05\/\u8be6\u60c5\u56fe_7-430x430.png 430w\" sizes=\"auto, (max-width: 640px) 100vw, 640px\" \/> <img loading=\"lazy\" decoding=\"async\" class=\"alignnone size-full wp-image-9039\" src=\"https:\/\/www.yunkuntech.com\/wp-content\/uploads\/2025\/05\/\u4e3b\u56fe_1-4.jpg\" alt=\"\" width=\"1000\" height=\"1000\" srcset=\"https:\/\/www.yunkuntech.com\/wp-content\/uploads\/2025\/05\/\u4e3b\u56fe_1-4.jpg 1000w, https:\/\/www.yunkuntech.com\/wp-content\/uploads\/2025\/05\/\u4e3b\u56fe_1-4-300x300.jpg 300w, https:\/\/www.yunkuntech.com\/wp-content\/uploads\/2025\/05\/\u4e3b\u56fe_1-4-800x800.jpg 800w, https:\/\/www.yunkuntech.com\/wp-content\/uploads\/2025\/05\/\u4e3b\u56fe_1-4-150x150.jpg 150w, https:\/\/www.yunkuntech.com\/wp-content\/uploads\/2025\/05\/\u4e3b\u56fe_1-4-768x768.jpg 768w, https:\/\/www.yunkuntech.com\/wp-content\/uploads\/2025\/05\/\u4e3b\u56fe_1-4-12x12.jpg 12w, https:\/\/www.yunkuntech.com\/wp-content\/uploads\/2025\/05\/\u4e3b\u56fe_1-4-860x860.jpg 860w, https:\/\/www.yunkuntech.com\/wp-content\/uploads\/2025\/05\/\u4e3b\u56fe_1-4-430x430.jpg 430w, https:\/\/www.yunkuntech.com\/wp-content\/uploads\/2025\/05\/\u4e3b\u56fe_1-4-700x700.jpg 700w\" sizes=\"auto, (max-width: 1000px) 100vw, 1000px\" \/> <img loading=\"lazy\" decoding=\"async\" class=\"alignnone size-full wp-image-9040\" src=\"https:\/\/www.yunkuntech.com\/wp-content\/uploads\/2025\/05\/1747206285_\u8be6\u60c5\u56fe_9.jpg\" alt=\"\" width=\"800\" height=\"800\" srcset=\"https:\/\/www.yunkuntech.com\/wp-content\/uploads\/2025\/05\/1747206285_\u8be6\u60c5\u56fe_9.jpg 800w, https:\/\/www.yunkuntech.com\/wp-content\/uploads\/2025\/05\/1747206285_\u8be6\u60c5\u56fe_9-300x300.jpg 300w, https:\/\/www.yunkuntech.com\/wp-content\/uploads\/2025\/05\/1747206285_\u8be6\u60c5\u56fe_9-150x150.jpg 150w, https:\/\/www.yunkuntech.com\/wp-content\/uploads\/2025\/05\/1747206285_\u8be6\u60c5\u56fe_9-768x768.jpg 768w, https:\/\/www.yunkuntech.com\/wp-content\/uploads\/2025\/05\/1747206285_\u8be6\u60c5\u56fe_9-12x12.jpg 12w, https:\/\/www.yunkuntech.com\/wp-content\/uploads\/2025\/05\/1747206285_\u8be6\u60c5\u56fe_9-430x430.jpg 430w, https:\/\/www.yunkuntech.com\/wp-content\/uploads\/2025\/05\/1747206285_\u8be6\u60c5\u56fe_9-700x700.jpg 700w\" sizes=\"auto, (max-width: 800px) 100vw, 800px\" \/> <img loading=\"lazy\" decoding=\"async\" class=\"alignnone size-full wp-image-9041\" src=\"https:\/\/www.yunkuntech.com\/wp-content\/uploads\/2025\/05\/1747206285_\u8be6\u60c5\u56fe_9.png\" alt=\"\" width=\"800\" height=\"791\" srcset=\"https:\/\/www.yunkuntech.com\/wp-content\/uploads\/2025\/05\/1747206285_\u8be6\u60c5\u56fe_9.png 800w, https:\/\/www.yunkuntech.com\/wp-content\/uploads\/2025\/05\/1747206285_\u8be6\u60c5\u56fe_9-303x300.png 303w, https:\/\/www.yunkuntech.com\/wp-content\/uploads\/2025\/05\/1747206285_\u8be6\u60c5\u56fe_9-768x759.png 768w, https:\/\/www.yunkuntech.com\/wp-content\/uploads\/2025\/05\/1747206285_\u8be6\u60c5\u56fe_9-12x12.png 12w, https:\/\/www.yunkuntech.com\/wp-content\/uploads\/2025\/05\/1747206285_\u8be6\u60c5\u56fe_9-430x425.png 430w, https:\/\/www.yunkuntech.com\/wp-content\/uploads\/2025\/05\/1747206285_\u8be6\u60c5\u56fe_9-700x692.png 700w, https:\/\/www.yunkuntech.com\/wp-content\/uploads\/2025\/05\/1747206285_\u8be6\u60c5\u56fe_9-150x148.png 150w\" sizes=\"auto, (max-width: 800px) 100vw, 800px\" \/> <img loading=\"lazy\" decoding=\"async\" class=\"alignnone size-full wp-image-9042\" src=\"https:\/\/www.yunkuntech.com\/wp-content\/uploads\/2025\/05\/1747206565_\u8be6\u60c5\u56fe_31.png\" alt=\"\" width=\"800\" height=\"600\" srcset=\"https:\/\/www.yunkuntech.com\/wp-content\/uploads\/2025\/05\/1747206565_\u8be6\u60c5\u56fe_31.png 800w, https:\/\/www.yunkuntech.com\/wp-content\/uploads\/2025\/05\/1747206565_\u8be6\u60c5\u56fe_31-400x300.png 400w, https:\/\/www.yunkuntech.com\/wp-content\/uploads\/2025\/05\/1747206565_\u8be6\u60c5\u56fe_31-768x576.png 768w, https:\/\/www.yunkuntech.com\/wp-content\/uploads\/2025\/05\/1747206565_\u8be6\u60c5\u56fe_31-16x12.png 16w, https:\/\/www.yunkuntech.com\/wp-content\/uploads\/2025\/05\/1747206565_\u8be6\u60c5\u56fe_31-430x323.png 430w, https:\/\/www.yunkuntech.com\/wp-content\/uploads\/2025\/05\/1747206565_\u8be6\u60c5\u56fe_31-700x525.png 700w, https:\/\/www.yunkuntech.com\/wp-content\/uploads\/2025\/05\/1747206565_\u8be6\u60c5\u56fe_31-150x113.png 150w\" sizes=\"auto, (max-width: 800px) 100vw, 800px\" \/><\/div>\n<\/div>\n<\/div>\n<\/div>","protected":false},"excerpt":{"rendered":"<p>Promotional Custom Credit Card Usb Flash Drive Atributos clave Atributos espec\u00edficos de la industria material: Pl\u00e1stico tipo de interfaz: USB 2.0 Otros atributos garant\u00eda(a\u00f1o):<\/p>","protected":false},"featured_media":9036,"comment_status":"closed","ping_status":"closed","template":"","meta":[],"product_cat":[76],"product_tag":[],"class_list":["post-9035","product","type-product","status-publish","has-post-thumbnail","hentry","product_cat-usb-drive"],"_links":{"self":[{"href":"https:\/\/www.yunkuntech.com\/es\/wp-json\/wp\/v2\/product\/9035","targetHints":{"allow":["GET"]}}],"collection":[{"href":"https:\/\/www.yunkuntech.com\/es\/wp-json\/wp\/v2\/product"}],"about":[{"href":"https:\/\/www.yunkuntech.com\/es\/wp-json\/wp\/v2\/types\/product"}],"replies":[{"embeddable":true,"href":"https:\/\/www.yunkuntech.com\/es\/wp-json\/wp\/v2\/comments?post=9035"}],"version-history":[{"count":1,"href":"https:\/\/www.yunkuntech.com\/es\/wp-json\/wp\/v2\/product\/9035\/revisions"}],"predecessor-version":[{"id":9043,"href":"https:\/\/www.yunkuntech.com\/es\/wp-json\/wp\/v2\/product\/9035\/revisions\/9043"}],"wp:featuredmedia":[{"embeddable":true,"href":"https:\/\/www.yunkuntech.com\/es\/wp-json\/wp\/v2\/media\/9036"}],"wp:attachment":[{"href":"https:\/\/www.yunkuntech.com\/es\/wp-json\/wp\/v2\/media?parent=9035"}],"wp:term":[{"taxonomy":"product_cat","embeddable":true,"href":"https:\/\/www.yunkuntech.com\/es\/wp-json\/wp\/v2\/product_cat?post=9035"},{"taxonomy":"product_tag","embeddable":true,"href":"https:\/\/www.yunkuntech.com\/es\/wp-json\/wp\/v2\/product_tag?post=9035"}],"curies":[{"name":"wp","href":"https:\/\/api.w.org\/{rel}","templated":true}]}}