{"id":8981,"date":"2025-05-09T14:33:00","date_gmt":"2025-05-09T06:33:00","guid":{"rendered":"https:\/\/www.yunkuntech.com\/?post_type=product&#038;p=8981"},"modified":"2025-06-02T19:32:14","modified_gmt":"2025-06-02T11:32:14","slug":"magnetic-wireless-charger-15w-mag-fast-wireless-phone-charger-safe-pen-holder-mobile-chargers-for-iphones","status":"publish","type":"product","link":"https:\/\/www.yunkuntech.com\/es\/product\/magnetic-wireless-charger-15w-mag-fast-wireless-phone-charger-safe-pen-holder-mobile-chargers-for-iphones\/","title":{"rendered":"Cargador Magn\u00e9tico Inal\u00e1mbrico 15W Mag Fast Wireless Phone Charger Safe Pen Holder Cargadores M\u00f3viles para Iphones"},"content":{"rendered":"<h1 title=\"Cargador Inal\u00e1mbrico Magn\u00e9tico Multifunci\u00f3n 3 en 1 15W Cargador Inal\u00e1mbrico R\u00e1pido para Iphones Cargador de Iphone con Soporte para Bol\u00edgrafo\" data-spm-anchor-id=\"a2700.details.0.i78.722435edfQwcKQ\">Cargador Inal\u00e1mbrico Magn\u00e9tico 3 en 1 15W Mag Fast Wireless Phone Charger Safe Pen Holder Cargadores m\u00f3viles para Iphones<\/h1>\n<div class=\"module_attribute\" data-module-name=\"module_attribute\">\n<div class=\"attribute-layout\" data-aplus-ae=\"x9_4bbbf637\" data-spm-anchor-id=\"a2700.details.0.i9.722435edfQwcKQ\">\n<h2 id=\"key-attributes\" class=\"att-title\" data-spm-anchor-id=\"a2700.details.0.i79.722435edfQwcKQ\">Atributos clave<\/h2>\n<div class=\"attribute-info\">\n<h3>Atributos espec\u00edficos del sector<\/h3>\n<div class=\"attribute-list\">\n<div class=\"attribute-item\">\n<div class=\"left\">uso: Tel\u00e9fonos m\u00f3viles<\/div>\n<\/div>\n<div class=\"attribute-item\">\n<div class=\"left\">potencia de salida: 15 W<\/div>\n<\/div>\n<div class=\"attribute-item\">\n<div class=\"left\">multifunci\u00f3n integrada: Con l\u00e1mpara, Con soporte, Con ventilador Usb<\/div>\n<\/div>\n<\/div>\n<h3>Otros atributos<\/h3>\n<div class=\"attribute-list\">\n<div class=\"attribute-item\">\n<div class=\"left\">Lugar de origen: Guangdong, China<\/div>\n<\/div>\n<div class=\"attribute-item\">\n<div class=\"left\">salida: 9V-12V\/1,5A<\/div>\n<\/div>\n<div class=\"attribute-item\">\n<div class=\"left\">entrada: 5V\/2A<\/div>\n<\/div>\n<div class=\"attribute-item\">\n<div class=\"left\">moho privado: S\u00ed<\/div>\n<\/div>\n<div class=\"attribute-item\">\n<div class=\"left\">Nombre del producto: Cargador inal\u00e1mbrico multifunci\u00f3n 3 en 1 para tel\u00e9fonos m\u00f3viles con soporte para bol\u00edgrafo<\/div>\n<\/div>\n<div class=\"attribute-item\">\n<div class=\"left\">MOQ: 5 piezas<\/div>\n<\/div>\n<div class=\"attribute-item\">\n<div class=\"left\">Material: ABS y silicona<\/div>\n<\/div>\n<div class=\"attribute-item\">\n<div class=\"left\">Tama\u00f1o: 158*99*94mm<\/div>\n<\/div>\n<div class=\"attribute-item\">\n<div class=\"left\">Peso: 152 g<\/div>\n<\/div>\n<div class=\"attribute-item\">\n<div class=\"left\">Color: Blanco, negro<\/div>\n<\/div>\n<div class=\"attribute-item\">\n<div class=\"left\">Embalaje: Embalaje en caja de colores<\/div>\n<\/div>\n<div class=\"attribute-item\">\n<div class=\"left\">Certificaci\u00f3n: CE+Rohs+BSCI+ISO9001<\/div>\n<\/div>\n<div class=\"attribute-item\">\n<div class=\"left\">Funci\u00f3n: Cargador inal\u00e1mbrico r\u00e1pido de 15 W<\/div>\n<\/div>\n<div class=\"attribute-item\">\n<div class=\"left\">Caracter\u00edstica: Portabol\u00edgrafos<\/div>\n<\/div>\n<\/div>\n<h3>Embalaje y entrega<\/h3>\n<div class=\"attribute-list\">\n<div class=\"attribute-item\">\n<div class=\"left\">Unidades de venta: Art\u00edculo individual<\/div>\n<\/div>\n<div class=\"attribute-item\">\n<div class=\"left\">Tama\u00f1o del envase individual: 18X13X12 cm<\/div>\n<\/div>\n<div class=\"attribute-item\">\n<div class=\"left\">Peso bruto individual: 0,600 kg<\/div>\n<\/div>\n<\/div>\n<\/div>\n<\/div>\n<\/div>\n<div class=\"module_other_customization\" data-module-name=\"module_other_customization\">\n<div class=\"other-customization id-mt-8 id-border-t id-border-solid id-border-[#DDDDDD] id-pt-[28px]\" data-aplus-ae=\"x11_701775d8\" data-spm-anchor-id=\"a2700.details.0.i11.722435edfQwcKQ\">\n<h2 class=\"id-mb-6 id-text-[20px] id-font-bold id-text-[#222]\">Opciones de personalizaci\u00f3n<\/h2>\n<div class=\"id-flex id-flex-col id-gap-2 id-text-[16px] id-mb-6\">\n<div><span class=\"id-mr-1\">Logotipo personalizado<\/span><span class=\"id-text-[#767676]\">+$0,15\/pieza (Pedido m\u00edn.: 100 piezas)<\/span><\/div>\n<div><span class=\"id-mr-1\">Embalaje personalizado<\/span><span class=\"id-text-[#767676]\">+$0,08\/pieza (Pedido m\u00ednimo: 500 piezas)<\/span><\/div>\n<div><img loading=\"lazy\" decoding=\"async\" class=\"alignnone size-full wp-image-8986\" src=\"https:\/\/www.yunkuntech.com\/wp-content\/uploads\/2025\/05\/\u4e3b\u56fe_2-1.jpg\" alt=\"\" width=\"822\" height=\"822\" srcset=\"https:\/\/www.yunkuntech.com\/wp-content\/uploads\/2025\/05\/\u4e3b\u56fe_2-1.jpg 822w, https:\/\/www.yunkuntech.com\/wp-content\/uploads\/2025\/05\/\u4e3b\u56fe_2-1-300x300.jpg 300w, https:\/\/www.yunkuntech.com\/wp-content\/uploads\/2025\/05\/\u4e3b\u56fe_2-1-800x800.jpg 800w, https:\/\/www.yunkuntech.com\/wp-content\/uploads\/2025\/05\/\u4e3b\u56fe_2-1-150x150.jpg 150w, https:\/\/www.yunkuntech.com\/wp-content\/uploads\/2025\/05\/\u4e3b\u56fe_2-1-768x768.jpg 768w, https:\/\/www.yunkuntech.com\/wp-content\/uploads\/2025\/05\/\u4e3b\u56fe_2-1-12x12.jpg 12w, https:\/\/www.yunkuntech.com\/wp-content\/uploads\/2025\/05\/\u4e3b\u56fe_2-1-430x430.jpg 430w, https:\/\/www.yunkuntech.com\/wp-content\/uploads\/2025\/05\/\u4e3b\u56fe_2-1-700x700.jpg 700w\" sizes=\"auto, (max-width: 822px) 100vw, 822px\" \/> <img loading=\"lazy\" decoding=\"async\" class=\"alignnone size-full wp-image-8987\" src=\"https:\/\/www.yunkuntech.com\/wp-content\/uploads\/2025\/05\/\u4e3b\u56fe_3-1.jpg\" alt=\"\" width=\"2000\" height=\"2000\" srcset=\"https:\/\/www.yunkuntech.com\/wp-content\/uploads\/2025\/05\/\u4e3b\u56fe_3-1.jpg 2000w, https:\/\/www.yunkuntech.com\/wp-content\/uploads\/2025\/05\/\u4e3b\u56fe_3-1-300x300.jpg 300w, https:\/\/www.yunkuntech.com\/wp-content\/uploads\/2025\/05\/\u4e3b\u56fe_3-1-800x800.jpg 800w, https:\/\/www.yunkuntech.com\/wp-content\/uploads\/2025\/05\/\u4e3b\u56fe_3-1-150x150.jpg 150w, https:\/\/www.yunkuntech.com\/wp-content\/uploads\/2025\/05\/\u4e3b\u56fe_3-1-768x768.jpg 768w, https:\/\/www.yunkuntech.com\/wp-content\/uploads\/2025\/05\/\u4e3b\u56fe_3-1-1536x1536.jpg 1536w, https:\/\/www.yunkuntech.com\/wp-content\/uploads\/2025\/05\/\u4e3b\u56fe_3-1-12x12.jpg 12w, https:\/\/www.yunkuntech.com\/wp-content\/uploads\/2025\/05\/\u4e3b\u56fe_3-1-860x860.jpg 860w, https:\/\/www.yunkuntech.com\/wp-content\/uploads\/2025\/05\/\u4e3b\u56fe_3-1-430x430.jpg 430w, https:\/\/www.yunkuntech.com\/wp-content\/uploads\/2025\/05\/\u4e3b\u56fe_3-1-700x700.jpg 700w\" sizes=\"auto, (max-width: 2000px) 100vw, 2000px\" \/> <img loading=\"lazy\" decoding=\"async\" class=\"alignnone size-full wp-image-8988\" src=\"https:\/\/www.yunkuntech.com\/wp-content\/uploads\/2025\/05\/\u4e3b\u56fe_4-1.jpg\" alt=\"\" width=\"1000\" height=\"1252\" srcset=\"https:\/\/www.yunkuntech.com\/wp-content\/uploads\/2025\/05\/\u4e3b\u56fe_4-1.jpg 1000w, https:\/\/www.yunkuntech.com\/wp-content\/uploads\/2025\/05\/\u4e3b\u56fe_4-1-240x300.jpg 240w, https:\/\/www.yunkuntech.com\/wp-content\/uploads\/2025\/05\/\u4e3b\u56fe_4-1-639x800.jpg 639w, https:\/\/www.yunkuntech.com\/wp-content\/uploads\/2025\/05\/\u4e3b\u56fe_4-1-768x962.jpg 768w, https:\/\/www.yunkuntech.com\/wp-content\/uploads\/2025\/05\/\u4e3b\u56fe_4-1-10x12.jpg 10w, https:\/\/www.yunkuntech.com\/wp-content\/uploads\/2025\/05\/\u4e3b\u56fe_4-1-860x1077.jpg 860w, https:\/\/www.yunkuntech.com\/wp-content\/uploads\/2025\/05\/\u4e3b\u56fe_4-1-430x538.jpg 430w, https:\/\/www.yunkuntech.com\/wp-content\/uploads\/2025\/05\/\u4e3b\u56fe_4-1-700x876.jpg 700w, https:\/\/www.yunkuntech.com\/wp-content\/uploads\/2025\/05\/\u4e3b\u56fe_4-1-150x188.jpg 150w\" sizes=\"auto, (max-width: 1000px) 100vw, 1000px\" \/> <img loading=\"lazy\" decoding=\"async\" class=\"alignnone size-full wp-image-8989\" src=\"https:\/\/www.yunkuntech.com\/wp-content\/uploads\/2025\/05\/\u4e3b\u56fe_5-1.jpg\" alt=\"\" width=\"1000\" height=\"1428\" srcset=\"https:\/\/www.yunkuntech.com\/wp-content\/uploads\/2025\/05\/\u4e3b\u56fe_5-1.jpg 1000w, https:\/\/www.yunkuntech.com\/wp-content\/uploads\/2025\/05\/\u4e3b\u56fe_5-1-210x300.jpg 210w, https:\/\/www.yunkuntech.com\/wp-content\/uploads\/2025\/05\/\u4e3b\u56fe_5-1-560x800.jpg 560w, https:\/\/www.yunkuntech.com\/wp-content\/uploads\/2025\/05\/\u4e3b\u56fe_5-1-768x1097.jpg 768w, https:\/\/www.yunkuntech.com\/wp-content\/uploads\/2025\/05\/\u4e3b\u56fe_5-1-8x12.jpg 8w, https:\/\/www.yunkuntech.com\/wp-content\/uploads\/2025\/05\/\u4e3b\u56fe_5-1-860x1228.jpg 860w, https:\/\/www.yunkuntech.com\/wp-content\/uploads\/2025\/05\/\u4e3b\u56fe_5-1-430x614.jpg 430w, https:\/\/www.yunkuntech.com\/wp-content\/uploads\/2025\/05\/\u4e3b\u56fe_5-1-700x1000.jpg 700w, https:\/\/www.yunkuntech.com\/wp-content\/uploads\/2025\/05\/\u4e3b\u56fe_5-1-150x214.jpg 150w\" sizes=\"auto, (max-width: 1000px) 100vw, 1000px\" \/> <img loading=\"lazy\" decoding=\"async\" class=\"alignnone size-full wp-image-8990\" src=\"https:\/\/www.yunkuntech.com\/wp-content\/uploads\/2025\/05\/\u4e3b\u56fe_6-1.jpg\" alt=\"\" width=\"1000\" height=\"1489\" srcset=\"https:\/\/www.yunkuntech.com\/wp-content\/uploads\/2025\/05\/\u4e3b\u56fe_6-1.jpg 1000w, https:\/\/www.yunkuntech.com\/wp-content\/uploads\/2025\/05\/\u4e3b\u56fe_6-1-201x300.jpg 201w, https:\/\/www.yunkuntech.com\/wp-content\/uploads\/2025\/05\/\u4e3b\u56fe_6-1-537x800.jpg 537w, https:\/\/www.yunkuntech.com\/wp-content\/uploads\/2025\/05\/\u4e3b\u56fe_6-1-768x1144.jpg 768w, https:\/\/www.yunkuntech.com\/wp-content\/uploads\/2025\/05\/\u4e3b\u56fe_6-1-8x12.jpg 8w, https:\/\/www.yunkuntech.com\/wp-content\/uploads\/2025\/05\/\u4e3b\u56fe_6-1-860x1281.jpg 860w, https:\/\/www.yunkuntech.com\/wp-content\/uploads\/2025\/05\/\u4e3b\u56fe_6-1-430x640.jpg 430w, https:\/\/www.yunkuntech.com\/wp-content\/uploads\/2025\/05\/\u4e3b\u56fe_6-1-700x1042.jpg 700w, https:\/\/www.yunkuntech.com\/wp-content\/uploads\/2025\/05\/\u4e3b\u56fe_6-1-150x223.jpg 150w\" sizes=\"auto, (max-width: 1000px) 100vw, 1000px\" \/> <img loading=\"lazy\" decoding=\"async\" class=\"alignnone size-full wp-image-8982\" src=\"https:\/\/www.yunkuntech.com\/wp-content\/uploads\/2025\/05\/\u4e3b\u56fe_1-1.jpg\" alt=\"\" width=\"990\" height=\"990\" srcset=\"https:\/\/www.yunkuntech.com\/wp-content\/uploads\/2025\/05\/\u4e3b\u56fe_1-1.jpg 990w, https:\/\/www.yunkuntech.com\/wp-content\/uploads\/2025\/05\/\u4e3b\u56fe_1-1-300x300.jpg 300w, https:\/\/www.yunkuntech.com\/wp-content\/uploads\/2025\/05\/\u4e3b\u56fe_1-1-800x800.jpg 800w, https:\/\/www.yunkuntech.com\/wp-content\/uploads\/2025\/05\/\u4e3b\u56fe_1-1-150x150.jpg 150w, https:\/\/www.yunkuntech.com\/wp-content\/uploads\/2025\/05\/\u4e3b\u56fe_1-1-768x768.jpg 768w, https:\/\/www.yunkuntech.com\/wp-content\/uploads\/2025\/05\/\u4e3b\u56fe_1-1-12x12.jpg 12w, https:\/\/www.yunkuntech.com\/wp-content\/uploads\/2025\/05\/\u4e3b\u56fe_1-1-860x860.jpg 860w, https:\/\/www.yunkuntech.com\/wp-content\/uploads\/2025\/05\/\u4e3b\u56fe_1-1-430x430.jpg 430w, https:\/\/www.yunkuntech.com\/wp-content\/uploads\/2025\/05\/\u4e3b\u56fe_1-1-700x700.jpg 700w\" sizes=\"auto, (max-width: 990px) 100vw, 990px\" \/><\/div>\n<div><\/div>\n<\/div>\n<div><\/div>\n<\/div>\n<\/div>\n<p>&nbsp;<\/p>","protected":false},"excerpt":{"rendered":"<p>Cargador Inal\u00e1mbrico Magn\u00e9tico 3 en 1 15W Mag Fast Wireless Phone Charger Safe Pen Holder Mobile Chargers for Iphones Key<\/p>","protected":false},"featured_media":8982,"comment_status":"closed","ping_status":"closed","template":"","meta":[],"product_cat":[78],"product_tag":[74],"class_list":["post-8981","product","type-product","status-publish","has-post-thumbnail","hentry","product_cat-others","product_tag-yunkun"],"_links":{"self":[{"href":"https:\/\/www.yunkuntech.com\/es\/wp-json\/wp\/v2\/product\/8981","targetHints":{"allow":["GET"]}}],"collection":[{"href":"https:\/\/www.yunkuntech.com\/es\/wp-json\/wp\/v2\/product"}],"about":[{"href":"https:\/\/www.yunkuntech.com\/es\/wp-json\/wp\/v2\/types\/product"}],"replies":[{"embeddable":true,"href":"https:\/\/www.yunkuntech.com\/es\/wp-json\/wp\/v2\/comments?post=8981"}],"version-history":[{"count":3,"href":"https:\/\/www.yunkuntech.com\/es\/wp-json\/wp\/v2\/product\/8981\/revisions"}],"predecessor-version":[{"id":8991,"href":"https:\/\/www.yunkuntech.com\/es\/wp-json\/wp\/v2\/product\/8981\/revisions\/8991"}],"wp:featuredmedia":[{"embeddable":true,"href":"https:\/\/www.yunkuntech.com\/es\/wp-json\/wp\/v2\/media\/8982"}],"wp:attachment":[{"href":"https:\/\/www.yunkuntech.com\/es\/wp-json\/wp\/v2\/media?parent=8981"}],"wp:term":[{"taxonomy":"product_cat","embeddable":true,"href":"https:\/\/www.yunkuntech.com\/es\/wp-json\/wp\/v2\/product_cat?post=8981"},{"taxonomy":"product_tag","embeddable":true,"href":"https:\/\/www.yunkuntech.com\/es\/wp-json\/wp\/v2\/product_tag?post=8981"}],"curies":[{"name":"wp","href":"https:\/\/api.w.org\/{rel}","templated":true}]}}