{"id":8869,"date":"2025-02-18T15:41:23","date_gmt":"2025-02-18T07:41:23","guid":{"rendered":"http:\/\/www.yunkuntech.com\/?post_type=product&#038;p=8869"},"modified":"2025-02-19T15:43:17","modified_gmt":"2025-02-19T07:43:17","slug":"quick-charge-support-portable-power-bank-20000mah-22-5w-pd15w-wireless-full-screen-camping-light-solar-powerbank","status":"publish","type":"product","link":"https:\/\/www.yunkuntech.com\/es\/product\/quick-charge-support-portable-power-bank-20000mah-22-5w-pd15w-wireless-full-screen-camping-light-solar-powerbank\/","title":{"rendered":"Quick Charge Support Portable Power Bank 20000mAh 22.5W PD+15W Wireless Full Screen Camping Light Solar Powerbank"},"content":{"rendered":"<h2 id=\"key-attributes\" class=\"att-title\" data-spm-anchor-id=\"a2700.details.0.i71.5f3d5d6ehp7Mtn\">Atributos clave<\/h2>\n<div class=\"attribute-info\">\n<h3>Atributos espec\u00edficos del sector<\/h3>\n<div class=\"attribute-list\">\n<div class=\"attribute-item\">\n<div class=\"left\">interfaz de salida: Tipo C, Doble Usb<\/div>\n<\/div>\n<div class=\"attribute-item\">\n<div class=\"left\">funci\u00f3n: Soporte de carga r\u00e1pida, carga de panel solar, carga inal\u00e1mbrica, soporte de carga solar, linternas LED<\/div>\n<\/div>\n<div class=\"attribute-item\">\n<div class=\"left\">Tipo: Impermeable, carga r\u00e1pida, alta capacidad, cargador inal\u00e1mbrico, PORT\u00c1TIL, para exteriores<\/div>\n<\/div>\n<div class=\"attribute-item\">\n<div class=\"left\">potencia de salida: 22,5 W<\/div>\n<\/div>\n<div class=\"attribute-item\">\n<div class=\"left\">Material: ABS+TPU<\/div>\n<\/div>\n<\/div>\n<h3>Otros atributos<\/h3>\n<div class=\"attribute-list\">\n<div class=\"attribute-item\">\n<div class=\"left\">interfaz de entrada: usb, TIPO-C<\/div>\n<\/div>\n<div class=\"attribute-item\">\n<div class=\"left\">Tipo de bater\u00eda: Bater\u00eda de pol\u00edmero de litio<\/div>\n<\/div>\n<div class=\"attribute-item\">\n<div class=\"left\">Lugar de origen: Guangdong, China<\/div>\n<\/div>\n<div class=\"attribute-item\">\n<div class=\"left\">est\u00e1ndar de enchufe: Para EE.UU.\/Canad\u00e1, Para la U.E., Para el Reino Unido, Para Australia\/Nueva Zelanda, Para Italia, Para Brasil, Para Jap\u00f3n, Universal, Micro USB, Otros.<\/div>\n<\/div>\n<div class=\"attribute-item\">\n<div class=\"left\">Protecci\u00f3n: Sobredescarga, Protecci\u00f3n contra cortocircuitos, Sobrecarga, Baja tensi\u00f3n<\/div>\n<\/div>\n<div class=\"attribute-item\">\n<div class=\"left\">Nombre del producto: 20000mAh 22.5W PD+15W wireless solar power bank<\/div>\n<\/div>\n<div class=\"attribute-item\">\n<div class=\"left\">Caracter\u00edsticas: Soporta carga solar, carga magn\u00e9tica<\/div>\n<\/div>\n<div class=\"attribute-item\">\n<div class=\"left\">Capacidad: 20000 MAh<\/div>\n<\/div>\n<div class=\"attribute-item\">\n<div class=\"left\">Color: negro,azul,verde,naranja<\/div>\n<\/div>\n<div class=\"attribute-item\">\n<div class=\"left\">Aplicaci\u00f3n: Exterior Interior<\/div>\n<\/div>\n<div class=\"attribute-item\">\n<div class=\"left\">Logotipo: Impresi\u00f3n de logotipos personalizados<\/div>\n<\/div>\n<div class=\"attribute-item\">\n<div class=\"left\">Tama\u00f1o: 183*94*27mm<\/div>\n<\/div>\n<div class=\"attribute-item\">\n<div class=\"left\">Peso: 601 g<\/div>\n<\/div>\n<div class=\"attribute-item\">\n<div class=\"left\">Palabras clave: banco de energ\u00eda solar<\/div>\n<\/div>\n<\/div>\n<h3>Embalaje y entrega<\/h3>\n<div class=\"attribute-list\">\n<div class=\"attribute-item\">\n<div class=\"left\">Unidades de venta: Art\u00edculo individual<\/div>\n<\/div>\n<div class=\"attribute-item\">\n<div class=\"left\">Tama\u00f1o del envase individual: 19,3X10,4X3,7 cm<\/div>\n<\/div>\n<div class=\"attribute-item\">\n<div class=\"left\">Peso bruto individual: 0,880 kg<\/div>\n<div><img loading=\"lazy\" decoding=\"async\" class=\"alignnone size-full wp-image-8870\" src=\"http:\/\/www.yunkuntech.com\/wp-content\/uploads\/2025\/02\/\u8be6\u60c5\u56fe_181.jpg\" alt=\"\" width=\"790\" height=\"1476\" srcset=\"https:\/\/www.yunkuntech.com\/wp-content\/uploads\/2025\/02\/\u8be6\u60c5\u56fe_181.jpg 790w, https:\/\/www.yunkuntech.com\/wp-content\/uploads\/2025\/02\/\u8be6\u60c5\u56fe_181-161x300.jpg 161w, https:\/\/www.yunkuntech.com\/wp-content\/uploads\/2025\/02\/\u8be6\u60c5\u56fe_181-428x800.jpg 428w, https:\/\/www.yunkuntech.com\/wp-content\/uploads\/2025\/02\/\u8be6\u60c5\u56fe_181-768x1435.jpg 768w, https:\/\/www.yunkuntech.com\/wp-content\/uploads\/2025\/02\/\u8be6\u60c5\u56fe_181-430x803.jpg 430w, https:\/\/www.yunkuntech.com\/wp-content\/uploads\/2025\/02\/\u8be6\u60c5\u56fe_181-700x1308.jpg 700w, https:\/\/www.yunkuntech.com\/wp-content\/uploads\/2025\/02\/\u8be6\u60c5\u56fe_181-150x280.jpg 150w\" sizes=\"auto, (max-width: 790px) 100vw, 790px\" \/> <img loading=\"lazy\" decoding=\"async\" class=\"alignnone size-full wp-image-8871\" src=\"http:\/\/www.yunkuntech.com\/wp-content\/uploads\/2025\/02\/\u8be6\u60c5\u56fe_18.jpg\" alt=\"\" width=\"790\" height=\"1873\" srcset=\"https:\/\/www.yunkuntech.com\/wp-content\/uploads\/2025\/02\/\u8be6\u60c5\u56fe_18.jpg 790w, https:\/\/www.yunkuntech.com\/wp-content\/uploads\/2025\/02\/\u8be6\u60c5\u56fe_18-127x300.jpg 127w, https:\/\/www.yunkuntech.com\/wp-content\/uploads\/2025\/02\/\u8be6\u60c5\u56fe_18-337x800.jpg 337w, https:\/\/www.yunkuntech.com\/wp-content\/uploads\/2025\/02\/\u8be6\u60c5\u56fe_18-768x1821.jpg 768w, https:\/\/www.yunkuntech.com\/wp-content\/uploads\/2025\/02\/\u8be6\u60c5\u56fe_18-648x1536.jpg 648w, https:\/\/www.yunkuntech.com\/wp-content\/uploads\/2025\/02\/\u8be6\u60c5\u56fe_18-430x1019.jpg 430w, https:\/\/www.yunkuntech.com\/wp-content\/uploads\/2025\/02\/\u8be6\u60c5\u56fe_18-700x1660.jpg 700w, https:\/\/www.yunkuntech.com\/wp-content\/uploads\/2025\/02\/\u8be6\u60c5\u56fe_18-150x356.jpg 150w\" sizes=\"auto, (max-width: 790px) 100vw, 790px\" \/> <img loading=\"lazy\" decoding=\"async\" class=\"alignnone size-full wp-image-8872\" src=\"http:\/\/www.yunkuntech.com\/wp-content\/uploads\/2025\/02\/\u8be6\u60c5\u56fe_19.jpg\" alt=\"\" width=\"790\" height=\"1503\" srcset=\"https:\/\/www.yunkuntech.com\/wp-content\/uploads\/2025\/02\/\u8be6\u60c5\u56fe_19.jpg 790w, https:\/\/www.yunkuntech.com\/wp-content\/uploads\/2025\/02\/\u8be6\u60c5\u56fe_19-158x300.jpg 158w, https:\/\/www.yunkuntech.com\/wp-content\/uploads\/2025\/02\/\u8be6\u60c5\u56fe_19-420x800.jpg 420w, https:\/\/www.yunkuntech.com\/wp-content\/uploads\/2025\/02\/\u8be6\u60c5\u56fe_19-768x1461.jpg 768w, https:\/\/www.yunkuntech.com\/wp-content\/uploads\/2025\/02\/\u8be6\u60c5\u56fe_19-430x818.jpg 430w, https:\/\/www.yunkuntech.com\/wp-content\/uploads\/2025\/02\/\u8be6\u60c5\u56fe_19-700x1332.jpg 700w, https:\/\/www.yunkuntech.com\/wp-content\/uploads\/2025\/02\/\u8be6\u60c5\u56fe_19-150x285.jpg 150w\" sizes=\"auto, (max-width: 790px) 100vw, 790px\" \/> \u00a0<img loading=\"lazy\" decoding=\"async\" class=\"alignnone size-full wp-image-8874\" src=\"http:\/\/www.yunkuntech.com\/wp-content\/uploads\/2025\/02\/\u8be6\u60c5\u56fe_21.jpg\" alt=\"\" width=\"790\" height=\"1367\" srcset=\"https:\/\/www.yunkuntech.com\/wp-content\/uploads\/2025\/02\/\u8be6\u60c5\u56fe_21.jpg 790w, https:\/\/www.yunkuntech.com\/wp-content\/uploads\/2025\/02\/\u8be6\u60c5\u56fe_21-173x300.jpg 173w, https:\/\/www.yunkuntech.com\/wp-content\/uploads\/2025\/02\/\u8be6\u60c5\u56fe_21-462x800.jpg 462w, https:\/\/www.yunkuntech.com\/wp-content\/uploads\/2025\/02\/\u8be6\u60c5\u56fe_21-768x1329.jpg 768w, https:\/\/www.yunkuntech.com\/wp-content\/uploads\/2025\/02\/\u8be6\u60c5\u56fe_21-430x744.jpg 430w, https:\/\/www.yunkuntech.com\/wp-content\/uploads\/2025\/02\/\u8be6\u60c5\u56fe_21-700x1211.jpg 700w, https:\/\/www.yunkuntech.com\/wp-content\/uploads\/2025\/02\/\u8be6\u60c5\u56fe_21-150x260.jpg 150w\" sizes=\"auto, (max-width: 790px) 100vw, 790px\" \/> <img loading=\"lazy\" decoding=\"async\" class=\"alignnone size-full wp-image-8875\" src=\"http:\/\/www.yunkuntech.com\/wp-content\/uploads\/2025\/02\/\u8be6\u60c5\u56fe_22.jpg\" alt=\"\" width=\"790\" height=\"1469\" srcset=\"https:\/\/www.yunkuntech.com\/wp-content\/uploads\/2025\/02\/\u8be6\u60c5\u56fe_22.jpg 790w, https:\/\/www.yunkuntech.com\/wp-content\/uploads\/2025\/02\/\u8be6\u60c5\u56fe_22-161x300.jpg 161w, https:\/\/www.yunkuntech.com\/wp-content\/uploads\/2025\/02\/\u8be6\u60c5\u56fe_22-430x800.jpg 430w, https:\/\/www.yunkuntech.com\/wp-content\/uploads\/2025\/02\/\u8be6\u60c5\u56fe_22-768x1428.jpg 768w, https:\/\/www.yunkuntech.com\/wp-content\/uploads\/2025\/02\/\u8be6\u60c5\u56fe_22-700x1302.jpg 700w, https:\/\/www.yunkuntech.com\/wp-content\/uploads\/2025\/02\/\u8be6\u60c5\u56fe_22-150x279.jpg 150w\" sizes=\"auto, (max-width: 790px) 100vw, 790px\" \/> <img loading=\"lazy\" decoding=\"async\" class=\"alignnone size-full wp-image-8876\" src=\"http:\/\/www.yunkuntech.com\/wp-content\/uploads\/2025\/02\/\u4e3b\u56fe_1-4.jpg\" alt=\"\" width=\"800\" height=\"800\" srcset=\"https:\/\/www.yunkuntech.com\/wp-content\/uploads\/2025\/02\/\u4e3b\u56fe_1-4.jpg 800w, https:\/\/www.yunkuntech.com\/wp-content\/uploads\/2025\/02\/\u4e3b\u56fe_1-4-300x300.jpg 300w, https:\/\/www.yunkuntech.com\/wp-content\/uploads\/2025\/02\/\u4e3b\u56fe_1-4-150x150.jpg 150w, https:\/\/www.yunkuntech.com\/wp-content\/uploads\/2025\/02\/\u4e3b\u56fe_1-4-768x768.jpg 768w, https:\/\/www.yunkuntech.com\/wp-content\/uploads\/2025\/02\/\u4e3b\u56fe_1-4-430x430.jpg 430w, https:\/\/www.yunkuntech.com\/wp-content\/uploads\/2025\/02\/\u4e3b\u56fe_1-4-700x700.jpg 700w\" sizes=\"auto, (max-width: 800px) 100vw, 800px\" \/> <img loading=\"lazy\" decoding=\"async\" class=\"alignnone size-full wp-image-8877\" src=\"http:\/\/www.yunkuntech.com\/wp-content\/uploads\/2025\/02\/\u4e3b\u56fe_2-5.jpg\" alt=\"\" width=\"800\" height=\"800\" srcset=\"https:\/\/www.yunkuntech.com\/wp-content\/uploads\/2025\/02\/\u4e3b\u56fe_2-5.jpg 800w, https:\/\/www.yunkuntech.com\/wp-content\/uploads\/2025\/02\/\u4e3b\u56fe_2-5-300x300.jpg 300w, https:\/\/www.yunkuntech.com\/wp-content\/uploads\/2025\/02\/\u4e3b\u56fe_2-5-150x150.jpg 150w, https:\/\/www.yunkuntech.com\/wp-content\/uploads\/2025\/02\/\u4e3b\u56fe_2-5-768x768.jpg 768w, https:\/\/www.yunkuntech.com\/wp-content\/uploads\/2025\/02\/\u4e3b\u56fe_2-5-430x430.jpg 430w, https:\/\/www.yunkuntech.com\/wp-content\/uploads\/2025\/02\/\u4e3b\u56fe_2-5-700x700.jpg 700w\" sizes=\"auto, (max-width: 800px) 100vw, 800px\" \/> <img loading=\"lazy\" decoding=\"async\" class=\"alignnone size-full wp-image-8878\" src=\"http:\/\/www.yunkuntech.com\/wp-content\/uploads\/2025\/02\/\u4e3b\u56fe_3-5.jpg\" alt=\"\" width=\"800\" height=\"800\" srcset=\"https:\/\/www.yunkuntech.com\/wp-content\/uploads\/2025\/02\/\u4e3b\u56fe_3-5.jpg 800w, https:\/\/www.yunkuntech.com\/wp-content\/uploads\/2025\/02\/\u4e3b\u56fe_3-5-300x300.jpg 300w, https:\/\/www.yunkuntech.com\/wp-content\/uploads\/2025\/02\/\u4e3b\u56fe_3-5-150x150.jpg 150w, https:\/\/www.yunkuntech.com\/wp-content\/uploads\/2025\/02\/\u4e3b\u56fe_3-5-768x768.jpg 768w, https:\/\/www.yunkuntech.com\/wp-content\/uploads\/2025\/02\/\u4e3b\u56fe_3-5-430x430.jpg 430w, https:\/\/www.yunkuntech.com\/wp-content\/uploads\/2025\/02\/\u4e3b\u56fe_3-5-700x700.jpg 700w\" sizes=\"auto, (max-width: 800px) 100vw, 800px\" \/> <img loading=\"lazy\" decoding=\"async\" class=\"alignnone size-full wp-image-8879\" src=\"http:\/\/www.yunkuntech.com\/wp-content\/uploads\/2025\/02\/\u4e3b\u56fe_4-4.jpg\" alt=\"\" width=\"800\" height=\"800\" srcset=\"https:\/\/www.yunkuntech.com\/wp-content\/uploads\/2025\/02\/\u4e3b\u56fe_4-4.jpg 800w, https:\/\/www.yunkuntech.com\/wp-content\/uploads\/2025\/02\/\u4e3b\u56fe_4-4-300x300.jpg 300w, https:\/\/www.yunkuntech.com\/wp-content\/uploads\/2025\/02\/\u4e3b\u56fe_4-4-150x150.jpg 150w, https:\/\/www.yunkuntech.com\/wp-content\/uploads\/2025\/02\/\u4e3b\u56fe_4-4-768x768.jpg 768w, https:\/\/www.yunkuntech.com\/wp-content\/uploads\/2025\/02\/\u4e3b\u56fe_4-4-430x430.jpg 430w, https:\/\/www.yunkuntech.com\/wp-content\/uploads\/2025\/02\/\u4e3b\u56fe_4-4-700x700.jpg 700w\" sizes=\"auto, (max-width: 800px) 100vw, 800px\" \/> <img loading=\"lazy\" decoding=\"async\" class=\"alignnone size-full wp-image-8880\" src=\"http:\/\/www.yunkuntech.com\/wp-content\/uploads\/2025\/02\/\u8be6\u60c5\u56fe_16.jpg\" alt=\"\" width=\"790\" height=\"597\" srcset=\"https:\/\/www.yunkuntech.com\/wp-content\/uploads\/2025\/02\/\u8be6\u60c5\u56fe_16.jpg 790w, https:\/\/www.yunkuntech.com\/wp-content\/uploads\/2025\/02\/\u8be6\u60c5\u56fe_16-397x300.jpg 397w, https:\/\/www.yunkuntech.com\/wp-content\/uploads\/2025\/02\/\u8be6\u60c5\u56fe_16-768x580.jpg 768w, https:\/\/www.yunkuntech.com\/wp-content\/uploads\/2025\/02\/\u8be6\u60c5\u56fe_16-430x325.jpg 430w, https:\/\/www.yunkuntech.com\/wp-content\/uploads\/2025\/02\/\u8be6\u60c5\u56fe_16-700x529.jpg 700w, https:\/\/www.yunkuntech.com\/wp-content\/uploads\/2025\/02\/\u8be6\u60c5\u56fe_16-150x113.jpg 150w\" sizes=\"auto, (max-width: 790px) 100vw, 790px\" \/><\/div>\n<\/div>\n<\/div>\n<\/div>","protected":false},"excerpt":{"rendered":"<p>Atributos clave Atributos espec\u00edficos del sector Interfaz de salida: Tipo C, Doble funci\u00f3n Usb: Soporte de carga r\u00e1pida, carga con panel solar, carga inal\u00e1mbrica, soporte<\/p>","protected":false},"featured_media":8876,"comment_status":"open","ping_status":"closed","template":"","meta":[],"product_cat":[20,73],"product_tag":[],"class_list":["post-8869","product","type-product","status-publish","has-post-thumbnail","hentry","product_cat-high-capacity-power-bank","product_cat-outdoor-mobile-power-supply"],"_links":{"self":[{"href":"https:\/\/www.yunkuntech.com\/es\/wp-json\/wp\/v2\/product\/8869","targetHints":{"allow":["GET"]}}],"collection":[{"href":"https:\/\/www.yunkuntech.com\/es\/wp-json\/wp\/v2\/product"}],"about":[{"href":"https:\/\/www.yunkuntech.com\/es\/wp-json\/wp\/v2\/types\/product"}],"replies":[{"embeddable":true,"href":"https:\/\/www.yunkuntech.com\/es\/wp-json\/wp\/v2\/comments?post=8869"}],"version-history":[{"count":3,"href":"https:\/\/www.yunkuntech.com\/es\/wp-json\/wp\/v2\/product\/8869\/revisions"}],"predecessor-version":[{"id":8918,"href":"https:\/\/www.yunkuntech.com\/es\/wp-json\/wp\/v2\/product\/8869\/revisions\/8918"}],"wp:featuredmedia":[{"embeddable":true,"href":"https:\/\/www.yunkuntech.com\/es\/wp-json\/wp\/v2\/media\/8876"}],"wp:attachment":[{"href":"https:\/\/www.yunkuntech.com\/es\/wp-json\/wp\/v2\/media?parent=8869"}],"wp:term":[{"taxonomy":"product_cat","embeddable":true,"href":"https:\/\/www.yunkuntech.com\/es\/wp-json\/wp\/v2\/product_cat?post=8869"},{"taxonomy":"product_tag","embeddable":true,"href":"https:\/\/www.yunkuntech.com\/es\/wp-json\/wp\/v2\/product_tag?post=8869"}],"curies":[{"name":"wp","href":"https:\/\/api.w.org\/{rel}","templated":true}]}}