{"id":8861,"date":"2025-02-18T14:40:41","date_gmt":"2025-02-18T06:40:41","guid":{"rendered":"http:\/\/www.yunkuntech.com\/?post_type=product&#038;p=8861"},"modified":"2025-02-18T14:40:41","modified_gmt":"2025-02-18T06:40:41","slug":"100w-200w-6ah-20ah-solar-panels-photovoltaic-integrated-storage-battery-emergency-power-portable-power-station","status":"publish","type":"product","link":"https:\/\/www.yunkuntech.com\/es\/product\/100w-200w-6ah-20ah-solar-panels-photovoltaic-integrated-storage-battery-emergency-power-portable-power-station\/","title":{"rendered":"100w 200w 6ah 20ah Paneles Solares Fotovoltaicos Bater\u00eda de Almacenamiento Integrada Energ\u00eda de Emergencia Estaci\u00f3n de Energ\u00eda Port\u00e1til"},"content":{"rendered":"<div class=\"attribute-info\">\n<div class=\"attribute-list\">\n<div class=\"attribute-item\">\n<div class=\"left\">\n<h2 data-spm-anchor-id=\"a2700.details.0.i79.3a793ff5aOFuux\">Acerca de este producto<\/h2>\n<ul class=\"\" data-spm-anchor-id=\"a2700.details.0.i95.3a793ff5aOFuux\">\n<li>Soluci\u00f3n de alimentaci\u00f3n fiable: Esta estaci\u00f3n de energ\u00eda port\u00e1til est\u00e1 dise\u00f1ada para uso en exteriores e interiores, proporcionando una soluci\u00f3n de energ\u00eda fiable para situaciones de emergencia o aplicaciones fuera de la red. Puede ser utilizada por personas que necesitan energ\u00eda sobre la marcha, como campistas, viajeros o personas afectadas por desastres naturales.<\/li>\n<li>Generaci\u00f3n de energ\u00eda solar: Gracias a su panel solar integrado, esta central el\u00e9ctrica puede cargarse utilizando energ\u00eda renovable, lo que reduce la dependencia de las fuentes de energ\u00eda tradicionales y minimiza el impacto medioambiental. Esta funci\u00f3n es ideal para los usuarios que dan prioridad a la sostenibilidad y el respeto por el medio ambiente.<\/li>\n<li>Gran capacidad y versatilidad: La estaci\u00f3n de alimentaci\u00f3n cuenta con una capacidad de 200 W, lo que permite cargar varios dispositivos simult\u00e1neamente, incluidos ordenadores port\u00e1tiles, smartphones y otros peque\u00f1os electrodom\u00e9sticos. Su versatilidad la convierte en una opci\u00f3n excelente para los usuarios que necesitan una fuente de alimentaci\u00f3n fiable para diversas aplicaciones.<\/li>\n<li>Caracter\u00edsticas de seguridad: Este producto incluye un inversor de onda sinusoidal modificada y una bater\u00eda de plomo \u00e1cido, lo que garantiza una fuente de alimentaci\u00f3n estable y eficiente. Adem\u00e1s, cuenta con una funci\u00f3n de carga inal\u00e1mbrica, una linterna y un puerto Type-C para una c\u00f3moda carga y gesti\u00f3n de la energ\u00eda.<\/li>\n<li>Dise\u00f1o compacto y port\u00e1til: Con un peso de [peso proporcionado por el usuario], esta estaci\u00f3n de energ\u00eda est\u00e1 dise\u00f1ada para ser ligera y compacta, por lo que es f\u00e1cil de transportar y almacenar, ideal para usuarios que requieren una soluci\u00f3n de energ\u00eda port\u00e1til para sus actividades al aire libre o kits de preparaci\u00f3n para emergencias.\n<div class=\"attribute-list\">\n<div class=\"attribute-item\"><\/div>\n<div class=\"attribute-item\">\n<div class=\"left\"><\/div>\n<\/div>\n<\/div>\n<h3>Otros atributos<\/h3>\n<div class=\"attribute-list\">\n<div class=\"attribute-item\">\n<div class=\"left\">\n<div class=\"attribute-item\">\n<div class=\"left\" data-spm-anchor-id=\"a2700.details.0.i96.3a793ff5aOFuux\">Fuente de energ\u00eda: Panel solar<\/div>\n<\/div>\n<div class=\"attribute-item\">\n<div class=\"left\">Tipo de bater\u00eda: Bater\u00eda de plomo<\/div>\n<\/div>\n<div class=\"attribute-item\">\n<div class=\"left\">Tipo de inversor: Onda sinusoidal modificada<\/div>\n<\/div>\n<p>Lugar de origen: Guangdong, China<\/p><\/div>\n<\/div>\n<div class=\"attribute-item\"><\/div>\n<div class=\"attribute-item\">\n<div class=\"left\">Caracter\u00edsticas especiales: Tipo C, linterna, carga inal\u00e1mbrica<\/div>\n<\/div>\n<div class=\"attribute-item\">\n<div class=\"left\">Tensi\u00f3n del sistema: 220 W<\/div>\n<\/div>\n<div class=\"attribute-item\">\n<div class=\"left\">Tipo de bater\u00eda: Bater\u00eda de plomo<\/div>\n<\/div>\n<div class=\"attribute-item\">\n<div class=\"left\">Nombre del producto: Estaci\u00f3n solar port\u00e1til<\/div>\n<\/div>\n<div class=\"attribute-item\">\n<div class=\"left\">Aplicaci\u00f3n: Exterior Interior<\/div>\n<\/div>\n<div class=\"attribute-item\">\n<div class=\"left\">Salida de CA: 110V\/220V<\/div>\n<\/div>\n<div class=\"attribute-item\">\n<div class=\"left\">Funci\u00f3n: Soporte de alimentaci\u00f3n<\/div>\n<\/div>\n<div class=\"attribute-item\">\n<div class=\"left\">Palabra clave: Central El\u00e9ctrica Generador Solar<\/div>\n<\/div>\n<div class=\"attribute-item\">\n<div class=\"left\">Capacidad de la bater\u00eda: 50 Hz\/60 Hz<\/div>\n<\/div>\n<div class=\"attribute-item\">\n<div class=\"left\">Certificaci\u00f3n: CE<\/div>\n<\/div>\n<div class=\"attribute-item\">\n<div class=\"left\">Uso: Energ\u00eda de emergencia m\u00f3vil port\u00e1til para exteriores<\/div>\n<\/div>\n<div class=\"attribute-item\">\n<div class=\"left\">Bater\u00eda: Bater\u00eda de plomo<\/div>\n<\/div>\n<\/div>\n<h3>Embalaje y entrega<\/h3>\n<div class=\"attribute-list\">\n<div class=\"attribute-item\">\n<div class=\"left\">Unidades de venta: Art\u00edculo individual<\/div>\n<\/div>\n<div class=\"attribute-item\">\n<div class=\"left\">Tama\u00f1o del envase individual: 36X11X26 cm<\/div>\n<\/div>\n<div class=\"attribute-item\">\n<div class=\"left\">Peso bruto individual: 8.000 kg<\/div>\n<\/div>\n<\/div>\n<\/li>\n<\/ul>\n<\/div>\n<\/div>\n<div><img loading=\"lazy\" decoding=\"async\" class=\"alignnone size-full wp-image-8862\" src=\"http:\/\/www.yunkuntech.com\/wp-content\/uploads\/2025\/02\/\u4e3b\u56fe_1-3.jpg\" alt=\"\" width=\"1001\" height=\"1001\" srcset=\"https:\/\/www.yunkuntech.com\/wp-content\/uploads\/2025\/02\/\u4e3b\u56fe_1-3.jpg 1001w, https:\/\/www.yunkuntech.com\/wp-content\/uploads\/2025\/02\/\u4e3b\u56fe_1-3-300x300.jpg 300w, https:\/\/www.yunkuntech.com\/wp-content\/uploads\/2025\/02\/\u4e3b\u56fe_1-3-800x800.jpg 800w, https:\/\/www.yunkuntech.com\/wp-content\/uploads\/2025\/02\/\u4e3b\u56fe_1-3-150x150.jpg 150w, https:\/\/www.yunkuntech.com\/wp-content\/uploads\/2025\/02\/\u4e3b\u56fe_1-3-768x768.jpg 768w, https:\/\/www.yunkuntech.com\/wp-content\/uploads\/2025\/02\/\u4e3b\u56fe_1-3-860x860.jpg 860w, https:\/\/www.yunkuntech.com\/wp-content\/uploads\/2025\/02\/\u4e3b\u56fe_1-3-430x430.jpg 430w, https:\/\/www.yunkuntech.com\/wp-content\/uploads\/2025\/02\/\u4e3b\u56fe_1-3-700x700.jpg 700w\" sizes=\"auto, (max-width: 1001px) 100vw, 1001px\" \/> <img loading=\"lazy\" decoding=\"async\" class=\"alignnone size-full wp-image-8863\" src=\"http:\/\/www.yunkuntech.com\/wp-content\/uploads\/2025\/02\/\u4e3b\u56fe_2-4.jpg\" alt=\"\" width=\"1001\" height=\"1001\" srcset=\"https:\/\/www.yunkuntech.com\/wp-content\/uploads\/2025\/02\/\u4e3b\u56fe_2-4.jpg 1001w, https:\/\/www.yunkuntech.com\/wp-content\/uploads\/2025\/02\/\u4e3b\u56fe_2-4-300x300.jpg 300w, https:\/\/www.yunkuntech.com\/wp-content\/uploads\/2025\/02\/\u4e3b\u56fe_2-4-800x800.jpg 800w, https:\/\/www.yunkuntech.com\/wp-content\/uploads\/2025\/02\/\u4e3b\u56fe_2-4-150x150.jpg 150w, https:\/\/www.yunkuntech.com\/wp-content\/uploads\/2025\/02\/\u4e3b\u56fe_2-4-768x768.jpg 768w, https:\/\/www.yunkuntech.com\/wp-content\/uploads\/2025\/02\/\u4e3b\u56fe_2-4-860x860.jpg 860w, https:\/\/www.yunkuntech.com\/wp-content\/uploads\/2025\/02\/\u4e3b\u56fe_2-4-430x430.jpg 430w, https:\/\/www.yunkuntech.com\/wp-content\/uploads\/2025\/02\/\u4e3b\u56fe_2-4-700x700.jpg 700w\" sizes=\"auto, (max-width: 1001px) 100vw, 1001px\" \/> <img loading=\"lazy\" decoding=\"async\" class=\"alignnone size-full wp-image-8864\" src=\"http:\/\/www.yunkuntech.com\/wp-content\/uploads\/2025\/02\/\u4e3b\u56fe_3-4.jpg\" alt=\"\" width=\"1001\" height=\"1001\" srcset=\"https:\/\/www.yunkuntech.com\/wp-content\/uploads\/2025\/02\/\u4e3b\u56fe_3-4.jpg 1001w, https:\/\/www.yunkuntech.com\/wp-content\/uploads\/2025\/02\/\u4e3b\u56fe_3-4-300x300.jpg 300w, https:\/\/www.yunkuntech.com\/wp-content\/uploads\/2025\/02\/\u4e3b\u56fe_3-4-800x800.jpg 800w, https:\/\/www.yunkuntech.com\/wp-content\/uploads\/2025\/02\/\u4e3b\u56fe_3-4-150x150.jpg 150w, https:\/\/www.yunkuntech.com\/wp-content\/uploads\/2025\/02\/\u4e3b\u56fe_3-4-768x768.jpg 768w, https:\/\/www.yunkuntech.com\/wp-content\/uploads\/2025\/02\/\u4e3b\u56fe_3-4-860x860.jpg 860w, https:\/\/www.yunkuntech.com\/wp-content\/uploads\/2025\/02\/\u4e3b\u56fe_3-4-430x430.jpg 430w, https:\/\/www.yunkuntech.com\/wp-content\/uploads\/2025\/02\/\u4e3b\u56fe_3-4-700x700.jpg 700w\" sizes=\"auto, (max-width: 1001px) 100vw, 1001px\" \/> <img loading=\"lazy\" decoding=\"async\" class=\"alignnone size-full wp-image-8865\" src=\"http:\/\/www.yunkuntech.com\/wp-content\/uploads\/2025\/02\/\u4e3b\u56fe_4-3.jpg\" alt=\"\" width=\"1001\" height=\"1001\" srcset=\"https:\/\/www.yunkuntech.com\/wp-content\/uploads\/2025\/02\/\u4e3b\u56fe_4-3.jpg 1001w, https:\/\/www.yunkuntech.com\/wp-content\/uploads\/2025\/02\/\u4e3b\u56fe_4-3-300x300.jpg 300w, https:\/\/www.yunkuntech.com\/wp-content\/uploads\/2025\/02\/\u4e3b\u56fe_4-3-800x800.jpg 800w, https:\/\/www.yunkuntech.com\/wp-content\/uploads\/2025\/02\/\u4e3b\u56fe_4-3-150x150.jpg 150w, https:\/\/www.yunkuntech.com\/wp-content\/uploads\/2025\/02\/\u4e3b\u56fe_4-3-768x768.jpg 768w, https:\/\/www.yunkuntech.com\/wp-content\/uploads\/2025\/02\/\u4e3b\u56fe_4-3-860x860.jpg 860w, https:\/\/www.yunkuntech.com\/wp-content\/uploads\/2025\/02\/\u4e3b\u56fe_4-3-430x430.jpg 430w, https:\/\/www.yunkuntech.com\/wp-content\/uploads\/2025\/02\/\u4e3b\u56fe_4-3-700x700.jpg 700w\" sizes=\"auto, (max-width: 1001px) 100vw, 1001px\" \/> <img loading=\"lazy\" decoding=\"async\" class=\"alignnone size-full wp-image-8866\" src=\"http:\/\/www.yunkuntech.com\/wp-content\/uploads\/2025\/02\/\u4e3b\u56fe_5-6.jpg\" alt=\"\" width=\"800\" height=\"800\" srcset=\"https:\/\/www.yunkuntech.com\/wp-content\/uploads\/2025\/02\/\u4e3b\u56fe_5-6.jpg 800w, https:\/\/www.yunkuntech.com\/wp-content\/uploads\/2025\/02\/\u4e3b\u56fe_5-6-300x300.jpg 300w, https:\/\/www.yunkuntech.com\/wp-content\/uploads\/2025\/02\/\u4e3b\u56fe_5-6-150x150.jpg 150w, https:\/\/www.yunkuntech.com\/wp-content\/uploads\/2025\/02\/\u4e3b\u56fe_5-6-768x768.jpg 768w, https:\/\/www.yunkuntech.com\/wp-content\/uploads\/2025\/02\/\u4e3b\u56fe_5-6-430x430.jpg 430w, https:\/\/www.yunkuntech.com\/wp-content\/uploads\/2025\/02\/\u4e3b\u56fe_5-6-700x700.jpg 700w\" sizes=\"auto, (max-width: 800px) 100vw, 800px\" \/> <img loading=\"lazy\" decoding=\"async\" class=\"alignnone size-full wp-image-8867\" src=\"http:\/\/www.yunkuntech.com\/wp-content\/uploads\/2025\/02\/\u4e3b\u56fe_6-6.jpg\" alt=\"\" width=\"1001\" height=\"1001\" srcset=\"https:\/\/www.yunkuntech.com\/wp-content\/uploads\/2025\/02\/\u4e3b\u56fe_6-6.jpg 1001w, https:\/\/www.yunkuntech.com\/wp-content\/uploads\/2025\/02\/\u4e3b\u56fe_6-6-300x300.jpg 300w, https:\/\/www.yunkuntech.com\/wp-content\/uploads\/2025\/02\/\u4e3b\u56fe_6-6-800x800.jpg 800w, https:\/\/www.yunkuntech.com\/wp-content\/uploads\/2025\/02\/\u4e3b\u56fe_6-6-150x150.jpg 150w, https:\/\/www.yunkuntech.com\/wp-content\/uploads\/2025\/02\/\u4e3b\u56fe_6-6-768x768.jpg 768w, https:\/\/www.yunkuntech.com\/wp-content\/uploads\/2025\/02\/\u4e3b\u56fe_6-6-860x860.jpg 860w, https:\/\/www.yunkuntech.com\/wp-content\/uploads\/2025\/02\/\u4e3b\u56fe_6-6-430x430.jpg 430w, https:\/\/www.yunkuntech.com\/wp-content\/uploads\/2025\/02\/\u4e3b\u56fe_6-6-700x700.jpg 700w\" sizes=\"auto, (max-width: 1001px) 100vw, 1001px\" \/><\/div>\n<div class=\"attribute-item\">\n<div><\/div>\n<\/div>\n<\/div>\n<\/div>","protected":false},"excerpt":{"rendered":"<p>Acerca de este producto Soluci\u00f3n de alimentaci\u00f3n fiable: Esta central el\u00e9ctrica port\u00e1til est\u00e1 dise\u00f1ada para su uso en exteriores e interiores, proporcionando una fiable<\/p>","protected":false},"featured_media":8866,"comment_status":"open","ping_status":"closed","template":"","meta":[],"product_cat":[20,73],"product_tag":[],"class_list":["post-8861","product","type-product","status-publish","has-post-thumbnail","hentry","product_cat-high-capacity-power-bank","product_cat-outdoor-mobile-power-supply"],"_links":{"self":[{"href":"https:\/\/www.yunkuntech.com\/es\/wp-json\/wp\/v2\/product\/8861","targetHints":{"allow":["GET"]}}],"collection":[{"href":"https:\/\/www.yunkuntech.com\/es\/wp-json\/wp\/v2\/product"}],"about":[{"href":"https:\/\/www.yunkuntech.com\/es\/wp-json\/wp\/v2\/types\/product"}],"replies":[{"embeddable":true,"href":"https:\/\/www.yunkuntech.com\/es\/wp-json\/wp\/v2\/comments?post=8861"}],"version-history":[{"count":1,"href":"https:\/\/www.yunkuntech.com\/es\/wp-json\/wp\/v2\/product\/8861\/revisions"}],"predecessor-version":[{"id":8868,"href":"https:\/\/www.yunkuntech.com\/es\/wp-json\/wp\/v2\/product\/8861\/revisions\/8868"}],"wp:featuredmedia":[{"embeddable":true,"href":"https:\/\/www.yunkuntech.com\/es\/wp-json\/wp\/v2\/media\/8866"}],"wp:attachment":[{"href":"https:\/\/www.yunkuntech.com\/es\/wp-json\/wp\/v2\/media?parent=8861"}],"wp:term":[{"taxonomy":"product_cat","embeddable":true,"href":"https:\/\/www.yunkuntech.com\/es\/wp-json\/wp\/v2\/product_cat?post=8861"},{"taxonomy":"product_tag","embeddable":true,"href":"https:\/\/www.yunkuntech.com\/es\/wp-json\/wp\/v2\/product_tag?post=8861"}],"curies":[{"name":"wp","href":"https:\/\/api.w.org\/{rel}","templated":true}]}}