{"id":8790,"date":"2025-02-17T16:08:50","date_gmt":"2025-02-17T08:08:50","guid":{"rendered":"http:\/\/www.yunkuntech.com\/?post_type=product&#038;p=8790"},"modified":"2025-04-13T20:31:54","modified_gmt":"2025-04-13T12:31:54","slug":"40000mah-portable-wireless-charging-powerbank-built-in-cable-three-battery-chargeur-solaire-strong-led-light-solar-power-bank","status":"publish","type":"product","link":"https:\/\/www.yunkuntech.com\/es\/product\/40000mah-portable-wireless-charging-powerbank-built-in-cable-three-battery-chargeur-solaire-strong-led-light-solar-power-bank\/","title":{"rendered":"40000mAh port\u00e1til de carga inal\u00e1mbrica Powerbank Construido en el cable de tres bater\u00edas Chargeur Solaire fuerte luz LED Banco de Energ\u00eda Solar"},"content":{"rendered":"<h1 title=\"40000mAh port\u00e1til de carga inal\u00e1mbrica Powerbank Construido en el cable de tres bater\u00edas Chargeur Solaire fuerte luz LED Banco de Energ\u00eda Solar\" data-spm-anchor-id=\"a2700.details.0.i107.37d67912ehNtvJ\">40000mAh port\u00e1til de carga inal\u00e1mbrica Powerbank Construido en el cable de tres bater\u00edas Chargeur Solaire fuerte luz LED Banco de Energ\u00eda Solar<\/h1>\n<ul class=\"\">\n<li data-spm-anchor-id=\"a2700.details.0.i132.37d67912ehNtvJ\">Dise\u00f1o duradero y resistente al agua: Este banco de energ\u00eda port\u00e1til est\u00e1 hecho de ABS ign\u00edfugo + material de silicona, asegurando que puede soportar diversos ambientes y condiciones, incluyendo el agua y el manejo brusco. Su tama\u00f1o compacto de 160x80x24mm y 460g ligero hacen que sea f\u00e1cil de llevar.<\/li>\n<li>Carga multifuncional: El producto admite dos m\u00e9todos de entrada: carga solar y entrada USB, lo que permite a los usuarios cargar sus dispositivos sobre la marcha, incluidos iPhone 12, 13 y 14 Pro Max, y iWatch AirPods.<\/li>\n<li>Capacidad de carga inal\u00e1mbrica: Este banco de energ\u00eda cuenta con una almohadilla de carga inal\u00e1mbrica incorporada, lo que permite a los usuarios cargar sus dispositivos compatibles de forma inal\u00e1mbrica, eliminando la necesidad de cables.<\/li>\n<li>Alta Capacidad y Carga R\u00e1pida: Con una capacidad de bater\u00eda de hasta 40000mAh, este power bank proporciona m\u00faltiples cargas para la mayor\u00eda de los dispositivos. Tambi\u00e9n admite carga r\u00e1pida, lo que permite a los usuarios recargar r\u00e1pidamente sus dispositivos.<\/li>\n<li>Pantalla LED y funciones de seguridad: El producto cuenta con una pantalla LED para una f\u00e1cil monitorizaci\u00f3n del nivel de energ\u00eda, as\u00ed como funciones de seguridad integradas, incluyendo protecci\u00f3n contra sobredescarga, cortocircuito y sobrecarga, proporcionando tranquilidad a los usuarios.<\/li>\n<\/ul>\n<h2 id=\"key-attributes\" class=\"att-title\" data-spm-anchor-id=\"a2700.details.0.i135.37d67912ehNtvJ\">Atributos clave<\/h2>\n<div class=\"attribute-info\" data-spm-anchor-id=\"a2700.details.0.i134.37d67912ehNtvJ\">\n<h3>Atributos espec\u00edficos del sector<\/h3>\n<div class=\"attribute-list\">\n<div class=\"attribute-item\">\n<div class=\"left\">interfaz de salida: Micro USB, Tipo C, USB\/DC, USB\/MICRO USB, Doble Usb, Interfaz Apple, Interfaz Apple\/USB, Inal\u00e1mbrico<\/div>\n<\/div>\n<div class=\"attribute-item\">\n<div class=\"left\">funci\u00f3n: Soporte de carga r\u00e1pida, carga de panel solar, pantalla LED, carga inal\u00e1mbrica, magn\u00e9tico, soporte, soporte de carga solar<\/div>\n<\/div>\n<div class=\"attribute-item\">\n<div class=\"left\">tipo: Ultrafino, Impermeable, Carga r\u00e1pida, Gran capacidad, Con cable, Cargador inal\u00e1mbrico, PORT\u00c1TIL, Pantalla LED, para exteriores, Banco de energ\u00eda con cargador r\u00e1pido 3 en 1<\/div>\n<\/div>\n<div class=\"attribute-item\">\n<div class=\"left\">potencia de salida: 10 W, 15 W, 20 W, 5 W, 22,5 W<\/div>\n<\/div>\n<div class=\"attribute-item\">\n<div class=\"left\">Material: ABS, Pl\u00e1stico, ABS ign\u00edfugo + Silicona<\/div>\n<\/div>\n<\/div>\n<h3>Otros atributos<\/h3>\n<div class=\"attribute-list\">\n<div class=\"attribute-item\">\n<div class=\"left\">interfaz de entrada: Mini USB, Micro USB, TIPO-C<\/div>\n<\/div>\n<div class=\"attribute-item\">\n<div class=\"left\">Tipo de bater\u00eda: Bater\u00eda de pol\u00edmero de litio<\/div>\n<\/div>\n<div class=\"attribute-item\">\n<div class=\"left\">Lugar de origen: Guangdong, China<\/div>\n<\/div>\n<div class=\"attribute-item\">\n<div class=\"left\">Marca: OEM\/ NB-Power<\/div>\n<\/div>\n<div class=\"attribute-item\">\n<div class=\"left\">n\u00famero de modelo: FK003A<\/div>\n<\/div>\n<div class=\"attribute-item\">\n<div class=\"left\">Peso: 460 g<\/div>\n<\/div>\n<div class=\"attribute-item\">\n<div class=\"left\">Est\u00e1ndar de enchufe: Universal, Micro USB<\/div>\n<\/div>\n<div class=\"attribute-item\">\n<div class=\"left\">Protecci\u00f3n: Sobredescarga, Protecci\u00f3n contra cortocircuitos, Sobrecarga, Baja tensi\u00f3n<\/div>\n<\/div>\n<div class=\"attribute-item\">\n<div class=\"left\">Color: Negro\/ Rojo\/ Azul\/ Naranja\/ Verde\/<\/div>\n<\/div>\n<div class=\"attribute-item\">\n<div class=\"left\">Entrada: Carga solar,Micro MINI USB,Tipo-C<\/div>\n<\/div>\n<div class=\"attribute-item\">\n<div class=\"left\">Tama\u00f1o: 160*80*24 mm<\/div>\n<\/div>\n<div class=\"attribute-item\">\n<div class=\"left\">Capacidad de la bater\u00eda: 2000mAh\/30000mah\/40000mah<\/div>\n<\/div>\n<div class=\"attribute-item\">\n<div class=\"left\">Logotipo: Soporte Logotipo Personalizado<\/div>\n<\/div>\n<div class=\"attribute-item\">\n<div class=\"left\">Uso: para iPhone 12 13 14 Pro Max iWatch Airpoding<\/div>\n<\/div>\n<div class=\"attribute-item\">\n<div class=\"left\">Funciones adicionales: inal\u00e1mbrico, salida de 4 puertos USB, luz led de camping, energ\u00eda solar, doble entrada<\/div>\n<\/div>\n<div class=\"attribute-item\">\n<div class=\"left\">Garant\u00eda: 2 a\u00f1os<\/div>\n<\/div>\n<div class=\"attribute-item\">\n<div class=\"left\">MOQ:No<\/div>\n<\/div>\n<\/div>\n<h3>Embalaje y entrega<\/h3>\n<div class=\"attribute-list\">\n<div class=\"attribute-item\">\n<div class=\"left\">Unidades de venta: Art\u00edculo individual<\/div>\n<\/div>\n<div class=\"attribute-item\">\n<div class=\"left\">Tama\u00f1o del envase individual: 15,4X1X7,5 cm<\/div>\n<\/div>\n<div class=\"attribute-item\">\n<div class=\"left\">Peso bruto individual: 2.200 kg<\/div>\n<div><img loading=\"lazy\" decoding=\"async\" class=\"alignnone size-full wp-image-8792\" src=\"http:\/\/www.yunkuntech.com\/wp-content\/uploads\/2025\/02\/\u4e3b\u56fe_1-1.jpg\" alt=\"\" width=\"1000\" height=\"1000\" srcset=\"https:\/\/www.yunkuntech.com\/wp-content\/uploads\/2025\/02\/\u4e3b\u56fe_1-1.jpg 1000w, https:\/\/www.yunkuntech.com\/wp-content\/uploads\/2025\/02\/\u4e3b\u56fe_1-1-300x300.jpg 300w, https:\/\/www.yunkuntech.com\/wp-content\/uploads\/2025\/02\/\u4e3b\u56fe_1-1-800x800.jpg 800w, https:\/\/www.yunkuntech.com\/wp-content\/uploads\/2025\/02\/\u4e3b\u56fe_1-1-150x150.jpg 150w, https:\/\/www.yunkuntech.com\/wp-content\/uploads\/2025\/02\/\u4e3b\u56fe_1-1-768x768.jpg 768w, https:\/\/www.yunkuntech.com\/wp-content\/uploads\/2025\/02\/\u4e3b\u56fe_1-1-860x860.jpg 860w, https:\/\/www.yunkuntech.com\/wp-content\/uploads\/2025\/02\/\u4e3b\u56fe_1-1-430x430.jpg 430w, https:\/\/www.yunkuntech.com\/wp-content\/uploads\/2025\/02\/\u4e3b\u56fe_1-1-700x700.jpg 700w\" sizes=\"auto, (max-width: 1000px) 100vw, 1000px\" \/> <img loading=\"lazy\" decoding=\"async\" class=\"alignnone size-full wp-image-8793\" src=\"http:\/\/www.yunkuntech.com\/wp-content\/uploads\/2025\/02\/\u4e3b\u56fe_2-1.jpg\" alt=\"\" width=\"1263\" height=\"1582\" srcset=\"https:\/\/www.yunkuntech.com\/wp-content\/uploads\/2025\/02\/\u4e3b\u56fe_2-1.jpg 1263w, https:\/\/www.yunkuntech.com\/wp-content\/uploads\/2025\/02\/\u4e3b\u56fe_2-1-240x300.jpg 240w, https:\/\/www.yunkuntech.com\/wp-content\/uploads\/2025\/02\/\u4e3b\u56fe_2-1-639x800.jpg 639w, https:\/\/www.yunkuntech.com\/wp-content\/uploads\/2025\/02\/\u4e3b\u56fe_2-1-768x962.jpg 768w, https:\/\/www.yunkuntech.com\/wp-content\/uploads\/2025\/02\/\u4e3b\u56fe_2-1-1226x1536.jpg 1226w, https:\/\/www.yunkuntech.com\/wp-content\/uploads\/2025\/02\/\u4e3b\u56fe_2-1-860x1077.jpg 860w, https:\/\/www.yunkuntech.com\/wp-content\/uploads\/2025\/02\/\u4e3b\u56fe_2-1-430x539.jpg 430w, https:\/\/www.yunkuntech.com\/wp-content\/uploads\/2025\/02\/\u4e3b\u56fe_2-1-700x877.jpg 700w, https:\/\/www.yunkuntech.com\/wp-content\/uploads\/2025\/02\/\u4e3b\u56fe_2-1-150x188.jpg 150w\" sizes=\"auto, (max-width: 1263px) 100vw, 1263px\" \/> <img loading=\"lazy\" decoding=\"async\" class=\"alignnone size-full wp-image-8794\" src=\"http:\/\/www.yunkuntech.com\/wp-content\/uploads\/2025\/02\/\u4e3b\u56fe_3-1.jpg\" alt=\"\" width=\"1416\" height=\"1412\" srcset=\"https:\/\/www.yunkuntech.com\/wp-content\/uploads\/2025\/02\/\u4e3b\u56fe_3-1.jpg 1416w, https:\/\/www.yunkuntech.com\/wp-content\/uploads\/2025\/02\/\u4e3b\u56fe_3-1-301x300.jpg 301w, https:\/\/www.yunkuntech.com\/wp-content\/uploads\/2025\/02\/\u4e3b\u56fe_3-1-802x800.jpg 802w, https:\/\/www.yunkuntech.com\/wp-content\/uploads\/2025\/02\/\u4e3b\u56fe_3-1-150x150.jpg 150w, https:\/\/www.yunkuntech.com\/wp-content\/uploads\/2025\/02\/\u4e3b\u56fe_3-1-768x766.jpg 768w, https:\/\/www.yunkuntech.com\/wp-content\/uploads\/2025\/02\/\u4e3b\u56fe_3-1-860x858.jpg 860w, https:\/\/www.yunkuntech.com\/wp-content\/uploads\/2025\/02\/\u4e3b\u56fe_3-1-430x429.jpg 430w, https:\/\/www.yunkuntech.com\/wp-content\/uploads\/2025\/02\/\u4e3b\u56fe_3-1-700x698.jpg 700w\" sizes=\"auto, (max-width: 1416px) 100vw, 1416px\" \/><img loading=\"lazy\" decoding=\"async\" class=\"alignnone size-full wp-image-8796\" src=\"http:\/\/www.yunkuntech.com\/wp-content\/uploads\/2025\/02\/\u4e3b\u56fe_5-2.jpg\" alt=\"\" width=\"1190\" height=\"1680\" srcset=\"https:\/\/www.yunkuntech.com\/wp-content\/uploads\/2025\/02\/\u4e3b\u56fe_5-2.jpg 1190w, https:\/\/www.yunkuntech.com\/wp-content\/uploads\/2025\/02\/\u4e3b\u56fe_5-2-213x300.jpg 213w, https:\/\/www.yunkuntech.com\/wp-content\/uploads\/2025\/02\/\u4e3b\u56fe_5-2-567x800.jpg 567w, https:\/\/www.yunkuntech.com\/wp-content\/uploads\/2025\/02\/\u4e3b\u56fe_5-2-768x1084.jpg 768w, https:\/\/www.yunkuntech.com\/wp-content\/uploads\/2025\/02\/\u4e3b\u56fe_5-2-1088x1536.jpg 1088w, https:\/\/www.yunkuntech.com\/wp-content\/uploads\/2025\/02\/\u4e3b\u56fe_5-2-860x1214.jpg 860w, https:\/\/www.yunkuntech.com\/wp-content\/uploads\/2025\/02\/\u4e3b\u56fe_5-2-430x607.jpg 430w, https:\/\/www.yunkuntech.com\/wp-content\/uploads\/2025\/02\/\u4e3b\u56fe_5-2-700x988.jpg 700w, https:\/\/www.yunkuntech.com\/wp-content\/uploads\/2025\/02\/\u4e3b\u56fe_5-2-150x212.jpg 150w\" sizes=\"auto, (max-width: 1190px) 100vw, 1190px\" \/> <img loading=\"lazy\" decoding=\"async\" class=\"alignnone size-full wp-image-8797\" src=\"http:\/\/www.yunkuntech.com\/wp-content\/uploads\/2025\/02\/\u4e3b\u56fe_6-2.jpg\" alt=\"\" width=\"1345\" height=\"1485\" srcset=\"https:\/\/www.yunkuntech.com\/wp-content\/uploads\/2025\/02\/\u4e3b\u56fe_6-2.jpg 1345w, https:\/\/www.yunkuntech.com\/wp-content\/uploads\/2025\/02\/\u4e3b\u56fe_6-2-272x300.jpg 272w, https:\/\/www.yunkuntech.com\/wp-content\/uploads\/2025\/02\/\u4e3b\u56fe_6-2-725x800.jpg 725w, https:\/\/www.yunkuntech.com\/wp-content\/uploads\/2025\/02\/\u4e3b\u56fe_6-2-768x848.jpg 768w, https:\/\/www.yunkuntech.com\/wp-content\/uploads\/2025\/02\/\u4e3b\u56fe_6-2-860x950.jpg 860w, https:\/\/www.yunkuntech.com\/wp-content\/uploads\/2025\/02\/\u4e3b\u56fe_6-2-430x475.jpg 430w, https:\/\/www.yunkuntech.com\/wp-content\/uploads\/2025\/02\/\u4e3b\u56fe_6-2-700x773.jpg 700w, https:\/\/www.yunkuntech.com\/wp-content\/uploads\/2025\/02\/\u4e3b\u56fe_6-2-150x166.jpg 150w\" sizes=\"auto, (max-width: 1345px) 100vw, 1345px\" \/><\/div>\n<\/div>\n<\/div>\n<\/div>\n<p><img loading=\"lazy\" decoding=\"async\" class=\"alignnone size-full wp-image-8798\" src=\"http:\/\/www.yunkuntech.com\/wp-content\/uploads\/2025\/02\/SKU_1-1.jpg\" alt=\"\" width=\"1000\" height=\"1000\" srcset=\"https:\/\/www.yunkuntech.com\/wp-content\/uploads\/2025\/02\/SKU_1-1.jpg 1000w, https:\/\/www.yunkuntech.com\/wp-content\/uploads\/2025\/02\/SKU_1-1-300x300.jpg 300w, https:\/\/www.yunkuntech.com\/wp-content\/uploads\/2025\/02\/SKU_1-1-800x800.jpg 800w, https:\/\/www.yunkuntech.com\/wp-content\/uploads\/2025\/02\/SKU_1-1-150x150.jpg 150w, https:\/\/www.yunkuntech.com\/wp-content\/uploads\/2025\/02\/SKU_1-1-768x768.jpg 768w, https:\/\/www.yunkuntech.com\/wp-content\/uploads\/2025\/02\/SKU_1-1-860x860.jpg 860w, https:\/\/www.yunkuntech.com\/wp-content\/uploads\/2025\/02\/SKU_1-1-430x430.jpg 430w, https:\/\/www.yunkuntech.com\/wp-content\/uploads\/2025\/02\/SKU_1-1-700x700.jpg 700w\" sizes=\"auto, (max-width: 1000px) 100vw, 1000px\" \/> <img loading=\"lazy\" decoding=\"async\" class=\"alignnone size-full wp-image-8799\" src=\"http:\/\/www.yunkuntech.com\/wp-content\/uploads\/2025\/02\/SKU_2-1.jpg\" alt=\"\" width=\"1000\" height=\"1000\" srcset=\"https:\/\/www.yunkuntech.com\/wp-content\/uploads\/2025\/02\/SKU_2-1.jpg 1000w, https:\/\/www.yunkuntech.com\/wp-content\/uploads\/2025\/02\/SKU_2-1-300x300.jpg 300w, https:\/\/www.yunkuntech.com\/wp-content\/uploads\/2025\/02\/SKU_2-1-800x800.jpg 800w, https:\/\/www.yunkuntech.com\/wp-content\/uploads\/2025\/02\/SKU_2-1-150x150.jpg 150w, https:\/\/www.yunkuntech.com\/wp-content\/uploads\/2025\/02\/SKU_2-1-768x768.jpg 768w, https:\/\/www.yunkuntech.com\/wp-content\/uploads\/2025\/02\/SKU_2-1-860x860.jpg 860w, https:\/\/www.yunkuntech.com\/wp-content\/uploads\/2025\/02\/SKU_2-1-430x430.jpg 430w, https:\/\/www.yunkuntech.com\/wp-content\/uploads\/2025\/02\/SKU_2-1-700x700.jpg 700w\" sizes=\"auto, (max-width: 1000px) 100vw, 1000px\" \/> <img loading=\"lazy\" decoding=\"async\" class=\"alignnone size-full wp-image-8800\" src=\"http:\/\/www.yunkuntech.com\/wp-content\/uploads\/2025\/02\/SKU_3-1.jpg\" alt=\"\" width=\"1000\" height=\"1000\" srcset=\"https:\/\/www.yunkuntech.com\/wp-content\/uploads\/2025\/02\/SKU_3-1.jpg 1000w, https:\/\/www.yunkuntech.com\/wp-content\/uploads\/2025\/02\/SKU_3-1-300x300.jpg 300w, https:\/\/www.yunkuntech.com\/wp-content\/uploads\/2025\/02\/SKU_3-1-800x800.jpg 800w, https:\/\/www.yunkuntech.com\/wp-content\/uploads\/2025\/02\/SKU_3-1-150x150.jpg 150w, https:\/\/www.yunkuntech.com\/wp-content\/uploads\/2025\/02\/SKU_3-1-768x768.jpg 768w, https:\/\/www.yunkuntech.com\/wp-content\/uploads\/2025\/02\/SKU_3-1-860x860.jpg 860w, https:\/\/www.yunkuntech.com\/wp-content\/uploads\/2025\/02\/SKU_3-1-430x430.jpg 430w, https:\/\/www.yunkuntech.com\/wp-content\/uploads\/2025\/02\/SKU_3-1-700x700.jpg 700w\" sizes=\"auto, (max-width: 1000px) 100vw, 1000px\" \/> <img loading=\"lazy\" decoding=\"async\" class=\"alignnone size-full wp-image-8801\" src=\"http:\/\/www.yunkuntech.com\/wp-content\/uploads\/2025\/02\/SKU_4-1.jpg\" alt=\"\" width=\"1000\" height=\"1000\" srcset=\"https:\/\/www.yunkuntech.com\/wp-content\/uploads\/2025\/02\/SKU_4-1.jpg 1000w, https:\/\/www.yunkuntech.com\/wp-content\/uploads\/2025\/02\/SKU_4-1-300x300.jpg 300w, https:\/\/www.yunkuntech.com\/wp-content\/uploads\/2025\/02\/SKU_4-1-800x800.jpg 800w, https:\/\/www.yunkuntech.com\/wp-content\/uploads\/2025\/02\/SKU_4-1-150x150.jpg 150w, https:\/\/www.yunkuntech.com\/wp-content\/uploads\/2025\/02\/SKU_4-1-768x768.jpg 768w, https:\/\/www.yunkuntech.com\/wp-content\/uploads\/2025\/02\/SKU_4-1-860x860.jpg 860w, https:\/\/www.yunkuntech.com\/wp-content\/uploads\/2025\/02\/SKU_4-1-430x430.jpg 430w, https:\/\/www.yunkuntech.com\/wp-content\/uploads\/2025\/02\/SKU_4-1-700x700.jpg 700w\" sizes=\"auto, (max-width: 1000px) 100vw, 1000px\" \/> <img loading=\"lazy\" decoding=\"async\" class=\"alignnone size-full wp-image-8802\" src=\"http:\/\/www.yunkuntech.com\/wp-content\/uploads\/2025\/02\/SKU_5-1.jpg\" alt=\"\" width=\"1000\" height=\"1000\" srcset=\"https:\/\/www.yunkuntech.com\/wp-content\/uploads\/2025\/02\/SKU_5-1.jpg 1000w, https:\/\/www.yunkuntech.com\/wp-content\/uploads\/2025\/02\/SKU_5-1-300x300.jpg 300w, https:\/\/www.yunkuntech.com\/wp-content\/uploads\/2025\/02\/SKU_5-1-800x800.jpg 800w, https:\/\/www.yunkuntech.com\/wp-content\/uploads\/2025\/02\/SKU_5-1-150x150.jpg 150w, https:\/\/www.yunkuntech.com\/wp-content\/uploads\/2025\/02\/SKU_5-1-768x768.jpg 768w, https:\/\/www.yunkuntech.com\/wp-content\/uploads\/2025\/02\/SKU_5-1-860x860.jpg 860w, https:\/\/www.yunkuntech.com\/wp-content\/uploads\/2025\/02\/SKU_5-1-430x430.jpg 430w, https:\/\/www.yunkuntech.com\/wp-content\/uploads\/2025\/02\/SKU_5-1-700x700.jpg 700w\" sizes=\"auto, (max-width: 1000px) 100vw, 1000px\" \/><\/p>","protected":false},"excerpt":{"rendered":"<p>40000mAh Portable Wireless Charging Powerbank Cable incorporado Tres bater\u00edas Chargeur Solaire Strong LED Light Solar Power Bank Durable y resistente al agua<\/p>","protected":false},"featured_media":8792,"comment_status":"open","ping_status":"closed","template":"","meta":[],"product_cat":[20,73],"product_tag":[],"class_list":["post-8790","product","type-product","status-publish","has-post-thumbnail","hentry","product_cat-high-capacity-power-bank","product_cat-outdoor-mobile-power-supply"],"_links":{"self":[{"href":"https:\/\/www.yunkuntech.com\/es\/wp-json\/wp\/v2\/product\/8790","targetHints":{"allow":["GET"]}}],"collection":[{"href":"https:\/\/www.yunkuntech.com\/es\/wp-json\/wp\/v2\/product"}],"about":[{"href":"https:\/\/www.yunkuntech.com\/es\/wp-json\/wp\/v2\/types\/product"}],"replies":[{"embeddable":true,"href":"https:\/\/www.yunkuntech.com\/es\/wp-json\/wp\/v2\/comments?post=8790"}],"version-history":[{"count":1,"href":"https:\/\/www.yunkuntech.com\/es\/wp-json\/wp\/v2\/product\/8790\/revisions"}],"predecessor-version":[{"id":8806,"href":"https:\/\/www.yunkuntech.com\/es\/wp-json\/wp\/v2\/product\/8790\/revisions\/8806"}],"wp:featuredmedia":[{"embeddable":true,"href":"https:\/\/www.yunkuntech.com\/es\/wp-json\/wp\/v2\/media\/8792"}],"wp:attachment":[{"href":"https:\/\/www.yunkuntech.com\/es\/wp-json\/wp\/v2\/media?parent=8790"}],"wp:term":[{"taxonomy":"product_cat","embeddable":true,"href":"https:\/\/www.yunkuntech.com\/es\/wp-json\/wp\/v2\/product_cat?post=8790"},{"taxonomy":"product_tag","embeddable":true,"href":"https:\/\/www.yunkuntech.com\/es\/wp-json\/wp\/v2\/product_tag?post=8790"}],"curies":[{"name":"wp","href":"https:\/\/api.w.org\/{rel}","templated":true}]}}