{"id":8778,"date":"2025-02-17T15:37:12","date_gmt":"2025-02-17T07:37:12","guid":{"rendered":"http:\/\/www.yunkuntech.com\/?post_type=product&#038;p=8778"},"modified":"2025-02-17T15:45:49","modified_gmt":"2025-02-17T07:45:49","slug":"outdoor-waterproof-25000mah-folding-solar-panels-portable-solar-charger-power-bank-with-led-light","status":"publish","type":"product","link":"https:\/\/www.yunkuntech.com\/es\/product\/outdoor-waterproof-25000mah-folding-solar-panels-portable-solar-charger-power-bank-with-led-light\/","title":{"rendered":"Al aire libre impermeable 25000mah plegable paneles solares port\u00e1til cargador solar banco de energ\u00eda con luz LED"},"content":{"rendered":"<h1 title=\"Al aire libre impermeable 25000mah plegable paneles solares port\u00e1til cargador solar banco de energ\u00eda con luz LED\" data-spm-anchor-id=\"a2700.details.0.i70.48f85be7JrxoqY\">Al aire libre impermeable 25000mah plegable paneles solares port\u00e1til cargador solar banco de energ\u00eda con luz LED<\/h1>\n<div class=\"attribute-list\">\n<div class=\"attribute-item\">\n<div class=\"left\">\n<ul class=\"\">\n<li data-spm-anchor-id=\"a2700.details.0.i97.48f85be7JrxoqY\">Dise\u00f1o duradero y resistente al agua: Este cargador de panel solar para exteriores cuenta con una clasificaci\u00f3n IP65, lo que garantiza que resiste condiciones clim\u00e1ticas adversas y salpicaduras accidentales, por lo que es perfecto para entusiastas de las actividades al aire libre y viajeros que dependen de la energ\u00eda en zonas remotas.<\/li>\n<li>Bater\u00eda de alta capacidad: Equipado con una bater\u00eda de 25000mAh, este cargador solar proporciona una fuente de alimentaci\u00f3n extendida para m\u00faltiples dispositivos, como tel\u00e9fonos inteligentes, tabletas y altavoces port\u00e1tiles, lo que permite a los usuarios mantenerse conectados y entretenidos sobre la marcha.<\/li>\n<li data-spm-anchor-id=\"a2700.details.0.i96.48f85be7JrxoqY\">Recarga eficiente: La tecnolog\u00eda MPPT (seguimiento del punto de m\u00e1xima potencia) permite una recarga r\u00e1pida, reduciendo el tiempo necesario para reponer la bater\u00eda, lo que la convierte en una opci\u00f3n ideal para los usuarios que necesitan una fuente de energ\u00eda fiable con prisa.<\/li>\n<li>Pr\u00e1ctica carga multidispositivo: Con dos puertos USB, este cargador solar permite la carga simult\u00e1nea de varios dispositivos, agilizando el proceso de carga y ahorrando tiempo a los usuarios que necesitan cargar varios dispositivos a la vez.<\/li>\n<li>Dise\u00f1o compacto y port\u00e1til: Con unas medidas de 161x32mm cuando est\u00e1 plegado, este cargador solar es ligero y compacto, por lo que es f\u00e1cil de transportar y almacenar, ideal para usuarios que requieren una soluci\u00f3n de energ\u00eda port\u00e1til para sus aventuras al aire libre.<\/li>\n<\/ul>\n<\/div>\n<div><\/div>\n<\/div>\n<\/div>\n<h3>Otros atributos<\/h3>\n<div class=\"attribute-list\">\n<div class=\"attribute-item\">\n<div>color: Negro Shell +(Naranja,azul, Negro,Verde)<\/div>\n<div class=\"left\">interfaz de entrada\uff1ausb, DC, Micro USB, TYPE-C<\/div>\n<\/div>\n<div class=\"attribute-item\">\n<div class=\"left\">moho privado: S\u00ed<\/div>\n<\/div>\n<div class=\"attribute-item\">\n<div class=\"left\">Tipo de bater\u00eda: Bater\u00eda de pol\u00edmero de litio<\/div>\n<\/div>\n<div class=\"attribute-item\">\n<div class=\"left\">Lugar de origen: Shenzhen, China<\/div>\n<\/div>\n<div class=\"attribute-item\">\n<div class=\"left\">marca: Yunkun<\/div>\n<\/div>\n<div class=\"attribute-item\">\n<div class=\"left\">enchufe est\u00e1ndar: Universal<\/div>\n<\/div>\n<div class=\"attribute-item\">\n<div class=\"left\">Protecci\u00f3n: Sobredescarga, Protecci\u00f3n contra cortocircuitos, Sobrecarga, Baja tensi\u00f3n<\/div>\n<\/div>\n<\/div>\n<h3>Embalaje y entrega<\/h3>\n<div class=\"attribute-list\">\n<div class=\"attribute-item\">\n<div class=\"left\">Unidades de venta: Art\u00edculo individual<\/div>\n<\/div>\n<div class=\"attribute-item\">\n<div class=\"left\">Tama\u00f1o plegable: H161*32mm<\/div>\n<\/div>\n<div class=\"attribute-item\">\n<div class=\"left\">Peso bruto individual: 0,700 kg<\/div>\n<div>Tama\u00f1o del envase individual: 23X15X12 cm<\/div>\n<div>capacidad: 16000 (25000mah)<\/div>\n<div>IP: IP65<\/div>\n<\/div>\n<div>\n<h2 class=\"collapsible-title\" data-spm-anchor-id=\"a2700.details.0.i167.32465226TjjlWQ\">Personalizaci\u00f3n<\/h2>\n<div class=\"title\" data-spm-anchor-id=\"a2700.details.0.i169.32465226TjjlWQ\">Logotipo\/patr\u00f3n<\/div>\n<div class=\"info\"><strong>Pedido m\u00edn: 1 pieza<\/strong><\/div>\n<\/div>\n<div><span data-spm-anchor-id=\"a2700.details.0.i171.32465226TjjlWQ\">Para m\u00e1s detalles de personalizaci\u00f3n, p\u00f3ngase en contacto con nosotros<img loading=\"lazy\" decoding=\"async\" class=\"alignnone size-full wp-image-8779\" src=\"http:\/\/www.yunkuntech.com\/wp-content\/uploads\/2025\/02\/SKU_1.jpg\" alt=\"\" width=\"960\" height=\"960\" srcset=\"https:\/\/www.yunkuntech.com\/wp-content\/uploads\/2025\/02\/SKU_1.jpg 960w, https:\/\/www.yunkuntech.com\/wp-content\/uploads\/2025\/02\/SKU_1-300x300.jpg 300w, https:\/\/www.yunkuntech.com\/wp-content\/uploads\/2025\/02\/SKU_1-800x800.jpg 800w, https:\/\/www.yunkuntech.com\/wp-content\/uploads\/2025\/02\/SKU_1-150x150.jpg 150w, https:\/\/www.yunkuntech.com\/wp-content\/uploads\/2025\/02\/SKU_1-768x768.jpg 768w, https:\/\/www.yunkuntech.com\/wp-content\/uploads\/2025\/02\/SKU_1-860x860.jpg 860w, https:\/\/www.yunkuntech.com\/wp-content\/uploads\/2025\/02\/SKU_1-430x430.jpg 430w, https:\/\/www.yunkuntech.com\/wp-content\/uploads\/2025\/02\/SKU_1-700x700.jpg 700w\" sizes=\"auto, (max-width: 960px) 100vw, 960px\" \/> <img loading=\"lazy\" decoding=\"async\" class=\"alignnone size-full wp-image-8780\" src=\"http:\/\/www.yunkuntech.com\/wp-content\/uploads\/2025\/02\/\u4e3b\u56fe_1.jpg\" alt=\"\" width=\"800\" height=\"800\" srcset=\"https:\/\/www.yunkuntech.com\/wp-content\/uploads\/2025\/02\/\u4e3b\u56fe_1.jpg 800w, https:\/\/www.yunkuntech.com\/wp-content\/uploads\/2025\/02\/\u4e3b\u56fe_1-300x300.jpg 300w, https:\/\/www.yunkuntech.com\/wp-content\/uploads\/2025\/02\/\u4e3b\u56fe_1-150x150.jpg 150w, https:\/\/www.yunkuntech.com\/wp-content\/uploads\/2025\/02\/\u4e3b\u56fe_1-768x768.jpg 768w, https:\/\/www.yunkuntech.com\/wp-content\/uploads\/2025\/02\/\u4e3b\u56fe_1-430x430.jpg 430w, https:\/\/www.yunkuntech.com\/wp-content\/uploads\/2025\/02\/\u4e3b\u56fe_1-700x700.jpg 700w\" sizes=\"auto, (max-width: 800px) 100vw, 800px\" \/> <img loading=\"lazy\" decoding=\"async\" class=\"alignnone size-full wp-image-8781\" src=\"http:\/\/www.yunkuntech.com\/wp-content\/uploads\/2025\/02\/\u4e3b\u56fe_2.jpg\" alt=\"\" width=\"800\" height=\"800\" srcset=\"https:\/\/www.yunkuntech.com\/wp-content\/uploads\/2025\/02\/\u4e3b\u56fe_2.jpg 800w, https:\/\/www.yunkuntech.com\/wp-content\/uploads\/2025\/02\/\u4e3b\u56fe_2-300x300.jpg 300w, https:\/\/www.yunkuntech.com\/wp-content\/uploads\/2025\/02\/\u4e3b\u56fe_2-150x150.jpg 150w, https:\/\/www.yunkuntech.com\/wp-content\/uploads\/2025\/02\/\u4e3b\u56fe_2-768x768.jpg 768w, https:\/\/www.yunkuntech.com\/wp-content\/uploads\/2025\/02\/\u4e3b\u56fe_2-430x430.jpg 430w, https:\/\/www.yunkuntech.com\/wp-content\/uploads\/2025\/02\/\u4e3b\u56fe_2-700x700.jpg 700w\" sizes=\"auto, (max-width: 800px) 100vw, 800px\" \/> <img loading=\"lazy\" decoding=\"async\" class=\"alignnone size-full wp-image-8782\" src=\"http:\/\/www.yunkuntech.com\/wp-content\/uploads\/2025\/02\/\u4e3b\u56fe_3.jpg\" alt=\"\" width=\"800\" height=\"800\" srcset=\"https:\/\/www.yunkuntech.com\/wp-content\/uploads\/2025\/02\/\u4e3b\u56fe_3.jpg 800w, https:\/\/www.yunkuntech.com\/wp-content\/uploads\/2025\/02\/\u4e3b\u56fe_3-300x300.jpg 300w, https:\/\/www.yunkuntech.com\/wp-content\/uploads\/2025\/02\/\u4e3b\u56fe_3-150x150.jpg 150w, https:\/\/www.yunkuntech.com\/wp-content\/uploads\/2025\/02\/\u4e3b\u56fe_3-768x768.jpg 768w, https:\/\/www.yunkuntech.com\/wp-content\/uploads\/2025\/02\/\u4e3b\u56fe_3-430x430.jpg 430w, https:\/\/www.yunkuntech.com\/wp-content\/uploads\/2025\/02\/\u4e3b\u56fe_3-700x700.jpg 700w\" sizes=\"auto, (max-width: 800px) 100vw, 800px\" \/> <img loading=\"lazy\" decoding=\"async\" class=\"alignnone size-full wp-image-8783\" src=\"http:\/\/www.yunkuntech.com\/wp-content\/uploads\/2025\/02\/\u4e3b\u56fe_4-1.jpg\" alt=\"\" width=\"800\" height=\"800\" srcset=\"https:\/\/www.yunkuntech.com\/wp-content\/uploads\/2025\/02\/\u4e3b\u56fe_4-1.jpg 800w, https:\/\/www.yunkuntech.com\/wp-content\/uploads\/2025\/02\/\u4e3b\u56fe_4-1-300x300.jpg 300w, https:\/\/www.yunkuntech.com\/wp-content\/uploads\/2025\/02\/\u4e3b\u56fe_4-1-150x150.jpg 150w, https:\/\/www.yunkuntech.com\/wp-content\/uploads\/2025\/02\/\u4e3b\u56fe_4-1-768x768.jpg 768w, https:\/\/www.yunkuntech.com\/wp-content\/uploads\/2025\/02\/\u4e3b\u56fe_4-1-430x430.jpg 430w, https:\/\/www.yunkuntech.com\/wp-content\/uploads\/2025\/02\/\u4e3b\u56fe_4-1-700x700.jpg 700w\" sizes=\"auto, (max-width: 800px) 100vw, 800px\" \/> <img loading=\"lazy\" decoding=\"async\" class=\"alignnone size-full wp-image-8784\" src=\"http:\/\/www.yunkuntech.com\/wp-content\/uploads\/2025\/02\/\u4e3b\u56fe_5-1.jpg\" alt=\"\" width=\"790\" height=\"998\" srcset=\"https:\/\/www.yunkuntech.com\/wp-content\/uploads\/2025\/02\/\u4e3b\u56fe_5-1.jpg 790w, https:\/\/www.yunkuntech.com\/wp-content\/uploads\/2025\/02\/\u4e3b\u56fe_5-1-237x300.jpg 237w, https:\/\/www.yunkuntech.com\/wp-content\/uploads\/2025\/02\/\u4e3b\u56fe_5-1-633x800.jpg 633w, https:\/\/www.yunkuntech.com\/wp-content\/uploads\/2025\/02\/\u4e3b\u56fe_5-1-768x970.jpg 768w, https:\/\/www.yunkuntech.com\/wp-content\/uploads\/2025\/02\/\u4e3b\u56fe_5-1-430x543.jpg 430w, https:\/\/www.yunkuntech.com\/wp-content\/uploads\/2025\/02\/\u4e3b\u56fe_5-1-700x884.jpg 700w, https:\/\/www.yunkuntech.com\/wp-content\/uploads\/2025\/02\/\u4e3b\u56fe_5-1-150x189.jpg 150w\" sizes=\"auto, (max-width: 790px) 100vw, 790px\" \/> <img loading=\"lazy\" decoding=\"async\" class=\"alignnone size-full wp-image-8785\" src=\"http:\/\/www.yunkuntech.com\/wp-content\/uploads\/2025\/02\/\u4e3b\u56fe_6-1.jpg\" alt=\"\" width=\"790\" height=\"935\" srcset=\"https:\/\/www.yunkuntech.com\/wp-content\/uploads\/2025\/02\/\u4e3b\u56fe_6-1.jpg 790w, https:\/\/www.yunkuntech.com\/wp-content\/uploads\/2025\/02\/\u4e3b\u56fe_6-1-253x300.jpg 253w, https:\/\/www.yunkuntech.com\/wp-content\/uploads\/2025\/02\/\u4e3b\u56fe_6-1-676x800.jpg 676w, https:\/\/www.yunkuntech.com\/wp-content\/uploads\/2025\/02\/\u4e3b\u56fe_6-1-768x909.jpg 768w, https:\/\/www.yunkuntech.com\/wp-content\/uploads\/2025\/02\/\u4e3b\u56fe_6-1-430x509.jpg 430w, https:\/\/www.yunkuntech.com\/wp-content\/uploads\/2025\/02\/\u4e3b\u56fe_6-1-700x828.jpg 700w, https:\/\/www.yunkuntech.com\/wp-content\/uploads\/2025\/02\/\u4e3b\u56fe_6-1-150x178.jpg 150w\" sizes=\"auto, (max-width: 790px) 100vw, 790px\" \/><\/span><\/div>\n<div><\/div>\n<\/div>","protected":false},"excerpt":{"rendered":"<p>Al aire libre impermeable 25000mah plegable paneles solares port\u00e1til cargador solar banco de energ\u00eda con luz LED dise\u00f1o duradero y resistente al agua: Este al aire libre<\/p>","protected":false},"featured_media":8780,"comment_status":"open","ping_status":"closed","template":"","meta":[],"product_cat":[20,73],"product_tag":[],"class_list":["post-8778","product","type-product","status-publish","has-post-thumbnail","hentry","product_cat-high-capacity-power-bank","product_cat-outdoor-mobile-power-supply"],"_links":{"self":[{"href":"https:\/\/www.yunkuntech.com\/es\/wp-json\/wp\/v2\/product\/8778","targetHints":{"allow":["GET"]}}],"collection":[{"href":"https:\/\/www.yunkuntech.com\/es\/wp-json\/wp\/v2\/product"}],"about":[{"href":"https:\/\/www.yunkuntech.com\/es\/wp-json\/wp\/v2\/types\/product"}],"replies":[{"embeddable":true,"href":"https:\/\/www.yunkuntech.com\/es\/wp-json\/wp\/v2\/comments?post=8778"}],"version-history":[{"count":1,"href":"https:\/\/www.yunkuntech.com\/es\/wp-json\/wp\/v2\/product\/8778\/revisions"}],"predecessor-version":[{"id":8786,"href":"https:\/\/www.yunkuntech.com\/es\/wp-json\/wp\/v2\/product\/8778\/revisions\/8786"}],"wp:featuredmedia":[{"embeddable":true,"href":"https:\/\/www.yunkuntech.com\/es\/wp-json\/wp\/v2\/media\/8780"}],"wp:attachment":[{"href":"https:\/\/www.yunkuntech.com\/es\/wp-json\/wp\/v2\/media?parent=8778"}],"wp:term":[{"taxonomy":"product_cat","embeddable":true,"href":"https:\/\/www.yunkuntech.com\/es\/wp-json\/wp\/v2\/product_cat?post=8778"},{"taxonomy":"product_tag","embeddable":true,"href":"https:\/\/www.yunkuntech.com\/es\/wp-json\/wp\/v2\/product_tag?post=8778"}],"curies":[{"name":"wp","href":"https:\/\/api.w.org\/{rel}","templated":true}]}}