{"id":8760,"date":"2025-02-17T14:58:35","date_gmt":"2025-02-17T06:58:35","guid":{"rendered":"http:\/\/www.yunkuntech.com\/?post_type=product&#038;p=8760"},"modified":"2025-02-17T15:47:49","modified_gmt":"2025-02-17T07:47:49","slug":"portable-foldable-20000mah-30000mah-solar-power-panel-wireless-charging-powerbank-station-with-led-for-outdoor-camping","status":"publish","type":"product","link":"https:\/\/www.yunkuntech.com\/es\/product\/portable-foldable-20000mah-30000mah-solar-power-panel-wireless-charging-powerbank-station-with-led-for-outdoor-camping\/","title":{"rendered":"Port\u00e1til Plegable 20000mAh 30000mAh Panel Solar inal\u00e1mbrico de carga Powerbank estaci\u00f3n con LED para acampar al aire libre"},"content":{"rendered":"<h1 title=\"Cargador Plegable Port\u00e1til 20000mAh 30000mAh Panel De Energ\u00eda Solar Estaci\u00f3n De Carga Inal\u00e1mbrica Powerbank Con LED Para Camping Al Aire Libre\" data-spm-anchor-id=\"a2700.details.0.i60.32465226TjjlWQ\">Portable Plegable 2- 30000mAh Solar Power Panel de carga inal\u00e1mbrica Powerbank estaci\u00f3n con LED para acampar al aire libre<\/h1>\n<div class=\"attribute-list\">\n<div class=\"attribute-item\">\n<div class=\"left\">Color: naranja\/negro\/verde\/azul\/rojo<br \/>\ninterfaz de salida: CC, Micro USB, Tipo C, Doble Usb, Interfaz Apple.<br \/>\nfunci\u00f3n: Soporte de carga r\u00e1pida, carga de panel solar, pantalla LED, carga inal\u00e1mbrica,<br \/>\npotencia de salida: 10 W<br \/>\nMaterial: ABS, PVC, Pl\u00e1stico<\/div>\n<\/div>\n<\/div>\n<h3>Otros atributos<\/h3>\n<div class=\"attribute-list\">\n<div class=\"attribute-item\">\n<div class=\"left\">interfaz de entrada\uff1ausb, DC, Micro USB, TYPE-C<\/div>\n<\/div>\n<div class=\"attribute-item\">\n<div class=\"left\">moho privado: S\u00ed<\/div>\n<\/div>\n<div class=\"attribute-item\">\n<div class=\"left\">Tipo de bater\u00eda: Bater\u00eda de pol\u00edmero de litio<\/div>\n<\/div>\n<div class=\"attribute-item\">\n<div class=\"left\">Lugar de origen: Shenzhen, China<\/div>\n<\/div>\n<div class=\"attribute-item\">\n<div class=\"left\">marca: Yunkun<\/div>\n<\/div>\n<div class=\"attribute-item\">\n<div class=\"left\">peso: 600 g<\/div>\n<\/div>\n<div class=\"attribute-item\">\n<div class=\"left\">enchufe est\u00e1ndar: Universal<\/div>\n<\/div>\n<div class=\"attribute-item\">\n<div class=\"left\">Protecci\u00f3n: Sobredescarga, Protecci\u00f3n contra cortocircuitos, Sobrecarga, Baja tensi\u00f3n<\/div>\n<\/div>\n<\/div>\n<h3>Embalaje y entrega<\/h3>\n<div class=\"attribute-list\">\n<div class=\"attribute-item\">\n<div class=\"left\">Unidades de venta: Art\u00edculo individual<\/div>\n<\/div>\n<div class=\"attribute-item\">\n<div class=\"left\">Tama\u00f1o del envase individual: 19X11X3 cm<\/div>\n<\/div>\n<div class=\"attribute-item\">\n<div class=\"left\">Peso bruto individual: 0,620 kg<\/div>\n<\/div>\n<div>\n<h2 class=\"collapsible-title\" data-spm-anchor-id=\"a2700.details.0.i167.32465226TjjlWQ\">Personalizaci\u00f3n<\/h2>\n<div class=\"title\" data-spm-anchor-id=\"a2700.details.0.i169.32465226TjjlWQ\">Logotipo\/patr\u00f3n<\/div>\n<div class=\"info\"><strong>Pedido m\u00edn: 1 pieza<\/strong><\/div>\n<\/div>\n<div><span data-spm-anchor-id=\"a2700.details.0.i171.32465226TjjlWQ\">Para m\u00e1s detalles de personalizaci\u00f3n, p\u00f3ngase en contacto con nosotros<\/span><\/div>\n<div>\u00a0\u00a0<img loading=\"lazy\" decoding=\"async\" class=\"alignnone size-full wp-image-8767\" src=\"http:\/\/www.yunkuntech.com\/wp-content\/uploads\/2025\/02\/\u4e3b\u56fe_4.jpg\" alt=\"\" width=\"800\" height=\"696\" srcset=\"https:\/\/www.yunkuntech.com\/wp-content\/uploads\/2025\/02\/\u4e3b\u56fe_4.jpg 800w, https:\/\/www.yunkuntech.com\/wp-content\/uploads\/2025\/02\/\u4e3b\u56fe_4-345x300.jpg 345w, https:\/\/www.yunkuntech.com\/wp-content\/uploads\/2025\/02\/\u4e3b\u56fe_4-768x668.jpg 768w, https:\/\/www.yunkuntech.com\/wp-content\/uploads\/2025\/02\/\u4e3b\u56fe_4-430x374.jpg 430w, https:\/\/www.yunkuntech.com\/wp-content\/uploads\/2025\/02\/\u4e3b\u56fe_4-700x609.jpg 700w, https:\/\/www.yunkuntech.com\/wp-content\/uploads\/2025\/02\/\u4e3b\u56fe_4-150x131.jpg 150w\" sizes=\"auto, (max-width: 800px) 100vw, 800px\" \/> \u00a0\u00a0<img loading=\"lazy\" decoding=\"async\" class=\"alignnone size-full wp-image-8764\" src=\"http:\/\/www.yunkuntech.com\/wp-content\/uploads\/2025\/02\/\u8be6\u60c5\u56fe_3.jpg\" alt=\"\" width=\"800\" height=\"800\" srcset=\"https:\/\/www.yunkuntech.com\/wp-content\/uploads\/2025\/02\/\u8be6\u60c5\u56fe_3.jpg 800w, https:\/\/www.yunkuntech.com\/wp-content\/uploads\/2025\/02\/\u8be6\u60c5\u56fe_3-300x300.jpg 300w, https:\/\/www.yunkuntech.com\/wp-content\/uploads\/2025\/02\/\u8be6\u60c5\u56fe_3-150x150.jpg 150w, https:\/\/www.yunkuntech.com\/wp-content\/uploads\/2025\/02\/\u8be6\u60c5\u56fe_3-768x768.jpg 768w, https:\/\/www.yunkuntech.com\/wp-content\/uploads\/2025\/02\/\u8be6\u60c5\u56fe_3-430x430.jpg 430w, https:\/\/www.yunkuntech.com\/wp-content\/uploads\/2025\/02\/\u8be6\u60c5\u56fe_3-700x700.jpg 700w\" sizes=\"auto, (max-width: 800px) 100vw, 800px\" \/> <img loading=\"lazy\" decoding=\"async\" class=\"alignnone size-full wp-image-8763\" src=\"http:\/\/www.yunkuntech.com\/wp-content\/uploads\/2025\/02\/\u8be6\u60c5\u56fe_2.jpg\" alt=\"\" width=\"1703\" height=\"1617\" srcset=\"https:\/\/www.yunkuntech.com\/wp-content\/uploads\/2025\/02\/\u8be6\u60c5\u56fe_2.jpg 1703w, https:\/\/www.yunkuntech.com\/wp-content\/uploads\/2025\/02\/\u8be6\u60c5\u56fe_2-316x300.jpg 316w, https:\/\/www.yunkuntech.com\/wp-content\/uploads\/2025\/02\/\u8be6\u60c5\u56fe_2-843x800.jpg 843w, https:\/\/www.yunkuntech.com\/wp-content\/uploads\/2025\/02\/\u8be6\u60c5\u56fe_2-768x729.jpg 768w, https:\/\/www.yunkuntech.com\/wp-content\/uploads\/2025\/02\/\u8be6\u60c5\u56fe_2-1536x1458.jpg 1536w, https:\/\/www.yunkuntech.com\/wp-content\/uploads\/2025\/02\/\u8be6\u60c5\u56fe_2-860x817.jpg 860w, https:\/\/www.yunkuntech.com\/wp-content\/uploads\/2025\/02\/\u8be6\u60c5\u56fe_2-430x408.jpg 430w, https:\/\/www.yunkuntech.com\/wp-content\/uploads\/2025\/02\/\u8be6\u60c5\u56fe_2-700x665.jpg 700w, https:\/\/www.yunkuntech.com\/wp-content\/uploads\/2025\/02\/\u8be6\u60c5\u56fe_2-150x142.jpg 150w\" sizes=\"auto, (max-width: 1703px) 100vw, 1703px\" \/> <img loading=\"lazy\" decoding=\"async\" class=\"alignnone size-full wp-image-8762\" src=\"http:\/\/www.yunkuntech.com\/wp-content\/uploads\/2025\/02\/\u8be6\u60c5\u56fe_1.jpg\" alt=\"\" width=\"1356\" height=\"1599\" srcset=\"https:\/\/www.yunkuntech.com\/wp-content\/uploads\/2025\/02\/\u8be6\u60c5\u56fe_1.jpg 1356w, https:\/\/www.yunkuntech.com\/wp-content\/uploads\/2025\/02\/\u8be6\u60c5\u56fe_1-254x300.jpg 254w, https:\/\/www.yunkuntech.com\/wp-content\/uploads\/2025\/02\/\u8be6\u60c5\u56fe_1-678x800.jpg 678w, https:\/\/www.yunkuntech.com\/wp-content\/uploads\/2025\/02\/\u8be6\u60c5\u56fe_1-768x906.jpg 768w, https:\/\/www.yunkuntech.com\/wp-content\/uploads\/2025\/02\/\u8be6\u60c5\u56fe_1-1303x1536.jpg 1303w, https:\/\/www.yunkuntech.com\/wp-content\/uploads\/2025\/02\/\u8be6\u60c5\u56fe_1-860x1014.jpg 860w, https:\/\/www.yunkuntech.com\/wp-content\/uploads\/2025\/02\/\u8be6\u60c5\u56fe_1-430x507.jpg 430w, https:\/\/www.yunkuntech.com\/wp-content\/uploads\/2025\/02\/\u8be6\u60c5\u56fe_1-700x825.jpg 700w, https:\/\/www.yunkuntech.com\/wp-content\/uploads\/2025\/02\/\u8be6\u60c5\u56fe_1-150x177.jpg 150w\" sizes=\"auto, (max-width: 1356px) 100vw, 1356px\" \/> <img loading=\"lazy\" decoding=\"async\" class=\"alignnone size-full wp-image-8772\" src=\"http:\/\/www.yunkuntech.com\/wp-content\/uploads\/2025\/02\/SKU_4.jpg\" alt=\"\" width=\"800\" height=\"800\" srcset=\"https:\/\/www.yunkuntech.com\/wp-content\/uploads\/2025\/02\/SKU_4.jpg 800w, https:\/\/www.yunkuntech.com\/wp-content\/uploads\/2025\/02\/SKU_4-300x300.jpg 300w, https:\/\/www.yunkuntech.com\/wp-content\/uploads\/2025\/02\/SKU_4-150x150.jpg 150w, https:\/\/www.yunkuntech.com\/wp-content\/uploads\/2025\/02\/SKU_4-768x768.jpg 768w, https:\/\/www.yunkuntech.com\/wp-content\/uploads\/2025\/02\/SKU_4-430x430.jpg 430w, https:\/\/www.yunkuntech.com\/wp-content\/uploads\/2025\/02\/SKU_4-700x700.jpg 700w\" sizes=\"auto, (max-width: 800px) 100vw, 800px\" \/> \u00a0<img loading=\"lazy\" decoding=\"async\" class=\"alignnone size-full wp-image-8773\" src=\"http:\/\/www.yunkuntech.com\/wp-content\/uploads\/2025\/02\/SKU_5.jpg\" alt=\"\" width=\"800\" height=\"800\" srcset=\"https:\/\/www.yunkuntech.com\/wp-content\/uploads\/2025\/02\/SKU_5.jpg 800w, https:\/\/www.yunkuntech.com\/wp-content\/uploads\/2025\/02\/SKU_5-300x300.jpg 300w, https:\/\/www.yunkuntech.com\/wp-content\/uploads\/2025\/02\/SKU_5-150x150.jpg 150w, https:\/\/www.yunkuntech.com\/wp-content\/uploads\/2025\/02\/SKU_5-768x768.jpg 768w, https:\/\/www.yunkuntech.com\/wp-content\/uploads\/2025\/02\/SKU_5-430x430.jpg 430w, https:\/\/www.yunkuntech.com\/wp-content\/uploads\/2025\/02\/SKU_5-700x700.jpg 700w\" sizes=\"auto, (max-width: 800px) 100vw, 800px\" \/> <img loading=\"lazy\" decoding=\"async\" class=\"alignnone size-full wp-image-8770\" src=\"http:\/\/www.yunkuntech.com\/wp-content\/uploads\/2025\/02\/SKU_2.jpg\" alt=\"\" width=\"800\" height=\"800\" srcset=\"https:\/\/www.yunkuntech.com\/wp-content\/uploads\/2025\/02\/SKU_2.jpg 800w, https:\/\/www.yunkuntech.com\/wp-content\/uploads\/2025\/02\/SKU_2-300x300.jpg 300w, https:\/\/www.yunkuntech.com\/wp-content\/uploads\/2025\/02\/SKU_2-150x150.jpg 150w, https:\/\/www.yunkuntech.com\/wp-content\/uploads\/2025\/02\/SKU_2-768x768.jpg 768w, https:\/\/www.yunkuntech.com\/wp-content\/uploads\/2025\/02\/SKU_2-430x430.jpg 430w, https:\/\/www.yunkuntech.com\/wp-content\/uploads\/2025\/02\/SKU_2-700x700.jpg 700w\" sizes=\"auto, (max-width: 800px) 100vw, 800px\" \/><\/div>\n<div>\n<div><\/div>\n<\/div>\n<\/div>","protected":false},"excerpt":{"rendered":"<p>Portable Plegable 2- 30000mAh Solar Power Panel de carga inal\u00e1mbrica Powerbank estaci\u00f3n con LED para acampar al aire libre Color: naranja \/ negro \/ verde \/ azul \/ rojo interfaz de salida:<\/p>","protected":false},"featured_media":8767,"comment_status":"open","ping_status":"closed","template":"","meta":[],"product_cat":[20,73],"product_tag":[],"class_list":["post-8760","product","type-product","status-publish","has-post-thumbnail","hentry","product_cat-high-capacity-power-bank","product_cat-outdoor-mobile-power-supply"],"_links":{"self":[{"href":"https:\/\/www.yunkuntech.com\/es\/wp-json\/wp\/v2\/product\/8760","targetHints":{"allow":["GET"]}}],"collection":[{"href":"https:\/\/www.yunkuntech.com\/es\/wp-json\/wp\/v2\/product"}],"about":[{"href":"https:\/\/www.yunkuntech.com\/es\/wp-json\/wp\/v2\/types\/product"}],"replies":[{"embeddable":true,"href":"https:\/\/www.yunkuntech.com\/es\/wp-json\/wp\/v2\/comments?post=8760"}],"version-history":[{"count":4,"href":"https:\/\/www.yunkuntech.com\/es\/wp-json\/wp\/v2\/product\/8760\/revisions"}],"predecessor-version":[{"id":8777,"href":"https:\/\/www.yunkuntech.com\/es\/wp-json\/wp\/v2\/product\/8760\/revisions\/8777"}],"wp:featuredmedia":[{"embeddable":true,"href":"https:\/\/www.yunkuntech.com\/es\/wp-json\/wp\/v2\/media\/8767"}],"wp:attachment":[{"href":"https:\/\/www.yunkuntech.com\/es\/wp-json\/wp\/v2\/media?parent=8760"}],"wp:term":[{"taxonomy":"product_cat","embeddable":true,"href":"https:\/\/www.yunkuntech.com\/es\/wp-json\/wp\/v2\/product_cat?post=8760"},{"taxonomy":"product_tag","embeddable":true,"href":"https:\/\/www.yunkuntech.com\/es\/wp-json\/wp\/v2\/product_tag?post=8760"}],"curies":[{"name":"wp","href":"https:\/\/api.w.org\/{rel}","templated":true}]}}