{"id":8646,"date":"2025-01-16T20:48:45","date_gmt":"2025-01-16T12:48:45","guid":{"rendered":"http:\/\/www.yunkuntech.com\/?post_type=product&#038;p=8646"},"modified":"2025-02-14T19:29:16","modified_gmt":"2025-02-14T11:29:16","slug":"30000mah-50000mah-a-grade-solar-fast-charge-power-banks","status":"publish","type":"product","link":"https:\/\/www.yunkuntech.com\/es\/product\/30000mah-50000mah-a-grade-solar-fast-charge-power-banks\/","title":{"rendered":"\u00a030000mAh-50000mAh A Grade Solar de carga r\u00e1pida Power Banks"},"content":{"rendered":"<h3>Atributos espec\u00edficos del sector<\/h3>\n<div class=\"attribute-list\">\n<div class=\"attribute-item\">\n<div class=\"left\">interfaz de salida: Tipo C, Cuatro Usb<\/div>\n<\/div>\n<div class=\"attribute-item\">\n<div class=\"left\">Funci\u00f3n: Compatibilidad con carga r\u00e1pida, pantalla LED, carga r\u00e1pida, cuatro USB, carga bidireccional TYPE-C, carga mediante panel solar<\/div>\n<\/div>\n<div class=\"attribute-item\">\n<div class=\"left\">Tipo: Carga r\u00e1pida, Alta capacidad, PORT\u00c1TIL, Estaci\u00f3n de alimentaci\u00f3n, Pantalla LED, Estaci\u00f3n de alimentaci\u00f3n port\u00e1til<\/div>\n<\/div>\n<div class=\"attribute-item\">\n<div class=\"left\">potencia de salida: 10 W, 18 W, 22,5 W, PD20 W<\/div>\n<\/div>\n<\/div>\n<h3>Otros atributos<\/h3>\n<div class=\"attribute-list\">\n<div class=\"attribute-item\">\n<div class=\"left\"><strong>interfaz de entrada:<\/strong> Micro USB, TIPO-C<\/div>\n<\/div>\n<div class=\"attribute-item\">\n<div class=\"left\"><strong>tipo de bater\u00eda:<\/strong> Bater\u00eda de pol\u00edmero de litio<\/div>\n<\/div>\n<div class=\"attribute-item\">\n<div class=\"left\"><strong>peso:<\/strong> 1KG<\/div>\n<\/div>\n<div class=\"attribute-item\">\n<div class=\"left\"><strong>enchufe est\u00e1ndar:<\/strong> Para EE.UU.\/Canad\u00e1, Para la U.E., Para el Reino Unido, Para Australia\/Nueva Zelanda, Para Italia, Para Brasil, Para Jap\u00f3n, Universal, Micro USB, Otros<\/div>\n<\/div>\n<div class=\"attribute-item\">\n<div class=\"left\"><strong>protecci\u00f3n:<\/strong> Protecci\u00f3n contra cortocircuitos, protecci\u00f3n contra sobretensi\u00f3n, protecci\u00f3n contra sobrecarga, protecci\u00f3n contra cortocircuito de la bater\u00eda, protecci\u00f3n contra sobretemperatura, protecci\u00f3n RESET, protecci\u00f3n contra sobrecorriente, protecci\u00f3n contra sobrepotencia, protecci\u00f3n contra interferencias, protecci\u00f3n de la c\u00e9lula de la bater\u00eda, apagado autom\u00e1tico, protecci\u00f3n antirretroceso<\/div>\n<\/div>\n<div class=\"attribute-item\">\n<div class=\"left\"><strong>material:<\/strong> ABS, Pl\u00e1stico, ABS+PC<\/div>\n<\/div>\n<div class=\"attribute-item\">\n<div class=\"left\"><strong>Nombre del producto:<\/strong> Alta Capacidad 50000mah 22.5w Power Banks Carga R\u00e1pida<\/div>\n<\/div>\n<div class=\"attribute-item\">\n<div class=\"left\"><strong>Capacidad de la bater\u00eda:<\/strong> 30000mah 50000mah<\/div>\n<\/div>\n<div class=\"attribute-item\">\n<div class=\"left\"><strong>Colores:<\/strong> Blanco Negro<\/div>\n<\/div>\n<div class=\"attribute-item\">\n<div class=\"left\"><strong>Logotipo:<\/strong> Impresi\u00f3n de logotipos personalizados<\/div>\n<\/div>\n<div class=\"attribute-item\">\n<div class=\"left\"><strong>Ventaja:<\/strong>Venta directa de f\u00e1brica<\/div>\n<\/div>\n<div class=\"attribute-item\">\n<div class=\"left\"><strong>Certificaci\u00f3n:<\/strong> CE\/RoHS\/MSDS\/UN38.3<\/div>\n<\/div>\n<div class=\"attribute-item\">\n<div class=\"left\"><strong>Garant\u00eda:<\/strong> 12 meses<\/div>\n<\/div>\n<\/div>\n<h3>Embalaje y entrega<\/h3>\n<div class=\"attribute-list\">\n<div class=\"attribute-item\">\n<div class=\"left\"><strong>Tama\u00f1o de envase individual:<\/strong> 20,0X15,0X10,0 cm<\/div>\n<\/div>\n<div class=\"attribute-item\">\n<div class=\"left\"><strong>Peso bruto \u00fanico:<\/strong> 1.000 kg<\/div>\n<\/div>\n<div><img loading=\"lazy\" decoding=\"async\" class=\"alignnone size-full wp-image-8647\" src=\"http:\/\/www.yunkuntech.com\/wp-content\/uploads\/2025\/01\/\u8be6\u60c5\u56fe_17-2.jpg\" alt=\"\" width=\"800\" height=\"800\" srcset=\"https:\/\/www.yunkuntech.com\/wp-content\/uploads\/2025\/01\/\u8be6\u60c5\u56fe_17-2.jpg 800w, https:\/\/www.yunkuntech.com\/wp-content\/uploads\/2025\/01\/\u8be6\u60c5\u56fe_17-2-430x430.jpg 430w, https:\/\/www.yunkuntech.com\/wp-content\/uploads\/2025\/01\/\u8be6\u60c5\u56fe_17-2-150x150.jpg 150w, https:\/\/www.yunkuntech.com\/wp-content\/uploads\/2025\/01\/\u8be6\u60c5\u56fe_17-2-700x700.jpg 700w, https:\/\/www.yunkuntech.com\/wp-content\/uploads\/2025\/01\/\u8be6\u60c5\u56fe_17-2-300x300.jpg 300w, https:\/\/www.yunkuntech.com\/wp-content\/uploads\/2025\/01\/\u8be6\u60c5\u56fe_17-2-768x768.jpg 768w\" sizes=\"auto, (max-width: 800px) 100vw, 800px\" \/> <img loading=\"lazy\" decoding=\"async\" class=\"alignnone size-full wp-image-8648\" src=\"http:\/\/www.yunkuntech.com\/wp-content\/uploads\/2025\/01\/\u8be6\u60c5\u56fe_18.png\" alt=\"\" width=\"790\" height=\"1022\" srcset=\"https:\/\/www.yunkuntech.com\/wp-content\/uploads\/2025\/01\/\u8be6\u60c5\u56fe_18.png 790w, https:\/\/www.yunkuntech.com\/wp-content\/uploads\/2025\/01\/\u8be6\u60c5\u56fe_18-430x556.png 430w, https:\/\/www.yunkuntech.com\/wp-content\/uploads\/2025\/01\/\u8be6\u60c5\u56fe_18-150x194.png 150w, https:\/\/www.yunkuntech.com\/wp-content\/uploads\/2025\/01\/\u8be6\u60c5\u56fe_18-700x906.png 700w, https:\/\/www.yunkuntech.com\/wp-content\/uploads\/2025\/01\/\u8be6\u60c5\u56fe_18-232x300.png 232w, https:\/\/www.yunkuntech.com\/wp-content\/uploads\/2025\/01\/\u8be6\u60c5\u56fe_18-618x800.png 618w, https:\/\/www.yunkuntech.com\/wp-content\/uploads\/2025\/01\/\u8be6\u60c5\u56fe_18-768x994.png 768w\" sizes=\"auto, (max-width: 790px) 100vw, 790px\" \/> <img loading=\"lazy\" decoding=\"async\" class=\"alignnone size-full wp-image-8649\" src=\"http:\/\/www.yunkuntech.com\/wp-content\/uploads\/2025\/01\/\u8be6\u60c5\u56fe_19.png\" alt=\"\" width=\"790\" height=\"983\" srcset=\"https:\/\/www.yunkuntech.com\/wp-content\/uploads\/2025\/01\/\u8be6\u60c5\u56fe_19.png 790w, https:\/\/www.yunkuntech.com\/wp-content\/uploads\/2025\/01\/\u8be6\u60c5\u56fe_19-430x535.png 430w, https:\/\/www.yunkuntech.com\/wp-content\/uploads\/2025\/01\/\u8be6\u60c5\u56fe_19-150x187.png 150w, https:\/\/www.yunkuntech.com\/wp-content\/uploads\/2025\/01\/\u8be6\u60c5\u56fe_19-700x871.png 700w, https:\/\/www.yunkuntech.com\/wp-content\/uploads\/2025\/01\/\u8be6\u60c5\u56fe_19-241x300.png 241w, https:\/\/www.yunkuntech.com\/wp-content\/uploads\/2025\/01\/\u8be6\u60c5\u56fe_19-643x800.png 643w, https:\/\/www.yunkuntech.com\/wp-content\/uploads\/2025\/01\/\u8be6\u60c5\u56fe_19-768x956.png 768w\" sizes=\"auto, (max-width: 790px) 100vw, 790px\" \/> <img loading=\"lazy\" decoding=\"async\" class=\"alignnone size-full wp-image-8650\" src=\"http:\/\/www.yunkuntech.com\/wp-content\/uploads\/2025\/01\/\u8be6\u60c5\u56fe_20.png\" alt=\"\" width=\"790\" height=\"1038\" srcset=\"https:\/\/www.yunkuntech.com\/wp-content\/uploads\/2025\/01\/\u8be6\u60c5\u56fe_20.png 790w, https:\/\/www.yunkuntech.com\/wp-content\/uploads\/2025\/01\/\u8be6\u60c5\u56fe_20-430x565.png 430w, https:\/\/www.yunkuntech.com\/wp-content\/uploads\/2025\/01\/\u8be6\u60c5\u56fe_20-150x197.png 150w, https:\/\/www.yunkuntech.com\/wp-content\/uploads\/2025\/01\/\u8be6\u60c5\u56fe_20-700x920.png 700w, https:\/\/www.yunkuntech.com\/wp-content\/uploads\/2025\/01\/\u8be6\u60c5\u56fe_20-228x300.png 228w, https:\/\/www.yunkuntech.com\/wp-content\/uploads\/2025\/01\/\u8be6\u60c5\u56fe_20-609x800.png 609w, https:\/\/www.yunkuntech.com\/wp-content\/uploads\/2025\/01\/\u8be6\u60c5\u56fe_20-768x1009.png 768w\" sizes=\"auto, (max-width: 790px) 100vw, 790px\" \/> <img loading=\"lazy\" decoding=\"async\" class=\"alignnone size-full wp-image-8651\" src=\"http:\/\/www.yunkuntech.com\/wp-content\/uploads\/2025\/01\/\u8be6\u60c5\u56fe_21.png\" alt=\"\" width=\"790\" height=\"1213\" srcset=\"https:\/\/www.yunkuntech.com\/wp-content\/uploads\/2025\/01\/\u8be6\u60c5\u56fe_21.png 790w, https:\/\/www.yunkuntech.com\/wp-content\/uploads\/2025\/01\/\u8be6\u60c5\u56fe_21-430x660.png 430w, https:\/\/www.yunkuntech.com\/wp-content\/uploads\/2025\/01\/\u8be6\u60c5\u56fe_21-150x230.png 150w, https:\/\/www.yunkuntech.com\/wp-content\/uploads\/2025\/01\/\u8be6\u60c5\u56fe_21-700x1075.png 700w, https:\/\/www.yunkuntech.com\/wp-content\/uploads\/2025\/01\/\u8be6\u60c5\u56fe_21-195x300.png 195w, https:\/\/www.yunkuntech.com\/wp-content\/uploads\/2025\/01\/\u8be6\u60c5\u56fe_21-521x800.png 521w, https:\/\/www.yunkuntech.com\/wp-content\/uploads\/2025\/01\/\u8be6\u60c5\u56fe_21-768x1179.png 768w\" sizes=\"auto, (max-width: 790px) 100vw, 790px\" \/> <img loading=\"lazy\" decoding=\"async\" class=\"alignnone size-full wp-image-8652\" src=\"http:\/\/www.yunkuntech.com\/wp-content\/uploads\/2025\/01\/\u8be6\u60c5\u56fe_22.png\" alt=\"\" width=\"790\" height=\"1220\" srcset=\"https:\/\/www.yunkuntech.com\/wp-content\/uploads\/2025\/01\/\u8be6\u60c5\u56fe_22.png 790w, https:\/\/www.yunkuntech.com\/wp-content\/uploads\/2025\/01\/\u8be6\u60c5\u56fe_22-430x664.png 430w, https:\/\/www.yunkuntech.com\/wp-content\/uploads\/2025\/01\/\u8be6\u60c5\u56fe_22-150x232.png 150w, https:\/\/www.yunkuntech.com\/wp-content\/uploads\/2025\/01\/\u8be6\u60c5\u56fe_22-700x1081.png 700w, https:\/\/www.yunkuntech.com\/wp-content\/uploads\/2025\/01\/\u8be6\u60c5\u56fe_22-194x300.png 194w, https:\/\/www.yunkuntech.com\/wp-content\/uploads\/2025\/01\/\u8be6\u60c5\u56fe_22-518x800.png 518w, https:\/\/www.yunkuntech.com\/wp-content\/uploads\/2025\/01\/\u8be6\u60c5\u56fe_22-768x1186.png 768w\" sizes=\"auto, (max-width: 790px) 100vw, 790px\" \/> <img loading=\"lazy\" decoding=\"async\" class=\"alignnone size-full wp-image-8653\" src=\"http:\/\/www.yunkuntech.com\/wp-content\/uploads\/2025\/01\/\u8be6\u60c5\u56fe_23.png\" alt=\"\" width=\"790\" height=\"1088\" srcset=\"https:\/\/www.yunkuntech.com\/wp-content\/uploads\/2025\/01\/\u8be6\u60c5\u56fe_23.png 790w, https:\/\/www.yunkuntech.com\/wp-content\/uploads\/2025\/01\/\u8be6\u60c5\u56fe_23-430x592.png 430w, https:\/\/www.yunkuntech.com\/wp-content\/uploads\/2025\/01\/\u8be6\u60c5\u56fe_23-150x207.png 150w, https:\/\/www.yunkuntech.com\/wp-content\/uploads\/2025\/01\/\u8be6\u60c5\u56fe_23-700x964.png 700w, https:\/\/www.yunkuntech.com\/wp-content\/uploads\/2025\/01\/\u8be6\u60c5\u56fe_23-218x300.png 218w, https:\/\/www.yunkuntech.com\/wp-content\/uploads\/2025\/01\/\u8be6\u60c5\u56fe_23-581x800.png 581w, https:\/\/www.yunkuntech.com\/wp-content\/uploads\/2025\/01\/\u8be6\u60c5\u56fe_23-768x1058.png 768w\" sizes=\"auto, (max-width: 790px) 100vw, 790px\" \/> <img loading=\"lazy\" decoding=\"async\" class=\"alignnone size-full wp-image-8654\" src=\"http:\/\/www.yunkuntech.com\/wp-content\/uploads\/2025\/01\/\u8be6\u60c5\u56fe_24.png\" alt=\"\" width=\"790\" height=\"1174\" srcset=\"https:\/\/www.yunkuntech.com\/wp-content\/uploads\/2025\/01\/\u8be6\u60c5\u56fe_24.png 790w, https:\/\/www.yunkuntech.com\/wp-content\/uploads\/2025\/01\/\u8be6\u60c5\u56fe_24-430x639.png 430w, https:\/\/www.yunkuntech.com\/wp-content\/uploads\/2025\/01\/\u8be6\u60c5\u56fe_24-150x223.png 150w, https:\/\/www.yunkuntech.com\/wp-content\/uploads\/2025\/01\/\u8be6\u60c5\u56fe_24-700x1040.png 700w, https:\/\/www.yunkuntech.com\/wp-content\/uploads\/2025\/01\/\u8be6\u60c5\u56fe_24-202x300.png 202w, https:\/\/www.yunkuntech.com\/wp-content\/uploads\/2025\/01\/\u8be6\u60c5\u56fe_24-538x800.png 538w, https:\/\/www.yunkuntech.com\/wp-content\/uploads\/2025\/01\/\u8be6\u60c5\u56fe_24-768x1141.png 768w\" sizes=\"auto, (max-width: 790px) 100vw, 790px\" \/><\/div>\n<\/div>","protected":false},"excerpt":{"rendered":"<p>Interfaz de salida de atributos espec\u00edficos de la industria: Tipo C, Cuatro Usb funci\u00f3n: Soporte de carga r\u00e1pida, Pantalla LED, Carga r\u00e1pida, Cuatro USB, TYPE-C Bidireccional<\/p>","protected":false},"featured_media":8653,"comment_status":"open","ping_status":"closed","template":"","meta":[],"product_cat":[20,73],"product_tag":[],"class_list":["post-8646","product","type-product","status-publish","has-post-thumbnail","hentry","product_cat-high-capacity-power-bank","product_cat-outdoor-mobile-power-supply"],"_links":{"self":[{"href":"https:\/\/www.yunkuntech.com\/es\/wp-json\/wp\/v2\/product\/8646","targetHints":{"allow":["GET"]}}],"collection":[{"href":"https:\/\/www.yunkuntech.com\/es\/wp-json\/wp\/v2\/product"}],"about":[{"href":"https:\/\/www.yunkuntech.com\/es\/wp-json\/wp\/v2\/types\/product"}],"replies":[{"embeddable":true,"href":"https:\/\/www.yunkuntech.com\/es\/wp-json\/wp\/v2\/comments?post=8646"}],"version-history":[{"count":1,"href":"https:\/\/www.yunkuntech.com\/es\/wp-json\/wp\/v2\/product\/8646\/revisions"}],"predecessor-version":[{"id":8655,"href":"https:\/\/www.yunkuntech.com\/es\/wp-json\/wp\/v2\/product\/8646\/revisions\/8655"}],"wp:featuredmedia":[{"embeddable":true,"href":"https:\/\/www.yunkuntech.com\/es\/wp-json\/wp\/v2\/media\/8653"}],"wp:attachment":[{"href":"https:\/\/www.yunkuntech.com\/es\/wp-json\/wp\/v2\/media?parent=8646"}],"wp:term":[{"taxonomy":"product_cat","embeddable":true,"href":"https:\/\/www.yunkuntech.com\/es\/wp-json\/wp\/v2\/product_cat?post=8646"},{"taxonomy":"product_tag","embeddable":true,"href":"https:\/\/www.yunkuntech.com\/es\/wp-json\/wp\/v2\/product_tag?post=8646"}],"curies":[{"name":"wp","href":"https:\/\/api.w.org\/{rel}","templated":true}]}}