{"id":8586,"date":"2025-01-16T18:56:41","date_gmt":"2025-01-16T10:56:41","guid":{"rendered":"http:\/\/www.yunkuntech.com\/?post_type=product&#038;p=8586"},"modified":"2025-01-16T21:28:01","modified_gmt":"2025-01-16T13:28:01","slug":"power-bank-2-50000mah-power-bank-fast-charging-four-port-output","status":"publish","type":"product","link":"https:\/\/www.yunkuntech.com\/es\/product\/power-bank-2-50000mah-power-bank-fast-charging-four-port-output\/","title":{"rendered":"Power Bank 2-50000Mah Power Bank Carga R\u00e1pida Salida Cuatro Puertos"},"content":{"rendered":"<h2 class=\"att-title\" data-spm-anchor-id=\"a2700.details.0.i89.58401579kGa3nG\">Atributos clave<\/h2>\n<p><strong>interfaz de salida :<\/strong> Micro USB, TIPO-C<\/p>\n<p><strong>funci\u00f3n:<\/strong> Pantalla LED<\/p>\n<p><strong>tipo:<\/strong>\u00a0Ultrafino, carga r\u00e1pida, alta capacidad, port\u00e1til, estaci\u00f3n de alimentaci\u00f3n, pantalla LED, para exteriores<\/p>\n<p><strong>interfaz de entrada:<\/strong>Micro USB, TIPO-C<\/p>\n<p><strong>Salida y entrada USB:<\/strong> 5v2.1A<\/p>\n<p><strong>Color:<\/strong> Negro,Blanco<\/p>\n<p><strong>tipo de bater\u00eda:<\/strong>\u00a0Bater\u00eda de pol\u00edmero de litio<\/p>\n<p><strong>Peso neto:<\/strong>435g<\/p>\n<p><strong>enchufe est\u00e1ndar:<\/strong>\u00a0Universal<\/p>\n<p><strong>protecci\u00f3n:<\/strong>\u00a0Sobredescarga, Protecci\u00f3n contra cortocircuitos, Sobrecarga, Baja tensi\u00f3n<\/p>\n<p><strong>capacidad de la bater\u00eda:<\/strong> 2-50000mah<\/p>\n<p><strong>colores:<\/strong>\u00a0Gris Negro Azul<\/p>\n<p><strong>garant\u00eda:<\/strong>\u00a012 meses<\/p>\n<p><strong>certificaci\u00f3n:<\/strong>\u00a0CE ROHS FCC MSDS UN38.8<\/p>\n<p><strong>tama\u00f1o de envase individual:<\/strong> 148x68x58MM<\/p>\n<p><img loading=\"lazy\" decoding=\"async\" class=\"alignnone size-full wp-image-8587\" src=\"http:\/\/www.yunkuntech.com\/wp-content\/uploads\/2025\/01\/\u8be6\u60c5\u56fe_14-1.jpg\" alt=\"\" width=\"800\" height=\"800\" srcset=\"https:\/\/www.yunkuntech.com\/wp-content\/uploads\/2025\/01\/\u8be6\u60c5\u56fe_14-1.jpg 800w, https:\/\/www.yunkuntech.com\/wp-content\/uploads\/2025\/01\/\u8be6\u60c5\u56fe_14-1-430x430.jpg 430w, https:\/\/www.yunkuntech.com\/wp-content\/uploads\/2025\/01\/\u8be6\u60c5\u56fe_14-1-150x150.jpg 150w, https:\/\/www.yunkuntech.com\/wp-content\/uploads\/2025\/01\/\u8be6\u60c5\u56fe_14-1-700x700.jpg 700w, https:\/\/www.yunkuntech.com\/wp-content\/uploads\/2025\/01\/\u8be6\u60c5\u56fe_14-1-300x300.jpg 300w, https:\/\/www.yunkuntech.com\/wp-content\/uploads\/2025\/01\/\u8be6\u60c5\u56fe_14-1-768x768.jpg 768w\" sizes=\"auto, (max-width: 800px) 100vw, 800px\" \/> <img loading=\"lazy\" decoding=\"async\" class=\"alignnone size-full wp-image-8588\" src=\"http:\/\/www.yunkuntech.com\/wp-content\/uploads\/2025\/01\/\u8be6\u60c5\u56fe_13.jpg\" alt=\"\" width=\"800\" height=\"800\" srcset=\"https:\/\/www.yunkuntech.com\/wp-content\/uploads\/2025\/01\/\u8be6\u60c5\u56fe_13.jpg 800w, https:\/\/www.yunkuntech.com\/wp-content\/uploads\/2025\/01\/\u8be6\u60c5\u56fe_13-430x430.jpg 430w, https:\/\/www.yunkuntech.com\/wp-content\/uploads\/2025\/01\/\u8be6\u60c5\u56fe_13-150x150.jpg 150w, https:\/\/www.yunkuntech.com\/wp-content\/uploads\/2025\/01\/\u8be6\u60c5\u56fe_13-700x700.jpg 700w, https:\/\/www.yunkuntech.com\/wp-content\/uploads\/2025\/01\/\u8be6\u60c5\u56fe_13-300x300.jpg 300w, https:\/\/www.yunkuntech.com\/wp-content\/uploads\/2025\/01\/\u8be6\u60c5\u56fe_13-768x768.jpg 768w\" sizes=\"auto, (max-width: 800px) 100vw, 800px\" \/> <img loading=\"lazy\" decoding=\"async\" class=\"alignnone size-full wp-image-8589\" src=\"http:\/\/www.yunkuntech.com\/wp-content\/uploads\/2025\/01\/\u4e3b\u56fe_1-1.png\" alt=\"\" width=\"960\" height=\"960\" srcset=\"https:\/\/www.yunkuntech.com\/wp-content\/uploads\/2025\/01\/\u4e3b\u56fe_1-1.png 960w, https:\/\/www.yunkuntech.com\/wp-content\/uploads\/2025\/01\/\u4e3b\u56fe_1-1-430x430.png 430w, https:\/\/www.yunkuntech.com\/wp-content\/uploads\/2025\/01\/\u4e3b\u56fe_1-1-150x150.png 150w, https:\/\/www.yunkuntech.com\/wp-content\/uploads\/2025\/01\/\u4e3b\u56fe_1-1-700x700.png 700w, https:\/\/www.yunkuntech.com\/wp-content\/uploads\/2025\/01\/\u4e3b\u56fe_1-1-300x300.png 300w, https:\/\/www.yunkuntech.com\/wp-content\/uploads\/2025\/01\/\u4e3b\u56fe_1-1-800x800.png 800w, https:\/\/www.yunkuntech.com\/wp-content\/uploads\/2025\/01\/\u4e3b\u56fe_1-1-768x768.png 768w, https:\/\/www.yunkuntech.com\/wp-content\/uploads\/2025\/01\/\u4e3b\u56fe_1-1-860x860.png 860w\" sizes=\"auto, (max-width: 960px) 100vw, 960px\" \/> <img loading=\"lazy\" decoding=\"async\" class=\"alignnone size-full wp-image-8590\" src=\"http:\/\/www.yunkuntech.com\/wp-content\/uploads\/2025\/01\/\u4e3b\u56fe_2.png\" alt=\"\" width=\"750\" height=\"800\" srcset=\"https:\/\/www.yunkuntech.com\/wp-content\/uploads\/2025\/01\/\u4e3b\u56fe_2.png 750w, https:\/\/www.yunkuntech.com\/wp-content\/uploads\/2025\/01\/\u4e3b\u56fe_2-430x459.png 430w, https:\/\/www.yunkuntech.com\/wp-content\/uploads\/2025\/01\/\u4e3b\u56fe_2-150x160.png 150w, https:\/\/www.yunkuntech.com\/wp-content\/uploads\/2025\/01\/\u4e3b\u56fe_2-700x747.png 700w, https:\/\/www.yunkuntech.com\/wp-content\/uploads\/2025\/01\/\u4e3b\u56fe_2-281x300.png 281w\" sizes=\"auto, (max-width: 750px) 100vw, 750px\" \/> <img loading=\"lazy\" decoding=\"async\" class=\"alignnone size-full wp-image-8591\" src=\"http:\/\/www.yunkuntech.com\/wp-content\/uploads\/2025\/01\/\u4e3b\u56fe_3.png\" alt=\"\" width=\"1000\" height=\"1000\" srcset=\"https:\/\/www.yunkuntech.com\/wp-content\/uploads\/2025\/01\/\u4e3b\u56fe_3.png 1000w, https:\/\/www.yunkuntech.com\/wp-content\/uploads\/2025\/01\/\u4e3b\u56fe_3-430x430.png 430w, https:\/\/www.yunkuntech.com\/wp-content\/uploads\/2025\/01\/\u4e3b\u56fe_3-150x150.png 150w, https:\/\/www.yunkuntech.com\/wp-content\/uploads\/2025\/01\/\u4e3b\u56fe_3-700x700.png 700w, https:\/\/www.yunkuntech.com\/wp-content\/uploads\/2025\/01\/\u4e3b\u56fe_3-300x300.png 300w, https:\/\/www.yunkuntech.com\/wp-content\/uploads\/2025\/01\/\u4e3b\u56fe_3-800x800.png 800w, https:\/\/www.yunkuntech.com\/wp-content\/uploads\/2025\/01\/\u4e3b\u56fe_3-768x768.png 768w, https:\/\/www.yunkuntech.com\/wp-content\/uploads\/2025\/01\/\u4e3b\u56fe_3-860x860.png 860w\" sizes=\"auto, (max-width: 1000px) 100vw, 1000px\" \/> <img loading=\"lazy\" decoding=\"async\" class=\"alignnone size-full wp-image-8592\" src=\"http:\/\/www.yunkuntech.com\/wp-content\/uploads\/2025\/01\/\u4e3b\u56fe_4-1.png\" alt=\"\" width=\"960\" height=\"960\" srcset=\"https:\/\/www.yunkuntech.com\/wp-content\/uploads\/2025\/01\/\u4e3b\u56fe_4-1.png 960w, https:\/\/www.yunkuntech.com\/wp-content\/uploads\/2025\/01\/\u4e3b\u56fe_4-1-430x430.png 430w, https:\/\/www.yunkuntech.com\/wp-content\/uploads\/2025\/01\/\u4e3b\u56fe_4-1-150x150.png 150w, https:\/\/www.yunkuntech.com\/wp-content\/uploads\/2025\/01\/\u4e3b\u56fe_4-1-700x700.png 700w, https:\/\/www.yunkuntech.com\/wp-content\/uploads\/2025\/01\/\u4e3b\u56fe_4-1-300x300.png 300w, https:\/\/www.yunkuntech.com\/wp-content\/uploads\/2025\/01\/\u4e3b\u56fe_4-1-800x800.png 800w, https:\/\/www.yunkuntech.com\/wp-content\/uploads\/2025\/01\/\u4e3b\u56fe_4-1-768x768.png 768w, https:\/\/www.yunkuntech.com\/wp-content\/uploads\/2025\/01\/\u4e3b\u56fe_4-1-860x860.png 860w\" sizes=\"auto, (max-width: 960px) 100vw, 960px\" \/> <img loading=\"lazy\" decoding=\"async\" class=\"alignnone size-full wp-image-8593\" src=\"http:\/\/www.yunkuntech.com\/wp-content\/uploads\/2025\/01\/\u4e3b\u56fe_5.png\" alt=\"\" width=\"750\" height=\"800\" srcset=\"https:\/\/www.yunkuntech.com\/wp-content\/uploads\/2025\/01\/\u4e3b\u56fe_5.png 750w, https:\/\/www.yunkuntech.com\/wp-content\/uploads\/2025\/01\/\u4e3b\u56fe_5-430x459.png 430w, https:\/\/www.yunkuntech.com\/wp-content\/uploads\/2025\/01\/\u4e3b\u56fe_5-150x160.png 150w, https:\/\/www.yunkuntech.com\/wp-content\/uploads\/2025\/01\/\u4e3b\u56fe_5-700x747.png 700w, https:\/\/www.yunkuntech.com\/wp-content\/uploads\/2025\/01\/\u4e3b\u56fe_5-281x300.png 281w\" sizes=\"auto, (max-width: 750px) 100vw, 750px\" \/> <img loading=\"lazy\" decoding=\"async\" class=\"alignnone size-full wp-image-8594\" src=\"http:\/\/www.yunkuntech.com\/wp-content\/uploads\/2025\/01\/\u4e3b\u56fe_6.png\" alt=\"\" width=\"750\" height=\"800\" srcset=\"https:\/\/www.yunkuntech.com\/wp-content\/uploads\/2025\/01\/\u4e3b\u56fe_6.png 750w, https:\/\/www.yunkuntech.com\/wp-content\/uploads\/2025\/01\/\u4e3b\u56fe_6-430x459.png 430w, https:\/\/www.yunkuntech.com\/wp-content\/uploads\/2025\/01\/\u4e3b\u56fe_6-150x160.png 150w, https:\/\/www.yunkuntech.com\/wp-content\/uploads\/2025\/01\/\u4e3b\u56fe_6-700x747.png 700w, https:\/\/www.yunkuntech.com\/wp-content\/uploads\/2025\/01\/\u4e3b\u56fe_6-281x300.png 281w\" sizes=\"auto, (max-width: 750px) 100vw, 750px\" \/> <img loading=\"lazy\" decoding=\"async\" class=\"alignnone size-full wp-image-8595\" src=\"http:\/\/www.yunkuntech.com\/wp-content\/uploads\/2025\/01\/\u8be6\u60c5\u56fe_30.jpg\" alt=\"\" width=\"1500\" height=\"768\" srcset=\"https:\/\/www.yunkuntech.com\/wp-content\/uploads\/2025\/01\/\u8be6\u60c5\u56fe_30.jpg 1500w, https:\/\/www.yunkuntech.com\/wp-content\/uploads\/2025\/01\/\u8be6\u60c5\u56fe_30-430x220.jpg 430w, https:\/\/www.yunkuntech.com\/wp-content\/uploads\/2025\/01\/\u8be6\u60c5\u56fe_30-150x77.jpg 150w, https:\/\/www.yunkuntech.com\/wp-content\/uploads\/2025\/01\/\u8be6\u60c5\u56fe_30-700x358.jpg 700w, https:\/\/www.yunkuntech.com\/wp-content\/uploads\/2025\/01\/\u8be6\u60c5\u56fe_30-400x205.jpg 400w, https:\/\/www.yunkuntech.com\/wp-content\/uploads\/2025\/01\/\u8be6\u60c5\u56fe_30-1300x666.jpg 1300w, https:\/\/www.yunkuntech.com\/wp-content\/uploads\/2025\/01\/\u8be6\u60c5\u56fe_30-768x393.jpg 768w, https:\/\/www.yunkuntech.com\/wp-content\/uploads\/2025\/01\/\u8be6\u60c5\u56fe_30-860x440.jpg 860w\" sizes=\"auto, (max-width: 1500px) 100vw, 1500px\" \/><\/p>","protected":false},"excerpt":{"rendered":"<p>Atributos clave interfaz de salida : Micro USB, TYPE-C funci\u00f3n: LED Tipo de pantalla: Ultra delgado, carga r\u00e1pida, alta capacidad, PORT\u00c1TIL, Power Staion,<\/p>","protected":false},"featured_media":8591,"comment_status":"open","ping_status":"closed","template":"","meta":[],"product_cat":[20],"product_tag":[],"class_list":["post-8586","product","type-product","status-publish","has-post-thumbnail","hentry","product_cat-high-capacity-power-bank"],"_links":{"self":[{"href":"https:\/\/www.yunkuntech.com\/es\/wp-json\/wp\/v2\/product\/8586","targetHints":{"allow":["GET"]}}],"collection":[{"href":"https:\/\/www.yunkuntech.com\/es\/wp-json\/wp\/v2\/product"}],"about":[{"href":"https:\/\/www.yunkuntech.com\/es\/wp-json\/wp\/v2\/types\/product"}],"replies":[{"embeddable":true,"href":"https:\/\/www.yunkuntech.com\/es\/wp-json\/wp\/v2\/comments?post=8586"}],"version-history":[{"count":1,"href":"https:\/\/www.yunkuntech.com\/es\/wp-json\/wp\/v2\/product\/8586\/revisions"}],"predecessor-version":[{"id":8596,"href":"https:\/\/www.yunkuntech.com\/es\/wp-json\/wp\/v2\/product\/8586\/revisions\/8596"}],"wp:featuredmedia":[{"embeddable":true,"href":"https:\/\/www.yunkuntech.com\/es\/wp-json\/wp\/v2\/media\/8591"}],"wp:attachment":[{"href":"https:\/\/www.yunkuntech.com\/es\/wp-json\/wp\/v2\/media?parent=8586"}],"wp:term":[{"taxonomy":"product_cat","embeddable":true,"href":"https:\/\/www.yunkuntech.com\/es\/wp-json\/wp\/v2\/product_cat?post=8586"},{"taxonomy":"product_tag","embeddable":true,"href":"https:\/\/www.yunkuntech.com\/es\/wp-json\/wp\/v2\/product_tag?post=8586"}],"curies":[{"name":"wp","href":"https:\/\/api.w.org\/{rel}","templated":true}]}}