{"id":8578,"date":"2025-01-16T17:30:09","date_gmt":"2025-01-16T09:30:09","guid":{"rendered":"http:\/\/www.yunkuntech.com\/?post_type=product&#038;p=8578"},"modified":"2025-02-14T19:27:05","modified_gmt":"2025-02-14T11:27:05","slug":"60000mah-high-capacity-power-bank-fast-charging-65w-with-four-ports-for-phones-and-laptops-ect","status":"publish","type":"product","link":"https:\/\/www.yunkuntech.com\/es\/product\/60000mah-high-capacity-power-bank-fast-charging-65w-with-four-ports-for-phones-and-laptops-ect\/","title":{"rendered":"60000mAh de alta capacidad de carga r\u00e1pida 65W Power Bank con cuatro puertos para tel\u00e9fonos y ordenadores port\u00e1tiles ect"},"content":{"rendered":"<h2 class=\"att-title\" data-spm-anchor-id=\"a2700.details.0.i89.58401579kGa3nG\">Atributos clave<\/h2>\n<p><strong>interfaz de salida :<\/strong> DC, Tipo C, USB\/DC, USB\/MICRO USB, Cuatro Usb, Interfaz Apple\/Micro USB<\/p>\n<p><strong>funci\u00f3n:<\/strong>\u00a0Soporte de carga r\u00e1pida, pantalla LED<\/p>\n<p><strong>tipo:<\/strong>\u00a0Ultrafino, carga r\u00e1pida, alta capacidad, port\u00e1til, estaci\u00f3n de alimentaci\u00f3n, pantalla LED, para exteriores<\/p>\n<p><strong>potencia de salida:<\/strong>65w, 100w<\/p>\n<p><strong>interfaz de entrada:<\/strong> usb, c.c., c.a., TIPO-C<\/p>\n<p><strong>Salida de CA:<\/strong> 110V\u00b110%\/60HZ<\/p>\n<p><strong>tipo de bater\u00eda:<\/strong>\u00a0Bater\u00eda de pol\u00edmero de litio<\/p>\n<p><strong>Peso neto:<\/strong> 1500g<\/p>\n<p><strong>Material:<\/strong>\u00a0ALUMINIO<\/p>\n<p><strong>enchufe est\u00e1ndar:<\/strong>\u00a0Universal<\/p>\n<p><strong>protecci\u00f3n:<\/strong>\u00a0Sobredescarga, Protecci\u00f3n contra cortocircuitos, Sobrecarga, Baja tensi\u00f3n<\/p>\n<p><strong>capacidad de la bater\u00eda:<\/strong>\u00a060000mah<\/p>\n<p><strong>puerto usb:<\/strong>\u00a02 puertos tipo C \/ 2 puertos USB<\/p>\n<p><strong>colores:<\/strong>\u00a0Gris Negro Azul<\/p>\n<p><strong>garant\u00eda:<\/strong>\u00a012 meses<\/p>\n<p><strong>certificaci\u00f3n:<\/strong>\u00a0CE ROHS FCC MSDS UN38.8<\/p>\n<p><strong>tama\u00f1o de envase individual:<\/strong> 135*81*85mm<\/p>\n<p><img loading=\"lazy\" decoding=\"async\" class=\"alignnone size-full wp-image-8584\" src=\"http:\/\/www.yunkuntech.com\/wp-content\/uploads\/2025\/01\/\u8be6\u60c5\u56fe_19.jpg\" alt=\"\" width=\"960\" height=\"960\" srcset=\"https:\/\/www.yunkuntech.com\/wp-content\/uploads\/2025\/01\/\u8be6\u60c5\u56fe_19.jpg 960w, https:\/\/www.yunkuntech.com\/wp-content\/uploads\/2025\/01\/\u8be6\u60c5\u56fe_19-430x430.jpg 430w, https:\/\/www.yunkuntech.com\/wp-content\/uploads\/2025\/01\/\u8be6\u60c5\u56fe_19-150x150.jpg 150w, https:\/\/www.yunkuntech.com\/wp-content\/uploads\/2025\/01\/\u8be6\u60c5\u56fe_19-700x700.jpg 700w, https:\/\/www.yunkuntech.com\/wp-content\/uploads\/2025\/01\/\u8be6\u60c5\u56fe_19-300x300.jpg 300w, https:\/\/www.yunkuntech.com\/wp-content\/uploads\/2025\/01\/\u8be6\u60c5\u56fe_19-800x800.jpg 800w, https:\/\/www.yunkuntech.com\/wp-content\/uploads\/2025\/01\/\u8be6\u60c5\u56fe_19-768x768.jpg 768w, https:\/\/www.yunkuntech.com\/wp-content\/uploads\/2025\/01\/\u8be6\u60c5\u56fe_19-860x860.jpg 860w\" sizes=\"auto, (max-width: 960px) 100vw, 960px\" \/> <img loading=\"lazy\" decoding=\"async\" class=\"alignnone size-full wp-image-8583\" src=\"http:\/\/www.yunkuntech.com\/wp-content\/uploads\/2025\/01\/\u8be6\u60c5\u56fe_18.jpg\" alt=\"\" width=\"960\" height=\"960\" srcset=\"https:\/\/www.yunkuntech.com\/wp-content\/uploads\/2025\/01\/\u8be6\u60c5\u56fe_18.jpg 960w, https:\/\/www.yunkuntech.com\/wp-content\/uploads\/2025\/01\/\u8be6\u60c5\u56fe_18-430x430.jpg 430w, https:\/\/www.yunkuntech.com\/wp-content\/uploads\/2025\/01\/\u8be6\u60c5\u56fe_18-150x150.jpg 150w, https:\/\/www.yunkuntech.com\/wp-content\/uploads\/2025\/01\/\u8be6\u60c5\u56fe_18-700x700.jpg 700w, https:\/\/www.yunkuntech.com\/wp-content\/uploads\/2025\/01\/\u8be6\u60c5\u56fe_18-300x300.jpg 300w, https:\/\/www.yunkuntech.com\/wp-content\/uploads\/2025\/01\/\u8be6\u60c5\u56fe_18-800x800.jpg 800w, https:\/\/www.yunkuntech.com\/wp-content\/uploads\/2025\/01\/\u8be6\u60c5\u56fe_18-768x768.jpg 768w, https:\/\/www.yunkuntech.com\/wp-content\/uploads\/2025\/01\/\u8be6\u60c5\u56fe_18-860x860.jpg 860w\" sizes=\"auto, (max-width: 960px) 100vw, 960px\" \/> <img loading=\"lazy\" decoding=\"async\" class=\"alignnone size-full wp-image-8582\" src=\"http:\/\/www.yunkuntech.com\/wp-content\/uploads\/2025\/01\/\u8be6\u60c5\u56fe_20.jpg\" alt=\"\" width=\"800\" height=\"800\" srcset=\"https:\/\/www.yunkuntech.com\/wp-content\/uploads\/2025\/01\/\u8be6\u60c5\u56fe_20.jpg 800w, https:\/\/www.yunkuntech.com\/wp-content\/uploads\/2025\/01\/\u8be6\u60c5\u56fe_20-430x430.jpg 430w, https:\/\/www.yunkuntech.com\/wp-content\/uploads\/2025\/01\/\u8be6\u60c5\u56fe_20-150x150.jpg 150w, https:\/\/www.yunkuntech.com\/wp-content\/uploads\/2025\/01\/\u8be6\u60c5\u56fe_20-700x700.jpg 700w, https:\/\/www.yunkuntech.com\/wp-content\/uploads\/2025\/01\/\u8be6\u60c5\u56fe_20-300x300.jpg 300w, https:\/\/www.yunkuntech.com\/wp-content\/uploads\/2025\/01\/\u8be6\u60c5\u56fe_20-768x768.jpg 768w\" sizes=\"auto, (max-width: 800px) 100vw, 800px\" \/> <img loading=\"lazy\" decoding=\"async\" class=\"alignnone size-full wp-image-8581\" src=\"http:\/\/www.yunkuntech.com\/wp-content\/uploads\/2025\/01\/\u8be6\u60c5\u56fe_17.jpg\" alt=\"\" width=\"960\" height=\"960\" srcset=\"https:\/\/www.yunkuntech.com\/wp-content\/uploads\/2025\/01\/\u8be6\u60c5\u56fe_17.jpg 960w, https:\/\/www.yunkuntech.com\/wp-content\/uploads\/2025\/01\/\u8be6\u60c5\u56fe_17-430x430.jpg 430w, https:\/\/www.yunkuntech.com\/wp-content\/uploads\/2025\/01\/\u8be6\u60c5\u56fe_17-150x150.jpg 150w, https:\/\/www.yunkuntech.com\/wp-content\/uploads\/2025\/01\/\u8be6\u60c5\u56fe_17-700x700.jpg 700w, https:\/\/www.yunkuntech.com\/wp-content\/uploads\/2025\/01\/\u8be6\u60c5\u56fe_17-300x300.jpg 300w, https:\/\/www.yunkuntech.com\/wp-content\/uploads\/2025\/01\/\u8be6\u60c5\u56fe_17-800x800.jpg 800w, https:\/\/www.yunkuntech.com\/wp-content\/uploads\/2025\/01\/\u8be6\u60c5\u56fe_17-768x768.jpg 768w, https:\/\/www.yunkuntech.com\/wp-content\/uploads\/2025\/01\/\u8be6\u60c5\u56fe_17-860x860.jpg 860w\" sizes=\"auto, (max-width: 960px) 100vw, 960px\" \/> <img loading=\"lazy\" decoding=\"async\" class=\"alignnone size-full wp-image-8580\" src=\"http:\/\/www.yunkuntech.com\/wp-content\/uploads\/2025\/01\/\u8be6\u60c5\u56fe_16.jpg\" alt=\"\" width=\"960\" height=\"960\" srcset=\"https:\/\/www.yunkuntech.com\/wp-content\/uploads\/2025\/01\/\u8be6\u60c5\u56fe_16.jpg 960w, https:\/\/www.yunkuntech.com\/wp-content\/uploads\/2025\/01\/\u8be6\u60c5\u56fe_16-430x430.jpg 430w, https:\/\/www.yunkuntech.com\/wp-content\/uploads\/2025\/01\/\u8be6\u60c5\u56fe_16-150x150.jpg 150w, https:\/\/www.yunkuntech.com\/wp-content\/uploads\/2025\/01\/\u8be6\u60c5\u56fe_16-700x700.jpg 700w, https:\/\/www.yunkuntech.com\/wp-content\/uploads\/2025\/01\/\u8be6\u60c5\u56fe_16-300x300.jpg 300w, https:\/\/www.yunkuntech.com\/wp-content\/uploads\/2025\/01\/\u8be6\u60c5\u56fe_16-800x800.jpg 800w, https:\/\/www.yunkuntech.com\/wp-content\/uploads\/2025\/01\/\u8be6\u60c5\u56fe_16-768x768.jpg 768w, https:\/\/www.yunkuntech.com\/wp-content\/uploads\/2025\/01\/\u8be6\u60c5\u56fe_16-860x860.jpg 860w\" sizes=\"auto, (max-width: 960px) 100vw, 960px\" \/> <img loading=\"lazy\" decoding=\"async\" class=\"alignnone size-full wp-image-8579\" src=\"http:\/\/www.yunkuntech.com\/wp-content\/uploads\/2025\/01\/\u8be6\u60c5\u56fe_15.jpg\" alt=\"\" width=\"800\" height=\"800\" srcset=\"https:\/\/www.yunkuntech.com\/wp-content\/uploads\/2025\/01\/\u8be6\u60c5\u56fe_15.jpg 800w, https:\/\/www.yunkuntech.com\/wp-content\/uploads\/2025\/01\/\u8be6\u60c5\u56fe_15-430x430.jpg 430w, https:\/\/www.yunkuntech.com\/wp-content\/uploads\/2025\/01\/\u8be6\u60c5\u56fe_15-150x150.jpg 150w, https:\/\/www.yunkuntech.com\/wp-content\/uploads\/2025\/01\/\u8be6\u60c5\u56fe_15-700x700.jpg 700w, https:\/\/www.yunkuntech.com\/wp-content\/uploads\/2025\/01\/\u8be6\u60c5\u56fe_15-300x300.jpg 300w, https:\/\/www.yunkuntech.com\/wp-content\/uploads\/2025\/01\/\u8be6\u60c5\u56fe_15-768x768.jpg 768w\" sizes=\"auto, (max-width: 800px) 100vw, 800px\" \/><\/p>","protected":false},"excerpt":{"rendered":"<p>Atributos clave interfaz de salida : DC, Tipo C, USB\/DC, USB\/MICRO USB, Cuatro Usb, Interfaz Apple\/Funci\u00f3n Micro USB: Soporte de carga r\u00e1pida, LED<\/p>","protected":false},"featured_media":8584,"comment_status":"open","ping_status":"closed","template":"","meta":[],"product_cat":[20,72],"product_tag":[],"class_list":["post-8578","product","type-product","status-publish","has-post-thumbnail","hentry","product_cat-high-capacity-power-bank","product_cat-power-bank-for-laptopnotebook-and-phones"],"_links":{"self":[{"href":"https:\/\/www.yunkuntech.com\/es\/wp-json\/wp\/v2\/product\/8578","targetHints":{"allow":["GET"]}}],"collection":[{"href":"https:\/\/www.yunkuntech.com\/es\/wp-json\/wp\/v2\/product"}],"about":[{"href":"https:\/\/www.yunkuntech.com\/es\/wp-json\/wp\/v2\/types\/product"}],"replies":[{"embeddable":true,"href":"https:\/\/www.yunkuntech.com\/es\/wp-json\/wp\/v2\/comments?post=8578"}],"version-history":[{"count":1,"href":"https:\/\/www.yunkuntech.com\/es\/wp-json\/wp\/v2\/product\/8578\/revisions"}],"predecessor-version":[{"id":8585,"href":"https:\/\/www.yunkuntech.com\/es\/wp-json\/wp\/v2\/product\/8578\/revisions\/8585"}],"wp:featuredmedia":[{"embeddable":true,"href":"https:\/\/www.yunkuntech.com\/es\/wp-json\/wp\/v2\/media\/8584"}],"wp:attachment":[{"href":"https:\/\/www.yunkuntech.com\/es\/wp-json\/wp\/v2\/media?parent=8578"}],"wp:term":[{"taxonomy":"product_cat","embeddable":true,"href":"https:\/\/www.yunkuntech.com\/es\/wp-json\/wp\/v2\/product_cat?post=8578"},{"taxonomy":"product_tag","embeddable":true,"href":"https:\/\/www.yunkuntech.com\/es\/wp-json\/wp\/v2\/product_tag?post=8578"}],"curies":[{"name":"wp","href":"https:\/\/api.w.org\/{rel}","templated":true}]}}