{"id":3,"date":"2023-02-11T18:55:09","date_gmt":"2023-02-11T10:55:09","guid":{"rendered":"http:\/\/www.yunkuntech.com\/?page_id=3"},"modified":"2025-03-12T15:44:52","modified_gmt":"2025-03-12T07:44:52","slug":"privacy-policy","status":"publish","type":"page","link":"https:\/\/www.yunkuntech.com\/es\/privacy-policy\/","title":{"rendered":"Pol\u00edtica de privacidad"},"content":{"rendered":"<p>Esta pol\u00edtica de privacidad describe c\u00f3mo tratamos su informaci\u00f3n personal. Al utilizar https:\/\/www.yunkuntech.com<strong><b>\u00a0<\/b><\/strong>(el \"Sitio\") usted consiente el almacenamiento, tratamiento, transferencia y divulgaci\u00f3n de su informaci\u00f3n personal tal y como se describe en la presente pol\u00edtica de privacidad.<\/p>\n<p>&nbsp;<\/p>\n<p>Colecci\u00f3n<\/p>\n<p>Puede navegar por este Sitio sin proporcionar ninguna informaci\u00f3n personal sobre usted. Sin embargo, para recibir notificaciones, actualizaciones o solicitar informaci\u00f3n adicional sobre <a href=\"\/es\/%20https:\/\/www.neosight-gscs.com\/\"><u>\u00a0<\/u><\/a>\u00a0https:\/\/www.yunkuntech.com\/ o este Sitio, podemos recopilar la siguiente informaci\u00f3n:<\/p>\n<p>nombre, informaci\u00f3n de contacto, direcci\u00f3n de correo electr\u00f3nico, empresa e identificaci\u00f3n de usuario; correspondencia enviada a nosotros o procedente de nosotros; cualquier informaci\u00f3n adicional que decida proporcionar; y otra informaci\u00f3n procedente de su interacci\u00f3n con nuestro Sitio, servicios, contenidos y publicidad, incluida informaci\u00f3n sobre ordenadores y conexiones, estad\u00edsticas sobre p\u00e1ginas vistas, tr\u00e1fico hacia y desde el Sitio, datos de anuncios, direcci\u00f3n IP e informaci\u00f3n de registro web est\u00e1ndar.<\/p>\n<p>Si decide proporcionarnos informaci\u00f3n personal, da su consentimiento a la transferencia y almacenamiento de dicha informaci\u00f3n en nuestros servidores ubicados en Estados Unidos.<\/p>\n<p>&nbsp;<\/p>\n<p>Utilice<\/p>\n<p>Utilizamos su informaci\u00f3n personal para proporcionarle los servicios que solicita, comunicarnos con usted, solucionar problemas, personalizar su experiencia, informarle sobre nuestros servicios y actualizaciones del Sitio y medir el inter\u00e9s en nuestros sitios y servicios.<\/p>\n<p>&nbsp;<\/p>\n<p>Divulgaci\u00f3n<\/p>\n<p>No vendemos ni alquilamos su informaci\u00f3n personal a terceros para sus fines comerciales sin su consentimiento expl\u00edcito. Podemos revelar informaci\u00f3n personal para responder a requisitos legales, hacer cumplir nuestras pol\u00edticas, responder a reclamaciones de que una publicaci\u00f3n u otro contenido viola los derechos de otros, o proteger los derechos, la propiedad o la seguridad de cualquier persona. Dicha informaci\u00f3n se divulgar\u00e1 de conformidad con las leyes y reglamentos aplicables. Tambi\u00e9n podemos compartir informaci\u00f3n personal con proveedores de servicios que nos ayuden con nuestras operaciones comerciales, y con miembros de nuestra familia corporativa, que pueden proporcionar contenidos y servicios conjuntos y ayudar a detectar y prevenir actos potencialmente ilegales. En caso de que planeemos fusionarnos o ser adquiridos por otra entidad empresarial, podremos compartir informaci\u00f3n personal con la otra empresa y exigiremos que la nueva entidad combinada siga esta pol\u00edtica de privacidad con respecto a su informaci\u00f3n personal.<\/p>\n<p>&nbsp;<\/p>\n<p><strong><b>Acceda a<\/b><\/strong><\/p>\n<p>Puede acceder a la informaci\u00f3n personal que nos ha facilitado o actualizarla en cualquier momento poni\u00e9ndose en contacto con nosotros en at:sonia@yunkuntech.com.\u00a0<\/p>\n<p>Tratamos la informaci\u00f3n como un activo que debe protegerse y utilizamos muchas herramientas para proteger sus datos personales contra el acceso y la divulgaci\u00f3n no autorizados. Sin embargo, como probablemente sepa, terceros pueden interceptar o acceder ilegalmente a transmisiones o comunicaciones privadas. Por lo tanto, aunque trabajamos muy duro para proteger su privacidad, no prometemos, y usted no debe esperar, que su informaci\u00f3n personal o sus comunicaciones privadas permanezcan siempre privadas.<\/p>\n<p>&nbsp;<\/p>\n<p>General<\/p>\n<p>Podemos actualizar esta pol\u00edtica en cualquier momento publicando las condiciones modificadas en este sitio. Todas las condiciones modificadas entrar\u00e1n autom\u00e1ticamente en vigor 30 d\u00edas despu\u00e9s de su publicaci\u00f3n inicial en el sitio. Si tiene preguntas sobre esta pol\u00edtica, env\u00edenos un correo electr\u00f3nico.<\/p>","protected":false},"excerpt":{"rendered":"<p>This privacy policy describes how we handle your personal information. By using https:\/\/www.yunkuntech.com\u00a0(the &#8220;Site&#8221;) you consent to the storage, processing,<\/p>","protected":false},"author":1,"featured_media":0,"parent":0,"menu_order":0,"comment_status":"closed","ping_status":"closed","template":"","meta":{"footnotes":""},"class_list":["post-3","page","type-page","status-publish","hentry"],"_links":{"self":[{"href":"https:\/\/www.yunkuntech.com\/es\/wp-json\/wp\/v2\/pages\/3","targetHints":{"allow":["GET"]}}],"collection":[{"href":"https:\/\/www.yunkuntech.com\/es\/wp-json\/wp\/v2\/pages"}],"about":[{"href":"https:\/\/www.yunkuntech.com\/es\/wp-json\/wp\/v2\/types\/page"}],"author":[{"embeddable":true,"href":"https:\/\/www.yunkuntech.com\/es\/wp-json\/wp\/v2\/users\/1"}],"replies":[{"embeddable":true,"href":"https:\/\/www.yunkuntech.com\/es\/wp-json\/wp\/v2\/comments?post=3"}],"version-history":[{"count":2,"href":"https:\/\/www.yunkuntech.com\/es\/wp-json\/wp\/v2\/pages\/3\/revisions"}],"predecessor-version":[{"id":8955,"href":"https:\/\/www.yunkuntech.com\/es\/wp-json\/wp\/v2\/pages\/3\/revisions\/8955"}],"wp:attachment":[{"href":"https:\/\/www.yunkuntech.com\/es\/wp-json\/wp\/v2\/media?parent=3"}],"curies":[{"name":"wp","href":"https:\/\/api.w.org\/{rel}","templated":true}]}}