{"id":8656,"date":"2025-01-16T21:22:13","date_gmt":"2025-01-16T13:22:13","guid":{"rendered":"http:\/\/www.yunkuntech.com\/?post_type=product&#038;p=8656"},"modified":"2025-01-16T21:24:20","modified_gmt":"2025-01-16T13:24:20","slug":"60000-120000mah-portable-power-station-110v-220v-ac-portable-engergy-system","status":"publish","type":"product","link":"http:\/\/www.yunkuntech.com\/pt\/product\/60000-120000mah-portable-power-station-110v-220v-ac-portable-engergy-system\/","title":{"rendered":"Central el\u00e9ctrica port\u00e1til 60000-120000mah 110v\/220v Ac Sistema de energia port\u00e1til"},"content":{"rendered":"<h3 data-spm-anchor-id=\"a2700.details.0.i68.29d63a6208nevQ\">Atributos espec\u00edficos do sector<\/h3>\n<div class=\"attribute-list\">\n<div class=\"attribute-item\">\n<div class=\"left\"><strong>interface de sa\u00edda:<\/strong> Micro USB, Tipo C, USB\/DC, USB\/MICRO USB, USB duplo, Quatro USB, USB \u00fanico, Interface Apple, USB triplo, Interface Apple\/USB, Interface Apple\/Micro USB, Sem fios<\/div>\n<\/div>\n<div class=\"attribute-item\">\n<div class=\"left\"><strong>fun\u00e7\u00e3o:<\/strong> Suporte de carregamento r\u00e1pido, ecr\u00e3 LED, tecnologia GaN, suporte<\/div>\n<\/div>\n<div class=\"attribute-item\">\n<div class=\"left\"><strong>tipo:<\/strong> \u00c0 prova de \u00e1gua, Carregamento r\u00e1pido, Com ficha, Alta capacidade, Descart\u00e1vel, PORT\u00c1TIL, Esta\u00e7\u00e3o de energia, Banco de energia de aluguer, Ecr\u00e3 LED, para exterior, Esta\u00e7\u00e3o de energia port\u00e1til<\/div>\n<\/div>\n<div class=\"attribute-item\">\n<div class=\"left\"><strong>pot\u00eancia de sa\u00edda:<\/strong> 35w<\/div>\n<\/div>\n<\/div>\n<h3>Outros atributos<\/h3>\n<div class=\"attribute-list\">\n<div class=\"attribute-item\">\n<div class=\"left\"><strong>interface de entrada:<\/strong> usb, Mini USB, Micro USB, AC, Interface Apple, TYPE-C, Sem fios<\/div>\n<\/div>\n<div class=\"attribute-item\">\n<div class=\"left\"><strong>tipo de pilha:<\/strong> Bateria de pol\u00edmero de l\u00edtio<\/div>\n<\/div>\n<div class=\"attribute-item\">\n<div class=\"left\"><strong>peso:<\/strong> 1kg<\/div>\n<\/div>\n<div class=\"attribute-item\">\n<div class=\"left\"><strong>padr\u00e3o de tomada:<\/strong> Para EUA\/Canad\u00e1, Universal, Micro USB, Outros<\/div>\n<\/div>\n<div class=\"attribute-item\">\n<div class=\"left\"><strong>prote\u00e7\u00e3o:<\/strong> Sobrecarga, Prote\u00e7\u00e3o contra curto-circuito, Sobrecarga, Baixa tens\u00e3o<\/div>\n<\/div>\n<div class=\"attribute-item\">\n<div class=\"left\"><strong>material:<\/strong> ABS<\/div>\n<\/div>\n<div class=\"attribute-item\">\n<div class=\"left\"><strong>Nome do produto:<\/strong> Banco de pot\u00eancia port\u00e1til de alta capacidade<\/div>\n<\/div>\n<div class=\"attribute-item\">\n<div class=\"left\"><strong>Cor:<\/strong> Azul\/cinzento\/branco\/rosa<\/div>\n<\/div>\n<div class=\"attribute-item\">\n<div class=\"left\"><strong>Palavras-chave:<\/strong> Carregador de bateria externa Power Bank<\/div>\n<\/div>\n<div class=\"attribute-item\">\n<div class=\"left\"><strong>Certifica\u00e7\u00e3o:<\/strong> CE ROHS FCC<\/div>\n<\/div>\n<div class=\"attribute-item\">\n<div class=\"left\"><strong>Capacidade da bateria:<\/strong> 30000mAh<\/div>\n<\/div>\n<div class=\"attribute-item\">\n<div class=\"left\"><strong>Entrada:<\/strong>12V\/3A<\/div>\n<\/div>\n<div class=\"attribute-item\">\n<div class=\"left\"><strong>Dispositivos de suporte:<\/strong> Telem\u00f3veis Dispositivos<\/div>\n<\/div>\n<div class=\"attribute-item\">\n<div class=\"left\"><strong>Garantia:<\/strong> 12 meses<\/div>\n<\/div>\n<\/div>\n<h3>Embalagem e entrega<\/h3>\n<div class=\"attribute-list\">\n<div class=\"attribute-item\">\n<div class=\"left\">Detalhes da embalagem<\/div>\n<div class=\"right\"><strong>Tamanho da embalagem da caixa de cor:<\/strong> 15*9*9cm<\/div>\n<div class=\"right\">\n<div class=\"attribute-item\">\n<div class=\"left\"><strong>Peso bruto \u00fanico:<\/strong> 3.000 kg<\/div>\n<\/div>\n<p><img decoding=\"async\" src=\"https:\/\/s.alicdn.com\/@sc01\/\/kf\/Hbf5c7d48b7404d4eba534a22265b8b0dM.jpg_50x50xz.jpg\" aria-haspopup=\"true\" aria-expanded=\"false\" \/><\/p>\n<\/div>\n<\/div>\n<div class=\"attribute-item\"><\/div>\n<div class=\"attribute-item\">\u00a0<img loading=\"lazy\" decoding=\"async\" class=\"alignnone size-full wp-image-8658\" src=\"http:\/\/www.yunkuntech.com\/wp-content\/uploads\/2025\/01\/\u4e3b\u56fe_5-7.jpg\" alt=\"\" width=\"800\" height=\"800\" srcset=\"https:\/\/www.yunkuntech.com\/wp-content\/uploads\/2025\/01\/\u4e3b\u56fe_5-7.jpg 800w, https:\/\/www.yunkuntech.com\/wp-content\/uploads\/2025\/01\/\u4e3b\u56fe_5-7-430x430.jpg 430w, https:\/\/www.yunkuntech.com\/wp-content\/uploads\/2025\/01\/\u4e3b\u56fe_5-7-150x150.jpg 150w, https:\/\/www.yunkuntech.com\/wp-content\/uploads\/2025\/01\/\u4e3b\u56fe_5-7-700x700.jpg 700w, https:\/\/www.yunkuntech.com\/wp-content\/uploads\/2025\/01\/\u4e3b\u56fe_5-7-300x300.jpg 300w, https:\/\/www.yunkuntech.com\/wp-content\/uploads\/2025\/01\/\u4e3b\u56fe_5-7-768x768.jpg 768w\" sizes=\"auto, (max-width: 800px) 100vw, 800px\" \/> <img loading=\"lazy\" decoding=\"async\" class=\"alignnone size-full wp-image-8659\" src=\"http:\/\/www.yunkuntech.com\/wp-content\/uploads\/2025\/01\/\u4e3b\u56fe_2-6.jpg\" alt=\"\" width=\"800\" height=\"800\" srcset=\"https:\/\/www.yunkuntech.com\/wp-content\/uploads\/2025\/01\/\u4e3b\u56fe_2-6.jpg 800w, https:\/\/www.yunkuntech.com\/wp-content\/uploads\/2025\/01\/\u4e3b\u56fe_2-6-430x430.jpg 430w, https:\/\/www.yunkuntech.com\/wp-content\/uploads\/2025\/01\/\u4e3b\u56fe_2-6-150x150.jpg 150w, https:\/\/www.yunkuntech.com\/wp-content\/uploads\/2025\/01\/\u4e3b\u56fe_2-6-700x700.jpg 700w, https:\/\/www.yunkuntech.com\/wp-content\/uploads\/2025\/01\/\u4e3b\u56fe_2-6-300x300.jpg 300w, https:\/\/www.yunkuntech.com\/wp-content\/uploads\/2025\/01\/\u4e3b\u56fe_2-6-768x768.jpg 768w\" sizes=\"auto, (max-width: 800px) 100vw, 800px\" \/> <img loading=\"lazy\" decoding=\"async\" class=\"alignnone size-full wp-image-8660\" src=\"http:\/\/www.yunkuntech.com\/wp-content\/uploads\/2025\/01\/\u4e3b\u56fe_3-6.jpg\" alt=\"\" width=\"800\" height=\"800\" srcset=\"https:\/\/www.yunkuntech.com\/wp-content\/uploads\/2025\/01\/\u4e3b\u56fe_3-6.jpg 800w, https:\/\/www.yunkuntech.com\/wp-content\/uploads\/2025\/01\/\u4e3b\u56fe_3-6-430x430.jpg 430w, https:\/\/www.yunkuntech.com\/wp-content\/uploads\/2025\/01\/\u4e3b\u56fe_3-6-150x150.jpg 150w, https:\/\/www.yunkuntech.com\/wp-content\/uploads\/2025\/01\/\u4e3b\u56fe_3-6-700x700.jpg 700w, https:\/\/www.yunkuntech.com\/wp-content\/uploads\/2025\/01\/\u4e3b\u56fe_3-6-300x300.jpg 300w, https:\/\/www.yunkuntech.com\/wp-content\/uploads\/2025\/01\/\u4e3b\u56fe_3-6-768x768.jpg 768w\" sizes=\"auto, (max-width: 800px) 100vw, 800px\" \/> <img loading=\"lazy\" decoding=\"async\" class=\"alignnone size-full wp-image-8661\" src=\"http:\/\/www.yunkuntech.com\/wp-content\/uploads\/2025\/01\/1737032811_\u4e3b\u56fe_6.jpg\" alt=\"\" width=\"720\" height=\"720\" srcset=\"https:\/\/www.yunkuntech.com\/wp-content\/uploads\/2025\/01\/1737032811_\u4e3b\u56fe_6.jpg 720w, https:\/\/www.yunkuntech.com\/wp-content\/uploads\/2025\/01\/1737032811_\u4e3b\u56fe_6-430x430.jpg 430w, https:\/\/www.yunkuntech.com\/wp-content\/uploads\/2025\/01\/1737032811_\u4e3b\u56fe_6-150x150.jpg 150w, https:\/\/www.yunkuntech.com\/wp-content\/uploads\/2025\/01\/1737032811_\u4e3b\u56fe_6-700x700.jpg 700w, https:\/\/www.yunkuntech.com\/wp-content\/uploads\/2025\/01\/1737032811_\u4e3b\u56fe_6-300x300.jpg 300w\" sizes=\"auto, (max-width: 720px) 100vw, 720px\" \/> <img loading=\"lazy\" decoding=\"async\" class=\"alignnone size-full wp-image-8662\" src=\"http:\/\/www.yunkuntech.com\/wp-content\/uploads\/2025\/01\/1737033151_\u4e3b\u56fe_1.png\" alt=\"\" width=\"1280\" height=\"1280\" srcset=\"https:\/\/www.yunkuntech.com\/wp-content\/uploads\/2025\/01\/1737033151_\u4e3b\u56fe_1.png 1280w, https:\/\/www.yunkuntech.com\/wp-content\/uploads\/2025\/01\/1737033151_\u4e3b\u56fe_1-430x430.png 430w, https:\/\/www.yunkuntech.com\/wp-content\/uploads\/2025\/01\/1737033151_\u4e3b\u56fe_1-150x150.png 150w, https:\/\/www.yunkuntech.com\/wp-content\/uploads\/2025\/01\/1737033151_\u4e3b\u56fe_1-700x700.png 700w, https:\/\/www.yunkuntech.com\/wp-content\/uploads\/2025\/01\/1737033151_\u4e3b\u56fe_1-300x300.png 300w, https:\/\/www.yunkuntech.com\/wp-content\/uploads\/2025\/01\/1737033151_\u4e3b\u56fe_1-800x800.png 800w, https:\/\/www.yunkuntech.com\/wp-content\/uploads\/2025\/01\/1737033151_\u4e3b\u56fe_1-768x768.png 768w, https:\/\/www.yunkuntech.com\/wp-content\/uploads\/2025\/01\/1737033151_\u4e3b\u56fe_1-860x860.png 860w\" sizes=\"auto, (max-width: 1280px) 100vw, 1280px\" \/><\/div>\n<div class=\"attribute-item\">\n<div class=\"left\"><\/div>\n<\/div>\n<\/div>","protected":false},"excerpt":{"rendered":"<p>Interface de sa\u00edda de atributos espec\u00edficos do sector: Micro USB, Tipo C, USB\/DC, USB\/MICRO USB, Usb duplo, Quatro Usb, USB simples, Interface Apple, Triplo<\/p>","protected":false},"featured_media":8658,"comment_status":"open","ping_status":"closed","template":"","meta":[],"product_cat":[20],"product_tag":[],"class_list":["post-8656","product","type-product","status-publish","has-post-thumbnail","hentry","product_cat-high-capacity-power-bank"],"_links":{"self":[{"href":"http:\/\/www.yunkuntech.com\/pt\/wp-json\/wp\/v2\/product\/8656","targetHints":{"allow":["GET"]}}],"collection":[{"href":"http:\/\/www.yunkuntech.com\/pt\/wp-json\/wp\/v2\/product"}],"about":[{"href":"http:\/\/www.yunkuntech.com\/pt\/wp-json\/wp\/v2\/types\/product"}],"replies":[{"embeddable":true,"href":"http:\/\/www.yunkuntech.com\/pt\/wp-json\/wp\/v2\/comments?post=8656"}],"version-history":[{"count":1,"href":"http:\/\/www.yunkuntech.com\/pt\/wp-json\/wp\/v2\/product\/8656\/revisions"}],"predecessor-version":[{"id":8663,"href":"http:\/\/www.yunkuntech.com\/pt\/wp-json\/wp\/v2\/product\/8656\/revisions\/8663"}],"wp:featuredmedia":[{"embeddable":true,"href":"http:\/\/www.yunkuntech.com\/pt\/wp-json\/wp\/v2\/media\/8658"}],"wp:attachment":[{"href":"http:\/\/www.yunkuntech.com\/pt\/wp-json\/wp\/v2\/media?parent=8656"}],"wp:term":[{"taxonomy":"product_cat","embeddable":true,"href":"http:\/\/www.yunkuntech.com\/pt\/wp-json\/wp\/v2\/product_cat?post=8656"},{"taxonomy":"product_tag","embeddable":true,"href":"http:\/\/www.yunkuntech.com\/pt\/wp-json\/wp\/v2\/product_tag?post=8656"}],"curies":[{"name":"wp","href":"https:\/\/api.w.org\/{rel}","templated":true}]}}